{"id":110,"date":"2021-09-17T08:44:07","date_gmt":"2021-09-17T08:44:07","guid":{"rendered":"https:\/\/kiosque.acadienouvelle.com\/acericulture\/?page_id=110"},"modified":"2026-04-14T21:46:35","modified_gmt":"2026-04-14T21:46:35","slug":"gabarit-landing-page","status":"publish","type":"page","link":"https:\/\/kiosque.acadienouvelle.com\/semaine-action-benevole-2026\/gabarit-landing-page\/","title":{"rendered":"De valeureux b\u00e9n\u00e9voles honor\u00e9s en 2025"},"content":{"rendered":"\t\t<div data-elementor-type=\"wp-page\" data-elementor-id=\"110\" class=\"elementor elementor-110\" data-elementor-post-type=\"page\">\n\t\t\t\t\t\t<section class=\"elementor-section elementor-top-section elementor-element elementor-element-50c1b6e elementor-section-height-min-height header_title banner_img elementor-section-boxed elementor-section-height-default elementor-section-items-middle\" data-id=\"50c1b6e\" data-element_type=\"section\" data-e-type=\"section\" data-settings=\"{&quot;background_background&quot;:&quot;classic&quot;}\">\n\t\t\t\t\t\t\t<div class=\"elementor-background-overlay\"><\/div>\n\t\t\t\t\t\t\t<div class=\"elementor-container elementor-column-gap-default\">\n\t\t\t\t\t<div class=\"elementor-column elementor-col-100 elementor-top-column elementor-element elementor-element-3a2d241\" data-id=\"3a2d241\" data-element_type=\"column\" data-e-type=\"column\">\n\t\t\t<div class=\"elementor-widget-wrap elementor-element-populated\">\n\t\t\t\t\t\t<div class=\"elementor-element elementor-element-9673cd2 elementor-widget elementor-widget-heading\" data-id=\"9673cd2\" data-element_type=\"widget\" data-e-type=\"widget\" data-widget_type=\"heading.default\">\n\t\t\t\t<div class=\"elementor-widget-container\">\n\t\t\t\t\t<h2 class=\"elementor-heading-title elementor-size-default\">De valeureux b\u00e9n\u00e9voles honor\u00e9s en 2025<\/h2>\t\t\t\t<\/div>\n\t\t\t\t<\/div>\n\t\t\t\t\t<\/div>\n\t\t<\/div>\n\t\t\t\t\t<\/div>\n\t\t<\/section>\n\t\t\t\t<section class=\"elementor-section elementor-top-section elementor-element elementor-element-e38ae6b elementor-section-boxed elementor-section-height-default elementor-section-height-default\" data-id=\"e38ae6b\" data-element_type=\"section\" data-e-type=\"section\">\n\t\t\t\t\t\t<div class=\"elementor-container elementor-column-gap-default\">\n\t\t\t\t\t<div class=\"elementor-column elementor-col-100 elementor-top-column elementor-element elementor-element-9ac7c0e page_contain\" data-id=\"9ac7c0e\" data-element_type=\"column\" data-e-type=\"column\" data-settings=\"{&quot;background_background&quot;:&quot;classic&quot;}\">\n\t\t\t<div class=\"elementor-widget-wrap elementor-element-populated\">\n\t\t\t\t<link rel=\"stylesheet\" href=\"https:\/\/use.fontawesome.com\/releases\/v5.5.0\/css\/all.css\" integrity=\"sha384-B4dIYHKNBt8Bc12p+WXckhzcICo0wtJAoU8YZTY5qE0Id1GSseTk6S+L3BlXeVIU\" crossorigin=\"anonymous\">\r\n\t\t<div class=\"elementor-element elementor-element-31675ef mobile_pera elementor-widget elementor-widget-text-editor\" data-id=\"31675ef\" data-element_type=\"widget\" data-e-type=\"widget\" data-widget_type=\"text-editor.default\">\n\t\t\t\t<div class=\"elementor-widget-container\">\n\t\t\t\t\t\t\t\t\t<h1 style=\"text-align: center;\">COMMUNAUT\u00c9 RURALE DE KEDGWICK<\/h1>\t\t\t\t\t\t\t\t<\/div>\n\t\t\t\t<\/div>\n\t\t\t\t<div class=\"elementor-element elementor-element-e4d5ca6 elementor-widget elementor-widget-image\" data-id=\"e4d5ca6\" data-element_type=\"widget\" data-e-type=\"widget\" data-widget_type=\"image.default\">\n\t\t\t\t<div class=\"elementor-widget-container\">\n\t\t\t\t\t\t\t\t\t\t\t\t<figure class=\"wp-caption\">\n\t\t\t\t\t\t\t\t\t\t<img fetchpriority=\"high\" decoding=\"async\" width=\"1366\" height=\"768\" src=\"https:\/\/kiosque.acadienouvelle.com\/semaine-action-benevole-2026\/wp-content\/uploads\/sites\/394\/2026\/04\/3-de_valeureux_benevole_landing.jpg\" class=\"attachment-full size-full wp-image-7838\" alt=\"\" srcset=\"https:\/\/kiosque.acadienouvelle.com\/semaine-action-benevole-2026\/wp-content\/uploads\/sites\/394\/2026\/04\/3-de_valeureux_benevole_landing.jpg 1366w, https:\/\/kiosque.acadienouvelle.com\/semaine-action-benevole-2026\/wp-content\/uploads\/sites\/394\/2026\/04\/3-de_valeureux_benevole_landing-300x169.jpg 300w, https:\/\/kiosque.acadienouvelle.com\/semaine-action-benevole-2026\/wp-content\/uploads\/sites\/394\/2026\/04\/3-de_valeureux_benevole_landing-1024x576.jpg 1024w, https:\/\/kiosque.acadienouvelle.com\/semaine-action-benevole-2026\/wp-content\/uploads\/sites\/394\/2026\/04\/3-de_valeureux_benevole_landing-768x432.jpg 768w\" sizes=\"(max-width: 1366px) 100vw, 1366px\" \/>\t\t\t\t\t\t\t\t\t\t\t<figcaption class=\"widget-image-caption wp-caption-text\"><\/figcaption>\n\t\t\t\t\t\t\t\t\t\t<\/figure>\n\t\t\t\t\t\t\t\t\t<\/div>\n\t\t\t\t<\/div>\n\t\t\t\t<div class=\"elementor-element elementor-element-8b7525d elementor-widget elementor-widget-advertisement\" data-id=\"8b7525d\" data-element_type=\"widget\" data-e-type=\"widget\" data-widget_type=\"advertisement.default\">\n\t\t\t\t<div class=\"elementor-widget-container\">\n\t\t\t\t\t<div class=\"ads-align-center\"><div style=\"min-width:300px\" data-m32-ad data-options='{\"sizes\":\"[[300,100]]\",\"dfpId\":\"21658289790,27729547\",\"dfpAdUnitPath\":\"acadienouvelle\/cahiers_onefifthpage_300x100\"}'><\/div><\/div>\t\t\t\t<\/div>\n\t\t\t\t<\/div>\n\t\t\t\t\t<\/div>\n\t\t<\/div>\n\t\t\t\t\t<\/div>\n\t\t<\/section>\n\t\t\t\t<section class=\"elementor-section elementor-top-section elementor-element elementor-element-4825059 elementor-section-boxed elementor-section-height-default elementor-section-height-default\" data-id=\"4825059\" data-element_type=\"section\" data-e-type=\"section\">\n\t\t\t\t\t\t<div class=\"elementor-container elementor-column-gap-default\">\n\t\t\t\t\t<div class=\"elementor-column elementor-col-100 elementor-top-column elementor-element elementor-element-998afed page_contain\" data-id=\"998afed\" data-element_type=\"column\" data-e-type=\"column\" data-settings=\"{&quot;background_background&quot;:&quot;classic&quot;}\">\n\t\t\t<div class=\"elementor-widget-wrap elementor-element-populated\">\n\t\t\t\t\t\t<div class=\"elementor-element elementor-element-e5863c9 mobile_pera elementor-widget elementor-widget-text-editor\" data-id=\"e5863c9\" data-element_type=\"widget\" data-e-type=\"widget\" data-widget_type=\"text-editor.default\">\n\t\t\t\t<div class=\"elementor-widget-container\">\n\t\t\t\t\t\t\t\t\t<h1 style=\"text-align: center;\">VILLE DE DIEPPE<\/h1>\t\t\t\t\t\t\t\t<\/div>\n\t\t\t\t<\/div>\n\t\t\t\t<div class=\"elementor-element elementor-element-5e52e9e elementor-widget elementor-widget-image\" data-id=\"5e52e9e\" data-element_type=\"widget\" data-e-type=\"widget\" data-widget_type=\"image.default\">\n\t\t\t\t<div class=\"elementor-widget-container\">\n\t\t\t\t\t\t\t\t\t\t\t\t<figure class=\"wp-caption\">\n\t\t\t\t\t\t\t\t\t\t<img decoding=\"async\" width=\"1366\" height=\"768\" src=\"https:\/\/kiosque.acadienouvelle.com\/semaine-action-benevole-2026\/wp-content\/uploads\/sites\/394\/2026\/04\/3-photo1_Dieppe.jpg\" class=\"attachment-full size-full wp-image-7839\" alt=\"\" srcset=\"https:\/\/kiosque.acadienouvelle.com\/semaine-action-benevole-2026\/wp-content\/uploads\/sites\/394\/2026\/04\/3-photo1_Dieppe.jpg 1366w, https:\/\/kiosque.acadienouvelle.com\/semaine-action-benevole-2026\/wp-content\/uploads\/sites\/394\/2026\/04\/3-photo1_Dieppe-300x169.jpg 300w, https:\/\/kiosque.acadienouvelle.com\/semaine-action-benevole-2026\/wp-content\/uploads\/sites\/394\/2026\/04\/3-photo1_Dieppe-1024x576.jpg 1024w, https:\/\/kiosque.acadienouvelle.com\/semaine-action-benevole-2026\/wp-content\/uploads\/sites\/394\/2026\/04\/3-photo1_Dieppe-768x432.jpg 768w\" sizes=\"(max-width: 1366px) 100vw, 1366px\" \/>\t\t\t\t\t\t\t\t\t\t\t<figcaption class=\"widget-image-caption wp-caption-text\"><\/figcaption>\n\t\t\t\t\t\t\t\t\t\t<\/figure>\n\t\t\t\t\t\t\t\t\t<\/div>\n\t\t\t\t<\/div>\n\t\t\t\t\t<\/div>\n\t\t<\/div>\n\t\t\t\t\t<\/div>\n\t\t<\/section>\n\t\t\t\t<section class=\"elementor-section elementor-top-section elementor-element elementor-element-8169b0d elementor-section-boxed elementor-section-height-default elementor-section-height-default\" data-id=\"8169b0d\" data-element_type=\"section\" data-e-type=\"section\">\n\t\t\t\t\t\t<div class=\"elementor-container elementor-column-gap-default\">\n\t\t\t\t\t<div class=\"elementor-column elementor-col-100 elementor-top-column elementor-element elementor-element-dbc40be page_contain\" data-id=\"dbc40be\" data-element_type=\"column\" data-e-type=\"column\" data-settings=\"{&quot;background_background&quot;:&quot;classic&quot;}\">\n\t\t\t<div class=\"elementor-widget-wrap elementor-element-populated\">\n\t\t\t\t\t\t<div class=\"elementor-element elementor-element-999d8e9 mobile_pera elementor-widget elementor-widget-text-editor\" data-id=\"999d8e9\" data-element_type=\"widget\" data-e-type=\"widget\" data-widget_type=\"text-editor.default\">\n\t\t\t\t<div class=\"elementor-widget-container\">\n\t\t\t\t\t\t\t\t\t<h1 style=\"text-align: center;\">VILLAGE BOIS-JOLI<\/h1>\t\t\t\t\t\t\t\t<\/div>\n\t\t\t\t<\/div>\n\t\t\t\t<div class=\"elementor-element elementor-element-3f542f0 elementor-widget elementor-widget-image\" data-id=\"3f542f0\" data-element_type=\"widget\" data-e-type=\"widget\" data-widget_type=\"image.default\">\n\t\t\t\t<div class=\"elementor-widget-container\">\n\t\t\t\t\t\t\t\t\t\t\t\t<figure class=\"wp-caption\">\n\t\t\t\t\t\t\t\t\t\t<img decoding=\"async\" width=\"1366\" height=\"768\" src=\"https:\/\/kiosque.acadienouvelle.com\/semaine-action-benevole-2026\/wp-content\/uploads\/sites\/394\/2026\/04\/3-photo2_bois-joli.jpg\" class=\"attachment-full size-full wp-image-7843\" alt=\"\" srcset=\"https:\/\/kiosque.acadienouvelle.com\/semaine-action-benevole-2026\/wp-content\/uploads\/sites\/394\/2026\/04\/3-photo2_bois-joli.jpg 1366w, https:\/\/kiosque.acadienouvelle.com\/semaine-action-benevole-2026\/wp-content\/uploads\/sites\/394\/2026\/04\/3-photo2_bois-joli-300x169.jpg 300w, https:\/\/kiosque.acadienouvelle.com\/semaine-action-benevole-2026\/wp-content\/uploads\/sites\/394\/2026\/04\/3-photo2_bois-joli-1024x576.jpg 1024w, https:\/\/kiosque.acadienouvelle.com\/semaine-action-benevole-2026\/wp-content\/uploads\/sites\/394\/2026\/04\/3-photo2_bois-joli-768x432.jpg 768w\" sizes=\"(max-width: 1366px) 100vw, 1366px\" \/>\t\t\t\t\t\t\t\t\t\t\t<figcaption class=\"widget-image-caption wp-caption-text\"><\/figcaption>\n\t\t\t\t\t\t\t\t\t\t<\/figure>\n\t\t\t\t\t\t\t\t\t<\/div>\n\t\t\t\t<\/div>\n\t\t\t\t\t<\/div>\n\t\t<\/div>\n\t\t\t\t\t<\/div>\n\t\t<\/section>\n\t\t\t\t<section class=\"elementor-section elementor-top-section elementor-element elementor-element-6c1157e elementor-section-boxed elementor-section-height-default elementor-section-height-default\" data-id=\"6c1157e\" data-element_type=\"section\" data-e-type=\"section\">\n\t\t\t\t\t\t<div class=\"elementor-container elementor-column-gap-default\">\n\t\t\t\t\t<div class=\"elementor-column elementor-col-100 elementor-top-column elementor-element elementor-element-c1e9872 page_contain\" data-id=\"c1e9872\" data-element_type=\"column\" data-e-type=\"column\" data-settings=\"{&quot;background_background&quot;:&quot;classic&quot;}\">\n\t\t\t<div class=\"elementor-widget-wrap elementor-element-populated\">\n\t\t\t\t\t\t<div class=\"elementor-element elementor-element-683debd mobile_pera elementor-widget elementor-widget-text-editor\" data-id=\"683debd\" data-element_type=\"widget\" data-e-type=\"widget\" data-widget_type=\"text-editor.default\">\n\t\t\t\t<div class=\"elementor-widget-container\">\n\t\t\t\t\t\t\t\t\t<h1 style=\"text-align: center;\">VILLE DE CARAQUET<\/h1>\t\t\t\t\t\t\t\t<\/div>\n\t\t\t\t<\/div>\n\t\t\t\t<div class=\"elementor-element elementor-element-91a2664 elementor-widget elementor-widget-image\" data-id=\"91a2664\" data-element_type=\"widget\" data-e-type=\"widget\" data-widget_type=\"image.default\">\n\t\t\t\t<div class=\"elementor-widget-container\">\n\t\t\t\t\t\t\t\t\t\t\t\t<figure class=\"wp-caption\">\n\t\t\t\t\t\t\t\t\t\t<img loading=\"lazy\" decoding=\"async\" width=\"1366\" height=\"768\" src=\"https:\/\/kiosque.acadienouvelle.com\/semaine-action-benevole-2026\/wp-content\/uploads\/sites\/394\/2026\/04\/3-photo3_caraquet.jpg\" class=\"attachment-full size-full wp-image-7855\" alt=\"\" srcset=\"https:\/\/kiosque.acadienouvelle.com\/semaine-action-benevole-2026\/wp-content\/uploads\/sites\/394\/2026\/04\/3-photo3_caraquet.jpg 1366w, https:\/\/kiosque.acadienouvelle.com\/semaine-action-benevole-2026\/wp-content\/uploads\/sites\/394\/2026\/04\/3-photo3_caraquet-300x169.jpg 300w, https:\/\/kiosque.acadienouvelle.com\/semaine-action-benevole-2026\/wp-content\/uploads\/sites\/394\/2026\/04\/3-photo3_caraquet-1024x576.jpg 1024w, https:\/\/kiosque.acadienouvelle.com\/semaine-action-benevole-2026\/wp-content\/uploads\/sites\/394\/2026\/04\/3-photo3_caraquet-768x432.jpg 768w\" sizes=\"(max-width: 1366px) 100vw, 1366px\" \/>\t\t\t\t\t\t\t\t\t\t\t<figcaption class=\"widget-image-caption wp-caption-text\"><\/figcaption>\n\t\t\t\t\t\t\t\t\t\t<\/figure>\n\t\t\t\t\t\t\t\t\t<\/div>\n\t\t\t\t<\/div>\n\t\t\t\t\t<\/div>\n\t\t<\/div>\n\t\t\t\t\t<\/div>\n\t\t<\/section>\n\t\t\t\t<\/div>\n\t\t","protected":false},"excerpt":{"rendered":"<p>De valeureux b\u00e9n\u00e9voles honor\u00e9s en 2025 COMMUNAUT\u00c9 RURALE DE KEDGWICK VILLE DE DIEPPE VILLAGE BOIS-JOLI VILLE DE CARAQUET<\/p>\n","protected":false},"author":1,"featured_media":0,"parent":0,"menu_order":3,"comment_status":"closed","ping_status":"closed","template":"","meta":{"site-sidebar-layout":"no-sidebar","site-content-layout":"page-builder","ast-site-content-layout":"default","site-content-style":"default","site-sidebar-style":"default","ast-global-header-display":"","ast-banner-title-visibility":"","ast-main-header-display":"","ast-hfb-above-header-display":"","ast-hfb-below-header-display":"","ast-hfb-mobile-header-display":"","site-post-title":"disabled","ast-breadcrumbs-content":"","ast-featured-img":"disabled","footer-sml-layout":"","ast-disable-related-posts":"","theme-transparent-header-meta":"default","adv-header-id-meta":"","stick-header-meta":"","header-above-stick-meta":"","header-main-stick-meta":"","header-below-stick-meta":"","astra-migrate-meta-layouts":"default","ast-page-background-enabled":"default","ast-page-background-meta":{"desktop":{"background-color":"var(--ast-global-color-4)","background-image":"","background-repeat":"repeat","background-position":"center center","background-size":"auto","background-attachment":"scroll","background-type":"","background-media":"","overlay-type":"","overlay-color":"","overlay-opacity":"","overlay-gradient":""},"tablet":{"background-color":"","background-image":"","background-repeat":"repeat","background-position":"center center","background-size":"auto","background-attachment":"scroll","background-type":"","background-media":"","overlay-type":"","overlay-color":"","overlay-opacity":"","overlay-gradient":""},"mobile":{"background-color":"","background-image":"","background-repeat":"repeat","background-position":"center center","background-size":"auto","background-attachment":"scroll","background-type":"","background-media":"","overlay-type":"","overlay-color":"","overlay-opacity":"","overlay-gradient":""}},"ast-content-background-meta":{"desktop":{"background-color":"var(--ast-global-color-5)","background-image":"","background-repeat":"repeat","background-position":"center center","background-size":"auto","background-attachment":"scroll","background-type":"","background-media":"","overlay-type":"","overlay-color":"","overlay-opacity":"","overlay-gradient":""},"tablet":{"background-color":"var(--ast-global-color-5)","background-image":"","background-repeat":"repeat","background-position":"center center","background-size":"auto","background-attachment":"scroll","background-type":"","background-media":"","overlay-type":"","overlay-color":"","overlay-opacity":"","overlay-gradient":""},"mobile":{"background-color":"var(--ast-global-color-5)","background-image":"","background-repeat":"repeat","background-position":"center center","background-size":"auto","background-attachment":"scroll","background-type":"","background-media":"","overlay-type":"","overlay-color":"","overlay-opacity":"","overlay-gradient":""}},"footnotes":""},"page-categories":[],"class_list":["post-110","page","type-page","status-publish","hentry"],"_links":{"self":[{"href":"https:\/\/kiosque.acadienouvelle.com\/semaine-action-benevole-2026\/wp-json\/wp\/v2\/pages\/110","targetHints":{"allow":["GET"]}}],"collection":[{"href":"https:\/\/kiosque.acadienouvelle.com\/semaine-action-benevole-2026\/wp-json\/wp\/v2\/pages"}],"about":[{"href":"https:\/\/kiosque.acadienouvelle.com\/semaine-action-benevole-2026\/wp-json\/wp\/v2\/types\/page"}],"author":[{"embeddable":true,"href":"https:\/\/kiosque.acadienouvelle.com\/semaine-action-benevole-2026\/wp-json\/wp\/v2\/users\/1"}],"replies":[{"embeddable":true,"href":"https:\/\/kiosque.acadienouvelle.com\/semaine-action-benevole-2026\/wp-json\/wp\/v2\/comments?post=110"}],"version-history":[{"count":392,"href":"https:\/\/kiosque.acadienouvelle.com\/semaine-action-benevole-2026\/wp-json\/wp\/v2\/pages\/110\/revisions"}],"predecessor-version":[{"id":8121,"href":"https:\/\/kiosque.acadienouvelle.com\/semaine-action-benevole-2026\/wp-json\/wp\/v2\/pages\/110\/revisions\/8121"}],"wp:attachment":[{"href":"https:\/\/kiosque.acadienouvelle.com\/semaine-action-benevole-2026\/wp-json\/wp\/v2\/media?parent=110"}],"wp:term":[{"taxonomy":"page-categories","embeddable":true,"href":"https:\/\/kiosque.acadienouvelle.com\/semaine-action-benevole-2026\/wp-json\/wp\/v2\/page-categories?post=110"}],"curies":[{"name":"wp","href":"https:\/\/api.w.org\/{rel}","templated":true}]}}