{"id":7850,"date":"2026-04-14T18:37:02","date_gmt":"2026-04-14T18:37:02","guid":{"rendered":"https:\/\/kiosque.acadienouvelle.com\/semaine-action-benevole-2026\/?page_id=7850"},"modified":"2026-04-15T20:25:36","modified_gmt":"2026-04-15T20:25:36","slug":"des-coeurs-genereux-au-service-de-la-sante","status":"publish","type":"page","link":"https:\/\/kiosque.acadienouvelle.com\/semaine-action-benevole-2026\/des-coeurs-genereux-au-service-de-la-sante\/","title":{"rendered":"Des c\u0153urs g\u00e9n\u00e9reux au service de la sant\u00e9!"},"content":{"rendered":"\t\t<div data-elementor-type=\"wp-page\" data-elementor-id=\"7850\" class=\"elementor elementor-7850\" data-elementor-post-type=\"page\">\n\t\t\t\t\t\t<section class=\"elementor-section elementor-top-section elementor-element elementor-element-50c1b6e elementor-section-height-min-height header_title banner_img elementor-section-boxed elementor-section-height-default elementor-section-items-middle\" data-id=\"50c1b6e\" data-element_type=\"section\" data-e-type=\"section\" data-settings=\"{&quot;background_background&quot;:&quot;classic&quot;}\">\n\t\t\t\t\t\t\t<div class=\"elementor-background-overlay\"><\/div>\n\t\t\t\t\t\t\t<div class=\"elementor-container elementor-column-gap-default\">\n\t\t\t\t\t<div class=\"elementor-column elementor-col-100 elementor-top-column elementor-element elementor-element-3a2d241\" data-id=\"3a2d241\" data-element_type=\"column\" data-e-type=\"column\">\n\t\t\t<div class=\"elementor-widget-wrap elementor-element-populated\">\n\t\t\t\t\t\t<div class=\"elementor-element elementor-element-9673cd2 elementor-widget elementor-widget-heading\" data-id=\"9673cd2\" data-element_type=\"widget\" data-e-type=\"widget\" data-widget_type=\"heading.default\">\n\t\t\t\t<div class=\"elementor-widget-container\">\n\t\t\t\t\t<h2 class=\"elementor-heading-title elementor-size-default\">Des c\u0153urs g\u00e9n\u00e9reux au service de la sant\u00e9!<\/h2>\t\t\t\t<\/div>\n\t\t\t\t<\/div>\n\t\t\t\t\t<\/div>\n\t\t<\/div>\n\t\t\t\t\t<\/div>\n\t\t<\/section>\n\t\t\t\t<section class=\"elementor-section elementor-top-section elementor-element elementor-element-d9a853a elementor-section-boxed elementor-section-height-default elementor-section-height-default\" data-id=\"d9a853a\" data-element_type=\"section\" data-e-type=\"section\">\n\t\t\t\t\t\t<div class=\"elementor-container elementor-column-gap-default\">\n\t\t\t\t\t<div class=\"elementor-column elementor-col-100 elementor-top-column elementor-element elementor-element-68d9c5a page_contain\" data-id=\"68d9c5a\" data-element_type=\"column\" data-e-type=\"column\" data-settings=\"{&quot;background_background&quot;:&quot;classic&quot;}\">\n\t\t\t<div class=\"elementor-widget-wrap elementor-element-populated\">\n\t\t\t\t\t\t<div class=\"elementor-element elementor-element-50f1f9b elementor-widget elementor-widget-image\" data-id=\"50f1f9b\" data-element_type=\"widget\" data-e-type=\"widget\" data-widget_type=\"image.default\">\n\t\t\t\t<div class=\"elementor-widget-container\">\n\t\t\t\t\t\t\t\t\t\t\t\t<figure class=\"wp-caption\">\n\t\t\t\t\t\t\t\t\t\t<img fetchpriority=\"high\" decoding=\"async\" width=\"1366\" height=\"768\" src=\"https:\/\/kiosque.acadienouvelle.com\/semaine-action-benevole-2026\/wp-content\/uploads\/sites\/394\/2026\/04\/11-des_coeurs_landing.jpg\" class=\"attachment-full size-full wp-image-8030\" alt=\"\" srcset=\"https:\/\/kiosque.acadienouvelle.com\/semaine-action-benevole-2026\/wp-content\/uploads\/sites\/394\/2026\/04\/11-des_coeurs_landing.jpg 1366w, https:\/\/kiosque.acadienouvelle.com\/semaine-action-benevole-2026\/wp-content\/uploads\/sites\/394\/2026\/04\/11-des_coeurs_landing-300x169.jpg 300w, https:\/\/kiosque.acadienouvelle.com\/semaine-action-benevole-2026\/wp-content\/uploads\/sites\/394\/2026\/04\/11-des_coeurs_landing-1024x576.jpg 1024w, https:\/\/kiosque.acadienouvelle.com\/semaine-action-benevole-2026\/wp-content\/uploads\/sites\/394\/2026\/04\/11-des_coeurs_landing-768x432.jpg 768w\" sizes=\"(max-width: 1366px) 100vw, 1366px\" \/>\t\t\t\t\t\t\t\t\t\t\t<figcaption class=\"widget-image-caption wp-caption-text\"><\/figcaption>\n\t\t\t\t\t\t\t\t\t\t<\/figure>\n\t\t\t\t\t\t\t\t\t<\/div>\n\t\t\t\t<\/div>\n\t\t<link rel=\"stylesheet\" href=\"https:\/\/use.fontawesome.com\/releases\/v5.5.0\/css\/all.css\" integrity=\"sha384-B4dIYHKNBt8Bc12p+WXckhzcICo0wtJAoU8YZTY5qE0Id1GSseTk6S+L3BlXeVIU\" crossorigin=\"anonymous\">\r\n\t\t<div class=\"elementor-element elementor-element-d0a0a3b mobile_pera elementor-widget elementor-widget-text-editor\" data-id=\"d0a0a3b\" data-element_type=\"widget\" data-e-type=\"widget\" data-widget_type=\"text-editor.default\">\n\t\t\t\t<div class=\"elementor-widget-container\">\n\t\t\t\t\t\t\t\t\t<p>Les ressources b\u00e9n\u00e9voles sont partie int\u00e9grante de notre d\u00e9sir d\u2019offrir des soins empreints de compassion. Chaque jour, nos d\u00e9vou\u00e9s b\u00e9n\u00e9voles apportent leur soutien aux patients et \u00e0 leurs familles en offrant de leur temps, leur \u00e9nergie et leur talent. Ils transforment des moments ordinaires en instants chaleureux, cr\u00e9ant un environnement o\u00f9 l\u2019humanit\u00e9 et l\u2019entraide occupent une place centrale. Ensemble, nous enrichissons l\u2019exp\u00e9rience patient, un geste \u00e0 la fois.<\/p>\t\t\t\t\t\t\t\t<\/div>\n\t\t\t\t<\/div>\n\t\t\t\t<div class=\"elementor-element elementor-element-00cfdc7 mobile_pera elementor-widget elementor-widget-text-editor\" data-id=\"00cfdc7\" data-element_type=\"widget\" data-e-type=\"widget\" data-widget_type=\"text-editor.default\">\n\t\t\t\t<div class=\"elementor-widget-container\">\n\t\t\t\t\t\t\t\t\t<p>Vous avez du temps libre et un sourire contagieux? Faites partie de l\u2019\u00e9quipe des b\u00e9n\u00e9voles du R\u00e9seau de sant\u00e9 Vitalit\u00e9!<\/p>\t\t\t\t\t\t\t\t<\/div>\n\t\t\t\t<\/div>\n\t\t\t\t<div class=\"elementor-element elementor-element-1a261c0 elementor-widget elementor-widget-advertisement\" data-id=\"1a261c0\" data-element_type=\"widget\" data-e-type=\"widget\" data-widget_type=\"advertisement.default\">\n\t\t\t\t<div class=\"elementor-widget-container\">\n\t\t\t\t\t<div class=\"ads-align-center\"><div style=\"min-width:300px\" data-m32-ad data-options='{\"sizes\":\"[[300,250]]\",\"dfpId\":\"21658289790,27729547\",\"dfpAdUnitPath\":\"acadienouvelle\/cahiers_quarterpage_300x250\"}'><\/div><\/div>\t\t\t\t<\/div>\n\t\t\t\t<\/div>\n\t\t\t\t<div class=\"elementor-element elementor-element-0b6ad93 mobile_pera elementor-widget elementor-widget-text-editor\" data-id=\"0b6ad93\" data-element_type=\"widget\" data-e-type=\"widget\" data-widget_type=\"text-editor.default\">\n\t\t\t\t<div class=\"elementor-widget-container\">\n\t\t\t\t\t\t\t\t\t<p><b>\u00catre b\u00e9n\u00e9vole, c\u2019est saisir la chance de :<\/b><\/p>\t\t\t\t\t\t\t\t<\/div>\n\t\t\t\t<\/div>\n\t\t\t\t<div class=\"elementor-element elementor-element-85b238a mobile_pera elementor-widget elementor-widget-text-editor\" data-id=\"85b238a\" data-element_type=\"widget\" data-e-type=\"widget\" data-widget_type=\"text-editor.default\">\n\t\t\t\t<div class=\"elementor-widget-container\">\n\t\t\t\t\t\t\t\t\t<ul><li>Contribuer activement au bien-\u00eatre de la communaut\u00e9;<\/li><li>Tisser des liens et se joindre \u00e0 une \u00e9quipe accueillante et dynamique;<\/li><li>S\u2019\u00e9panouir personnellement, d\u00e9velopper de nouvelles comp\u00e9tences et enrichir son exp\u00e9rience personnelle;<\/li><li>\u00c9voluer dans un milieu hospitalier ou un programme communautaire.<\/li><\/ul>\t\t\t\t\t\t\t\t<\/div>\n\t\t\t\t<\/div>\n\t\t\t\t<div class=\"elementor-element elementor-element-6f223b0 mobile_pera elementor-widget elementor-widget-text-editor\" data-id=\"6f223b0\" data-element_type=\"widget\" data-e-type=\"widget\" data-widget_type=\"text-editor.default\">\n\t\t\t\t<div class=\"elementor-widget-container\">\n\t\t\t\t\t\t\t\t\t<p><b>Soumettez votre candidature!<\/b><\/p>\t\t\t\t\t\t\t\t<\/div>\n\t\t\t\t<\/div>\n\t\t\t\t<div class=\"elementor-element elementor-element-74263c8 mobile_pera elementor-widget elementor-widget-text-editor\" data-id=\"74263c8\" data-element_type=\"widget\" data-e-type=\"widget\" data-widget_type=\"text-editor.default\">\n\t\t\t\t<div class=\"elementor-widget-container\">\n\t\t\t\t\t\t\t\t\t<p>En devenant b\u00e9n\u00e9vole, vous apportez non seulement un peu de r\u00e9confort \u00e0 des personnes qui ont en besoin, mais vous changez aussi le monde, un petit geste \u00e0 la fois. Assurez-vous d\u2019avoir lu notre foire aux questions avant de soumettre votre candidature. T\u00e9l\u00e9chargez le formulaire PDF, remplissez-le, puis envoyez-le \u00e0 l\u2019adresse courriel figurant \u00e0 la fin du document. Le curriculum vitae peut \u00eatre inclus, mais n\u2019est pas obligatoire. Vous pouvez aussi communiquer avec le Service des b\u00e9n\u00e9voles de votre r\u00e9gion.<\/p>\t\t\t\t\t\t\t\t<\/div>\n\t\t\t\t<\/div>\n\t\t\t\t<div class=\"elementor-element elementor-element-bc4a7b5 mobile_pera elementor-widget elementor-widget-text-editor\" data-id=\"bc4a7b5\" data-element_type=\"widget\" data-e-type=\"widget\" data-widget_type=\"text-editor.default\">\n\t\t\t\t<div class=\"elementor-widget-container\">\n\t\t\t\t\t\t\t\t\t<p><b>Pour plus d\u2019information :\u00a0<\/b><b style=\"font-style: inherit;\">https:\/\/vitalitenb.ca\/fr\/benevoles<\/b><\/p>\t\t\t\t\t\t\t\t<\/div>\n\t\t\t\t<\/div>\n\t\t\t\t<div class=\"elementor-element elementor-element-166374c mobile_pera elementor-widget elementor-widget-text-editor\" data-id=\"166374c\" data-element_type=\"widget\" data-e-type=\"widget\" data-widget_type=\"text-editor.default\">\n\t\t\t\t<div class=\"elementor-widget-container\">\n\t\t\t\t\t\t\t\t\t<h1>Ce sont les b\u00e9n\u00e9voles qui font vibrer les Jeux de l\u2019Acadie!<b style=\"color: #000000; font-size: 20px;\">&nbsp;<\/b><b style=\"color: #000000; font-size: 20px;\">&nbsp;<\/b><\/h1>\n<p>Comment pourrions-nous organiser une manifestation sportive de cette ampleur sans la contribution des b\u00e9n\u00e9voles? Posez la question, c\u2019est t\u2019y r\u00e9pondre. Pour le bon d\u00e9roulement de la Finale, qu\u2019importe les municipalit\u00e9s h\u00f4tesses, on a besoin approximativement de 800 \u00e0 1000 personnes d\u00e9vou\u00e9es.<\/p>\n<div>\n<div>Cette ann\u00e9e, la 45e Finale des Jeux de l\u2019Acadie aura lieu dans la Ville d\u2019Edmundston du 24 au 29 juin 2026. C\u2019est avec enthousiasme que la pr\u00e9sidente Martine Dufour et son comit\u00e9 organisateur attendent la jeunesse acadienne. \u00ab Nous vous invitons \u00e0 profiter pleinement de votre s\u00e9jour parmi nous pour d\u00e9couvrir la ville d\u2019Edmundston et ses nombreuses attractions. Nous allons d\u00e9ployer tous les efforts n\u00e9cessaires pour accueillir votre d\u00e9l\u00e9gation, vos parents et vos amis, lors de cette 45e Finale. \u00bb&nbsp; Vous voulez vivre une exp\u00e9rience inoubliable et contribuer au d\u00e9veloppement de la jeunesse acadienne\u202f? Inscrivez-vous comme b\u00e9n\u00e9vole, on a besoin de vous.<\/div>\n<div>\n<div>(https:\/\/inscription.jeuxdelacadie.org\/inscription\/etape_1\/benevoles)<\/div>\n<div>&nbsp;<\/div>\n<div>&nbsp;<\/div>\n<div>&nbsp;<\/div>\n<\/div>\n<\/div>\n<p><img decoding=\"async\" src=\"https:\/\/kiosque.acadienouvelle.com\/semaine-action-benevole-2026\/wp-content\/uploads\/sites\/394\/2026\/04\/11-affiche.jpg\" alt=\"\" width=\"1366\" height=\"768\"><\/p>\t\t\t\t\t\t\t\t<\/div>\n\t\t\t\t<\/div>\n\t\t\t\t\t<\/div>\n\t\t<\/div>\n\t\t\t\t\t<\/div>\n\t\t<\/section>\n\t\t\t\t<\/div>\n\t\t","protected":false},"excerpt":{"rendered":"<p>Des c\u0153urs g\u00e9n\u00e9reux au service de la sant\u00e9! Les ressources b\u00e9n\u00e9voles sont partie int\u00e9grante de notre d\u00e9sir d\u2019offrir des soins empreints de compassion. Chaque jour, nos d\u00e9vou\u00e9s b\u00e9n\u00e9voles apportent leur soutien aux patients et \u00e0 leurs familles en offrant de leur temps, leur \u00e9nergie et leur talent. Ils transforment des moments ordinaires en instants chaleureux, [&hellip;]<\/p>\n","protected":false},"author":7,"featured_media":0,"parent":0,"menu_order":11,"comment_status":"closed","ping_status":"closed","template":"","meta":{"site-sidebar-layout":"no-sidebar","site-content-layout":"page-builder","ast-site-content-layout":"default","site-content-style":"default","site-sidebar-style":"default","ast-global-header-display":"","ast-banner-title-visibility":"","ast-main-header-display":"","ast-hfb-above-header-display":"","ast-hfb-below-header-display":"","ast-hfb-mobile-header-display":"","site-post-title":"disabled","ast-breadcrumbs-content":"","ast-featured-img":"disabled","footer-sml-layout":"","ast-disable-related-posts":"","theme-transparent-header-meta":"default","adv-header-id-meta":"","stick-header-meta":"","header-above-stick-meta":"","header-main-stick-meta":"","header-below-stick-meta":"","astra-migrate-meta-layouts":"default","ast-page-background-enabled":"default","ast-page-background-meta":{"desktop":{"background-color":"var(--ast-global-color-4)","background-image":"","background-repeat":"repeat","background-position":"center center","background-size":"auto","background-attachment":"scroll","background-type":"","background-media":"","overlay-type":"","overlay-color":"","overlay-opacity":"","overlay-gradient":""},"tablet":{"background-color":"","background-image":"","background-repeat":"repeat","background-position":"center center","background-size":"auto","background-attachment":"scroll","background-type":"","background-media":"","overlay-type":"","overlay-color":"","overlay-opacity":"","overlay-gradient":""},"mobile":{"background-color":"","background-image":"","background-repeat":"repeat","background-position":"center center","background-size":"auto","background-attachment":"scroll","background-type":"","background-media":"","overlay-type":"","overlay-color":"","overlay-opacity":"","overlay-gradient":""}},"ast-content-background-meta":{"desktop":{"background-color":"var(--ast-global-color-5)","background-image":"","background-repeat":"repeat","background-position":"center center","background-size":"auto","background-attachment":"scroll","background-type":"","background-media":"","overlay-type":"","overlay-color":"","overlay-opacity":"","overlay-gradient":""},"tablet":{"background-color":"var(--ast-global-color-5)","background-image":"","background-repeat":"repeat","background-position":"center center","background-size":"auto","background-attachment":"scroll","background-type":"","background-media":"","overlay-type":"","overlay-color":"","overlay-opacity":"","overlay-gradient":""},"mobile":{"background-color":"var(--ast-global-color-5)","background-image":"","background-repeat":"repeat","background-position":"center center","background-size":"auto","background-attachment":"scroll","background-type":"","background-media":"","overlay-type":"","overlay-color":"","overlay-opacity":"","overlay-gradient":""}},"footnotes":""},"page-categories":[],"class_list":["post-7850","page","type-page","status-publish","hentry"],"_links":{"self":[{"href":"https:\/\/kiosque.acadienouvelle.com\/semaine-action-benevole-2026\/wp-json\/wp\/v2\/pages\/7850","targetHints":{"allow":["GET"]}}],"collection":[{"href":"https:\/\/kiosque.acadienouvelle.com\/semaine-action-benevole-2026\/wp-json\/wp\/v2\/pages"}],"about":[{"href":"https:\/\/kiosque.acadienouvelle.com\/semaine-action-benevole-2026\/wp-json\/wp\/v2\/types\/page"}],"author":[{"embeddable":true,"href":"https:\/\/kiosque.acadienouvelle.com\/semaine-action-benevole-2026\/wp-json\/wp\/v2\/users\/7"}],"replies":[{"embeddable":true,"href":"https:\/\/kiosque.acadienouvelle.com\/semaine-action-benevole-2026\/wp-json\/wp\/v2\/comments?post=7850"}],"version-history":[{"count":25,"href":"https:\/\/kiosque.acadienouvelle.com\/semaine-action-benevole-2026\/wp-json\/wp\/v2\/pages\/7850\/revisions"}],"predecessor-version":[{"id":8143,"href":"https:\/\/kiosque.acadienouvelle.com\/semaine-action-benevole-2026\/wp-json\/wp\/v2\/pages\/7850\/revisions\/8143"}],"wp:attachment":[{"href":"https:\/\/kiosque.acadienouvelle.com\/semaine-action-benevole-2026\/wp-json\/wp\/v2\/media?parent=7850"}],"wp:term":[{"taxonomy":"page-categories","embeddable":true,"href":"https:\/\/kiosque.acadienouvelle.com\/semaine-action-benevole-2026\/wp-json\/wp\/v2\/page-categories?post=7850"}],"curies":[{"name":"wp","href":"https:\/\/api.w.org\/{rel}","templated":true}]}}