{"id":7865,"date":"2026-04-14T19:04:34","date_gmt":"2026-04-14T19:04:34","guid":{"rendered":"https:\/\/kiosque.acadienouvelle.com\/semaine-action-benevole-2026\/le-bnvolat-rend-les-personnes-heureuses\/"},"modified":"2026-04-15T20:14:33","modified_gmt":"2026-04-15T20:14:33","slug":"le-bnvolat-rend-les-personnes-heureuses","status":"publish","type":"page","link":"https:\/\/kiosque.acadienouvelle.com\/semaine-action-benevole-2026\/le-bnvolat-rend-les-personnes-heureuses\/","title":{"rendered":"Le b\u00e9n\u00e9volat et le Relais pour la vie"},"content":{"rendered":"\t\t<div data-elementor-type=\"wp-page\" data-elementor-id=\"7865\" class=\"elementor elementor-7865\" data-elementor-post-type=\"page\">\n\t\t\t\t\t\t<section class=\"elementor-section elementor-top-section elementor-element elementor-element-50c1b6e elementor-section-height-min-height header_title banner_img elementor-section-boxed elementor-section-height-default elementor-section-items-middle\" data-id=\"50c1b6e\" data-element_type=\"section\" data-e-type=\"section\" data-settings=\"{&quot;background_background&quot;:&quot;classic&quot;}\">\n\t\t\t\t\t\t\t<div class=\"elementor-background-overlay\"><\/div>\n\t\t\t\t\t\t\t<div class=\"elementor-container elementor-column-gap-default\">\n\t\t\t\t\t<div class=\"elementor-column elementor-col-100 elementor-top-column elementor-element elementor-element-3a2d241\" data-id=\"3a2d241\" data-element_type=\"column\" data-e-type=\"column\">\n\t\t\t<div class=\"elementor-widget-wrap elementor-element-populated\">\n\t\t\t\t\t\t<div class=\"elementor-element elementor-element-9673cd2 elementor-widget elementor-widget-heading\" data-id=\"9673cd2\" data-element_type=\"widget\" data-e-type=\"widget\" data-widget_type=\"heading.default\">\n\t\t\t\t<div class=\"elementor-widget-container\">\n\t\t\t\t\t<h2 class=\"elementor-heading-title elementor-size-default\">Le b\u00e9n\u00e9volat et le Relais pour la vie<\/h2>\t\t\t\t<\/div>\n\t\t\t\t<\/div>\n\t\t\t\t\t<\/div>\n\t\t<\/div>\n\t\t\t\t\t<\/div>\n\t\t<\/section>\n\t\t\t\t<section class=\"elementor-section elementor-top-section elementor-element elementor-element-d9a853a elementor-section-boxed elementor-section-height-default elementor-section-height-default\" data-id=\"d9a853a\" data-element_type=\"section\" data-e-type=\"section\">\n\t\t\t\t\t\t<div class=\"elementor-container elementor-column-gap-default\">\n\t\t\t\t\t<div class=\"elementor-column elementor-col-100 elementor-top-column elementor-element elementor-element-68d9c5a page_contain\" data-id=\"68d9c5a\" data-element_type=\"column\" data-e-type=\"column\" data-settings=\"{&quot;background_background&quot;:&quot;classic&quot;}\">\n\t\t\t<div class=\"elementor-widget-wrap elementor-element-populated\">\n\t\t\t\t\t\t<div class=\"elementor-element elementor-element-50f1f9b elementor-widget elementor-widget-image\" data-id=\"50f1f9b\" data-element_type=\"widget\" data-e-type=\"widget\" data-widget_type=\"image.default\">\n\t\t\t\t<div class=\"elementor-widget-container\">\n\t\t\t\t\t\t\t\t\t\t\t\t<figure class=\"wp-caption\">\n\t\t\t\t\t\t\t\t\t\t<img fetchpriority=\"high\" decoding=\"async\" width=\"1366\" height=\"768\" src=\"https:\/\/kiosque.acadienouvelle.com\/semaine-action-benevole-2026\/wp-content\/uploads\/sites\/394\/2026\/04\/8-le_benevolat_landing.jpg\" class=\"attachment-full size-full wp-image-7949\" alt=\"\" srcset=\"https:\/\/kiosque.acadienouvelle.com\/semaine-action-benevole-2026\/wp-content\/uploads\/sites\/394\/2026\/04\/8-le_benevolat_landing.jpg 1366w, https:\/\/kiosque.acadienouvelle.com\/semaine-action-benevole-2026\/wp-content\/uploads\/sites\/394\/2026\/04\/8-le_benevolat_landing-300x169.jpg 300w, https:\/\/kiosque.acadienouvelle.com\/semaine-action-benevole-2026\/wp-content\/uploads\/sites\/394\/2026\/04\/8-le_benevolat_landing-1024x576.jpg 1024w, https:\/\/kiosque.acadienouvelle.com\/semaine-action-benevole-2026\/wp-content\/uploads\/sites\/394\/2026\/04\/8-le_benevolat_landing-768x432.jpg 768w\" sizes=\"(max-width: 1366px) 100vw, 1366px\" \/>\t\t\t\t\t\t\t\t\t\t\t<figcaption class=\"widget-image-caption wp-caption-text\">Selon le site web de la Soci\u00e9t\u00e9 canadienne du cancer, pr\u00e8s d\u2019une vingtaine d\u2019\u00e9coles secondaires du Nouveau-Brunswick ont pris part en 2025 \u00e0 l\u2019\u00e9v\u00e9nement qui a \u00e9t\u00e9 surnomm\u00e9 le Relais pour la vie jeunesse. (Gracieuset\u00e9 de la Soci\u00e9t\u00e9 canadienne du cancer)<\/figcaption>\n\t\t\t\t\t\t\t\t\t\t<\/figure>\n\t\t\t\t\t\t\t\t\t<\/div>\n\t\t\t\t<\/div>\n\t\t<link rel=\"stylesheet\" href=\"https:\/\/use.fontawesome.com\/releases\/v5.5.0\/css\/all.css\" integrity=\"sha384-B4dIYHKNBt8Bc12p+WXckhzcICo0wtJAoU8YZTY5qE0Id1GSseTk6S+L3BlXeVIU\" crossorigin=\"anonymous\">\r\n\t\t<div class=\"elementor-element elementor-element-bc0df37 elementor-widget elementor-widget-advertisement\" data-id=\"bc0df37\" data-element_type=\"widget\" data-e-type=\"widget\" data-widget_type=\"advertisement.default\">\n\t\t\t\t<div class=\"elementor-widget-container\">\n\t\t\t\t\t<div class=\"ads-align-center\"><div style=\"min-width:300px\" data-m32-ad data-options='{\"sizes\":\"[[300,250]]\",\"dfpId\":\"21658289790,27729547\",\"dfpAdUnitPath\":\"acadienouvelle\/cahiers_quarterpage_300x250\"}'><\/div><\/div>\t\t\t\t<\/div>\n\t\t\t\t<\/div>\n\t\t\t\t<div class=\"elementor-element elementor-element-d0a0a3b mobile_pera elementor-widget elementor-widget-text-editor\" data-id=\"d0a0a3b\" data-element_type=\"widget\" data-e-type=\"widget\" data-widget_type=\"text-editor.default\">\n\t\t\t\t<div class=\"elementor-widget-container\">\n\t\t\t\t\t\t\t\t\t<p>Si le b\u00e9n\u00e9volat vous passionne, c\u2019est le temps de passer \u00e0 l\u2019action! Devenez b\u00e9n\u00e9vole pour le Relais pour la vie de la Soci\u00e9t\u00e9 canadienne du cancer, qui aura lieu en juin. Votre contribution en tant que b\u00e9n\u00e9vole am\u00e9liore des vies, aujourd\u2019hui plus que jamais. Nous avons besoin de personnes aux comp\u00e9tences vari\u00e9es pour aider \u00e0 organiser le Relais pour la vie. Nous offrons des occasions int\u00e9ressantes de b\u00e9n\u00e9volat au sein de nos comit\u00e9s locaux en lien avec l\u2019am\u00e9nagement des sites, le soutien aux participants, la promotion et la diffusion des \u00e9v\u00e9nements et bien plus encore.<\/p>\t\t\t\t\t\t\t\t<\/div>\n\t\t\t\t<\/div>\n\t\t\t\t<div class=\"elementor-element elementor-element-526607e mobile_pera elementor-widget elementor-widget-text-editor\" data-id=\"526607e\" data-element_type=\"widget\" data-e-type=\"widget\" data-widget_type=\"text-editor.default\">\n\t\t\t\t<div class=\"elementor-widget-container\">\n\t\t\t\t\t\t\t\t\t<p><b>Pourquoi devenir b\u00e9n\u00e9vole?<\/b><\/p>\t\t\t\t\t\t\t\t<\/div>\n\t\t\t\t<\/div>\n\t\t\t\t<div class=\"elementor-element elementor-element-706616a mobile_pera elementor-widget elementor-widget-text-editor\" data-id=\"706616a\" data-element_type=\"widget\" data-e-type=\"widget\" data-widget_type=\"text-editor.default\">\n\t\t\t\t<div class=\"elementor-widget-container\">\n\t\t\t\t\t\t\t\t\t<p>Pour nouer des amiti\u00e9s sinc\u00e8res avec des personnes qui partagent les m\u00eames valeurs que vous. Pour avoir un v\u00e9ritable impact en changeant l\u2019avenir du cancer. Pour d\u00e9velopper des comp\u00e9tences qui renforceront votre confiance en vous.<\/p>\t\t\t\t\t\t\t\t<\/div>\n\t\t\t\t<\/div>\n\t\t\t\t<div class=\"elementor-element elementor-element-229aca0 elementor-widget elementor-widget-advertisement\" data-id=\"229aca0\" data-element_type=\"widget\" data-e-type=\"widget\" data-widget_type=\"advertisement.default\">\n\t\t\t\t<div class=\"elementor-widget-container\">\n\t\t\t\t\t<div class=\"ads-align-center\"><div style=\"min-width:300px\" data-m32-ad data-options='{\"sizes\":\"[[300,250]]\",\"dfpId\":\"21658289790,27729547\",\"dfpAdUnitPath\":\"acadienouvelle\/cahiers_quarterpage02_300x250\"}'><\/div><\/div>\t\t\t\t<\/div>\n\t\t\t\t<\/div>\n\t\t\t\t<div class=\"elementor-element elementor-element-1550efd mobile_pera elementor-widget elementor-widget-text-editor\" data-id=\"1550efd\" data-element_type=\"widget\" data-e-type=\"widget\" data-widget_type=\"text-editor.default\">\n\t\t\t\t<div class=\"elementor-widget-container\">\n\t\t\t\t\t\t\t\t\t<p><b>Qu\u2019est-ce que le Relais\u00a0<\/b><b style=\"font-style: inherit;\">pour la vie?<\/b>\u00a0<\/p>\t\t\t\t\t\t\t\t<\/div>\n\t\t\t\t<\/div>\n\t\t\t\t<div class=\"elementor-element elementor-element-f661a52 mobile_pera elementor-widget elementor-widget-text-editor\" data-id=\"f661a52\" data-element_type=\"widget\" data-e-type=\"widget\" data-widget_type=\"text-editor.default\">\n\t\t\t\t<div class=\"elementor-widget-container\">\n\t\t\t\t\t\t\t\t\t<p>Le Relais pour la vie est un mouvement mondial actif dans 36 pays et 6 000 communaut\u00e9s \u00e0 travers le monde. Cette marche, de 6 \u00e0 12 heures, est un puissant t\u00e9moignage de solidarit\u00e9 qui rassemble amis, familles et coll\u00e8gues. C\u2019est une occasion unique de recueillir des fonds, mais aussi de c\u00e9l\u00e9brer la vie lors du Tour de l\u2019espoir, de rendre hommage aux personnes atteintes de cancer lors de la C\u00e9r\u00e9monie des luminaires et d\u2019agir contre la maladie.<\/p>\t\t\t\t\t\t\t\t<\/div>\n\t\t\t\t<\/div>\n\t\t\t\t<div class=\"elementor-element elementor-element-75c172e mobile_pera elementor-widget elementor-widget-text-editor\" data-id=\"75c172e\" data-element_type=\"widget\" data-e-type=\"widget\" data-widget_type=\"text-editor.default\">\n\t\t\t\t<div class=\"elementor-widget-container\">\n\t\t\t\t\t\t\t\t\t<p><strong>Pour plus d\u2019information : https:\/\/support.cancer.ca<\/strong><\/p>\t\t\t\t\t\t\t\t<\/div>\n\t\t\t\t<\/div>\n\t\t\t\t<div class=\"elementor-element elementor-element-17ed14e mobile_pera elementor-widget elementor-widget-text-editor\" data-id=\"17ed14e\" data-element_type=\"widget\" data-e-type=\"widget\" data-widget_type=\"text-editor.default\">\n\t\t\t\t<div class=\"elementor-widget-container\">\n\t\t\t\t\t\t\t\t\t<p><img decoding=\"async\" class=\"size-full wp-image-7960 aligncenter\" src=\"https:\/\/kiosque.acadienouvelle.com\/semaine-action-benevole-2026\/wp-content\/uploads\/sites\/394\/2026\/04\/8-logo.jpg\" alt=\"\" width=\"485\" height=\"382\" srcset=\"https:\/\/kiosque.acadienouvelle.com\/semaine-action-benevole-2026\/wp-content\/uploads\/sites\/394\/2026\/04\/8-logo.jpg 485w, https:\/\/kiosque.acadienouvelle.com\/semaine-action-benevole-2026\/wp-content\/uploads\/sites\/394\/2026\/04\/8-logo-300x236.jpg 300w\" sizes=\"(max-width: 485px) 100vw, 485px\" \/><\/p>\t\t\t\t\t\t\t\t<\/div>\n\t\t\t\t<\/div>\n\t\t\t\t\t<\/div>\n\t\t<\/div>\n\t\t\t\t\t<\/div>\n\t\t<\/section>\n\t\t\t\t<\/div>\n\t\t","protected":false},"excerpt":{"rendered":"<p>Le b\u00e9n\u00e9volat et le Relais pour la vie Selon le site web de la Soci\u00e9t\u00e9 canadienne du cancer, pr\u00e8s d\u2019une vingtaine d\u2019\u00e9coles secondaires du Nouveau-Brunswick ont pris part en 2025 \u00e0 l\u2019\u00e9v\u00e9nement qui a \u00e9t\u00e9 surnomm\u00e9 le Relais pour la vie jeunesse. (Gracieuset\u00e9 de la Soci\u00e9t\u00e9 canadienne du cancer) Si le b\u00e9n\u00e9volat vous passionne, c\u2019est [&hellip;]<\/p>\n","protected":false},"author":7,"featured_media":0,"parent":0,"menu_order":8,"comment_status":"closed","ping_status":"closed","template":"","meta":{"site-sidebar-layout":"no-sidebar","site-content-layout":"page-builder","ast-site-content-layout":"default","site-content-style":"default","site-sidebar-style":"default","ast-global-header-display":"","ast-banner-title-visibility":"","ast-main-header-display":"","ast-hfb-above-header-display":"","ast-hfb-below-header-display":"","ast-hfb-mobile-header-display":"","site-post-title":"disabled","ast-breadcrumbs-content":"","ast-featured-img":"disabled","footer-sml-layout":"","ast-disable-related-posts":"","theme-transparent-header-meta":"default","adv-header-id-meta":"","stick-header-meta":"","header-above-stick-meta":"","header-main-stick-meta":"","header-below-stick-meta":"","astra-migrate-meta-layouts":"default","ast-page-background-enabled":"default","ast-page-background-meta":{"desktop":{"background-color":"var(--ast-global-color-4)","background-image":"","background-repeat":"repeat","background-position":"center center","background-size":"auto","background-attachment":"scroll","background-type":"","background-media":"","overlay-type":"","overlay-color":"","overlay-opacity":"","overlay-gradient":""},"tablet":{"background-color":"","background-image":"","background-repeat":"repeat","background-position":"center center","background-size":"auto","background-attachment":"scroll","background-type":"","background-media":"","overlay-type":"","overlay-color":"","overlay-opacity":"","overlay-gradient":""},"mobile":{"background-color":"","background-image":"","background-repeat":"repeat","background-position":"center center","background-size":"auto","background-attachment":"scroll","background-type":"","background-media":"","overlay-type":"","overlay-color":"","overlay-opacity":"","overlay-gradient":""}},"ast-content-background-meta":{"desktop":{"background-color":"var(--ast-global-color-5)","background-image":"","background-repeat":"repeat","background-position":"center center","background-size":"auto","background-attachment":"scroll","background-type":"","background-media":"","overlay-type":"","overlay-color":"","overlay-opacity":"","overlay-gradient":""},"tablet":{"background-color":"var(--ast-global-color-5)","background-image":"","background-repeat":"repeat","background-position":"center center","background-size":"auto","background-attachment":"scroll","background-type":"","background-media":"","overlay-type":"","overlay-color":"","overlay-opacity":"","overlay-gradient":""},"mobile":{"background-color":"var(--ast-global-color-5)","background-image":"","background-repeat":"repeat","background-position":"center center","background-size":"auto","background-attachment":"scroll","background-type":"","background-media":"","overlay-type":"","overlay-color":"","overlay-opacity":"","overlay-gradient":""}},"footnotes":""},"page-categories":[],"class_list":["post-7865","page","type-page","status-publish","hentry"],"_links":{"self":[{"href":"https:\/\/kiosque.acadienouvelle.com\/semaine-action-benevole-2026\/wp-json\/wp\/v2\/pages\/7865","targetHints":{"allow":["GET"]}}],"collection":[{"href":"https:\/\/kiosque.acadienouvelle.com\/semaine-action-benevole-2026\/wp-json\/wp\/v2\/pages"}],"about":[{"href":"https:\/\/kiosque.acadienouvelle.com\/semaine-action-benevole-2026\/wp-json\/wp\/v2\/types\/page"}],"author":[{"embeddable":true,"href":"https:\/\/kiosque.acadienouvelle.com\/semaine-action-benevole-2026\/wp-json\/wp\/v2\/users\/7"}],"replies":[{"embeddable":true,"href":"https:\/\/kiosque.acadienouvelle.com\/semaine-action-benevole-2026\/wp-json\/wp\/v2\/comments?post=7865"}],"version-history":[{"count":53,"href":"https:\/\/kiosque.acadienouvelle.com\/semaine-action-benevole-2026\/wp-json\/wp\/v2\/pages\/7865\/revisions"}],"predecessor-version":[{"id":8137,"href":"https:\/\/kiosque.acadienouvelle.com\/semaine-action-benevole-2026\/wp-json\/wp\/v2\/pages\/7865\/revisions\/8137"}],"wp:attachment":[{"href":"https:\/\/kiosque.acadienouvelle.com\/semaine-action-benevole-2026\/wp-json\/wp\/v2\/media?parent=7865"}],"wp:term":[{"taxonomy":"page-categories","embeddable":true,"href":"https:\/\/kiosque.acadienouvelle.com\/semaine-action-benevole-2026\/wp-json\/wp\/v2\/page-categories?post=7865"}],"curies":[{"name":"wp","href":"https:\/\/api.w.org\/{rel}","templated":true}]}}