{"id":7892,"date":"2026-04-14T19:20:31","date_gmt":"2026-04-14T19:20:31","guid":{"rendered":"https:\/\/kiosque.acadienouvelle.com\/semaine-action-benevole-2026\/gabarit-landing-page-copy\/"},"modified":"2026-04-14T21:19:20","modified_gmt":"2026-04-14T21:19:20","slug":"gabarit-landing-page-copy","status":"publish","type":"page","link":"https:\/\/kiosque.acadienouvelle.com\/semaine-action-benevole-2026\/gabarit-landing-page-copy\/","title":{"rendered":"De valeureux b\u00e9n\u00e9voles honor\u00e9s en 2025"},"content":{"rendered":"\t\t<div data-elementor-type=\"wp-page\" data-elementor-id=\"7892\" class=\"elementor elementor-7892\" data-elementor-post-type=\"page\">\n\t\t\t\t\t\t<section class=\"elementor-section elementor-top-section elementor-element elementor-element-50c1b6e elementor-section-height-min-height header_title banner_img elementor-section-boxed elementor-section-height-default elementor-section-items-middle\" data-id=\"50c1b6e\" data-element_type=\"section\" data-e-type=\"section\" data-settings=\"{&quot;background_background&quot;:&quot;classic&quot;}\">\n\t\t\t\t\t\t\t<div class=\"elementor-background-overlay\"><\/div>\n\t\t\t\t\t\t\t<div class=\"elementor-container elementor-column-gap-default\">\n\t\t\t\t\t<div class=\"elementor-column elementor-col-100 elementor-top-column elementor-element elementor-element-3a2d241\" data-id=\"3a2d241\" data-element_type=\"column\" data-e-type=\"column\">\n\t\t\t<div class=\"elementor-widget-wrap elementor-element-populated\">\n\t\t\t\t\t\t<div class=\"elementor-element elementor-element-9673cd2 elementor-widget elementor-widget-heading\" data-id=\"9673cd2\" data-element_type=\"widget\" data-e-type=\"widget\" data-widget_type=\"heading.default\">\n\t\t\t\t<div class=\"elementor-widget-container\">\n\t\t\t\t\t<h2 class=\"elementor-heading-title elementor-size-default\">De valeureux b\u00e9n\u00e9voles honor\u00e9s en 2025<\/h2>\t\t\t\t<\/div>\n\t\t\t\t<\/div>\n\t\t\t\t\t<\/div>\n\t\t<\/div>\n\t\t\t\t\t<\/div>\n\t\t<\/section>\n\t\t\t\t<section class=\"elementor-section elementor-top-section elementor-element elementor-element-e38ae6b elementor-section-boxed elementor-section-height-default elementor-section-height-default\" data-id=\"e38ae6b\" data-element_type=\"section\" data-e-type=\"section\">\n\t\t\t\t\t\t<div class=\"elementor-container elementor-column-gap-default\">\n\t\t\t\t\t<div class=\"elementor-column elementor-col-100 elementor-top-column elementor-element elementor-element-9ac7c0e page_contain\" data-id=\"9ac7c0e\" data-element_type=\"column\" data-e-type=\"column\" data-settings=\"{&quot;background_background&quot;:&quot;classic&quot;}\">\n\t\t\t<div class=\"elementor-widget-wrap elementor-element-populated\">\n\t\t\t\t<link rel=\"stylesheet\" href=\"https:\/\/use.fontawesome.com\/releases\/v5.5.0\/css\/all.css\" integrity=\"sha384-B4dIYHKNBt8Bc12p+WXckhzcICo0wtJAoU8YZTY5qE0Id1GSseTk6S+L3BlXeVIU\" crossorigin=\"anonymous\">\r\n\t\t<div class=\"elementor-element elementor-element-31675ef mobile_pera elementor-widget elementor-widget-text-editor\" data-id=\"31675ef\" data-element_type=\"widget\" data-e-type=\"widget\" data-widget_type=\"text-editor.default\">\n\t\t\t\t<div class=\"elementor-widget-container\">\n\t\t\t\t\t\t\t\t\t<h1 style=\"text-align: center;\">COMMUNAUT\u00c9 R\u00c9GIONALE DE CAMPBELLTON<\/h1>\t\t\t\t\t\t\t\t<\/div>\n\t\t\t\t<\/div>\n\t\t\t\t<div class=\"elementor-element elementor-element-e4d5ca6 elementor-widget elementor-widget-image\" data-id=\"e4d5ca6\" data-element_type=\"widget\" data-e-type=\"widget\" data-widget_type=\"image.default\">\n\t\t\t\t<div class=\"elementor-widget-container\">\n\t\t\t\t\t\t\t\t\t\t\t\t<figure class=\"wp-caption\">\n\t\t\t\t\t\t\t\t\t\t<img fetchpriority=\"high\" decoding=\"async\" width=\"1366\" height=\"768\" src=\"https:\/\/kiosque.acadienouvelle.com\/semaine-action-benevole-2026\/wp-content\/uploads\/sites\/394\/2026\/04\/5-de_valeureux_benevole_landing.jpg\" class=\"attachment-full size-full wp-image-7900\" alt=\"\" srcset=\"https:\/\/kiosque.acadienouvelle.com\/semaine-action-benevole-2026\/wp-content\/uploads\/sites\/394\/2026\/04\/5-de_valeureux_benevole_landing.jpg 1366w, https:\/\/kiosque.acadienouvelle.com\/semaine-action-benevole-2026\/wp-content\/uploads\/sites\/394\/2026\/04\/5-de_valeureux_benevole_landing-300x169.jpg 300w, https:\/\/kiosque.acadienouvelle.com\/semaine-action-benevole-2026\/wp-content\/uploads\/sites\/394\/2026\/04\/5-de_valeureux_benevole_landing-1024x576.jpg 1024w, https:\/\/kiosque.acadienouvelle.com\/semaine-action-benevole-2026\/wp-content\/uploads\/sites\/394\/2026\/04\/5-de_valeureux_benevole_landing-768x432.jpg 768w\" sizes=\"(max-width: 1366px) 100vw, 1366px\" \/>\t\t\t\t\t\t\t\t\t\t\t<figcaption class=\"widget-image-caption wp-caption-text\"><\/figcaption>\n\t\t\t\t\t\t\t\t\t\t<\/figure>\n\t\t\t\t\t\t\t\t\t<\/div>\n\t\t\t\t<\/div>\n\t\t\t\t<div class=\"elementor-element elementor-element-8b7525d elementor-widget elementor-widget-advertisement\" data-id=\"8b7525d\" data-element_type=\"widget\" data-e-type=\"widget\" data-widget_type=\"advertisement.default\">\n\t\t\t\t<div class=\"elementor-widget-container\">\n\t\t\t\t\t<div class=\"ads-align-center\"><div style=\"min-width:300px\" data-m32-ad data-options='{\"sizes\":\"[[300,250]]\",\"dfpId\":\"21658289790,27729547\",\"dfpAdUnitPath\":\"acadienouvelle\/cahiers_quarterpage_300x250\"}'><\/div><\/div>\t\t\t\t<\/div>\n\t\t\t\t<\/div>\n\t\t\t\t\t<\/div>\n\t\t<\/div>\n\t\t\t\t\t<\/div>\n\t\t<\/section>\n\t\t\t\t<section class=\"elementor-section elementor-top-section elementor-element elementor-element-4825059 elementor-section-boxed elementor-section-height-default elementor-section-height-default\" data-id=\"4825059\" data-element_type=\"section\" data-e-type=\"section\">\n\t\t\t\t\t\t<div class=\"elementor-container elementor-column-gap-default\">\n\t\t\t\t\t<div class=\"elementor-column elementor-col-100 elementor-top-column elementor-element elementor-element-998afed page_contain\" data-id=\"998afed\" data-element_type=\"column\" data-e-type=\"column\" data-settings=\"{&quot;background_background&quot;:&quot;classic&quot;}\">\n\t\t\t<div class=\"elementor-widget-wrap elementor-element-populated\">\n\t\t\t\t\t\t<div class=\"elementor-element elementor-element-e5863c9 mobile_pera elementor-widget elementor-widget-text-editor\" data-id=\"e5863c9\" data-element_type=\"widget\" data-e-type=\"widget\" data-widget_type=\"text-editor.default\">\n\t\t\t\t<div class=\"elementor-widget-container\">\n\t\t\t\t\t\t\t\t\t<h1 style=\"text-align: center;\">VILLE DE SAINT-QUENTIN<\/h1>\t\t\t\t\t\t\t\t<\/div>\n\t\t\t\t<\/div>\n\t\t\t\t<div class=\"elementor-element elementor-element-5e52e9e elementor-widget elementor-widget-image\" data-id=\"5e52e9e\" data-element_type=\"widget\" data-e-type=\"widget\" data-widget_type=\"image.default\">\n\t\t\t\t<div class=\"elementor-widget-container\">\n\t\t\t\t\t\t\t\t\t\t\t\t<figure class=\"wp-caption\">\n\t\t\t\t\t\t\t\t\t\t<img decoding=\"async\" width=\"1366\" height=\"768\" src=\"https:\/\/kiosque.acadienouvelle.com\/semaine-action-benevole-2026\/wp-content\/uploads\/sites\/394\/2026\/04\/5-st_quentin.jpg\" class=\"attachment-full size-full wp-image-7901\" alt=\"\" srcset=\"https:\/\/kiosque.acadienouvelle.com\/semaine-action-benevole-2026\/wp-content\/uploads\/sites\/394\/2026\/04\/5-st_quentin.jpg 1366w, https:\/\/kiosque.acadienouvelle.com\/semaine-action-benevole-2026\/wp-content\/uploads\/sites\/394\/2026\/04\/5-st_quentin-300x169.jpg 300w, https:\/\/kiosque.acadienouvelle.com\/semaine-action-benevole-2026\/wp-content\/uploads\/sites\/394\/2026\/04\/5-st_quentin-1024x576.jpg 1024w, https:\/\/kiosque.acadienouvelle.com\/semaine-action-benevole-2026\/wp-content\/uploads\/sites\/394\/2026\/04\/5-st_quentin-768x432.jpg 768w\" sizes=\"(max-width: 1366px) 100vw, 1366px\" \/>\t\t\t\t\t\t\t\t\t\t\t<figcaption class=\"widget-image-caption wp-caption-text\"><\/figcaption>\n\t\t\t\t\t\t\t\t\t\t<\/figure>\n\t\t\t\t\t\t\t\t\t<\/div>\n\t\t\t\t<\/div>\n\t\t\t\t<div class=\"elementor-element elementor-element-600f49d mobile_pera elementor-widget elementor-widget-text-editor\" data-id=\"600f49d\" data-element_type=\"widget\" data-e-type=\"widget\" data-widget_type=\"text-editor.default\">\n\t\t\t\t<div class=\"elementor-widget-container\">\n\t\t\t\t\t\t\t\t\t<h1><strong>\u00c9tat actuel du b\u00e9n\u00e9volat au Canada<\/strong><\/h1>\t\t\t\t\t\t\t\t<\/div>\n\t\t\t\t<\/div>\n\t\t\t\t<div class=\"elementor-element elementor-element-0eb4b3f mobile_pera elementor-widget elementor-widget-text-editor\" data-id=\"0eb4b3f\" data-element_type=\"widget\" data-e-type=\"widget\" data-widget_type=\"text-editor.default\">\n\t\t\t\t<div class=\"elementor-widget-container\">\n\t\t\t\t\t\t\t\t\t<p>D\u2019un point de vue historique, le secteur b\u00e9n\u00e9vole canadien est solide et r\u00e9silient. D\u2019un oc\u00e9an \u00e0 l\u2019autre, les gens se sont toujours rassembl\u00e9s de diff\u00e9rentes fa\u00e7ons pour pr\u00eater l\u2019oreille, donner un coup de main, partager une comp\u00e9tence ou donner de leur temps ou de leurs ressources.<\/p>\t\t\t\t\t\t\t\t<\/div>\n\t\t\t\t<\/div>\n\t\t\t\t<div class=\"elementor-element elementor-element-8c288f4 mobile_pera elementor-widget elementor-widget-text-editor\" data-id=\"8c288f4\" data-element_type=\"widget\" data-e-type=\"widget\" data-widget_type=\"text-editor.default\">\n\t\t\t\t<div class=\"elementor-widget-container\">\n\t\t\t\t\t\t\t\t\t<p>Bien que ce soit encore le cas aujourd\u2019hui, le secteur b\u00e9n\u00e9vole vit de l\u2019incertitude depuis quelques ann\u00e9es. Le d\u00e9clin des taux de b\u00e9n\u00e9volat, les d\u00e9fis en mati\u00e8re de recrutement et de r\u00e9tention des b\u00e9n\u00e9voles et la demande toujours croissante pour les services ont accru la vuln\u00e9rabilit\u00e9 socio-\u00e9conomique de la population canadienne. En ces temps difficiles, les organismes b\u00e9n\u00e9voles continuent d\u2019\u00eatre au service de leurs collectivit\u00e9s sans pouvoir compter sur un syst\u00e8me de soutien qui leur permettrait d\u2019engager les b\u00e9n\u00e9voles de fa\u00e7on significative et de surmonter les obstacles persistants qui nuisent \u00e0 l\u2019acc\u00e8s au b\u00e9n\u00e9volat.<\/p>\t\t\t\t\t\t\t\t<\/div>\n\t\t\t\t<\/div>\n\t\t\t\t<div class=\"elementor-element elementor-element-1406a27 mobile_pera elementor-widget elementor-widget-text-editor\" data-id=\"1406a27\" data-element_type=\"widget\" data-e-type=\"widget\" data-widget_type=\"text-editor.default\">\n\t\t\t\t<div class=\"elementor-widget-container\">\n\t\t\t\t\t\t\t\t\t<p>Face \u00e0 divers d\u00e9fis urgents tels que l\u2019augmentation du co\u00fbt de la vie, le vieillissement de la population, l\u2019incidence continue de la pand\u00e9mie de COVID-19, le probl\u00e8me croissant que pose la solitude et la crise climatique, il est plus important que jamais de redynamiser le b\u00e9n\u00e9volat au Canada.<\/p>\t\t\t\t\t\t\t\t<\/div>\n\t\t\t\t<\/div>\n\t\t\t\t<div class=\"elementor-element elementor-element-1618b30 mobile_pera elementor-widget elementor-widget-text-editor\" data-id=\"1618b30\" data-element_type=\"widget\" data-e-type=\"widget\" data-widget_type=\"text-editor.default\">\n\t\t\t\t<div class=\"elementor-widget-container\">\n\t\t\t\t\t\t\t\t\t<p><b>Pour plus d\u2019information : https:\/\/benevoles.ca<\/b><\/p>\t\t\t\t\t\t\t\t<\/div>\n\t\t\t\t<\/div>\n\t\t\t\t\t<\/div>\n\t\t<\/div>\n\t\t\t\t\t<\/div>\n\t\t<\/section>\n\t\t\t\t<\/div>\n\t\t","protected":false},"excerpt":{"rendered":"<p>De valeureux b\u00e9n\u00e9voles honor\u00e9s en 2025 COMMUNAUT\u00c9 R\u00c9GIONALE DE CAMPBELLTON VILLE DE SAINT-QUENTIN \u00c9tat actuel du b\u00e9n\u00e9volat au Canada D\u2019un point de vue historique, le secteur b\u00e9n\u00e9vole canadien est solide et r\u00e9silient. D\u2019un oc\u00e9an \u00e0 l\u2019autre, les gens se sont toujours rassembl\u00e9s de diff\u00e9rentes fa\u00e7ons pour pr\u00eater l\u2019oreille, donner un coup de main, partager une [&hellip;]<\/p>\n","protected":false},"author":7,"featured_media":0,"parent":0,"menu_order":5,"comment_status":"closed","ping_status":"closed","template":"","meta":{"site-sidebar-layout":"no-sidebar","site-content-layout":"page-builder","ast-site-content-layout":"default","site-content-style":"default","site-sidebar-style":"default","ast-global-header-display":"","ast-banner-title-visibility":"","ast-main-header-display":"","ast-hfb-above-header-display":"","ast-hfb-below-header-display":"","ast-hfb-mobile-header-display":"","site-post-title":"disabled","ast-breadcrumbs-content":"","ast-featured-img":"disabled","footer-sml-layout":"","ast-disable-related-posts":"","theme-transparent-header-meta":"default","adv-header-id-meta":"","stick-header-meta":"","header-above-stick-meta":"","header-main-stick-meta":"","header-below-stick-meta":"","astra-migrate-meta-layouts":"default","ast-page-background-enabled":"default","ast-page-background-meta":{"desktop":{"background-color":"var(--ast-global-color-4)","background-image":"","background-repeat":"repeat","background-position":"center center","background-size":"auto","background-attachment":"scroll","background-type":"","background-media":"","overlay-type":"","overlay-color":"","overlay-opacity":"","overlay-gradient":""},"tablet":{"background-color":"","background-image":"","background-repeat":"repeat","background-position":"center center","background-size":"auto","background-attachment":"scroll","background-type":"","background-media":"","overlay-type":"","overlay-color":"","overlay-opacity":"","overlay-gradient":""},"mobile":{"background-color":"","background-image":"","background-repeat":"repeat","background-position":"center center","background-size":"auto","background-attachment":"scroll","background-type":"","background-media":"","overlay-type":"","overlay-color":"","overlay-opacity":"","overlay-gradient":""}},"ast-content-background-meta":{"desktop":{"background-color":"var(--ast-global-color-5)","background-image":"","background-repeat":"repeat","background-position":"center center","background-size":"auto","background-attachment":"scroll","background-type":"","background-media":"","overlay-type":"","overlay-color":"","overlay-opacity":"","overlay-gradient":""},"tablet":{"background-color":"var(--ast-global-color-5)","background-image":"","background-repeat":"repeat","background-position":"center center","background-size":"auto","background-attachment":"scroll","background-type":"","background-media":"","overlay-type":"","overlay-color":"","overlay-opacity":"","overlay-gradient":""},"mobile":{"background-color":"var(--ast-global-color-5)","background-image":"","background-repeat":"repeat","background-position":"center center","background-size":"auto","background-attachment":"scroll","background-type":"","background-media":"","overlay-type":"","overlay-color":"","overlay-opacity":"","overlay-gradient":""}},"footnotes":""},"page-categories":[],"class_list":["post-7892","page","type-page","status-publish","hentry"],"_links":{"self":[{"href":"https:\/\/kiosque.acadienouvelle.com\/semaine-action-benevole-2026\/wp-json\/wp\/v2\/pages\/7892","targetHints":{"allow":["GET"]}}],"collection":[{"href":"https:\/\/kiosque.acadienouvelle.com\/semaine-action-benevole-2026\/wp-json\/wp\/v2\/pages"}],"about":[{"href":"https:\/\/kiosque.acadienouvelle.com\/semaine-action-benevole-2026\/wp-json\/wp\/v2\/types\/page"}],"author":[{"embeddable":true,"href":"https:\/\/kiosque.acadienouvelle.com\/semaine-action-benevole-2026\/wp-json\/wp\/v2\/users\/7"}],"replies":[{"embeddable":true,"href":"https:\/\/kiosque.acadienouvelle.com\/semaine-action-benevole-2026\/wp-json\/wp\/v2\/comments?post=7892"}],"version-history":[{"count":16,"href":"https:\/\/kiosque.acadienouvelle.com\/semaine-action-benevole-2026\/wp-json\/wp\/v2\/pages\/7892\/revisions"}],"predecessor-version":[{"id":8090,"href":"https:\/\/kiosque.acadienouvelle.com\/semaine-action-benevole-2026\/wp-json\/wp\/v2\/pages\/7892\/revisions\/8090"}],"wp:attachment":[{"href":"https:\/\/kiosque.acadienouvelle.com\/semaine-action-benevole-2026\/wp-json\/wp\/v2\/media?parent=7892"}],"wp:term":[{"taxonomy":"page-categories","embeddable":true,"href":"https:\/\/kiosque.acadienouvelle.com\/semaine-action-benevole-2026\/wp-json\/wp\/v2\/page-categories?post=7892"}],"curies":[{"name":"wp","href":"https:\/\/api.w.org\/{rel}","templated":true}]}}