{"id":7976,"date":"2026-04-14T20:08:08","date_gmt":"2026-04-14T20:08:08","guid":{"rendered":"https:\/\/kiosque.acadienouvelle.com\/semaine-action-benevole-2026\/gabarit-landing-page-copy-copy-2\/"},"modified":"2026-04-15T20:18:10","modified_gmt":"2026-04-15T20:18:10","slug":"de-valeureux-benevoles-honores-en-2025-9","status":"publish","type":"page","link":"https:\/\/kiosque.acadienouvelle.com\/semaine-action-benevole-2026\/de-valeureux-benevoles-honores-en-2025-9\/","title":{"rendered":"De valeureux b\u00e9n\u00e9voles honor\u00e9s en 2025"},"content":{"rendered":"\t\t<div data-elementor-type=\"wp-page\" data-elementor-id=\"7976\" class=\"elementor elementor-7976\" data-elementor-post-type=\"page\">\n\t\t\t\t\t\t<section class=\"elementor-section elementor-top-section elementor-element elementor-element-50c1b6e elementor-section-height-min-height header_title banner_img elementor-section-boxed elementor-section-height-default elementor-section-items-middle\" data-id=\"50c1b6e\" data-element_type=\"section\" data-e-type=\"section\" data-settings=\"{&quot;background_background&quot;:&quot;classic&quot;}\">\n\t\t\t\t\t\t\t<div class=\"elementor-background-overlay\"><\/div>\n\t\t\t\t\t\t\t<div class=\"elementor-container elementor-column-gap-default\">\n\t\t\t\t\t<div class=\"elementor-column elementor-col-100 elementor-top-column elementor-element elementor-element-3a2d241\" data-id=\"3a2d241\" data-element_type=\"column\" data-e-type=\"column\">\n\t\t\t<div class=\"elementor-widget-wrap elementor-element-populated\">\n\t\t\t\t\t\t<div class=\"elementor-element elementor-element-9673cd2 elementor-widget elementor-widget-heading\" data-id=\"9673cd2\" data-element_type=\"widget\" data-e-type=\"widget\" data-widget_type=\"heading.default\">\n\t\t\t\t<div class=\"elementor-widget-container\">\n\t\t\t\t\t<h2 class=\"elementor-heading-title elementor-size-default\">De valeureux b\u00e9n\u00e9voles honor\u00e9s en 2025<\/h2>\t\t\t\t<\/div>\n\t\t\t\t<\/div>\n\t\t\t\t\t<\/div>\n\t\t<\/div>\n\t\t\t\t\t<\/div>\n\t\t<\/section>\n\t\t\t\t<section class=\"elementor-section elementor-top-section elementor-element elementor-element-e38ae6b elementor-section-boxed elementor-section-height-default elementor-section-height-default\" data-id=\"e38ae6b\" data-element_type=\"section\" data-e-type=\"section\">\n\t\t\t\t\t\t<div class=\"elementor-container elementor-column-gap-default\">\n\t\t\t\t\t<div class=\"elementor-column elementor-col-100 elementor-top-column elementor-element elementor-element-9ac7c0e page_contain\" data-id=\"9ac7c0e\" data-element_type=\"column\" data-e-type=\"column\" data-settings=\"{&quot;background_background&quot;:&quot;classic&quot;}\">\n\t\t\t<div class=\"elementor-widget-wrap elementor-element-populated\">\n\t\t\t\t<link rel=\"stylesheet\" href=\"https:\/\/use.fontawesome.com\/releases\/v5.5.0\/css\/all.css\" integrity=\"sha384-B4dIYHKNBt8Bc12p+WXckhzcICo0wtJAoU8YZTY5qE0Id1GSseTk6S+L3BlXeVIU\" crossorigin=\"anonymous\">\r\n\t\t<div class=\"elementor-element elementor-element-31675ef mobile_pera elementor-widget elementor-widget-text-editor\" data-id=\"31675ef\" data-element_type=\"widget\" data-e-type=\"widget\" data-widget_type=\"text-editor.default\">\n\t\t\t\t<div class=\"elementor-widget-container\">\n\t\t\t\t\t\t\t\t\t<h1 style=\"text-align: center;\">VILLE DE BATHURST<\/h1>\t\t\t\t\t\t\t\t<\/div>\n\t\t\t\t<\/div>\n\t\t\t\t<div class=\"elementor-element elementor-element-e4d5ca6 elementor-widget elementor-widget-image\" data-id=\"e4d5ca6\" data-element_type=\"widget\" data-e-type=\"widget\" data-widget_type=\"image.default\">\n\t\t\t\t<div class=\"elementor-widget-container\">\n\t\t\t\t\t\t\t\t\t\t\t\t<figure class=\"wp-caption\">\n\t\t\t\t\t\t\t\t\t\t<img fetchpriority=\"high\" decoding=\"async\" width=\"1366\" height=\"768\" src=\"https:\/\/kiosque.acadienouvelle.com\/semaine-action-benevole-2026\/wp-content\/uploads\/sites\/394\/2026\/04\/9-de_valeureux_benevole_landing.jpg\" class=\"attachment-full size-full wp-image-7988\" alt=\"\" srcset=\"https:\/\/kiosque.acadienouvelle.com\/semaine-action-benevole-2026\/wp-content\/uploads\/sites\/394\/2026\/04\/9-de_valeureux_benevole_landing.jpg 1366w, https:\/\/kiosque.acadienouvelle.com\/semaine-action-benevole-2026\/wp-content\/uploads\/sites\/394\/2026\/04\/9-de_valeureux_benevole_landing-300x169.jpg 300w, https:\/\/kiosque.acadienouvelle.com\/semaine-action-benevole-2026\/wp-content\/uploads\/sites\/394\/2026\/04\/9-de_valeureux_benevole_landing-1024x576.jpg 1024w, https:\/\/kiosque.acadienouvelle.com\/semaine-action-benevole-2026\/wp-content\/uploads\/sites\/394\/2026\/04\/9-de_valeureux_benevole_landing-768x432.jpg 768w\" sizes=\"(max-width: 1366px) 100vw, 1366px\" \/>\t\t\t\t\t\t\t\t\t\t\t<figcaption class=\"widget-image-caption wp-caption-text\"><\/figcaption>\n\t\t\t\t\t\t\t\t\t\t<\/figure>\n\t\t\t\t\t\t\t\t\t<\/div>\n\t\t\t\t<\/div>\n\t\t\t\t<div class=\"elementor-element elementor-element-8b7525d elementor-widget elementor-widget-advertisement\" data-id=\"8b7525d\" data-element_type=\"widget\" data-e-type=\"widget\" data-widget_type=\"advertisement.default\">\n\t\t\t\t<div class=\"elementor-widget-container\">\n\t\t\t\t\t<div class=\"ads-align-center\"><div style=\"min-width:300px\" data-m32-ad data-options='{\"sizes\":\"[[300,250]]\",\"dfpId\":\"21658289790,27729547\",\"dfpAdUnitPath\":\"acadienouvelle\/cahiers_quarterpage_300x250\"}'><\/div><\/div>\t\t\t\t<\/div>\n\t\t\t\t<\/div>\n\t\t\t\t\t<\/div>\n\t\t<\/div>\n\t\t\t\t\t<\/div>\n\t\t<\/section>\n\t\t\t\t<section class=\"elementor-section elementor-top-section elementor-element elementor-element-4825059 elementor-section-boxed elementor-section-height-default elementor-section-height-default\" data-id=\"4825059\" data-element_type=\"section\" data-e-type=\"section\">\n\t\t\t\t\t\t<div class=\"elementor-container elementor-column-gap-default\">\n\t\t\t\t\t<div class=\"elementor-column elementor-col-100 elementor-top-column elementor-element elementor-element-998afed page_contain\" data-id=\"998afed\" data-element_type=\"column\" data-e-type=\"column\" data-settings=\"{&quot;background_background&quot;:&quot;classic&quot;}\">\n\t\t\t<div class=\"elementor-widget-wrap elementor-element-populated\">\n\t\t\t\t\t\t<div class=\"elementor-element elementor-element-5e52e9e elementor-widget elementor-widget-image\" data-id=\"5e52e9e\" data-element_type=\"widget\" data-e-type=\"widget\" data-widget_type=\"image.default\">\n\t\t\t\t<div class=\"elementor-widget-container\">\n\t\t\t\t\t\t\t\t\t\t\t\t<figure class=\"wp-caption\">\n\t\t\t\t\t\t\t\t\t\t<img decoding=\"async\" width=\"1366\" height=\"768\" src=\"https:\/\/kiosque.acadienouvelle.com\/semaine-action-benevole-2026\/wp-content\/uploads\/sites\/394\/2026\/04\/9-photo.jpg\" class=\"attachment-full size-full wp-image-7989\" alt=\"\" srcset=\"https:\/\/kiosque.acadienouvelle.com\/semaine-action-benevole-2026\/wp-content\/uploads\/sites\/394\/2026\/04\/9-photo.jpg 1366w, https:\/\/kiosque.acadienouvelle.com\/semaine-action-benevole-2026\/wp-content\/uploads\/sites\/394\/2026\/04\/9-photo-300x169.jpg 300w, https:\/\/kiosque.acadienouvelle.com\/semaine-action-benevole-2026\/wp-content\/uploads\/sites\/394\/2026\/04\/9-photo-1024x576.jpg 1024w, https:\/\/kiosque.acadienouvelle.com\/semaine-action-benevole-2026\/wp-content\/uploads\/sites\/394\/2026\/04\/9-photo-768x432.jpg 768w\" sizes=\"(max-width: 1366px) 100vw, 1366px\" \/>\t\t\t\t\t\t\t\t\t\t\t<figcaption class=\"widget-image-caption wp-caption-text\"><\/figcaption>\n\t\t\t\t\t\t\t\t\t\t<\/figure>\n\t\t\t\t\t\t\t\t\t<\/div>\n\t\t\t\t<\/div>\n\t\t\t\t<div class=\"elementor-element elementor-element-0eb4b3f mobile_pera elementor-widget elementor-widget-text-editor\" data-id=\"0eb4b3f\" data-element_type=\"widget\" data-e-type=\"widget\" data-widget_type=\"text-editor.default\">\n\t\t\t\t<div class=\"elementor-widget-container\">\n\t\t\t\t\t\t\t\t\t<p><img decoding=\"async\" class=\"size-full wp-image-7978 aligncenter\" src=\"https:\/\/kiosque.acadienouvelle.com\/semaine-action-benevole-2026\/wp-content\/uploads\/sites\/394\/2026\/04\/9-logo_richelieu.jpg\" alt=\"\" width=\"485\" height=\"382\" srcset=\"https:\/\/kiosque.acadienouvelle.com\/semaine-action-benevole-2026\/wp-content\/uploads\/sites\/394\/2026\/04\/9-logo_richelieu.jpg 485w, https:\/\/kiosque.acadienouvelle.com\/semaine-action-benevole-2026\/wp-content\/uploads\/sites\/394\/2026\/04\/9-logo_richelieu-300x236.jpg 300w\" sizes=\"(max-width: 485px) 100vw, 485px\" \/><\/p>\t\t\t\t\t\t\t\t<\/div>\n\t\t\t\t<\/div>\n\t\t\t\t<div class=\"elementor-element elementor-element-600f49d mobile_pera elementor-widget elementor-widget-text-editor\" data-id=\"600f49d\" data-element_type=\"widget\" data-e-type=\"widget\" data-widget_type=\"text-editor.default\">\n\t\t\t\t<div class=\"elementor-widget-container\">\n\t\t\t\t\t\t\t\t\t<h1>Les clubs Richelieu<\/h1>\t\t\t\t\t\t\t\t<\/div>\n\t\t\t\t<\/div>\n\t\t\t\t<div class=\"elementor-element elementor-element-ece1eac mobile_pera elementor-widget elementor-widget-text-editor\" data-id=\"ece1eac\" data-element_type=\"widget\" data-e-type=\"widget\" data-widget_type=\"text-editor.default\">\n\t\t\t\t<div class=\"elementor-widget-container\">\n\t\t\t\t\t\t\t\t\t<p><b>Voil\u00e0 un mouvement qui valorise le b\u00e9n\u00e9volat!<\/b><\/p>\t\t\t\t\t\t\t\t<\/div>\n\t\t\t\t<\/div>\n\t\t\t\t<div class=\"elementor-element elementor-element-8c288f4 mobile_pera elementor-widget elementor-widget-text-editor\" data-id=\"8c288f4\" data-element_type=\"widget\" data-e-type=\"widget\" data-widget_type=\"text-editor.default\">\n\t\t\t\t<div class=\"elementor-widget-container\">\n\t\t\t\t\t\t\t\t\t<p>Durant la Semaine Richelieu au mois de mars dernier, l\u2019Acadie Nouvelle a publi\u00e9 une \u00e9dition sp\u00e9ciale de 20 pages. \u00c0 l\u2019int\u00e9rieur de cette publication, les lecteurs et lectrices ont pu constater \u00e0 quel point ce mouvement est hyper important pour notre jeunesse et la francophonie dans nos villes et villages.<\/p>\t\t\t\t\t\t\t\t<\/div>\n\t\t\t\t<\/div>\n\t\t\t\t<div class=\"elementor-element elementor-element-1406a27 mobile_pera elementor-widget elementor-widget-text-editor\" data-id=\"1406a27\" data-element_type=\"widget\" data-e-type=\"widget\" data-widget_type=\"text-editor.default\">\n\t\t\t\t<div class=\"elementor-widget-container\">\n\t\t\t\t\t\t\t\t\t<p>Par l\u2019entremise d\u2019une foule d\u2019activit\u00e9s \u00e0 longueur d\u2019ann\u00e9e, les b\u00e9n\u00e9voles Richelieu (et ils sont nombreux \u00e0 travers la province) assurent, entre autres, la survie des activit\u00e9s scolaires, l\u2019am\u00e9lioration des parcs Richelieu pour nos enfants, le d\u00e9veloppement des installations sportives et r\u00e9cr\u00e9atives et l\u2019\u00e9panouissement du secteur culturel.<\/p>\t\t\t\t\t\t\t\t<\/div>\n\t\t\t\t<\/div>\n\t\t\t\t<div class=\"elementor-element elementor-element-1088e14 mobile_pera elementor-widget elementor-widget-text-editor\" data-id=\"1088e14\" data-element_type=\"widget\" data-e-type=\"widget\" data-widget_type=\"text-editor.default\">\n\t\t\t\t<div class=\"elementor-widget-container\">\n\t\t\t\t\t\t\t\t\t<p>Prenons le temps de leur dire MERCI pour le temps consacr\u00e9 \u00e0 notre jeunesse et \u00e0 leur implication afin d\u2019assurer le d\u00e9veloppement des infrastructures dans nos communaut\u00e9s.<\/p>\t\t\t\t\t\t\t\t<\/div>\n\t\t\t\t<\/div>\n\t\t\t\t\t<\/div>\n\t\t<\/div>\n\t\t\t\t\t<\/div>\n\t\t<\/section>\n\t\t\t\t<\/div>\n\t\t","protected":false},"excerpt":{"rendered":"<p>De valeureux b\u00e9n\u00e9voles honor\u00e9s en 2025 VILLE DE BATHURST Les clubs Richelieu Voil\u00e0 un mouvement qui valorise le b\u00e9n\u00e9volat! Durant la Semaine Richelieu au mois de mars dernier, l\u2019Acadie Nouvelle a publi\u00e9 une \u00e9dition sp\u00e9ciale de 20 pages. \u00c0 l\u2019int\u00e9rieur de cette publication, les lecteurs et lectrices ont pu constater \u00e0 quel point ce mouvement [&hellip;]<\/p>\n","protected":false},"author":7,"featured_media":0,"parent":0,"menu_order":9,"comment_status":"closed","ping_status":"closed","template":"","meta":{"site-sidebar-layout":"no-sidebar","site-content-layout":"page-builder","ast-site-content-layout":"default","site-content-style":"default","site-sidebar-style":"default","ast-global-header-display":"","ast-banner-title-visibility":"","ast-main-header-display":"","ast-hfb-above-header-display":"","ast-hfb-below-header-display":"","ast-hfb-mobile-header-display":"","site-post-title":"disabled","ast-breadcrumbs-content":"","ast-featured-img":"disabled","footer-sml-layout":"","ast-disable-related-posts":"","theme-transparent-header-meta":"default","adv-header-id-meta":"","stick-header-meta":"","header-above-stick-meta":"","header-main-stick-meta":"","header-below-stick-meta":"","astra-migrate-meta-layouts":"default","ast-page-background-enabled":"default","ast-page-background-meta":{"desktop":{"background-color":"var(--ast-global-color-4)","background-image":"","background-repeat":"repeat","background-position":"center center","background-size":"auto","background-attachment":"scroll","background-type":"","background-media":"","overlay-type":"","overlay-color":"","overlay-opacity":"","overlay-gradient":""},"tablet":{"background-color":"","background-image":"","background-repeat":"repeat","background-position":"center center","background-size":"auto","background-attachment":"scroll","background-type":"","background-media":"","overlay-type":"","overlay-color":"","overlay-opacity":"","overlay-gradient":""},"mobile":{"background-color":"","background-image":"","background-repeat":"repeat","background-position":"center center","background-size":"auto","background-attachment":"scroll","background-type":"","background-media":"","overlay-type":"","overlay-color":"","overlay-opacity":"","overlay-gradient":""}},"ast-content-background-meta":{"desktop":{"background-color":"var(--ast-global-color-5)","background-image":"","background-repeat":"repeat","background-position":"center center","background-size":"auto","background-attachment":"scroll","background-type":"","background-media":"","overlay-type":"","overlay-color":"","overlay-opacity":"","overlay-gradient":""},"tablet":{"background-color":"var(--ast-global-color-5)","background-image":"","background-repeat":"repeat","background-position":"center center","background-size":"auto","background-attachment":"scroll","background-type":"","background-media":"","overlay-type":"","overlay-color":"","overlay-opacity":"","overlay-gradient":""},"mobile":{"background-color":"var(--ast-global-color-5)","background-image":"","background-repeat":"repeat","background-position":"center center","background-size":"auto","background-attachment":"scroll","background-type":"","background-media":"","overlay-type":"","overlay-color":"","overlay-opacity":"","overlay-gradient":""}},"footnotes":""},"page-categories":[],"class_list":["post-7976","page","type-page","status-publish","hentry"],"_links":{"self":[{"href":"https:\/\/kiosque.acadienouvelle.com\/semaine-action-benevole-2026\/wp-json\/wp\/v2\/pages\/7976","targetHints":{"allow":["GET"]}}],"collection":[{"href":"https:\/\/kiosque.acadienouvelle.com\/semaine-action-benevole-2026\/wp-json\/wp\/v2\/pages"}],"about":[{"href":"https:\/\/kiosque.acadienouvelle.com\/semaine-action-benevole-2026\/wp-json\/wp\/v2\/types\/page"}],"author":[{"embeddable":true,"href":"https:\/\/kiosque.acadienouvelle.com\/semaine-action-benevole-2026\/wp-json\/wp\/v2\/users\/7"}],"replies":[{"embeddable":true,"href":"https:\/\/kiosque.acadienouvelle.com\/semaine-action-benevole-2026\/wp-json\/wp\/v2\/comments?post=7976"}],"version-history":[{"count":16,"href":"https:\/\/kiosque.acadienouvelle.com\/semaine-action-benevole-2026\/wp-json\/wp\/v2\/pages\/7976\/revisions"}],"predecessor-version":[{"id":8140,"href":"https:\/\/kiosque.acadienouvelle.com\/semaine-action-benevole-2026\/wp-json\/wp\/v2\/pages\/7976\/revisions\/8140"}],"wp:attachment":[{"href":"https:\/\/kiosque.acadienouvelle.com\/semaine-action-benevole-2026\/wp-json\/wp\/v2\/media?parent=7976"}],"wp:term":[{"taxonomy":"page-categories","embeddable":true,"href":"https:\/\/kiosque.acadienouvelle.com\/semaine-action-benevole-2026\/wp-json\/wp\/v2\/page-categories?post=7976"}],"curies":[{"name":"wp","href":"https:\/\/api.w.org\/{rel}","templated":true}]}}