{"id":7897,"date":"2026-03-10T18:43:28","date_gmt":"2026-03-10T18:43:28","guid":{"rendered":"https:\/\/kiosque.acadienouvelle.com\/semaine-francais-2026\/?page_id=7897"},"modified":"2026-03-12T17:49:05","modified_gmt":"2026-03-12T17:49:05","slug":"message-premire-ministre","status":"publish","type":"page","link":"https:\/\/kiosque.acadienouvelle.com\/semaine-francais-2026\/message-premire-ministre\/","title":{"rendered":"Message de la premi\u00e8re ministre, Susan Holt"},"content":{"rendered":"\t\t<div data-elementor-type=\"wp-page\" data-elementor-id=\"7897\" class=\"elementor elementor-7897\" data-elementor-post-type=\"page\">\n\t\t\t\t\t\t<section class=\"elementor-section elementor-top-section elementor-element elementor-element-50c1b6e elementor-section-height-min-height header_title banner_img elementor-section-boxed elementor-section-height-default elementor-section-items-middle\" data-id=\"50c1b6e\" data-element_type=\"section\" data-e-type=\"section\" data-settings=\"{&quot;background_background&quot;:&quot;classic&quot;}\">\n\t\t\t\t\t\t\t<div class=\"elementor-background-overlay\"><\/div>\n\t\t\t\t\t\t\t<div class=\"elementor-container elementor-column-gap-default\">\n\t\t\t\t\t<div class=\"elementor-column elementor-col-100 elementor-top-column elementor-element elementor-element-3a2d241\" data-id=\"3a2d241\" data-element_type=\"column\" data-e-type=\"column\">\n\t\t\t<div class=\"elementor-widget-wrap elementor-element-populated\">\n\t\t\t\t\t\t<div class=\"elementor-element elementor-element-9673cd2 elementor-widget elementor-widget-heading\" data-id=\"9673cd2\" data-element_type=\"widget\" data-e-type=\"widget\" data-widget_type=\"heading.default\">\n\t\t\t\t<div class=\"elementor-widget-container\">\n\t\t\t\t\t<h2 class=\"elementor-heading-title elementor-size-default\">Message de la premi\u00e8re ministre, Susan Holt<\/h2>\t\t\t\t<\/div>\n\t\t\t\t<\/div>\n\t\t\t\t\t<\/div>\n\t\t<\/div>\n\t\t\t\t\t<\/div>\n\t\t<\/section>\n\t\t\t\t<section class=\"elementor-section elementor-top-section elementor-element elementor-element-d9a853a elementor-section-boxed elementor-section-height-default elementor-section-height-default\" data-id=\"d9a853a\" data-element_type=\"section\" data-e-type=\"section\">\n\t\t\t\t\t\t<div class=\"elementor-container elementor-column-gap-default\">\n\t\t\t\t\t<div class=\"elementor-column elementor-col-100 elementor-top-column elementor-element elementor-element-68d9c5a page_contain\" data-id=\"68d9c5a\" data-element_type=\"column\" data-e-type=\"column\" data-settings=\"{&quot;background_background&quot;:&quot;classic&quot;}\">\n\t\t\t<div class=\"elementor-widget-wrap elementor-element-populated\">\n\t\t\t\t\t\t<div class=\"elementor-element elementor-element-50f1f9b elementor-widget elementor-widget-image\" data-id=\"50f1f9b\" data-element_type=\"widget\" data-e-type=\"widget\" data-widget_type=\"image.default\">\n\t\t\t\t<div class=\"elementor-widget-container\">\n\t\t\t\t\t\t\t\t\t\t\t\t<figure class=\"wp-caption\">\n\t\t\t\t\t\t\t\t\t\t<img fetchpriority=\"high\" decoding=\"async\" width=\"485\" height=\"382\" src=\"https:\/\/kiosque.acadienouvelle.com\/semaine-francais-2026\/wp-content\/uploads\/sites\/384\/2026\/03\/03_susan-holt.jpg\" class=\"attachment-full size-full wp-image-7726\" alt=\"\" srcset=\"https:\/\/kiosque.acadienouvelle.com\/semaine-francais-2026\/wp-content\/uploads\/sites\/384\/2026\/03\/03_susan-holt.jpg 485w, https:\/\/kiosque.acadienouvelle.com\/semaine-francais-2026\/wp-content\/uploads\/sites\/384\/2026\/03\/03_susan-holt-300x236.jpg 300w\" sizes=\"(max-width: 485px) 100vw, 485px\" \/>\t\t\t\t\t\t\t\t\t\t\t<figcaption class=\"widget-image-caption wp-caption-text\">Susan Holt<\/figcaption>\n\t\t\t\t\t\t\t\t\t\t<\/figure>\n\t\t\t\t\t\t\t\t\t<\/div>\n\t\t\t\t<\/div>\n\t\t<link rel=\"stylesheet\" href=\"https:\/\/use.fontawesome.com\/releases\/v5.5.0\/css\/all.css\" integrity=\"sha384-B4dIYHKNBt8Bc12p+WXckhzcICo0wtJAoU8YZTY5qE0Id1GSseTk6S+L3BlXeVIU\" crossorigin=\"anonymous\">\r\n\t\t<div class=\"elementor-element elementor-element-d0a0a3b mobile_pera elementor-widget elementor-widget-text-editor\" data-id=\"d0a0a3b\" data-element_type=\"widget\" data-e-type=\"widget\" data-widget_type=\"text-editor.default\">\n\t\t\t\t<div class=\"elementor-widget-container\">\n\t\t\t\t\t\t\t\t\tChaque ann\u00e9e, la Semaine provinciale de la fiert\u00e9 fran\u00e7aise nous rassemble pour c\u00e9l\u00e9brer la vitalit\u00e9 et la richesse de la francophonie au Nouveau-Brunswick. C\u2019est un moment privil\u00e9gi\u00e9 pour reconna\u00eetre celles et ceux qui, par leur passion et leur engagement, font vivre la langue fran\u00e7aise partout dans nos communaut\u00e9s.\n\t\t\t\t\t\t\t\t<\/div>\n\t\t\t\t<\/div>\n\t\t\t\t<div class=\"elementor-element elementor-element-12e7286 elementor-widget elementor-widget-advertisement\" data-id=\"12e7286\" data-element_type=\"widget\" data-e-type=\"widget\" data-widget_type=\"advertisement.default\">\n\t\t\t\t<div class=\"elementor-widget-container\">\n\t\t\t\t\t<div class=\"ads-align-center\"><div data-m32-ad data-options='{\"sizes\":\"[[300,100]]\",\"dfpId\":\"21658289790,27729547\",\"dfpAdUnitPath\":\"acadienouvelle\/cahiers_onefifthpage_300x100\"}'><\/div><\/div>\t\t\t\t<\/div>\n\t\t\t\t<\/div>\n\t\t\t\t<div class=\"elementor-element elementor-element-ebae22e mobile_pera elementor-widget elementor-widget-text-editor\" data-id=\"ebae22e\" data-element_type=\"widget\" data-e-type=\"widget\" data-widget_type=\"text-editor.default\">\n\t\t\t\t<div class=\"elementor-widget-container\">\n\t\t\t\t\t\t\t\t\tSeule province officiellement bilingue du pays, le Nouveau-Brunswick occupe une place unique au Canada. Ici, le fran\u00e7ais est bien plus qu\u2019une langue : il porte notre histoire, refl\u00e8te la culture acadienne et francophone et unit les g\u00e9n\u00e9rations. Il est au c\u0153ur de notre identit\u00e9 collective.\n\t\t\t\t\t\t\t\t<\/div>\n\t\t\t\t<\/div>\n\t\t\t\t<div class=\"elementor-element elementor-element-3c4823d mobile_pera elementor-widget elementor-widget-text-editor\" data-id=\"3c4823d\" data-element_type=\"widget\" data-e-type=\"widget\" data-widget_type=\"text-editor.default\">\n\t\t\t\t<div class=\"elementor-widget-container\">\n\t\t\t\t\t\t\t\t\t\u00c0 titre de premi\u00e8re ministre et ministre responsable des Langues officielles, je suis fi\u00e8re de voir le fran\u00e7ais transmis, partag\u00e9 et c\u00e9l\u00e9br\u00e9 chaque jour. Des familles aux enseignants, des artistes aux organismes communautaires, nombreuses sont les personnes qui contribuent activement \u00e0 son rayonnement et \u00e0 sa p\u00e9rennit\u00e9.\n\t\t\t\t\t\t\t\t<\/div>\n\t\t\t\t<\/div>\n\t\t\t\t<div class=\"elementor-element elementor-element-c70642c mobile_pera elementor-widget elementor-widget-text-editor\" data-id=\"c70642c\" data-element_type=\"widget\" data-e-type=\"widget\" data-widget_type=\"text-editor.default\">\n\t\t\t\t<div class=\"elementor-widget-container\">\n\t\t\t\t\t\t\t\t\tLe th\u00e8me de cette ann\u00e9e, Notre francophonie unique, vibrante et g\u00e9niale, illustre parfaitement notre r\u00e9alit\u00e9. Notre diversit\u00e9 est notre plus grande force. Elle alimente une culture dynamique qui s\u2019exprime dans nos \u00e9coles, sur nos sc\u00e8nes, dans nos festivals et au sein de nos communaut\u00e9s.\t\t\t\t\t\t\t\t<\/div>\n\t\t\t\t<\/div>\n\t\t\t\t<div class=\"elementor-element elementor-element-166374c box_pera elementor-widget elementor-widget-text-editor\" data-id=\"166374c\" data-element_type=\"widget\" data-e-type=\"widget\" data-widget_type=\"text-editor.default\">\n\t\t\t\t<div class=\"elementor-widget-container\">\n\t\t\t\t\t\t\t\t\t<h1>F\u00e9licitations M\u00e9lodie!<b>&nbsp;<br><\/b><\/h1>\n<p><img decoding=\"async\" class=\" wp-image-7725 aligncenter\" src=\"https:\/\/kiosque.acadienouvelle.com\/semaine-francais-2026\/wp-content\/uploads\/sites\/384\/2026\/03\/03_photo_bdv-300x295.jpg\" alt=\"\" width=\"498\" height=\"489\" srcset=\"https:\/\/kiosque.acadienouvelle.com\/semaine-francais-2026\/wp-content\/uploads\/sites\/384\/2026\/03\/03_photo_bdv-300x295.jpg 300w, https:\/\/kiosque.acadienouvelle.com\/semaine-francais-2026\/wp-content\/uploads\/sites\/384\/2026\/03\/03_photo_bdv-768x756.jpg 768w, https:\/\/kiosque.acadienouvelle.com\/semaine-francais-2026\/wp-content\/uploads\/sites\/384\/2026\/03\/03_photo_bdv.jpg 800w\" sizes=\"(max-width: 498px) 100vw, 498px\" \/><\/p>\n<p>Voici la grande gagnante du concours de l\u2019affiche de la SPFF 2025-2026.&nbsp;<\/p>\n<p>Il s\u2019agit de M\u00e9lodie Cormier de l\u2019\u00c9cole Fran\u00e7ois-Xavier Daigle d\u2019Allardville. Sur la photo, M\u00e9lodie re\u00e7oit son prix de Denis Ferron du minist\u00e8re de l\u2019\u00c9ducation et du D\u00e9veloppement de la petite enfance du N.-B.&nbsp;<\/p>\t\t\t\t\t\t\t\t<\/div>\n\t\t\t\t<\/div>\n\t\t\t\t\t<\/div>\n\t\t<\/div>\n\t\t\t\t\t<\/div>\n\t\t<\/section>\n\t\t\t\t<\/div>\n\t\t","protected":false},"excerpt":{"rendered":"<p>Message de la premi\u00e8re ministre, Susan Holt Susan Holt Chaque ann\u00e9e, la Semaine provinciale de la fiert\u00e9 fran\u00e7aise nous rassemble pour c\u00e9l\u00e9brer la vitalit\u00e9 et la richesse de la francophonie au Nouveau-Brunswick. C\u2019est un moment privil\u00e9gi\u00e9 pour reconna\u00eetre celles et ceux qui, par leur passion et leur engagement, font vivre la langue fran\u00e7aise partout dans [&hellip;]<\/p>\n","protected":false},"author":1,"featured_media":0,"parent":0,"menu_order":3,"comment_status":"closed","ping_status":"closed","template":"","meta":{"site-sidebar-layout":"no-sidebar","site-content-layout":"page-builder","ast-site-content-layout":"default","site-content-style":"default","site-sidebar-style":"default","ast-global-header-display":"","ast-banner-title-visibility":"","ast-main-header-display":"","ast-hfb-above-header-display":"","ast-hfb-below-header-display":"","ast-hfb-mobile-header-display":"","site-post-title":"disabled","ast-breadcrumbs-content":"","ast-featured-img":"disabled","footer-sml-layout":"","ast-disable-related-posts":"","theme-transparent-header-meta":"default","adv-header-id-meta":"","stick-header-meta":"","header-above-stick-meta":"","header-main-stick-meta":"","header-below-stick-meta":"","astra-migrate-meta-layouts":"default","ast-page-background-enabled":"default","ast-page-background-meta":{"desktop":{"background-color":"var(--ast-global-color-4)","background-image":"","background-repeat":"repeat","background-position":"center center","background-size":"auto","background-attachment":"scroll","background-type":"","background-media":"","overlay-type":"","overlay-color":"","overlay-opacity":"","overlay-gradient":""},"tablet":{"background-color":"","background-image":"","background-repeat":"repeat","background-position":"center center","background-size":"auto","background-attachment":"scroll","background-type":"","background-media":"","overlay-type":"","overlay-color":"","overlay-opacity":"","overlay-gradient":""},"mobile":{"background-color":"","background-image":"","background-repeat":"repeat","background-position":"center center","background-size":"auto","background-attachment":"scroll","background-type":"","background-media":"","overlay-type":"","overlay-color":"","overlay-opacity":"","overlay-gradient":""}},"ast-content-background-meta":{"desktop":{"background-color":"var(--ast-global-color-5)","background-image":"","background-repeat":"repeat","background-position":"center center","background-size":"auto","background-attachment":"scroll","background-type":"","background-media":"","overlay-type":"","overlay-color":"","overlay-opacity":"","overlay-gradient":""},"tablet":{"background-color":"var(--ast-global-color-5)","background-image":"","background-repeat":"repeat","background-position":"center center","background-size":"auto","background-attachment":"scroll","background-type":"","background-media":"","overlay-type":"","overlay-color":"","overlay-opacity":"","overlay-gradient":""},"mobile":{"background-color":"var(--ast-global-color-5)","background-image":"","background-repeat":"repeat","background-position":"center center","background-size":"auto","background-attachment":"scroll","background-type":"","background-media":"","overlay-type":"","overlay-color":"","overlay-opacity":"","overlay-gradient":""}},"footnotes":""},"page-categories":[],"class_list":["post-7897","page","type-page","status-publish","hentry"],"_links":{"self":[{"href":"https:\/\/kiosque.acadienouvelle.com\/semaine-francais-2026\/wp-json\/wp\/v2\/pages\/7897","targetHints":{"allow":["GET"]}}],"collection":[{"href":"https:\/\/kiosque.acadienouvelle.com\/semaine-francais-2026\/wp-json\/wp\/v2\/pages"}],"about":[{"href":"https:\/\/kiosque.acadienouvelle.com\/semaine-francais-2026\/wp-json\/wp\/v2\/types\/page"}],"author":[{"embeddable":true,"href":"https:\/\/kiosque.acadienouvelle.com\/semaine-francais-2026\/wp-json\/wp\/v2\/users\/1"}],"replies":[{"embeddable":true,"href":"https:\/\/kiosque.acadienouvelle.com\/semaine-francais-2026\/wp-json\/wp\/v2\/comments?post=7897"}],"version-history":[{"count":12,"href":"https:\/\/kiosque.acadienouvelle.com\/semaine-francais-2026\/wp-json\/wp\/v2\/pages\/7897\/revisions"}],"predecessor-version":[{"id":8139,"href":"https:\/\/kiosque.acadienouvelle.com\/semaine-francais-2026\/wp-json\/wp\/v2\/pages\/7897\/revisions\/8139"}],"wp:attachment":[{"href":"https:\/\/kiosque.acadienouvelle.com\/semaine-francais-2026\/wp-json\/wp\/v2\/media?parent=7897"}],"wp:term":[{"taxonomy":"page-categories","embeddable":true,"href":"https:\/\/kiosque.acadienouvelle.com\/semaine-francais-2026\/wp-json\/wp\/v2\/page-categories?post=7897"}],"curies":[{"name":"wp","href":"https:\/\/api.w.org\/{rel}","templated":true}]}}