{"id":7932,"date":"2026-03-10T19:30:49","date_gmt":"2026-03-10T19:30:49","guid":{"rendered":"https:\/\/kiosque.acadienouvelle.com\/semaine-francais-2026\/?page_id=7932"},"modified":"2026-03-11T18:39:01","modified_gmt":"2026-03-11T18:39:01","slug":"la-coupe-ethique","status":"publish","type":"page","link":"https:\/\/kiosque.acadienouvelle.com\/semaine-francais-2026\/la-coupe-ethique\/","title":{"rendered":"La Coupe \u00c9thique 2026 fut un r\u00e9el succ\u00e8s!"},"content":{"rendered":"\t\t<div data-elementor-type=\"wp-page\" data-elementor-id=\"7932\" class=\"elementor elementor-7932\" data-elementor-post-type=\"page\">\n\t\t\t\t\t\t<section class=\"elementor-section elementor-top-section elementor-element elementor-element-50c1b6e elementor-section-height-min-height header_title banner_img elementor-section-boxed elementor-section-height-default elementor-section-items-middle\" data-id=\"50c1b6e\" data-element_type=\"section\" data-e-type=\"section\" data-settings=\"{&quot;background_background&quot;:&quot;classic&quot;}\">\n\t\t\t\t\t\t\t<div class=\"elementor-background-overlay\"><\/div>\n\t\t\t\t\t\t\t<div class=\"elementor-container elementor-column-gap-default\">\n\t\t\t\t\t<div class=\"elementor-column elementor-col-100 elementor-top-column elementor-element elementor-element-3a2d241\" data-id=\"3a2d241\" data-element_type=\"column\" data-e-type=\"column\">\n\t\t\t<div class=\"elementor-widget-wrap elementor-element-populated\">\n\t\t\t\t\t\t<div class=\"elementor-element elementor-element-9673cd2 elementor-widget elementor-widget-heading\" data-id=\"9673cd2\" data-element_type=\"widget\" data-e-type=\"widget\" data-widget_type=\"heading.default\">\n\t\t\t\t<div class=\"elementor-widget-container\">\n\t\t\t\t\t<h2 class=\"elementor-heading-title elementor-size-default\">La Coupe \u00c9thique 2026 fut un r\u00e9el succ\u00e8s!<\/h2>\t\t\t\t<\/div>\n\t\t\t\t<\/div>\n\t\t\t\t\t<\/div>\n\t\t<\/div>\n\t\t\t\t\t<\/div>\n\t\t<\/section>\n\t\t\t\t<section class=\"elementor-section elementor-top-section elementor-element elementor-element-d9a853a elementor-section-boxed elementor-section-height-default elementor-section-height-default\" data-id=\"d9a853a\" data-element_type=\"section\" data-e-type=\"section\">\n\t\t\t\t\t\t<div class=\"elementor-container elementor-column-gap-default\">\n\t\t\t\t\t<div class=\"elementor-column elementor-col-100 elementor-top-column elementor-element elementor-element-68d9c5a page_contain\" data-id=\"68d9c5a\" data-element_type=\"column\" data-e-type=\"column\" data-settings=\"{&quot;background_background&quot;:&quot;classic&quot;}\">\n\t\t\t<div class=\"elementor-widget-wrap elementor-element-populated\">\n\t\t\t\t\t\t<div class=\"elementor-element elementor-element-50f1f9b elementor-widget elementor-widget-image\" data-id=\"50f1f9b\" data-element_type=\"widget\" data-e-type=\"widget\" data-widget_type=\"image.default\">\n\t\t\t\t<div class=\"elementor-widget-container\">\n\t\t\t\t\t\t\t\t\t\t\t\t<figure class=\"wp-caption\">\n\t\t\t\t\t\t\t\t\t\t<img fetchpriority=\"high\" decoding=\"async\" width=\"1366\" height=\"768\" src=\"https:\/\/kiosque.acadienouvelle.com\/semaine-francais-2026\/wp-content\/uploads\/sites\/384\/2026\/03\/06_photo-de-groupe_land.jpg\" class=\"attachment-full size-full wp-image-7731\" alt=\"\" srcset=\"https:\/\/kiosque.acadienouvelle.com\/semaine-francais-2026\/wp-content\/uploads\/sites\/384\/2026\/03\/06_photo-de-groupe_land.jpg 1366w, https:\/\/kiosque.acadienouvelle.com\/semaine-francais-2026\/wp-content\/uploads\/sites\/384\/2026\/03\/06_photo-de-groupe_land-300x169.jpg 300w, https:\/\/kiosque.acadienouvelle.com\/semaine-francais-2026\/wp-content\/uploads\/sites\/384\/2026\/03\/06_photo-de-groupe_land-1024x576.jpg 1024w, https:\/\/kiosque.acadienouvelle.com\/semaine-francais-2026\/wp-content\/uploads\/sites\/384\/2026\/03\/06_photo-de-groupe_land-768x432.jpg 768w\" sizes=\"(max-width: 1366px) 100vw, 1366px\" \/>\t\t\t\t\t\t\t\t\t\t\t<figcaption class=\"widget-image-caption wp-caption-text\">Les gagnant(e)s et participant(e)s de la 2e finale de la Coupe \u00c9thique. <\/figcaption>\n\t\t\t\t\t\t\t\t\t\t<\/figure>\n\t\t\t\t\t\t\t\t\t<\/div>\n\t\t\t\t<\/div>\n\t\t<link rel=\"stylesheet\" href=\"https:\/\/use.fontawesome.com\/releases\/v5.5.0\/css\/all.css\" integrity=\"sha384-B4dIYHKNBt8Bc12p+WXckhzcICo0wtJAoU8YZTY5qE0Id1GSseTk6S+L3BlXeVIU\" crossorigin=\"anonymous\">\r\n\t\t<div class=\"elementor-element elementor-element-1d806c2 mobile_pera elementor-widget elementor-widget-text-editor\" data-id=\"1d806c2\" data-element_type=\"widget\" data-e-type=\"widget\" data-widget_type=\"text-editor.default\">\n\t\t\t\t<div class=\"elementor-widget-container\">\n\t\t\t\t\t\t\t\t\t<p><b>Par Denis Ferron<\/b><\/p>\t\t\t\t\t\t\t\t<\/div>\n\t\t\t\t<\/div>\n\t\t\t\t<div class=\"elementor-element elementor-element-d0a0a3b mobile_pera elementor-widget elementor-widget-text-editor\" data-id=\"d0a0a3b\" data-element_type=\"widget\" data-e-type=\"widget\" data-widget_type=\"text-editor.default\">\n\t\t\t\t<div class=\"elementor-widget-container\">\n\t\t\t\t\t\t\t\t\tLa 2e finale provinciale de la Coupe \u00c9thique 2026 a eu lieu les 23 et 24 f\u00e9vrier dernier \u00e0 l\u2019\u00c9cole Sainte-Anne de Fredericton. La Coupe \u00c9thique n\u2019est pas seulement un concours oratoire, c\u2019est aussi un espace actuel o\u00f9 des jeunes francophones osent penser autrement, communiquent avec respect, \u00e9coutent avec civilit\u00e9 et d\u00e9fendent leurs convictions avec \u00e9l\u00e9gance.  Notre francophonie actuelle n\u2019a pas besoin de plus de bruit, elle a besoin de voix \u00e9clair\u00e9es, de jeunes francophones capables de b\u00e2tir des ponts l\u00e0 o\u00f9 d\u2019autres \u00e9rigent des murs. Ces voix \u00e9clair\u00e9es, ce sont nos jeunes leaders d\u2019aujourd\u2019hui qui fa\u00e7onnent la francophonie de demain.\n\t\t\t\t\t\t\t\t<\/div>\n\t\t\t\t<\/div>\n\t\t\t\t<div class=\"elementor-element elementor-element-514c4ed elementor-widget elementor-widget-advertisement\" data-id=\"514c4ed\" data-element_type=\"widget\" data-e-type=\"widget\" data-widget_type=\"advertisement.default\">\n\t\t\t\t<div class=\"elementor-widget-container\">\n\t\t\t\t\t<div class=\"ads-align-center\"><div data-m32-ad data-options='{\"sizes\":\"[[320,480]]\",\"dfpId\":\"21658289790,27729547\",\"dfpAdUnitPath\":\"acadienouvelle\/cahiers_halfpage_320x480\"}'><\/div><\/div>\t\t\t\t<\/div>\n\t\t\t\t<\/div>\n\t\t\t\t<div class=\"elementor-element elementor-element-ed0f4d0 mobile_pera elementor-widget elementor-widget-text-editor\" data-id=\"ed0f4d0\" data-element_type=\"widget\" data-e-type=\"widget\" data-widget_type=\"text-editor.default\">\n\t\t\t\t<div class=\"elementor-widget-container\">\n\t\t\t\t\t\t\t\t\tUn total de 25 jeunes leaders, r\u00e9partis dans six \u00e9quipes, ont pris part \u00e0 cette grande finale provinciale organis\u00e9e en collaboration avec la FJFNB, l\u2019AEFNB, l\u2019U de M, l\u2019Acadie Nouvelle et le M\u00c9DPE du N.-B.  L\u2019\u00e9quipe mixte form\u00e9e de trois jeunes repr\u00e9sentant les trois districts francophones s\u2019est m\u00e9rit\u00e9e la coupe provinciale, une bourse d\u2019entr\u00e9e de 1000 $ \u00e0 l\u2019U de M et une bourse de 250 $ de l\u2019AEFNB pour chacun des membres de l\u2019\u00e9quipe. Ils ont \u00e9galement m\u00e9rit\u00e9 leur laissez-passer pour participer \u00e0 la finale nationale qui aura lieu les 24 et 25 avril 2026 \n\u00e0 l\u2019Universit\u00e9 Saint-Boniface \nau Manitoba. \n\t\t\t\t\t\t\t\t<\/div>\n\t\t\t\t<\/div>\n\t\t\t\t<div class=\"elementor-element elementor-element-6b600ea mobile_pera elementor-widget elementor-widget-text-editor\" data-id=\"6b600ea\" data-element_type=\"widget\" data-e-type=\"widget\" data-widget_type=\"text-editor.default\">\n\t\t\t\t<div class=\"elementor-widget-container\">\n\t\t\t\t\t\t\t\t\tL\u2019\u00e9quipe mixte a \u00e9galement gagn\u00e9 le prix de la convivialit\u00e9 choisi par tous les participants. L\u2019\u00c9quipe h\u00f4tesse de l\u2019\u00c9cole Sainte-Anne a obtenu pour sa part la deuxi\u00e8me place soit une bourse d\u2019entr\u00e9e de 500 $ \u00e0 l\u2019U de M pour chacun des membres de son \u00e9quipe. Les deux \u00e9quipes gagnantes ont \u00e9galement re\u00e7u des livres des \u00e9ditions de la francophonie.\n\t\t\t\t\t\t\t\t<\/div>\n\t\t\t\t<\/div>\n\t\t\t\t<div class=\"elementor-element elementor-element-76f8131 mobile_pera elementor-widget elementor-widget-text-editor\" data-id=\"76f8131\" data-element_type=\"widget\" data-e-type=\"widget\" data-widget_type=\"text-editor.default\">\n\t\t\t\t<div class=\"elementor-widget-container\">\n\t\t\t\t\t\t\t\t\tF\u00e9licitations \u00e0 toutes les \u00e9quipes participantes, merci aux moniteurs qui les ont si bien pr\u00e9par\u00e9s et accompagn\u00e9s et mille mercis aux b\u00e9n\u00e9voles qui ont grandement contribu\u00e9 \u00e0 la r\u00e9ussite de cet \u00e9v\u00e9nement annuel.  Voil\u00e0 ce \nque nos jeunes leaders pourront retenir de leur exp\u00e9rience : \ntout au long de leur vie, il y aura \ncet \u00e9cho : celui de la r\u00e9flexion avant l\u2019action, celui du respect avant la r\u00e9action. Ce sont les fondements m\u00eames de la Coupe \u00c9thique du Canada. En esp\u00e9rant vous revoir \u00e0 l\u2019\u00e9dition 2027, nous souhaitons bon succ\u00e8s \u00e0 l\u2019\u00e9quipe mixte qui nous repr\u00e9sentera au concours national \nau mois d\u2019avril.\t\t\t\t\t\t\t\t<\/div>\n\t\t\t\t<\/div>\n\t\t\t\t\t<\/div>\n\t\t<\/div>\n\t\t\t\t\t<\/div>\n\t\t<\/section>\n\t\t\t\t<\/div>\n\t\t","protected":false},"excerpt":{"rendered":"<p>La Coupe \u00c9thique 2026 fut un r\u00e9el succ\u00e8s! Les gagnant(e)s et participant(e)s de la 2e finale de la Coupe \u00c9thique. Par Denis Ferron La 2e finale provinciale de la Coupe \u00c9thique 2026 a eu lieu les 23 et 24 f\u00e9vrier dernier \u00e0 l\u2019\u00c9cole Sainte-Anne de Fredericton. La Coupe \u00c9thique n\u2019est pas seulement un concours oratoire, [&hellip;]<\/p>\n","protected":false},"author":1,"featured_media":0,"parent":0,"menu_order":6,"comment_status":"closed","ping_status":"closed","template":"","meta":{"site-sidebar-layout":"no-sidebar","site-content-layout":"page-builder","ast-site-content-layout":"default","site-content-style":"default","site-sidebar-style":"default","ast-global-header-display":"","ast-banner-title-visibility":"","ast-main-header-display":"","ast-hfb-above-header-display":"","ast-hfb-below-header-display":"","ast-hfb-mobile-header-display":"","site-post-title":"disabled","ast-breadcrumbs-content":"","ast-featured-img":"disabled","footer-sml-layout":"","ast-disable-related-posts":"","theme-transparent-header-meta":"default","adv-header-id-meta":"","stick-header-meta":"","header-above-stick-meta":"","header-main-stick-meta":"","header-below-stick-meta":"","astra-migrate-meta-layouts":"default","ast-page-background-enabled":"default","ast-page-background-meta":{"desktop":{"background-color":"var(--ast-global-color-4)","background-image":"","background-repeat":"repeat","background-position":"center center","background-size":"auto","background-attachment":"scroll","background-type":"","background-media":"","overlay-type":"","overlay-color":"","overlay-opacity":"","overlay-gradient":""},"tablet":{"background-color":"","background-image":"","background-repeat":"repeat","background-position":"center center","background-size":"auto","background-attachment":"scroll","background-type":"","background-media":"","overlay-type":"","overlay-color":"","overlay-opacity":"","overlay-gradient":""},"mobile":{"background-color":"","background-image":"","background-repeat":"repeat","background-position":"center center","background-size":"auto","background-attachment":"scroll","background-type":"","background-media":"","overlay-type":"","overlay-color":"","overlay-opacity":"","overlay-gradient":""}},"ast-content-background-meta":{"desktop":{"background-color":"var(--ast-global-color-5)","background-image":"","background-repeat":"repeat","background-position":"center center","background-size":"auto","background-attachment":"scroll","background-type":"","background-media":"","overlay-type":"","overlay-color":"","overlay-opacity":"","overlay-gradient":""},"tablet":{"background-color":"var(--ast-global-color-5)","background-image":"","background-repeat":"repeat","background-position":"center center","background-size":"auto","background-attachment":"scroll","background-type":"","background-media":"","overlay-type":"","overlay-color":"","overlay-opacity":"","overlay-gradient":""},"mobile":{"background-color":"var(--ast-global-color-5)","background-image":"","background-repeat":"repeat","background-position":"center center","background-size":"auto","background-attachment":"scroll","background-type":"","background-media":"","overlay-type":"","overlay-color":"","overlay-opacity":"","overlay-gradient":""}},"footnotes":""},"page-categories":[],"class_list":["post-7932","page","type-page","status-publish","hentry"],"_links":{"self":[{"href":"https:\/\/kiosque.acadienouvelle.com\/semaine-francais-2026\/wp-json\/wp\/v2\/pages\/7932","targetHints":{"allow":["GET"]}}],"collection":[{"href":"https:\/\/kiosque.acadienouvelle.com\/semaine-francais-2026\/wp-json\/wp\/v2\/pages"}],"about":[{"href":"https:\/\/kiosque.acadienouvelle.com\/semaine-francais-2026\/wp-json\/wp\/v2\/types\/page"}],"author":[{"embeddable":true,"href":"https:\/\/kiosque.acadienouvelle.com\/semaine-francais-2026\/wp-json\/wp\/v2\/users\/1"}],"replies":[{"embeddable":true,"href":"https:\/\/kiosque.acadienouvelle.com\/semaine-francais-2026\/wp-json\/wp\/v2\/comments?post=7932"}],"version-history":[{"count":7,"href":"https:\/\/kiosque.acadienouvelle.com\/semaine-francais-2026\/wp-json\/wp\/v2\/pages\/7932\/revisions"}],"predecessor-version":[{"id":8085,"href":"https:\/\/kiosque.acadienouvelle.com\/semaine-francais-2026\/wp-json\/wp\/v2\/pages\/7932\/revisions\/8085"}],"wp:attachment":[{"href":"https:\/\/kiosque.acadienouvelle.com\/semaine-francais-2026\/wp-json\/wp\/v2\/media?parent=7932"}],"wp:term":[{"taxonomy":"page-categories","embeddable":true,"href":"https:\/\/kiosque.acadienouvelle.com\/semaine-francais-2026\/wp-json\/wp\/v2\/page-categories?post=7932"}],"curies":[{"name":"wp","href":"https:\/\/api.w.org\/{rel}","templated":true}]}}