{"id":7988,"date":"2026-03-11T17:42:58","date_gmt":"2026-03-11T17:42:58","guid":{"rendered":"https:\/\/kiosque.acadienouvelle.com\/semaine-francais-2026\/?page_id=7988"},"modified":"2026-03-11T18:47:04","modified_gmt":"2026-03-11T18:47:04","slug":"continuons-faire-rayonner","status":"publish","type":"page","link":"https:\/\/kiosque.acadienouvelle.com\/semaine-francais-2026\/continuons-faire-rayonner\/","title":{"rendered":"\u00ab Ensemble, continuons de faire rayonner une francophonie unique, vibrante et g\u00e9niale! \u00bb"},"content":{"rendered":"\t\t<div data-elementor-type=\"wp-page\" data-elementor-id=\"7988\" class=\"elementor elementor-7988\" data-elementor-post-type=\"page\">\n\t\t\t\t\t\t<section class=\"elementor-section elementor-top-section elementor-element elementor-element-50c1b6e elementor-section-height-min-height header_title banner_img elementor-section-boxed elementor-section-height-default elementor-section-items-middle\" data-id=\"50c1b6e\" data-element_type=\"section\" data-e-type=\"section\" data-settings=\"{&quot;background_background&quot;:&quot;classic&quot;}\">\n\t\t\t\t\t\t\t<div class=\"elementor-background-overlay\"><\/div>\n\t\t\t\t\t\t\t<div class=\"elementor-container elementor-column-gap-default\">\n\t\t\t\t\t<div class=\"elementor-column elementor-col-100 elementor-top-column elementor-element elementor-element-3a2d241\" data-id=\"3a2d241\" data-element_type=\"column\" data-e-type=\"column\">\n\t\t\t<div class=\"elementor-widget-wrap elementor-element-populated\">\n\t\t\t\t\t\t<div class=\"elementor-element elementor-element-9673cd2 elementor-widget elementor-widget-heading\" data-id=\"9673cd2\" data-element_type=\"widget\" data-e-type=\"widget\" data-widget_type=\"heading.default\">\n\t\t\t\t<div class=\"elementor-widget-container\">\n\t\t\t\t\t<h2 class=\"elementor-heading-title elementor-size-default\">\u00ab Ensemble, continuons de faire rayonner une francophonie unique, vibrante et g\u00e9niale! \u00bb<\/h2>\t\t\t\t<\/div>\n\t\t\t\t<\/div>\n\t\t\t\t\t<\/div>\n\t\t<\/div>\n\t\t\t\t\t<\/div>\n\t\t<\/section>\n\t\t\t\t<section class=\"elementor-section elementor-top-section elementor-element elementor-element-d9a853a elementor-section-boxed elementor-section-height-default elementor-section-height-default\" data-id=\"d9a853a\" data-element_type=\"section\" data-e-type=\"section\">\n\t\t\t\t\t\t<div class=\"elementor-container elementor-column-gap-default\">\n\t\t\t\t\t<div class=\"elementor-column elementor-col-100 elementor-top-column elementor-element elementor-element-68d9c5a page_contain\" data-id=\"68d9c5a\" data-element_type=\"column\" data-e-type=\"column\" data-settings=\"{&quot;background_background&quot;:&quot;classic&quot;}\">\n\t\t\t<div class=\"elementor-widget-wrap elementor-element-populated\">\n\t\t\t\t\t\t<div class=\"elementor-element elementor-element-50f1f9b elementor-widget elementor-widget-image\" data-id=\"50f1f9b\" data-element_type=\"widget\" data-e-type=\"widget\" data-widget_type=\"image.default\">\n\t\t\t\t<div class=\"elementor-widget-container\">\n\t\t\t\t\t\t\t\t\t\t\t\t<figure class=\"wp-caption\">\n\t\t\t\t\t\t\t\t\t\t<img fetchpriority=\"high\" decoding=\"async\" width=\"485\" height=\"382\" src=\"https:\/\/kiosque.acadienouvelle.com\/semaine-francais-2026\/wp-content\/uploads\/sites\/384\/2026\/03\/14_Eric-Godin.jpg\" class=\"attachment-full size-full wp-image-7744\" alt=\"\" srcset=\"https:\/\/kiosque.acadienouvelle.com\/semaine-francais-2026\/wp-content\/uploads\/sites\/384\/2026\/03\/14_Eric-Godin.jpg 485w, https:\/\/kiosque.acadienouvelle.com\/semaine-francais-2026\/wp-content\/uploads\/sites\/384\/2026\/03\/14_Eric-Godin-300x236.jpg 300w\" sizes=\"(max-width: 485px) 100vw, 485px\" \/>\t\t\t\t\t\t\t\t\t\t\t<figcaption class=\"widget-image-caption wp-caption-text\">\u00c9ric Godin<\/figcaption>\n\t\t\t\t\t\t\t\t\t\t<\/figure>\n\t\t\t\t\t\t\t\t\t<\/div>\n\t\t\t\t<\/div>\n\t\t<link rel=\"stylesheet\" href=\"https:\/\/use.fontawesome.com\/releases\/v5.5.0\/css\/all.css\" integrity=\"sha384-B4dIYHKNBt8Bc12p+WXckhzcICo0wtJAoU8YZTY5qE0Id1GSseTk6S+L3BlXeVIU\" crossorigin=\"anonymous\">\r\n\t\t<div class=\"elementor-element elementor-element-d0a0a3b mobile_pera elementor-widget elementor-widget-text-editor\" data-id=\"d0a0a3b\" data-element_type=\"widget\" data-e-type=\"widget\" data-widget_type=\"text-editor.default\">\n\t\t\t\t<div class=\"elementor-widget-container\">\n\t\t\t\t\t\t\t\t\t<p><b>Par \u00c9ric Godin<br \/><\/b><span style=\"font-weight: inherit;\"><i>Pr\u00e9sident de l\u2019Association des enseignantes et des enseignants francophones du Nouveau-Brunswick\u00a0<\/i><\/span><\/p>\t\t\t\t\t\t\t\t<\/div>\n\t\t\t\t<\/div>\n\t\t\t\t<div class=\"elementor-element elementor-element-74263c8 mobile_pera elementor-widget elementor-widget-text-editor\" data-id=\"74263c8\" data-element_type=\"widget\" data-e-type=\"widget\" data-widget_type=\"text-editor.default\">\n\t\t\t\t<div class=\"elementor-widget-container\">\n\t\t\t\t\t\t\t\t\tEn cette Semaine provinciale de la fiert\u00e9 fran\u00e7aise, prenons un moment pour c\u00e9l\u00e9brer notre francophonie, une francophonie vivante, en constante \u00e9volution, qui se nourrit des voix, des parcours et des cultures de toutes celles et de tous ceux qui la font rayonner chaque jour. \n\t\t\t\t\t\t\t\t<\/div>\n\t\t\t\t<\/div>\n\t\t\t\t<div class=\"elementor-element elementor-element-63a3427 elementor-widget elementor-widget-advertisement\" data-id=\"63a3427\" data-element_type=\"widget\" data-e-type=\"widget\" data-widget_type=\"advertisement.default\">\n\t\t\t\t<div class=\"elementor-widget-container\">\n\t\t\t\t\t<div class=\"ads-align-center\"><div data-m32-ad data-options='{\"sizes\":\"[[300,100]]\",\"dfpId\":\"21658289790,27729547\",\"dfpAdUnitPath\":\"acadienouvelle\/cahiers_onefifthpage_300x100\"}'><\/div><\/div>\t\t\t\t<\/div>\n\t\t\t\t<\/div>\n\t\t\t\t<div class=\"elementor-element elementor-element-590f92a mobile_pera elementor-widget elementor-widget-text-editor\" data-id=\"590f92a\" data-element_type=\"widget\" data-e-type=\"widget\" data-widget_type=\"text-editor.default\">\n\t\t\t\t<div class=\"elementor-widget-container\">\n\t\t\t\t\t\t\t\t\tCette semaine est l\u2019occasion id\u00e9ale de mettre en lumi\u00e8re la richesse de notre h\u00e9ritage linguistique et culturel, ainsi que de reconna\u00eetre le r\u00f4le essentiel que joue le fran\u00e7ais \ndans la construction de notre \nidentit\u00e9 collective.\n\t\t\t\t\t\t\t\t<\/div>\n\t\t\t\t<\/div>\n\t\t\t\t<div class=\"elementor-element elementor-element-79c6b3f mobile_pera elementor-widget elementor-widget-text-editor\" data-id=\"79c6b3f\" data-element_type=\"widget\" data-e-type=\"widget\" data-widget_type=\"text-editor.default\">\n\t\t\t\t<div class=\"elementor-widget-container\">\n\t\t\t\t\t\t\t\t\tBien plus qu\u2019une langue, le fran\u00e7ais est un espace de rencontre et de partage. Il relie des personnes de tous horizons et s\u2019enrichit de chaque accent, de chaque expression, de chaque histoire. Notre francophonie se construit dans la diversit\u00e9, port\u00e9e par toutes les personnes qui la choisissent, la transmettent et la font grandir, g\u00e9n\u00e9ration apr\u00e8s g\u00e9n\u00e9ration. C\u2019est une mosa\u00efque de traditions, d\u2019histoires et de valeurs qui s\u2019expriment dans les gestes quotidiens, les \u00e9changes et les initiatives communautaires. \n\t\t\t\t\t\t\t\t<\/div>\n\t\t\t\t<\/div>\n\t\t\t\t<div class=\"elementor-element elementor-element-246150c mobile_pera elementor-widget elementor-widget-text-editor\" data-id=\"246150c\" data-element_type=\"widget\" data-e-type=\"widget\" data-widget_type=\"text-editor.default\">\n\t\t\t\t<div class=\"elementor-widget-container\">\n\t\t\t\t\t\t\t\t\tDans nos \u00e9coles, cette richesse prend tout son sens. Nous avons le privil\u00e8ge d\u2019accueillir, non seulement des \u00e9l\u00e8ves, mais \u00e9galement des enseignantes et enseignants issus de l\u2019immigration qui, par leur expertise, leur engagement et leur regard neuf, contribuent \u00e0 dynamiser nos milieux \u00e9ducatifs. Leur pr\u00e9sence t\u00e9moigne de l\u2019ouverture de notre syst\u00e8me scolaire et de notre volont\u00e9 de b\u00e2tir une francophonie inclusive, forte et solidaire.\n\t\t\t\t\t\t\t\t<\/div>\n\t\t\t\t<\/div>\n\t\t\t\t<div class=\"elementor-element elementor-element-ae15161 mobile_pera elementor-widget elementor-widget-text-editor\" data-id=\"ae15161\" data-element_type=\"widget\" data-e-type=\"widget\" data-widget_type=\"text-editor.default\">\n\t\t\t\t<div class=\"elementor-widget-container\">\n\t\t\t\t\t\t\t\t\tJ\u2019aimerais profiter de l\u2019occasion pour souligner le travail remarquable de l\u2019ensemble du personnel enseignant, qui, chaque jour, cr\u00e9e des environnements d\u2019apprentissage stimulants, bienveillants et inspirants afin d\u2019amener les \u00e9l\u00e8ves \u00e0 d\u00e9velopper un profond sentiment d\u2019appartenance \u00e0 cette belle et grande francophonie. Merci pour votre passion et votre cr\u00e9ativit\u00e9!\n\t\t\t\t\t\t\t\t<\/div>\n\t\t\t\t<\/div>\n\t\t\t\t<div class=\"elementor-element elementor-element-94bddb0 mobile_pera elementor-widget elementor-widget-text-editor\" data-id=\"94bddb0\" data-element_type=\"widget\" data-e-type=\"widget\" data-widget_type=\"text-editor.default\">\n\t\t\t\t<div class=\"elementor-widget-container\">\n\t\t\t\t\t\t\t\t\t\u00c0 mes coll\u00e8gues membres du personnel scolaire, nos \u00e9l\u00e8ves et leurs familles, je nous souhaite une excellente Semaine provinciale de la fiert\u00e9 fran\u00e7aise! Ensemble, continuons de faire rayonner une francophonie unique, vibrante et g\u00e9niale! \t\t\t\t\t\t\t\t<\/div>\n\t\t\t\t<\/div>\n\t\t\t\t<div class=\"elementor-element elementor-element-f1e5073 elementor-widget elementor-widget-image\" data-id=\"f1e5073\" data-element_type=\"widget\" data-e-type=\"widget\" data-widget_type=\"image.default\">\n\t\t\t\t<div class=\"elementor-widget-container\">\n\t\t\t\t\t\t\t\t\t\t\t\t\t\t\t<img decoding=\"async\" width=\"1366\" height=\"768\" src=\"https:\/\/kiosque.acadienouvelle.com\/semaine-francais-2026\/wp-content\/uploads\/sites\/384\/2026\/03\/14_iStock-2209704881.jpg\" class=\"attachment-full size-full wp-image-7745\" alt=\"\" srcset=\"https:\/\/kiosque.acadienouvelle.com\/semaine-francais-2026\/wp-content\/uploads\/sites\/384\/2026\/03\/14_iStock-2209704881.jpg 1366w, https:\/\/kiosque.acadienouvelle.com\/semaine-francais-2026\/wp-content\/uploads\/sites\/384\/2026\/03\/14_iStock-2209704881-300x169.jpg 300w, https:\/\/kiosque.acadienouvelle.com\/semaine-francais-2026\/wp-content\/uploads\/sites\/384\/2026\/03\/14_iStock-2209704881-1024x576.jpg 1024w, https:\/\/kiosque.acadienouvelle.com\/semaine-francais-2026\/wp-content\/uploads\/sites\/384\/2026\/03\/14_iStock-2209704881-768x432.jpg 768w\" sizes=\"(max-width: 1366px) 100vw, 1366px\" \/>\t\t\t\t\t\t\t\t\t\t\t\t\t\t\t<\/div>\n\t\t\t\t<\/div>\n\t\t\t\t\t<\/div>\n\t\t<\/div>\n\t\t\t\t\t<\/div>\n\t\t<\/section>\n\t\t\t\t<\/div>\n\t\t","protected":false},"excerpt":{"rendered":"<p>\u00ab Ensemble, continuons de faire rayonner une francophonie unique, vibrante et g\u00e9niale! \u00bb \u00c9ric Godin Par \u00c9ric GodinPr\u00e9sident de l\u2019Association des enseignantes et des enseignants francophones du Nouveau-Brunswick\u00a0 En cette Semaine provinciale de la fiert\u00e9 fran\u00e7aise, prenons un moment pour c\u00e9l\u00e9brer notre francophonie, une francophonie vivante, en constante \u00e9volution, qui se nourrit des voix, des [&hellip;]<\/p>\n","protected":false},"author":1,"featured_media":0,"parent":0,"menu_order":14,"comment_status":"closed","ping_status":"closed","template":"","meta":{"site-sidebar-layout":"no-sidebar","site-content-layout":"page-builder","ast-site-content-layout":"default","site-content-style":"default","site-sidebar-style":"default","ast-global-header-display":"","ast-banner-title-visibility":"","ast-main-header-display":"","ast-hfb-above-header-display":"","ast-hfb-below-header-display":"","ast-hfb-mobile-header-display":"","site-post-title":"disabled","ast-breadcrumbs-content":"","ast-featured-img":"disabled","footer-sml-layout":"","ast-disable-related-posts":"","theme-transparent-header-meta":"default","adv-header-id-meta":"","stick-header-meta":"","header-above-stick-meta":"","header-main-stick-meta":"","header-below-stick-meta":"","astra-migrate-meta-layouts":"default","ast-page-background-enabled":"default","ast-page-background-meta":{"desktop":{"background-color":"var(--ast-global-color-4)","background-image":"","background-repeat":"repeat","background-position":"center center","background-size":"auto","background-attachment":"scroll","background-type":"","background-media":"","overlay-type":"","overlay-color":"","overlay-opacity":"","overlay-gradient":""},"tablet":{"background-color":"","background-image":"","background-repeat":"repeat","background-position":"center center","background-size":"auto","background-attachment":"scroll","background-type":"","background-media":"","overlay-type":"","overlay-color":"","overlay-opacity":"","overlay-gradient":""},"mobile":{"background-color":"","background-image":"","background-repeat":"repeat","background-position":"center center","background-size":"auto","background-attachment":"scroll","background-type":"","background-media":"","overlay-type":"","overlay-color":"","overlay-opacity":"","overlay-gradient":""}},"ast-content-background-meta":{"desktop":{"background-color":"var(--ast-global-color-5)","background-image":"","background-repeat":"repeat","background-position":"center center","background-size":"auto","background-attachment":"scroll","background-type":"","background-media":"","overlay-type":"","overlay-color":"","overlay-opacity":"","overlay-gradient":""},"tablet":{"background-color":"var(--ast-global-color-5)","background-image":"","background-repeat":"repeat","background-position":"center center","background-size":"auto","background-attachment":"scroll","background-type":"","background-media":"","overlay-type":"","overlay-color":"","overlay-opacity":"","overlay-gradient":""},"mobile":{"background-color":"var(--ast-global-color-5)","background-image":"","background-repeat":"repeat","background-position":"center center","background-size":"auto","background-attachment":"scroll","background-type":"","background-media":"","overlay-type":"","overlay-color":"","overlay-opacity":"","overlay-gradient":""}},"footnotes":""},"page-categories":[],"class_list":["post-7988","page","type-page","status-publish","hentry"],"_links":{"self":[{"href":"https:\/\/kiosque.acadienouvelle.com\/semaine-francais-2026\/wp-json\/wp\/v2\/pages\/7988","targetHints":{"allow":["GET"]}}],"collection":[{"href":"https:\/\/kiosque.acadienouvelle.com\/semaine-francais-2026\/wp-json\/wp\/v2\/pages"}],"about":[{"href":"https:\/\/kiosque.acadienouvelle.com\/semaine-francais-2026\/wp-json\/wp\/v2\/types\/page"}],"author":[{"embeddable":true,"href":"https:\/\/kiosque.acadienouvelle.com\/semaine-francais-2026\/wp-json\/wp\/v2\/users\/1"}],"replies":[{"embeddable":true,"href":"https:\/\/kiosque.acadienouvelle.com\/semaine-francais-2026\/wp-json\/wp\/v2\/comments?post=7988"}],"version-history":[{"count":10,"href":"https:\/\/kiosque.acadienouvelle.com\/semaine-francais-2026\/wp-json\/wp\/v2\/pages\/7988\/revisions"}],"predecessor-version":[{"id":8109,"href":"https:\/\/kiosque.acadienouvelle.com\/semaine-francais-2026\/wp-json\/wp\/v2\/pages\/7988\/revisions\/8109"}],"wp:attachment":[{"href":"https:\/\/kiosque.acadienouvelle.com\/semaine-francais-2026\/wp-json\/wp\/v2\/media?parent=7988"}],"wp:term":[{"taxonomy":"page-categories","embeddable":true,"href":"https:\/\/kiosque.acadienouvelle.com\/semaine-francais-2026\/wp-json\/wp\/v2\/page-categories?post=7988"}],"curies":[{"name":"wp","href":"https:\/\/api.w.org\/{rel}","templated":true}]}}