{"id":7999,"date":"2026-03-11T17:48:28","date_gmt":"2026-03-11T17:48:28","guid":{"rendered":"https:\/\/kiosque.acadienouvelle.com\/semaine-francais-2026\/?page_id=7999"},"modified":"2026-03-11T18:47:45","modified_gmt":"2026-03-11T18:47:45","slug":"notre-langue-est-vivante","status":"publish","type":"page","link":"https:\/\/kiosque.acadienouvelle.com\/semaine-francais-2026\/notre-langue-est-vivante\/","title":{"rendered":"\u00ab Notre langue est vivante parce que nous la faisons vivre. Continuons \u00e0 la faire briller, ensemble. \u00bb"},"content":{"rendered":"\t\t<div data-elementor-type=\"wp-page\" data-elementor-id=\"7999\" class=\"elementor elementor-7999\" data-elementor-post-type=\"page\">\n\t\t\t\t\t\t<section class=\"elementor-section elementor-top-section elementor-element elementor-element-50c1b6e elementor-section-height-min-height header_title banner_img elementor-section-boxed elementor-section-height-default elementor-section-items-middle\" data-id=\"50c1b6e\" data-element_type=\"section\" data-e-type=\"section\" data-settings=\"{&quot;background_background&quot;:&quot;classic&quot;}\">\n\t\t\t\t\t\t\t<div class=\"elementor-background-overlay\"><\/div>\n\t\t\t\t\t\t\t<div class=\"elementor-container elementor-column-gap-default\">\n\t\t\t\t\t<div class=\"elementor-column elementor-col-100 elementor-top-column elementor-element elementor-element-3a2d241\" data-id=\"3a2d241\" data-element_type=\"column\" data-e-type=\"column\">\n\t\t\t<div class=\"elementor-widget-wrap elementor-element-populated\">\n\t\t\t\t\t\t<div class=\"elementor-element elementor-element-9673cd2 elementor-widget elementor-widget-heading\" data-id=\"9673cd2\" data-element_type=\"widget\" data-e-type=\"widget\" data-widget_type=\"heading.default\">\n\t\t\t\t<div class=\"elementor-widget-container\">\n\t\t\t\t\t<h2 class=\"elementor-heading-title elementor-size-default\">\u00ab Notre langue est vivante parce que nous la faisons vivre. Continuons \u00e0 la faire briller, ensemble. \u00bb<\/h2>\t\t\t\t<\/div>\n\t\t\t\t<\/div>\n\t\t\t\t\t<\/div>\n\t\t<\/div>\n\t\t\t\t\t<\/div>\n\t\t<\/section>\n\t\t\t\t<section class=\"elementor-section elementor-top-section elementor-element elementor-element-d9a853a elementor-section-boxed elementor-section-height-default elementor-section-height-default\" data-id=\"d9a853a\" data-element_type=\"section\" data-e-type=\"section\">\n\t\t\t\t\t\t<div class=\"elementor-container elementor-column-gap-default\">\n\t\t\t\t\t<div class=\"elementor-column elementor-col-100 elementor-top-column elementor-element elementor-element-68d9c5a page_contain\" data-id=\"68d9c5a\" data-element_type=\"column\" data-e-type=\"column\" data-settings=\"{&quot;background_background&quot;:&quot;classic&quot;}\">\n\t\t\t<div class=\"elementor-widget-wrap elementor-element-populated\">\n\t\t\t\t\t\t<div class=\"elementor-element elementor-element-50f1f9b elementor-widget elementor-widget-image\" data-id=\"50f1f9b\" data-element_type=\"widget\" data-e-type=\"widget\" data-widget_type=\"image.default\">\n\t\t\t\t<div class=\"elementor-widget-container\">\n\t\t\t\t\t\t\t\t\t\t\t\t\t\t\t<img fetchpriority=\"high\" decoding=\"async\" width=\"400\" height=\"400\" src=\"https:\/\/kiosque.acadienouvelle.com\/semaine-francais-2026\/wp-content\/uploads\/sites\/384\/2026\/03\/15_Presidente-SANB.jpg\" class=\"attachment-full size-full wp-image-7746\" alt=\"\" srcset=\"https:\/\/kiosque.acadienouvelle.com\/semaine-francais-2026\/wp-content\/uploads\/sites\/384\/2026\/03\/15_Presidente-SANB.jpg 400w, https:\/\/kiosque.acadienouvelle.com\/semaine-francais-2026\/wp-content\/uploads\/sites\/384\/2026\/03\/15_Presidente-SANB-300x300.jpg 300w, https:\/\/kiosque.acadienouvelle.com\/semaine-francais-2026\/wp-content\/uploads\/sites\/384\/2026\/03\/15_Presidente-SANB-150x150.jpg 150w\" sizes=\"(max-width: 400px) 100vw, 400px\" \/>\t\t\t\t\t\t\t\t\t\t\t\t\t\t\t<\/div>\n\t\t\t\t<\/div>\n\t\t<link rel=\"stylesheet\" href=\"https:\/\/use.fontawesome.com\/releases\/v5.5.0\/css\/all.css\" integrity=\"sha384-B4dIYHKNBt8Bc12p+WXckhzcICo0wtJAoU8YZTY5qE0Id1GSseTk6S+L3BlXeVIU\" crossorigin=\"anonymous\">\r\n\t\t<div class=\"elementor-element elementor-element-d0a0a3b mobile_pera elementor-widget elementor-widget-text-editor\" data-id=\"d0a0a3b\" data-element_type=\"widget\" data-e-type=\"widget\" data-widget_type=\"text-editor.default\">\n\t\t\t\t<div class=\"elementor-widget-container\">\n\t\t\t\t\t\t\t\t\t<p><b>Nicole Arseneau-Sluyter\u00a0<\/b><br \/><i><span style=\"font-weight: inherit;\">Pr\u00e9sidente de la Soci\u00e9t\u00e9\u00a0<\/span><span style=\"font-weight: inherit;\">des Acadiens du N.-B.\u00a0<\/span><\/i><\/p>\t\t\t\t\t\t\t\t<\/div>\n\t\t\t\t<\/div>\n\t\t\t\t<div class=\"elementor-element elementor-element-74263c8 mobile_pera elementor-widget elementor-widget-text-editor\" data-id=\"74263c8\" data-element_type=\"widget\" data-e-type=\"widget\" data-widget_type=\"text-editor.default\">\n\t\t\t\t<div class=\"elementor-widget-container\">\n\t\t\t\t\t\t\t\t\tEn cette Semaine provinciale de la fiert\u00e9 fran\u00e7aise, continuons de c\u00e9l\u00e9brer fi\u00e8rement notre langue. C\u2019est un moment pour nous rappeler qui nous sommes, d\u2019o\u00f9 nous venons et, surtout, l\u2019avenir que nous voulons b\u00e2tir ensemble.\n\t\t\t\t\t\t\t\t<\/div>\n\t\t\t\t<\/div>\n\t\t\t\t<div class=\"elementor-element elementor-element-e422fd9 elementor-widget elementor-widget-advertisement\" data-id=\"e422fd9\" data-element_type=\"widget\" data-e-type=\"widget\" data-widget_type=\"advertisement.default\">\n\t\t\t\t<div class=\"elementor-widget-container\">\n\t\t\t\t\t<div class=\"ads-align-center\"><div data-m32-ad data-options='{\"sizes\":\"[[320,480]]\",\"dfpId\":\"21658289790,27729547\",\"dfpAdUnitPath\":\"acadienouvelle\/cahiers_halfpage_320x480\"}'><\/div><\/div>\t\t\t\t<\/div>\n\t\t\t\t<\/div>\n\t\t\t\t<div class=\"elementor-element elementor-element-98bdfa3 mobile_pera elementor-widget elementor-widget-text-editor\" data-id=\"98bdfa3\" data-element_type=\"widget\" data-e-type=\"widget\" data-widget_type=\"text-editor.default\">\n\t\t\t\t<div class=\"elementor-widget-container\">\n\t\t\t\t\t\t\t\t\tLe fran\u00e7ais est au c\u0153ur de notre histoire. C\u2019est une langue de transmission, de culture et de solidarit\u00e9. Elle vit dans nos familles, dans nos \u00e9coles, dans nos milieux de travail et dans nos communaut\u00e9s. Dans une province officiellement bilingue, l\u2019\u00e9galit\u00e9 linguistique ne peut pas \u00eatre seulement th\u00e9orique. Elle doit se voir, s\u2019entendre et se vivre pleinement, chaque jour.\n\t\t\t\t\t\t\t\t<\/div>\n\t\t\t\t<\/div>\n\t\t\t\t<div class=\"elementor-element elementor-element-9dea5da mobile_pera elementor-widget elementor-widget-text-editor\" data-id=\"9dea5da\" data-element_type=\"widget\" data-e-type=\"widget\" data-widget_type=\"text-editor.default\">\n\t\t\t\t<div class=\"elementor-widget-container\">\n\t\t\t\t\t\t\t\t\tDes donn\u00e9es r\u00e9centes d\u00e9montrent que la place du fran\u00e7ais dans nos institutions publiques est fragilis\u00e9e et que son poids d\u00e9mographique continue de diminuer. Ces constats doivent nous interpeller. Ils nous rappellent que rien n\u2019est acquis.\n\t\t\t\t\t\t\t\t<\/div>\n\t\t\t\t<\/div>\n\t\t\t\t<div class=\"elementor-element elementor-element-d9ea614 mobile_pera elementor-widget elementor-widget-text-editor\" data-id=\"d9ea614\" data-element_type=\"widget\" data-e-type=\"widget\" data-widget_type=\"text-editor.default\">\n\t\t\t\t<div class=\"elementor-widget-container\">\n\t\t\t\t\t\t\t\t\t<p><b>Alors, agissons. Parlons fran\u00e7ais avec confiance, exigeons nos services en fran\u00e7ais. Exer\u00e7ons nos droits sans h\u00e9sitation.\u00a0<\/b><b style=\"font-style: inherit;\">Et demandons \u00e0 nos institutions et \u00e0 nos \u00e9lus\u00a0<\/b><b style=\"font-style: inherit;\">de donner l\u2019exemple.<\/b><\/p>\t\t\t\t\t\t\t\t<\/div>\n\t\t\t\t<\/div>\n\t\t\t\t<div class=\"elementor-element elementor-element-5732bac mobile_pera elementor-widget elementor-widget-text-editor\" data-id=\"5732bac\" data-element_type=\"widget\" data-e-type=\"widget\" data-widget_type=\"text-editor.default\">\n\t\t\t\t<div class=\"elementor-widget-container\">\n\t\t\t\t\t\t\t\t\t\u00c0 la Soci\u00e9t\u00e9 de l\u2019Acadie du Nouveau-Brunswick, nous continuerons de travailler avec d\u00e9termination pour d\u00e9fendre et promouvoir notre langue. L\u2019ann\u00e9e 2026 sera d\u00e9terminante, avec la r\u00e9vision de la Loi sur les langues officielles du Nouveau-Brunswick et la r\u00e9glementation de la Loi sur les langues officielles f\u00e9d\u00e9rale.\n\t\t\t\t\t\t\t\t<\/div>\n\t\t\t\t<\/div>\n\t\t\t\t<div class=\"elementor-element elementor-element-e538362 mobile_pera elementor-widget elementor-widget-text-editor\" data-id=\"e538362\" data-element_type=\"widget\" data-e-type=\"widget\" data-widget_type=\"text-editor.default\">\n\t\t\t\t<div class=\"elementor-widget-container\">\n\t\t\t\t\t\t\t\t\tNotre langue est vivante parce que nous la faisons vivre. Continuons \u00e0 la faire briller, ensemble.\n\t\t\t\t\t\t\t\t<\/div>\n\t\t\t\t<\/div>\n\t\t\t\t<div class=\"elementor-element elementor-element-2d08363 mobile_pera elementor-widget elementor-widget-text-editor\" data-id=\"2d08363\" data-element_type=\"widget\" data-e-type=\"widget\" data-widget_type=\"text-editor.default\">\n\t\t\t\t<div class=\"elementor-widget-container\">\n\t\t\t\t\t\t\t\t\tNous vous invitons \u00e0 participer aux \u00c9tats g\u00e9n\u00e9raux de l\u2019Acadie du Nouveau-Brunswick 2026, du 12 au 14 juin 2026, au Centre Maillet \u00e0 Edmundston. Venez faire rayonner notre langue et affirmer, ensemble, la place du fran\u00e7ais dans notre province. Parce que notre avenir se construit par l\u2019engagement de chacun et chacune.\n\t\t\t\t\t\t\t\t<\/div>\n\t\t\t\t<\/div>\n\t\t\t\t<div class=\"elementor-element elementor-element-716f256 mobile_pera elementor-widget elementor-widget-text-editor\" data-id=\"716f256\" data-element_type=\"widget\" data-e-type=\"widget\" data-widget_type=\"text-editor.default\">\n\t\t\t\t<div class=\"elementor-widget-container\">\n\t\t\t\t\t\t\t\t\tL\u2019union fait la force.\t\t\t\t\t\t\t\t<\/div>\n\t\t\t\t<\/div>\n\t\t\t\t<div class=\"elementor-element elementor-element-4ea6393 elementor-widget elementor-widget-image\" data-id=\"4ea6393\" data-element_type=\"widget\" data-e-type=\"widget\" data-widget_type=\"image.default\">\n\t\t\t\t<div class=\"elementor-widget-container\">\n\t\t\t\t\t\t\t\t\t\t\t\t\t\t\t<img decoding=\"async\" width=\"300\" height=\"183\" src=\"https:\/\/kiosque.acadienouvelle.com\/semaine-francais-2026\/wp-content\/uploads\/sites\/384\/2026\/03\/15_logo.jpg\" class=\"attachment-large size-large wp-image-8001\" alt=\"\" \/>\t\t\t\t\t\t\t\t\t\t\t\t\t\t\t<\/div>\n\t\t\t\t<\/div>\n\t\t\t\t\t<\/div>\n\t\t<\/div>\n\t\t\t\t\t<\/div>\n\t\t<\/section>\n\t\t\t\t<\/div>\n\t\t","protected":false},"excerpt":{"rendered":"<p>\u00ab Notre langue est vivante parce que nous la faisons vivre. Continuons \u00e0 la faire briller, ensemble. \u00bb Nicole Arseneau-Sluyter\u00a0Pr\u00e9sidente de la Soci\u00e9t\u00e9\u00a0des Acadiens du N.-B.\u00a0 En cette Semaine provinciale de la fiert\u00e9 fran\u00e7aise, continuons de c\u00e9l\u00e9brer fi\u00e8rement notre langue. C\u2019est un moment pour nous rappeler qui nous sommes, d\u2019o\u00f9 nous venons et, surtout, l\u2019avenir [&hellip;]<\/p>\n","protected":false},"author":1,"featured_media":0,"parent":0,"menu_order":15,"comment_status":"closed","ping_status":"closed","template":"","meta":{"site-sidebar-layout":"no-sidebar","site-content-layout":"page-builder","ast-site-content-layout":"default","site-content-style":"default","site-sidebar-style":"default","ast-global-header-display":"","ast-banner-title-visibility":"","ast-main-header-display":"","ast-hfb-above-header-display":"","ast-hfb-below-header-display":"","ast-hfb-mobile-header-display":"","site-post-title":"disabled","ast-breadcrumbs-content":"","ast-featured-img":"disabled","footer-sml-layout":"","ast-disable-related-posts":"","theme-transparent-header-meta":"default","adv-header-id-meta":"","stick-header-meta":"","header-above-stick-meta":"","header-main-stick-meta":"","header-below-stick-meta":"","astra-migrate-meta-layouts":"default","ast-page-background-enabled":"default","ast-page-background-meta":{"desktop":{"background-color":"var(--ast-global-color-4)","background-image":"","background-repeat":"repeat","background-position":"center center","background-size":"auto","background-attachment":"scroll","background-type":"","background-media":"","overlay-type":"","overlay-color":"","overlay-opacity":"","overlay-gradient":""},"tablet":{"background-color":"","background-image":"","background-repeat":"repeat","background-position":"center center","background-size":"auto","background-attachment":"scroll","background-type":"","background-media":"","overlay-type":"","overlay-color":"","overlay-opacity":"","overlay-gradient":""},"mobile":{"background-color":"","background-image":"","background-repeat":"repeat","background-position":"center center","background-size":"auto","background-attachment":"scroll","background-type":"","background-media":"","overlay-type":"","overlay-color":"","overlay-opacity":"","overlay-gradient":""}},"ast-content-background-meta":{"desktop":{"background-color":"var(--ast-global-color-5)","background-image":"","background-repeat":"repeat","background-position":"center center","background-size":"auto","background-attachment":"scroll","background-type":"","background-media":"","overlay-type":"","overlay-color":"","overlay-opacity":"","overlay-gradient":""},"tablet":{"background-color":"var(--ast-global-color-5)","background-image":"","background-repeat":"repeat","background-position":"center center","background-size":"auto","background-attachment":"scroll","background-type":"","background-media":"","overlay-type":"","overlay-color":"","overlay-opacity":"","overlay-gradient":""},"mobile":{"background-color":"var(--ast-global-color-5)","background-image":"","background-repeat":"repeat","background-position":"center center","background-size":"auto","background-attachment":"scroll","background-type":"","background-media":"","overlay-type":"","overlay-color":"","overlay-opacity":"","overlay-gradient":""}},"footnotes":""},"page-categories":[],"class_list":["post-7999","page","type-page","status-publish","hentry"],"_links":{"self":[{"href":"https:\/\/kiosque.acadienouvelle.com\/semaine-francais-2026\/wp-json\/wp\/v2\/pages\/7999","targetHints":{"allow":["GET"]}}],"collection":[{"href":"https:\/\/kiosque.acadienouvelle.com\/semaine-francais-2026\/wp-json\/wp\/v2\/pages"}],"about":[{"href":"https:\/\/kiosque.acadienouvelle.com\/semaine-francais-2026\/wp-json\/wp\/v2\/types\/page"}],"author":[{"embeddable":true,"href":"https:\/\/kiosque.acadienouvelle.com\/semaine-francais-2026\/wp-json\/wp\/v2\/users\/1"}],"replies":[{"embeddable":true,"href":"https:\/\/kiosque.acadienouvelle.com\/semaine-francais-2026\/wp-json\/wp\/v2\/comments?post=7999"}],"version-history":[{"count":7,"href":"https:\/\/kiosque.acadienouvelle.com\/semaine-francais-2026\/wp-json\/wp\/v2\/pages\/7999\/revisions"}],"predecessor-version":[{"id":8112,"href":"https:\/\/kiosque.acadienouvelle.com\/semaine-francais-2026\/wp-json\/wp\/v2\/pages\/7999\/revisions\/8112"}],"wp:attachment":[{"href":"https:\/\/kiosque.acadienouvelle.com\/semaine-francais-2026\/wp-json\/wp\/v2\/media?parent=7999"}],"wp:term":[{"taxonomy":"page-categories","embeddable":true,"href":"https:\/\/kiosque.acadienouvelle.com\/semaine-francais-2026\/wp-json\/wp\/v2\/page-categories?post=7999"}],"curies":[{"name":"wp","href":"https:\/\/api.w.org\/{rel}","templated":true}]}}