{"id":8026,"date":"2026-03-11T18:08:32","date_gmt":"2026-03-11T18:08:32","guid":{"rendered":"https:\/\/kiosque.acadienouvelle.com\/semaine-francais-2026\/?page_id=8026"},"modified":"2026-03-11T18:48:39","modified_gmt":"2026-03-11T18:48:39","slug":"rene-cormier","status":"publish","type":"page","link":"https:\/\/kiosque.acadienouvelle.com\/semaine-francais-2026\/rene-cormier\/","title":{"rendered":"Le s\u00e9nateur Ren\u00e9 Cormier a re\u00e7u la plus haute distinction de la R\u00e9publique fran\u00e7aise"},"content":{"rendered":"\t\t<div data-elementor-type=\"wp-page\" data-elementor-id=\"8026\" class=\"elementor elementor-8026\" data-elementor-post-type=\"page\">\n\t\t\t\t\t\t<section class=\"elementor-section elementor-top-section elementor-element elementor-element-50c1b6e elementor-section-height-min-height header_title banner_img elementor-section-boxed elementor-section-height-default elementor-section-items-middle\" data-id=\"50c1b6e\" data-element_type=\"section\" data-e-type=\"section\" data-settings=\"{&quot;background_background&quot;:&quot;classic&quot;}\">\n\t\t\t\t\t\t\t<div class=\"elementor-background-overlay\"><\/div>\n\t\t\t\t\t\t\t<div class=\"elementor-container elementor-column-gap-default\">\n\t\t\t\t\t<div class=\"elementor-column elementor-col-100 elementor-top-column elementor-element elementor-element-3a2d241\" data-id=\"3a2d241\" data-element_type=\"column\" data-e-type=\"column\">\n\t\t\t<div class=\"elementor-widget-wrap elementor-element-populated\">\n\t\t\t\t\t\t<div class=\"elementor-element elementor-element-9673cd2 elementor-widget elementor-widget-heading\" data-id=\"9673cd2\" data-element_type=\"widget\" data-e-type=\"widget\" data-widget_type=\"heading.default\">\n\t\t\t\t<div class=\"elementor-widget-container\">\n\t\t\t\t\t<h2 class=\"elementor-heading-title elementor-size-default\">Le s\u00e9nateur Ren\u00e9 Cormier a re\u00e7u la plus haute distinction de la R\u00e9publique fran\u00e7aise<\/h2>\t\t\t\t<\/div>\n\t\t\t\t<\/div>\n\t\t\t\t\t<\/div>\n\t\t<\/div>\n\t\t\t\t\t<\/div>\n\t\t<\/section>\n\t\t\t\t<section class=\"elementor-section elementor-top-section elementor-element elementor-element-d9a853a elementor-section-boxed elementor-section-height-default elementor-section-height-default\" data-id=\"d9a853a\" data-element_type=\"section\" data-e-type=\"section\">\n\t\t\t\t\t\t<div class=\"elementor-container elementor-column-gap-default\">\n\t\t\t\t\t<div class=\"elementor-column elementor-col-100 elementor-top-column elementor-element elementor-element-68d9c5a page_contain\" data-id=\"68d9c5a\" data-element_type=\"column\" data-e-type=\"column\" data-settings=\"{&quot;background_background&quot;:&quot;classic&quot;}\">\n\t\t\t<div class=\"elementor-widget-wrap elementor-element-populated\">\n\t\t\t\t\t\t<div class=\"elementor-element elementor-element-50f1f9b elementor-widget elementor-widget-image\" data-id=\"50f1f9b\" data-element_type=\"widget\" data-e-type=\"widget\" data-widget_type=\"image.default\">\n\t\t\t\t<div class=\"elementor-widget-container\">\n\t\t\t\t\t\t\t\t\t\t\t\t<figure class=\"wp-caption\">\n\t\t\t\t\t\t\t\t\t\t<img fetchpriority=\"high\" decoding=\"async\" width=\"1366\" height=\"768\" src=\"https:\/\/kiosque.acadienouvelle.com\/semaine-francais-2026\/wp-content\/uploads\/sites\/384\/2026\/03\/17_photo-officielle_land.jpg\" class=\"attachment-full size-full wp-image-7754\" alt=\"\" srcset=\"https:\/\/kiosque.acadienouvelle.com\/semaine-francais-2026\/wp-content\/uploads\/sites\/384\/2026\/03\/17_photo-officielle_land.jpg 1366w, https:\/\/kiosque.acadienouvelle.com\/semaine-francais-2026\/wp-content\/uploads\/sites\/384\/2026\/03\/17_photo-officielle_land-300x169.jpg 300w, https:\/\/kiosque.acadienouvelle.com\/semaine-francais-2026\/wp-content\/uploads\/sites\/384\/2026\/03\/17_photo-officielle_land-1024x576.jpg 1024w, https:\/\/kiosque.acadienouvelle.com\/semaine-francais-2026\/wp-content\/uploads\/sites\/384\/2026\/03\/17_photo-officielle_land-768x432.jpg 768w\" sizes=\"(max-width: 1366px) 100vw, 1366px\" \/>\t\t\t\t\t\t\t\t\t\t\t<figcaption class=\"widget-image-caption wp-caption-text\">Le s\u00e9nateur Ren\u00e9 Cormier est d\u00e9cor\u00e9 de la plus haute distinction par Son Excellence Michel Miraillet, ambassadeur de France au Canada. <\/figcaption>\n\t\t\t\t\t\t\t\t\t\t<\/figure>\n\t\t\t\t\t\t\t\t\t<\/div>\n\t\t\t\t<\/div>\n\t\t<link rel=\"stylesheet\" href=\"https:\/\/use.fontawesome.com\/releases\/v5.5.0\/css\/all.css\" integrity=\"sha384-B4dIYHKNBt8Bc12p+WXckhzcICo0wtJAoU8YZTY5qE0Id1GSseTk6S+L3BlXeVIU\" crossorigin=\"anonymous\">\r\n\t\t<div class=\"elementor-element elementor-element-d0a0a3b mobile_pera elementor-widget elementor-widget-text-editor\" data-id=\"d0a0a3b\" data-element_type=\"widget\" data-e-type=\"widget\" data-widget_type=\"text-editor.default\">\n\t\t\t\t<div class=\"elementor-widget-container\">\n\t\t\t\t\t\t\t\t\tLe 5 f\u00e9vrier dernier, l\u2019honorable Ren\u00e9 Cormier a \u00e9t\u00e9 nomm\u00e9 au grade de Chevalier de la L\u00e9gion d\u2019honneur, \u00e0 l\u2019occasion d\u2019une c\u00e9r\u00e9monie officielle qui a eu lieu \u00e0 Ottawa \u00e0 l\u2019Ambassade de France au Canada. Cette distinction lui a \u00e9t\u00e9 remise par Son Excellence Michel Miraillet, ambassadeur de France au Canada, en vertu d\u2019un d\u00e9cret du pr\u00e9sident de la R\u00e9publique fran\u00e7aise.\n\t\t\t\t\t\t\t\t<\/div>\n\t\t\t\t<\/div>\n\t\t\t\t<div class=\"elementor-element elementor-element-01817d2 elementor-widget elementor-widget-advertisement\" data-id=\"01817d2\" data-element_type=\"widget\" data-e-type=\"widget\" data-widget_type=\"advertisement.default\">\n\t\t\t\t<div class=\"elementor-widget-container\">\n\t\t\t\t\t<div class=\"ads-align-center\"><div data-m32-ad data-options='{\"sizes\":\"[[300,100]]\",\"dfpId\":\"21658289790,27729547\",\"dfpAdUnitPath\":\"acadienouvelle\/cahiers_onefifthpage_300x100\"}'><\/div><\/div>\t\t\t\t<\/div>\n\t\t\t\t<\/div>\n\t\t\t\t<div class=\"elementor-element elementor-element-a5ab014 mobile_pera elementor-widget elementor-widget-text-editor\" data-id=\"a5ab014\" data-element_type=\"widget\" data-e-type=\"widget\" data-widget_type=\"text-editor.default\">\n\t\t\t\t<div class=\"elementor-widget-container\">\n\t\t\t\t\t\t\t\t\tPar cette reconnaissance prestigieuse, la France souhaite saluer \u00ab l\u2019engagement exceptionnel du s\u00e9nateur Cormier dans le renforcement des relations entre la France et l\u2019Acadie, ainsi que son engagement constant envers la Francophonie et sa lutte pour la d\u00e9fense des droits des personnes LGBT+ au Canada et dans le monde. C\u2019est l\u2019engagement politique, culturel et communautaire d\u2019une grande figure de l\u2019Acadie moderne que la France a souhait\u00e9 r\u00e9compenser. \u00bb\n\t\t\t\t\t\t\t\t<\/div>\n\t\t\t\t<\/div>\n\t\t\t\t<div class=\"elementor-element elementor-element-5240718 mobile_pera elementor-widget elementor-widget-text-editor\" data-id=\"5240718\" data-element_type=\"widget\" data-e-type=\"widget\" data-widget_type=\"text-editor.default\">\n\t\t\t\t<div class=\"elementor-widget-container\">\n\t\t\t\t\t\t\t\t\tR\u00e9agissant \u00e0 l\u2019annonce, le s\u00e9nateur Cormier a d\u00e9clar\u00e9 : \u00ab C\u2019est avec une profonde humilit\u00e9, et en exprimant ma vive reconnaissance \u00e0 l\u2019\u00e9gard de ma famille, du peuple acadien et des personnes qui ont contribu\u00e9 \u00e0 fa\u00e7onner mon parcours, que je re\u00e7ois cette prestigieuse marque de reconnaissance. Celle-ci constitue \u00e9galement une source d\u2019encouragement et de motivation renouvel\u00e9e pour la poursuite de mon engagement au S\u00e9nat du Canada. \u00bb\n\t\t\t\t\t\t\t\t<\/div>\n\t\t\t\t<\/div>\n\t\t\t\t<div class=\"elementor-element elementor-element-c8e1ddf mobile_pera elementor-widget elementor-widget-text-editor\" data-id=\"c8e1ddf\" data-element_type=\"widget\" data-e-type=\"widget\" data-widget_type=\"text-editor.default\">\n\t\t\t\t<div class=\"elementor-widget-container\">\n\t\t\t\t\t\t\t\t\tLa L\u00e9gion d\u2019honneur, plus haute distinction fran\u00e7aise, cr\u00e9e en 1804, peut \u00eatre attribu\u00e9e aux personnalit\u00e9s  \u00e9trang\u00e8res qui ont rendu des services extraordinaires \u00e0 la France, notamment sur le plan culturel, \u00e9conomique ou scientifique ou encourag\u00e9 des causes qu\u2019elle-m\u00eame d\u00e9fend, tels les droits de la personne, les causes humanitaires, la libert\u00e9 de la presse et la francophonie. \t\t\t\t\t\t\t\t<\/div>\n\t\t\t\t<\/div>\n\t\t\t\t<div class=\"elementor-element elementor-element-166374c box_pera elementor-widget elementor-widget-text-editor\" data-id=\"166374c\" data-element_type=\"widget\" data-e-type=\"widget\" data-widget_type=\"text-editor.default\">\n\t\t\t\t<div class=\"elementor-widget-container\">\n\t\t\t\t\t\t\t\t\t<h1>Un bel honneur pour Lisa Leblanc<b>\u00a0<br \/><\/b><\/h1><p><img decoding=\"async\" class=\" wp-image-7752 aligncenter\" src=\"https:\/\/kiosque.acadienouvelle.com\/semaine-francais-2026\/wp-content\/uploads\/sites\/384\/2026\/03\/17_Lisa-Leblanc-300x300.jpg\" alt=\"\" width=\"454\" height=\"454\" srcset=\"https:\/\/kiosque.acadienouvelle.com\/semaine-francais-2026\/wp-content\/uploads\/sites\/384\/2026\/03\/17_Lisa-Leblanc-300x300.jpg 300w, https:\/\/kiosque.acadienouvelle.com\/semaine-francais-2026\/wp-content\/uploads\/sites\/384\/2026\/03\/17_Lisa-Leblanc-150x150.jpg 150w\" sizes=\"(max-width: 454px) 100vw, 454px\" \/><\/p><p><br \/>L\u2019ann\u00e9e 2026 a d\u00e9but\u00e9 en force pour l\u2019artiste acadienne Lisa Leblanc qui a \u00e9t\u00e9 honor\u00e9e par le gouvernement fran\u00e7ais. Cette derni\u00e8re a obtenu l\u2019insigne de Chevali\u00e8re des arts et des lettres de la France. Edith Butler et Marie-Jo Therio figurent parmi les autres artistes acadiens ayant re\u00e7u cet honneur.<\/p><p>\u00a0<\/p><p>Cette distinction souligne la contribution d\u2019artistes fran\u00e7ais et \u00e9trangers pour le rayonnement des arts et de la litt\u00e9rature. La remise a eu lieu le 9 janvier dernier avec le consul de France dans les provinces atlantiques.<\/p><p>\u00a0<\/p><p>Une belle surprise pour l\u2019artiste qui ne s\u2019attendait pas \u00e0 cet honneur, et encore moins \u00e0 vivre la remise officielle \u00e0 m\u00eame une salle \u00e0 son nom.<\/p><p>\u00a0<\/p><p>Lisa Leblanc r\u00e9ussit bien sa conqu\u00eate outre-mer, en plus de la France, alors qu\u2019en 2025 elle a transport\u00e9 sa tourn\u00e9e du c\u00f4t\u00e9 du Japon.<\/p><p>\u00a0<\/p><p>Pour l\u2019ann\u00e9e en court, l\u2019artiste se concentrera notamment sur la pr\u00e9paration de son sixi\u00e8me album.<\/p><p>\u00a0<\/p><p><i>Source : Vanessa Lisabelle,\u00a0<span style=\"font-weight: inherit;\">blogueuse (rvf.ca)<\/span><\/i><\/p>\t\t\t\t\t\t\t\t<\/div>\n\t\t\t\t<\/div>\n\t\t\t\t\t<\/div>\n\t\t<\/div>\n\t\t\t\t\t<\/div>\n\t\t<\/section>\n\t\t\t\t<\/div>\n\t\t","protected":false},"excerpt":{"rendered":"<p>Le s\u00e9nateur Ren\u00e9 Cormier a re\u00e7u la plus haute distinction de la R\u00e9publique fran\u00e7aise Le s\u00e9nateur Ren\u00e9 Cormier est d\u00e9cor\u00e9 de la plus haute distinction par Son Excellence Michel Miraillet, ambassadeur de France au Canada. Le 5 f\u00e9vrier dernier, l\u2019honorable Ren\u00e9 Cormier a \u00e9t\u00e9 nomm\u00e9 au grade de Chevalier de la L\u00e9gion d\u2019honneur, \u00e0 l\u2019occasion [&hellip;]<\/p>\n","protected":false},"author":1,"featured_media":0,"parent":0,"menu_order":17,"comment_status":"closed","ping_status":"closed","template":"","meta":{"site-sidebar-layout":"no-sidebar","site-content-layout":"page-builder","ast-site-content-layout":"default","site-content-style":"default","site-sidebar-style":"default","ast-global-header-display":"","ast-banner-title-visibility":"","ast-main-header-display":"","ast-hfb-above-header-display":"","ast-hfb-below-header-display":"","ast-hfb-mobile-header-display":"","site-post-title":"disabled","ast-breadcrumbs-content":"","ast-featured-img":"disabled","footer-sml-layout":"","ast-disable-related-posts":"","theme-transparent-header-meta":"default","adv-header-id-meta":"","stick-header-meta":"","header-above-stick-meta":"","header-main-stick-meta":"","header-below-stick-meta":"","astra-migrate-meta-layouts":"default","ast-page-background-enabled":"default","ast-page-background-meta":{"desktop":{"background-color":"var(--ast-global-color-4)","background-image":"","background-repeat":"repeat","background-position":"center center","background-size":"auto","background-attachment":"scroll","background-type":"","background-media":"","overlay-type":"","overlay-color":"","overlay-opacity":"","overlay-gradient":""},"tablet":{"background-color":"","background-image":"","background-repeat":"repeat","background-position":"center center","background-size":"auto","background-attachment":"scroll","background-type":"","background-media":"","overlay-type":"","overlay-color":"","overlay-opacity":"","overlay-gradient":""},"mobile":{"background-color":"","background-image":"","background-repeat":"repeat","background-position":"center center","background-size":"auto","background-attachment":"scroll","background-type":"","background-media":"","overlay-type":"","overlay-color":"","overlay-opacity":"","overlay-gradient":""}},"ast-content-background-meta":{"desktop":{"background-color":"var(--ast-global-color-5)","background-image":"","background-repeat":"repeat","background-position":"center center","background-size":"auto","background-attachment":"scroll","background-type":"","background-media":"","overlay-type":"","overlay-color":"","overlay-opacity":"","overlay-gradient":""},"tablet":{"background-color":"var(--ast-global-color-5)","background-image":"","background-repeat":"repeat","background-position":"center center","background-size":"auto","background-attachment":"scroll","background-type":"","background-media":"","overlay-type":"","overlay-color":"","overlay-opacity":"","overlay-gradient":""},"mobile":{"background-color":"var(--ast-global-color-5)","background-image":"","background-repeat":"repeat","background-position":"center center","background-size":"auto","background-attachment":"scroll","background-type":"","background-media":"","overlay-type":"","overlay-color":"","overlay-opacity":"","overlay-gradient":""}},"footnotes":""},"page-categories":[],"class_list":["post-8026","page","type-page","status-publish","hentry"],"_links":{"self":[{"href":"https:\/\/kiosque.acadienouvelle.com\/semaine-francais-2026\/wp-json\/wp\/v2\/pages\/8026","targetHints":{"allow":["GET"]}}],"collection":[{"href":"https:\/\/kiosque.acadienouvelle.com\/semaine-francais-2026\/wp-json\/wp\/v2\/pages"}],"about":[{"href":"https:\/\/kiosque.acadienouvelle.com\/semaine-francais-2026\/wp-json\/wp\/v2\/types\/page"}],"author":[{"embeddable":true,"href":"https:\/\/kiosque.acadienouvelle.com\/semaine-francais-2026\/wp-json\/wp\/v2\/users\/1"}],"replies":[{"embeddable":true,"href":"https:\/\/kiosque.acadienouvelle.com\/semaine-francais-2026\/wp-json\/wp\/v2\/comments?post=8026"}],"version-history":[{"count":10,"href":"https:\/\/kiosque.acadienouvelle.com\/semaine-francais-2026\/wp-json\/wp\/v2\/pages\/8026\/revisions"}],"predecessor-version":[{"id":8118,"href":"https:\/\/kiosque.acadienouvelle.com\/semaine-francais-2026\/wp-json\/wp\/v2\/pages\/8026\/revisions\/8118"}],"wp:attachment":[{"href":"https:\/\/kiosque.acadienouvelle.com\/semaine-francais-2026\/wp-json\/wp\/v2\/media?parent=8026"}],"wp:term":[{"taxonomy":"page-categories","embeddable":true,"href":"https:\/\/kiosque.acadienouvelle.com\/semaine-francais-2026\/wp-json\/wp\/v2\/page-categories?post=8026"}],"curies":[{"name":"wp","href":"https:\/\/api.w.org\/{rel}","templated":true}]}}