{"id":7894,"date":"2026-02-27T19:46:48","date_gmt":"2026-02-27T19:46:48","guid":{"rendered":"https:\/\/kiosque.acadienouvelle.com\/semaine-richelieu-2026\/?page_id=7894"},"modified":"2026-03-09T17:06:30","modified_gmt":"2026-03-09T17:06:30","slug":"club-richelieu-bathurst-2","status":"publish","type":"page","link":"https:\/\/kiosque.acadienouvelle.com\/semaine-richelieu-2026\/club-richelieu-bathurst-2\/","title":{"rendered":"Club Richelieu Bathurst"},"content":{"rendered":"\t\t<div data-elementor-type=\"wp-page\" data-elementor-id=\"7894\" class=\"elementor elementor-7894\" data-elementor-post-type=\"page\">\n\t\t\t\t\t\t<section class=\"elementor-section elementor-top-section elementor-element elementor-element-50c1b6e elementor-section-height-min-height header_title banner_img elementor-section-boxed elementor-section-height-default elementor-section-items-middle\" data-id=\"50c1b6e\" data-element_type=\"section\" data-e-type=\"section\" data-settings=\"{&quot;background_background&quot;:&quot;classic&quot;}\">\n\t\t\t\t\t\t\t<div class=\"elementor-background-overlay\"><\/div>\n\t\t\t\t\t\t\t<div class=\"elementor-container elementor-column-gap-default\">\n\t\t\t\t\t<div class=\"elementor-column elementor-col-100 elementor-top-column elementor-element elementor-element-3a2d241\" data-id=\"3a2d241\" data-element_type=\"column\" data-e-type=\"column\">\n\t\t\t<div class=\"elementor-widget-wrap elementor-element-populated\">\n\t\t\t\t\t\t<div class=\"elementor-element elementor-element-9673cd2 elementor-widget elementor-widget-heading\" data-id=\"9673cd2\" data-element_type=\"widget\" data-e-type=\"widget\" data-widget_type=\"heading.default\">\n\t\t\t\t<div class=\"elementor-widget-container\">\n\t\t\t\t\t<h2 class=\"elementor-heading-title elementor-size-default\">Club Richelieu Bathurst<\/h2>\t\t\t\t<\/div>\n\t\t\t\t<\/div>\n\t\t\t\t\t<\/div>\n\t\t<\/div>\n\t\t\t\t\t<\/div>\n\t\t<\/section>\n\t\t\t\t<section class=\"elementor-section elementor-top-section elementor-element elementor-element-d9a853a elementor-section-boxed elementor-section-height-default elementor-section-height-default\" data-id=\"d9a853a\" data-element_type=\"section\" data-e-type=\"section\">\n\t\t\t\t\t\t<div class=\"elementor-container elementor-column-gap-default\">\n\t\t\t\t\t<div class=\"elementor-column elementor-col-100 elementor-top-column elementor-element elementor-element-68d9c5a page_contain\" data-id=\"68d9c5a\" data-element_type=\"column\" data-e-type=\"column\" data-settings=\"{&quot;background_background&quot;:&quot;classic&quot;}\">\n\t\t\t<div class=\"elementor-widget-wrap elementor-element-populated\">\n\t\t\t\t<link rel=\"stylesheet\" href=\"https:\/\/use.fontawesome.com\/releases\/v5.5.0\/css\/all.css\" integrity=\"sha384-B4dIYHKNBt8Bc12p+WXckhzcICo0wtJAoU8YZTY5qE0Id1GSseTk6S+L3BlXeVIU\" crossorigin=\"anonymous\">\r\n\t\t<div class=\"elementor-element elementor-element-0b6ad93 mobile_pera elementor-widget elementor-widget-text-editor\" data-id=\"0b6ad93\" data-element_type=\"widget\" data-e-type=\"widget\" data-widget_type=\"text-editor.default\">\n\t\t\t\t<div class=\"elementor-widget-container\">\n\t\t\t\t\t\t\t\t\t<p><img fetchpriority=\"high\" decoding=\"async\" class=\"size-full wp-image-7941 aligncenter\" src=\"https:\/\/kiosque.acadienouvelle.com\/semaine-richelieu-2026\/wp-content\/uploads\/sites\/382\/2026\/02\/logo.png\" alt=\"\" width=\"350\" height=\"350\" srcset=\"https:\/\/kiosque.acadienouvelle.com\/semaine-richelieu-2026\/wp-content\/uploads\/sites\/382\/2026\/02\/logo.png 350w, https:\/\/kiosque.acadienouvelle.com\/semaine-richelieu-2026\/wp-content\/uploads\/sites\/382\/2026\/02\/logo-300x300.png 300w, https:\/\/kiosque.acadienouvelle.com\/semaine-richelieu-2026\/wp-content\/uploads\/sites\/382\/2026\/02\/logo-150x150.png 150w\" sizes=\"(max-width: 350px) 100vw, 350px\" \/><\/p>\t\t\t\t\t\t\t\t<\/div>\n\t\t\t\t<\/div>\n\t\t\t\t<div class=\"elementor-element elementor-element-50f1f9b elementor-widget elementor-widget-image\" data-id=\"50f1f9b\" data-element_type=\"widget\" data-e-type=\"widget\" data-widget_type=\"image.default\">\n\t\t\t\t<div class=\"elementor-widget-container\">\n\t\t\t\t\t\t\t\t\t\t\t\t<figure class=\"wp-caption\">\n\t\t\t\t\t\t\t\t\t\t<img decoding=\"async\" width=\"1366\" height=\"768\" src=\"https:\/\/kiosque.acadienouvelle.com\/semaine-richelieu-2026\/wp-content\/uploads\/sites\/382\/2026\/02\/6_Richelieu_Bathurst_landing.jpg\" class=\"attachment-full size-full wp-image-7927\" alt=\"\" srcset=\"https:\/\/kiosque.acadienouvelle.com\/semaine-richelieu-2026\/wp-content\/uploads\/sites\/382\/2026\/02\/6_Richelieu_Bathurst_landing.jpg 1366w, https:\/\/kiosque.acadienouvelle.com\/semaine-richelieu-2026\/wp-content\/uploads\/sites\/382\/2026\/02\/6_Richelieu_Bathurst_landing-300x169.jpg 300w, https:\/\/kiosque.acadienouvelle.com\/semaine-richelieu-2026\/wp-content\/uploads\/sites\/382\/2026\/02\/6_Richelieu_Bathurst_landing-1024x576.jpg 1024w, https:\/\/kiosque.acadienouvelle.com\/semaine-richelieu-2026\/wp-content\/uploads\/sites\/382\/2026\/02\/6_Richelieu_Bathurst_landing-768x432.jpg 768w\" sizes=\"(max-width: 1366px) 100vw, 1366px\" \/>\t\t\t\t\t\t\t\t\t\t\t<figcaption class=\"widget-image-caption wp-caption-text\">De gauche \u00e0 droite : Jessica Rousselle, coordinatrice \u00e0 la vie \u00e9tudiante; Aly Kane, V.-P. interne au conseil \u00e9tudiant); Michelle Guignard, pr\u00e9sidente du Club; Rachel L\u00e9ger et Guy Jean, (membres du Club Richelieu Bathurst).<\/figcaption>\n\t\t\t\t\t\t\t\t\t\t<\/figure>\n\t\t\t\t\t\t\t\t\t<\/div>\n\t\t\t\t<\/div>\n\t\t\t\t<div class=\"elementor-element elementor-element-bcb1c1c mobile_pera elementor-widget elementor-widget-text-editor\" data-id=\"bcb1c1c\" data-element_type=\"widget\" data-e-type=\"widget\" data-widget_type=\"text-editor.default\">\n\t\t\t\t<div class=\"elementor-widget-container\">\n\t\t\t\t\t\t\t\t\t<p><b>Notre club a remis un don de 1000 $ \u00e0 l\u2019Association des \u00e9tudiants du CCNB pour la pr\u00e9sentation de la prochaine \u00e9dition de CCNB sur sc\u00e8ne.<\/b><\/p>\t\t\t\t\t\t\t\t<\/div>\n\t\t\t\t<\/div>\n\t\t\t\t<div class=\"elementor-element elementor-element-37874ed elementor-widget elementor-widget-advertisement\" data-id=\"37874ed\" data-element_type=\"widget\" data-e-type=\"widget\" data-widget_type=\"advertisement.default\">\n\t\t\t\t<div class=\"elementor-widget-container\">\n\t\t\t\t\t<div class=\"ads-align-center\"><div data-m32-ad data-options='{\"sizes\":\"[[320,480]]\",\"dfpId\":\"21658289790,27729547\",\"dfpAdUnitPath\":\"acadienouvelle\/cahiers_halfpage_320x480\"}'><\/div><\/div>\t\t\t\t<\/div>\n\t\t\t\t<\/div>\n\t\t\t\t<div class=\"elementor-element elementor-element-166374c mobile_pera elementor-widget elementor-widget-text-editor\" data-id=\"166374c\" data-element_type=\"widget\" data-e-type=\"widget\" data-widget_type=\"text-editor.default\">\n\t\t\t\t<div class=\"elementor-widget-container\">\n\t\t\t\t\t\t\t\t\t<h1><b>La 32e \u00e9dition de la Journ\u00e9e spaghetti couronn\u00e9e d\u2019un franc succ\u00e8s <br \/><\/b><\/h1><h1 style=\"font-style: normal;\"><b><img decoding=\"async\" class=\"size-full wp-image-7931 aligncenter\" src=\"https:\/\/kiosque.acadienouvelle.com\/semaine-richelieu-2026\/wp-content\/uploads\/sites\/382\/2026\/02\/6_Richelieu_Bathurst_photo-1.jpg\" alt=\"\" width=\"1366\" height=\"768\" srcset=\"https:\/\/kiosque.acadienouvelle.com\/semaine-richelieu-2026\/wp-content\/uploads\/sites\/382\/2026\/02\/6_Richelieu_Bathurst_photo-1.jpg 1366w, https:\/\/kiosque.acadienouvelle.com\/semaine-richelieu-2026\/wp-content\/uploads\/sites\/382\/2026\/02\/6_Richelieu_Bathurst_photo-1-300x169.jpg 300w, https:\/\/kiosque.acadienouvelle.com\/semaine-richelieu-2026\/wp-content\/uploads\/sites\/382\/2026\/02\/6_Richelieu_Bathurst_photo-1-1024x576.jpg 1024w, https:\/\/kiosque.acadienouvelle.com\/semaine-richelieu-2026\/wp-content\/uploads\/sites\/382\/2026\/02\/6_Richelieu_Bathurst_photo-1-768x432.jpg 768w\" sizes=\"(max-width: 1366px) 100vw, 1366px\" \/><\/b><\/h1><p>C\u2019est devenu une belle tradition dans la r\u00e9gion Chaleur. Ce bel \u00e9v\u00e9nement vise \u00e0 soutenir les activit\u00e9s \u00e9tudiantes, culturelles et sportives de l\u2019\u00e9cole ESN. Chaque ann\u00e9e, la population r\u00e9pond massivement \u00e0 l\u2019invitation. Le ministre Ren\u00e9 Legacy \u00e9tait sur place le 16 novembre dernier. Il s\u2019est dit impressionn\u00e9 par le d\u00e9vouement d\u2019autant de personnes. \u00ab F\u00e9licitations au Club Richelieu de Bathurst et \u00e0 la communaut\u00e9 \u00e9tudiante pour le succ\u00e8s de cette journ\u00e9e Spaghetti. Je me suis d\u00e9plac\u00e9 pour donner un petit coup de main et j\u2019ai \u00e9t\u00e9 tr\u00e8s touch\u00e9 par le soutien de la communaut\u00e9. Des \u00e9v\u00e9nements comme ceux-l\u00e0 sont possibles gr\u00e2ce au d\u00e9vouement de nombreux b\u00e9n\u00e9voles. Encore une fois\u2026 bravo. \u00bb<\/p><p><span style=\"color: var( --e-global-color-text ); font-style: inherit; font-weight: inherit;\">\u00a0<\/span><\/p>\t\t\t\t\t\t\t\t<\/div>\n\t\t\t\t<\/div>\n\t\t\t\t<div class=\"elementor-element elementor-element-fb6417b box_pera elementor-widget elementor-widget-text-editor\" data-id=\"fb6417b\" data-element_type=\"widget\" data-e-type=\"widget\" data-widget_type=\"text-editor.default\">\n\t\t\t\t<div class=\"elementor-widget-container\">\n\t\t\t\t\t\t\t\t\t<h1><b>UN \u00c9NORME MERCI !<\/b><\/h1><p>Il est rare de nos jours de voir une organisation recevoir autant d\u2019\u00e9loges que les clubs Richelieu. Que vous parliez \u00e0 un maire, \u00e0 la direction d\u2019une \u00e9cole primaire ou secondaire, \u00e0 des b\u00e9n\u00e9voles impliqu\u00e9s dans diverses causes dans une communaut\u00e9, tous sans exception se disent enchant\u00e9s par la pr\u00e9sence d\u2019un club Richelieu sur leur territoire.<\/p><p><span style=\"color: var( --e-global-color-text ); font-style: inherit; font-weight: inherit;\">\u00a0<\/span><\/p><p>D\u2019abord, on appr\u00e9cie leur engagement \u00e0 soutenir et \u00e0 promouvoir notre langue fran\u00e7aise. \u00c0 encourager constamment la vitalit\u00e9 de notre jeunesse et \u00e0 organiser de multiples \u00e9v\u00e9nements pour soutenir financi\u00e8rement les activit\u00e9s de nos jeunes que ce soit sur le plan culturel, social et sportif.<span style=\"color: var( --e-global-color-text ); font-style: inherit; font-weight: inherit;\">\u00a0<\/span><\/p>\t\t\t\t\t\t\t\t<\/div>\n\t\t\t\t<\/div>\n\t\t\t\t\t<\/div>\n\t\t<\/div>\n\t\t\t\t\t<\/div>\n\t\t<\/section>\n\t\t\t\t<\/div>\n\t\t","protected":false},"excerpt":{"rendered":"<p>Club Richelieu Bathurst De gauche \u00e0 droite : Jessica Rousselle, coordinatrice \u00e0 la vie \u00e9tudiante; Aly Kane, V.-P. interne au conseil \u00e9tudiant); Michelle Guignard, pr\u00e9sidente du Club; Rachel L\u00e9ger et Guy Jean, (membres du Club Richelieu Bathurst). Notre club a remis un don de 1000 $ \u00e0 l\u2019Association des \u00e9tudiants du CCNB pour la pr\u00e9sentation [&hellip;]<\/p>\n","protected":false},"author":7,"featured_media":0,"parent":0,"menu_order":5,"comment_status":"closed","ping_status":"closed","template":"","meta":{"site-sidebar-layout":"no-sidebar","site-content-layout":"page-builder","ast-site-content-layout":"default","site-content-style":"default","site-sidebar-style":"default","ast-global-header-display":"","ast-banner-title-visibility":"","ast-main-header-display":"","ast-hfb-above-header-display":"","ast-hfb-below-header-display":"","ast-hfb-mobile-header-display":"","site-post-title":"disabled","ast-breadcrumbs-content":"","ast-featured-img":"disabled","footer-sml-layout":"","ast-disable-related-posts":"","theme-transparent-header-meta":"default","adv-header-id-meta":"","stick-header-meta":"","header-above-stick-meta":"","header-main-stick-meta":"","header-below-stick-meta":"","astra-migrate-meta-layouts":"default","ast-page-background-enabled":"default","ast-page-background-meta":{"desktop":{"background-color":"var(--ast-global-color-4)","background-image":"","background-repeat":"repeat","background-position":"center center","background-size":"auto","background-attachment":"scroll","background-type":"","background-media":"","overlay-type":"","overlay-color":"","overlay-opacity":"","overlay-gradient":""},"tablet":{"background-color":"","background-image":"","background-repeat":"repeat","background-position":"center center","background-size":"auto","background-attachment":"scroll","background-type":"","background-media":"","overlay-type":"","overlay-color":"","overlay-opacity":"","overlay-gradient":""},"mobile":{"background-color":"","background-image":"","background-repeat":"repeat","background-position":"center center","background-size":"auto","background-attachment":"scroll","background-type":"","background-media":"","overlay-type":"","overlay-color":"","overlay-opacity":"","overlay-gradient":""}},"ast-content-background-meta":{"desktop":{"background-color":"var(--ast-global-color-5)","background-image":"","background-repeat":"repeat","background-position":"center center","background-size":"auto","background-attachment":"scroll","background-type":"","background-media":"","overlay-type":"","overlay-color":"","overlay-opacity":"","overlay-gradient":""},"tablet":{"background-color":"var(--ast-global-color-5)","background-image":"","background-repeat":"repeat","background-position":"center center","background-size":"auto","background-attachment":"scroll","background-type":"","background-media":"","overlay-type":"","overlay-color":"","overlay-opacity":"","overlay-gradient":""},"mobile":{"background-color":"var(--ast-global-color-5)","background-image":"","background-repeat":"repeat","background-position":"center center","background-size":"auto","background-attachment":"scroll","background-type":"","background-media":"","overlay-type":"","overlay-color":"","overlay-opacity":"","overlay-gradient":""}},"footnotes":""},"page-categories":[],"class_list":["post-7894","page","type-page","status-publish","hentry"],"_links":{"self":[{"href":"https:\/\/kiosque.acadienouvelle.com\/semaine-richelieu-2026\/wp-json\/wp\/v2\/pages\/7894","targetHints":{"allow":["GET"]}}],"collection":[{"href":"https:\/\/kiosque.acadienouvelle.com\/semaine-richelieu-2026\/wp-json\/wp\/v2\/pages"}],"about":[{"href":"https:\/\/kiosque.acadienouvelle.com\/semaine-richelieu-2026\/wp-json\/wp\/v2\/types\/page"}],"author":[{"embeddable":true,"href":"https:\/\/kiosque.acadienouvelle.com\/semaine-richelieu-2026\/wp-json\/wp\/v2\/users\/7"}],"replies":[{"embeddable":true,"href":"https:\/\/kiosque.acadienouvelle.com\/semaine-richelieu-2026\/wp-json\/wp\/v2\/comments?post=7894"}],"version-history":[{"count":37,"href":"https:\/\/kiosque.acadienouvelle.com\/semaine-richelieu-2026\/wp-json\/wp\/v2\/pages\/7894\/revisions"}],"predecessor-version":[{"id":8432,"href":"https:\/\/kiosque.acadienouvelle.com\/semaine-richelieu-2026\/wp-json\/wp\/v2\/pages\/7894\/revisions\/8432"}],"wp:attachment":[{"href":"https:\/\/kiosque.acadienouvelle.com\/semaine-richelieu-2026\/wp-json\/wp\/v2\/media?parent=7894"}],"wp:term":[{"taxonomy":"page-categories","embeddable":true,"href":"https:\/\/kiosque.acadienouvelle.com\/semaine-richelieu-2026\/wp-json\/wp\/v2\/page-categories?post=7894"}],"curies":[{"name":"wp","href":"https:\/\/api.w.org\/{rel}","templated":true}]}}