{"id":8090,"date":"2026-03-02T14:57:29","date_gmt":"2026-03-02T14:57:29","guid":{"rendered":"https:\/\/kiosque.acadienouvelle.com\/semaine-richelieu-2026\/club-richelieu-de-tracadie\/"},"modified":"2026-03-05T14:48:10","modified_gmt":"2026-03-05T14:48:10","slug":"club-richelieu-de-tracadie","status":"publish","type":"page","link":"https:\/\/kiosque.acadienouvelle.com\/semaine-richelieu-2026\/club-richelieu-de-tracadie\/","title":{"rendered":"Club Richelieu de Tracadie"},"content":{"rendered":"\t\t<div data-elementor-type=\"wp-page\" data-elementor-id=\"8090\" class=\"elementor elementor-8090\" data-elementor-post-type=\"page\">\n\t\t\t\t\t\t<section class=\"elementor-section elementor-top-section elementor-element elementor-element-50c1b6e elementor-section-height-min-height header_title banner_img elementor-section-boxed elementor-section-height-default elementor-section-items-middle\" data-id=\"50c1b6e\" data-element_type=\"section\" data-e-type=\"section\" data-settings=\"{&quot;background_background&quot;:&quot;classic&quot;}\">\n\t\t\t\t\t\t\t<div class=\"elementor-background-overlay\"><\/div>\n\t\t\t\t\t\t\t<div class=\"elementor-container elementor-column-gap-default\">\n\t\t\t\t\t<div class=\"elementor-column elementor-col-100 elementor-top-column elementor-element elementor-element-3a2d241\" data-id=\"3a2d241\" data-element_type=\"column\" data-e-type=\"column\">\n\t\t\t<div class=\"elementor-widget-wrap elementor-element-populated\">\n\t\t\t\t\t\t<div class=\"elementor-element elementor-element-9673cd2 elementor-widget elementor-widget-heading\" data-id=\"9673cd2\" data-element_type=\"widget\" data-e-type=\"widget\" data-widget_type=\"heading.default\">\n\t\t\t\t<div class=\"elementor-widget-container\">\n\t\t\t\t\t<h2 class=\"elementor-heading-title elementor-size-default\">Club Richelieu de Tracadie<\/h2>\t\t\t\t<\/div>\n\t\t\t\t<\/div>\n\t\t\t\t\t<\/div>\n\t\t<\/div>\n\t\t\t\t\t<\/div>\n\t\t<\/section>\n\t\t\t\t<section class=\"elementor-section elementor-top-section elementor-element elementor-element-d9a853a elementor-section-boxed elementor-section-height-default elementor-section-height-default\" data-id=\"d9a853a\" data-element_type=\"section\" data-e-type=\"section\">\n\t\t\t\t\t\t<div class=\"elementor-container elementor-column-gap-default\">\n\t\t\t\t\t<div class=\"elementor-column elementor-col-100 elementor-top-column elementor-element elementor-element-68d9c5a page_contain\" data-id=\"68d9c5a\" data-element_type=\"column\" data-e-type=\"column\" data-settings=\"{&quot;background_background&quot;:&quot;classic&quot;}\">\n\t\t\t<div class=\"elementor-widget-wrap elementor-element-populated\">\n\t\t\t\t<link rel=\"stylesheet\" href=\"https:\/\/use.fontawesome.com\/releases\/v5.5.0\/css\/all.css\" integrity=\"sha384-B4dIYHKNBt8Bc12p+WXckhzcICo0wtJAoU8YZTY5qE0Id1GSseTk6S+L3BlXeVIU\" crossorigin=\"anonymous\">\r\n\t\t<div class=\"elementor-element elementor-element-d0a0a3b mobile_pera elementor-widget elementor-widget-text-editor\" data-id=\"d0a0a3b\" data-element_type=\"widget\" data-e-type=\"widget\" data-widget_type=\"text-editor.default\">\n\t\t\t\t<div class=\"elementor-widget-container\">\n\t\t\t\t\t\t\t\t\t<p><img fetchpriority=\"high\" decoding=\"async\" class=\"size-full wp-image-8120 aligncenter\" src=\"https:\/\/kiosque.acadienouvelle.com\/semaine-richelieu-2026\/wp-content\/uploads\/sites\/382\/2026\/03\/14_Richelieu_tracadie_logo.jpg\" alt=\"\" width=\"485\" height=\"382\" srcset=\"https:\/\/kiosque.acadienouvelle.com\/semaine-richelieu-2026\/wp-content\/uploads\/sites\/382\/2026\/03\/14_Richelieu_tracadie_logo.jpg 485w, https:\/\/kiosque.acadienouvelle.com\/semaine-richelieu-2026\/wp-content\/uploads\/sites\/382\/2026\/03\/14_Richelieu_tracadie_logo-300x236.jpg 300w\" sizes=\"(max-width: 485px) 100vw, 485px\" \/><\/p>\t\t\t\t\t\t\t\t<\/div>\n\t\t\t\t<\/div>\n\t\t\t\t<div class=\"elementor-element elementor-element-50f1f9b elementor-widget elementor-widget-image\" data-id=\"50f1f9b\" data-element_type=\"widget\" data-e-type=\"widget\" data-widget_type=\"image.default\">\n\t\t\t\t<div class=\"elementor-widget-container\">\n\t\t\t\t\t\t\t\t\t\t\t\t<figure class=\"wp-caption\">\n\t\t\t\t\t\t\t\t\t\t<img decoding=\"async\" width=\"1366\" height=\"768\" src=\"https:\/\/kiosque.acadienouvelle.com\/semaine-richelieu-2026\/wp-content\/uploads\/sites\/382\/2026\/03\/14_Richelieu_tracadie_landing.jpg\" class=\"attachment-full size-full wp-image-8092\" alt=\"\" srcset=\"https:\/\/kiosque.acadienouvelle.com\/semaine-richelieu-2026\/wp-content\/uploads\/sites\/382\/2026\/03\/14_Richelieu_tracadie_landing.jpg 1366w, https:\/\/kiosque.acadienouvelle.com\/semaine-richelieu-2026\/wp-content\/uploads\/sites\/382\/2026\/03\/14_Richelieu_tracadie_landing-300x169.jpg 300w, https:\/\/kiosque.acadienouvelle.com\/semaine-richelieu-2026\/wp-content\/uploads\/sites\/382\/2026\/03\/14_Richelieu_tracadie_landing-1024x576.jpg 1024w, https:\/\/kiosque.acadienouvelle.com\/semaine-richelieu-2026\/wp-content\/uploads\/sites\/382\/2026\/03\/14_Richelieu_tracadie_landing-768x432.jpg 768w\" sizes=\"(max-width: 1366px) 100vw, 1366px\" \/>\t\t\t\t\t\t\t\t\t\t\t<figcaption class=\"widget-image-caption wp-caption-text\">Un don de 1 000 $ a \u00e9t\u00e9 remis Rayon de l\u2019espoir au mois de d\u00e9cembre dernier.<\/figcaption>\n\t\t\t\t\t\t\t\t\t\t<\/figure>\n\t\t\t\t\t\t\t\t\t<\/div>\n\t\t\t\t<\/div>\n\t\t\t\t<div class=\"elementor-element elementor-element-ee1eb0b mobile_pera elementor-widget elementor-widget-text-editor\" data-id=\"ee1eb0b\" data-element_type=\"widget\" data-e-type=\"widget\" data-widget_type=\"text-editor.default\">\n\t\t\t\t<div class=\"elementor-widget-container\">\n\t\t\t\t\t\t\t\t\t<p>Tout au long de l\u2019ann\u00e9e, le Club Richelieu de Tracadie, tout comme tous les autres Clubs, multiplie des remises de dons \u00e0 une panoplie d\u2019organismes dans la communaut\u00e9, que ce soit dans les \u00e9coles, au sein des \u00e9quipes sportives, culturelles et sociales ainsi que du c\u00f4t\u00e9 des \u0153uvres de charit\u00e9. En voici deux exemples.<\/p>\t\t\t\t\t\t\t\t<\/div>\n\t\t\t\t<\/div>\n\t\t\t\t<div class=\"elementor-element elementor-element-cf70b8c elementor-widget elementor-widget-advertisement\" data-id=\"cf70b8c\" data-element_type=\"widget\" data-e-type=\"widget\" data-widget_type=\"advertisement.default\">\n\t\t\t\t<div class=\"elementor-widget-container\">\n\t\t\t\t\t<div class=\"ads-align-center\"><div data-m32-ad data-options='{\"sizes\":\"[[300,250]]\",\"dfpId\":\"21658289790,27729547\",\"dfpAdUnitPath\":\"acadienouvelle\/cahiers_quarterpage_300x250\"}'><\/div><\/div>\t\t\t\t<\/div>\n\t\t\t\t<\/div>\n\t\t\t\t<div class=\"elementor-element elementor-element-74263c8 mobile_pera elementor-widget elementor-widget-text-editor\" data-id=\"74263c8\" data-element_type=\"widget\" data-e-type=\"widget\" data-widget_type=\"text-editor.default\">\n\t\t\t\t<div class=\"elementor-widget-container\">\n\t\t\t\t\t\t\t\t\t<p><img decoding=\"async\" class=\"alignleft size-full wp-image-8100\" src=\"https:\/\/kiosque.acadienouvelle.com\/semaine-richelieu-2026\/wp-content\/uploads\/sites\/382\/2026\/03\/14_Richelieu_tracadie_photo.jpg\" alt=\"\" width=\"1366\" height=\"768\" srcset=\"https:\/\/kiosque.acadienouvelle.com\/semaine-richelieu-2026\/wp-content\/uploads\/sites\/382\/2026\/03\/14_Richelieu_tracadie_photo.jpg 1366w, https:\/\/kiosque.acadienouvelle.com\/semaine-richelieu-2026\/wp-content\/uploads\/sites\/382\/2026\/03\/14_Richelieu_tracadie_photo-300x169.jpg 300w, https:\/\/kiosque.acadienouvelle.com\/semaine-richelieu-2026\/wp-content\/uploads\/sites\/382\/2026\/03\/14_Richelieu_tracadie_photo-1024x576.jpg 1024w, https:\/\/kiosque.acadienouvelle.com\/semaine-richelieu-2026\/wp-content\/uploads\/sites\/382\/2026\/03\/14_Richelieu_tracadie_photo-768x432.jpg 768w\" sizes=\"(max-width: 1366px) 100vw, 1366px\" \/><\/p>\t\t\t\t\t\t\t\t<\/div>\n\t\t\t\t<\/div>\n\t\t\t\t<div class=\"elementor-element elementor-element-057c62c mobile_pera elementor-widget elementor-widget-text-editor\" data-id=\"057c62c\" data-element_type=\"widget\" data-e-type=\"widget\" data-widget_type=\"text-editor.default\">\n\t\t\t\t<div class=\"elementor-widget-container\">\n\t\t\t\t\t\t\t\t\t<p>Photo prise au moment o\u00f9 un don de 700 $ a \u00e9t\u00e9 offert \u00e0 l\u2019\u00c9cole La Passerelle.<\/p>\t\t\t\t\t\t\t\t<\/div>\n\t\t\t\t<\/div>\n\t\t\t\t<div class=\"elementor-element elementor-element-76daf37 mobile_pera elementor-widget elementor-widget-text-editor\" data-id=\"76daf37\" data-element_type=\"widget\" data-e-type=\"widget\" data-widget_type=\"text-editor.default\">\n\t\t\t\t<div class=\"elementor-widget-container\">\n\t\t\t\t\t\t\t\t\t<p><img loading=\"lazy\" decoding=\"async\" class=\"alignleft size-full wp-image-8110\" src=\"https:\/\/kiosque.acadienouvelle.com\/semaine-richelieu-2026\/wp-content\/uploads\/sites\/382\/2026\/03\/14_Richelieu_tracadie_photo2-1.jpg\" alt=\"\" width=\"1366\" height=\"768\" srcset=\"https:\/\/kiosque.acadienouvelle.com\/semaine-richelieu-2026\/wp-content\/uploads\/sites\/382\/2026\/03\/14_Richelieu_tracadie_photo2-1.jpg 1366w, https:\/\/kiosque.acadienouvelle.com\/semaine-richelieu-2026\/wp-content\/uploads\/sites\/382\/2026\/03\/14_Richelieu_tracadie_photo2-1-300x169.jpg 300w, https:\/\/kiosque.acadienouvelle.com\/semaine-richelieu-2026\/wp-content\/uploads\/sites\/382\/2026\/03\/14_Richelieu_tracadie_photo2-1-1024x576.jpg 1024w, https:\/\/kiosque.acadienouvelle.com\/semaine-richelieu-2026\/wp-content\/uploads\/sites\/382\/2026\/03\/14_Richelieu_tracadie_photo2-1-768x432.jpg 768w\" sizes=\"(max-width: 1366px) 100vw, 1366px\" \/><\/p>\t\t\t\t\t\t\t\t<\/div>\n\t\t\t\t<\/div>\n\t\t\t\t<div class=\"elementor-element elementor-element-ed7366e mobile_pera elementor-widget elementor-widget-text-editor\" data-id=\"ed7366e\" data-element_type=\"widget\" data-e-type=\"widget\" data-widget_type=\"text-editor.default\">\n\t\t\t\t<div class=\"elementor-widget-container\">\n\t\t\t\t\t\t\t\t\t<p>Envie de faire une diff\u00e9rence dans votre communaut\u00e9 tout en partageant des moments enrichissants avec des gens passionn\u00e9s? En devenant membre d\u2019un Club Richelieu :<\/p>\n<p><ul><li>Vous contribuerez \u00e0 des projets qui soutiennent la jeunesse francophone et les communaut\u00e9s locales;<\/li><li>Vous ferez partie d\u2019un r\u00e9seau mondial d\u00e9di\u00e9 \u00e0 la solidarit\u00e9 et au partage;<\/li><li>Vous aurez l\u2019occasion de vivre des exp\u00e9riences inoubliables, tout en d\u00e9veloppant vos comp\u00e9tences et vos relations. Contactez votre club local pour savoir comment joindre notre mouvement!<\/li><\/ul><\/p>\t\t\t\t\t\t\t\t<\/div>\n\t\t\t\t<\/div>\n\t\t\t\t\t<\/div>\n\t\t<\/div>\n\t\t\t\t\t<\/div>\n\t\t<\/section>\n\t\t\t\t<\/div>\n\t\t","protected":false},"excerpt":{"rendered":"<p>Club Richelieu de Tracadie Un don de 1 000 $ a \u00e9t\u00e9 remis Rayon de l\u2019espoir au mois de d\u00e9cembre dernier. Tout au long de l\u2019ann\u00e9e, le Club Richelieu de Tracadie, tout comme tous les autres Clubs, multiplie des remises de dons \u00e0 une panoplie d\u2019organismes dans la communaut\u00e9, que ce soit dans les \u00e9coles, [&hellip;]<\/p>\n","protected":false},"author":7,"featured_media":0,"parent":0,"menu_order":12,"comment_status":"closed","ping_status":"closed","template":"","meta":{"site-sidebar-layout":"no-sidebar","site-content-layout":"page-builder","ast-site-content-layout":"default","site-content-style":"default","site-sidebar-style":"default","ast-global-header-display":"","ast-banner-title-visibility":"","ast-main-header-display":"","ast-hfb-above-header-display":"","ast-hfb-below-header-display":"","ast-hfb-mobile-header-display":"","site-post-title":"disabled","ast-breadcrumbs-content":"","ast-featured-img":"disabled","footer-sml-layout":"","ast-disable-related-posts":"","theme-transparent-header-meta":"default","adv-header-id-meta":"","stick-header-meta":"","header-above-stick-meta":"","header-main-stick-meta":"","header-below-stick-meta":"","astra-migrate-meta-layouts":"default","ast-page-background-enabled":"default","ast-page-background-meta":{"desktop":{"background-color":"var(--ast-global-color-4)","background-image":"","background-repeat":"repeat","background-position":"center center","background-size":"auto","background-attachment":"scroll","background-type":"","background-media":"","overlay-type":"","overlay-color":"","overlay-opacity":"","overlay-gradient":""},"tablet":{"background-color":"","background-image":"","background-repeat":"repeat","background-position":"center center","background-size":"auto","background-attachment":"scroll","background-type":"","background-media":"","overlay-type":"","overlay-color":"","overlay-opacity":"","overlay-gradient":""},"mobile":{"background-color":"","background-image":"","background-repeat":"repeat","background-position":"center center","background-size":"auto","background-attachment":"scroll","background-type":"","background-media":"","overlay-type":"","overlay-color":"","overlay-opacity":"","overlay-gradient":""}},"ast-content-background-meta":{"desktop":{"background-color":"var(--ast-global-color-5)","background-image":"","background-repeat":"repeat","background-position":"center center","background-size":"auto","background-attachment":"scroll","background-type":"","background-media":"","overlay-type":"","overlay-color":"","overlay-opacity":"","overlay-gradient":""},"tablet":{"background-color":"var(--ast-global-color-5)","background-image":"","background-repeat":"repeat","background-position":"center center","background-size":"auto","background-attachment":"scroll","background-type":"","background-media":"","overlay-type":"","overlay-color":"","overlay-opacity":"","overlay-gradient":""},"mobile":{"background-color":"var(--ast-global-color-5)","background-image":"","background-repeat":"repeat","background-position":"center center","background-size":"auto","background-attachment":"scroll","background-type":"","background-media":"","overlay-type":"","overlay-color":"","overlay-opacity":"","overlay-gradient":""}},"footnotes":""},"page-categories":[],"class_list":["post-8090","page","type-page","status-publish","hentry"],"_links":{"self":[{"href":"https:\/\/kiosque.acadienouvelle.com\/semaine-richelieu-2026\/wp-json\/wp\/v2\/pages\/8090","targetHints":{"allow":["GET"]}}],"collection":[{"href":"https:\/\/kiosque.acadienouvelle.com\/semaine-richelieu-2026\/wp-json\/wp\/v2\/pages"}],"about":[{"href":"https:\/\/kiosque.acadienouvelle.com\/semaine-richelieu-2026\/wp-json\/wp\/v2\/types\/page"}],"author":[{"embeddable":true,"href":"https:\/\/kiosque.acadienouvelle.com\/semaine-richelieu-2026\/wp-json\/wp\/v2\/users\/7"}],"replies":[{"embeddable":true,"href":"https:\/\/kiosque.acadienouvelle.com\/semaine-richelieu-2026\/wp-json\/wp\/v2\/comments?post=8090"}],"version-history":[{"count":31,"href":"https:\/\/kiosque.acadienouvelle.com\/semaine-richelieu-2026\/wp-json\/wp\/v2\/pages\/8090\/revisions"}],"predecessor-version":[{"id":8129,"href":"https:\/\/kiosque.acadienouvelle.com\/semaine-richelieu-2026\/wp-json\/wp\/v2\/pages\/8090\/revisions\/8129"}],"wp:attachment":[{"href":"https:\/\/kiosque.acadienouvelle.com\/semaine-richelieu-2026\/wp-json\/wp\/v2\/media?parent=8090"}],"wp:term":[{"taxonomy":"page-categories","embeddable":true,"href":"https:\/\/kiosque.acadienouvelle.com\/semaine-richelieu-2026\/wp-json\/wp\/v2\/page-categories?post=8090"}],"curies":[{"name":"wp","href":"https:\/\/api.w.org\/{rel}","templated":true}]}}