{"id":8130,"date":"2026-03-02T15:23:45","date_gmt":"2026-03-02T15:23:45","guid":{"rendered":"https:\/\/kiosque.acadienouvelle.com\/semaine-richelieu-2026\/club-richelieu-campbellton\/"},"modified":"2026-03-05T21:05:12","modified_gmt":"2026-03-05T21:05:12","slug":"club-richelieu-campbellton","status":"publish","type":"page","link":"https:\/\/kiosque.acadienouvelle.com\/semaine-richelieu-2026\/club-richelieu-campbellton\/","title":{"rendered":"Club Richelieu Campbellton"},"content":{"rendered":"\t\t<div data-elementor-type=\"wp-page\" data-elementor-id=\"8130\" class=\"elementor elementor-8130\" data-elementor-post-type=\"page\">\n\t\t\t\t\t\t<section class=\"elementor-section elementor-top-section elementor-element elementor-element-50c1b6e elementor-section-height-min-height header_title banner_img elementor-section-boxed elementor-section-height-default elementor-section-items-middle\" data-id=\"50c1b6e\" data-element_type=\"section\" data-e-type=\"section\" data-settings=\"{&quot;background_background&quot;:&quot;classic&quot;}\">\n\t\t\t\t\t\t\t<div class=\"elementor-background-overlay\"><\/div>\n\t\t\t\t\t\t\t<div class=\"elementor-container elementor-column-gap-default\">\n\t\t\t\t\t<div class=\"elementor-column elementor-col-100 elementor-top-column elementor-element elementor-element-3a2d241\" data-id=\"3a2d241\" data-element_type=\"column\" data-e-type=\"column\">\n\t\t\t<div class=\"elementor-widget-wrap elementor-element-populated\">\n\t\t\t\t\t\t<div class=\"elementor-element elementor-element-9673cd2 elementor-widget elementor-widget-heading\" data-id=\"9673cd2\" data-element_type=\"widget\" data-e-type=\"widget\" data-widget_type=\"heading.default\">\n\t\t\t\t<div class=\"elementor-widget-container\">\n\t\t\t\t\t<h2 class=\"elementor-heading-title elementor-size-default\">Club Richelieu Campbellton\n<\/h2>\t\t\t\t<\/div>\n\t\t\t\t<\/div>\n\t\t\t\t\t<\/div>\n\t\t<\/div>\n\t\t\t\t\t<\/div>\n\t\t<\/section>\n\t\t\t\t<section class=\"elementor-section elementor-top-section elementor-element elementor-element-d9a853a elementor-section-boxed elementor-section-height-default elementor-section-height-default\" data-id=\"d9a853a\" data-element_type=\"section\" data-e-type=\"section\">\n\t\t\t\t\t\t<div class=\"elementor-container elementor-column-gap-default\">\n\t\t\t\t\t<div class=\"elementor-column elementor-col-100 elementor-top-column elementor-element elementor-element-68d9c5a page_contain\" data-id=\"68d9c5a\" data-element_type=\"column\" data-e-type=\"column\" data-settings=\"{&quot;background_background&quot;:&quot;classic&quot;}\">\n\t\t\t<div class=\"elementor-widget-wrap elementor-element-populated\">\n\t\t\t\t<link rel=\"stylesheet\" href=\"https:\/\/use.fontawesome.com\/releases\/v5.5.0\/css\/all.css\" integrity=\"sha384-B4dIYHKNBt8Bc12p+WXckhzcICo0wtJAoU8YZTY5qE0Id1GSseTk6S+L3BlXeVIU\" crossorigin=\"anonymous\">\r\n\t\t<div class=\"elementor-element elementor-element-d0a0a3b mobile_pera elementor-widget elementor-widget-text-editor\" data-id=\"d0a0a3b\" data-element_type=\"widget\" data-e-type=\"widget\" data-widget_type=\"text-editor.default\">\n\t\t\t\t<div class=\"elementor-widget-container\">\n\t\t\t\t\t\t\t\t\t<p><img fetchpriority=\"high\" decoding=\"async\" class=\"size-full wp-image-8181 aligncenter\" src=\"https:\/\/kiosque.acadienouvelle.com\/semaine-richelieu-2026\/wp-content\/uploads\/sites\/382\/2026\/03\/15_Richelieu_campbellton_logo.jpg\" alt=\"\" width=\"485\" height=\"382\" srcset=\"https:\/\/kiosque.acadienouvelle.com\/semaine-richelieu-2026\/wp-content\/uploads\/sites\/382\/2026\/03\/15_Richelieu_campbellton_logo.jpg 485w, https:\/\/kiosque.acadienouvelle.com\/semaine-richelieu-2026\/wp-content\/uploads\/sites\/382\/2026\/03\/15_Richelieu_campbellton_logo-300x236.jpg 300w\" sizes=\"(max-width: 485px) 100vw, 485px\" \/><\/p>\t\t\t\t\t\t\t\t<\/div>\n\t\t\t\t<\/div>\n\t\t\t\t<div class=\"elementor-element elementor-element-8eba562 mobile_pera elementor-widget elementor-widget-text-editor\" data-id=\"8eba562\" data-element_type=\"widget\" data-e-type=\"widget\" data-widget_type=\"text-editor.default\">\n\t\t\t\t<div class=\"elementor-widget-container\">\n\t\t\t\t\t\t\t\t\t<p><b>Don de 5000 $<\/b><\/p>\t\t\t\t\t\t\t\t<\/div>\n\t\t\t\t<\/div>\n\t\t\t\t<div class=\"elementor-element elementor-element-50f1f9b elementor-widget elementor-widget-image\" data-id=\"50f1f9b\" data-element_type=\"widget\" data-e-type=\"widget\" data-widget_type=\"image.default\">\n\t\t\t\t<div class=\"elementor-widget-container\">\n\t\t\t\t\t\t\t\t\t\t\t\t<figure class=\"wp-caption\">\n\t\t\t\t\t\t\t\t\t\t<img decoding=\"async\" width=\"1366\" height=\"768\" src=\"https:\/\/kiosque.acadienouvelle.com\/semaine-richelieu-2026\/wp-content\/uploads\/sites\/382\/2026\/03\/15_Richelieu_campbellton_landing.jpg\" class=\"attachment-full size-full wp-image-8139\" alt=\"\" srcset=\"https:\/\/kiosque.acadienouvelle.com\/semaine-richelieu-2026\/wp-content\/uploads\/sites\/382\/2026\/03\/15_Richelieu_campbellton_landing.jpg 1366w, https:\/\/kiosque.acadienouvelle.com\/semaine-richelieu-2026\/wp-content\/uploads\/sites\/382\/2026\/03\/15_Richelieu_campbellton_landing-300x169.jpg 300w, https:\/\/kiosque.acadienouvelle.com\/semaine-richelieu-2026\/wp-content\/uploads\/sites\/382\/2026\/03\/15_Richelieu_campbellton_landing-1024x576.jpg 1024w, https:\/\/kiosque.acadienouvelle.com\/semaine-richelieu-2026\/wp-content\/uploads\/sites\/382\/2026\/03\/15_Richelieu_campbellton_landing-768x432.jpg 768w\" sizes=\"(max-width: 1366px) 100vw, 1366px\" \/>\t\t\t\t\t\t\t\t\t\t\t<figcaption class=\"widget-image-caption wp-caption-text\">Le Club Richelieu est fier et heureux de participer au financement du nouveau terrain de jeu de l\u2019\u00e9cole La Mosa\u00efque du Nord de Bois-Joli. Sur la photo, le pr\u00e9sident du Club, Jean-Claude Charest, est entour\u00e9 de Shawn Arseneault, directeur de l\u2019\u00e9cole et Annie Cormier, directrice adjointe de l\u2019\u00e9cole.<\/figcaption>\n\t\t\t\t\t\t\t\t\t\t<\/figure>\n\t\t\t\t\t\t\t\t\t<\/div>\n\t\t\t\t<\/div>\n\t\t\t\t<div class=\"elementor-element elementor-element-20cb5b2 mobile_pera elementor-widget elementor-widget-text-editor\" data-id=\"20cb5b2\" data-element_type=\"widget\" data-e-type=\"widget\" data-widget_type=\"text-editor.default\">\n\t\t\t\t<div class=\"elementor-widget-container\">\n\t\t\t\t\t\t\t\t\t<p>Comme tous les autres clubs Richelieu \u00e0 travers la province, celui de Campbellton a remis de nombreux dons tout au long de l\u2019ann\u00e9e 2025. Nous en avons choisi deux, mais vous pouvez tout savoir en visitant la page Facebook du Club.<\/p>\t\t\t\t\t\t\t\t<\/div>\n\t\t\t\t<\/div>\n\t\t\t\t<div class=\"elementor-element elementor-element-cf70b8c elementor-widget elementor-widget-advertisement\" data-id=\"cf70b8c\" data-element_type=\"widget\" data-e-type=\"widget\" data-widget_type=\"advertisement.default\">\n\t\t\t\t<div class=\"elementor-widget-container\">\n\t\t\t\t\t<div class=\"ads-align-center\"><div data-m32-ad data-options='{\"sizes\":\"[[300,250]]\",\"dfpId\":\"21658289790,27729547\",\"dfpAdUnitPath\":\"acadienouvelle\/cahiers_quarterpage_300x250\"}'><\/div><\/div>\t\t\t\t<\/div>\n\t\t\t\t<\/div>\n\t\t\t\t<div class=\"elementor-element elementor-element-a5258d1 mobile_pera elementor-widget elementor-widget-text-editor\" data-id=\"a5258d1\" data-element_type=\"widget\" data-e-type=\"widget\" data-widget_type=\"text-editor.default\">\n\t\t\t\t<div class=\"elementor-widget-container\">\n\t\t\t\t\t\t\t\t\t<p><b>Don de 2500 $<\/b><\/p>\t\t\t\t\t\t\t\t<\/div>\n\t\t\t\t<\/div>\n\t\t\t\t<div class=\"elementor-element elementor-element-057c62c mobile_pera elementor-widget elementor-widget-text-editor\" data-id=\"057c62c\" data-element_type=\"widget\" data-e-type=\"widget\" data-widget_type=\"text-editor.default\">\n\t\t\t\t<div class=\"elementor-widget-container\">\n\t\t\t\t\t\t\t\t\t<p><img decoding=\"async\" class=\"alignleft size-full wp-image-8152\" src=\"https:\/\/kiosque.acadienouvelle.com\/semaine-richelieu-2026\/wp-content\/uploads\/sites\/382\/2026\/03\/15_Richelieu_campbellton_photo.jpg\" alt=\"\" width=\"1366\" height=\"768\" srcset=\"https:\/\/kiosque.acadienouvelle.com\/semaine-richelieu-2026\/wp-content\/uploads\/sites\/382\/2026\/03\/15_Richelieu_campbellton_photo.jpg 1366w, https:\/\/kiosque.acadienouvelle.com\/semaine-richelieu-2026\/wp-content\/uploads\/sites\/382\/2026\/03\/15_Richelieu_campbellton_photo-300x169.jpg 300w, https:\/\/kiosque.acadienouvelle.com\/semaine-richelieu-2026\/wp-content\/uploads\/sites\/382\/2026\/03\/15_Richelieu_campbellton_photo-1024x576.jpg 1024w, https:\/\/kiosque.acadienouvelle.com\/semaine-richelieu-2026\/wp-content\/uploads\/sites\/382\/2026\/03\/15_Richelieu_campbellton_photo-768x432.jpg 768w\" sizes=\"(max-width: 1366px) 100vw, 1366px\" \/><\/p>\t\t\t\t\t\t\t\t<\/div>\n\t\t\t\t<\/div>\n\t\t\t\t<div class=\"elementor-element elementor-element-8c8d37d mobile_pera elementor-widget elementor-widget-text-editor\" data-id=\"8c8d37d\" data-element_type=\"widget\" data-e-type=\"widget\" data-widget_type=\"text-editor.default\">\n\t\t\t\t<div class=\"elementor-widget-container\">\n\t\t\t\t\t\t\t\t\t<p>Le Club Richelieu de Campbellton est fier d\u2019\u00eatre le partenaire principal du Camp Boulo Richelieu. Sur la photo, Renelle Marin, agente de d\u00e9veloppement communautaire \u00e0 l\u2019\u00e9cole La Mosa\u00efque du Nord et coordonnatrice du Camp Boulo Richelieu, recevant un ch\u00e8que des mains du pr\u00e9sident du club, Jean-Claude Charest.<\/p>\t\t\t\t\t\t\t\t<\/div>\n\t\t\t\t<\/div>\n\t\t\t\t<div class=\"elementor-element elementor-element-1185ee2 mobile_pera elementor-widget elementor-widget-text-editor\" data-id=\"1185ee2\" data-element_type=\"widget\" data-e-type=\"widget\" data-widget_type=\"text-editor.default\">\n\t\t\t\t<div class=\"elementor-widget-container\">\n\t\t\t\t\t\t\t\t\t<h1>Club Richelieu Neguac<\/h1>\t\t\t\t\t\t\t\t<\/div>\n\t\t\t\t<\/div>\n\t\t\t\t<div class=\"elementor-element elementor-element-d71689d mobile_pera elementor-widget elementor-widget-text-editor\" data-id=\"d71689d\" data-element_type=\"widget\" data-e-type=\"widget\" data-widget_type=\"text-editor.default\">\n\t\t\t\t<div class=\"elementor-widget-container\">\n\t\t\t\t\t\t\t\t\t<p>Deux \u00e9tudiants au CCNB ont re\u00e7u chacun une bourse de 500 $ du Club Richelieu.<\/p>\t\t\t\t\t\t\t\t<\/div>\n\t\t\t\t<\/div>\n\t\t\t\t<div class=\"elementor-element elementor-element-53f960c mobile_pera elementor-widget elementor-widget-text-editor\" data-id=\"53f960c\" data-element_type=\"widget\" data-e-type=\"widget\" data-widget_type=\"text-editor.default\">\n\t\t\t\t<div class=\"elementor-widget-container\">\n\t\t\t\t\t\t\t\t\t<p><img loading=\"lazy\" decoding=\"async\" class=\"alignleft size-full wp-image-8158\" src=\"https:\/\/kiosque.acadienouvelle.com\/semaine-richelieu-2026\/wp-content\/uploads\/sites\/382\/2026\/03\/15_Richelieu_campbellton_photo2.jpg\" alt=\"\" width=\"1366\" height=\"768\" srcset=\"https:\/\/kiosque.acadienouvelle.com\/semaine-richelieu-2026\/wp-content\/uploads\/sites\/382\/2026\/03\/15_Richelieu_campbellton_photo2.jpg 1366w, https:\/\/kiosque.acadienouvelle.com\/semaine-richelieu-2026\/wp-content\/uploads\/sites\/382\/2026\/03\/15_Richelieu_campbellton_photo2-300x169.jpg 300w, https:\/\/kiosque.acadienouvelle.com\/semaine-richelieu-2026\/wp-content\/uploads\/sites\/382\/2026\/03\/15_Richelieu_campbellton_photo2-1024x576.jpg 1024w, https:\/\/kiosque.acadienouvelle.com\/semaine-richelieu-2026\/wp-content\/uploads\/sites\/382\/2026\/03\/15_Richelieu_campbellton_photo2-768x432.jpg 768w\" sizes=\"(max-width: 1366px) 100vw, 1366px\" \/><\/p>\t\t\t\t\t\t\t\t<\/div>\n\t\t\t\t<\/div>\n\t\t\t\t<div class=\"elementor-element elementor-element-f5ea3e3 mobile_pera elementor-widget elementor-widget-text-editor\" data-id=\"f5ea3e3\" data-element_type=\"widget\" data-e-type=\"widget\" data-widget_type=\"text-editor.default\">\n\t\t\t\t<div class=\"elementor-widget-container\">\n\t\t\t\t\t\t\t\t\t<p>Jesse Saint-Coeur accepte le ch\u00e8que des mains de R\/Guy Vautour.<\/p>\t\t\t\t\t\t\t\t<\/div>\n\t\t\t\t<\/div>\n\t\t\t\t<div class=\"elementor-element elementor-element-a9c73f7 mobile_pera elementor-widget elementor-widget-text-editor\" data-id=\"a9c73f7\" data-element_type=\"widget\" data-e-type=\"widget\" data-widget_type=\"text-editor.default\">\n\t\t\t\t<div class=\"elementor-widget-container\">\n\t\t\t\t\t\t\t\t\t<p><img loading=\"lazy\" decoding=\"async\" class=\"alignleft size-full wp-image-8164\" src=\"https:\/\/kiosque.acadienouvelle.com\/semaine-richelieu-2026\/wp-content\/uploads\/sites\/382\/2026\/03\/15_Richelieu_campbellton_photo3-1.jpg\" alt=\"\" width=\"1366\" height=\"768\" srcset=\"https:\/\/kiosque.acadienouvelle.com\/semaine-richelieu-2026\/wp-content\/uploads\/sites\/382\/2026\/03\/15_Richelieu_campbellton_photo3-1.jpg 1366w, https:\/\/kiosque.acadienouvelle.com\/semaine-richelieu-2026\/wp-content\/uploads\/sites\/382\/2026\/03\/15_Richelieu_campbellton_photo3-1-300x169.jpg 300w, https:\/\/kiosque.acadienouvelle.com\/semaine-richelieu-2026\/wp-content\/uploads\/sites\/382\/2026\/03\/15_Richelieu_campbellton_photo3-1-1024x576.jpg 1024w, https:\/\/kiosque.acadienouvelle.com\/semaine-richelieu-2026\/wp-content\/uploads\/sites\/382\/2026\/03\/15_Richelieu_campbellton_photo3-1-768x432.jpg 768w\" sizes=\"(max-width: 1366px) 100vw, 1366px\" \/><\/p>\t\t\t\t\t\t\t\t<\/div>\n\t\t\t\t<\/div>\n\t\t\t\t<div class=\"elementor-element elementor-element-41ad18b mobile_pera elementor-widget elementor-widget-text-editor\" data-id=\"41ad18b\" data-element_type=\"widget\" data-e-type=\"widget\" data-widget_type=\"text-editor.default\">\n\t\t\t\t<div class=\"elementor-widget-container\">\n\t\t\t\t\t\t\t\t\t<p>Nathan Rousselle re\u00e7oit le ch\u00e8que de R\/Guy Vautour.<\/p>\t\t\t\t\t\t\t\t<\/div>\n\t\t\t\t<\/div>\n\t\t\t\t\t<\/div>\n\t\t<\/div>\n\t\t\t\t\t<\/div>\n\t\t<\/section>\n\t\t\t\t<\/div>\n\t\t","protected":false},"excerpt":{"rendered":"<p>Club Richelieu Campbellton Don de 5000 $ Le Club Richelieu est fier et heureux de participer au financement du nouveau terrain de jeu de l\u2019\u00e9cole La Mosa\u00efque du Nord de Bois-Joli. Sur la photo, le pr\u00e9sident du Club, Jean-Claude Charest, est entour\u00e9 de Shawn Arseneault, directeur de l\u2019\u00e9cole et Annie Cormier, directrice adjointe de l\u2019\u00e9cole. [&hellip;]<\/p>\n","protected":false},"author":7,"featured_media":0,"parent":0,"menu_order":13,"comment_status":"closed","ping_status":"closed","template":"","meta":{"site-sidebar-layout":"no-sidebar","site-content-layout":"page-builder","ast-site-content-layout":"default","site-content-style":"default","site-sidebar-style":"default","ast-global-header-display":"","ast-banner-title-visibility":"","ast-main-header-display":"","ast-hfb-above-header-display":"","ast-hfb-below-header-display":"","ast-hfb-mobile-header-display":"","site-post-title":"disabled","ast-breadcrumbs-content":"","ast-featured-img":"disabled","footer-sml-layout":"","ast-disable-related-posts":"","theme-transparent-header-meta":"default","adv-header-id-meta":"","stick-header-meta":"","header-above-stick-meta":"","header-main-stick-meta":"","header-below-stick-meta":"","astra-migrate-meta-layouts":"default","ast-page-background-enabled":"default","ast-page-background-meta":{"desktop":{"background-color":"var(--ast-global-color-4)","background-image":"","background-repeat":"repeat","background-position":"center center","background-size":"auto","background-attachment":"scroll","background-type":"","background-media":"","overlay-type":"","overlay-color":"","overlay-opacity":"","overlay-gradient":""},"tablet":{"background-color":"","background-image":"","background-repeat":"repeat","background-position":"center center","background-size":"auto","background-attachment":"scroll","background-type":"","background-media":"","overlay-type":"","overlay-color":"","overlay-opacity":"","overlay-gradient":""},"mobile":{"background-color":"","background-image":"","background-repeat":"repeat","background-position":"center center","background-size":"auto","background-attachment":"scroll","background-type":"","background-media":"","overlay-type":"","overlay-color":"","overlay-opacity":"","overlay-gradient":""}},"ast-content-background-meta":{"desktop":{"background-color":"var(--ast-global-color-5)","background-image":"","background-repeat":"repeat","background-position":"center center","background-size":"auto","background-attachment":"scroll","background-type":"","background-media":"","overlay-type":"","overlay-color":"","overlay-opacity":"","overlay-gradient":""},"tablet":{"background-color":"var(--ast-global-color-5)","background-image":"","background-repeat":"repeat","background-position":"center center","background-size":"auto","background-attachment":"scroll","background-type":"","background-media":"","overlay-type":"","overlay-color":"","overlay-opacity":"","overlay-gradient":""},"mobile":{"background-color":"var(--ast-global-color-5)","background-image":"","background-repeat":"repeat","background-position":"center center","background-size":"auto","background-attachment":"scroll","background-type":"","background-media":"","overlay-type":"","overlay-color":"","overlay-opacity":"","overlay-gradient":""}},"footnotes":""},"page-categories":[],"class_list":["post-8130","page","type-page","status-publish","hentry"],"_links":{"self":[{"href":"https:\/\/kiosque.acadienouvelle.com\/semaine-richelieu-2026\/wp-json\/wp\/v2\/pages\/8130","targetHints":{"allow":["GET"]}}],"collection":[{"href":"https:\/\/kiosque.acadienouvelle.com\/semaine-richelieu-2026\/wp-json\/wp\/v2\/pages"}],"about":[{"href":"https:\/\/kiosque.acadienouvelle.com\/semaine-richelieu-2026\/wp-json\/wp\/v2\/types\/page"}],"author":[{"embeddable":true,"href":"https:\/\/kiosque.acadienouvelle.com\/semaine-richelieu-2026\/wp-json\/wp\/v2\/users\/7"}],"replies":[{"embeddable":true,"href":"https:\/\/kiosque.acadienouvelle.com\/semaine-richelieu-2026\/wp-json\/wp\/v2\/comments?post=8130"}],"version-history":[{"count":52,"href":"https:\/\/kiosque.acadienouvelle.com\/semaine-richelieu-2026\/wp-json\/wp\/v2\/pages\/8130\/revisions"}],"predecessor-version":[{"id":8413,"href":"https:\/\/kiosque.acadienouvelle.com\/semaine-richelieu-2026\/wp-json\/wp\/v2\/pages\/8130\/revisions\/8413"}],"wp:attachment":[{"href":"https:\/\/kiosque.acadienouvelle.com\/semaine-richelieu-2026\/wp-json\/wp\/v2\/media?parent=8130"}],"wp:term":[{"taxonomy":"page-categories","embeddable":true,"href":"https:\/\/kiosque.acadienouvelle.com\/semaine-richelieu-2026\/wp-json\/wp\/v2\/page-categories?post=8130"}],"curies":[{"name":"wp","href":"https:\/\/api.w.org\/{rel}","templated":true}]}}