{"id":8276,"date":"2026-03-02T18:43:01","date_gmt":"2026-03-02T18:43:01","guid":{"rendered":"https:\/\/kiosque.acadienouvelle.com\/semaine-richelieu-2026\/place-aux-rendez-vous-de-la-francophonie\/"},"modified":"2026-03-06T14:14:52","modified_gmt":"2026-03-06T14:14:52","slug":"place-aux-rendez-vous-de-la-francophonie","status":"publish","type":"page","link":"https:\/\/kiosque.acadienouvelle.com\/semaine-richelieu-2026\/place-aux-rendez-vous-de-la-francophonie\/","title":{"rendered":"Place aux Rendez-vous de la Francophonie!"},"content":{"rendered":"\t\t<div data-elementor-type=\"wp-page\" data-elementor-id=\"8276\" class=\"elementor elementor-8276\" data-elementor-post-type=\"page\">\n\t\t\t\t\t\t<section class=\"elementor-section elementor-top-section elementor-element elementor-element-50c1b6e elementor-section-height-min-height header_title banner_img elementor-section-boxed elementor-section-height-default elementor-section-items-middle\" data-id=\"50c1b6e\" data-element_type=\"section\" data-e-type=\"section\" data-settings=\"{&quot;background_background&quot;:&quot;classic&quot;}\">\n\t\t\t\t\t\t\t<div class=\"elementor-background-overlay\"><\/div>\n\t\t\t\t\t\t\t<div class=\"elementor-container elementor-column-gap-default\">\n\t\t\t\t\t<div class=\"elementor-column elementor-col-100 elementor-top-column elementor-element elementor-element-3a2d241\" data-id=\"3a2d241\" data-element_type=\"column\" data-e-type=\"column\">\n\t\t\t<div class=\"elementor-widget-wrap elementor-element-populated\">\n\t\t\t\t\t\t<div class=\"elementor-element elementor-element-9673cd2 elementor-widget elementor-widget-heading\" data-id=\"9673cd2\" data-element_type=\"widget\" data-e-type=\"widget\" data-widget_type=\"heading.default\">\n\t\t\t\t<div class=\"elementor-widget-container\">\n\t\t\t\t\t<h2 class=\"elementor-heading-title elementor-size-default\">Place aux Rendez-vous de la Francophonie!<\/h2>\t\t\t\t<\/div>\n\t\t\t\t<\/div>\n\t\t\t\t\t<\/div>\n\t\t<\/div>\n\t\t\t\t\t<\/div>\n\t\t<\/section>\n\t\t\t\t<section class=\"elementor-section elementor-top-section elementor-element elementor-element-d9a853a elementor-section-boxed elementor-section-height-default elementor-section-height-default\" data-id=\"d9a853a\" data-element_type=\"section\" data-e-type=\"section\">\n\t\t\t\t\t\t<div class=\"elementor-container elementor-column-gap-default\">\n\t\t\t\t\t<div class=\"elementor-column elementor-col-100 elementor-top-column elementor-element elementor-element-68d9c5a page_contain\" data-id=\"68d9c5a\" data-element_type=\"column\" data-e-type=\"column\" data-settings=\"{&quot;background_background&quot;:&quot;classic&quot;}\">\n\t\t\t<div class=\"elementor-widget-wrap elementor-element-populated\">\n\t\t\t\t\t\t<div class=\"elementor-element elementor-element-50f1f9b elementor-widget elementor-widget-image\" data-id=\"50f1f9b\" data-element_type=\"widget\" data-e-type=\"widget\" data-widget_type=\"image.default\">\n\t\t\t\t<div class=\"elementor-widget-container\">\n\t\t\t\t\t\t\t\t\t\t\t\t<figure class=\"wp-caption\">\n\t\t\t\t\t\t\t\t\t\t<img fetchpriority=\"high\" decoding=\"async\" width=\"1210\" height=\"768\" src=\"https:\/\/kiosque.acadienouvelle.com\/semaine-richelieu-2026\/wp-content\/uploads\/sites\/382\/2026\/03\/19_place_aux_rendez_vous_landing.jpg\" class=\"attachment-full size-full wp-image-8281\" alt=\"\" srcset=\"https:\/\/kiosque.acadienouvelle.com\/semaine-richelieu-2026\/wp-content\/uploads\/sites\/382\/2026\/03\/19_place_aux_rendez_vous_landing.jpg 1210w, https:\/\/kiosque.acadienouvelle.com\/semaine-richelieu-2026\/wp-content\/uploads\/sites\/382\/2026\/03\/19_place_aux_rendez_vous_landing-300x190.jpg 300w, https:\/\/kiosque.acadienouvelle.com\/semaine-richelieu-2026\/wp-content\/uploads\/sites\/382\/2026\/03\/19_place_aux_rendez_vous_landing-1024x650.jpg 1024w, https:\/\/kiosque.acadienouvelle.com\/semaine-richelieu-2026\/wp-content\/uploads\/sites\/382\/2026\/03\/19_place_aux_rendez_vous_landing-768x487.jpg 768w\" sizes=\"(max-width: 1210px) 100vw, 1210px\" \/>\t\t\t\t\t\t\t\t\t\t\t<figcaption class=\"widget-image-caption wp-caption-text\"><\/figcaption>\n\t\t\t\t\t\t\t\t\t\t<\/figure>\n\t\t\t\t\t\t\t\t\t<\/div>\n\t\t\t\t<\/div>\n\t\t<link rel=\"stylesheet\" href=\"https:\/\/use.fontawesome.com\/releases\/v5.5.0\/css\/all.css\" integrity=\"sha384-B4dIYHKNBt8Bc12p+WXckhzcICo0wtJAoU8YZTY5qE0Id1GSseTk6S+L3BlXeVIU\" crossorigin=\"anonymous\">\r\n\t\t<div class=\"elementor-element elementor-element-d0a0a3b mobile_pera elementor-widget elementor-widget-text-editor\" data-id=\"d0a0a3b\" data-element_type=\"widget\" data-e-type=\"widget\" data-widget_type=\"text-editor.default\">\n\t\t\t\t<div class=\"elementor-widget-container\">\n\t\t\t\t\t\t\t\t\t<p>C\u00e9l\u00e9br\u00e9s pour une 28e \u00e9dition, les Rendez-vous de la Francophonie (RVF) ont d\u00e9but\u00e9 le 1er mars et se terminent le 31 mars 2026. L\u2019objectif : promouvoir la culture francophone partout au Canada!<\/p>\t\t\t\t\t\t\t\t<\/div>\n\t\t\t\t<\/div>\n\t\t\t\t<div class=\"elementor-element elementor-element-cf70b8c elementor-widget elementor-widget-advertisement\" data-id=\"cf70b8c\" data-element_type=\"widget\" data-e-type=\"widget\" data-widget_type=\"advertisement.default\">\n\t\t\t\t<div class=\"elementor-widget-container\">\n\t\t\t\t\t<div class=\"ads-align-center\"><div data-m32-ad data-options='{\"sizes\":\"[[320,480]]\",\"dfpId\":\"21658289790,27729547\",\"dfpAdUnitPath\":\"acadienouvelle\/cahiers_halfpage_320x480\"}'><\/div><\/div>\t\t\t\t<\/div>\n\t\t\t\t<\/div>\n\t\t\t\t<div class=\"elementor-element elementor-element-088bcd6 mobile_pera elementor-widget elementor-widget-text-editor\" data-id=\"088bcd6\" data-element_type=\"widget\" data-e-type=\"widget\" data-widget_type=\"text-editor.default\">\n\t\t\t\t<div class=\"elementor-widget-container\">\n\t\t\t\t\t\t\t\t\t<p><b>Le th\u00e8me<\/b><\/p>\t\t\t\t\t\t\t\t<\/div>\n\t\t\t\t<\/div>\n\t\t\t\t<div class=\"elementor-element elementor-element-ed83c9b mobile_pera elementor-widget elementor-widget-text-editor\" data-id=\"ed83c9b\" data-element_type=\"widget\" data-e-type=\"widget\" data-widget_type=\"text-editor.default\">\n\t\t\t\t<div class=\"elementor-widget-container\">\n\t\t\t\t\t\t\t\t\t<p><img decoding=\"async\" class=\"alignleft size-full wp-image-8290\" src=\"https:\/\/kiosque.acadienouvelle.com\/semaine-richelieu-2026\/wp-content\/uploads\/sites\/382\/2026\/03\/visuel-theme.jpg\" alt=\"\" width=\"1000\" height=\"400\" srcset=\"https:\/\/kiosque.acadienouvelle.com\/semaine-richelieu-2026\/wp-content\/uploads\/sites\/382\/2026\/03\/visuel-theme.jpg 1000w, https:\/\/kiosque.acadienouvelle.com\/semaine-richelieu-2026\/wp-content\/uploads\/sites\/382\/2026\/03\/visuel-theme-300x120.jpg 300w, https:\/\/kiosque.acadienouvelle.com\/semaine-richelieu-2026\/wp-content\/uploads\/sites\/382\/2026\/03\/visuel-theme-768x307.jpg 768w\" sizes=\"(max-width: 1000px) 100vw, 1000px\" \/><\/p>\t\t\t\t\t\t\t\t<\/div>\n\t\t\t\t<\/div>\n\t\t\t\t<div class=\"elementor-element elementor-element-74263c8 mobile_pera elementor-widget elementor-widget-text-editor\" data-id=\"74263c8\" data-element_type=\"widget\" data-e-type=\"widget\" data-widget_type=\"text-editor.default\">\n\t\t\t\t<div class=\"elementor-widget-container\">\n\t\t\t\t\t\t\t\t\t<p>Les Rendez-vous de la Francophonie sont une occasion de c\u00e9l\u00e9brer la culture francophone dans toute sa richesse, de la vivre, de l\u2019enrichir et de la diffuser. Activer sa francophonie, c\u2019est se mettre en mouvement, sortir \u00e0 la rencontre des autres et multiplier les occasions de se rassembler. Qu\u2019il s\u2019agisse d\u2019une activit\u00e9 sportive, d\u2019une sortie culturelle, d\u2019un moment de c\u00e9l\u00e9bration, d\u2019un atelier cr\u00e9atif ou d\u2019une activit\u00e9 en plein air, chaque geste devient une fa\u00e7on d\u2019affirmer que la langue fran\u00e7aise est bien vivante et qu\u2019elle nous unit.<\/p>\t\t\t\t\t\t\t\t<\/div>\n\t\t\t\t<\/div>\n\t\t\t\t<div class=\"elementor-element elementor-element-63e44c6 mobile_pera elementor-widget elementor-widget-text-editor\" data-id=\"63e44c6\" data-element_type=\"widget\" data-e-type=\"widget\" data-widget_type=\"text-editor.default\">\n\t\t\t\t<div class=\"elementor-widget-container\">\n\t\t\t\t\t\t\t\t\t<p>Activer sa francophonie, c\u2019est aussi s\u2019engager dans la vie de sa communaut\u00e9, en tissant des liens entre les g\u00e9n\u00e9rations et en accueillant la diversit\u00e9 qui fait la richesse du Canada. Car la francophonie, lorsqu\u2019on l\u2019active, se colore d\u2019accents multiples, de traditions vari\u00e9es et d\u2019histoires partag\u00e9es.<\/p>\t\t\t\t\t\t\t\t<\/div>\n\t\t\t\t<\/div>\n\t\t\t\t<div class=\"elementor-element elementor-element-057c62c mobile_pera elementor-widget elementor-widget-text-editor\" data-id=\"057c62c\" data-element_type=\"widget\" data-e-type=\"widget\" data-widget_type=\"text-editor.default\">\n\t\t\t\t<div class=\"elementor-widget-container\">\n\t\t\t\t\t\t\t\t\t<p>Tout au long du mois de mars, d\u2019un oc\u00e9an \u00e0 l\u2019autre, le pays vibrera au rythme des Rendez-vous de la Francophonie. Chacun est invit\u00e9 \u00e0 y prendre part, \u00e0 sa mani\u00e8re, pour d\u00e9montrer que la francophonie est une force dynamique, inclusive et joyeuse \u2014 une \u00e9nergie qui ne demande qu\u2019\u00e0 \u00eatre activ\u00e9e.<\/p>\t\t\t\t\t\t\t\t<\/div>\n\t\t\t\t<\/div>\n\t\t\t\t<div class=\"elementor-element elementor-element-9fbc614 mobile_pera elementor-widget elementor-widget-text-editor\" data-id=\"9fbc614\" data-element_type=\"widget\" data-e-type=\"widget\" data-widget_type=\"text-editor.default\">\n\t\t\t\t<div class=\"elementor-widget-container\">\n\t\t\t\t\t\t\t\t\t<p><b>Pour toutes<\/b> <b>les informations : https:\/\/rvf.ca<\/b><\/p>\t\t\t\t\t\t\t\t<\/div>\n\t\t\t\t<\/div>\n\t\t\t\t\t<\/div>\n\t\t<\/div>\n\t\t\t\t\t<\/div>\n\t\t<\/section>\n\t\t\t\t<\/div>\n\t\t","protected":false},"excerpt":{"rendered":"<p>Place aux Rendez-vous de la Francophonie! C\u00e9l\u00e9br\u00e9s pour une 28e \u00e9dition, les Rendez-vous de la Francophonie (RVF) ont d\u00e9but\u00e9 le 1er mars et se terminent le 31 mars 2026. L\u2019objectif : promouvoir la culture francophone partout au Canada! Le th\u00e8me Les Rendez-vous de la Francophonie sont une occasion de c\u00e9l\u00e9brer la culture francophone dans toute [&hellip;]<\/p>\n","protected":false},"author":7,"featured_media":0,"parent":0,"menu_order":16,"comment_status":"closed","ping_status":"closed","template":"","meta":{"site-sidebar-layout":"no-sidebar","site-content-layout":"page-builder","ast-site-content-layout":"default","site-content-style":"default","site-sidebar-style":"default","ast-global-header-display":"","ast-banner-title-visibility":"","ast-main-header-display":"","ast-hfb-above-header-display":"","ast-hfb-below-header-display":"","ast-hfb-mobile-header-display":"","site-post-title":"disabled","ast-breadcrumbs-content":"","ast-featured-img":"disabled","footer-sml-layout":"","ast-disable-related-posts":"","theme-transparent-header-meta":"default","adv-header-id-meta":"","stick-header-meta":"","header-above-stick-meta":"","header-main-stick-meta":"","header-below-stick-meta":"","astra-migrate-meta-layouts":"default","ast-page-background-enabled":"default","ast-page-background-meta":{"desktop":{"background-color":"var(--ast-global-color-4)","background-image":"","background-repeat":"repeat","background-position":"center center","background-size":"auto","background-attachment":"scroll","background-type":"","background-media":"","overlay-type":"","overlay-color":"","overlay-opacity":"","overlay-gradient":""},"tablet":{"background-color":"","background-image":"","background-repeat":"repeat","background-position":"center center","background-size":"auto","background-attachment":"scroll","background-type":"","background-media":"","overlay-type":"","overlay-color":"","overlay-opacity":"","overlay-gradient":""},"mobile":{"background-color":"","background-image":"","background-repeat":"repeat","background-position":"center center","background-size":"auto","background-attachment":"scroll","background-type":"","background-media":"","overlay-type":"","overlay-color":"","overlay-opacity":"","overlay-gradient":""}},"ast-content-background-meta":{"desktop":{"background-color":"var(--ast-global-color-5)","background-image":"","background-repeat":"repeat","background-position":"center center","background-size":"auto","background-attachment":"scroll","background-type":"","background-media":"","overlay-type":"","overlay-color":"","overlay-opacity":"","overlay-gradient":""},"tablet":{"background-color":"var(--ast-global-color-5)","background-image":"","background-repeat":"repeat","background-position":"center center","background-size":"auto","background-attachment":"scroll","background-type":"","background-media":"","overlay-type":"","overlay-color":"","overlay-opacity":"","overlay-gradient":""},"mobile":{"background-color":"var(--ast-global-color-5)","background-image":"","background-repeat":"repeat","background-position":"center center","background-size":"auto","background-attachment":"scroll","background-type":"","background-media":"","overlay-type":"","overlay-color":"","overlay-opacity":"","overlay-gradient":""}},"footnotes":""},"page-categories":[],"class_list":["post-8276","page","type-page","status-publish","hentry"],"_links":{"self":[{"href":"https:\/\/kiosque.acadienouvelle.com\/semaine-richelieu-2026\/wp-json\/wp\/v2\/pages\/8276","targetHints":{"allow":["GET"]}}],"collection":[{"href":"https:\/\/kiosque.acadienouvelle.com\/semaine-richelieu-2026\/wp-json\/wp\/v2\/pages"}],"about":[{"href":"https:\/\/kiosque.acadienouvelle.com\/semaine-richelieu-2026\/wp-json\/wp\/v2\/types\/page"}],"author":[{"embeddable":true,"href":"https:\/\/kiosque.acadienouvelle.com\/semaine-richelieu-2026\/wp-json\/wp\/v2\/users\/7"}],"replies":[{"embeddable":true,"href":"https:\/\/kiosque.acadienouvelle.com\/semaine-richelieu-2026\/wp-json\/wp\/v2\/comments?post=8276"}],"version-history":[{"count":28,"href":"https:\/\/kiosque.acadienouvelle.com\/semaine-richelieu-2026\/wp-json\/wp\/v2\/pages\/8276\/revisions"}],"predecessor-version":[{"id":8429,"href":"https:\/\/kiosque.acadienouvelle.com\/semaine-richelieu-2026\/wp-json\/wp\/v2\/pages\/8276\/revisions\/8429"}],"wp:attachment":[{"href":"https:\/\/kiosque.acadienouvelle.com\/semaine-richelieu-2026\/wp-json\/wp\/v2\/media?parent=8276"}],"wp:term":[{"taxonomy":"page-categories","embeddable":true,"href":"https:\/\/kiosque.acadienouvelle.com\/semaine-richelieu-2026\/wp-json\/wp\/v2\/page-categories?post=8276"}],"curies":[{"name":"wp","href":"https:\/\/api.w.org\/{rel}","templated":true}]}}