{"id":7802,"date":"2026-04-24T16:12:08","date_gmt":"2026-04-24T16:12:08","guid":{"rendered":"https:\/\/kiosque.acadienouvelle.com\/semaine-soins-infirmiers-2026\/voil-ce-qui-attend-la-profession-en-2026\/"},"modified":"2026-04-24T16:32:56","modified_gmt":"2026-04-24T16:32:56","slug":"voil-ce-qui-attend-la-profession-en-2026","status":"publish","type":"page","link":"https:\/\/kiosque.acadienouvelle.com\/semaine-soins-infirmiers-2026\/voil-ce-qui-attend-la-profession-en-2026\/","title":{"rendered":"\u00ab Voil\u00e0 ce qui attend la profession en 2026 \u00bb"},"content":{"rendered":"\t\t<div data-elementor-type=\"wp-page\" data-elementor-id=\"7802\" class=\"elementor elementor-7802\" data-elementor-post-type=\"page\">\n\t\t\t\t\t\t<section class=\"elementor-section elementor-top-section elementor-element elementor-element-50c1b6e elementor-section-height-min-height header_title banner_img elementor-section-boxed elementor-section-height-default elementor-section-items-middle\" data-id=\"50c1b6e\" data-element_type=\"section\" data-e-type=\"section\" data-settings=\"{&quot;background_background&quot;:&quot;classic&quot;}\">\n\t\t\t\t\t\t\t<div class=\"elementor-background-overlay\"><\/div>\n\t\t\t\t\t\t\t<div class=\"elementor-container elementor-column-gap-default\">\n\t\t\t\t\t<div class=\"elementor-column elementor-col-100 elementor-top-column elementor-element elementor-element-3a2d241\" data-id=\"3a2d241\" data-element_type=\"column\" data-e-type=\"column\">\n\t\t\t<div class=\"elementor-widget-wrap elementor-element-populated\">\n\t\t\t\t\t\t<div class=\"elementor-element elementor-element-9673cd2 elementor-widget elementor-widget-heading\" data-id=\"9673cd2\" data-element_type=\"widget\" data-e-type=\"widget\" data-widget_type=\"heading.default\">\n\t\t\t\t<div class=\"elementor-widget-container\">\n\t\t\t\t\t<h2 class=\"elementor-heading-title elementor-size-default\">\u00ab Voil\u00e0 ce qui attend la profession en 2026 \u00bb<\/h2>\t\t\t\t<\/div>\n\t\t\t\t<\/div>\n\t\t\t\t\t<\/div>\n\t\t<\/div>\n\t\t\t\t\t<\/div>\n\t\t<\/section>\n\t\t\t\t<section class=\"elementor-section elementor-top-section elementor-element elementor-element-d9a853a elementor-section-boxed elementor-section-height-default elementor-section-height-default\" data-id=\"d9a853a\" data-element_type=\"section\" data-e-type=\"section\">\n\t\t\t\t\t\t<div class=\"elementor-container elementor-column-gap-default\">\n\t\t\t\t\t<div class=\"elementor-column elementor-col-100 elementor-top-column elementor-element elementor-element-68d9c5a page_contain\" data-id=\"68d9c5a\" data-element_type=\"column\" data-e-type=\"column\" data-settings=\"{&quot;background_background&quot;:&quot;classic&quot;}\">\n\t\t\t<div class=\"elementor-widget-wrap elementor-element-populated\">\n\t\t\t\t\t\t<div class=\"elementor-element elementor-element-50f1f9b elementor-widget elementor-widget-image\" data-id=\"50f1f9b\" data-element_type=\"widget\" data-e-type=\"widget\" data-widget_type=\"image.default\">\n\t\t\t\t<div class=\"elementor-widget-container\">\n\t\t\t\t\t\t\t\t\t\t\t\t<figure class=\"wp-caption\">\n\t\t\t\t\t\t\t\t\t\t<img fetchpriority=\"high\" decoding=\"async\" width=\"1366\" height=\"768\" src=\"https:\/\/kiosque.acadienouvelle.com\/semaine-soins-infirmiers-2026\/wp-content\/uploads\/sites\/397\/2026\/04\/2-Profession_en_2026_landing.jpg\" class=\"attachment-full size-full wp-image-7804\" alt=\"\" srcset=\"https:\/\/kiosque.acadienouvelle.com\/semaine-soins-infirmiers-2026\/wp-content\/uploads\/sites\/397\/2026\/04\/2-Profession_en_2026_landing.jpg 1366w, https:\/\/kiosque.acadienouvelle.com\/semaine-soins-infirmiers-2026\/wp-content\/uploads\/sites\/397\/2026\/04\/2-Profession_en_2026_landing-300x169.jpg 300w, https:\/\/kiosque.acadienouvelle.com\/semaine-soins-infirmiers-2026\/wp-content\/uploads\/sites\/397\/2026\/04\/2-Profession_en_2026_landing-1024x576.jpg 1024w, https:\/\/kiosque.acadienouvelle.com\/semaine-soins-infirmiers-2026\/wp-content\/uploads\/sites\/397\/2026\/04\/2-Profession_en_2026_landing-768x432.jpg 768w\" sizes=\"(max-width: 1366px) 100vw, 1366px\" \/>\t\t\t\t\t\t\t\t\t\t\t<figcaption class=\"widget-image-caption wp-caption-text\"><\/figcaption>\n\t\t\t\t\t\t\t\t\t\t<\/figure>\n\t\t\t\t\t\t\t\t\t<\/div>\n\t\t\t\t<\/div>\n\t\t<link rel=\"stylesheet\" href=\"https:\/\/use.fontawesome.com\/releases\/v5.5.0\/css\/all.css\" integrity=\"sha384-B4dIYHKNBt8Bc12p+WXckhzcICo0wtJAoU8YZTY5qE0Id1GSseTk6S+L3BlXeVIU\" crossorigin=\"anonymous\">\r\n\t\t<div class=\"elementor-element elementor-element-d0a0a3b mobile_pera elementor-widget elementor-widget-text-editor\" data-id=\"d0a0a3b\" data-element_type=\"widget\" data-e-type=\"widget\" data-widget_type=\"text-editor.default\">\n\t\t\t\t<div class=\"elementor-widget-container\">\n\t\t\t\t\t\t\t\t\t<p>Au d\u00e9but de l\u2019ann\u00e9e, la directrice g\u00e9n\u00e9rale de l\u2019Association des infirmi\u00e8res et infirmiers duCanada (AIIC), Valerie Grdisa, a livr\u00e9 un message sur ce qui attend la profession en 2026. Nous publions un r\u00e9sum\u00e9 de ses propos.<\/p>\t\t\t\t\t\t\t\t<\/div>\n\t\t\t\t<\/div>\n\t\t\t\t<div class=\"elementor-element elementor-element-ced4a93 mobile_pera elementor-widget elementor-widget-text-editor\" data-id=\"ced4a93\" data-element_type=\"widget\" data-e-type=\"widget\" data-widget_type=\"text-editor.default\">\n\t\t\t\t<div class=\"elementor-widget-container\">\n\t\t\t\t\t\t\t\t\t<p><img decoding=\"async\" class=\"size-full wp-image-7820 aligncenter\" src=\"https:\/\/kiosque.acadienouvelle.com\/semaine-soins-infirmiers-2026\/wp-content\/uploads\/sites\/397\/2026\/04\/2-valerie.jpg\" alt=\"\" width=\"485\" height=\"382\" srcset=\"https:\/\/kiosque.acadienouvelle.com\/semaine-soins-infirmiers-2026\/wp-content\/uploads\/sites\/397\/2026\/04\/2-valerie.jpg 485w, https:\/\/kiosque.acadienouvelle.com\/semaine-soins-infirmiers-2026\/wp-content\/uploads\/sites\/397\/2026\/04\/2-valerie-300x236.jpg 300w\" sizes=\"(max-width: 485px) 100vw, 485px\" \/><\/p>\t\t\t\t\t\t\t\t<\/div>\n\t\t\t\t<\/div>\n\t\t\t\t<div class=\"elementor-element elementor-element-565a479 mobile_pera elementor-widget elementor-widget-text-editor\" data-id=\"565a479\" data-element_type=\"widget\" data-e-type=\"widget\" data-widget_type=\"text-editor.default\">\n\t\t\t\t<div class=\"elementor-widget-container\">\n\t\t\t\t\t\t\t\t\t<p>Valerie Grdisa.<\/p>\t\t\t\t\t\t\t\t<\/div>\n\t\t\t\t<\/div>\n\t\t\t\t<div class=\"elementor-element elementor-element-cbcf30d mobile_pera elementor-widget elementor-widget-text-editor\" data-id=\"cbcf30d\" data-element_type=\"widget\" data-e-type=\"widget\" data-widget_type=\"text-editor.default\">\n\t\t\t\t<div class=\"elementor-widget-container\">\n\t\t\t\t\t\t\t\t\t<p>\u00ab Cette ann\u00e9e marque un tournant pour l\u2019Association des infirmi\u00e8res et infirmiers du Canada (AIIC), alors que nous renouvelons notre engagement afin d\u2019\u00e9largir l\u2019expertise infirmi\u00e8re, de renforcer notre voix nationale et de faire avancer un changement significatif pour les infirmi\u00e8res et infirmiers, les communaut\u00e9s et les syst\u00e8mes de sant\u00e9.<\/p>\t\t\t\t\t\t\t\t<\/div>\n\t\t\t\t<\/div>\n\t\t\t\t<div class=\"elementor-element elementor-element-3b8d232 mobile_pera elementor-widget elementor-widget-text-editor\" data-id=\"3b8d232\" data-element_type=\"widget\" data-e-type=\"widget\" data-widget_type=\"text-editor.default\">\n\t\t\t\t<div class=\"elementor-widget-container\">\n\t\t\t\t\t\t\t\t\t<p>Un moment historique en 2026 sera la premi\u00e8re conf\u00e9rence nationale de l\u2019AIIC en huit ans, qui se d\u00e9roulera du 21 au 23 septembre prochain, \u00e0 Winnipeg, au Manitoba. Ce rassemblement repr\u00e9sente plus qu\u2019un retour aux rencontres en personne \u2014 c\u2019est un appel national \u00e0 l\u2019action. Sous le th\u00e8me Le pouvoir des infirmi\u00e8res et infirmiers de transformer la sant\u00e9 \u2014 notre expertise, nos impacts, la conf\u00e9rence r\u00e9unira des infirmi\u00e8res et infirmiers en soins directs et praticiens, des \u00e9ducateurs, des chercheurs, des d\u00e9cideurs, des dirigeants du syst\u00e8me, des \u00e9tudiants, des infirmi\u00e8res et infirmiers form\u00e9s \u00e0 l\u2019\u00e9tranger et des partenaires de partout au pays.<\/p>\t\t\t\t\t\t\t\t<\/div>\n\t\t\t\t<\/div>\n\t\t\t\t<div class=\"elementor-element elementor-element-0b6ad93 mobile_pera elementor-widget elementor-widget-text-editor\" data-id=\"0b6ad93\" data-element_type=\"widget\" data-e-type=\"widget\" data-widget_type=\"text-editor.default\">\n\t\t\t\t<div class=\"elementor-widget-container\">\n\t\t\t\t\t\t\t\t\t<p><b>Infrastructure technologique<\/b><\/p>\t\t\t\t\t\t\t\t<\/div>\n\t\t\t\t<\/div>\n\t\t\t\t<div class=\"elementor-element elementor-element-5536727 mobile_pera elementor-widget elementor-widget-text-editor\" data-id=\"5536727\" data-element_type=\"widget\" data-e-type=\"widget\" data-widget_type=\"text-editor.default\">\n\t\t\t\t<div class=\"elementor-widget-container\">\n\t\t\t\t\t\t\t\t\t<p>En \u00e9levant le leadership et les voix des membres, en lan\u00e7ant les champions de l\u2019AIIC pour la repr\u00e9sentation du maintien en poste et en r\u00e9digeant un r\u00e9cit d\u2019engagement renouvel\u00e9, nous veillons \u00e0 ce que l\u2019AIIC demeure pertinente, accessible et ax\u00e9e sur ses membres. Des investissements strat\u00e9giques dans l\u2019infrastructure technologique favoriseront de nouvelles options num\u00e9riques ax\u00e9es sur les membres et soutiendront l\u2019exploration de l\u2019intelligence artificielle pour att\u00e9nuer les pressions sur les ressources et multiplier les occasions de connectivit\u00e9 des membres avec le personnel de l\u2019AIIC et les uns avec les autres.<\/p>\t\t\t\t\t\t\t\t<\/div>\n\t\t\t\t<\/div>\n\t\t\t\t<div class=\"elementor-element elementor-element-84c94f2 mobile_pera elementor-widget elementor-widget-text-editor\" data-id=\"84c94f2\" data-element_type=\"widget\" data-e-type=\"widget\" data-widget_type=\"text-editor.default\">\n\t\t\t\t<div class=\"elementor-widget-container\">\n\t\t\t\t\t\t\t\t\t<p><b>Le parcours : Votre voyage au sein d\u2019un Canada autochtone<\/b><\/p>\t\t\t\t\t\t\t\t<\/div>\n\t\t\t\t<\/div>\n\t\t\t\t<div class=\"elementor-element elementor-element-2fc1adb mobile_pera elementor-widget elementor-widget-text-editor\" data-id=\"2fc1adb\" data-element_type=\"widget\" data-e-type=\"widget\" data-widget_type=\"text-editor.default\">\n\t\t\t\t<div class=\"elementor-widget-container\">\n\t\t\t\t\t\t\t\t\t<p>L\u2019engagement de l\u2019AIIC \u00e0 l\u2019\u00e9gard de la v\u00e9rit\u00e9, la r\u00e9conciliation et la lutte contre le racisme sera renforc\u00e9 cette ann\u00e9e gr\u00e2ce au r\u00e9cent lancement du cours Le parcours : Votre voyage au sein d\u2019un Canada autochtone de six modules \u00e9labor\u00e9s conjointement avec des experts et des dirigeants en soins infirmiers autochtones. Nous lancerons \u00e9galement notre cadre de r\u00e9conciliation cocr\u00e9\u00e9 le 21 juin, Journ\u00e9e nationale des peuples autochtones, dans le cadre de notre engagement continu envers la v\u00e9rit\u00e9 et <br \/>la r\u00e9conciliation. \u00bb Pour lire le texte au complet : https:\/\/cna-aiic.ca<\/p>\t\t\t\t\t\t\t\t<\/div>\n\t\t\t\t<\/div>\n\t\t\t\t<div class=\"elementor-element elementor-element-166374c box_pera elementor-widget elementor-widget-text-editor\" data-id=\"166374c\" data-element_type=\"widget\" data-e-type=\"widget\" data-widget_type=\"text-editor.default\">\n\t\t\t\t<div class=\"elementor-widget-container\">\n\t\t\t\t\t\t\t\t\t<h1><span style=\"color: #000000; font-family: Ubuntu, sans-serif;\"><span style=\"font-size: 20px;\">Le th\u00e8me\u2026<\/span><\/span><\/h1>\n<div>\n<div>La Semaine nationale des soins infirmiers se d\u00e9roule du 11 mai au dimanche 17 mai 2026. Le th\u00e8me de cette ann\u00e9e s\u2019intitule : Le pouvoir des infirmi\u00e8res et infirmiers de transformer la sant\u00e9. Ce th\u00e8me souligne l\u2019influence incroyable des infirmi\u00e8res et infirmiers afin de fa\u00e7onner les soins de sant\u00e9, de motiver l\u2019innovation et de d\u00e9fendre des soins ax\u00e9s sur les patients.<\/div>\n<div style=\"font-size: 20px;\">&nbsp;<\/div>\n<p><\/p>\n<\/div>\n<p><span style=\"color: var( --e-global-color-text ); font-style: inherit; font-weight: inherit;\">&nbsp;<\/span><\/p>\n<p><b>\u00c0 propos\u2026<\/b><\/p>\n<p><b><br><\/b><\/p>\n<p><\/p>\n<p>La c\u00e9l\u00e9bration attire l\u2019attention&nbsp;<span style=\"font-style: inherit; font-weight: inherit;\">sur les infirmi\u00e8res et infirmiers, sensibilise davantage le public, les responsables des politiques et les gouvernements aux nombreuses contributions que les soins infirmiers apportent au bien-\u00eatre&nbsp;<\/span><\/p>\n<p>de la population canadienne. Rappelons qu\u2019en 1971, on a d\u00e9sign\u00e9 le 12 mai, date de l\u2019anniversaire de naissance de Florence Nightingale, comme \u00e9tant la Journ\u00e9e internationale des infirmi\u00e8res.<\/p><p><br><\/p>\n<p><\/p>\n<p>En 1985, les membres de l\u2019AIIC ont entrepris des n\u00e9gociations avec le gouvernement f\u00e9d\u00e9ral&nbsp;<span style=\"font-style: inherit; font-weight: inherit;\">afin d\u2019explorer la possibilit\u00e9 de proclamer la semaine du 12 mai la Semaine nationale des soins infirmiers chaque ann\u00e9e. Peu apr\u00e8s, le ministre f\u00e9d\u00e9ral de la Sant\u00e9 a proclam\u00e9 la deuxi\u00e8me semaine de mai comme \u00e9tant la Semaine nationale des infirmi\u00e8res, qui est devenue en 1993 la Semaine nationale des soins infirmiers (SNSI) pour insister sur les r\u00e9alisations de la profession en tant que discipline.<\/span><\/p>\t\t\t\t\t\t\t\t<\/div>\n\t\t\t\t<\/div>\n\t\t\t\t\t<\/div>\n\t\t<\/div>\n\t\t\t\t\t<\/div>\n\t\t<\/section>\n\t\t\t\t<\/div>\n\t\t","protected":false},"excerpt":{"rendered":"<p>\u00ab Voil\u00e0 ce qui attend la profession en 2026 \u00bb Au d\u00e9but de l\u2019ann\u00e9e, la directrice g\u00e9n\u00e9rale de l\u2019Association des infirmi\u00e8res et infirmiers duCanada (AIIC), Valerie Grdisa, a livr\u00e9 un message sur ce qui attend la profession en 2026. Nous publions un r\u00e9sum\u00e9 de ses propos. Valerie Grdisa. \u00ab Cette ann\u00e9e marque un tournant pour [&hellip;]<\/p>\n","protected":false},"author":7,"featured_media":0,"parent":0,"menu_order":2,"comment_status":"closed","ping_status":"closed","template":"","meta":{"site-sidebar-layout":"no-sidebar","site-content-layout":"page-builder","ast-site-content-layout":"default","site-content-style":"default","site-sidebar-style":"default","ast-global-header-display":"","ast-banner-title-visibility":"","ast-main-header-display":"","ast-hfb-above-header-display":"","ast-hfb-below-header-display":"","ast-hfb-mobile-header-display":"","site-post-title":"disabled","ast-breadcrumbs-content":"","ast-featured-img":"disabled","footer-sml-layout":"","ast-disable-related-posts":"","theme-transparent-header-meta":"default","adv-header-id-meta":"","stick-header-meta":"","header-above-stick-meta":"","header-main-stick-meta":"","header-below-stick-meta":"","astra-migrate-meta-layouts":"default","ast-page-background-enabled":"default","ast-page-background-meta":{"desktop":{"background-color":"var(--ast-global-color-4)","background-image":"","background-repeat":"repeat","background-position":"center center","background-size":"auto","background-attachment":"scroll","background-type":"","background-media":"","overlay-type":"","overlay-color":"","overlay-opacity":"","overlay-gradient":""},"tablet":{"background-color":"","background-image":"","background-repeat":"repeat","background-position":"center center","background-size":"auto","background-attachment":"scroll","background-type":"","background-media":"","overlay-type":"","overlay-color":"","overlay-opacity":"","overlay-gradient":""},"mobile":{"background-color":"","background-image":"","background-repeat":"repeat","background-position":"center center","background-size":"auto","background-attachment":"scroll","background-type":"","background-media":"","overlay-type":"","overlay-color":"","overlay-opacity":"","overlay-gradient":""}},"ast-content-background-meta":{"desktop":{"background-color":"var(--ast-global-color-5)","background-image":"","background-repeat":"repeat","background-position":"center center","background-size":"auto","background-attachment":"scroll","background-type":"","background-media":"","overlay-type":"","overlay-color":"","overlay-opacity":"","overlay-gradient":""},"tablet":{"background-color":"var(--ast-global-color-5)","background-image":"","background-repeat":"repeat","background-position":"center center","background-size":"auto","background-attachment":"scroll","background-type":"","background-media":"","overlay-type":"","overlay-color":"","overlay-opacity":"","overlay-gradient":""},"mobile":{"background-color":"var(--ast-global-color-5)","background-image":"","background-repeat":"repeat","background-position":"center center","background-size":"auto","background-attachment":"scroll","background-type":"","background-media":"","overlay-type":"","overlay-color":"","overlay-opacity":"","overlay-gradient":""}},"footnotes":""},"page-categories":[],"class_list":["post-7802","page","type-page","status-publish","hentry"],"_links":{"self":[{"href":"https:\/\/kiosque.acadienouvelle.com\/semaine-soins-infirmiers-2026\/wp-json\/wp\/v2\/pages\/7802","targetHints":{"allow":["GET"]}}],"collection":[{"href":"https:\/\/kiosque.acadienouvelle.com\/semaine-soins-infirmiers-2026\/wp-json\/wp\/v2\/pages"}],"about":[{"href":"https:\/\/kiosque.acadienouvelle.com\/semaine-soins-infirmiers-2026\/wp-json\/wp\/v2\/types\/page"}],"author":[{"embeddable":true,"href":"https:\/\/kiosque.acadienouvelle.com\/semaine-soins-infirmiers-2026\/wp-json\/wp\/v2\/users\/7"}],"replies":[{"embeddable":true,"href":"https:\/\/kiosque.acadienouvelle.com\/semaine-soins-infirmiers-2026\/wp-json\/wp\/v2\/comments?post=7802"}],"version-history":[{"count":22,"href":"https:\/\/kiosque.acadienouvelle.com\/semaine-soins-infirmiers-2026\/wp-json\/wp\/v2\/pages\/7802\/revisions"}],"predecessor-version":[{"id":7826,"href":"https:\/\/kiosque.acadienouvelle.com\/semaine-soins-infirmiers-2026\/wp-json\/wp\/v2\/pages\/7802\/revisions\/7826"}],"wp:attachment":[{"href":"https:\/\/kiosque.acadienouvelle.com\/semaine-soins-infirmiers-2026\/wp-json\/wp\/v2\/media?parent=7802"}],"wp:term":[{"taxonomy":"page-categories","embeddable":true,"href":"https:\/\/kiosque.acadienouvelle.com\/semaine-soins-infirmiers-2026\/wp-json\/wp\/v2\/page-categories?post=7802"}],"curies":[{"name":"wp","href":"https:\/\/api.w.org\/{rel}","templated":true}]}}