{"id":7830,"date":"2026-04-24T16:35:50","date_gmt":"2026-04-24T16:35:50","guid":{"rendered":"https:\/\/kiosque.acadienouvelle.com\/semaine-soins-infirmiers-2026\/pour-le-syndicat-les-conditions-de-travail-demeurent-une-grande-proccupation\/"},"modified":"2026-04-24T17:08:05","modified_gmt":"2026-04-24T17:08:05","slug":"pour-le-syndicat-les-conditions-de-travail-demeurent-une-grande-proccupation","status":"publish","type":"page","link":"https:\/\/kiosque.acadienouvelle.com\/semaine-soins-infirmiers-2026\/pour-le-syndicat-les-conditions-de-travail-demeurent-une-grande-proccupation\/","title":{"rendered":"Pour le syndicat, les conditions de travail demeurent une grande pr\u00e9occupation!"},"content":{"rendered":"\t\t<div data-elementor-type=\"wp-page\" data-elementor-id=\"7830\" class=\"elementor elementor-7830\" data-elementor-post-type=\"page\">\n\t\t\t\t\t\t<section class=\"elementor-section elementor-top-section elementor-element elementor-element-50c1b6e elementor-section-height-min-height header_title banner_img elementor-section-boxed elementor-section-height-default elementor-section-items-middle\" data-id=\"50c1b6e\" data-element_type=\"section\" data-e-type=\"section\" data-settings=\"{&quot;background_background&quot;:&quot;classic&quot;}\">\n\t\t\t\t\t\t\t<div class=\"elementor-background-overlay\"><\/div>\n\t\t\t\t\t\t\t<div class=\"elementor-container elementor-column-gap-default\">\n\t\t\t\t\t<div class=\"elementor-column elementor-col-100 elementor-top-column elementor-element elementor-element-3a2d241\" data-id=\"3a2d241\" data-element_type=\"column\" data-e-type=\"column\">\n\t\t\t<div class=\"elementor-widget-wrap elementor-element-populated\">\n\t\t\t\t\t\t<div class=\"elementor-element elementor-element-9673cd2 elementor-widget elementor-widget-heading\" data-id=\"9673cd2\" data-element_type=\"widget\" data-e-type=\"widget\" data-widget_type=\"heading.default\">\n\t\t\t\t<div class=\"elementor-widget-container\">\n\t\t\t\t\t<h2 class=\"elementor-heading-title elementor-size-default\">Pour le syndicat, les conditions de travail demeurent une grande pr\u00e9occupation !<\/h2>\t\t\t\t<\/div>\n\t\t\t\t<\/div>\n\t\t\t\t\t<\/div>\n\t\t<\/div>\n\t\t\t\t\t<\/div>\n\t\t<\/section>\n\t\t\t\t<section class=\"elementor-section elementor-top-section elementor-element elementor-element-d9a853a elementor-section-boxed elementor-section-height-default elementor-section-height-default\" data-id=\"d9a853a\" data-element_type=\"section\" data-e-type=\"section\">\n\t\t\t\t\t\t<div class=\"elementor-container elementor-column-gap-default\">\n\t\t\t\t\t<div class=\"elementor-column elementor-col-100 elementor-top-column elementor-element elementor-element-68d9c5a page_contain\" data-id=\"68d9c5a\" data-element_type=\"column\" data-e-type=\"column\" data-settings=\"{&quot;background_background&quot;:&quot;classic&quot;}\">\n\t\t\t<div class=\"elementor-widget-wrap elementor-element-populated\">\n\t\t\t\t\t\t<div class=\"elementor-element elementor-element-50f1f9b elementor-widget elementor-widget-image\" data-id=\"50f1f9b\" data-element_type=\"widget\" data-e-type=\"widget\" data-widget_type=\"image.default\">\n\t\t\t\t<div class=\"elementor-widget-container\">\n\t\t\t\t\t\t\t\t\t\t\t\t<figure class=\"wp-caption\">\n\t\t\t\t\t\t\t\t\t\t<img fetchpriority=\"high\" decoding=\"async\" width=\"1366\" height=\"768\" src=\"https:\/\/kiosque.acadienouvelle.com\/semaine-soins-infirmiers-2026\/wp-content\/uploads\/sites\/397\/2026\/04\/3-pour_le_syndicat_landing.jpg\" class=\"attachment-full size-full wp-image-7835\" alt=\"\" srcset=\"https:\/\/kiosque.acadienouvelle.com\/semaine-soins-infirmiers-2026\/wp-content\/uploads\/sites\/397\/2026\/04\/3-pour_le_syndicat_landing.jpg 1366w, https:\/\/kiosque.acadienouvelle.com\/semaine-soins-infirmiers-2026\/wp-content\/uploads\/sites\/397\/2026\/04\/3-pour_le_syndicat_landing-300x169.jpg 300w, https:\/\/kiosque.acadienouvelle.com\/semaine-soins-infirmiers-2026\/wp-content\/uploads\/sites\/397\/2026\/04\/3-pour_le_syndicat_landing-1024x576.jpg 1024w, https:\/\/kiosque.acadienouvelle.com\/semaine-soins-infirmiers-2026\/wp-content\/uploads\/sites\/397\/2026\/04\/3-pour_le_syndicat_landing-768x432.jpg 768w\" sizes=\"(max-width: 1366px) 100vw, 1366px\" \/>\t\t\t\t\t\t\t\t\t\t\t<figcaption class=\"widget-image-caption wp-caption-text\"><\/figcaption>\n\t\t\t\t\t\t\t\t\t\t<\/figure>\n\t\t\t\t\t\t\t\t\t<\/div>\n\t\t\t\t<\/div>\n\t\t<link rel=\"stylesheet\" href=\"https:\/\/use.fontawesome.com\/releases\/v5.5.0\/css\/all.css\" integrity=\"sha384-B4dIYHKNBt8Bc12p+WXckhzcICo0wtJAoU8YZTY5qE0Id1GSseTk6S+L3BlXeVIU\" crossorigin=\"anonymous\">\r\n\t\t<div class=\"elementor-element elementor-element-73db229 mobile_pera elementor-widget elementor-widget-text-editor\" data-id=\"73db229\" data-element_type=\"widget\" data-e-type=\"widget\" data-widget_type=\"text-editor.default\">\n\t\t\t\t<div class=\"elementor-widget-container\">\n\t\t\t\t\t\t\t\t\t<p><img decoding=\"async\" class=\"size-full wp-image-7846 aligncenter\" src=\"https:\/\/kiosque.acadienouvelle.com\/semaine-soins-infirmiers-2026\/wp-content\/uploads\/sites\/397\/2026\/04\/3-Paula.jpg\" alt=\"\" width=\"485\" height=\"382\" srcset=\"https:\/\/kiosque.acadienouvelle.com\/semaine-soins-infirmiers-2026\/wp-content\/uploads\/sites\/397\/2026\/04\/3-Paula.jpg 485w, https:\/\/kiosque.acadienouvelle.com\/semaine-soins-infirmiers-2026\/wp-content\/uploads\/sites\/397\/2026\/04\/3-Paula-300x236.jpg 300w\" sizes=\"(max-width: 485px) 100vw, 485px\" \/><\/p>\t\t\t\t\t\t\t\t<\/div>\n\t\t\t\t<\/div>\n\t\t\t\t<div class=\"elementor-element elementor-element-019c586 mobile_pera elementor-widget elementor-widget-text-editor\" data-id=\"019c586\" data-element_type=\"widget\" data-e-type=\"widget\" data-widget_type=\"text-editor.default\">\n\t\t\t\t<div class=\"elementor-widget-container\">\n\t\t\t\t\t\t\t\t\t<p>Paula Doucet<\/p>\t\t\t\t\t\t\t\t<\/div>\n\t\t\t\t<\/div>\n\t\t\t\t<div class=\"elementor-element elementor-element-d0a0a3b mobile_pera elementor-widget elementor-widget-text-editor\" data-id=\"d0a0a3b\" data-element_type=\"widget\" data-e-type=\"widget\" data-widget_type=\"text-editor.default\">\n\t\t\t\t<div class=\"elementor-widget-container\">\n\t\t\t\t\t\t\t\t\t<p>La derni\u00e8re ann\u00e9e aura \u00e9t\u00e9 marqu\u00e9e par la signature de trois conventions collectives et le syndicat des infirmi\u00e8res et des infirmiers du Nouveau-Brunswick (SIINB) se r\u00e9jouit que ces n\u00e9gociations men\u00e9es avec succ\u00e8s contribuent maintenant au recrutement et \u00e0 la r\u00e9tention du personnel infirmier. Toutefois, beaucoup de changements devront \u00eatre apport\u00e9s pour am\u00e9liorer les conditions de travail dans la province.<\/p>\t\t\t\t\t\t\t\t<\/div>\n\t\t\t\t<\/div>\n\t\t\t\t<div class=\"elementor-element elementor-element-18220c3 elementor-widget elementor-widget-advertisement\" data-id=\"18220c3\" data-element_type=\"widget\" data-e-type=\"widget\" data-widget_type=\"advertisement.default\">\n\t\t\t\t<div class=\"elementor-widget-container\">\n\t\t\t\t\t<div class=\"ads-align-center\"><div style=\"min-width:300px\" data-m32-ad data-options='{\"sizes\":\"[[300,100]]\",\"dfpId\":\"21658289790,27729547\",\"dfpAdUnitPath\":\"acadienouvelle\/cahiers_onefifthpage_300x100\"}'><\/div><\/div>\t\t\t\t<\/div>\n\t\t\t\t<\/div>\n\t\t\t\t<div class=\"elementor-element elementor-element-74263c8 mobile_pera elementor-widget elementor-widget-text-editor\" data-id=\"74263c8\" data-element_type=\"widget\" data-e-type=\"widget\" data-widget_type=\"text-editor.default\">\n\t\t\t\t<div class=\"elementor-widget-container\">\n\t\t\t\t\t\t\t\t\t<p>\u00ab Nous entendons beaucoup derni\u00e8rement que nos infirmi\u00e8res doivent offrir des soins dans des espaces non traditionnels, par exemple \u00e0 Fredericton, une aire pour les ambulances et \u00e0 Saint-Jean, des placards utilitaires. Ces pi\u00e8ces ne devraient pas \u00eatre utilis\u00e9es comme des chambres en raison d\u2019une surcapacit\u00e9 de patients. Nos infirmi\u00e8res ont de la difficult\u00e9 \u00e0 offrir les meilleurs soins dans ces types de conditions \u00bb, d\u00e9nonce la pr\u00e9sidente du SIINB, Paula Doucet.<\/p>\t\t\t\t\t\t\t\t<\/div>\n\t\t\t\t<\/div>\n\t\t\t\t<div class=\"elementor-element elementor-element-0b6ad93 mobile_pera elementor-widget elementor-widget-text-editor\" data-id=\"0b6ad93\" data-element_type=\"widget\" data-e-type=\"widget\" data-widget_type=\"text-editor.default\">\n\t\t\t\t<div class=\"elementor-widget-container\">\n\t\t\t\t\t\t\t\t\t<p><b>Lueur d\u2019espoir<\/b><\/p>\t\t\t\t\t\t\t\t<\/div>\n\t\t\t\t<\/div>\n\t\t\t\t<div class=\"elementor-element elementor-element-544210b mobile_pera elementor-widget elementor-widget-text-editor\" data-id=\"544210b\" data-element_type=\"widget\" data-e-type=\"widget\" data-widget_type=\"text-editor.default\">\n\t\t\t\t<div class=\"elementor-widget-container\">\n\t\t\t\t\t\t\t\t\t<p>Elle voit toutefois une lueur d\u2019espoir \u00e0 l\u2019horizon avec la remise sur pied d\u2019un comit\u00e9 provincial collaboratif du secteur infirmier qui r\u00e9unit les parties prenantes de tous les niveaux. Ce regroupement avait \u00e9t\u00e9 aboli il y a plusieurs ann\u00e9es et Mme Doucet consid\u00e8re son retour d\u2019un bon \u0153il, puisqu\u2019il rassemblera des instances autour d\u2019une m\u00eame table. <\/p>\t\t\t\t\t\t\t\t<\/div>\n\t\t\t\t<\/div>\n\t\t\t\t<div class=\"elementor-element elementor-element-d9ea614 mobile_pera elementor-widget elementor-widget-text-editor\" data-id=\"d9ea614\" data-element_type=\"widget\" data-e-type=\"widget\" data-widget_type=\"text-editor.default\">\n\t\t\t\t<div class=\"elementor-widget-container\">\n\t\t\t\t\t\t\t\t\t<p><b>\u00ab Nous avons vraiment\u00a0<\/b><b style=\"font-style: inherit;\">espoir que ce comit\u00e9 aidera \u00e0 favoriser des changements dans\u00a0<\/b><b style=\"font-style: inherit;\">les soins infirmiers \u00bb, avance-t-elle en mentionnant qu\u2019une premi\u00e8re rencontre doit avoir lieu ce printemps.\u00a0<\/b><\/p>\t\t\t\t\t\t\t\t<\/div>\n\t\t\t\t<\/div>\n\t\t\t\t<div class=\"elementor-element elementor-element-f9aa921 mobile_pera elementor-widget elementor-widget-text-editor\" data-id=\"f9aa921\" data-element_type=\"widget\" data-e-type=\"widget\" data-widget_type=\"text-editor.default\">\n\t\t\t\t<div class=\"elementor-widget-container\">\n\t\t\t\t\t\t\t\t\t<p>Un autre groupe qui\u00a0r\u00e9unit les syndicats infirmiers\u00a0du secteur public et priv\u00e9 avec\u00a0le gouvernement provincial a \u00e9galement \u00e9t\u00e9 remis sur pied.\u00a0Mme Doucet rappelle que ce groupe avait autrefois connu du succ\u00e8s avec des initiatives pour r\u00e9duire la violence en milieu de travail et elle souhaite que ce\u00a0dossier prioritaire se retrouve encore \u00e0 l\u2019ordre du jour.<\/p>\t\t\t\t\t\t\t\t<\/div>\n\t\t\t\t<\/div>\n\t\t\t\t<div class=\"elementor-element elementor-element-f67421e mobile_pera elementor-widget elementor-widget-text-editor\" data-id=\"f67421e\" data-element_type=\"widget\" data-e-type=\"widget\" data-widget_type=\"text-editor.default\">\n\t\t\t\t<div class=\"elementor-widget-container\">\n\t\t\t\t\t\t\t\t\t<p><b>\u00ab Ce n\u2019est pas parfait, mais nous voyons ceci comme des \u00e9tapes positives. Les infirmi\u00e8res auront besoin de temps pour faire confiance \u00e0 nouveau \u00bb, souligne-t-elle.<\/b><\/p>\t\t\t\t\t\t\t\t<\/div>\n\t\t\t\t<\/div>\n\t\t\t\t<div class=\"elementor-element elementor-element-e649913 mobile_pera elementor-widget elementor-widget-text-editor\" data-id=\"e649913\" data-element_type=\"widget\" data-e-type=\"widget\" data-widget_type=\"text-editor.default\">\n\t\t\t\t<div class=\"elementor-widget-container\">\n\t\t\t\t\t\t\t\t\t<p><img decoding=\"async\" class=\"alignleft size-full wp-image-7861\" src=\"https:\/\/kiosque.acadienouvelle.com\/semaine-soins-infirmiers-2026\/wp-content\/uploads\/sites\/397\/2026\/04\/3-logo.jpg\" alt=\"\" width=\"1366\" height=\"508\" srcset=\"https:\/\/kiosque.acadienouvelle.com\/semaine-soins-infirmiers-2026\/wp-content\/uploads\/sites\/397\/2026\/04\/3-logo.jpg 1366w, https:\/\/kiosque.acadienouvelle.com\/semaine-soins-infirmiers-2026\/wp-content\/uploads\/sites\/397\/2026\/04\/3-logo-300x112.jpg 300w, https:\/\/kiosque.acadienouvelle.com\/semaine-soins-infirmiers-2026\/wp-content\/uploads\/sites\/397\/2026\/04\/3-logo-1024x381.jpg 1024w, https:\/\/kiosque.acadienouvelle.com\/semaine-soins-infirmiers-2026\/wp-content\/uploads\/sites\/397\/2026\/04\/3-logo-768x286.jpg 768w\" sizes=\"(max-width: 1366px) 100vw, 1366px\" \/><\/p>\t\t\t\t\t\t\t\t<\/div>\n\t\t\t\t<\/div>\n\t\t\t\t\t<\/div>\n\t\t<\/div>\n\t\t\t\t\t<\/div>\n\t\t<\/section>\n\t\t\t\t<\/div>\n\t\t","protected":false},"excerpt":{"rendered":"<p>Pour le syndicat, les conditions de travail demeurent une grande pr\u00e9occupation ! Paula Doucet La derni\u00e8re ann\u00e9e aura \u00e9t\u00e9 marqu\u00e9e par la signature de trois conventions collectives et le syndicat des infirmi\u00e8res et des infirmiers du Nouveau-Brunswick (SIINB) se r\u00e9jouit que ces n\u00e9gociations men\u00e9es avec succ\u00e8s contribuent maintenant au recrutement et \u00e0 la r\u00e9tention du [&hellip;]<\/p>\n","protected":false},"author":7,"featured_media":0,"parent":0,"menu_order":3,"comment_status":"closed","ping_status":"closed","template":"","meta":{"site-sidebar-layout":"no-sidebar","site-content-layout":"page-builder","ast-site-content-layout":"default","site-content-style":"default","site-sidebar-style":"default","ast-global-header-display":"","ast-banner-title-visibility":"","ast-main-header-display":"","ast-hfb-above-header-display":"","ast-hfb-below-header-display":"","ast-hfb-mobile-header-display":"","site-post-title":"disabled","ast-breadcrumbs-content":"","ast-featured-img":"disabled","footer-sml-layout":"","ast-disable-related-posts":"","theme-transparent-header-meta":"default","adv-header-id-meta":"","stick-header-meta":"","header-above-stick-meta":"","header-main-stick-meta":"","header-below-stick-meta":"","astra-migrate-meta-layouts":"default","ast-page-background-enabled":"default","ast-page-background-meta":{"desktop":{"background-color":"var(--ast-global-color-4)","background-image":"","background-repeat":"repeat","background-position":"center center","background-size":"auto","background-attachment":"scroll","background-type":"","background-media":"","overlay-type":"","overlay-color":"","overlay-opacity":"","overlay-gradient":""},"tablet":{"background-color":"","background-image":"","background-repeat":"repeat","background-position":"center center","background-size":"auto","background-attachment":"scroll","background-type":"","background-media":"","overlay-type":"","overlay-color":"","overlay-opacity":"","overlay-gradient":""},"mobile":{"background-color":"","background-image":"","background-repeat":"repeat","background-position":"center center","background-size":"auto","background-attachment":"scroll","background-type":"","background-media":"","overlay-type":"","overlay-color":"","overlay-opacity":"","overlay-gradient":""}},"ast-content-background-meta":{"desktop":{"background-color":"var(--ast-global-color-5)","background-image":"","background-repeat":"repeat","background-position":"center center","background-size":"auto","background-attachment":"scroll","background-type":"","background-media":"","overlay-type":"","overlay-color":"","overlay-opacity":"","overlay-gradient":""},"tablet":{"background-color":"var(--ast-global-color-5)","background-image":"","background-repeat":"repeat","background-position":"center center","background-size":"auto","background-attachment":"scroll","background-type":"","background-media":"","overlay-type":"","overlay-color":"","overlay-opacity":"","overlay-gradient":""},"mobile":{"background-color":"var(--ast-global-color-5)","background-image":"","background-repeat":"repeat","background-position":"center center","background-size":"auto","background-attachment":"scroll","background-type":"","background-media":"","overlay-type":"","overlay-color":"","overlay-opacity":"","overlay-gradient":""}},"footnotes":""},"page-categories":[],"class_list":["post-7830","page","type-page","status-publish","hentry"],"_links":{"self":[{"href":"https:\/\/kiosque.acadienouvelle.com\/semaine-soins-infirmiers-2026\/wp-json\/wp\/v2\/pages\/7830","targetHints":{"allow":["GET"]}}],"collection":[{"href":"https:\/\/kiosque.acadienouvelle.com\/semaine-soins-infirmiers-2026\/wp-json\/wp\/v2\/pages"}],"about":[{"href":"https:\/\/kiosque.acadienouvelle.com\/semaine-soins-infirmiers-2026\/wp-json\/wp\/v2\/types\/page"}],"author":[{"embeddable":true,"href":"https:\/\/kiosque.acadienouvelle.com\/semaine-soins-infirmiers-2026\/wp-json\/wp\/v2\/users\/7"}],"replies":[{"embeddable":true,"href":"https:\/\/kiosque.acadienouvelle.com\/semaine-soins-infirmiers-2026\/wp-json\/wp\/v2\/comments?post=7830"}],"version-history":[{"count":37,"href":"https:\/\/kiosque.acadienouvelle.com\/semaine-soins-infirmiers-2026\/wp-json\/wp\/v2\/pages\/7830\/revisions"}],"predecessor-version":[{"id":7874,"href":"https:\/\/kiosque.acadienouvelle.com\/semaine-soins-infirmiers-2026\/wp-json\/wp\/v2\/pages\/7830\/revisions\/7874"}],"wp:attachment":[{"href":"https:\/\/kiosque.acadienouvelle.com\/semaine-soins-infirmiers-2026\/wp-json\/wp\/v2\/media?parent=7830"}],"wp:term":[{"taxonomy":"page-categories","embeddable":true,"href":"https:\/\/kiosque.acadienouvelle.com\/semaine-soins-infirmiers-2026\/wp-json\/wp\/v2\/page-categories?post=7830"}],"curies":[{"name":"wp","href":"https:\/\/api.w.org\/{rel}","templated":true}]}}