{"id":7909,"date":"2026-04-24T17:29:41","date_gmt":"2026-04-24T17:29:41","guid":{"rendered":"https:\/\/kiosque.acadienouvelle.com\/semaine-soins-infirmiers-2026\/la-nouvelle-loi-pour-la-pratique-infirmire-offrira-plus-de-flexibilit\/"},"modified":"2026-04-24T17:42:54","modified_gmt":"2026-04-24T17:42:54","slug":"la-nouvelle-loi-pour-la-pratique-infirmire-offrira-plus-de-flexibilit","status":"publish","type":"page","link":"https:\/\/kiosque.acadienouvelle.com\/semaine-soins-infirmiers-2026\/la-nouvelle-loi-pour-la-pratique-infirmire-offrira-plus-de-flexibilit\/","title":{"rendered":"La nouvelle loi pour la pratique infirmi\u00e8re offrira plus de flexibilit\u00e9!"},"content":{"rendered":"\t\t<div data-elementor-type=\"wp-page\" data-elementor-id=\"7909\" class=\"elementor elementor-7909\" data-elementor-post-type=\"page\">\n\t\t\t\t\t\t<section class=\"elementor-section elementor-top-section elementor-element elementor-element-50c1b6e elementor-section-height-min-height header_title banner_img elementor-section-boxed elementor-section-height-default elementor-section-items-middle\" data-id=\"50c1b6e\" data-element_type=\"section\" data-e-type=\"section\" data-settings=\"{&quot;background_background&quot;:&quot;classic&quot;}\">\n\t\t\t\t\t\t\t<div class=\"elementor-background-overlay\"><\/div>\n\t\t\t\t\t\t\t<div class=\"elementor-container elementor-column-gap-default\">\n\t\t\t\t\t<div class=\"elementor-column elementor-col-100 elementor-top-column elementor-element elementor-element-3a2d241\" data-id=\"3a2d241\" data-element_type=\"column\" data-e-type=\"column\">\n\t\t\t<div class=\"elementor-widget-wrap elementor-element-populated\">\n\t\t\t\t\t\t<div class=\"elementor-element elementor-element-9673cd2 elementor-widget elementor-widget-heading\" data-id=\"9673cd2\" data-element_type=\"widget\" data-e-type=\"widget\" data-widget_type=\"heading.default\">\n\t\t\t\t<div class=\"elementor-widget-container\">\n\t\t\t\t\t<h2 class=\"elementor-heading-title elementor-size-default\">La nouvelle loi pour la \npratique infirmi\u00e8re offrira \nplus de flexibilit\u00e9!<\/h2>\t\t\t\t<\/div>\n\t\t\t\t<\/div>\n\t\t\t\t\t<\/div>\n\t\t<\/div>\n\t\t\t\t\t<\/div>\n\t\t<\/section>\n\t\t\t\t<section class=\"elementor-section elementor-top-section elementor-element elementor-element-d9a853a elementor-section-boxed elementor-section-height-default elementor-section-height-default\" data-id=\"d9a853a\" data-element_type=\"section\" data-e-type=\"section\">\n\t\t\t\t\t\t<div class=\"elementor-container elementor-column-gap-default\">\n\t\t\t\t\t<div class=\"elementor-column elementor-col-100 elementor-top-column elementor-element elementor-element-68d9c5a page_contain\" data-id=\"68d9c5a\" data-element_type=\"column\" data-e-type=\"column\" data-settings=\"{&quot;background_background&quot;:&quot;classic&quot;}\">\n\t\t\t<div class=\"elementor-widget-wrap elementor-element-populated\">\n\t\t\t\t\t\t<div class=\"elementor-element elementor-element-50f1f9b elementor-widget elementor-widget-image\" data-id=\"50f1f9b\" data-element_type=\"widget\" data-e-type=\"widget\" data-widget_type=\"image.default\">\n\t\t\t\t<div class=\"elementor-widget-container\">\n\t\t\t\t\t\t\t\t\t\t\t\t<figure class=\"wp-caption\">\n\t\t\t\t\t\t\t\t\t\t<img fetchpriority=\"high\" decoding=\"async\" width=\"1366\" height=\"768\" src=\"https:\/\/kiosque.acadienouvelle.com\/semaine-soins-infirmiers-2026\/wp-content\/uploads\/sites\/397\/2026\/04\/5-chad_landing.jpg\" class=\"attachment-full size-full wp-image-7914\" alt=\"\" srcset=\"https:\/\/kiosque.acadienouvelle.com\/semaine-soins-infirmiers-2026\/wp-content\/uploads\/sites\/397\/2026\/04\/5-chad_landing.jpg 1366w, https:\/\/kiosque.acadienouvelle.com\/semaine-soins-infirmiers-2026\/wp-content\/uploads\/sites\/397\/2026\/04\/5-chad_landing-300x169.jpg 300w, https:\/\/kiosque.acadienouvelle.com\/semaine-soins-infirmiers-2026\/wp-content\/uploads\/sites\/397\/2026\/04\/5-chad_landing-1024x576.jpg 1024w, https:\/\/kiosque.acadienouvelle.com\/semaine-soins-infirmiers-2026\/wp-content\/uploads\/sites\/397\/2026\/04\/5-chad_landing-768x432.jpg 768w\" sizes=\"(max-width: 1366px) 100vw, 1366px\" \/>\t\t\t\t\t\t\t\t\t\t\t<figcaption class=\"widget-image-caption wp-caption-text\">Chad Doucet.<\/figcaption>\n\t\t\t\t\t\t\t\t\t\t<\/figure>\n\t\t\t\t\t\t\t\t\t<\/div>\n\t\t\t\t<\/div>\n\t\t<link rel=\"stylesheet\" href=\"https:\/\/use.fontawesome.com\/releases\/v5.5.0\/css\/all.css\" integrity=\"sha384-B4dIYHKNBt8Bc12p+WXckhzcICo0wtJAoU8YZTY5qE0Id1GSseTk6S+L3BlXeVIU\" crossorigin=\"anonymous\">\r\n\t\t<div class=\"elementor-element elementor-element-d0a0a3b mobile_pera elementor-widget elementor-widget-text-editor\" data-id=\"d0a0a3b\" data-element_type=\"widget\" data-e-type=\"widget\" data-widget_type=\"text-editor.default\">\n\t\t\t\t<div class=\"elementor-widget-container\">\n\t\t\t\t\t\t\t\t\t<p>Les efforts pour r\u00e9viser la Loi sur les infirmi\u00e8res et infirmiers au Nouveau-Brunswick se poursuivent. L\u2019Ordre de la pratique infirmi\u00e8re au Nouveau-Brunswick (OPINB) consid\u00e8re que la nouvelle version refl\u00e9tera mieux la flexibilit\u00e9 n\u00e9cessaire aux soins infirmiers. <\/p>\t\t\t\t\t\t\t\t<\/div>\n\t\t\t\t<\/div>\n\t\t\t\t<div class=\"elementor-element elementor-element-b87b807 mobile_pera elementor-widget elementor-widget-text-editor\" data-id=\"b87b807\" data-element_type=\"widget\" data-e-type=\"widget\" data-widget_type=\"text-editor.default\">\n\t\t\t\t<div class=\"elementor-widget-container\">\n\t\t\t\t\t\t\t\t\t<p>\u00ab Nous aurons une souplesse pour r\u00e9agir plus rapidement. Le milieu de la sant\u00e9 est en constante \u00e9volution et cette loi moderne nous permettra d\u2019adapter les champs de pratique \u00bb, souligne le pr\u00e9sident, Chad Doucet.<\/p>\t\t\t\t\t\t\t\t<\/div>\n\t\t\t\t<\/div>\n\t\t\t\t<div class=\"elementor-element elementor-element-0648b29 elementor-widget elementor-widget-advertisement\" data-id=\"0648b29\" data-element_type=\"widget\" data-e-type=\"widget\" data-widget_type=\"advertisement.default\">\n\t\t\t\t<div class=\"elementor-widget-container\">\n\t\t\t\t\t<div class=\"ads-align-center\"><div style=\"min-width:300px\"  data-m32-ad data-options='{\"sizes\":\"[[300,250]]\",\"dfpId\":\"21658289790,27729547\",\"dfpAdUnitPath\":\"acadienouvelle\/cahiers_quarterpage_300x250\"}'><\/div><\/div>\t\t\t\t<\/div>\n\t\t\t\t<\/div>\n\t\t\t\t<div class=\"elementor-element elementor-element-f2963de mobile_pera elementor-widget elementor-widget-text-editor\" data-id=\"f2963de\" data-element_type=\"widget\" data-e-type=\"widget\" data-widget_type=\"text-editor.default\">\n\t\t\t\t<div class=\"elementor-widget-container\">\n\t\t\t\t\t\t\t\t\t<p>La loi actuelle date de 1984 et sa derni\u00e8re r\u00e9vision remonte \u00e0 2002. Il pr\u00e9cise que la nouvelle loi \u00e9largira notamment la prescription infirmi\u00e8re et encadrera l\u2019immatriculation d\u2019infirmi\u00e8res et infirmiers psychiatriques dans la province.<\/p>\t\t\t\t\t\t\t\t<\/div>\n\t\t\t\t<\/div>\n\t\t\t\t<div class=\"elementor-element elementor-element-cccb36a mobile_pera elementor-widget elementor-widget-text-editor\" data-id=\"cccb36a\" data-element_type=\"widget\" data-e-type=\"widget\" data-widget_type=\"text-editor.default\">\n\t\t\t\t<div class=\"elementor-widget-container\">\n\t\t\t\t\t\t\t\t\t<p>\u00ab Elle nous permettra aussi d\u2019\u00eatre plus souples pour augmenter la mobilit\u00e9 de la main-d\u2019\u0153uvre pancanadienne. Par exemple, une infirmi\u00e8re du Manitoba et de l\u2019Alberta aura plus de facilit\u00e9 \u00e0 venir exercer au Nouveau-Brunswick. La nouvelle loi donnera aussi plus de flexibilit\u00e9 si nous avons besoin de faire des changements au point de vue du registrariat pour accueillir des gens form\u00e9s en soins infirmiers \u00e0 l\u2019\u00e9tranger \u00bb, ajoute-t-il.<\/p>\t\t\t\t\t\t\t\t<\/div>\n\t\t\t\t<\/div>\n\t\t\t\t<div class=\"elementor-element elementor-element-0b6ad93 mobile_pera elementor-widget elementor-widget-text-editor\" data-id=\"0b6ad93\" data-element_type=\"widget\" data-e-type=\"widget\" data-widget_type=\"text-editor.default\">\n\t\t\t\t<div class=\"elementor-widget-container\">\n\t\t\t\t\t\t\t\t\t<p><b>Initiative <i>Nursys Canada<\/i><\/b><\/p>\t\t\t\t\t\t\t\t<\/div>\n\t\t\t\t<\/div>\n\t\t\t\t<div class=\"elementor-element elementor-element-d9ea614 mobile_pera elementor-widget elementor-widget-text-editor\" data-id=\"d9ea614\" data-element_type=\"widget\" data-e-type=\"widget\" data-widget_type=\"text-editor.default\">\n\t\t\t\t<div class=\"elementor-widget-container\">\n\t\t\t\t\t\t\t\t\t<p>L\u2019OPINB a \u00e9galement joint l\u2019initiative Nursys Canada, une vaste base de donn\u00e9es de renseignements r\u00e9glementaires sur les personnes candidates, ainsi que les infirmi\u00e8res et infirmiers immatricul\u00e9s partout au Canada et aux \u00c9tats-Unis. \u00ab Nous avons opt\u00e9 de participer \u00e0 cette base de donn\u00e9es pour \u00eatre mieux en mesure de d\u00e9pister si des personnes sont de bonnes candidates et pour prot\u00e9ger le public en identifiant les gens dont les pratiques ont fait l\u2019objet de plainte \u00bb, explique-t-il.<\/p>\t\t\t\t\t\t\t\t<\/div>\n\t\t\t\t<\/div>\n\t\t\t\t<div class=\"elementor-element elementor-element-74263c8 mobile_pera elementor-widget elementor-widget-text-editor\" data-id=\"74263c8\" data-element_type=\"widget\" data-e-type=\"widget\" data-widget_type=\"text-editor.default\">\n\t\t\t\t<div class=\"elementor-widget-container\">\n\t\t\t\t\t\t\t\t\t<p>Ce nouvel outil contribuera au recrutement de la main-d\u2019\u0153uvre infirmi\u00e8re. Il s\u2019ajoute \u00e0 d\u2019autres initiatives pour lever les obstacles et augmenter la mobilit\u00e9 de la main-d\u2019\u0153uvre au pays, comme des permis d\u2019exercice interjuridictionnel. <\/p>\t\t\t\t\t\t\t\t<\/div>\n\t\t\t\t<\/div>\n\t\t\t\t<div class=\"elementor-element elementor-element-e534e4e mobile_pera elementor-widget elementor-widget-text-editor\" data-id=\"e534e4e\" data-element_type=\"widget\" data-e-type=\"widget\" data-widget_type=\"text-editor.default\">\n\t\t\t\t<div class=\"elementor-widget-container\">\n\t\t\t\t\t\t\t\t\t<p>Enfin, Chad Doucet a tenu \u00e0 souligner l\u2019apport exceptionnel du personnel infirmier dans la province qui a le pouvoir de transformer la sant\u00e9. Il remercie les infirmi\u00e8res et infirmiers pour leur d\u00e9vouement en cette semaine des soins infirmiers.<\/p>\t\t\t\t\t\t\t\t<\/div>\n\t\t\t\t<\/div>\n\t\t\t\t<div class=\"elementor-element elementor-element-166374c box_pera elementor-widget elementor-widget-text-editor\" data-id=\"166374c\" data-element_type=\"widget\" data-e-type=\"widget\" data-widget_type=\"text-editor.default\">\n\t\t\t\t<div class=\"elementor-widget-container\">\n\t\t\t\t\t\t\t\t\t<h1><b>Un nouveau nom\u2009!<\/b><\/h1>\n<p><img decoding=\"async\" class=\"size-full wp-image-7930 aligncenter\" src=\"https:\/\/kiosque.acadienouvelle.com\/semaine-soins-infirmiers-2026\/wp-content\/uploads\/sites\/397\/2026\/04\/5-cnnb-opinb.jpg\" alt=\"\" width=\"485\" height=\"382\" srcset=\"https:\/\/kiosque.acadienouvelle.com\/semaine-soins-infirmiers-2026\/wp-content\/uploads\/sites\/397\/2026\/04\/5-cnnb-opinb.jpg 485w, https:\/\/kiosque.acadienouvelle.com\/semaine-soins-infirmiers-2026\/wp-content\/uploads\/sites\/397\/2026\/04\/5-cnnb-opinb-300x236.jpg 300w\" sizes=\"(max-width: 485px) 100vw, 485px\" \/><\/p>\n<p><\/p>\n<p><br><\/p><p>Au d\u00e9but du mois de f\u00e9vrier 2026, l\u2019Association des infirmi\u00e8res et infirmiers du Nouveau-Brunswick (AIINB) a annonc\u00e9 qu\u2019elle changeait de nom pour devenir l\u2019Ordre de la pratique infirmi\u00e8re du Nouveau-Brunswick (OPINB). Ce changement est accompagn\u00e9 d\u2019un nouveau logo et d\u2019une nouvelle identit\u00e9 de marque conformes \u00e0 sa mission de r\u00e9glementation des infirmi\u00e8res immatricul\u00e9es (II) et des infirmi\u00e8res praticiennes (IP) dans la province.<\/p><p><br><\/p>\n<p><\/p>\n<p>\u00ab Nous changeons de nom et d\u2019image de marque pour mieux incarner notre vision de l\u2019avenir, mais notre engagement envers la r\u00e9glementation des II et IP reste le m\u00eame \u00bb, a d\u00e9clar\u00e9 Kate Sheppard, chef de la direction et registraire de l\u2019organisation. \u00ab Ce changement intervient dans un souci de clart\u00e9 et de modernisation, mais nos services au public, aux II et aux IP demeurent les m\u00eames. \u00bb<\/p><p><br><\/p>\n<p>Chad Doucet, pr\u00e9sident de l\u2019organisation, a soulign\u00e9 que l\u2019Ordre de la pratique infirmi\u00e8re du Nouveau-Brunswick demeure le seul organisme de r\u00e9glementation des infirmi\u00e8res et infirmiers immatricul\u00e9s et des infirmi\u00e8res et infirmiers praticiens de la province et qu\u2019il est distinct de toute autre organisation infirmi\u00e8re nouvelle ou existante. \u00ab Notre mandat consiste toujours \u00e0 prot\u00e9ger le public par la r\u00e9glementation des II et des IP, \u00bb pr\u00e9cise M. Doucet. \u00ab Nous continuons \u00e0 \u00e9tablir et \u00e0 faire respecter des normes rigoureuses de comp\u00e9tence et d\u2019exercice de la profession infirmi\u00e8re. \u00bb<\/p>\t\t\t\t\t\t\t\t<\/div>\n\t\t\t\t<\/div>\n\t\t\t\t\t<\/div>\n\t\t<\/div>\n\t\t\t\t\t<\/div>\n\t\t<\/section>\n\t\t\t\t<\/div>\n\t\t","protected":false},"excerpt":{"rendered":"<p>La nouvelle loi pour la pratique infirmi\u00e8re offrira plus de flexibilit\u00e9! Chad Doucet. Les efforts pour r\u00e9viser la Loi sur les infirmi\u00e8res et infirmiers au Nouveau-Brunswick se poursuivent. L\u2019Ordre de la pratique infirmi\u00e8re au Nouveau-Brunswick (OPINB) consid\u00e8re que la nouvelle version refl\u00e9tera mieux la flexibilit\u00e9 n\u00e9cessaire aux soins infirmiers. \u00ab Nous aurons une souplesse pour [&hellip;]<\/p>\n","protected":false},"author":7,"featured_media":0,"parent":0,"menu_order":5,"comment_status":"closed","ping_status":"closed","template":"","meta":{"site-sidebar-layout":"no-sidebar","site-content-layout":"page-builder","ast-site-content-layout":"default","site-content-style":"default","site-sidebar-style":"default","ast-global-header-display":"","ast-banner-title-visibility":"","ast-main-header-display":"","ast-hfb-above-header-display":"","ast-hfb-below-header-display":"","ast-hfb-mobile-header-display":"","site-post-title":"disabled","ast-breadcrumbs-content":"","ast-featured-img":"disabled","footer-sml-layout":"","ast-disable-related-posts":"","theme-transparent-header-meta":"default","adv-header-id-meta":"","stick-header-meta":"","header-above-stick-meta":"","header-main-stick-meta":"","header-below-stick-meta":"","astra-migrate-meta-layouts":"default","ast-page-background-enabled":"default","ast-page-background-meta":{"desktop":{"background-color":"var(--ast-global-color-4)","background-image":"","background-repeat":"repeat","background-position":"center center","background-size":"auto","background-attachment":"scroll","background-type":"","background-media":"","overlay-type":"","overlay-color":"","overlay-opacity":"","overlay-gradient":""},"tablet":{"background-color":"","background-image":"","background-repeat":"repeat","background-position":"center center","background-size":"auto","background-attachment":"scroll","background-type":"","background-media":"","overlay-type":"","overlay-color":"","overlay-opacity":"","overlay-gradient":""},"mobile":{"background-color":"","background-image":"","background-repeat":"repeat","background-position":"center center","background-size":"auto","background-attachment":"scroll","background-type":"","background-media":"","overlay-type":"","overlay-color":"","overlay-opacity":"","overlay-gradient":""}},"ast-content-background-meta":{"desktop":{"background-color":"var(--ast-global-color-5)","background-image":"","background-repeat":"repeat","background-position":"center center","background-size":"auto","background-attachment":"scroll","background-type":"","background-media":"","overlay-type":"","overlay-color":"","overlay-opacity":"","overlay-gradient":""},"tablet":{"background-color":"var(--ast-global-color-5)","background-image":"","background-repeat":"repeat","background-position":"center center","background-size":"auto","background-attachment":"scroll","background-type":"","background-media":"","overlay-type":"","overlay-color":"","overlay-opacity":"","overlay-gradient":""},"mobile":{"background-color":"var(--ast-global-color-5)","background-image":"","background-repeat":"repeat","background-position":"center center","background-size":"auto","background-attachment":"scroll","background-type":"","background-media":"","overlay-type":"","overlay-color":"","overlay-opacity":"","overlay-gradient":""}},"footnotes":""},"page-categories":[],"class_list":["post-7909","page","type-page","status-publish","hentry"],"_links":{"self":[{"href":"https:\/\/kiosque.acadienouvelle.com\/semaine-soins-infirmiers-2026\/wp-json\/wp\/v2\/pages\/7909","targetHints":{"allow":["GET"]}}],"collection":[{"href":"https:\/\/kiosque.acadienouvelle.com\/semaine-soins-infirmiers-2026\/wp-json\/wp\/v2\/pages"}],"about":[{"href":"https:\/\/kiosque.acadienouvelle.com\/semaine-soins-infirmiers-2026\/wp-json\/wp\/v2\/types\/page"}],"author":[{"embeddable":true,"href":"https:\/\/kiosque.acadienouvelle.com\/semaine-soins-infirmiers-2026\/wp-json\/wp\/v2\/users\/7"}],"replies":[{"embeddable":true,"href":"https:\/\/kiosque.acadienouvelle.com\/semaine-soins-infirmiers-2026\/wp-json\/wp\/v2\/comments?post=7909"}],"version-history":[{"count":25,"href":"https:\/\/kiosque.acadienouvelle.com\/semaine-soins-infirmiers-2026\/wp-json\/wp\/v2\/pages\/7909\/revisions"}],"predecessor-version":[{"id":7936,"href":"https:\/\/kiosque.acadienouvelle.com\/semaine-soins-infirmiers-2026\/wp-json\/wp\/v2\/pages\/7909\/revisions\/7936"}],"wp:attachment":[{"href":"https:\/\/kiosque.acadienouvelle.com\/semaine-soins-infirmiers-2026\/wp-json\/wp\/v2\/media?parent=7909"}],"wp:term":[{"taxonomy":"page-categories","embeddable":true,"href":"https:\/\/kiosque.acadienouvelle.com\/semaine-soins-infirmiers-2026\/wp-json\/wp\/v2\/page-categories?post=7909"}],"curies":[{"name":"wp","href":"https:\/\/api.w.org\/{rel}","templated":true}]}}