{"id":7967,"date":"2026-04-24T18:02:02","date_gmt":"2026-04-24T18:02:02","guid":{"rendered":"https:\/\/kiosque.acadienouvelle.com\/semaine-soins-infirmiers-2026\/pour-rsoudre-la-crise-nationale-en-matire-de-sant\/"},"modified":"2026-04-24T19:30:36","modified_gmt":"2026-04-24T19:30:36","slug":"pour-rsoudre-la-crise-nationale-en-matire-de-sant","status":"publish","type":"page","link":"https:\/\/kiosque.acadienouvelle.com\/semaine-soins-infirmiers-2026\/pour-rsoudre-la-crise-nationale-en-matire-de-sant\/","title":{"rendered":"Pour r\u00e9soudre la crise nationale en mati\u00e8re de sant\u00e9"},"content":{"rendered":"\t\t<div data-elementor-type=\"wp-page\" data-elementor-id=\"7967\" class=\"elementor elementor-7967\" data-elementor-post-type=\"page\">\n\t\t\t\t\t\t<section class=\"elementor-section elementor-top-section elementor-element elementor-element-50c1b6e elementor-section-height-min-height header_title banner_img elementor-section-boxed elementor-section-height-default elementor-section-items-middle\" data-id=\"50c1b6e\" data-element_type=\"section\" data-e-type=\"section\" data-settings=\"{&quot;background_background&quot;:&quot;classic&quot;}\">\n\t\t\t\t\t\t\t<div class=\"elementor-background-overlay\"><\/div>\n\t\t\t\t\t\t\t<div class=\"elementor-container elementor-column-gap-default\">\n\t\t\t\t\t<div class=\"elementor-column elementor-col-100 elementor-top-column elementor-element elementor-element-3a2d241\" data-id=\"3a2d241\" data-element_type=\"column\" data-e-type=\"column\">\n\t\t\t<div class=\"elementor-widget-wrap elementor-element-populated\">\n\t\t\t\t\t\t<div class=\"elementor-element elementor-element-9673cd2 elementor-widget elementor-widget-heading\" data-id=\"9673cd2\" data-element_type=\"widget\" data-e-type=\"widget\" data-widget_type=\"heading.default\">\n\t\t\t\t<div class=\"elementor-widget-container\">\n\t\t\t\t\t<h2 class=\"elementor-heading-title elementor-size-default\">Pour r\u00e9soudre la crise nationale en mati\u00e8re de sant\u00e9\n<\/h2>\t\t\t\t<\/div>\n\t\t\t\t<\/div>\n\t\t\t\t\t<\/div>\n\t\t<\/div>\n\t\t\t\t\t<\/div>\n\t\t<\/section>\n\t\t\t\t<section class=\"elementor-section elementor-top-section elementor-element elementor-element-d9a853a elementor-section-boxed elementor-section-height-default elementor-section-height-default\" data-id=\"d9a853a\" data-element_type=\"section\" data-e-type=\"section\">\n\t\t\t\t\t\t<div class=\"elementor-container elementor-column-gap-default\">\n\t\t\t\t\t<div class=\"elementor-column elementor-col-100 elementor-top-column elementor-element elementor-element-68d9c5a page_contain\" data-id=\"68d9c5a\" data-element_type=\"column\" data-e-type=\"column\" data-settings=\"{&quot;background_background&quot;:&quot;classic&quot;}\">\n\t\t\t<div class=\"elementor-widget-wrap elementor-element-populated\">\n\t\t\t\t<link rel=\"stylesheet\" href=\"https:\/\/use.fontawesome.com\/releases\/v5.5.0\/css\/all.css\" integrity=\"sha384-B4dIYHKNBt8Bc12p+WXckhzcICo0wtJAoU8YZTY5qE0Id1GSseTk6S+L3BlXeVIU\" crossorigin=\"anonymous\">\r\n\t\t<div class=\"elementor-element elementor-element-d0a0a3b mobile_pera elementor-widget elementor-widget-text-editor\" data-id=\"d0a0a3b\" data-element_type=\"widget\" data-e-type=\"widget\" data-widget_type=\"text-editor.default\">\n\t\t\t\t<div class=\"elementor-widget-container\">\n\t\t\t\t\t\t\t\t\t<p><i><b>Mme Silas : \u00ab La crise dans le domaine des soins de sant\u00e9 n\u2019est pas un probl\u00e8me local, c\u2019est une crise nationale, et elle exige un leadership audacieux de la part du gouvernement f\u00e9d\u00e9ral. \u00bb<\/b><\/i><\/p>\t\t\t\t\t\t\t\t<\/div>\n\t\t\t\t<\/div>\n\t\t\t\t<div class=\"elementor-element elementor-element-50f1f9b elementor-widget elementor-widget-image\" data-id=\"50f1f9b\" data-element_type=\"widget\" data-e-type=\"widget\" data-widget_type=\"image.default\">\n\t\t\t\t<div class=\"elementor-widget-container\">\n\t\t\t\t\t\t\t\t\t\t\t\t<figure class=\"wp-caption\">\n\t\t\t\t\t\t\t\t\t\t<img fetchpriority=\"high\" decoding=\"async\" width=\"1366\" height=\"768\" src=\"https:\/\/kiosque.acadienouvelle.com\/semaine-soins-infirmiers-2026\/wp-content\/uploads\/sites\/397\/2026\/04\/7-Linda_landing.jpg\" class=\"attachment-full size-full wp-image-7972\" alt=\"\" srcset=\"https:\/\/kiosque.acadienouvelle.com\/semaine-soins-infirmiers-2026\/wp-content\/uploads\/sites\/397\/2026\/04\/7-Linda_landing.jpg 1366w, https:\/\/kiosque.acadienouvelle.com\/semaine-soins-infirmiers-2026\/wp-content\/uploads\/sites\/397\/2026\/04\/7-Linda_landing-300x169.jpg 300w, https:\/\/kiosque.acadienouvelle.com\/semaine-soins-infirmiers-2026\/wp-content\/uploads\/sites\/397\/2026\/04\/7-Linda_landing-1024x576.jpg 1024w, https:\/\/kiosque.acadienouvelle.com\/semaine-soins-infirmiers-2026\/wp-content\/uploads\/sites\/397\/2026\/04\/7-Linda_landing-768x432.jpg 768w\" sizes=\"(max-width: 1366px) 100vw, 1366px\" \/>\t\t\t\t\t\t\t\t\t\t\t<figcaption class=\"widget-image-caption wp-caption-text\">Linda Silas.<\/figcaption>\n\t\t\t\t\t\t\t\t\t\t<\/figure>\n\t\t\t\t\t\t\t\t\t<\/div>\n\t\t\t\t<\/div>\n\t\t\t\t<div class=\"elementor-element elementor-element-8c124cc mobile_pera elementor-widget elementor-widget-text-editor\" data-id=\"8c124cc\" data-element_type=\"widget\" data-e-type=\"widget\" data-widget_type=\"text-editor.default\">\n\t\t\t\t<div class=\"elementor-widget-container\">\n\t\t\t\t\t\t\t\t\t<p>Au mois de f\u00e9vrier dernier, les dirigeants syndicaux des infirmi\u00e8res et infirmiers de partout au pays se sont rendus \u00e0 la colline du Parlement pour la journ\u00e9e de lobbying de la F\u00e9d\u00e9ration canadienne des syndicats d\u2019infirmi\u00e8res et infirmiers (FCSII), abordant les principaux d\u00e9fis auxquels fait face le personnel infirmier de partout au pays. Lors de plus de 25 r\u00e9unions avec des d\u00e9put\u00e9s et des s\u00e9nateurs, les infirmi\u00e8res et infirmiers ont fait pression pour que le gouvernement f\u00e9d\u00e9ral r\u00e9solve de fa\u00e7on significative la crise nationale en mati\u00e8re de soins de sant\u00e9.<\/p>\t\t\t\t\t\t\t\t<\/div>\n\t\t\t\t<\/div>\n\t\t\t\t<div class=\"elementor-element elementor-element-9bd0282 elementor-widget elementor-widget-advertisement\" data-id=\"9bd0282\" data-element_type=\"widget\" data-e-type=\"widget\" data-widget_type=\"advertisement.default\">\n\t\t\t\t<div class=\"elementor-widget-container\">\n\t\t\t\t\t<div class=\"ads-align-center\"><div style=\"min-width:300px\"  data-m32-ad data-options='{\"sizes\":\"[[300,250]]\",\"dfpId\":\"21658289790,27729547\",\"dfpAdUnitPath\":\"acadienouvelle\/cahiers_quarterpage_300x250\"}'><\/div><\/div>\t\t\t\t<\/div>\n\t\t\t\t<\/div>\n\t\t\t\t<div class=\"elementor-element elementor-element-ce2d778 mobile_pera elementor-widget elementor-widget-text-editor\" data-id=\"ce2d778\" data-element_type=\"widget\" data-e-type=\"widget\" data-widget_type=\"text-editor.default\">\n\t\t\t\t<div class=\"elementor-widget-container\">\n\t\t\t\t\t\t\t\t\t<p>\u00ab Tous les jours, les infirmi\u00e8res et infirmiers sont confront\u00e9s \u00e0 la violence, \u00e0 une dotation dangereuse et \u00e0 un syst\u00e8me de soins de sant\u00e9 qui continue de demander plus aux travailleurs de la sant\u00e9 tout en donnant moins. La crise dans le domaine des soins de sant\u00e9 n\u2019est pas un probl\u00e8me local, c\u2019est une crise nationale, et elle exige un leadership f\u00e9d\u00e9ral, \u00bb a expliqu\u00e9 Linda Silas, pr\u00e9sidente de la FCSII. \u00ab La collaboration entre les administrations est essentielle \u00e0 l\u2019am\u00e9lioration des conditions de travail en soins de sant\u00e9 et \u00e0 la r\u00e9solution de cette crise. \u00bb<\/p>\t\t\t\t\t\t\t\t<\/div>\n\t\t\t\t<\/div>\n\t\t\t\t<div class=\"elementor-element elementor-element-0b6ad93 mobile_pera elementor-widget elementor-widget-text-editor\" data-id=\"0b6ad93\" data-element_type=\"widget\" data-e-type=\"widget\" data-widget_type=\"text-editor.default\">\n\t\t\t\t<div class=\"elementor-widget-container\">\n\t\t\t\t\t\t\t\t\t<p><b>Quatre domaines cl\u00e9s<\/b><\/p>\t\t\t\t\t\t\t\t<\/div>\n\t\t\t\t<\/div>\n\t\t\t\t<div class=\"elementor-element elementor-element-15f4046 mobile_pera elementor-widget elementor-widget-text-editor\" data-id=\"15f4046\" data-element_type=\"widget\" data-e-type=\"widget\" data-widget_type=\"text-editor.default\">\n\t\t\t\t<div class=\"elementor-widget-container\">\n\t\t\t\t\t\t\t\t\t<p>Les infirmi\u00e8res et infirmiers ont plaid\u00e9 leur cause, ont propos\u00e9 des solutions et exig\u00e9 des mesures dans quatre domaines cl\u00e9s : la violence croissante et la s\u00e9curit\u00e9 du personnel infirmier, la p\u00e9nurie persistante de personnel infirmier, la privatisation des soins de sant\u00e9 et l\u2019\u00e9quit\u00e9 en sant\u00e9 autochtone. La FCSII demande au gouvernement f\u00e9d\u00e9ral de sortir le Canada de la crise actuelle dans le domaine des soins de sant\u00e9 en mettant en \u0153uvre des solutions cl\u00e9s, notamment :<\/p>\t\t\t\t\t\t\t\t<\/div>\n\t\t\t\t<\/div>\n\t\t\t\t<div class=\"elementor-element elementor-element-74263c8 mobile_pera elementor-widget elementor-widget-text-editor\" data-id=\"74263c8\" data-element_type=\"widget\" data-e-type=\"widget\" data-widget_type=\"text-editor.default\">\n\t\t\t\t<div class=\"elementor-widget-container\">\n\t\t\t\t\t\t\t\t\t<p>\u2022 Veiller \u00e0 ce que des am\u00e9liorations de l\u2019infrastructure soient apport\u00e9es pour prot\u00e9ger les travailleurs de la sant\u00e9 et am\u00e9liorer la s\u00e9curit\u00e9 dans le cadre du Fonds pour les infrastructures dans le domaine de la sant\u00e9; utiliser des accords conditionnels de financement en sant\u00e9 pour exiger des provinces et des territoires qu\u2019ils incluent des ratios infirmi\u00e8res-patients s\u00e9curitaires dans les strat\u00e9gies de ressources humaines en sant\u00e9; suivre et financer les recommandations contenues dans la <em><strong>Bo\u00eete \u00e0 outils pour la r\u00e9tention des effectifs infirmiers<\/strong><\/em> de l\u2019infirmi\u00e8re en chef du Canada; interdire l\u2019utilisation du financement f\u00e9d\u00e9ral en sant\u00e9 pour des initiatives priv\u00e9es en soins de sant\u00e9.<\/p>\t\t\t\t\t\t\t\t<\/div>\n\t\t\t\t<\/div>\n\t\t\t\t<div class=\"elementor-element elementor-element-6fce75b mobile_pera elementor-widget elementor-widget-text-editor\" data-id=\"6fce75b\" data-element_type=\"widget\" data-e-type=\"widget\" data-widget_type=\"text-editor.default\">\n\t\t\t\t<div class=\"elementor-widget-container\">\n\t\t\t\t\t\t\t\t\t<p>\u00ab L\u2019acc\u00e8s aux soins est une priorit\u00e9 pour les Canadiens, des soins de sant\u00e9 primaires aux longs temps d\u2019attente pour l\u2019aide urgente dont les gens ont besoin. Les infirmi\u00e8res et infirmiers disposent de solutions fond\u00e9es sur des donn\u00e9es probantes pour relever ces d\u00e9fis et sont pr\u00eats \u00e0 travailler avec les d\u00e9cideurs pour d\u00e9fendre ce projet crucial d\u2019\u00e9dification de la nation et am\u00e9liorer notre syst\u00e8me de sant\u00e9 public et l\u2019acc\u00e8s aux soins pour tous \u00bb, conclut Mme Silas.<\/p>\t\t\t\t\t\t\t\t<\/div>\n\t\t\t\t<\/div>\n\t\t\t\t<div class=\"elementor-element elementor-element-e1581ba mobile_pera elementor-widget elementor-widget-text-editor\" data-id=\"e1581ba\" data-element_type=\"widget\" data-e-type=\"widget\" data-widget_type=\"text-editor.default\">\n\t\t\t\t<div class=\"elementor-widget-container\">\n\t\t\t\t\t\t\t\t\t<p><img decoding=\"async\" class=\"alignleft size-full wp-image-7986\" src=\"https:\/\/kiosque.acadienouvelle.com\/semaine-soins-infirmiers-2026\/wp-content\/uploads\/sites\/397\/2026\/04\/7-Photo_2.jpg\" alt=\"\" width=\"1366\" height=\"768\" srcset=\"https:\/\/kiosque.acadienouvelle.com\/semaine-soins-infirmiers-2026\/wp-content\/uploads\/sites\/397\/2026\/04\/7-Photo_2.jpg 1366w, https:\/\/kiosque.acadienouvelle.com\/semaine-soins-infirmiers-2026\/wp-content\/uploads\/sites\/397\/2026\/04\/7-Photo_2-300x169.jpg 300w, https:\/\/kiosque.acadienouvelle.com\/semaine-soins-infirmiers-2026\/wp-content\/uploads\/sites\/397\/2026\/04\/7-Photo_2-1024x576.jpg 1024w, https:\/\/kiosque.acadienouvelle.com\/semaine-soins-infirmiers-2026\/wp-content\/uploads\/sites\/397\/2026\/04\/7-Photo_2-768x432.jpg 768w\" sizes=\"(max-width: 1366px) 100vw, 1366px\" \/><\/p>\t\t\t\t\t\t\t\t<\/div>\n\t\t\t\t<\/div>\n\t\t\t\t\t<\/div>\n\t\t<\/div>\n\t\t\t\t\t<\/div>\n\t\t<\/section>\n\t\t\t\t<\/div>\n\t\t","protected":false},"excerpt":{"rendered":"<p>Pour r\u00e9soudre la crise nationale en mati\u00e8re de sant\u00e9 Mme Silas : \u00ab La crise dans le domaine des soins de sant\u00e9 n\u2019est pas un probl\u00e8me local, c\u2019est une crise nationale, et elle exige un leadership audacieux de la part du gouvernement f\u00e9d\u00e9ral. \u00bb Linda Silas. Au mois de f\u00e9vrier dernier, les dirigeants syndicaux des [&hellip;]<\/p>\n","protected":false},"author":7,"featured_media":0,"parent":0,"menu_order":7,"comment_status":"closed","ping_status":"closed","template":"","meta":{"site-sidebar-layout":"no-sidebar","site-content-layout":"page-builder","ast-site-content-layout":"default","site-content-style":"default","site-sidebar-style":"default","ast-global-header-display":"","ast-banner-title-visibility":"","ast-main-header-display":"","ast-hfb-above-header-display":"","ast-hfb-below-header-display":"","ast-hfb-mobile-header-display":"","site-post-title":"disabled","ast-breadcrumbs-content":"","ast-featured-img":"disabled","footer-sml-layout":"","ast-disable-related-posts":"","theme-transparent-header-meta":"default","adv-header-id-meta":"","stick-header-meta":"","header-above-stick-meta":"","header-main-stick-meta":"","header-below-stick-meta":"","astra-migrate-meta-layouts":"default","ast-page-background-enabled":"default","ast-page-background-meta":{"desktop":{"background-color":"var(--ast-global-color-4)","background-image":"","background-repeat":"repeat","background-position":"center center","background-size":"auto","background-attachment":"scroll","background-type":"","background-media":"","overlay-type":"","overlay-color":"","overlay-opacity":"","overlay-gradient":""},"tablet":{"background-color":"","background-image":"","background-repeat":"repeat","background-position":"center center","background-size":"auto","background-attachment":"scroll","background-type":"","background-media":"","overlay-type":"","overlay-color":"","overlay-opacity":"","overlay-gradient":""},"mobile":{"background-color":"","background-image":"","background-repeat":"repeat","background-position":"center center","background-size":"auto","background-attachment":"scroll","background-type":"","background-media":"","overlay-type":"","overlay-color":"","overlay-opacity":"","overlay-gradient":""}},"ast-content-background-meta":{"desktop":{"background-color":"var(--ast-global-color-5)","background-image":"","background-repeat":"repeat","background-position":"center center","background-size":"auto","background-attachment":"scroll","background-type":"","background-media":"","overlay-type":"","overlay-color":"","overlay-opacity":"","overlay-gradient":""},"tablet":{"background-color":"var(--ast-global-color-5)","background-image":"","background-repeat":"repeat","background-position":"center center","background-size":"auto","background-attachment":"scroll","background-type":"","background-media":"","overlay-type":"","overlay-color":"","overlay-opacity":"","overlay-gradient":""},"mobile":{"background-color":"var(--ast-global-color-5)","background-image":"","background-repeat":"repeat","background-position":"center center","background-size":"auto","background-attachment":"scroll","background-type":"","background-media":"","overlay-type":"","overlay-color":"","overlay-opacity":"","overlay-gradient":""}},"footnotes":""},"page-categories":[],"class_list":["post-7967","page","type-page","status-publish","hentry"],"_links":{"self":[{"href":"https:\/\/kiosque.acadienouvelle.com\/semaine-soins-infirmiers-2026\/wp-json\/wp\/v2\/pages\/7967","targetHints":{"allow":["GET"]}}],"collection":[{"href":"https:\/\/kiosque.acadienouvelle.com\/semaine-soins-infirmiers-2026\/wp-json\/wp\/v2\/pages"}],"about":[{"href":"https:\/\/kiosque.acadienouvelle.com\/semaine-soins-infirmiers-2026\/wp-json\/wp\/v2\/types\/page"}],"author":[{"embeddable":true,"href":"https:\/\/kiosque.acadienouvelle.com\/semaine-soins-infirmiers-2026\/wp-json\/wp\/v2\/users\/7"}],"replies":[{"embeddable":true,"href":"https:\/\/kiosque.acadienouvelle.com\/semaine-soins-infirmiers-2026\/wp-json\/wp\/v2\/comments?post=7967"}],"version-history":[{"count":22,"href":"https:\/\/kiosque.acadienouvelle.com\/semaine-soins-infirmiers-2026\/wp-json\/wp\/v2\/pages\/7967\/revisions"}],"predecessor-version":[{"id":7992,"href":"https:\/\/kiosque.acadienouvelle.com\/semaine-soins-infirmiers-2026\/wp-json\/wp\/v2\/pages\/7967\/revisions\/7992"}],"wp:attachment":[{"href":"https:\/\/kiosque.acadienouvelle.com\/semaine-soins-infirmiers-2026\/wp-json\/wp\/v2\/media?parent=7967"}],"wp:term":[{"taxonomy":"page-categories","embeddable":true,"href":"https:\/\/kiosque.acadienouvelle.com\/semaine-soins-infirmiers-2026\/wp-json\/wp\/v2\/page-categories?post=7967"}],"curies":[{"name":"wp","href":"https:\/\/api.w.org\/{rel}","templated":true}]}}