{"id":7996,"date":"2026-04-24T19:34:20","date_gmt":"2026-04-24T19:34:20","guid":{"rendered":"https:\/\/kiosque.acadienouvelle.com\/semaine-soins-infirmiers-2026\/rencontre-historique-winnipeg-en-septembre-prochain\/"},"modified":"2026-04-24T19:43:44","modified_gmt":"2026-04-24T19:43:44","slug":"rencontre-historique-winnipeg-en-septembre-prochain","status":"publish","type":"page","link":"https:\/\/kiosque.acadienouvelle.com\/semaine-soins-infirmiers-2026\/rencontre-historique-winnipeg-en-septembre-prochain\/","title":{"rendered":"Rencontre historique \u00e0 Winnipeg en septembre prochain\u2009!"},"content":{"rendered":"\t\t<div data-elementor-type=\"wp-page\" data-elementor-id=\"7996\" class=\"elementor elementor-7996\" data-elementor-post-type=\"page\">\n\t\t\t\t\t\t<section class=\"elementor-section elementor-top-section elementor-element elementor-element-50c1b6e elementor-section-height-min-height header_title banner_img elementor-section-boxed elementor-section-height-default elementor-section-items-middle\" data-id=\"50c1b6e\" data-element_type=\"section\" data-e-type=\"section\" data-settings=\"{&quot;background_background&quot;:&quot;classic&quot;}\">\n\t\t\t\t\t\t\t<div class=\"elementor-background-overlay\"><\/div>\n\t\t\t\t\t\t\t<div class=\"elementor-container elementor-column-gap-default\">\n\t\t\t\t\t<div class=\"elementor-column elementor-col-100 elementor-top-column elementor-element elementor-element-3a2d241\" data-id=\"3a2d241\" data-element_type=\"column\" data-e-type=\"column\">\n\t\t\t<div class=\"elementor-widget-wrap elementor-element-populated\">\n\t\t\t\t\t\t<div class=\"elementor-element elementor-element-9673cd2 elementor-widget elementor-widget-heading\" data-id=\"9673cd2\" data-element_type=\"widget\" data-e-type=\"widget\" data-widget_type=\"heading.default\">\n\t\t\t\t<div class=\"elementor-widget-container\">\n\t\t\t\t\t<h2 class=\"elementor-heading-title elementor-size-default\">Rencontre historique \u00e0 Winnipeg en septembre prochain\u2009!<\/h2>\t\t\t\t<\/div>\n\t\t\t\t<\/div>\n\t\t\t\t\t<\/div>\n\t\t<\/div>\n\t\t\t\t\t<\/div>\n\t\t<\/section>\n\t\t\t\t<section class=\"elementor-section elementor-top-section elementor-element elementor-element-d9a853a elementor-section-boxed elementor-section-height-default elementor-section-height-default\" data-id=\"d9a853a\" data-element_type=\"section\" data-e-type=\"section\">\n\t\t\t\t\t\t<div class=\"elementor-container elementor-column-gap-default\">\n\t\t\t\t\t<div class=\"elementor-column elementor-col-100 elementor-top-column elementor-element elementor-element-68d9c5a page_contain\" data-id=\"68d9c5a\" data-element_type=\"column\" data-e-type=\"column\" data-settings=\"{&quot;background_background&quot;:&quot;classic&quot;}\">\n\t\t\t<div class=\"elementor-widget-wrap elementor-element-populated\">\n\t\t\t\t\t\t<div class=\"elementor-element elementor-element-50f1f9b elementor-widget elementor-widget-image\" data-id=\"50f1f9b\" data-element_type=\"widget\" data-e-type=\"widget\" data-widget_type=\"image.default\">\n\t\t\t\t<div class=\"elementor-widget-container\">\n\t\t\t\t\t\t\t\t\t\t\t\t<figure class=\"wp-caption\">\n\t\t\t\t\t\t\t\t\t\t<img fetchpriority=\"high\" decoding=\"async\" width=\"1366\" height=\"768\" src=\"https:\/\/kiosque.acadienouvelle.com\/semaine-soins-infirmiers-2026\/wp-content\/uploads\/sites\/397\/2026\/04\/8-Winnipeg_landing.jpg\" class=\"attachment-full size-full wp-image-8004\" alt=\"\" srcset=\"https:\/\/kiosque.acadienouvelle.com\/semaine-soins-infirmiers-2026\/wp-content\/uploads\/sites\/397\/2026\/04\/8-Winnipeg_landing.jpg 1366w, https:\/\/kiosque.acadienouvelle.com\/semaine-soins-infirmiers-2026\/wp-content\/uploads\/sites\/397\/2026\/04\/8-Winnipeg_landing-300x169.jpg 300w, https:\/\/kiosque.acadienouvelle.com\/semaine-soins-infirmiers-2026\/wp-content\/uploads\/sites\/397\/2026\/04\/8-Winnipeg_landing-1024x576.jpg 1024w, https:\/\/kiosque.acadienouvelle.com\/semaine-soins-infirmiers-2026\/wp-content\/uploads\/sites\/397\/2026\/04\/8-Winnipeg_landing-768x432.jpg 768w\" sizes=\"(max-width: 1366px) 100vw, 1366px\" \/>\t\t\t\t\t\t\t\t\t\t\t<figcaption class=\"widget-image-caption wp-caption-text\"><\/figcaption>\n\t\t\t\t\t\t\t\t\t\t<\/figure>\n\t\t\t\t\t\t\t\t\t<\/div>\n\t\t\t\t<\/div>\n\t\t<link rel=\"stylesheet\" href=\"https:\/\/use.fontawesome.com\/releases\/v5.5.0\/css\/all.css\" integrity=\"sha384-B4dIYHKNBt8Bc12p+WXckhzcICo0wtJAoU8YZTY5qE0Id1GSseTk6S+L3BlXeVIU\" crossorigin=\"anonymous\">\r\n\t\t<div class=\"elementor-element elementor-element-d0a0a3b mobile_pera elementor-widget elementor-widget-text-editor\" data-id=\"d0a0a3b\" data-element_type=\"widget\" data-e-type=\"widget\" data-widget_type=\"text-editor.default\">\n\t\t\t\t<div class=\"elementor-widget-container\">\n\t\t\t\t\t\t\t\t\t<p>\u00ab Un moment historique en 2026 sera la premi\u00e8re conf\u00e9rence nationale de l\u2019AIIC en huit ans qui se d\u00e9roulera du 21 au 23 septembre 2026, \u00e0 Winnipeg, au Manitoba, sur le territoire du Trait\u00e9 no 1. Ce rassemblement repr\u00e9sente plus qu\u2019un retour aux rencontres en personne \u2014 c\u2019est un appel national \u00e0 l\u2019action \u00bb, a d\u00e9clar\u00e9 la directrice g\u00e9n\u00e9rale de l\u2019Association des infirmi\u00e8res et infirmiers du Canada, Valerie Grdisa.<\/p>\t\t\t\t\t\t\t\t<\/div>\n\t\t\t\t<\/div>\n\t\t\t\t<div class=\"elementor-element elementor-element-d7875a9 elementor-widget elementor-widget-advertisement\" data-id=\"d7875a9\" data-element_type=\"widget\" data-e-type=\"widget\" data-widget_type=\"advertisement.default\">\n\t\t\t\t<div class=\"elementor-widget-container\">\n\t\t\t\t\t<div class=\"ads-align-center\"><div style=\"min-width:320px\"  data-m32-ad data-options='{\"sizes\":\"[[320,480]]\",\"dfpId\":\"21658289790,27729547\",\"dfpAdUnitPath\":\"acadienouvelle\/cahiers_halfpage_320x480\"}'><\/div><\/div>\t\t\t\t<\/div>\n\t\t\t\t<\/div>\n\t\t\t\t<div class=\"elementor-element elementor-element-74263c8 mobile_pera elementor-widget elementor-widget-text-editor\" data-id=\"74263c8\" data-element_type=\"widget\" data-e-type=\"widget\" data-widget_type=\"text-editor.default\">\n\t\t\t\t<div class=\"elementor-widget-container\">\n\t\t\t\t\t\t\t\t\t<p>Sous le th\u00e8me Le pouvoir des infirmi\u00e8res et infirmiers de transformer la sant\u00e9 \u2014 notre expertise, nos impacts, la conf\u00e9rence r\u00e9unira des infirmi\u00e8res et infirmiers en soins directs et praticiens, des \u00e9ducateurs, des chercheurs, des d\u00e9cideurs, des dirigeants du syst\u00e8me, des \u00e9tudiants, des infirmi\u00e8res et infirmiers form\u00e9s \u00e0 l\u2019\u00e9tranger et des partenaires de partout au pays.<\/p>\t\t\t\t\t\t\t\t<\/div>\n\t\t\t\t<\/div>\n\t\t\t\t<div class=\"elementor-element elementor-element-0b6ad93 mobile_pera elementor-widget elementor-widget-text-editor\" data-id=\"0b6ad93\" data-element_type=\"widget\" data-e-type=\"widget\" data-widget_type=\"text-editor.default\">\n\t\t\t\t<div class=\"elementor-widget-container\">\n\t\t\t\t\t\t\t\t\t<p><b>Mettre en valeur la profession<\/b><\/p>\t\t\t\t\t\t\t\t<\/div>\n\t\t\t\t<\/div>\n\t\t\t\t<div class=\"elementor-element elementor-element-666ef5f mobile_pera elementor-widget elementor-widget-text-editor\" data-id=\"666ef5f\" data-element_type=\"widget\" data-e-type=\"widget\" data-widget_type=\"text-editor.default\">\n\t\t\t\t<div class=\"elementor-widget-container\">\n\t\t\t\t\t\t\t\t\t<p>Dans des volets portant sur la pratique \u00e9thique, l\u2019innovation dirig\u00e9e par des infirmi\u00e8res et infirmiers, les soins en \u00e9quipe, le bien-\u00eatre des effectifs et la r\u00e9forme du syst\u00e8me de soins de sant\u00e9, nous mettrons en valeur la fa\u00e7on dont les infirmi\u00e8res et infirmiers apportent des solutions, fa\u00e7onnent les politiques et transforment les soins dans tous les milieux, secteurs et communaut\u00e9s.<\/p>\t\t\t\t\t\t\t\t<\/div>\n\t\t\t\t<\/div>\n\t\t\t\t<div class=\"elementor-element elementor-element-70a4592 mobile_pera elementor-widget elementor-widget-text-editor\" data-id=\"70a4592\" data-element_type=\"widget\" data-e-type=\"widget\" data-widget_type=\"text-editor.default\">\n\t\t\t\t<div class=\"elementor-widget-container\">\n\t\t\t\t\t\t\t\t\t<p>\u00ab Nous remercions particuli\u00e8rement les repr\u00e9sentants du comit\u00e9 de planification de la conf\u00e9rence et les autres partenaires qui ont contribu\u00e9 \u00e0 cet \u00e9v\u00e9nement marquant. Nous reconnaissons \u00e9galement nos partenaires des Premi\u00e8res Nations, des Inuits et des M\u00e9tis, les communaut\u00e9s racis\u00e9es et les Fellows de l\u2019Acad\u00e9mie canadienne des sciences infirmi\u00e8res qui ont offert de leur temps pour \u00e9valuer les soumissions de CV \u00bb, a indiqu\u00e9 Mme Grdisa.<\/p>\t\t\t\t\t\t\t\t<\/div>\n\t\t\t\t<\/div>\n\t\t\t\t<div class=\"elementor-element elementor-element-0397f5c mobile_pera elementor-widget elementor-widget-text-editor\" data-id=\"0397f5c\" data-element_type=\"widget\" data-e-type=\"widget\" data-widget_type=\"text-editor.default\">\n\t\t\t\t<div class=\"elementor-widget-container\">\n\t\t\t\t\t\t\t\t\t<p>Source : Association des infirmi\u00e8res et infirmiers du Canada<\/p>\t\t\t\t\t\t\t\t<\/div>\n\t\t\t\t<\/div>\n\t\t\t\t<div class=\"elementor-element elementor-element-166374c box_pera elementor-widget elementor-widget-text-editor\" data-id=\"166374c\" data-element_type=\"widget\" data-e-type=\"widget\" data-widget_type=\"text-editor.default\">\n\t\t\t\t<div class=\"elementor-widget-container\">\n\t\t\t\t\t\t\t\t\t<h1>Hommage \u00e0 Florence Nightingale<b>\u00a0<br \/><\/b><\/h1><div><h1 style=\"font-style: normal;\"><img decoding=\"async\" class=\"alignleft size-full wp-image-8017\" src=\"https:\/\/kiosque.acadienouvelle.com\/semaine-soins-infirmiers-2026\/wp-content\/uploads\/sites\/397\/2026\/04\/8-photo_2.jpg\" alt=\"\" width=\"1366\" height=\"768\" srcset=\"https:\/\/kiosque.acadienouvelle.com\/semaine-soins-infirmiers-2026\/wp-content\/uploads\/sites\/397\/2026\/04\/8-photo_2.jpg 1366w, https:\/\/kiosque.acadienouvelle.com\/semaine-soins-infirmiers-2026\/wp-content\/uploads\/sites\/397\/2026\/04\/8-photo_2-300x169.jpg 300w, https:\/\/kiosque.acadienouvelle.com\/semaine-soins-infirmiers-2026\/wp-content\/uploads\/sites\/397\/2026\/04\/8-photo_2-1024x576.jpg 1024w, https:\/\/kiosque.acadienouvelle.com\/semaine-soins-infirmiers-2026\/wp-content\/uploads\/sites\/397\/2026\/04\/8-photo_2-768x432.jpg 768w\" sizes=\"(max-width: 1366px) 100vw, 1366px\" \/><\/h1><p>\u00a0<\/p><\/div><div><b>\u00a0<\/b><\/div><p>Elle est n\u00e9e le 12 mai 1820 \u00e0 Florence (Grand-duch\u00e9 de Toscane) et est d\u00e9c\u00e9d\u00e9e le 13 ao\u00fbt 1910 \u00e0 Mayfair (Royaume-Uni). Cette infirmi\u00e8re britannique est reconnue comme la pionni\u00e8re des soins infirmiers modernes et de l\u2019utilisation des statistiques dans le domaine de la sant\u00e9. Les soins infirmiers (nursing) repr\u00e9sentent la contribution la plus importante de Florence Nightingale, fondatrice des soins infirmiers comme discipline scientifique. Selon William Bynum (en), la \u00ab Nightingale revolution \u00bb repose sur trois avanc\u00e9es majeures.<\/p><p><span style=\"color: var( --e-global-color-text ); font-style: inherit; font-weight: inherit;\">\u00a0<\/span><\/p><p><b>Pour tout savoir sur l\u2019oeuvre magistrale de Mme Nightingale : https:\/\/fr.wikipedia.org<\/b><\/p>\t\t\t\t\t\t\t\t<\/div>\n\t\t\t\t<\/div>\n\t\t\t\t\t<\/div>\n\t\t<\/div>\n\t\t\t\t\t<\/div>\n\t\t<\/section>\n\t\t\t\t<\/div>\n\t\t","protected":false},"excerpt":{"rendered":"<p>Rencontre historique \u00e0 Winnipeg en septembre prochain\u2009! \u00ab Un moment historique en 2026 sera la premi\u00e8re conf\u00e9rence nationale de l\u2019AIIC en huit ans qui se d\u00e9roulera du 21 au 23 septembre 2026, \u00e0 Winnipeg, au Manitoba, sur le territoire du Trait\u00e9 no 1. Ce rassemblement repr\u00e9sente plus qu\u2019un retour aux rencontres en personne \u2014 c\u2019est [&hellip;]<\/p>\n","protected":false},"author":7,"featured_media":0,"parent":0,"menu_order":8,"comment_status":"closed","ping_status":"closed","template":"","meta":{"site-sidebar-layout":"no-sidebar","site-content-layout":"page-builder","ast-site-content-layout":"default","site-content-style":"default","site-sidebar-style":"default","ast-global-header-display":"","ast-banner-title-visibility":"","ast-main-header-display":"","ast-hfb-above-header-display":"","ast-hfb-below-header-display":"","ast-hfb-mobile-header-display":"","site-post-title":"disabled","ast-breadcrumbs-content":"","ast-featured-img":"disabled","footer-sml-layout":"","ast-disable-related-posts":"","theme-transparent-header-meta":"default","adv-header-id-meta":"","stick-header-meta":"","header-above-stick-meta":"","header-main-stick-meta":"","header-below-stick-meta":"","astra-migrate-meta-layouts":"default","ast-page-background-enabled":"default","ast-page-background-meta":{"desktop":{"background-color":"var(--ast-global-color-4)","background-image":"","background-repeat":"repeat","background-position":"center center","background-size":"auto","background-attachment":"scroll","background-type":"","background-media":"","overlay-type":"","overlay-color":"","overlay-opacity":"","overlay-gradient":""},"tablet":{"background-color":"","background-image":"","background-repeat":"repeat","background-position":"center center","background-size":"auto","background-attachment":"scroll","background-type":"","background-media":"","overlay-type":"","overlay-color":"","overlay-opacity":"","overlay-gradient":""},"mobile":{"background-color":"","background-image":"","background-repeat":"repeat","background-position":"center center","background-size":"auto","background-attachment":"scroll","background-type":"","background-media":"","overlay-type":"","overlay-color":"","overlay-opacity":"","overlay-gradient":""}},"ast-content-background-meta":{"desktop":{"background-color":"var(--ast-global-color-5)","background-image":"","background-repeat":"repeat","background-position":"center center","background-size":"auto","background-attachment":"scroll","background-type":"","background-media":"","overlay-type":"","overlay-color":"","overlay-opacity":"","overlay-gradient":""},"tablet":{"background-color":"var(--ast-global-color-5)","background-image":"","background-repeat":"repeat","background-position":"center center","background-size":"auto","background-attachment":"scroll","background-type":"","background-media":"","overlay-type":"","overlay-color":"","overlay-opacity":"","overlay-gradient":""},"mobile":{"background-color":"var(--ast-global-color-5)","background-image":"","background-repeat":"repeat","background-position":"center center","background-size":"auto","background-attachment":"scroll","background-type":"","background-media":"","overlay-type":"","overlay-color":"","overlay-opacity":"","overlay-gradient":""}},"footnotes":""},"page-categories":[],"class_list":["post-7996","page","type-page","status-publish","hentry"],"_links":{"self":[{"href":"https:\/\/kiosque.acadienouvelle.com\/semaine-soins-infirmiers-2026\/wp-json\/wp\/v2\/pages\/7996","targetHints":{"allow":["GET"]}}],"collection":[{"href":"https:\/\/kiosque.acadienouvelle.com\/semaine-soins-infirmiers-2026\/wp-json\/wp\/v2\/pages"}],"about":[{"href":"https:\/\/kiosque.acadienouvelle.com\/semaine-soins-infirmiers-2026\/wp-json\/wp\/v2\/types\/page"}],"author":[{"embeddable":true,"href":"https:\/\/kiosque.acadienouvelle.com\/semaine-soins-infirmiers-2026\/wp-json\/wp\/v2\/users\/7"}],"replies":[{"embeddable":true,"href":"https:\/\/kiosque.acadienouvelle.com\/semaine-soins-infirmiers-2026\/wp-json\/wp\/v2\/comments?post=7996"}],"version-history":[{"count":28,"href":"https:\/\/kiosque.acadienouvelle.com\/semaine-soins-infirmiers-2026\/wp-json\/wp\/v2\/pages\/7996\/revisions"}],"predecessor-version":[{"id":8026,"href":"https:\/\/kiosque.acadienouvelle.com\/semaine-soins-infirmiers-2026\/wp-json\/wp\/v2\/pages\/7996\/revisions\/8026"}],"wp:attachment":[{"href":"https:\/\/kiosque.acadienouvelle.com\/semaine-soins-infirmiers-2026\/wp-json\/wp\/v2\/media?parent=7996"}],"wp:term":[{"taxonomy":"page-categories","embeddable":true,"href":"https:\/\/kiosque.acadienouvelle.com\/semaine-soins-infirmiers-2026\/wp-json\/wp\/v2\/page-categories?post=7996"}],"curies":[{"name":"wp","href":"https:\/\/api.w.org\/{rel}","templated":true}]}}