{"id":7813,"date":"2026-03-03T18:19:17","date_gmt":"2026-03-03T18:19:17","guid":{"rendered":"https:\/\/kiosque.acadienouvelle.com\/vie-50-01-2026\/lyne-chantal-boudreau-est-dsigne-ministre-des-ans\/"},"modified":"2026-03-03T18:43:02","modified_gmt":"2026-03-03T18:43:02","slug":"lyne-chantal-boudreau-est-dsigne-ministre-des-ans","status":"publish","type":"page","link":"https:\/\/kiosque.acadienouvelle.com\/vie-50-01-2026\/lyne-chantal-boudreau-est-dsigne-ministre-des-ans\/","title":{"rendered":"Lyne Chantal Boudreau est d\u00e9sign\u00e9e ministre des A\u00een\u00e9s"},"content":{"rendered":"\t\t<div data-elementor-type=\"wp-page\" data-elementor-id=\"7813\" class=\"elementor elementor-7813\" data-elementor-post-type=\"page\">\n\t\t\t\t\t\t<section class=\"elementor-section elementor-top-section elementor-element elementor-element-50c1b6e elementor-section-height-min-height header_title banner_img elementor-section-boxed elementor-section-height-default elementor-section-items-middle\" data-id=\"50c1b6e\" data-element_type=\"section\" data-e-type=\"section\" data-settings=\"{&quot;background_background&quot;:&quot;classic&quot;}\">\n\t\t\t\t\t\t\t<div class=\"elementor-background-overlay\"><\/div>\n\t\t\t\t\t\t\t<div class=\"elementor-container elementor-column-gap-default\">\n\t\t\t\t\t<div class=\"elementor-column elementor-col-100 elementor-top-column elementor-element elementor-element-3a2d241\" data-id=\"3a2d241\" data-element_type=\"column\" data-e-type=\"column\">\n\t\t\t<div class=\"elementor-widget-wrap elementor-element-populated\">\n\t\t\t\t\t\t<div class=\"elementor-element elementor-element-9673cd2 elementor-widget elementor-widget-heading\" data-id=\"9673cd2\" data-element_type=\"widget\" data-e-type=\"widget\" data-widget_type=\"heading.default\">\n\t\t\t\t<div class=\"elementor-widget-container\">\n\t\t\t\t\t<h2 class=\"elementor-heading-title elementor-size-default\">Lyne Chantal Boudreau est d\u00e9sign\u00e9e ministre des A\u00een\u00e9s<\/h2>\t\t\t\t<\/div>\n\t\t\t\t<\/div>\n\t\t\t\t\t<\/div>\n\t\t<\/div>\n\t\t\t\t\t<\/div>\n\t\t<\/section>\n\t\t\t\t<section class=\"elementor-section elementor-top-section elementor-element elementor-element-d9a853a elementor-section-boxed elementor-section-height-default elementor-section-height-default\" data-id=\"d9a853a\" data-element_type=\"section\" data-e-type=\"section\">\n\t\t\t\t\t\t<div class=\"elementor-container elementor-column-gap-default\">\n\t\t\t\t\t<div class=\"elementor-column elementor-col-100 elementor-top-column elementor-element elementor-element-68d9c5a page_contain\" data-id=\"68d9c5a\" data-element_type=\"column\" data-e-type=\"column\" data-settings=\"{&quot;background_background&quot;:&quot;classic&quot;}\">\n\t\t\t<div class=\"elementor-widget-wrap elementor-element-populated\">\n\t\t\t\t\t\t<div class=\"elementor-element elementor-element-50f1f9b elementor-widget elementor-widget-image\" data-id=\"50f1f9b\" data-element_type=\"widget\" data-e-type=\"widget\" data-widget_type=\"image.default\">\n\t\t\t\t<div class=\"elementor-widget-container\">\n\t\t\t\t\t\t\t\t\t\t\t\t<figure class=\"wp-caption\">\n\t\t\t\t\t\t\t\t\t\t<img fetchpriority=\"high\" decoding=\"async\" width=\"1366\" height=\"768\" src=\"https:\/\/kiosque.acadienouvelle.com\/vie-50-01-2026\/wp-content\/uploads\/sites\/383\/2026\/03\/2-Lyne_Chantal_landing.jpg\" class=\"attachment-full size-full wp-image-7818\" alt=\"\" srcset=\"https:\/\/kiosque.acadienouvelle.com\/vie-50-01-2026\/wp-content\/uploads\/sites\/383\/2026\/03\/2-Lyne_Chantal_landing.jpg 1366w, https:\/\/kiosque.acadienouvelle.com\/vie-50-01-2026\/wp-content\/uploads\/sites\/383\/2026\/03\/2-Lyne_Chantal_landing-300x169.jpg 300w, https:\/\/kiosque.acadienouvelle.com\/vie-50-01-2026\/wp-content\/uploads\/sites\/383\/2026\/03\/2-Lyne_Chantal_landing-1024x576.jpg 1024w, https:\/\/kiosque.acadienouvelle.com\/vie-50-01-2026\/wp-content\/uploads\/sites\/383\/2026\/03\/2-Lyne_Chantal_landing-768x432.jpg 768w\" sizes=\"(max-width: 1366px) 100vw, 1366px\" \/>\t\t\t\t\t\t\t\t\t\t\t<figcaption class=\"widget-image-caption wp-caption-text\">Lyne Chantal Boudreau a \u00e9t\u00e9 d\u00e9sign\u00e9e ministre des A\u00een\u00e9s avec l\u2019enti\u00e8re responsabilit\u00e9 des portefeuilles des a\u00een\u00e9s et des soins de longue dur\u00e9e, y compris les budgets et le personnel. La signature officielle a eu lieu en pr\u00e9sence de la premi\u00e8re ministre, Susan Holt.<\/figcaption>\n\t\t\t\t\t\t\t\t\t\t<\/figure>\n\t\t\t\t\t\t\t\t\t<\/div>\n\t\t\t\t<\/div>\n\t\t<link rel=\"stylesheet\" href=\"https:\/\/use.fontawesome.com\/releases\/v5.5.0\/css\/all.css\" integrity=\"sha384-B4dIYHKNBt8Bc12p+WXckhzcICo0wtJAoU8YZTY5qE0Id1GSseTk6S+L3BlXeVIU\" crossorigin=\"anonymous\">\r\n\t\t<div class=\"elementor-element elementor-element-d0a0a3b mobile_pera elementor-widget elementor-widget-text-editor\" data-id=\"d0a0a3b\" data-element_type=\"widget\" data-e-type=\"widget\" data-widget_type=\"text-editor.default\">\n\t\t\t\t<div class=\"elementor-widget-container\">\n\t\t\t\t\t\t\t\t\t<p>Le gouvernement du N.-B. a d\u00e9sign\u00e9 officiellement, en janvier dernier, Lyne Chantal Boudreau \u00e0 titre de ministre des A\u00een\u00e9s, marquant un engagement renforc\u00e9 envers les a\u00een\u00e9s et \u00e0 l\u2019\u00e9gard des soins de longue dur\u00e9e. \u00ab Mon mandat est clair, a d\u00e9clar\u00e9 Mme Boudreau. Il consiste \u00e0 r\u00e9soudre les enjeux v\u00e9cus par les personnes \u00e2g\u00e9es, \u00e0 maintenir leurs besoins au c\u0153ur des priorit\u00e9s, et \u00e0 poursuivre le travail essentiel visant \u00e0 am\u00e9liorer les soins de longue dur\u00e9e dans notre province. \u00bb<\/p>\t\t\t\t\t\t\t\t<\/div>\n\t\t\t\t<\/div>\n\t\t\t\t<div class=\"elementor-element elementor-element-74263c8 mobile_pera elementor-widget elementor-widget-text-editor\" data-id=\"74263c8\" data-element_type=\"widget\" data-e-type=\"widget\" data-widget_type=\"text-editor.default\">\n\t\t\t\t<div class=\"elementor-widget-container\">\n\t\t\t\t\t\t\t\t\t<p>Toutes les questions relatives aux personnes \u00e2g\u00e9es et aux soins de longue dur\u00e9e \u2013 y compris les budgets et le personnel connexes \u2013 rel\u00e8vent d\u00e9sormais officiellement de la nouvelle ministre. Elle a soulign\u00e9 que ce changement organisationnel souligne l\u2019engagement du gouvernement \u00e0 s\u2019assurer que les gens du Nouveau-Brunswick peuvent vivre et vieillir dans la dignit\u00e9 et en toute autonomie, tout en recevant les soins n\u00e9cessaires, \u00e0 l\u2019endroit et au moment o\u00f9 ils en ont besoin. \u00ab Offrir du soutien aux personnes \u00e2g\u00e9es dans un environnement appropri\u00e9 permet d\u2019am\u00e9liorer leur \u00e9tat, de favoriser leur gu\u00e9rison et d\u2019accro\u00eetre leur qualit\u00e9 de vie \u00bb, a affirm\u00e9 Mme Boudreau.<\/p>\t\t\t\t\t\t\t\t<\/div>\n\t\t\t\t<\/div>\n\t\t\t\t<div class=\"elementor-element elementor-element-00ed5b2 mobile_pera elementor-widget elementor-widget-text-editor\" data-id=\"00ed5b2\" data-element_type=\"widget\" data-e-type=\"widget\" data-widget_type=\"text-editor.default\">\n\t\t\t\t<div class=\"elementor-widget-container\">\n\t\t\t\t\t\t\t\t\t<p>Les diff\u00e9rents minist\u00e8res continuent de collaborer entre eux ainsi qu\u2019avec les r\u00e9gies r\u00e9gionales de la sant\u00e9 et les partenaires communautaires pour veiller \u00e0 ce que les personnes \u00e2g\u00e9es aient un acc\u00e8s rapide aux soins les plus appropri\u00e9s, dans des environnements con\u00e7us pour r\u00e9pondre \u00e0 leurs besoins \u2013 notamment les foyers de soins, les foyers de soins sp\u00e9ciaux et autres milieux communautaires.<\/p>\t\t\t\t\t\t\t\t<\/div>\n\t\t\t\t<\/div>\n\t\t\t\t<div class=\"elementor-element elementor-element-166374c box_pera elementor-widget elementor-widget-text-editor\" data-id=\"166374c\" data-element_type=\"widget\" data-e-type=\"widget\" data-widget_type=\"text-editor.default\">\n\t\t\t\t<div class=\"elementor-widget-container\">\n\t\t\t\t\t\t\t\t\t<h1><b style=\"font-size: 20px; font-style: inherit; color: rgb(0, 0, 0); font-family: Ubuntu, sans-serif;\">Les r\u00e9actions<\/b><\/h1>\n<p><b>&nbsp;<\/b><\/p>\n<div>\u00ab Ce changement nous permet d\u2019esp\u00e9rer qu\u2019il y aura des am\u00e9liorations significatives qui accorderont la priorit\u00e9 \u00e0 la dignit\u00e9 et au respect des personnes \u00e2g\u00e9es du Nouveau-Brunswick ainsi qu\u2019\u00e0 la qualit\u00e9 des soins qui leur sont offerts \u00bb, a d\u00e9clar\u00e9 le directeur g\u00e9n\u00e9ral de l\u2019Association des foyers de soins du Nouveau-Brunswick, Richard Losier. \u00ab Nous nous r\u00e9jouissons \u00e0 l\u2019id\u00e9e de poursuivre la collaboration alors que nous b\u00e2tissons un Nouveau-Brunswick plus fort, qui soutient nos personnes \u00e2g\u00e9es et leur autonomie tout en veillant \u00e0 leur bien-\u00eatre et \u00e0 leur qualit\u00e9 de vie. \u00bb<\/div>\n<div>&nbsp;<\/div>\n<p><span style=\"color: var( --e-global-color-text ); font-style: inherit; font-weight: inherit;\">&nbsp;<\/span><\/p>\n<p><b>Accueillie avec enthousiasme par l\u2019AFANB et la FCANB<\/b><\/p>\n<p><span style=\"color: var( --e-global-color-text ); font-style: inherit; font-weight: inherit;\">&nbsp;<\/span><\/p>\n<p><span style=\"color: var( --e-global-color-text ); font-style: inherit; font-weight: inherit;\">&nbsp;<\/span>\u00ab Alors que la d\u00e9mographie du Nouveau-Brunswick d\u00e9montre un accroissement important de la population a\u00een\u00e9e, l\u2019ajout d\u2019une ministre des A\u00een\u00e9s est un pas dans la bonne direction \u00bb, a affirm\u00e9 Norma Dub\u00e9, pr\u00e9sidente de l\u2019AFANB. \u00ab Les d\u00e9fis sont nombreux et complexes. Notre association croit que l\u2019ajout d\u2019une ministre, avec tous les pouvoirs et ressources qui en d\u00e9coulent, devrait permettre des avancements r\u00e9els en relation avec les besoins des personnes a\u00een\u00e9es et \u00e0 l\u2019\u00e9gard des soins de longue dur\u00e9e. \u00bb<\/p>\t\t\t\t\t\t\t\t<\/div>\n\t\t\t\t<\/div>\n\t\t\t\t\t<\/div>\n\t\t<\/div>\n\t\t\t\t\t<\/div>\n\t\t<\/section>\n\t\t\t\t<\/div>\n\t\t","protected":false},"excerpt":{"rendered":"<p>Lyne Chantal Boudreau est d\u00e9sign\u00e9e ministre des A\u00een\u00e9s Lyne Chantal Boudreau a \u00e9t\u00e9 d\u00e9sign\u00e9e ministre des A\u00een\u00e9s avec l\u2019enti\u00e8re responsabilit\u00e9 des portefeuilles des a\u00een\u00e9s et des soins de longue dur\u00e9e, y compris les budgets et le personnel. La signature officielle a eu lieu en pr\u00e9sence de la premi\u00e8re ministre, Susan Holt. Le gouvernement du N.-B. [&hellip;]<\/p>\n","protected":false},"author":7,"featured_media":0,"parent":0,"menu_order":2,"comment_status":"closed","ping_status":"closed","template":"","meta":{"site-sidebar-layout":"no-sidebar","site-content-layout":"page-builder","ast-site-content-layout":"default","site-content-style":"default","site-sidebar-style":"default","ast-global-header-display":"","ast-banner-title-visibility":"","ast-main-header-display":"","ast-hfb-above-header-display":"","ast-hfb-below-header-display":"","ast-hfb-mobile-header-display":"","site-post-title":"disabled","ast-breadcrumbs-content":"","ast-featured-img":"disabled","footer-sml-layout":"","ast-disable-related-posts":"","theme-transparent-header-meta":"default","adv-header-id-meta":"","stick-header-meta":"","header-above-stick-meta":"","header-main-stick-meta":"","header-below-stick-meta":"","astra-migrate-meta-layouts":"default","ast-page-background-enabled":"default","ast-page-background-meta":{"desktop":{"background-color":"var(--ast-global-color-4)","background-image":"","background-repeat":"repeat","background-position":"center center","background-size":"auto","background-attachment":"scroll","background-type":"","background-media":"","overlay-type":"","overlay-color":"","overlay-opacity":"","overlay-gradient":""},"tablet":{"background-color":"","background-image":"","background-repeat":"repeat","background-position":"center center","background-size":"auto","background-attachment":"scroll","background-type":"","background-media":"","overlay-type":"","overlay-color":"","overlay-opacity":"","overlay-gradient":""},"mobile":{"background-color":"","background-image":"","background-repeat":"repeat","background-position":"center center","background-size":"auto","background-attachment":"scroll","background-type":"","background-media":"","overlay-type":"","overlay-color":"","overlay-opacity":"","overlay-gradient":""}},"ast-content-background-meta":{"desktop":{"background-color":"var(--ast-global-color-5)","background-image":"","background-repeat":"repeat","background-position":"center center","background-size":"auto","background-attachment":"scroll","background-type":"","background-media":"","overlay-type":"","overlay-color":"","overlay-opacity":"","overlay-gradient":""},"tablet":{"background-color":"var(--ast-global-color-5)","background-image":"","background-repeat":"repeat","background-position":"center center","background-size":"auto","background-attachment":"scroll","background-type":"","background-media":"","overlay-type":"","overlay-color":"","overlay-opacity":"","overlay-gradient":""},"mobile":{"background-color":"var(--ast-global-color-5)","background-image":"","background-repeat":"repeat","background-position":"center center","background-size":"auto","background-attachment":"scroll","background-type":"","background-media":"","overlay-type":"","overlay-color":"","overlay-opacity":"","overlay-gradient":""}},"footnotes":""},"page-categories":[],"class_list":["post-7813","page","type-page","status-publish","hentry"],"_links":{"self":[{"href":"https:\/\/kiosque.acadienouvelle.com\/vie-50-01-2026\/wp-json\/wp\/v2\/pages\/7813","targetHints":{"allow":["GET"]}}],"collection":[{"href":"https:\/\/kiosque.acadienouvelle.com\/vie-50-01-2026\/wp-json\/wp\/v2\/pages"}],"about":[{"href":"https:\/\/kiosque.acadienouvelle.com\/vie-50-01-2026\/wp-json\/wp\/v2\/types\/page"}],"author":[{"embeddable":true,"href":"https:\/\/kiosque.acadienouvelle.com\/vie-50-01-2026\/wp-json\/wp\/v2\/users\/7"}],"replies":[{"embeddable":true,"href":"https:\/\/kiosque.acadienouvelle.com\/vie-50-01-2026\/wp-json\/wp\/v2\/comments?post=7813"}],"version-history":[{"count":19,"href":"https:\/\/kiosque.acadienouvelle.com\/vie-50-01-2026\/wp-json\/wp\/v2\/pages\/7813\/revisions"}],"predecessor-version":[{"id":7847,"href":"https:\/\/kiosque.acadienouvelle.com\/vie-50-01-2026\/wp-json\/wp\/v2\/pages\/7813\/revisions\/7847"}],"wp:attachment":[{"href":"https:\/\/kiosque.acadienouvelle.com\/vie-50-01-2026\/wp-json\/wp\/v2\/media?parent=7813"}],"wp:term":[{"taxonomy":"page-categories","embeddable":true,"href":"https:\/\/kiosque.acadienouvelle.com\/vie-50-01-2026\/wp-json\/wp\/v2\/page-categories?post=7813"}],"curies":[{"name":"wp","href":"https:\/\/api.w.org\/{rel}","templated":true}]}}