{"id":7848,"date":"2026-03-03T18:45:25","date_gmt":"2026-03-03T18:45:25","guid":{"rendered":"https:\/\/kiosque.acadienouvelle.com\/vie-50-01-2026\/fcanb-lanne-2026-a-commenc-sur-une-bonne-note\/"},"modified":"2026-03-04T15:31:14","modified_gmt":"2026-03-04T15:31:14","slug":"fcanb-lanne-2026-a-commenc-sur-une-bonne-note","status":"publish","type":"page","link":"https:\/\/kiosque.acadienouvelle.com\/vie-50-01-2026\/fcanb-lanne-2026-a-commenc-sur-une-bonne-note\/","title":{"rendered":"FCANB : L\u2019ann\u00e9e 2026 a commenc\u00e9 sur une bonne note!"},"content":{"rendered":"\t\t<div data-elementor-type=\"wp-page\" data-elementor-id=\"7848\" class=\"elementor elementor-7848\" data-elementor-post-type=\"page\">\n\t\t\t\t\t\t<section class=\"elementor-section elementor-top-section elementor-element elementor-element-50c1b6e elementor-section-height-min-height header_title banner_img elementor-section-boxed elementor-section-height-default elementor-section-items-middle\" data-id=\"50c1b6e\" data-element_type=\"section\" data-e-type=\"section\" data-settings=\"{&quot;background_background&quot;:&quot;classic&quot;}\">\n\t\t\t\t\t\t\t<div class=\"elementor-background-overlay\"><\/div>\n\t\t\t\t\t\t\t<div class=\"elementor-container elementor-column-gap-default\">\n\t\t\t\t\t<div class=\"elementor-column elementor-col-100 elementor-top-column elementor-element elementor-element-3a2d241\" data-id=\"3a2d241\" data-element_type=\"column\" data-e-type=\"column\">\n\t\t\t<div class=\"elementor-widget-wrap elementor-element-populated\">\n\t\t\t\t\t\t<div class=\"elementor-element elementor-element-9673cd2 elementor-widget elementor-widget-heading\" data-id=\"9673cd2\" data-element_type=\"widget\" data-e-type=\"widget\" data-widget_type=\"heading.default\">\n\t\t\t\t<div class=\"elementor-widget-container\">\n\t\t\t\t\t<h2 class=\"elementor-heading-title elementor-size-default\">FCANB : L\u2019ann\u00e9e 2026 a commenc\u00e9 sur une bonne note!<\/h2>\t\t\t\t<\/div>\n\t\t\t\t<\/div>\n\t\t\t\t\t<\/div>\n\t\t<\/div>\n\t\t\t\t\t<\/div>\n\t\t<\/section>\n\t\t\t\t<section class=\"elementor-section elementor-top-section elementor-element elementor-element-d9a853a elementor-section-boxed elementor-section-height-default elementor-section-height-default\" data-id=\"d9a853a\" data-element_type=\"section\" data-e-type=\"section\">\n\t\t\t\t\t\t<div class=\"elementor-container elementor-column-gap-default\">\n\t\t\t\t\t<div class=\"elementor-column elementor-col-100 elementor-top-column elementor-element elementor-element-68d9c5a page_contain\" data-id=\"68d9c5a\" data-element_type=\"column\" data-e-type=\"column\" data-settings=\"{&quot;background_background&quot;:&quot;classic&quot;}\">\n\t\t\t<div class=\"elementor-widget-wrap elementor-element-populated\">\n\t\t\t\t\t\t<div class=\"elementor-element elementor-element-50f1f9b elementor-widget elementor-widget-image\" data-id=\"50f1f9b\" data-element_type=\"widget\" data-e-type=\"widget\" data-widget_type=\"image.default\">\n\t\t\t\t<div class=\"elementor-widget-container\">\n\t\t\t\t\t\t\t\t\t\t\t\t<figure class=\"wp-caption\">\n\t\t\t\t\t\t\t\t\t\t<img fetchpriority=\"high\" decoding=\"async\" width=\"1366\" height=\"768\" src=\"https:\/\/kiosque.acadienouvelle.com\/vie-50-01-2026\/wp-content\/uploads\/sites\/383\/2026\/03\/4-FCANB_landing.jpg\" class=\"attachment-full size-full wp-image-7850\" alt=\"\" srcset=\"https:\/\/kiosque.acadienouvelle.com\/vie-50-01-2026\/wp-content\/uploads\/sites\/383\/2026\/03\/4-FCANB_landing.jpg 1366w, https:\/\/kiosque.acadienouvelle.com\/vie-50-01-2026\/wp-content\/uploads\/sites\/383\/2026\/03\/4-FCANB_landing-300x169.jpg 300w, https:\/\/kiosque.acadienouvelle.com\/vie-50-01-2026\/wp-content\/uploads\/sites\/383\/2026\/03\/4-FCANB_landing-1024x576.jpg 1024w, https:\/\/kiosque.acadienouvelle.com\/vie-50-01-2026\/wp-content\/uploads\/sites\/383\/2026\/03\/4-FCANB_landing-768x432.jpg 768w\" sizes=\"(max-width: 1366px) 100vw, 1366px\" \/>\t\t\t\t\t\t\t\t\t\t\t<figcaption class=\"widget-image-caption wp-caption-text\">Alphonse Dionne, pr\u00e9sident.<\/figcaption>\n\t\t\t\t\t\t\t\t\t\t<\/figure>\n\t\t\t\t\t\t\t\t\t<\/div>\n\t\t\t\t<\/div>\n\t\t<link rel=\"stylesheet\" href=\"https:\/\/use.fontawesome.com\/releases\/v5.5.0\/css\/all.css\" integrity=\"sha384-B4dIYHKNBt8Bc12p+WXckhzcICo0wtJAoU8YZTY5qE0Id1GSseTk6S+L3BlXeVIU\" crossorigin=\"anonymous\">\r\n\t\t<div class=\"elementor-element elementor-element-d0a0a3b mobile_pera elementor-widget elementor-widget-text-editor\" data-id=\"d0a0a3b\" data-element_type=\"widget\" data-e-type=\"widget\" data-widget_type=\"text-editor.default\">\n\t\t\t\t<div class=\"elementor-widget-container\">\n\t\t\t\t\t\t\t\t\t<p>Au d\u00e9but de l\u2019ann\u00e9e 2026, le pr\u00e9sident de la F\u00e9d\u00e9ration des citoyens et citoyennes a\u00een\u00e9s du Nouveau-Brunswick (FCANB) a re\u00e7u une bonne nouvelle. En effet, Alphonse Dionne a applaudi la d\u00e9cision du gouvernement de proc\u00e9der \u00e0 la nomination d\u2019une ministre responsable des A\u00een\u00e9s.<\/p>\t\t\t\t\t\t\t\t<\/div>\n\t\t\t\t<\/div>\n\t\t\t\t<div class=\"elementor-element elementor-element-1bfeece elementor-widget elementor-widget-advertisement\" data-id=\"1bfeece\" data-element_type=\"widget\" data-e-type=\"widget\" data-widget_type=\"advertisement.default\">\n\t\t\t\t<div class=\"elementor-widget-container\">\n\t\t\t\t\t<div class=\"ads-align-center\"><div data-m32-ad data-options='{\"sizes\":\"[[320,480]]\",\"dfpId\":\"21658289790,27729547\",\"dfpAdUnitPath\":\"acadienouvelle\/cahiers_halfpage_320x480\"}'><\/div><\/div>\t\t\t\t<\/div>\n\t\t\t\t<\/div>\n\t\t\t\t<div class=\"elementor-element elementor-element-af53721 mobile_pera elementor-widget elementor-widget-text-editor\" data-id=\"af53721\" data-element_type=\"widget\" data-e-type=\"widget\" data-widget_type=\"text-editor.default\">\n\t\t\t\t<div class=\"elementor-widget-container\">\n\t\t\t\t\t\t\t\t\t<p>\u00ab C\u2019est quelque chose que nous demandions depuis longtemps \u00bb, dit-il.<\/p>\t\t\t\t\t\t\t\t<\/div>\n\t\t\t\t<\/div>\n\t\t\t\t<div class=\"elementor-element elementor-element-4684d27 mobile_pera elementor-widget elementor-widget-text-editor\" data-id=\"4684d27\" data-element_type=\"widget\" data-e-type=\"widget\" data-widget_type=\"text-editor.default\">\n\t\t\t\t<div class=\"elementor-widget-container\">\n\t\t\t\t\t\t\t\t\t<p>\u00ab L\u2019id\u00e9e d\u2019avoir un minist\u00e8re consacr\u00e9 aux personnes a\u00een\u00e9es de la province est un dossier men\u00e9 de front avec plusieurs autres organismes provinciaux. Toutefois, l\u2019annonce de janvier concerne un poste de ministre et non pas un minist\u00e8re \u00e0 part enti\u00e8re. \u00bb<\/p>\t\t\t\t\t\t\t\t<\/div>\n\t\t\t\t<\/div>\n\t\t\t\t<div class=\"elementor-element elementor-element-74263c8 mobile_pera elementor-widget elementor-widget-text-editor\" data-id=\"74263c8\" data-element_type=\"widget\" data-e-type=\"widget\" data-widget_type=\"text-editor.default\">\n\t\t\t\t<div class=\"elementor-widget-container\">\n\t\t\t\t\t\t\t\t\t<p>Mais M. Dionne a rappel\u00e9 que la premi\u00e8re ministre Susan Holt avait r\u00e9pondu \u00ab non \u00bb lorsque la FCANB lui avait propos\u00e9 un minist\u00e8re des a\u00een\u00e9s au d\u00e9but de 2025. \u00ab Elle s\u2019est donc retourn\u00e9e et nous sommes contents de \u00e7a. Ceci veut dire, avec la population vieillissante, que le besoin \u00e9tait surement l\u00e0 \u00bb, ajoute-t-il en mentionnant que les efforts se poursuivront pour la cr\u00e9ation d\u2019un r\u00e9el minist\u00e8re.<\/p>\t\t\t\t\t\t\t\t<\/div>\n\t\t\t\t<\/div>\n\t\t\t\t<div class=\"elementor-element elementor-element-0b6ad93 mobile_pera elementor-widget elementor-widget-text-editor\" data-id=\"0b6ad93\" data-element_type=\"widget\" data-e-type=\"widget\" data-widget_type=\"text-editor.default\">\n\t\t\t\t<div class=\"elementor-widget-container\">\n\t\t\t\t\t\t\t\t\t<p><b>En route vers l\u2019assembl\u00e9e g\u00e9n\u00e9rale annuelle<\/b><\/p>\t\t\t\t\t\t\t\t<\/div>\n\t\t\t\t<\/div>\n\t\t\t\t<div class=\"elementor-element elementor-element-15b3192 mobile_pera elementor-widget elementor-widget-text-editor\" data-id=\"15b3192\" data-element_type=\"widget\" data-e-type=\"widget\" data-widget_type=\"text-editor.default\">\n\t\t\t\t<div class=\"elementor-widget-container\">\n\t\t\t\t\t\t\t\t\t<p>Les prochains mois seront aussi consacr\u00e9s aux pr\u00e9paratifs visant l\u2019assembl\u00e9e g\u00e9n\u00e9rale annuelle de l\u2019organisme qui aura lieu le 19 mai \u00e0 Moncton. Le pr\u00e9sident Dionne invite les membres et les clubs \u00e0 se pr\u00e9parer et \u00e0 envoyer des propositions qui seront discut\u00e9es et adopt\u00e9es lors de cette rencontre afin de guider les actions de la FCANB pour le reste de l\u2019ann\u00e9e.<\/p>\t\t\t\t\t\t\t\t<\/div>\n\t\t\t\t<\/div>\n\t\t\t\t<div class=\"elementor-element elementor-element-14d1f1a mobile_pera elementor-widget elementor-widget-text-editor\" data-id=\"14d1f1a\" data-element_type=\"widget\" data-e-type=\"widget\" data-widget_type=\"text-editor.default\">\n\t\t\t\t<div class=\"elementor-widget-container\">\n\t\t\t\t\t\t\t\t\t<p>\u00ab D\u2019ici l\u00e0, nous continuons \u00e0 militer pour les r\u00e9solutions d\u00e9j\u00e0 adopt\u00e9es, comme celle sur laquelle nous travaillons depuis des ann\u00e9es pour obtenir le vaccin pour le zona gratuitement pour les a\u00een\u00e9s \u00bb, affirme-t-il. Il mentionne que le Nouveau-Brunswick serait l\u2019une des derni\u00e8res provinces \u00e0 ne pas offrir ce vaccin sans frais aux personnes de 65 ans et plus. <\/p>\t\t\t\t\t\t\t\t<\/div>\n\t\t\t\t<\/div>\n\t\t\t\t<div class=\"elementor-element elementor-element-e1a21e8 mobile_pera elementor-widget elementor-widget-text-editor\" data-id=\"e1a21e8\" data-element_type=\"widget\" data-e-type=\"widget\" data-widget_type=\"text-editor.default\">\n\t\t\t\t<div class=\"elementor-widget-container\">\n\t\t\t\t\t\t\t\t\t<p>Enfin, Alphonse Dionne a annonc\u00e9 qu\u2019il ne se repr\u00e9sentera pas \u00e0 la pr\u00e9sidence de la FCANB apr\u00e8s avoir effectu\u00e9 ce travail pendant cinq ans r\u00e9partis sur deux mandats. \u00ab Je me suis dit que j\u2019ai fait mon temps \u00bb, dit-il avec le sentiment du devoir accompli.<\/p>\t\t\t\t\t\t\t\t<\/div>\n\t\t\t\t<\/div>\n\t\t\t\t<div class=\"elementor-element elementor-element-5a2c887 mobile_pera elementor-widget elementor-widget-text-editor\" data-id=\"5a2c887\" data-element_type=\"widget\" data-e-type=\"widget\" data-widget_type=\"text-editor.default\">\n\t\t\t\t<div class=\"elementor-widget-container\">\n\t\t\t\t\t\t\t\t\t<p><b>De nombreux d\u00e9fis\u2026 une voix unie<\/b><\/p>\t\t\t\t\t\t\t\t<\/div>\n\t\t\t\t<\/div>\n\t\t\t\t<div class=\"elementor-element elementor-element-8995173 mobile_pera elementor-widget elementor-widget-text-editor\" data-id=\"8995173\" data-element_type=\"widget\" data-e-type=\"widget\" data-widget_type=\"text-editor.default\">\n\t\t\t\t<div class=\"elementor-widget-container\">\n\t\t\t\t\t\t\t\t\t<p>Que ce soit en pr\u00e9sentant les pr\u00e9occupations des personnes a\u00een\u00e9es au gouvernement pour influencer les politiques publiques, ou en fournissant des informations utiles et de la formation \u00e0 ses membres, la F\u00e9d\u00e9ration des a\u00een\u00e9s et a\u00een\u00e9es du Nouveau-Brunswick est tr\u00e8s active sur les questions qui affectent directement les personnes a\u00een\u00e9es de la province. \u00ab Notre portefeuille \u00e9volue continuellement pour r\u00e9pondre aux besoins changeants de notre soci\u00e9t\u00e9 ainsi qu\u2019aux pr\u00e9occupations soulev\u00e9es par nos membres. Prenez connaissance des enjeux actuels et r\u00e9cents en visitant le https:\/\/s.nbscf.ca. \u00bb<\/p>\t\t\t\t\t\t\t\t<\/div>\n\t\t\t\t<\/div>\n\t\t\t\t\t<\/div>\n\t\t<\/div>\n\t\t\t\t\t<\/div>\n\t\t<\/section>\n\t\t\t\t<\/div>\n\t\t","protected":false},"excerpt":{"rendered":"<p>FCANB : L\u2019ann\u00e9e 2026 a commenc\u00e9 sur une bonne note! Alphonse Dionne, pr\u00e9sident. Au d\u00e9but de l\u2019ann\u00e9e 2026, le pr\u00e9sident de la F\u00e9d\u00e9ration des citoyens et citoyennes a\u00een\u00e9s du Nouveau-Brunswick (FCANB) a re\u00e7u une bonne nouvelle. En effet, Alphonse Dionne a applaudi la d\u00e9cision du gouvernement de proc\u00e9der \u00e0 la nomination d\u2019une ministre responsable des [&hellip;]<\/p>\n","protected":false},"author":7,"featured_media":0,"parent":0,"menu_order":4,"comment_status":"closed","ping_status":"closed","template":"","meta":{"site-sidebar-layout":"no-sidebar","site-content-layout":"page-builder","ast-site-content-layout":"default","site-content-style":"default","site-sidebar-style":"default","ast-global-header-display":"","ast-banner-title-visibility":"","ast-main-header-display":"","ast-hfb-above-header-display":"","ast-hfb-below-header-display":"","ast-hfb-mobile-header-display":"","site-post-title":"disabled","ast-breadcrumbs-content":"","ast-featured-img":"disabled","footer-sml-layout":"","ast-disable-related-posts":"","theme-transparent-header-meta":"default","adv-header-id-meta":"","stick-header-meta":"","header-above-stick-meta":"","header-main-stick-meta":"","header-below-stick-meta":"","astra-migrate-meta-layouts":"default","ast-page-background-enabled":"default","ast-page-background-meta":{"desktop":{"background-color":"var(--ast-global-color-4)","background-image":"","background-repeat":"repeat","background-position":"center center","background-size":"auto","background-attachment":"scroll","background-type":"","background-media":"","overlay-type":"","overlay-color":"","overlay-opacity":"","overlay-gradient":""},"tablet":{"background-color":"","background-image":"","background-repeat":"repeat","background-position":"center center","background-size":"auto","background-attachment":"scroll","background-type":"","background-media":"","overlay-type":"","overlay-color":"","overlay-opacity":"","overlay-gradient":""},"mobile":{"background-color":"","background-image":"","background-repeat":"repeat","background-position":"center center","background-size":"auto","background-attachment":"scroll","background-type":"","background-media":"","overlay-type":"","overlay-color":"","overlay-opacity":"","overlay-gradient":""}},"ast-content-background-meta":{"desktop":{"background-color":"var(--ast-global-color-5)","background-image":"","background-repeat":"repeat","background-position":"center center","background-size":"auto","background-attachment":"scroll","background-type":"","background-media":"","overlay-type":"","overlay-color":"","overlay-opacity":"","overlay-gradient":""},"tablet":{"background-color":"var(--ast-global-color-5)","background-image":"","background-repeat":"repeat","background-position":"center center","background-size":"auto","background-attachment":"scroll","background-type":"","background-media":"","overlay-type":"","overlay-color":"","overlay-opacity":"","overlay-gradient":""},"mobile":{"background-color":"var(--ast-global-color-5)","background-image":"","background-repeat":"repeat","background-position":"center center","background-size":"auto","background-attachment":"scroll","background-type":"","background-media":"","overlay-type":"","overlay-color":"","overlay-opacity":"","overlay-gradient":""}},"footnotes":""},"page-categories":[],"class_list":["post-7848","page","type-page","status-publish","hentry"],"_links":{"self":[{"href":"https:\/\/kiosque.acadienouvelle.com\/vie-50-01-2026\/wp-json\/wp\/v2\/pages\/7848","targetHints":{"allow":["GET"]}}],"collection":[{"href":"https:\/\/kiosque.acadienouvelle.com\/vie-50-01-2026\/wp-json\/wp\/v2\/pages"}],"about":[{"href":"https:\/\/kiosque.acadienouvelle.com\/vie-50-01-2026\/wp-json\/wp\/v2\/types\/page"}],"author":[{"embeddable":true,"href":"https:\/\/kiosque.acadienouvelle.com\/vie-50-01-2026\/wp-json\/wp\/v2\/users\/7"}],"replies":[{"embeddable":true,"href":"https:\/\/kiosque.acadienouvelle.com\/vie-50-01-2026\/wp-json\/wp\/v2\/comments?post=7848"}],"version-history":[{"count":13,"href":"https:\/\/kiosque.acadienouvelle.com\/vie-50-01-2026\/wp-json\/wp\/v2\/pages\/7848\/revisions"}],"predecessor-version":[{"id":8114,"href":"https:\/\/kiosque.acadienouvelle.com\/vie-50-01-2026\/wp-json\/wp\/v2\/pages\/7848\/revisions\/8114"}],"wp:attachment":[{"href":"https:\/\/kiosque.acadienouvelle.com\/vie-50-01-2026\/wp-json\/wp\/v2\/media?parent=7848"}],"wp:term":[{"taxonomy":"page-categories","embeddable":true,"href":"https:\/\/kiosque.acadienouvelle.com\/vie-50-01-2026\/wp-json\/wp\/v2\/page-categories?post=7848"}],"curies":[{"name":"wp","href":"https:\/\/api.w.org\/{rel}","templated":true}]}}