{"id":7901,"date":"2026-03-03T19:41:24","date_gmt":"2026-03-03T19:41:24","guid":{"rendered":"https:\/\/kiosque.acadienouvelle.com\/vie-50-01-2026\/nouvelle-ministre-des-ans\/"},"modified":"2026-03-03T19:51:02","modified_gmt":"2026-03-03T19:51:02","slug":"nouvelle-ministre-des-ans","status":"publish","type":"page","link":"https:\/\/kiosque.acadienouvelle.com\/vie-50-01-2026\/nouvelle-ministre-des-ans\/","title":{"rendered":"Nouvelle ministre des A\u00een\u00e9s"},"content":{"rendered":"\t\t<div data-elementor-type=\"wp-page\" data-elementor-id=\"7901\" class=\"elementor elementor-7901\" data-elementor-post-type=\"page\">\n\t\t\t\t\t\t<section class=\"elementor-section elementor-top-section elementor-element elementor-element-50c1b6e elementor-section-height-min-height header_title banner_img elementor-section-boxed elementor-section-height-default elementor-section-items-middle\" data-id=\"50c1b6e\" data-element_type=\"section\" data-e-type=\"section\" data-settings=\"{&quot;background_background&quot;:&quot;classic&quot;}\">\n\t\t\t\t\t\t\t<div class=\"elementor-background-overlay\"><\/div>\n\t\t\t\t\t\t\t<div class=\"elementor-container elementor-column-gap-default\">\n\t\t\t\t\t<div class=\"elementor-column elementor-col-100 elementor-top-column elementor-element elementor-element-3a2d241\" data-id=\"3a2d241\" data-element_type=\"column\" data-e-type=\"column\">\n\t\t\t<div class=\"elementor-widget-wrap elementor-element-populated\">\n\t\t\t\t\t\t<div class=\"elementor-element elementor-element-9673cd2 elementor-widget elementor-widget-heading\" data-id=\"9673cd2\" data-element_type=\"widget\" data-e-type=\"widget\" data-widget_type=\"heading.default\">\n\t\t\t\t<div class=\"elementor-widget-container\">\n\t\t\t\t\t<h2 class=\"elementor-heading-title elementor-size-default\">Nouvelle ministre des A\u00een\u00e9s<\/h2>\t\t\t\t<\/div>\n\t\t\t\t<\/div>\n\t\t\t\t\t<\/div>\n\t\t<\/div>\n\t\t\t\t\t<\/div>\n\t\t<\/section>\n\t\t\t\t<section class=\"elementor-section elementor-top-section elementor-element elementor-element-d9a853a elementor-section-boxed elementor-section-height-default elementor-section-height-default\" data-id=\"d9a853a\" data-element_type=\"section\" data-e-type=\"section\">\n\t\t\t\t\t\t<div class=\"elementor-container elementor-column-gap-default\">\n\t\t\t\t\t<div class=\"elementor-column elementor-col-100 elementor-top-column elementor-element elementor-element-68d9c5a page_contain\" data-id=\"68d9c5a\" data-element_type=\"column\" data-e-type=\"column\" data-settings=\"{&quot;background_background&quot;:&quot;classic&quot;}\">\n\t\t\t<div class=\"elementor-widget-wrap elementor-element-populated\">\n\t\t\t\t\t\t<div class=\"elementor-element elementor-element-50f1f9b elementor-widget elementor-widget-image\" data-id=\"50f1f9b\" data-element_type=\"widget\" data-e-type=\"widget\" data-widget_type=\"image.default\">\n\t\t\t\t<div class=\"elementor-widget-container\">\n\t\t\t\t\t\t\t\t\t\t\t\t<figure class=\"wp-caption\">\n\t\t\t\t\t\t\t\t\t\t<img fetchpriority=\"high\" decoding=\"async\" width=\"1366\" height=\"768\" src=\"https:\/\/kiosque.acadienouvelle.com\/vie-50-01-2026\/wp-content\/uploads\/sites\/383\/2026\/03\/6-nouvel_ministre_des_aines_landing.jpg\" class=\"attachment-full size-full wp-image-7924\" alt=\"\" srcset=\"https:\/\/kiosque.acadienouvelle.com\/vie-50-01-2026\/wp-content\/uploads\/sites\/383\/2026\/03\/6-nouvel_ministre_des_aines_landing.jpg 1366w, https:\/\/kiosque.acadienouvelle.com\/vie-50-01-2026\/wp-content\/uploads\/sites\/383\/2026\/03\/6-nouvel_ministre_des_aines_landing-300x169.jpg 300w, https:\/\/kiosque.acadienouvelle.com\/vie-50-01-2026\/wp-content\/uploads\/sites\/383\/2026\/03\/6-nouvel_ministre_des_aines_landing-1024x576.jpg 1024w, https:\/\/kiosque.acadienouvelle.com\/vie-50-01-2026\/wp-content\/uploads\/sites\/383\/2026\/03\/6-nouvel_ministre_des_aines_landing-768x432.jpg 768w\" sizes=\"(max-width: 1366px) 100vw, 1366px\" \/>\t\t\t\t\t\t\t\t\t\t\t<figcaption class=\"widget-image-caption wp-caption-text\"><\/figcaption>\n\t\t\t\t\t\t\t\t\t\t<\/figure>\n\t\t\t\t\t\t\t\t\t<\/div>\n\t\t\t\t<\/div>\n\t\t<link rel=\"stylesheet\" href=\"https:\/\/use.fontawesome.com\/releases\/v5.5.0\/css\/all.css\" integrity=\"sha384-B4dIYHKNBt8Bc12p+WXckhzcICo0wtJAoU8YZTY5qE0Id1GSseTk6S+L3BlXeVIU\" crossorigin=\"anonymous\">\r\n\t\t<div class=\"elementor-element elementor-element-d0a0a3b mobile_pera elementor-widget elementor-widget-text-editor\" data-id=\"d0a0a3b\" data-element_type=\"widget\" data-e-type=\"widget\" data-widget_type=\"text-editor.default\">\n\t\t\t\t<div class=\"elementor-widget-container\">\n\t\t\t\t\t\t\t\t\t<p>L&rsquo;Association francophone des a\u00een\u00e9es et a\u00een\u00e9s du Nouveau-Brunswick (AFANB) est tr\u00e8s heureuse de la toute nouvelle nomination de Mme Lyne Chantal Boudreau \u00e0 titre de ministre des A\u00een\u00e9s.<\/p>\t\t\t\t\t\t\t\t<\/div>\n\t\t\t\t<\/div>\n\t\t\t\t<div class=\"elementor-element elementor-element-8a1d6d9 elementor-widget elementor-widget-advertisement\" data-id=\"8a1d6d9\" data-element_type=\"widget\" data-e-type=\"widget\" data-widget_type=\"advertisement.default\">\n\t\t\t\t<div class=\"elementor-widget-container\">\n\t\t\t\t\t<div class=\"ads-align-center\"><div data-m32-ad data-options='{\"sizes\":\"[[300,250]]\",\"dfpId\":\"21658289790,27729547\",\"dfpAdUnitPath\":\"acadienouvelle\/cahiers_quarterpage_300x250\"}'><\/div><\/div>\t\t\t\t<\/div>\n\t\t\t\t<\/div>\n\t\t\t\t<div class=\"elementor-element elementor-element-b4554b5 mobile_pera elementor-widget elementor-widget-text-editor\" data-id=\"b4554b5\" data-element_type=\"widget\" data-e-type=\"widget\" data-widget_type=\"text-editor.default\">\n\t\t\t\t<div class=\"elementor-widget-container\">\n\t\t\t\t\t\t\t\t\t<p>Cette nomination s&rsquo;inscrit directement dans les revendications de cr\u00e9er une structure plus forte et mieux outill\u00e9e afin de mettre en place tous les m\u00e9canismes n\u00e9cessaires aux conditions de vie saine de chaque personne a\u00een\u00e9e dans la province. En fait, tout n&rsquo;est pas gagn\u00e9. La cr\u00e9ation, \u00e0 part enti\u00e8re, d&rsquo;un minist\u00e8re des A\u00een\u00e9s et soins de longue dur\u00e9e demeure l&rsquo;objectif ultime.<\/p>\t\t\t\t\t\t\t\t<\/div>\n\t\t\t\t<\/div>\n\t\t\t\t<div class=\"elementor-element elementor-element-74263c8 mobile_pera elementor-widget elementor-widget-text-editor\" data-id=\"74263c8\" data-element_type=\"widget\" data-e-type=\"widget\" data-widget_type=\"text-editor.default\">\n\t\t\t\t<div class=\"elementor-widget-container\">\n\t\t\t\t\t\t\t\t\t<p>Il faut toutefois reconna\u00eetre que ce premier pas est consid\u00e9rable. Les ressources, tout aussi bien humaines que financi\u00e8res et mises \u00e0 la disposition de la ministre, devraient permettre d&rsquo;en arriver \u00e0 des r\u00e9sultats concrets plus rapidement. D&rsquo;ailleurs, l&rsquo;AFANB est toujours volontaire et d\u00e9termin\u00e9e \u00e0 faire partie du processus afin que la voix des personnes a\u00een\u00e9es soit entendue et prise en consid\u00e9ration.<\/p>\t\t\t\t\t\t\t\t<\/div>\n\t\t\t\t<\/div>\n\t\t\t\t<div class=\"elementor-element elementor-element-52f4587 mobile_pera elementor-widget elementor-widget-text-editor\" data-id=\"52f4587\" data-element_type=\"widget\" data-e-type=\"widget\" data-widget_type=\"text-editor.default\">\n\t\t\t\t<div class=\"elementor-widget-container\">\n\t\t\t\t\t\t\t\t\t<p>Lors des \u00c9tats g\u00e9n\u00e9raux sur le vieillissement en fran\u00e7ais, tenus en mai 2025 sur le campus de l&rsquo;Universit\u00e9 de Moncton, la pr\u00e9sence continue de la ministre Boudreau fut tr\u00e8s appr\u00e9ci\u00e9e. Ses interventions et son \u00e9coute active d\u00e9montraient un souci r\u00e9el d&rsquo;\u00eatre partie prenante de ce beau projet collectif. La Proclamation qui fut adopt\u00e9e \u00e0 l&rsquo;unanimit\u00e9 par les quelque 250 personnes en provenance de partout au Canada, nous a fourni une feuille de route fort d\u00e9taill\u00e9e pour les actions \u00e0 court, moyen et long terme. Il faut se rappeler que l&rsquo;\u00e9l\u00e9ment identifi\u00e9 comme \u00e9tant le plus important et le plus urgent \u00e9tait justement la cr\u00e9ation d&rsquo;un minist\u00e8re des A\u00een\u00e9s et des soins de longue dur\u00e9e.<\/p>\t\t\t\t\t\t\t\t<\/div>\n\t\t\t\t<\/div>\n\t\t\t\t<div class=\"elementor-element elementor-element-c63cb4e mobile_pera elementor-widget elementor-widget-text-editor\" data-id=\"c63cb4e\" data-element_type=\"widget\" data-e-type=\"widget\" data-widget_type=\"text-editor.default\">\n\t\t\t\t<div class=\"elementor-widget-container\">\n\t\t\t\t\t\t\t\t\t<p>L&rsquo;AFANB, en \u00e9troite collaboration avec l&rsquo;ensemble des organisations jouant un r\u00f4le actif aupr\u00e8s des personnes a\u00een\u00e9es, a su mettre en lumi\u00e8re les enjeux actuels du vieillissement. Nous sommes heureux de constater que le gouvernement a entendu les requ\u00eates de la population et a su prendre les dispositions qui s&rsquo;imposent.<\/p>\t\t\t\t\t\t\t\t<\/div>\n\t\t\t\t<\/div>\n\t\t\t\t<div class=\"elementor-element elementor-element-54a22b8 mobile_pera elementor-widget elementor-widget-text-editor\" data-id=\"54a22b8\" data-element_type=\"widget\" data-e-type=\"widget\" data-widget_type=\"text-editor.default\">\n\t\t\t\t<div class=\"elementor-widget-container\">\n\t\t\t\t\t\t\t\t\t<p>La t\u00e2che est colossale mais noble. Nous avons le devoir, toutes et tous, de poursuivre cette collaboration afin que chaque personne a\u00een\u00e9e puisse vivre dans la dignit\u00e9.<\/p>\t\t\t\t\t\t\t\t<\/div>\n\t\t\t\t<\/div>\n\t\t\t\t<div class=\"elementor-element elementor-element-87d224a mobile_pera elementor-widget elementor-widget-text-editor\" data-id=\"87d224a\" data-element_type=\"widget\" data-e-type=\"widget\" data-widget_type=\"text-editor.default\">\n\t\t\t\t<div class=\"elementor-widget-container\">\n\t\t\t\t\t\t\t\t\t<p>Marcel Larocque<br \/><span style=\"font-style: inherit; font-weight: inherit;\">Directeur g\u00e9n\u00e9ral de l&rsquo;AFANB<\/span><\/p>\t\t\t\t\t\t\t\t<\/div>\n\t\t\t\t<\/div>\n\t\t\t\t\t<\/div>\n\t\t<\/div>\n\t\t\t\t\t<\/div>\n\t\t<\/section>\n\t\t\t\t<\/div>\n\t\t","protected":false},"excerpt":{"rendered":"<p>Nouvelle ministre des A\u00een\u00e9s L&rsquo;Association francophone des a\u00een\u00e9es et a\u00een\u00e9s du Nouveau-Brunswick (AFANB) est tr\u00e8s heureuse de la toute nouvelle nomination de Mme Lyne Chantal Boudreau \u00e0 titre de ministre des A\u00een\u00e9s. Cette nomination s&rsquo;inscrit directement dans les revendications de cr\u00e9er une structure plus forte et mieux outill\u00e9e afin de mettre en place tous les [&hellip;]<\/p>\n","protected":false},"author":7,"featured_media":0,"parent":0,"menu_order":6,"comment_status":"closed","ping_status":"closed","template":"","meta":{"site-sidebar-layout":"no-sidebar","site-content-layout":"page-builder","ast-site-content-layout":"default","site-content-style":"default","site-sidebar-style":"default","ast-global-header-display":"","ast-banner-title-visibility":"","ast-main-header-display":"","ast-hfb-above-header-display":"","ast-hfb-below-header-display":"","ast-hfb-mobile-header-display":"","site-post-title":"disabled","ast-breadcrumbs-content":"","ast-featured-img":"disabled","footer-sml-layout":"","ast-disable-related-posts":"","theme-transparent-header-meta":"default","adv-header-id-meta":"","stick-header-meta":"","header-above-stick-meta":"","header-main-stick-meta":"","header-below-stick-meta":"","astra-migrate-meta-layouts":"default","ast-page-background-enabled":"default","ast-page-background-meta":{"desktop":{"background-color":"var(--ast-global-color-4)","background-image":"","background-repeat":"repeat","background-position":"center center","background-size":"auto","background-attachment":"scroll","background-type":"","background-media":"","overlay-type":"","overlay-color":"","overlay-opacity":"","overlay-gradient":""},"tablet":{"background-color":"","background-image":"","background-repeat":"repeat","background-position":"center center","background-size":"auto","background-attachment":"scroll","background-type":"","background-media":"","overlay-type":"","overlay-color":"","overlay-opacity":"","overlay-gradient":""},"mobile":{"background-color":"","background-image":"","background-repeat":"repeat","background-position":"center center","background-size":"auto","background-attachment":"scroll","background-type":"","background-media":"","overlay-type":"","overlay-color":"","overlay-opacity":"","overlay-gradient":""}},"ast-content-background-meta":{"desktop":{"background-color":"var(--ast-global-color-5)","background-image":"","background-repeat":"repeat","background-position":"center center","background-size":"auto","background-attachment":"scroll","background-type":"","background-media":"","overlay-type":"","overlay-color":"","overlay-opacity":"","overlay-gradient":""},"tablet":{"background-color":"var(--ast-global-color-5)","background-image":"","background-repeat":"repeat","background-position":"center center","background-size":"auto","background-attachment":"scroll","background-type":"","background-media":"","overlay-type":"","overlay-color":"","overlay-opacity":"","overlay-gradient":""},"mobile":{"background-color":"var(--ast-global-color-5)","background-image":"","background-repeat":"repeat","background-position":"center center","background-size":"auto","background-attachment":"scroll","background-type":"","background-media":"","overlay-type":"","overlay-color":"","overlay-opacity":"","overlay-gradient":""}},"footnotes":""},"page-categories":[],"class_list":["post-7901","page","type-page","status-publish","hentry"],"_links":{"self":[{"href":"https:\/\/kiosque.acadienouvelle.com\/vie-50-01-2026\/wp-json\/wp\/v2\/pages\/7901","targetHints":{"allow":["GET"]}}],"collection":[{"href":"https:\/\/kiosque.acadienouvelle.com\/vie-50-01-2026\/wp-json\/wp\/v2\/pages"}],"about":[{"href":"https:\/\/kiosque.acadienouvelle.com\/vie-50-01-2026\/wp-json\/wp\/v2\/types\/page"}],"author":[{"embeddable":true,"href":"https:\/\/kiosque.acadienouvelle.com\/vie-50-01-2026\/wp-json\/wp\/v2\/users\/7"}],"replies":[{"embeddable":true,"href":"https:\/\/kiosque.acadienouvelle.com\/vie-50-01-2026\/wp-json\/wp\/v2\/comments?post=7901"}],"version-history":[{"count":22,"href":"https:\/\/kiosque.acadienouvelle.com\/vie-50-01-2026\/wp-json\/wp\/v2\/pages\/7901\/revisions"}],"predecessor-version":[{"id":7927,"href":"https:\/\/kiosque.acadienouvelle.com\/vie-50-01-2026\/wp-json\/wp\/v2\/pages\/7901\/revisions\/7927"}],"wp:attachment":[{"href":"https:\/\/kiosque.acadienouvelle.com\/vie-50-01-2026\/wp-json\/wp\/v2\/media?parent=7901"}],"wp:term":[{"taxonomy":"page-categories","embeddable":true,"href":"https:\/\/kiosque.acadienouvelle.com\/vie-50-01-2026\/wp-json\/wp\/v2\/page-categories?post=7901"}],"curies":[{"name":"wp","href":"https:\/\/api.w.org\/{rel}","templated":true}]}}