{"id":7966,"date":"2026-03-03T20:48:29","date_gmt":"2026-03-03T20:48:29","guid":{"rendered":"https:\/\/kiosque.acadienouvelle.com\/vie-50-01-2026\/garder-des-contacts-est-la-meilleure-dfense-contre-les-escroqueries\/"},"modified":"2026-03-03T21:05:37","modified_gmt":"2026-03-03T21:05:37","slug":"garder-des-contacts-est-la-meilleure-dfense-contre-les-escroqueries","status":"publish","type":"page","link":"https:\/\/kiosque.acadienouvelle.com\/vie-50-01-2026\/garder-des-contacts-est-la-meilleure-dfense-contre-les-escroqueries\/","title":{"rendered":"Garder des contacts est la meilleure d\u00e9fense contre les escroqueries"},"content":{"rendered":"\t\t<div data-elementor-type=\"wp-page\" data-elementor-id=\"7966\" class=\"elementor elementor-7966\" data-elementor-post-type=\"page\">\n\t\t\t\t\t\t<section class=\"elementor-section elementor-top-section elementor-element elementor-element-50c1b6e elementor-section-height-min-height header_title banner_img elementor-section-boxed elementor-section-height-default elementor-section-items-middle\" data-id=\"50c1b6e\" data-element_type=\"section\" data-e-type=\"section\" data-settings=\"{&quot;background_background&quot;:&quot;classic&quot;}\">\n\t\t\t\t\t\t\t<div class=\"elementor-background-overlay\"><\/div>\n\t\t\t\t\t\t\t<div class=\"elementor-container elementor-column-gap-default\">\n\t\t\t\t\t<div class=\"elementor-column elementor-col-100 elementor-top-column elementor-element elementor-element-3a2d241\" data-id=\"3a2d241\" data-element_type=\"column\" data-e-type=\"column\">\n\t\t\t<div class=\"elementor-widget-wrap elementor-element-populated\">\n\t\t\t\t\t\t<div class=\"elementor-element elementor-element-9673cd2 elementor-widget elementor-widget-heading\" data-id=\"9673cd2\" data-element_type=\"widget\" data-e-type=\"widget\" data-widget_type=\"heading.default\">\n\t\t\t\t<div class=\"elementor-widget-container\">\n\t\t\t\t\t<h2 class=\"elementor-heading-title elementor-size-default\">Garder des contacts est la meilleure d\u00e9fense contre les escroqueries<\/h2>\t\t\t\t<\/div>\n\t\t\t\t<\/div>\n\t\t\t\t\t<\/div>\n\t\t<\/div>\n\t\t\t\t\t<\/div>\n\t\t<\/section>\n\t\t\t\t<section class=\"elementor-section elementor-top-section elementor-element elementor-element-d9a853a elementor-section-boxed elementor-section-height-default elementor-section-height-default\" data-id=\"d9a853a\" data-element_type=\"section\" data-e-type=\"section\">\n\t\t\t\t\t\t<div class=\"elementor-container elementor-column-gap-default\">\n\t\t\t\t\t<div class=\"elementor-column elementor-col-100 elementor-top-column elementor-element elementor-element-68d9c5a page_contain\" data-id=\"68d9c5a\" data-element_type=\"column\" data-e-type=\"column\" data-settings=\"{&quot;background_background&quot;:&quot;classic&quot;}\">\n\t\t\t<div class=\"elementor-widget-wrap elementor-element-populated\">\n\t\t\t\t\t\t<div class=\"elementor-element elementor-element-50f1f9b elementor-widget elementor-widget-image\" data-id=\"50f1f9b\" data-element_type=\"widget\" data-e-type=\"widget\" data-widget_type=\"image.default\">\n\t\t\t\t<div class=\"elementor-widget-container\">\n\t\t\t\t\t\t\t\t\t\t\t\t<figure class=\"wp-caption\">\n\t\t\t\t\t\t\t\t\t\t<img fetchpriority=\"high\" decoding=\"async\" width=\"1366\" height=\"768\" src=\"https:\/\/kiosque.acadienouvelle.com\/vie-50-01-2026\/wp-content\/uploads\/sites\/383\/2026\/03\/9-Garder_des_contacts_landing.jpg\" class=\"attachment-full size-full wp-image-7968\" alt=\"\" srcset=\"https:\/\/kiosque.acadienouvelle.com\/vie-50-01-2026\/wp-content\/uploads\/sites\/383\/2026\/03\/9-Garder_des_contacts_landing.jpg 1366w, https:\/\/kiosque.acadienouvelle.com\/vie-50-01-2026\/wp-content\/uploads\/sites\/383\/2026\/03\/9-Garder_des_contacts_landing-300x169.jpg 300w, https:\/\/kiosque.acadienouvelle.com\/vie-50-01-2026\/wp-content\/uploads\/sites\/383\/2026\/03\/9-Garder_des_contacts_landing-1024x576.jpg 1024w, https:\/\/kiosque.acadienouvelle.com\/vie-50-01-2026\/wp-content\/uploads\/sites\/383\/2026\/03\/9-Garder_des_contacts_landing-768x432.jpg 768w\" sizes=\"(max-width: 1366px) 100vw, 1366px\" \/>\t\t\t\t\t\t\t\t\t\t\t<figcaption class=\"widget-image-caption wp-caption-text\"><\/figcaption>\n\t\t\t\t\t\t\t\t\t\t<\/figure>\n\t\t\t\t\t\t\t\t\t<\/div>\n\t\t\t\t<\/div>\n\t\t<link rel=\"stylesheet\" href=\"https:\/\/use.fontawesome.com\/releases\/v5.5.0\/css\/all.css\" integrity=\"sha384-B4dIYHKNBt8Bc12p+WXckhzcICo0wtJAoU8YZTY5qE0Id1GSseTk6S+L3BlXeVIU\" crossorigin=\"anonymous\">\r\n\t\t<div class=\"elementor-element elementor-element-d0a0a3b mobile_pera elementor-widget elementor-widget-text-editor\" data-id=\"d0a0a3b\" data-element_type=\"widget\" data-e-type=\"widget\" data-widget_type=\"text-editor.default\">\n\t\t\t\t<div class=\"elementor-widget-container\">\n\t\t\t\t\t\t\t\t\t<p>En vieillissant, avoir une vie sociale active n\u2019est pas seulement bon pour la sant\u00e9, c\u2019est aussi une excellente fa\u00e7on de se prot\u00e9ger contre la fraude et la maltraitance financi\u00e8re.<\/p>\t\t\t\t\t\t\t\t<\/div>\n\t\t\t\t<\/div>\n\t\t\t\t<div class=\"elementor-element elementor-element-502a1ca elementor-widget elementor-widget-advertisement\" data-id=\"502a1ca\" data-element_type=\"widget\" data-e-type=\"widget\" data-widget_type=\"advertisement.default\">\n\t\t\t\t<div class=\"elementor-widget-container\">\n\t\t\t\t\t<div class=\"ads-align-center\"><div data-m32-ad data-options='{\"sizes\":\"[[300,250]]\",\"dfpId\":\"21658289790,27729547\",\"dfpAdUnitPath\":\"acadienouvelle\/cahiers_quarterpage_300x250\"}'><\/div><\/div>\t\t\t\t<\/div>\n\t\t\t\t<\/div>\n\t\t\t\t<div class=\"elementor-element elementor-element-473a457 mobile_pera elementor-widget elementor-widget-text-editor\" data-id=\"473a457\" data-element_type=\"widget\" data-e-type=\"widget\" data-widget_type=\"text-editor.default\">\n\t\t\t\t<div class=\"elementor-widget-container\">\n\t\t\t\t\t\t\t\t\t<p>Les fraudeurs ciblent souvent les personnes qui se sentent seules. C\u2019est pourquoi il est important de garder le contact avec ses proches et les membres de sa communaut\u00e9, surtout durant les p\u00e9riodes de solitude. <\/p>\t\t\t\t\t\t\t\t<\/div>\n\t\t\t\t<\/div>\n\t\t\t\t<div class=\"elementor-element elementor-element-0b6ad93 mobile_pera elementor-widget elementor-widget-text-editor\" data-id=\"0b6ad93\" data-element_type=\"widget\" data-e-type=\"widget\" data-widget_type=\"text-editor.default\">\n\t\t\t\t<div class=\"elementor-widget-container\">\n\t\t\t\t\t\t\t\t\t<p><b>Pourquoi est-ce si important?<\/b><\/p>\t\t\t\t\t\t\t\t<\/div>\n\t\t\t\t<\/div>\n\t\t\t\t<div class=\"elementor-element elementor-element-6aafc27 mobile_pera elementor-widget elementor-widget-text-editor\" data-id=\"6aafc27\" data-element_type=\"widget\" data-e-type=\"widget\" data-widget_type=\"text-editor.default\">\n\t\t\t\t<div class=\"elementor-widget-container\">\n\t\t\t\t\t\t\t\t\t<p>L\u2019isolement social peut avoir de s\u00e9rieuses cons\u00e9quences sur le bien-\u00eatre. Il peut exacerber la d\u00e9prime, l\u2019anxi\u00e9t\u00e9 et le sentiment de solitude. Ces \u00e9motions peuvent faire en sorte qu\u2019il soit plus difficile de penser clairement, surtout quand on se sent oblig\u00e9 de prendre une d\u00e9cision. Les fraudeurs en profitent pour pousser les gens \u00e0 prendre des d\u00e9cisions rapidement.<\/p>\t\t\t\t\t\t\t\t<\/div>\n\t\t\t\t<\/div>\n\t\t\t\t<div class=\"elementor-element elementor-element-e995606 mobile_pera elementor-widget elementor-widget-text-editor\" data-id=\"e995606\" data-element_type=\"widget\" data-e-type=\"widget\" data-widget_type=\"text-editor.default\">\n\t\t\t\t<div class=\"elementor-widget-container\">\n\t\t\t\t\t\t\t\t\t<p>La personne qui veille \u00e0 rester entour\u00e9e renforce sa r\u00e9silience \u00e9motionnelle et son filet de s\u00e9curit\u00e9 est constitu\u00e9 de personnes de confiance. Qu\u2019il s\u2019agisse d\u2019un ami \u00e0 qui parler d\u2019une d\u00e9cision financi\u00e8re ou d\u2019un proche qui reconna\u00eet les signes avant-coureurs d\u2019une escroquerie, le maintien d\u2019un lien social est l\u2019une des meilleures armes contre l\u2019exploitation.<\/p>\t\t\t\t\t\t\t\t<\/div>\n\t\t\t\t<\/div>\n\t\t\t\t<div class=\"elementor-element elementor-element-7f15eb3 mobile_pera elementor-widget elementor-widget-text-editor\" data-id=\"7f15eb3\" data-element_type=\"widget\" data-e-type=\"widget\" data-widget_type=\"text-editor.default\">\n\t\t\t\t<div class=\"elementor-widget-container\">\n\t\t\t\t\t\t\t\t\t<p><b>Quelques fa\u00e7ons simples de maintenir le contact<\/b><\/p>\t\t\t\t\t\t\t\t<\/div>\n\t\t\t\t<\/div>\n\t\t\t\t<div class=\"elementor-element elementor-element-4e2dc5f mobile_pera elementor-widget elementor-widget-text-editor\" data-id=\"4e2dc5f\" data-element_type=\"widget\" data-e-type=\"widget\" data-widget_type=\"text-editor.default\">\n\t\t\t\t<div class=\"elementor-widget-container\">\n\t\t\t\t\t\t\t\t\t<p>\u2022 <b>Abordez le sujet des escroqueries<\/b><\/p><p><span style=\"font-style: inherit; font-weight: inherit;\">Apprenez \u00e0 rep\u00e9rer les signes avant-coureurs d\u2019une fraude, comme l\u2019impression qu\u2019on vous pousse \u00e0 agir rapidement ou \u00e0 donner de l\u2019argent, et parlez-en ouvertement. Prenez tout le temps qu\u2019il vous faut avant de prendre une d\u00e9cision financi\u00e8re.<\/span><\/p>\t\t\t\t\t\t\t\t<\/div>\n\t\t\t\t<\/div>\n\t\t\t\t<div class=\"elementor-element elementor-element-74263c8 mobile_pera elementor-widget elementor-widget-text-editor\" data-id=\"74263c8\" data-element_type=\"widget\" data-e-type=\"widget\" data-widget_type=\"text-editor.default\">\n\t\t\t\t<div class=\"elementor-widget-container\">\n\t\t\t\t\t\t\t\t\t<p>\u2022<b> Maintenez le contact avec vos proches<\/b><\/p><p>Cela peut \u00eatre aussi simple qu\u2019un bref appel t\u00e9l\u00e9phonique, un texto ou un mot coll\u00e9 \u00e0 la porte. Si vous avez acc\u00e8s \u00e0 des outils technologiques, faites une petite jasette virtuelle sur FaceTime ou Facebook Messenger. Ces \u00e9changes vous aideront \u00e0 rester au courant des derni\u00e8res nouvelles dans votre entourage.<\/p>\t\t\t\t\t\t\t\t<\/div>\n\t\t\t\t<\/div>\n\t\t\t\t<div class=\"elementor-element elementor-element-63cc801 mobile_pera elementor-widget elementor-widget-text-editor\" data-id=\"63cc801\" data-element_type=\"widget\" data-e-type=\"widget\" data-widget_type=\"text-editor.default\">\n\t\t\t\t<div class=\"elementor-widget-container\">\n\t\t\t\t\t\t\t\t\t<p>\u2022<b> Joignez-vous \u00e0 des groupes communautaires<\/b><\/p><p>Impliquez-vous dans des groupes locaux, comme des clubs sociaux et des centres pour personnes \u00e2g\u00e9es. Plusieurs organisent des rencontres r\u00e9guli\u00e8res et offrent des activit\u00e9s o\u00f9 il fait bon sociabiliser.<\/p>\t\t\t\t\t\t\t\t<\/div>\n\t\t\t\t<\/div>\n\t\t\t\t<div class=\"elementor-element elementor-element-ba1c9fd mobile_pera elementor-widget elementor-widget-text-editor\" data-id=\"ba1c9fd\" data-element_type=\"widget\" data-e-type=\"widget\" data-widget_type=\"text-editor.default\">\n\t\t\t\t<div class=\"elementor-widget-container\">\n\t\t\t\t\t\t\t\t\t<p>\u2022<b> Soyez actif<\/b><\/p><p>Allez marcher avec un ami ou inscrivez-vous \u00e0 une classe de conditionnement physique; ce sont deux bonnes fa\u00e7ons de rencontrer des gens et de rester actif.<\/p>\t\t\t\t\t\t\t\t<\/div>\n\t\t\t\t<\/div>\n\t\t\t\t<div class=\"elementor-element elementor-element-1b4c40c mobile_pera elementor-widget elementor-widget-text-editor\" data-id=\"1b4c40c\" data-element_type=\"widget\" data-e-type=\"widget\" data-widget_type=\"text-editor.default\">\n\t\t\t\t<div class=\"elementor-widget-container\">\n\t\t\t\t\t\t\t\t\t<p>\u2022<b> Pratiquez votre foi, peu importe o\u00f9 vous \u00eates.<\/b><\/p><p><span style=\"font-style: inherit; font-weight: inherit;\">Si vous ne pouvez pas assister aux services religieux en personne, votre \u00e9glise ou tout autre endroit de culte propose peut-\u00eatre des solutions virtuelles.<\/span><\/p>\t\t\t\t\t\t\t\t<\/div>\n\t\t\t\t<\/div>\n\t\t\t\t<div class=\"elementor-element elementor-element-bfc85f9 mobile_pera elementor-widget elementor-widget-text-editor\" data-id=\"bfc85f9\" data-element_type=\"widget\" data-e-type=\"widget\" data-widget_type=\"text-editor.default\">\n\t\t\t\t<div class=\"elementor-widget-container\">\n\t\t\t\t\t\t\t\t\t<p><b>Ayez conscience des risques<\/b><\/p>\t\t\t\t\t\t\t\t<\/div>\n\t\t\t\t<\/div>\n\t\t\t\t<div class=\"elementor-element elementor-element-3b5981f mobile_pera elementor-widget elementor-widget-text-editor\" data-id=\"3b5981f\" data-element_type=\"widget\" data-e-type=\"widget\" data-widget_type=\"text-editor.default\">\n\t\t\t\t<div class=\"elementor-widget-container\">\n\t\t\t\t\t\t\t\t\t<p>Lorsque vous passez d\u2019un salaire \u00e0 un revenu de retraite fixe, il peut \u00eatre plus difficile de se remettre d\u2019une perte financi\u00e8re. Assurez-vous d\u2019\u00eatre bien entour\u00e9 et gardez-vous au fait de l\u2019actualit\u00e9 pour vous prot\u00e9ger, vous et votre argent. Visitez Finances50Plus.FCNB.ca pour en savoir plus.<\/p>\t\t\t\t\t\t\t\t<\/div>\n\t\t\t\t<\/div>\n\t\t\t\t<div class=\"elementor-element elementor-element-22b52ac mobile_pera elementor-widget elementor-widget-text-editor\" data-id=\"22b52ac\" data-element_type=\"widget\" data-e-type=\"widget\" data-widget_type=\"text-editor.default\">\n\t\t\t\t<div class=\"elementor-widget-container\">\n\t\t\t\t\t\t\t\t\t<p><em>Contenu commandit\u00e9<\/em><\/p>\t\t\t\t\t\t\t\t<\/div>\n\t\t\t\t<\/div>\n\t\t\t\t\t<\/div>\n\t\t<\/div>\n\t\t\t\t\t<\/div>\n\t\t<\/section>\n\t\t\t\t<\/div>\n\t\t","protected":false},"excerpt":{"rendered":"<p>Garder des contacts est la meilleure d\u00e9fense contre les escroqueries En vieillissant, avoir une vie sociale active n\u2019est pas seulement bon pour la sant\u00e9, c\u2019est aussi une excellente fa\u00e7on de se prot\u00e9ger contre la fraude et la maltraitance financi\u00e8re. Les fraudeurs ciblent souvent les personnes qui se sentent seules. C\u2019est pourquoi il est important de [&hellip;]<\/p>\n","protected":false},"author":7,"featured_media":0,"parent":0,"menu_order":9,"comment_status":"closed","ping_status":"closed","template":"","meta":{"site-sidebar-layout":"no-sidebar","site-content-layout":"page-builder","ast-site-content-layout":"default","site-content-style":"default","site-sidebar-style":"default","ast-global-header-display":"","ast-banner-title-visibility":"","ast-main-header-display":"","ast-hfb-above-header-display":"","ast-hfb-below-header-display":"","ast-hfb-mobile-header-display":"","site-post-title":"disabled","ast-breadcrumbs-content":"","ast-featured-img":"disabled","footer-sml-layout":"","ast-disable-related-posts":"","theme-transparent-header-meta":"default","adv-header-id-meta":"","stick-header-meta":"","header-above-stick-meta":"","header-main-stick-meta":"","header-below-stick-meta":"","astra-migrate-meta-layouts":"default","ast-page-background-enabled":"default","ast-page-background-meta":{"desktop":{"background-color":"var(--ast-global-color-4)","background-image":"","background-repeat":"repeat","background-position":"center center","background-size":"auto","background-attachment":"scroll","background-type":"","background-media":"","overlay-type":"","overlay-color":"","overlay-opacity":"","overlay-gradient":""},"tablet":{"background-color":"","background-image":"","background-repeat":"repeat","background-position":"center center","background-size":"auto","background-attachment":"scroll","background-type":"","background-media":"","overlay-type":"","overlay-color":"","overlay-opacity":"","overlay-gradient":""},"mobile":{"background-color":"","background-image":"","background-repeat":"repeat","background-position":"center center","background-size":"auto","background-attachment":"scroll","background-type":"","background-media":"","overlay-type":"","overlay-color":"","overlay-opacity":"","overlay-gradient":""}},"ast-content-background-meta":{"desktop":{"background-color":"var(--ast-global-color-5)","background-image":"","background-repeat":"repeat","background-position":"center center","background-size":"auto","background-attachment":"scroll","background-type":"","background-media":"","overlay-type":"","overlay-color":"","overlay-opacity":"","overlay-gradient":""},"tablet":{"background-color":"var(--ast-global-color-5)","background-image":"","background-repeat":"repeat","background-position":"center center","background-size":"auto","background-attachment":"scroll","background-type":"","background-media":"","overlay-type":"","overlay-color":"","overlay-opacity":"","overlay-gradient":""},"mobile":{"background-color":"var(--ast-global-color-5)","background-image":"","background-repeat":"repeat","background-position":"center center","background-size":"auto","background-attachment":"scroll","background-type":"","background-media":"","overlay-type":"","overlay-color":"","overlay-opacity":"","overlay-gradient":""}},"footnotes":""},"page-categories":[],"class_list":["post-7966","page","type-page","status-publish","hentry"],"_links":{"self":[{"href":"https:\/\/kiosque.acadienouvelle.com\/vie-50-01-2026\/wp-json\/wp\/v2\/pages\/7966","targetHints":{"allow":["GET"]}}],"collection":[{"href":"https:\/\/kiosque.acadienouvelle.com\/vie-50-01-2026\/wp-json\/wp\/v2\/pages"}],"about":[{"href":"https:\/\/kiosque.acadienouvelle.com\/vie-50-01-2026\/wp-json\/wp\/v2\/types\/page"}],"author":[{"embeddable":true,"href":"https:\/\/kiosque.acadienouvelle.com\/vie-50-01-2026\/wp-json\/wp\/v2\/users\/7"}],"replies":[{"embeddable":true,"href":"https:\/\/kiosque.acadienouvelle.com\/vie-50-01-2026\/wp-json\/wp\/v2\/comments?post=7966"}],"version-history":[{"count":19,"href":"https:\/\/kiosque.acadienouvelle.com\/vie-50-01-2026\/wp-json\/wp\/v2\/pages\/7966\/revisions"}],"predecessor-version":[{"id":7986,"href":"https:\/\/kiosque.acadienouvelle.com\/vie-50-01-2026\/wp-json\/wp\/v2\/pages\/7966\/revisions\/7986"}],"wp:attachment":[{"href":"https:\/\/kiosque.acadienouvelle.com\/vie-50-01-2026\/wp-json\/wp\/v2\/media?parent=7966"}],"wp:term":[{"taxonomy":"page-categories","embeddable":true,"href":"https:\/\/kiosque.acadienouvelle.com\/vie-50-01-2026\/wp-json\/wp\/v2\/page-categories?post=7966"}],"curies":[{"name":"wp","href":"https:\/\/api.w.org\/{rel}","templated":true}]}}