{"id":8013,"date":"2026-03-04T13:45:05","date_gmt":"2026-03-04T13:45:05","guid":{"rendered":"https:\/\/kiosque.acadienouvelle.com\/vie-50-01-2026\/agir-ensemble-pour-et-avec-les-anes-du-nouveau-brunswick\/"},"modified":"2026-03-05T13:51:59","modified_gmt":"2026-03-05T13:51:59","slug":"agir-ensemble-pour-et-avec-les-anes-du-nouveau-brunswick","status":"publish","type":"page","link":"https:\/\/kiosque.acadienouvelle.com\/vie-50-01-2026\/agir-ensemble-pour-et-avec-les-anes-du-nouveau-brunswick\/","title":{"rendered":"Agir ensemble pour et avec les a\u00een\u00e9(e)s du Nouveau-Brunswick"},"content":{"rendered":"\t\t<div data-elementor-type=\"wp-page\" data-elementor-id=\"8013\" class=\"elementor elementor-8013\" data-elementor-post-type=\"page\">\n\t\t\t\t\t\t<section class=\"elementor-section elementor-top-section elementor-element elementor-element-50c1b6e elementor-section-height-min-height header_title banner_img elementor-section-boxed elementor-section-height-default elementor-section-items-middle\" data-id=\"50c1b6e\" data-element_type=\"section\" data-e-type=\"section\" data-settings=\"{&quot;background_background&quot;:&quot;classic&quot;}\">\n\t\t\t\t\t\t\t<div class=\"elementor-background-overlay\"><\/div>\n\t\t\t\t\t\t\t<div class=\"elementor-container elementor-column-gap-default\">\n\t\t\t\t\t<div class=\"elementor-column elementor-col-100 elementor-top-column elementor-element elementor-element-3a2d241\" data-id=\"3a2d241\" data-element_type=\"column\" data-e-type=\"column\">\n\t\t\t<div class=\"elementor-widget-wrap elementor-element-populated\">\n\t\t\t\t\t\t<div class=\"elementor-element elementor-element-9673cd2 elementor-widget elementor-widget-heading\" data-id=\"9673cd2\" data-element_type=\"widget\" data-e-type=\"widget\" data-widget_type=\"heading.default\">\n\t\t\t\t<div class=\"elementor-widget-container\">\n\t\t\t\t\t<h2 class=\"elementor-heading-title elementor-size-default\">Agir ensemble pour et avec les a\u00een\u00e9(e)s du Nouveau-Brunswick<\/h2>\t\t\t\t<\/div>\n\t\t\t\t<\/div>\n\t\t\t\t\t<\/div>\n\t\t<\/div>\n\t\t\t\t\t<\/div>\n\t\t<\/section>\n\t\t\t\t<section class=\"elementor-section elementor-top-section elementor-element elementor-element-d9a853a elementor-section-boxed elementor-section-height-default elementor-section-height-default\" data-id=\"d9a853a\" data-element_type=\"section\" data-e-type=\"section\">\n\t\t\t\t\t\t<div class=\"elementor-container elementor-column-gap-default\">\n\t\t\t\t\t<div class=\"elementor-column elementor-col-100 elementor-top-column elementor-element elementor-element-68d9c5a page_contain\" data-id=\"68d9c5a\" data-element_type=\"column\" data-e-type=\"column\" data-settings=\"{&quot;background_background&quot;:&quot;classic&quot;}\">\n\t\t\t<div class=\"elementor-widget-wrap elementor-element-populated\">\n\t\t\t\t\t\t<div class=\"elementor-element elementor-element-50f1f9b elementor-widget elementor-widget-image\" data-id=\"50f1f9b\" data-element_type=\"widget\" data-e-type=\"widget\" data-widget_type=\"image.default\">\n\t\t\t\t<div class=\"elementor-widget-container\">\n\t\t\t\t\t\t\t\t\t\t\t\t<figure class=\"wp-caption\">\n\t\t\t\t\t\t\t\t\t\t<img fetchpriority=\"high\" decoding=\"async\" width=\"1366\" height=\"768\" src=\"https:\/\/kiosque.acadienouvelle.com\/vie-50-01-2026\/wp-content\/uploads\/sites\/383\/2026\/03\/11-Agir_ensemble_landing.jpg\" class=\"attachment-full size-full wp-image-8018\" alt=\"\" srcset=\"https:\/\/kiosque.acadienouvelle.com\/vie-50-01-2026\/wp-content\/uploads\/sites\/383\/2026\/03\/11-Agir_ensemble_landing.jpg 1366w, https:\/\/kiosque.acadienouvelle.com\/vie-50-01-2026\/wp-content\/uploads\/sites\/383\/2026\/03\/11-Agir_ensemble_landing-300x169.jpg 300w, https:\/\/kiosque.acadienouvelle.com\/vie-50-01-2026\/wp-content\/uploads\/sites\/383\/2026\/03\/11-Agir_ensemble_landing-1024x576.jpg 1024w, https:\/\/kiosque.acadienouvelle.com\/vie-50-01-2026\/wp-content\/uploads\/sites\/383\/2026\/03\/11-Agir_ensemble_landing-768x432.jpg 768w\" sizes=\"(max-width: 1366px) 100vw, 1366px\" \/>\t\t\t\t\t\t\t\t\t\t\t<figcaption class=\"widget-image-caption wp-caption-text\"><\/figcaption>\n\t\t\t\t\t\t\t\t\t\t<\/figure>\n\t\t\t\t\t\t\t\t\t<\/div>\n\t\t\t\t<\/div>\n\t\t<link rel=\"stylesheet\" href=\"https:\/\/use.fontawesome.com\/releases\/v5.5.0\/css\/all.css\" integrity=\"sha384-B4dIYHKNBt8Bc12p+WXckhzcICo0wtJAoU8YZTY5qE0Id1GSseTk6S+L3BlXeVIU\" crossorigin=\"anonymous\">\r\n\t\t<div class=\"elementor-element elementor-element-d0a0a3b mobile_pera elementor-widget elementor-widget-text-editor\" data-id=\"d0a0a3b\" data-element_type=\"widget\" data-e-type=\"widget\" data-widget_type=\"text-editor.default\">\n\t\t\t\t<div class=\"elementor-widget-container\">\n\t\t\t\t\t\t\t\t\t<p>Depuis pr\u00e8s de six d\u00e9cennies, la F\u00e9d\u00e9ration des Citoyen(ne)s A\u00een\u00e9(e)s du Nouveau-Brunswick (FCANB) joue un r\u00f4le cl\u00e9 dans la d\u00e9fense des droits, des int\u00e9r\u00eats et de la qualit\u00e9 de vie des a\u00een\u00e9(e)s partout dans la province. En 2026, cette mission demeure plus pertinente que jamais, dans un contexte de vieillissement acc\u00e9l\u00e9r\u00e9 de la population et de pressions accrues sur les services essentiels. Les a\u00een\u00e9(e)s repr\u00e9sentent aujourd\u2019hui une part croissante de la population n\u00e9o-brunswickoise, tant en milieu urbain que rural.<\/p>\t\t\t\t\t\t\t\t<\/div>\n\t\t\t\t<\/div>\n\t\t\t\t<div class=\"elementor-element elementor-element-d616089 elementor-widget elementor-widget-advertisement\" data-id=\"d616089\" data-element_type=\"widget\" data-e-type=\"widget\" data-widget_type=\"advertisement.default\">\n\t\t\t\t<div class=\"elementor-widget-container\">\n\t\t\t\t\t<div class=\"ads-align-center\"><div data-m32-ad data-options='{\"sizes\":\"[[300,250]]\",\"dfpId\":\"21658289790,27729547\",\"dfpAdUnitPath\":\"acadienouvelle\/cahiers_quarterpage_300x250\"}'><\/div><\/div>\t\t\t\t<\/div>\n\t\t\t\t<\/div>\n\t\t\t\t<div class=\"elementor-element elementor-element-2cd0907 mobile_pera elementor-widget elementor-widget-text-editor\" data-id=\"2cd0907\" data-element_type=\"widget\" data-e-type=\"widget\" data-widget_type=\"text-editor.default\">\n\t\t\t\t<div class=\"elementor-widget-container\">\n\t\t\t\t\t\t\t\t\t<p>C\u2019est dans cet esprit que la FCANB tiendra sa 58e assembl\u00e9e g\u00e9n\u00e9rale annuelle (AGA) le mardi 19 mai 2026, \u00e0 la salle Legends du Colis\u00e9e de Moncton. Cet \u00e9v\u00e9nement rassemble chaque ann\u00e9e des d\u00e9l\u00e9gu\u00e9(e)s des clubs\u00a050+ et d\u2019associations de toutes les r\u00e9gions du Nouveau-Brunswick. L\u2019AGA est un moment d\u00e9mocratique fort, o\u00f9 les membres font le point sur l\u2019ann\u00e9e \u00e9coul\u00e9e, adoptent les orientations futures et proposent des r\u00e9solutions qui guideront le travail de repr\u00e9sentation de la F\u00e9d\u00e9ration aupr\u00e8s des d\u00e9cideurs politiques. Cette ann\u00e9e, le poste de pr\u00e9sident(e) de la F\u00e9d\u00e9ration sera \u00e9galement en \u00e9lection.<\/p>\t\t\t\t\t\t\t\t<\/div>\n\t\t\t\t<\/div>\n\t\t\t\t<div class=\"elementor-element elementor-element-7bfa34c mobile_pera elementor-widget elementor-widget-text-editor\" data-id=\"7bfa34c\" data-element_type=\"widget\" data-e-type=\"widget\" data-widget_type=\"text-editor.default\">\n\t\t\t\t<div class=\"elementor-widget-container\">\n\t\t\t\t\t\t\t\t\t<p>L\u2019appel aux r\u00e9solutions est d\u2019ailleurs en cours. Ces propositions, issues du v\u00e9cu des a\u00een\u00e9(e)s sur le terrain, permettent de porter collectivement des enjeux bien r\u00e9els\u00a0: soins \u00e0 domicile, logement, revenu, transport, acc\u00e8s aux services, lutte contre l\u2019isolement ou encore protection contre l\u2019abus et l\u2019exploitation. Chaque r\u00e9solution contribue \u00e0 b\u00e2tir une voix forte et cr\u00e9dible pour toutes les personnes a\u00een\u00e9es du Nouveau-Brunswick.<\/p>\t\t\t\t\t\t\t\t<\/div>\n\t\t\t\t<\/div>\n\t\t\t\t<div class=\"elementor-element elementor-element-74263c8 mobile_pera elementor-widget elementor-widget-text-editor\" data-id=\"74263c8\" data-element_type=\"widget\" data-e-type=\"widget\" data-widget_type=\"text-editor.default\">\n\t\t\t\t<div class=\"elementor-widget-container\">\n\t\t\t\t\t\t\t\t\t<p>Parmi les dossiers marquants des derniers mois, le conseil d\u2019administration a soulign\u00e9 la nomination r\u00e9cente d\u2019une ministre exclusivement responsable des a\u00een\u00e9(e)s, une avanc\u00e9e importante r\u00e9clam\u00e9e depuis longtemps. La FCANB se dit fi\u00e8re de voir Mme&nbsp;Lyne Chantal Boudreau assumer ce r\u00f4le, qui reconna\u00eet enfin le poids d\u00e9mographique et les besoins particuliers des personnes a\u00een\u00e9es au Nouveau-Brunswick. Cette d\u00e9cision repr\u00e9sente un pas significatif vers une meilleure prise en compte des r\u00e9alit\u00e9s v\u00e9cues par les a\u00een\u00e9(e)s. Toutefois, la F\u00e9d\u00e9ration tient \u00e0 rappeler que cette nomination est le fruit d\u2019un travail collectif. La FCANB, aux c\u00f4t\u00e9s de cinq autres organisations provinciales d\u2019a\u00een\u00e9(e)s, fait partie du comit\u00e9 de consultation qui a activement milit\u00e9 pour la cr\u00e9ation de ce poste. Si la couverture m\u00e9diatique a parfois laiss\u00e9 croire que le m\u00e9rite revenait \u00e0 une seule organisation, il est essentiel de reconna\u00eetre l\u2019importance de la collaboration et de poursuivre les consultations afin que cette nouvelle responsabilit\u00e9 minist\u00e9rielle se traduise par des actions concr\u00e8tes et durables.<\/p>\t\t\t\t\t\t\t\t<\/div>\n\t\t\t\t<\/div>\n\t\t\t\t<div class=\"elementor-element elementor-element-4f2a69e mobile_pera elementor-widget elementor-widget-text-editor\" data-id=\"4f2a69e\" data-element_type=\"widget\" data-e-type=\"widget\" data-widget_type=\"text-editor.default\">\n\t\t\t\t<div class=\"elementor-widget-container\">\n\t\t\t\t\t\t\t\t\t<p>Enfin, la FCANB invite la population \u00e0 soutenir son travail par le biais de son 50\/50 provincial. Chaque billet contribue directement au financement des activit\u00e9s de d\u00e9fense, d\u2019information et de repr\u00e9sentation men\u00e9es au nom des a\u00een\u00e9(e)s du Nouveau-Brunswick. Le tirage est ouvert \u00e0 toute personne de 19 ans et plus qui r\u00e9side au Nouveau-Brunswick \u2014 il n\u2019est pas n\u00e9cessaire d\u2019\u00eatre a\u00een\u00e9(e) ni membre de la F\u00e9d\u00e9ration pour participer. Pour plus d\u2019information, appelez Lise ou Anne au bureau au 1\u00a0800\u00a0453-4333.<\/p>\t\t\t\t\t\t\t\t<\/div>\n\t\t\t\t<\/div>\n\t\t\t\t<div class=\"elementor-element elementor-element-46ec6a1 mobile_pera elementor-widget elementor-widget-text-editor\" data-id=\"46ec6a1\" data-element_type=\"widget\" data-e-type=\"widget\" data-widget_type=\"text-editor.default\">\n\t\t\t\t<div class=\"elementor-widget-container\">\n\t\t\t\t\t\t\t\t\t<p>S\u2019impliquer, se faire entendre et soutenir la cause des a\u00een\u00e9(e)s, c\u2019est investir dans une soci\u00e9t\u00e9 plus juste, inclusive et solidaire \u2014 aujourd\u2019hui et pour les g\u00e9n\u00e9rations \u00e0 venir.<\/p>\t\t\t\t\t\t\t\t<\/div>\n\t\t\t\t<\/div>\n\t\t\t\t<div class=\"elementor-element elementor-element-9d8c51e mobile_pera elementor-widget elementor-widget-text-editor\" data-id=\"9d8c51e\" data-element_type=\"widget\" data-e-type=\"widget\" data-widget_type=\"text-editor.default\">\n\t\t\t\t<div class=\"elementor-widget-container\">\n\t\t\t\t\t\t\t\t\t<p><em>Contenu commandit\u00e9<\/em><\/p>\t\t\t\t\t\t\t\t<\/div>\n\t\t\t\t<\/div>\n\t\t\t\t\t<\/div>\n\t\t<\/div>\n\t\t\t\t\t<\/div>\n\t\t<\/section>\n\t\t\t\t<\/div>\n\t\t","protected":false},"excerpt":{"rendered":"<p>Agir ensemble pour et avec les a\u00een\u00e9(e)s du Nouveau-Brunswick Depuis pr\u00e8s de six d\u00e9cennies, la F\u00e9d\u00e9ration des Citoyen(ne)s A\u00een\u00e9(e)s du Nouveau-Brunswick (FCANB) joue un r\u00f4le cl\u00e9 dans la d\u00e9fense des droits, des int\u00e9r\u00eats et de la qualit\u00e9 de vie des a\u00een\u00e9(e)s partout dans la province. En 2026, cette mission demeure plus pertinente que jamais, dans [&hellip;]<\/p>\n","protected":false},"author":7,"featured_media":0,"parent":0,"menu_order":11,"comment_status":"closed","ping_status":"closed","template":"","meta":{"site-sidebar-layout":"no-sidebar","site-content-layout":"page-builder","ast-site-content-layout":"default","site-content-style":"default","site-sidebar-style":"default","ast-global-header-display":"","ast-banner-title-visibility":"","ast-main-header-display":"","ast-hfb-above-header-display":"","ast-hfb-below-header-display":"","ast-hfb-mobile-header-display":"","site-post-title":"disabled","ast-breadcrumbs-content":"","ast-featured-img":"disabled","footer-sml-layout":"","ast-disable-related-posts":"","theme-transparent-header-meta":"default","adv-header-id-meta":"","stick-header-meta":"","header-above-stick-meta":"","header-main-stick-meta":"","header-below-stick-meta":"","astra-migrate-meta-layouts":"default","ast-page-background-enabled":"default","ast-page-background-meta":{"desktop":{"background-color":"var(--ast-global-color-4)","background-image":"","background-repeat":"repeat","background-position":"center center","background-size":"auto","background-attachment":"scroll","background-type":"","background-media":"","overlay-type":"","overlay-color":"","overlay-opacity":"","overlay-gradient":""},"tablet":{"background-color":"","background-image":"","background-repeat":"repeat","background-position":"center center","background-size":"auto","background-attachment":"scroll","background-type":"","background-media":"","overlay-type":"","overlay-color":"","overlay-opacity":"","overlay-gradient":""},"mobile":{"background-color":"","background-image":"","background-repeat":"repeat","background-position":"center center","background-size":"auto","background-attachment":"scroll","background-type":"","background-media":"","overlay-type":"","overlay-color":"","overlay-opacity":"","overlay-gradient":""}},"ast-content-background-meta":{"desktop":{"background-color":"var(--ast-global-color-5)","background-image":"","background-repeat":"repeat","background-position":"center center","background-size":"auto","background-attachment":"scroll","background-type":"","background-media":"","overlay-type":"","overlay-color":"","overlay-opacity":"","overlay-gradient":""},"tablet":{"background-color":"var(--ast-global-color-5)","background-image":"","background-repeat":"repeat","background-position":"center center","background-size":"auto","background-attachment":"scroll","background-type":"","background-media":"","overlay-type":"","overlay-color":"","overlay-opacity":"","overlay-gradient":""},"mobile":{"background-color":"var(--ast-global-color-5)","background-image":"","background-repeat":"repeat","background-position":"center center","background-size":"auto","background-attachment":"scroll","background-type":"","background-media":"","overlay-type":"","overlay-color":"","overlay-opacity":"","overlay-gradient":""}},"footnotes":""},"page-categories":[],"class_list":["post-8013","page","type-page","status-publish","hentry"],"_links":{"self":[{"href":"https:\/\/kiosque.acadienouvelle.com\/vie-50-01-2026\/wp-json\/wp\/v2\/pages\/8013","targetHints":{"allow":["GET"]}}],"collection":[{"href":"https:\/\/kiosque.acadienouvelle.com\/vie-50-01-2026\/wp-json\/wp\/v2\/pages"}],"about":[{"href":"https:\/\/kiosque.acadienouvelle.com\/vie-50-01-2026\/wp-json\/wp\/v2\/types\/page"}],"author":[{"embeddable":true,"href":"https:\/\/kiosque.acadienouvelle.com\/vie-50-01-2026\/wp-json\/wp\/v2\/users\/7"}],"replies":[{"embeddable":true,"href":"https:\/\/kiosque.acadienouvelle.com\/vie-50-01-2026\/wp-json\/wp\/v2\/comments?post=8013"}],"version-history":[{"count":28,"href":"https:\/\/kiosque.acadienouvelle.com\/vie-50-01-2026\/wp-json\/wp\/v2\/pages\/8013\/revisions"}],"predecessor-version":[{"id":8149,"href":"https:\/\/kiosque.acadienouvelle.com\/vie-50-01-2026\/wp-json\/wp\/v2\/pages\/8013\/revisions\/8149"}],"wp:attachment":[{"href":"https:\/\/kiosque.acadienouvelle.com\/vie-50-01-2026\/wp-json\/wp\/v2\/media?parent=8013"}],"wp:term":[{"taxonomy":"page-categories","embeddable":true,"href":"https:\/\/kiosque.acadienouvelle.com\/vie-50-01-2026\/wp-json\/wp\/v2\/page-categories?post=8013"}],"curies":[{"name":"wp","href":"https:\/\/api.w.org\/{rel}","templated":true}]}}