{"id":8041,"date":"2026-03-04T13:57:51","date_gmt":"2026-03-04T13:57:51","guid":{"rendered":"https:\/\/kiosque.acadienouvelle.com\/vie-50-01-2026\/comment-russir-votre-voyage-multignrationnel\/"},"modified":"2026-03-04T14:04:42","modified_gmt":"2026-03-04T14:04:42","slug":"comment-russir-votre-voyage-multignrationnel","status":"publish","type":"page","link":"https:\/\/kiosque.acadienouvelle.com\/vie-50-01-2026\/comment-russir-votre-voyage-multignrationnel\/","title":{"rendered":"Comment r\u00e9ussir votre voyage multig\u00e9n\u00e9rationnel"},"content":{"rendered":"\t\t<div data-elementor-type=\"wp-page\" data-elementor-id=\"8041\" class=\"elementor elementor-8041\" data-elementor-post-type=\"page\">\n\t\t\t\t\t\t<section class=\"elementor-section elementor-top-section elementor-element elementor-element-50c1b6e elementor-section-height-min-height header_title banner_img elementor-section-boxed elementor-section-height-default elementor-section-items-middle\" data-id=\"50c1b6e\" data-element_type=\"section\" data-e-type=\"section\" data-settings=\"{&quot;background_background&quot;:&quot;classic&quot;}\">\n\t\t\t\t\t\t\t<div class=\"elementor-background-overlay\"><\/div>\n\t\t\t\t\t\t\t<div class=\"elementor-container elementor-column-gap-default\">\n\t\t\t\t\t<div class=\"elementor-column elementor-col-100 elementor-top-column elementor-element elementor-element-3a2d241\" data-id=\"3a2d241\" data-element_type=\"column\" data-e-type=\"column\">\n\t\t\t<div class=\"elementor-widget-wrap elementor-element-populated\">\n\t\t\t\t\t\t<div class=\"elementor-element elementor-element-9673cd2 elementor-widget elementor-widget-heading\" data-id=\"9673cd2\" data-element_type=\"widget\" data-e-type=\"widget\" data-widget_type=\"heading.default\">\n\t\t\t\t<div class=\"elementor-widget-container\">\n\t\t\t\t\t<h2 class=\"elementor-heading-title elementor-size-default\">Comment r\u00e9ussir votre voyage multig\u00e9n\u00e9rationnel<\/h2>\t\t\t\t<\/div>\n\t\t\t\t<\/div>\n\t\t\t\t\t<\/div>\n\t\t<\/div>\n\t\t\t\t\t<\/div>\n\t\t<\/section>\n\t\t\t\t<section class=\"elementor-section elementor-top-section elementor-element elementor-element-d9a853a elementor-section-boxed elementor-section-height-default elementor-section-height-default\" data-id=\"d9a853a\" data-element_type=\"section\" data-e-type=\"section\">\n\t\t\t\t\t\t<div class=\"elementor-container elementor-column-gap-default\">\n\t\t\t\t\t<div class=\"elementor-column elementor-col-100 elementor-top-column elementor-element elementor-element-68d9c5a page_contain\" data-id=\"68d9c5a\" data-element_type=\"column\" data-e-type=\"column\" data-settings=\"{&quot;background_background&quot;:&quot;classic&quot;}\">\n\t\t\t<div class=\"elementor-widget-wrap elementor-element-populated\">\n\t\t\t\t\t\t<div class=\"elementor-element elementor-element-50f1f9b elementor-widget elementor-widget-image\" data-id=\"50f1f9b\" data-element_type=\"widget\" data-e-type=\"widget\" data-widget_type=\"image.default\">\n\t\t\t\t<div class=\"elementor-widget-container\">\n\t\t\t\t\t\t\t\t\t\t\t\t<figure class=\"wp-caption\">\n\t\t\t\t\t\t\t\t\t\t<img fetchpriority=\"high\" decoding=\"async\" width=\"1366\" height=\"768\" src=\"https:\/\/kiosque.acadienouvelle.com\/vie-50-01-2026\/wp-content\/uploads\/sites\/383\/2026\/03\/12-comment_reussir_landing.jpg\" class=\"attachment-full size-full wp-image-8043\" alt=\"\" srcset=\"https:\/\/kiosque.acadienouvelle.com\/vie-50-01-2026\/wp-content\/uploads\/sites\/383\/2026\/03\/12-comment_reussir_landing.jpg 1366w, https:\/\/kiosque.acadienouvelle.com\/vie-50-01-2026\/wp-content\/uploads\/sites\/383\/2026\/03\/12-comment_reussir_landing-300x169.jpg 300w, https:\/\/kiosque.acadienouvelle.com\/vie-50-01-2026\/wp-content\/uploads\/sites\/383\/2026\/03\/12-comment_reussir_landing-1024x576.jpg 1024w, https:\/\/kiosque.acadienouvelle.com\/vie-50-01-2026\/wp-content\/uploads\/sites\/383\/2026\/03\/12-comment_reussir_landing-768x432.jpg 768w\" sizes=\"(max-width: 1366px) 100vw, 1366px\" \/>\t\t\t\t\t\t\t\t\t\t\t<figcaption class=\"widget-image-caption wp-caption-text\"><\/figcaption>\n\t\t\t\t\t\t\t\t\t\t<\/figure>\n\t\t\t\t\t\t\t\t\t<\/div>\n\t\t\t\t<\/div>\n\t\t<link rel=\"stylesheet\" href=\"https:\/\/use.fontawesome.com\/releases\/v5.5.0\/css\/all.css\" integrity=\"sha384-B4dIYHKNBt8Bc12p+WXckhzcICo0wtJAoU8YZTY5qE0Id1GSseTk6S+L3BlXeVIU\" crossorigin=\"anonymous\">\r\n\t\t<div class=\"elementor-element elementor-element-d0a0a3b mobile_pera elementor-widget elementor-widget-text-editor\" data-id=\"d0a0a3b\" data-element_type=\"widget\" data-e-type=\"widget\" data-widget_type=\"text-editor.default\">\n\t\t\t\t<div class=\"elementor-widget-container\">\n\t\t\t\t\t\t\t\t\t<p>Les voyages multig\u00e9n\u00e9rationnels r\u00e9unissent grands-parents, parents et enfants pour cr\u00e9er des souvenirs communs, une tendance en forte croissance valorisant le temps de qualit\u00e9 en famille \u00e9largie. Ces s\u00e9jours n\u00e9cessitent une planification minutieuse pour \u00e9quilibrer les int\u00e9r\u00eats vari\u00e9s, privil\u00e9giant souvent des h\u00e9bergements spacieux, des croisi\u00e8res ou des formules tout inclus adapt\u00e9es \u00e0 tous les \u00e2ges.<\/p>\t\t\t\t\t\t\t\t<\/div>\n\t\t\t\t<\/div>\n\t\t\t\t<div class=\"elementor-element elementor-element-b25266d mobile_pera elementor-widget elementor-widget-text-editor\" data-id=\"b25266d\" data-element_type=\"widget\" data-e-type=\"widget\" data-widget_type=\"text-editor.default\">\n\t\t\t\t<div class=\"elementor-widget-container\">\n\t\t\t\t\t\t\t\t\t<p>Le nombre de m\u00e9nages multig\u00e9n\u00e9rationnels est en hausse au Canada, avec une augmentation de 50 pour cent au cours des 20 derni\u00e8res ann\u00e9es. Voyager en famille peut \u00eatre une exp\u00e9rience m\u00e9morable, \u00e0 condition que la planification r\u00e9ponde aux besoins de chacun.<\/p>\t\t\t\t\t\t\t\t<\/div>\n\t\t\t\t<\/div>\n\t\t\t\t<div class=\"elementor-element elementor-element-0b6ad93 mobile_pera elementor-widget elementor-widget-text-editor\" data-id=\"0b6ad93\" data-element_type=\"widget\" data-e-type=\"widget\" data-widget_type=\"text-editor.default\">\n\t\t\t\t<div class=\"elementor-widget-container\">\n\t\t\t\t\t\t\t\t\t<p><b>Voici quelques conseils pratiques<\/b><\/p>\t\t\t\t\t\t\t\t<\/div>\n\t\t\t\t<\/div>\n\t\t\t\t<div class=\"elementor-element elementor-element-0b6f371 mobile_pera elementor-widget elementor-widget-text-editor\" data-id=\"0b6f371\" data-element_type=\"widget\" data-e-type=\"widget\" data-widget_type=\"text-editor.default\">\n\t\t\t\t<div class=\"elementor-widget-container\">\n\t\t\t\t\t\t\t\t\t<ol><li>Toutes les attractions ne plaisent pas \u00e0 tout le monde ; il peut donc \u00eatre judicieux de se s\u00e9parer pendant la journ\u00e9e. Parents et enfants peuvent se rendre au zoo ou au parc aquatique, tandis que les grands-parents explorent un mus\u00e9e ou une galerie d\u2019art. Retrouvez-vous au souper pour partager des anecdotes.<\/li><li>Recherchez des h\u00e9bergements flexibles avec chambres ou cuisinettes s\u00e9par\u00e9es. Un espace suppl\u00e9mentaire peut faciliter les voyages en famille nombreuse.<\/li><li>Faites participer les grands-parents \u00e0 la planification et \u00e0 la garde des enfants, et v\u00e9rifiez l\u2019accessibilit\u00e9 avant de choisir les attractions.<\/li><li>Pr\u00e9voyez du temps pour vous d\u00e9tendre entre les activit\u00e9s afin que le voyage ne soit pas pr\u00e9cipit\u00e9.<\/li><\/ol>\t\t\t\t\t\t\t\t<\/div>\n\t\t\t\t<\/div>\n\t\t\t\t<div class=\"elementor-element elementor-element-74263c8 mobile_pera elementor-widget elementor-widget-text-editor\" data-id=\"74263c8\" data-element_type=\"widget\" data-e-type=\"widget\" data-widget_type=\"text-editor.default\">\n\t\t\t\t<div class=\"elementor-widget-container\">\n\t\t\t\t\t\t\t\t\t<p>Avec une bonne planification, les voyages multig\u00e9n\u00e9rationnels peuvent cr\u00e9er des souvenirs inoubliables pour tous.<\/p>\t\t\t\t\t\t\t\t<\/div>\n\t\t\t\t<\/div>\n\t\t\t\t<div class=\"elementor-element elementor-element-0640da7 mobile_pera elementor-widget elementor-widget-text-editor\" data-id=\"0640da7\" data-element_type=\"widget\" data-e-type=\"widget\" data-widget_type=\"text-editor.default\">\n\t\t\t\t<div class=\"elementor-widget-container\">\n\t\t\t\t\t\t\t\t\t<p><em>Source : \u00c9dition Nouvelles<\/em><\/p>\t\t\t\t\t\t\t\t<\/div>\n\t\t\t\t<\/div>\n\t\t\t\t\t<\/div>\n\t\t<\/div>\n\t\t\t\t\t<\/div>\n\t\t<\/section>\n\t\t\t\t<\/div>\n\t\t","protected":false},"excerpt":{"rendered":"<p>Comment r\u00e9ussir votre voyage multig\u00e9n\u00e9rationnel Les voyages multig\u00e9n\u00e9rationnels r\u00e9unissent grands-parents, parents et enfants pour cr\u00e9er des souvenirs communs, une tendance en forte croissance valorisant le temps de qualit\u00e9 en famille \u00e9largie. Ces s\u00e9jours n\u00e9cessitent une planification minutieuse pour \u00e9quilibrer les int\u00e9r\u00eats vari\u00e9s, privil\u00e9giant souvent des h\u00e9bergements spacieux, des croisi\u00e8res ou des formules tout inclus adapt\u00e9es [&hellip;]<\/p>\n","protected":false},"author":7,"featured_media":0,"parent":0,"menu_order":12,"comment_status":"closed","ping_status":"closed","template":"","meta":{"site-sidebar-layout":"no-sidebar","site-content-layout":"page-builder","ast-site-content-layout":"default","site-content-style":"default","site-sidebar-style":"default","ast-global-header-display":"","ast-banner-title-visibility":"","ast-main-header-display":"","ast-hfb-above-header-display":"","ast-hfb-below-header-display":"","ast-hfb-mobile-header-display":"","site-post-title":"disabled","ast-breadcrumbs-content":"","ast-featured-img":"disabled","footer-sml-layout":"","ast-disable-related-posts":"","theme-transparent-header-meta":"default","adv-header-id-meta":"","stick-header-meta":"","header-above-stick-meta":"","header-main-stick-meta":"","header-below-stick-meta":"","astra-migrate-meta-layouts":"default","ast-page-background-enabled":"default","ast-page-background-meta":{"desktop":{"background-color":"var(--ast-global-color-4)","background-image":"","background-repeat":"repeat","background-position":"center center","background-size":"auto","background-attachment":"scroll","background-type":"","background-media":"","overlay-type":"","overlay-color":"","overlay-opacity":"","overlay-gradient":""},"tablet":{"background-color":"","background-image":"","background-repeat":"repeat","background-position":"center center","background-size":"auto","background-attachment":"scroll","background-type":"","background-media":"","overlay-type":"","overlay-color":"","overlay-opacity":"","overlay-gradient":""},"mobile":{"background-color":"","background-image":"","background-repeat":"repeat","background-position":"center center","background-size":"auto","background-attachment":"scroll","background-type":"","background-media":"","overlay-type":"","overlay-color":"","overlay-opacity":"","overlay-gradient":""}},"ast-content-background-meta":{"desktop":{"background-color":"var(--ast-global-color-5)","background-image":"","background-repeat":"repeat","background-position":"center center","background-size":"auto","background-attachment":"scroll","background-type":"","background-media":"","overlay-type":"","overlay-color":"","overlay-opacity":"","overlay-gradient":""},"tablet":{"background-color":"var(--ast-global-color-5)","background-image":"","background-repeat":"repeat","background-position":"center center","background-size":"auto","background-attachment":"scroll","background-type":"","background-media":"","overlay-type":"","overlay-color":"","overlay-opacity":"","overlay-gradient":""},"mobile":{"background-color":"var(--ast-global-color-5)","background-image":"","background-repeat":"repeat","background-position":"center center","background-size":"auto","background-attachment":"scroll","background-type":"","background-media":"","overlay-type":"","overlay-color":"","overlay-opacity":"","overlay-gradient":""}},"footnotes":""},"page-categories":[],"class_list":["post-8041","page","type-page","status-publish","hentry"],"_links":{"self":[{"href":"https:\/\/kiosque.acadienouvelle.com\/vie-50-01-2026\/wp-json\/wp\/v2\/pages\/8041","targetHints":{"allow":["GET"]}}],"collection":[{"href":"https:\/\/kiosque.acadienouvelle.com\/vie-50-01-2026\/wp-json\/wp\/v2\/pages"}],"about":[{"href":"https:\/\/kiosque.acadienouvelle.com\/vie-50-01-2026\/wp-json\/wp\/v2\/types\/page"}],"author":[{"embeddable":true,"href":"https:\/\/kiosque.acadienouvelle.com\/vie-50-01-2026\/wp-json\/wp\/v2\/users\/7"}],"replies":[{"embeddable":true,"href":"https:\/\/kiosque.acadienouvelle.com\/vie-50-01-2026\/wp-json\/wp\/v2\/comments?post=8041"}],"version-history":[{"count":16,"href":"https:\/\/kiosque.acadienouvelle.com\/vie-50-01-2026\/wp-json\/wp\/v2\/pages\/8041\/revisions"}],"predecessor-version":[{"id":8058,"href":"https:\/\/kiosque.acadienouvelle.com\/vie-50-01-2026\/wp-json\/wp\/v2\/pages\/8041\/revisions\/8058"}],"wp:attachment":[{"href":"https:\/\/kiosque.acadienouvelle.com\/vie-50-01-2026\/wp-json\/wp\/v2\/media?parent=8041"}],"wp:term":[{"taxonomy":"page-categories","embeddable":true,"href":"https:\/\/kiosque.acadienouvelle.com\/vie-50-01-2026\/wp-json\/wp\/v2\/page-categories?post=8041"}],"curies":[{"name":"wp","href":"https:\/\/api.w.org\/{rel}","templated":true}]}}