{"id":7924,"date":"2025-12-01T15:08:08","date_gmt":"2025-12-01T15:08:08","guid":{"rendered":"https:\/\/kiosque.acadienouvelle.com\/vie-50-04-2025\/?page_id=7924"},"modified":"2025-12-02T18:18:42","modified_gmt":"2025-12-02T18:18:42","slug":"foyer-de-soins-sans-mur-la-villa","status":"publish","type":"page","link":"https:\/\/kiosque.acadienouvelle.com\/vie-50-04-2025\/foyer-de-soins-sans-mur-la-villa\/","title":{"rendered":"Foyer de soins sans mur-La Villa St-Isidore et la Villa Saint-Joseph adh\u00e8rent au programme!"},"content":{"rendered":"\t\t<div data-elementor-type=\"wp-page\" data-elementor-id=\"7924\" class=\"elementor elementor-7924\" data-elementor-post-type=\"page\">\n\t\t\t\t\t\t<section class=\"elementor-section elementor-top-section elementor-element elementor-element-50c1b6e elementor-section-height-min-height header_title banner_img elementor-section-boxed elementor-section-height-default elementor-section-items-middle\" data-id=\"50c1b6e\" data-element_type=\"section\" data-e-type=\"section\" data-settings=\"{&quot;background_background&quot;:&quot;classic&quot;}\">\n\t\t\t\t\t\t\t<div class=\"elementor-background-overlay\"><\/div>\n\t\t\t\t\t\t\t<div class=\"elementor-container elementor-column-gap-default\">\n\t\t\t\t\t<div class=\"elementor-column elementor-col-100 elementor-top-column elementor-element elementor-element-3a2d241\" data-id=\"3a2d241\" data-element_type=\"column\" data-e-type=\"column\">\n\t\t\t<div class=\"elementor-widget-wrap elementor-element-populated\">\n\t\t\t\t\t\t<div class=\"elementor-element elementor-element-9673cd2 elementor-widget elementor-widget-heading\" data-id=\"9673cd2\" data-element_type=\"widget\" data-e-type=\"widget\" data-widget_type=\"heading.default\">\n\t\t\t\t<div class=\"elementor-widget-container\">\n\t\t\t\t\t<h2 class=\"elementor-heading-title elementor-size-default\">Foyer de soins sans mur - La Villa St-Isidore et la Villa Saint-Joseph adh\u00e8rent au programme!<\/h2>\t\t\t\t<\/div>\n\t\t\t\t<\/div>\n\t\t\t\t\t<\/div>\n\t\t<\/div>\n\t\t\t\t\t<\/div>\n\t\t<\/section>\n\t\t\t\t<section class=\"elementor-section elementor-top-section elementor-element elementor-element-d9a853a elementor-section-boxed elementor-section-height-default elementor-section-height-default\" data-id=\"d9a853a\" data-element_type=\"section\" data-e-type=\"section\">\n\t\t\t\t\t\t<div class=\"elementor-container elementor-column-gap-default\">\n\t\t\t\t\t<div class=\"elementor-column elementor-col-100 elementor-top-column elementor-element elementor-element-68d9c5a page_contain\" data-id=\"68d9c5a\" data-element_type=\"column\" data-e-type=\"column\" data-settings=\"{&quot;background_background&quot;:&quot;classic&quot;}\">\n\t\t\t<div class=\"elementor-widget-wrap elementor-element-populated\">\n\t\t\t\t\t\t<div class=\"elementor-element elementor-element-50f1f9b elementor-widget elementor-widget-image\" data-id=\"50f1f9b\" data-element_type=\"widget\" data-e-type=\"widget\" data-widget_type=\"image.default\">\n\t\t\t\t<div class=\"elementor-widget-container\">\n\t\t\t\t\t\t\t\t\t\t\t\t<figure class=\"wp-caption\">\n\t\t\t\t\t\t\t\t\t\t<img fetchpriority=\"high\" decoding=\"async\" width=\"1366\" height=\"768\" src=\"https:\/\/kiosque.acadienouvelle.com\/vie-50-04-2025\/wp-content\/uploads\/sites\/372\/2025\/12\/4-landing.jpg\" class=\"attachment-full size-full wp-image-7929\" alt=\"\" srcset=\"https:\/\/kiosque.acadienouvelle.com\/vie-50-04-2025\/wp-content\/uploads\/sites\/372\/2025\/12\/4-landing.jpg 1366w, https:\/\/kiosque.acadienouvelle.com\/vie-50-04-2025\/wp-content\/uploads\/sites\/372\/2025\/12\/4-landing-300x169.jpg 300w, https:\/\/kiosque.acadienouvelle.com\/vie-50-04-2025\/wp-content\/uploads\/sites\/372\/2025\/12\/4-landing-1024x576.jpg 1024w, https:\/\/kiosque.acadienouvelle.com\/vie-50-04-2025\/wp-content\/uploads\/sites\/372\/2025\/12\/4-landing-768x432.jpg 768w\" sizes=\"(max-width: 1366px) 100vw, 1366px\" \/>\t\t\t\t\t\t\t\t\t\t\t<figcaption class=\"widget-image-caption wp-caption-text\">La premi\u00e8re ministre, Susan Holt s\u2019est d\u00e9plac\u00e9e avec un certain nombre de ses coll\u00e8gues pour annoncer cette excellente nouvelle \u00e0 la mi-octobre. (Gracieuset\u00e9)<\/figcaption>\n\t\t\t\t\t\t\t\t\t\t<\/figure>\n\t\t\t\t\t\t\t\t\t<\/div>\n\t\t\t\t<\/div>\n\t\t<link rel=\"stylesheet\" href=\"https:\/\/use.fontawesome.com\/releases\/v5.5.0\/css\/all.css\" integrity=\"sha384-B4dIYHKNBt8Bc12p+WXckhzcICo0wtJAoU8YZTY5qE0Id1GSseTk6S+L3BlXeVIU\" crossorigin=\"anonymous\">\r\n\t\t<div class=\"elementor-element elementor-element-d0a0a3b mobile_pera elementor-widget elementor-widget-text-editor\" data-id=\"d0a0a3b\" data-element_type=\"widget\" data-e-type=\"widget\" data-widget_type=\"text-editor.default\">\n\t\t\t\t<div class=\"elementor-widget-container\">\n\t\t\t\t\t\t\t\t\t<p>La Villa St-Isidore, un foyer de soins de 60 lits situ\u00e9 dans la municipalit\u00e9 des Hautes-Terres, et la Villa Saint-Joseph, un foyer de soins de 79 lits situ\u00e9 \u00e0 Tracadie, se joignent au programme Foyers de soins sans mur. Le programme vise \u00e0 r\u00e9pondre aux besoins sp\u00e9cifiques de la communaut\u00e9 en offrant des services aux adultes plus \u00e2g\u00e9s qui souhaitent continuer \u00e0 vivre \u00e0 la maison. Ces services peuvent comprendre des visites sociales en personne, du soutien pour acc\u00e9der \u00e0 des programmes et services gouvernementaux, ainsi que des activit\u00e9s destin\u00e9es \u00e0 renforcer les liens sociaux et \u00e0 r\u00e9duire l\u2019isolement.<\/p>\t\t\t\t\t\t\t\t<\/div>\n\t\t\t\t<\/div>\n\t\t\t\t<div class=\"elementor-element elementor-element-b449d5f elementor-widget elementor-widget-advertisement\" data-id=\"b449d5f\" data-element_type=\"widget\" data-e-type=\"widget\" data-widget_type=\"advertisement.default\">\n\t\t\t\t<div class=\"elementor-widget-container\">\n\t\t\t\t\t<div class=\"ads-align-center\"><div data-m32-ad data-options='{\"sizes\":\"[[300,100]]\",\"dfpId\":\"21658289790,27729547\",\"dfpAdUnitPath\":\"acadienouvelle\/cahiers_onefifthpage_300x100\"}'><\/div><\/div>\t\t\t\t<\/div>\n\t\t\t\t<\/div>\n\t\t\t\t<div class=\"elementor-element elementor-element-74263c8 mobile_pera elementor-widget elementor-widget-text-editor\" data-id=\"74263c8\" data-element_type=\"widget\" data-e-type=\"widget\" data-widget_type=\"text-editor.default\">\n\t\t\t\t<div class=\"elementor-widget-container\">\n\t\t\t\t\t\t\t\t\t<p>\u00ab Nous continuons \u00e0 veiller \u00e0 ce que les personnes \u00e2g\u00e9es du Nouveau-Brunswick puissent vivre \u00e0 la maison de fa\u00e7on ind\u00e9pendante, tout en ayant acc\u00e8s aux mesures de soutien dont elles ont besoin \u00bb, a d\u00e9clar\u00e9 la premi\u00e8re ministre, Susan Holt. \u00ab Cet \u00e9largissement repr\u00e9sente un autre pas vers la r\u00e9alisation de notre objectif, qui consiste \u00e0 offrir des soins de qualit\u00e9 aux personnes \u00e2g\u00e9es de l\u2019ensemble de la province. \u00bb<\/p>\t\t\t\t\t\t\t\t<\/div>\n\t\t\t\t<\/div>\n\t\t\t\t<div class=\"elementor-element elementor-element-0b6ad93 mobile_pera elementor-widget elementor-widget-text-editor\" data-id=\"0b6ad93\" data-element_type=\"widget\" data-e-type=\"widget\" data-widget_type=\"text-editor.default\">\n\t\t\t\t<div class=\"elementor-widget-container\">\n\t\t\t\t\t\t\t\t\t<p><b>Les services suivants seront offerts par ces foyers de soins :<\/b><\/p>\t\t\t\t\t\t\t\t<\/div>\n\t\t\t\t<\/div>\n\t\t\t\t<div class=\"elementor-element elementor-element-ba3967a mobile_pera elementor-widget elementor-widget-text-editor\" data-id=\"ba3967a\" data-element_type=\"widget\" data-e-type=\"widget\" data-widget_type=\"text-editor.default\">\n\t\t\t\t<div class=\"elementor-widget-container\">\n\t\t\t\t\t\t\t\t\t<ul><li>s\u00e9ances de formation<\/li><li>acc\u00e8s aux renseignements et aux services de soutien;<\/li><li>v\u00e9rification du bien-\u00eatre;<\/li><li>soutien aux aidants naturels;<\/li><li>transport.<\/li><\/ul>\t\t\t\t\t\t\t\t<\/div>\n\t\t\t\t<\/div>\n\t\t\t\t<div class=\"elementor-element elementor-element-b56369c mobile_pera elementor-widget elementor-widget-text-editor\" data-id=\"b56369c\" data-element_type=\"widget\" data-e-type=\"widget\" data-widget_type=\"text-editor.default\">\n\t\t\t\t<div class=\"elementor-widget-container\">\n\t\t\t\t\t\t\t\t\t<p>\u00ab C\u2019est tellement encourageant de savoir que, gr\u00e2ce \u00e0 cet \u00e9largissement, un plus grand nombre de personnes \u00e2g\u00e9es pourront recevoir des soins selon leurs pr\u00e9f\u00e9rences et au moment qui leur convient \u00bb, a affirm\u00e9 la ministre responsable des A\u00een\u00e9s, Lyne Chantal Boudreau. \u00ab Je suis tr\u00e8s reconnaissante envers les fournisseurs de soins de la Villa St-Isidore et de la Villa Saint-Joseph, qui travaillent tr\u00e8s fort en vue d\u2019offrir ces services essentiels aux communaut\u00e9s, et ce, d\u2019une nouvelle mani\u00e8re. \u00bb<\/p>\t\t\t\t\t\t\t\t<\/div>\n\t\t\t\t<\/div>\n\t\t\t\t<div class=\"elementor-element elementor-element-04b02ad mobile_pera elementor-widget elementor-widget-text-editor\" data-id=\"04b02ad\" data-element_type=\"widget\" data-e-type=\"widget\" data-widget_type=\"text-editor.default\">\n\t\t\t\t<div class=\"elementor-widget-container\">\n\t\t\t\t\t\t\t\t\t<p>Il y a actuellement 30 sites du programme Foyers de soins sans mur dans la province. \u00ab Il est important que les personnes \u00e2g\u00e9es puissent vieillir dans un environnement s\u00e9curitaire et respectueux, et qu\u2019elles se sentent valoris\u00e9es et \u00e9cout\u00e9es \u00bb, a soulign\u00e9 Norbert Comeau, pr\u00e9sident du conseil d\u2019administration de la Villa Saint-Joseph, qui exploite \u00e9galement la Villa St-Isidore. \u00ab Nous sommes fiers de nous associer au programme Foyers de soins sans mur pour contribuer \u00e0 offrir des soins aux personnes \u00e2g\u00e9es tout en veillant \u00e0 ce qu\u2019elles conservent un sentiment d\u2019appartenance \u00e0 la communaut\u00e9 o\u00f9 elles vivent. \u00bb<\/p>\t\t\t\t\t\t\t\t<\/div>\n\t\t\t\t<\/div>\n\t\t\t\t<div class=\"elementor-element elementor-element-166374c box_pera elementor-widget elementor-widget-text-editor\" data-id=\"166374c\" data-element_type=\"widget\" data-e-type=\"widget\" data-widget_type=\"text-editor.default\">\n\t\t\t\t<div class=\"elementor-widget-container\">\n\t\t\t\t\t\t\t\t\t<h1>Le saviez-vous?<\/h1><p>Le programme Foyer de soins sans mur (FSSM) a \u00e9t\u00e9 cr\u00e9\u00e9 par Suzanne Dupuis-Blanchard, Ph. D., professeure-chercheuse \u00e0 l\u2019Universit\u00e9 de Moncton. Fond\u00e9 sur les donn\u00e9es probantes sur le maintien \u00e0 domicile, l\u2019objectif principal de ce programme est de promouvoir le vieillissement en sant\u00e9 \u00e0 domicile en s\u2019assurant que les personnes \u00e2g\u00e9es et leurs aidants peuvent vieillir sur place en ayant acc\u00e8s aux connaissances, aux soutiens et aux services appropri\u00e9s. Cela permet aux personnes \u00e2g\u00e9es de vivre plus longtemps \u00e0 domicile et de r\u00e9duire les visites \u00e9vitables aux urgences. Au Canada, 92 % des personnes \u00e2g\u00e9es vivent dans la communaut\u00e9 en dehors d\u2019\u00e9tablissements (StatsCan, 2019).<\/p><p><span style=\"color: var( --e-global-color-text ); font-style: inherit; font-weight: inherit;\">\u00a0<\/span><\/p><p><b>Voici quelques objectifs:<\/b><\/p><p><b>\u00a0<\/b><\/p><ol><li>Veiller \u00e0 ce que les personnes \u00e2g\u00e9es et leurs familles aient acc\u00e8s \u00e0 des services et \u00e0\u00a0<span style=\"font-style: inherit; font-weight: inherit;\">des informations appropri\u00e9es concernant le maintien\u00a0<\/span><span style=\"font-style: inherit; font-weight: inherit;\">\u00e0 domicile;<\/span><\/li><li>Fournir des initiatives de sant\u00e9 sociale pour contrer l\u2019isolement social et la solitude v\u00e9cus\u00a0<span style=\"font-style: inherit; font-weight: inherit;\">par les personnes \u00e2g\u00e9es et\u00a0<\/span><span style=\"font-style: inherit; font-weight: inherit;\">leurs aidants;<\/span><\/li><li>Am\u00e9liorer les connaissances des personnes \u00e2g\u00e9es et de leurs aidants sur les questions de sant\u00e9 importantes pour le maintien \u00e0 domicile et le vieillissement en bonne sant\u00e9.<\/li><\/ol>\t\t\t\t\t\t\t\t<\/div>\n\t\t\t\t<\/div>\n\t\t\t\t\t<\/div>\n\t\t<\/div>\n\t\t\t\t\t<\/div>\n\t\t<\/section>\n\t\t\t\t<\/div>\n\t\t","protected":false},"excerpt":{"rendered":"<p>Foyer de soins sans mur &#8211; La Villa St-Isidore et la Villa Saint-Joseph adh\u00e8rent au programme! La premi\u00e8re ministre, Susan Holt s\u2019est d\u00e9plac\u00e9e avec un certain nombre de ses coll\u00e8gues pour annoncer cette excellente nouvelle \u00e0 la mi-octobre. (Gracieuset\u00e9) La Villa St-Isidore, un foyer de soins de 60 lits situ\u00e9 dans la municipalit\u00e9 des Hautes-Terres, [&hellip;]<\/p>\n","protected":false},"author":7,"featured_media":0,"parent":0,"menu_order":4,"comment_status":"closed","ping_status":"closed","template":"","meta":{"site-sidebar-layout":"no-sidebar","site-content-layout":"page-builder","ast-site-content-layout":"default","site-content-style":"default","site-sidebar-style":"default","ast-global-header-display":"","ast-banner-title-visibility":"","ast-main-header-display":"","ast-hfb-above-header-display":"","ast-hfb-below-header-display":"","ast-hfb-mobile-header-display":"","site-post-title":"disabled","ast-breadcrumbs-content":"","ast-featured-img":"disabled","footer-sml-layout":"","ast-disable-related-posts":"","theme-transparent-header-meta":"default","adv-header-id-meta":"","stick-header-meta":"","header-above-stick-meta":"","header-main-stick-meta":"","header-below-stick-meta":"","astra-migrate-meta-layouts":"default","ast-page-background-enabled":"default","ast-page-background-meta":{"desktop":{"background-color":"var(--ast-global-color-4)","background-image":"","background-repeat":"repeat","background-position":"center center","background-size":"auto","background-attachment":"scroll","background-type":"","background-media":"","overlay-type":"","overlay-color":"","overlay-opacity":"","overlay-gradient":""},"tablet":{"background-color":"","background-image":"","background-repeat":"repeat","background-position":"center center","background-size":"auto","background-attachment":"scroll","background-type":"","background-media":"","overlay-type":"","overlay-color":"","overlay-opacity":"","overlay-gradient":""},"mobile":{"background-color":"","background-image":"","background-repeat":"repeat","background-position":"center center","background-size":"auto","background-attachment":"scroll","background-type":"","background-media":"","overlay-type":"","overlay-color":"","overlay-opacity":"","overlay-gradient":""}},"ast-content-background-meta":{"desktop":{"background-color":"var(--ast-global-color-5)","background-image":"","background-repeat":"repeat","background-position":"center center","background-size":"auto","background-attachment":"scroll","background-type":"","background-media":"","overlay-type":"","overlay-color":"","overlay-opacity":"","overlay-gradient":""},"tablet":{"background-color":"var(--ast-global-color-5)","background-image":"","background-repeat":"repeat","background-position":"center center","background-size":"auto","background-attachment":"scroll","background-type":"","background-media":"","overlay-type":"","overlay-color":"","overlay-opacity":"","overlay-gradient":""},"mobile":{"background-color":"var(--ast-global-color-5)","background-image":"","background-repeat":"repeat","background-position":"center center","background-size":"auto","background-attachment":"scroll","background-type":"","background-media":"","overlay-type":"","overlay-color":"","overlay-opacity":"","overlay-gradient":""}},"footnotes":""},"page-categories":[],"class_list":["post-7924","page","type-page","status-publish","hentry"],"_links":{"self":[{"href":"https:\/\/kiosque.acadienouvelle.com\/vie-50-04-2025\/wp-json\/wp\/v2\/pages\/7924","targetHints":{"allow":["GET"]}}],"collection":[{"href":"https:\/\/kiosque.acadienouvelle.com\/vie-50-04-2025\/wp-json\/wp\/v2\/pages"}],"about":[{"href":"https:\/\/kiosque.acadienouvelle.com\/vie-50-04-2025\/wp-json\/wp\/v2\/types\/page"}],"author":[{"embeddable":true,"href":"https:\/\/kiosque.acadienouvelle.com\/vie-50-04-2025\/wp-json\/wp\/v2\/users\/7"}],"replies":[{"embeddable":true,"href":"https:\/\/kiosque.acadienouvelle.com\/vie-50-04-2025\/wp-json\/wp\/v2\/comments?post=7924"}],"version-history":[{"count":43,"href":"https:\/\/kiosque.acadienouvelle.com\/vie-50-04-2025\/wp-json\/wp\/v2\/pages\/7924\/revisions"}],"predecessor-version":[{"id":8356,"href":"https:\/\/kiosque.acadienouvelle.com\/vie-50-04-2025\/wp-json\/wp\/v2\/pages\/7924\/revisions\/8356"}],"wp:attachment":[{"href":"https:\/\/kiosque.acadienouvelle.com\/vie-50-04-2025\/wp-json\/wp\/v2\/media?parent=7924"}],"wp:term":[{"taxonomy":"page-categories","embeddable":true,"href":"https:\/\/kiosque.acadienouvelle.com\/vie-50-04-2025\/wp-json\/wp\/v2\/page-categories?post=7924"}],"curies":[{"name":"wp","href":"https:\/\/api.w.org\/{rel}","templated":true}]}}