{"id":8053,"date":"2025-12-01T17:31:46","date_gmt":"2025-12-01T17:31:46","guid":{"rendered":"https:\/\/kiosque.acadienouvelle.com\/vie-50-04-2025\/?page_id=8053"},"modified":"2025-12-01T17:42:40","modified_gmt":"2025-12-01T17:42:40","slug":"bien-vieillir-chez-soi-une-option","status":"publish","type":"page","link":"https:\/\/kiosque.acadienouvelle.com\/vie-50-04-2025\/bien-vieillir-chez-soi-une-option\/","title":{"rendered":"Bien vieillir chez soi une option privil\u00e9gi\u00e9e par les personnes a\u00een\u00e9es"},"content":{"rendered":"\t\t<div data-elementor-type=\"wp-page\" data-elementor-id=\"8053\" class=\"elementor elementor-8053\" data-elementor-post-type=\"page\">\n\t\t\t\t\t\t<section class=\"elementor-section elementor-top-section elementor-element elementor-element-50c1b6e elementor-section-height-min-height header_title banner_img elementor-section-boxed elementor-section-height-default elementor-section-items-middle\" data-id=\"50c1b6e\" data-element_type=\"section\" data-e-type=\"section\" data-settings=\"{&quot;background_background&quot;:&quot;classic&quot;}\">\n\t\t\t\t\t\t\t<div class=\"elementor-background-overlay\"><\/div>\n\t\t\t\t\t\t\t<div class=\"elementor-container elementor-column-gap-default\">\n\t\t\t\t\t<div class=\"elementor-column elementor-col-100 elementor-top-column elementor-element elementor-element-3a2d241\" data-id=\"3a2d241\" data-element_type=\"column\" data-e-type=\"column\">\n\t\t\t<div class=\"elementor-widget-wrap elementor-element-populated\">\n\t\t\t\t\t\t<div class=\"elementor-element elementor-element-9673cd2 elementor-widget elementor-widget-heading\" data-id=\"9673cd2\" data-element_type=\"widget\" data-e-type=\"widget\" data-widget_type=\"heading.default\">\n\t\t\t\t<div class=\"elementor-widget-container\">\n\t\t\t\t\t<h2 class=\"elementor-heading-title elementor-size-default\">Bien vieillir chez soi\nune option privil\u00e9gi\u00e9e par les personnes a\u00een\u00e9es<\/h2>\t\t\t\t<\/div>\n\t\t\t\t<\/div>\n\t\t\t\t\t<\/div>\n\t\t<\/div>\n\t\t\t\t\t<\/div>\n\t\t<\/section>\n\t\t\t\t<section class=\"elementor-section elementor-top-section elementor-element elementor-element-d9a853a elementor-section-boxed elementor-section-height-default elementor-section-height-default\" data-id=\"d9a853a\" data-element_type=\"section\" data-e-type=\"section\">\n\t\t\t\t\t\t<div class=\"elementor-container elementor-column-gap-default\">\n\t\t\t\t\t<div class=\"elementor-column elementor-col-100 elementor-top-column elementor-element elementor-element-68d9c5a page_contain\" data-id=\"68d9c5a\" data-element_type=\"column\" data-e-type=\"column\" data-settings=\"{&quot;background_background&quot;:&quot;classic&quot;}\">\n\t\t\t<div class=\"elementor-widget-wrap elementor-element-populated\">\n\t\t\t\t\t\t<div class=\"elementor-element elementor-element-50f1f9b elementor-widget elementor-widget-image\" data-id=\"50f1f9b\" data-element_type=\"widget\" data-e-type=\"widget\" data-widget_type=\"image.default\">\n\t\t\t\t<div class=\"elementor-widget-container\">\n\t\t\t\t\t\t\t\t\t\t\t\t<figure class=\"wp-caption\">\n\t\t\t\t\t\t\t\t\t\t<img fetchpriority=\"high\" decoding=\"async\" width=\"1366\" height=\"768\" src=\"https:\/\/kiosque.acadienouvelle.com\/vie-50-04-2025\/wp-content\/uploads\/sites\/372\/2025\/12\/7-landing.jpg\" class=\"attachment-full size-full wp-image-8055\" alt=\"\" srcset=\"https:\/\/kiosque.acadienouvelle.com\/vie-50-04-2025\/wp-content\/uploads\/sites\/372\/2025\/12\/7-landing.jpg 1366w, https:\/\/kiosque.acadienouvelle.com\/vie-50-04-2025\/wp-content\/uploads\/sites\/372\/2025\/12\/7-landing-300x169.jpg 300w, https:\/\/kiosque.acadienouvelle.com\/vie-50-04-2025\/wp-content\/uploads\/sites\/372\/2025\/12\/7-landing-1024x576.jpg 1024w, https:\/\/kiosque.acadienouvelle.com\/vie-50-04-2025\/wp-content\/uploads\/sites\/372\/2025\/12\/7-landing-768x432.jpg 768w\" sizes=\"(max-width: 1366px) 100vw, 1366px\" \/>\t\t\t\t\t\t\t\t\t\t\t<figcaption class=\"widget-image-caption wp-caption-text\"><\/figcaption>\n\t\t\t\t\t\t\t\t\t\t<\/figure>\n\t\t\t\t\t\t\t\t\t<\/div>\n\t\t\t\t<\/div>\n\t\t<link rel=\"stylesheet\" href=\"https:\/\/use.fontawesome.com\/releases\/v5.5.0\/css\/all.css\" integrity=\"sha384-B4dIYHKNBt8Bc12p+WXckhzcICo0wtJAoU8YZTY5qE0Id1GSseTk6S+L3BlXeVIU\" crossorigin=\"anonymous\">\r\n\t\t<div class=\"elementor-element elementor-element-d0a0a3b mobile_pera elementor-widget elementor-widget-text-editor\" data-id=\"d0a0a3b\" data-element_type=\"widget\" data-e-type=\"widget\" data-widget_type=\"text-editor.default\">\n\t\t\t\t<div class=\"elementor-widget-container\">\n\t\t\t\t\t\t\t\t\tTout au long de la vie, les liens sociaux et les liens d\u2019amiti\u00e9 apportent de la chaleur et du r\u00e9confort. Cependant, au fil des ans, il arrive que des personnes a\u00een\u00e9es se retrouvent \u00e0 la maison dans des conditions parfois difficiles.\n\t\t\t\t\t\t\t\t<\/div>\n\t\t\t\t<\/div>\n\t\t\t\t<div class=\"elementor-element elementor-element-6cf51d4 elementor-widget elementor-widget-advertisement\" data-id=\"6cf51d4\" data-element_type=\"widget\" data-e-type=\"widget\" data-widget_type=\"advertisement.default\">\n\t\t\t\t<div class=\"elementor-widget-container\">\n\t\t\t\t\t<div class=\"ads-align-center\"><div data-m32-ad data-options='{\"sizes\":\"[[300,250]]\",\"dfpId\":\"21658289790,27729547\",\"dfpAdUnitPath\":\"acadienouvelle\/cahiers_quarterpage_300x250\"}'><\/div><\/div>\t\t\t\t<\/div>\n\t\t\t\t<\/div>\n\t\t\t\t<div class=\"elementor-element elementor-element-9ad539b mobile_pera elementor-widget elementor-widget-text-editor\" data-id=\"9ad539b\" data-element_type=\"widget\" data-e-type=\"widget\" data-widget_type=\"text-editor.default\">\n\t\t\t\t<div class=\"elementor-widget-container\">\n\t\t\t\t\t\t\t\t\tLe programme \u00ab\u00a0Bien vieillir chez soi\u00a0\u00bb (BVCS) conna\u00eet un vif succ\u00e8s dans plusieurs communaut\u00e9s du Nouveau-Brunswick, ce qui permet entre autres de briser l\u2019isolement social afin de contrer la solitude.\n\t\t\t\t\t\t\t\t<\/div>\n\t\t\t\t<\/div>\n\t\t\t\t<div class=\"elementor-element elementor-element-b78c3ea mobile_pera elementor-widget elementor-widget-text-editor\" data-id=\"b78c3ea\" data-element_type=\"widget\" data-e-type=\"widget\" data-widget_type=\"text-editor.default\">\n\t\t\t\t<div class=\"elementor-widget-container\">\n\t\t\t\t\t\t\t\t\tLe programme repose sur la bienveillance de b\u00e9n\u00e9voles, qui tout en procurant une certaine s\u00e9curit\u00e9 \u00e0 ces personnes n\u00e9cessitant un peu d\u2019aide particuli\u00e8re, nous rapportent vivre de beaux moments en retour. Les t\u00e9moignages re\u00e7us envers les b\u00e9n\u00e9voles sont \u00e9logieux et confirment que ce service est essentiel.\n\t\t\t\t\t\t\t\t<\/div>\n\t\t\t\t<\/div>\n\t\t\t\t<div class=\"elementor-element elementor-element-d01d269 mobile_pera elementor-widget elementor-widget-text-editor\" data-id=\"d01d269\" data-element_type=\"widget\" data-e-type=\"widget\" data-widget_type=\"text-editor.default\">\n\t\t\t\t<div class=\"elementor-widget-container\">\n\t\t\t\t\t\t\t\t\tDans la plupart des r\u00e9gions, les services offerts comprennent entre autres des visites amicales, de l\u2019aide avec le m\u00e9nage ou d\u2019autres petits travaux, selon la saison et les besoins de la personne a\u00een\u00e9e. La liste des besoins est longue et l\u2019Association francophone des a\u00een\u00e9es et a\u00een\u00e9s du Nouveau-Brunswick (AFANB) aimerait bien \u00eatre en mesure d\u2019en faire encore plus.\n\t\t\t\t\t\t\t\t<\/div>\n\t\t\t\t<\/div>\n\t\t\t\t<div class=\"elementor-element elementor-element-74263c8 mobile_pera elementor-widget elementor-widget-text-editor\" data-id=\"74263c8\" data-element_type=\"widget\" data-e-type=\"widget\" data-widget_type=\"text-editor.default\">\n\t\t\t\t<div class=\"elementor-widget-container\">\n\t\t\t\t\t\t\t\t\tLe projet, gr\u00e2ce \u00e0 la collaboration d\u2019organismes communautaires locaux, est en place actuellement dans les r\u00e9gions de Kedgwick, Saint-Quentin, Tracadie, Dieppe et Memramcook et permet aux personnes a\u00een\u00e9es de vivre \u00e0 leur domicile plus longtemps et ce dans la dignit\u00e9 et le confort de leur foyer.\n\t\t\t\t\t\t\t\t<\/div>\n\t\t\t\t<\/div>\n\t\t\t\t<div class=\"elementor-element elementor-element-1319ac6 mobile_pera elementor-widget elementor-widget-text-editor\" data-id=\"1319ac6\" data-element_type=\"widget\" data-e-type=\"widget\" data-widget_type=\"text-editor.default\">\n\t\t\t\t<div class=\"elementor-widget-container\">\n\t\t\t\t\t\t\t\t\tIl faut aussi souligner, qu\u2019en plus du bienfait de cette approche, des \u00e9conomies substantielles sont r\u00e9alis\u00e9es. Lorsque la personne doit quitter son domicile plus t\u00f4t que pr\u00e9vu pour se rendre dans un \u00e9tablissement sp\u00e9cialis\u00e9 dans l\u2019accueil des personnes a\u00een\u00e9es, ceci engendre des co\u00fbts plus importants \u00e0 la province. \n\t\t\t\t\t\t\t\t<\/div>\n\t\t\t\t<\/div>\n\t\t\t\t<div class=\"elementor-element elementor-element-4f84e5b mobile_pera elementor-widget elementor-widget-text-editor\" data-id=\"4f84e5b\" data-element_type=\"widget\" data-e-type=\"widget\" data-widget_type=\"text-editor.default\">\n\t\t\t\t<div class=\"elementor-widget-container\">\n\t\t\t\t\t\t\t\t\tEn parall\u00e8le \u00e0 cette situation, beaucoup de personnes a\u00een\u00e9es, m\u00eame apr\u00e8s leur cong\u00e9 m\u00e9dical, doivent \u00e9galement demeurer \u00e0 l\u2019h\u00f4pital pour une p\u00e9riode prolong\u00e9e et ind\u00e9termin\u00e9e. En tant que soci\u00e9t\u00e9, nous ne pouvons pas rester insensibles \u00e0 ces faits. Le programme \u00ab\u00a0Bien vieillir chez soi\u00a0\u00bb est une option peu dispendieuse qui a  fait ses preuves et rend les gens heureux.\n\t\t\t\t\t\t\t\t<\/div>\n\t\t\t\t<\/div>\n\t\t\t\t<div class=\"elementor-element elementor-element-0c63a1b mobile_pera elementor-widget elementor-widget-text-editor\" data-id=\"0c63a1b\" data-element_type=\"widget\" data-e-type=\"widget\" data-widget_type=\"text-editor.default\">\n\t\t\t\t<div class=\"elementor-widget-container\">\n\t\t\t\t\t\t\t\t\t<p>L\u2019AFANB profite de ce message pour remercier chaleureusement toutes les personnes qui assurent le succ\u00e8s de ce programme.<\/p>\t\t\t\t\t\t\t\t<\/div>\n\t\t\t\t<\/div>\n\t\t\t\t<div class=\"elementor-element elementor-element-0b6ad93 mobile_pera elementor-widget elementor-widget-text-editor\" data-id=\"0b6ad93\" data-element_type=\"widget\" data-e-type=\"widget\" data-widget_type=\"text-editor.default\">\n\t\t\t\t<div class=\"elementor-widget-container\">\n\t\t\t\t\t\t\t\t\t<p><img decoding=\"async\" src=\"data:image\/png;base64,iVBORw0KGgoAAAANSUhEUgAABS0AAACeCAYAAADXEy8DAAAACXBIWXMAAC4jAAAuIwF4pT92AAAW+klEQVR4nO3d2ZLjuI4A0FRH\/\/8vax76etqd5UULFwA8J6KeKi2JJEhBsCRv+77\/AAAAAABE8dfsAwAAAAAAeKZoCQAAAACEomgJAAAAAISiaAkAAAAAhKJoCQAAAACEomgJAAAAAISiaAkAAAAAhKJoCQAAAACEomgJAAAAAISiaAkAAAAAhPL37AMAPtu2bf\/2N\/u+byOOBQCgEnkW8MmINcI6BO8pWgLpfTrRO8EDAABAPh4PB1L79s3kkW8uAQAAgFgu32nZshDgTiigp23bduvM63VbvwAAkJkcF+r6WrQccZeSRQa4wl2Ux3zqp8f\/WXMBAMhEjgv1hX08fNu2\/fFv9rEA8bxbG94lJtYSAAAAyCNs0fKZ4iXw7Op6sOI6crTNK\/YNAAA5yXFhDSmKlg8WHOCTx12Wnx4DsY4AAABAfKmKlj8\/7rqE1R19LDz6+2u8AgMAAADeu\/zr4c\/uFAfuPOYZvSgBtHV2vdj3fXv1mRnrh+IkAAAAHDf9Tst937fHv7OfVQSAdXya75HXj9l3Ux7tG18CAQCQhRwX1jC9aPnsavESWNe3NcP7Le\/1EQAARCTHhfqaPB7e2rtHOl\/xmDjUd\/Q9lu98WlNWWUOe27hKmwEAqE2OC7WFutPy2Zm7Lle5WwpWNGJ+r7aGSOYAAKhGjgv1hLzTEuChVfIhiQEAAIA8wt5p+aDQAAAAAABrCV+0PGq1xzsBAAAAoKoURUt3WwIAAADAOlIULQEAAACAdfghnpPOPIbuDtF83o1vtbGsEMcV2sBrq8zDFRydp8b2tSP916vvZu67h5XPGdXmYbX2fLJy3LZgDW1HLK7JuNeS9RpL0fKLO+\/K\/P3ZkcEQ5UQ54ji+7ePb9ld5H+rVdj5\/btaCdneMes7FFvFzZRtn2mAe3mM9Pbf9K2MZYZ1pZfRcaNV3d8ft7v5by5q\/vdr\/b6vNw8z5yxUt2vvzk6vNz6yhcWSIxSg5WiXGPdZxVL7GOkrR8o0eg5s1eaqqwgT+pnUbH9uLchK4u23zcL4V5uEKWo7jqvOz5Rcgrb\/U6Ln\/1lbO34zl921FHb+ecRu1za1ZQ9seQ49trhKLGRn3eipdYyla\/jJqcE3iuSpN4neyFv1Gjo15ONcK83AFvcZxlfnZ60Kh1914Lfffep8j9xMtLivNw6z5yxUj4jZam1uzhrbb56h9VI3FjIx7TdWusfwQz\/9s27bPGNxqAZVB9T4fGctV+rJKOzLR5\/mNWmsqx8qI4sy7\/+vdryPPQyvnb9XmYbX9RDqGCG1uzRqab18z9sdrxr2miv2comjZ+10Bswd2VsK9mhX6edaFW4V+rdCGDKrEy+okuvfNKjRVuhCeHRez17NK83BGX640drP324M1NM8+Iu2Xfxj3embnJD0t\/3j4lYHt+QJ0t01zVavi\/tXFrlX87vu+fTuGo\/s52xZzEL5rsdasfo68s8bdWddmjF2vcVs9f6s0D6\/mHS3GM3qhtEe+U2EttYbeJxbXZNzJKHzRctZt\/7+dnVjPf28Sz9f7bt3ZWhX5fv9tlG9rro7NlbacnYMtktPMsXeGvsiv1VoTcZ0Z5VN7j\/Rfr3Xt7NhluUutYv5WaR72uoD+\/ffZ1pnecZv5esMaOpZYXJNxz6X6NVaKx8O\/uTIAPRPeV5+f9St0fHd2fDK527aZsfvYd6uxqTrGVVSehyu4M37Oj9f7r0Xfzdz3FfK397LNw7NjOTKf6eHoRWWLuG11PFlYQ88Ri2sy7muKcP67K3TRslcgH91u6wHOHixZtU4yspgVuy3mba9xcRKdZ9V5uIIW47dyDIy6OIi27yvkb+9VnocVxnL0XTBRx7IHa+g5YnFNxr2uFa6xwhYtzySmEbZ7lKJJDFUm8Ds92lelz6q0owJjkd+MBLfS+XHmHBh9F\/vdcZO\/vZdxHs4cz4jF9lntzL6eWkPPEYtrMu7rqXaNFa5oGeFXj3oPcrUgyqZ6\/\/dsX+SLNnKpPg9XUKGYUMXsfpu9\/4cV87fK8zBCPjPCKu2MbHY\/zd7\/g1hck3GvpWKfhylaXilW9rrLMopsx5tBxUn8bET7KvRhhTZkpv\/zM4b3VbhDaJRs+dCo4802jg9RxnNE\/0Vp6ycZjvEVa+g5GcY5wzFmk6FPMxxjFhnXpiOmFS0fRcqrd1bOfvwny35YR7SYyn4Cyn78UJn5+ado54BXeo6b\/G28CuM5my+b48jQT9nnXIY+Xo1xJ4O\/W2xk5MXD1aDPeoGzbdtuorehH9vZ933LOqeYyzzMb8QjuNXXl4p3CPUat6yx0Dt\/yzoPo41nz\/UmWlsrsYaeIxbXZNzXUvkaK8zj4UdUe1dR5cBiLLEEwKrkb7Ws0r+R2qm4sTaxuCbjThZN7rTsLdKEIicxtBYnvpjMQwAAgHaqX2OFLlpW7\/yjPCJOREceY+kdu4qTAEQlf+MTOQxRiMU1GXeyCFe07JHcHZmQs5LKFd7dBa2YKwDrkL\/VEnk8WxMbRCEW12TcqaRJ0fJq4lYlMQH6cuIFAACAtTS701IBEmhNsRIAAADWFO7xcIC7xcojX6IoiAIAAEBcipZAKGeLie7yBgAAgHoULYEwzhQsFSsBgKzkMUQhFtdk3MlC0RII4WjB0gkWAAAA6vtr9gEAHKVgCQAAAGtQtPyfWT\/KcWS\/CjVE1DJ2zQMArpC\/AQDUtUTRUtIIAJCL\/K2WI+M5qwjd2kptJTaxuCbjTiVLFC2BuNytAgAAAPymaPlk9LcNvt2gFbELwKqcA7nKWAJAbMsULbPeqdXzuHsnahLBtWWdc3CF9RT6yHouyXrcEVRZ7zyeSRRicU2rj7vcvI5lipZHjQq+3vuRLK+nSuyOUKENjGM9hficA3OItJ4aS4CcIp1L6G+pomWU4D6aJEU53iskgmvLHLsQjfWU1UU5p6yQv0VRZd1b\/U4n4hCLazLufeizsZYqWh61UhCu1NYVuA3+uwptICaxBXOZgzkcLer2HM9osRLteFiXWFxT1XGv2q7etm3bj\/wbdTzLFS1nJ0oRv6Vv2dbRAcyfKsZuqzZFjc2ox8V51lPoQ\/62ph7jOXpdnR278CAW17T6uMvNz4mY7yxXtDyjZVCe2VarADiznRbtrD6BM2k9Fj3HdtSJdFZ8uoCtwXoKeWTP31Ywek3tsa0eVrggJgexuKZM4y43X8eSRcuzSeXIYsnMhPdqOzMtbitpMS5nt9E7fq+0J0t8ZjhGjrOeQnvyt1rOXnDeGc9Pnx8xdldit+ddw84z6xKLazLucvOWRuc8f4\/cWST7vm9ngu\/5b3u90LbH4F9tZ6s2nt0\/533r4xGxe3Tbnz57dL9HYzRj3G3btrvwjct6CvOtkr\/x2pl19fnvI7iyhp+N30+fhwexuKaK4y43X8OyRcufn+tB1iMweya8dxeoO\/u9uw2OOTrGvRbVGWN9py2P4x11krlSlP22vftHxRXWU5hvlfxtBbPHcvT43bnAdWFMS2JxTRXHXW7eTtQxXvLx8Gf7vm+zAy7iYynZ9secPm85f0Ydv9jkLuspzLdK\/raCWWM5a\/wixC78\/IjFVVUcd7n5ODPavnzR8iF7wefo\/irthz+NjKlerzNovc2R24+6b9rLPM+gkhXyt1WMXFcjjN\/sY4h6Rw3jicU1VRt3uXldipZPRiUxM5Ol3o+hm8RjvevvzOPcY\/tXtxn1ZCq5iyHbPICqVsjfVjEix+i17SvEFFGIxTVVG3e5eV+z2r\/0Oy3feR6MlsWBKEHe8n1+UdrEn1q\/t3HWbfct3l0Zyej3adKX9RTiqJ6\/rWS1tbVX7H7aD7wiFtdUadxXO3+0EvnadNv3sMcW0tHBzBjgldvGvzKPc9UfqTlzksjYvpayxG+W44RVmJP5rXquvHohWakPiEEsrqnKuMsDPvvWPzP7RdGS\/1e1IATkdvebP+sWACuR08dnjIBIIhctPR4OQEiRH1MA1uIODQCgoujXXIqWAITiXXRAJAqWAMCqZuc3ipbJvEqcZwcRQCvRv+kD1qJgCdCOa1lGWPUdyFUpWibxaeI9\/s+EAzJTsAQykn8BfOZaFmKK\/C7LB0VLAKY7W7D8dgJVAAXu8kMZAJDPvu+bc3gdf80+AL47evHtIh2obt\/37UiCcfTvAF5xsQPQhmtZyClKnqNoCcBU3hkHRKJgCQBU9ynfiZTneDwcgPAinTiJ5TnhEieMIM4AAMZQtARgGo8CcZaYoacML6QHAOglWq6jaJmAF8kCK7O28fOjWEl\/CpYA7bmWhXi2bduzzDnvtEziW0BlCTgAgGzkWQDXuZaFWDLNOXdaJvIcWJkq4wBXWeeAEbK8jB4gK9eywBXutEzKIg9k53FfIAIFS4CxrK3AUe60BABgWS6eAQBicqclAAAAABCKoiUAAAAAEIqiJQAAAAAQiqIlAAAAABCKH+KBF47+qnGml\/ef+aXmTO1aQcV4zMCcIZMz8frzEzdm37Wj1\/FWm+fV2vPO6DjpzXmeFlaZ\/y2t1GfWGbLa9v1UjsskRxaZuwvMiH308u3Yjxz32Qu+K\/sY6W57no1sW5Q4nHkcrcYuQky2jMMjrra59XFWj9EexzE6Vh4izJOzevVVr\/nzbbujY7nSGvvzk6c92eKkpxZj9qmtvfsqylhEOY4rIp07VxurVdbMI9v4Jur8OSJSzHGPOy1ZWssLv8e2Zi9+PS5mn7c5u32VtR474\/ZZzyJZlPWAWnoXdkfH7chCdc9z44x5Xq09n8z6QqOHinkn4\/XKFyvHkjXz3raitZG1KFqyrF5J8KzFfVRS7+TVXqULsgxmFErMF67KcrfyWaPPWSP2EeVupVb7iLBuVTk\/+pKMVsTSOdbMttuN0EbW44d4WM62bfvIE9iI\/cxI6qtcSMw2oh8lGPOZL1xRNW4qFSxH7q9ae6Lvv5Wq8c5YI\/P9KrG00ppZ7foWnilaspRqJ6\/ZJ45ZBdMq9N1ajDdHzVpbR7yfq\/pFd++7XEab9aVohfVyRjsq9Bt\/Mg\/PW23NrLw\/8Hg4y2jxMt4ri\/S2bXuPC8Erx9Lrhc292ljZmX4+2reSiGP2fd9avNz85+d8n5srfHNnHp+Jrarrxdl29ZjrLed5tfas4ur8apGnVZ3bq5r9gz3Z5v9qa2a161t4RdGSJbQqUDz\/3exHAI7+7dkTytU2Onkdd7RfW4zd7DGZ+eumZ1zdz5X5Yq68ttIvB7\/T62LryGcjPBkwcvx6nxtHz\/Mq7YkWJ1f0nsePv1ecrK\/V9cvvvxU7NdbMate38I7Hw1navu9bi2LFNy1PAD0Llq8+786dOUaP3YoefdSqn\/Q3d5xd21vH28z4bdWeowWvFutrq+O5+\/lM7bkrw3lt5DzO0B\/0MTp2Zs\/9o6yZ\/8h4fQufKFqyrBaJXtRfCG+dyEqKx9Lf\/fXq4+iJLDGN\/DJqhnfta3muGn2H3uw7aFofQ4S4GhEnUVQbO8aZFTvR85YV18xXMl7fwjeKlixpxklrxB0XZ47nLMWYNvRPfZI9eqkUWy3bMuuR4l7vkavWnjsyxfzMPC1TP3Gd2HnNmvmPjNe3cISiJcupfMLvfRxR2glQxewvpGYY3Zae+5sxLtXa806kY2lllbGjvQixk7VAFaHveqt8fQuKliwl6+KbLUnIdrzQWta1hrEULO\/LcL45+6N2PY+lhRHHmC3mo4xbtn7jmBHjmjV2osy9T3ofY9axg6MULWGgnietUScsJ0ZoI0OizXzW3HuqXexXa89K9CtXRIubbLmLNbO\/bDFBPoqWLCPro9NZTwRZjzsCfQdUtOJdlmdUa89V2QoA0cYtW\/8RR7bYiTb3Zsh6fQtnKFpCAZXeD1Zd9fcGAcfM+uGAlUTqvxZrerX2rCTS2JGHuLknUv9ZM8f7Nv6R4oPP\/p59AAC89khwnFTjkXzCOdYxjhAnAMAzRUugm23bdhcgf9r3fbvywwz6cjzFScir2vyt1h4gniM5apb83poJNShaQmCRHx88W3jjv6703\/PfZ0gWMxLTjBB5bc+i2lyt1p5VmMswhzUT1qFoCTDJncKvAmZbkl8AAIBYFC0BJmpxx6oC5nWKlQAAADEpWgJM9ig0tiigef\/lMXf7+kj\/KogCAABcp2gJEETr4qXC5Wtn+1c\/AgAAjKdoCRBMq+KlwuWfzvSpvoPcqs3hau0B6MmaCTUoWgIE9Zxs3fnBHknbP472of4CAACY76\/ZBwDAd\/u+b49\/Zz\/r3YrHKVgCAADE4E5LSG7WnXRHCmEKQH1ceXx89TsuxSvZrD5nARhPvkQlYrUGd1pCYBZaPrl65yUwl3l735E+zHSXebX2rMK4wRzmHqxD0RIguaMFkFWTN3cNAAAA5KNoCQWMLkatWvyKTNEN6rHWAmdZN+qQ3wMoWkJ4WYtRPY+7d1IlaaMKcyWurGt7JNUeD6zWHv614rg5\/9QU6dxlzYQ1KFpCEaNOyr33EykZgqtGzEdzZQ0uuCC2SGvxqPUiUpurq5LfA1ylaAkJREkOjyY0UY73CkkbHGOujKOv36t2p0219vAv49aOvpwjYn5vzYT6FC2hkJVOyiu1lVyixWa04+FfZy4AjeM91fqvWnuyi\/CDeBFjIuIxZeRR+\/tWaCOvbdu2P\/+bfTycp2gJScxOiCPeZdmyrdlPZH4h+55WYx81hlaZK1GP6xOFy\/tmnx9bq9Ye\/qvHuEWOhVXOP72tlN+fZc3klXfrxcrrSFaKllBQy8X4zLZaJTSjL+L9OmNto5LZGeNafa48i3zBNJL1455qFyvV2pPZrC8gZo3\/SuefKFr3wYp9as1cw5ExFgd5KFpCImcv2kcWYWYWFK62c0bi8thfq31Lvtq60peZxiDTXLkqy3E+u7K2u3j9rwh92HLb1dqzirOFvDv9+unzEb\/kWeH8M0KL\/ji7jYjx9Js1k4czfW+ccvh79gEA5+z7vl1djHu9rLpHMnO1na3aeHb\/V\/3eR6+7AjMknD2dGc+jsRQl0VllrpyxbdueLeav9OPZ9f3dZ6sY3Ye\/P99atfbw2pk1+fnvI3D+6edb20bk90e3HYU1E2pStISEriZpPU6sPZOZu8nHnf3e3cZV2caosjtj8ejzUcnsKnPlSvH52\/buH1U7dy7AW925Ha1Pzprdh61Va88KZudokdflh4znnxmO9m2vuZ6xj62ZUI\/HwyGpfd+32cnEiP3PSL57bXtGMjQ7RiIZ1Rez+rzSXFlZhLU9u2p9WK09K5g1Zs4\/9cyKo8x9nP34gf9StITkVkhmqhebeqnWnhZ698nsPl9hrszu41FWaWdPs\/uw9RdV1dqzgpFr8uz4WOH8M8vI8a3Uv7PbYs2ENhQtoYBRyczMpLj3Y+iV7hqNcPESWY\/+ubrNbK8DiBJbrY4h+gVFlP7OrFofVmvPCnqPWaR4WOH8M8K7durf86q2i\/fOjLfYyME7LaGQ54W35cV4lAW95XsCZxdfsxWrKmoxFlH7vMJc+Wb0e0Nn6rW2v9tHRSP68Pd+eqrWnhWssC7\/\/KzTzllan\/tW6WNr5lqOvNvUWOWx7Xv5XB\/4OX6CzriAV2mbXwSfL+OPt5xRZa68c2YOZW3jb1cuvqq0vZVqv6pbrT2VrbRmVT\/\/zKZ\/r7Nm1vVubI1dLoqWAAAAAEAo3mkJAAAAAISiaAkAAAAAhKJoCQAAAACEomgJAAAAAISiaAkAAAAAhKJoCQAAAACEomgJAAAAAISiaAkAAAAAhKJoCQAAAACEomgJAAAAAISiaAkAAAAAhKJoCQAAAACEomgJAAAAAISiaAkAAAAAhKJoCQAAAACEomgJAAAAAISiaAkAAAAAhKJoCQAAAACEomgJAAAAAISiaAkAAAAAhPJ\/aKbqIDeoZ4AAAAAASUVORK5CYIIg\" alt=\"\" \/><\/p>\t\t\t\t\t\t\t\t<\/div>\n\t\t\t\t<\/div>\n\t\t\t\t\t<\/div>\n\t\t<\/div>\n\t\t\t\t\t<\/div>\n\t\t<\/section>\n\t\t\t\t<\/div>\n\t\t","protected":false},"excerpt":{"rendered":"<p>Bien vieillir chez soi une option privil\u00e9gi\u00e9e par les personnes a\u00een\u00e9es Tout au long de la vie, les liens sociaux et les liens d\u2019amiti\u00e9 apportent de la chaleur et du r\u00e9confort. Cependant, au fil des ans, il arrive que des personnes a\u00een\u00e9es se retrouvent \u00e0 la maison dans des conditions parfois difficiles. Le programme \u00ab\u00a0Bien [&hellip;]<\/p>\n","protected":false},"author":7,"featured_media":0,"parent":0,"menu_order":7,"comment_status":"closed","ping_status":"closed","template":"","meta":{"site-sidebar-layout":"no-sidebar","site-content-layout":"page-builder","ast-site-content-layout":"default","site-content-style":"default","site-sidebar-style":"default","ast-global-header-display":"","ast-banner-title-visibility":"","ast-main-header-display":"","ast-hfb-above-header-display":"","ast-hfb-below-header-display":"","ast-hfb-mobile-header-display":"","site-post-title":"disabled","ast-breadcrumbs-content":"","ast-featured-img":"disabled","footer-sml-layout":"","ast-disable-related-posts":"","theme-transparent-header-meta":"default","adv-header-id-meta":"","stick-header-meta":"","header-above-stick-meta":"","header-main-stick-meta":"","header-below-stick-meta":"","astra-migrate-meta-layouts":"default","ast-page-background-enabled":"default","ast-page-background-meta":{"desktop":{"background-color":"var(--ast-global-color-4)","background-image":"","background-repeat":"repeat","background-position":"center center","background-size":"auto","background-attachment":"scroll","background-type":"","background-media":"","overlay-type":"","overlay-color":"","overlay-opacity":"","overlay-gradient":""},"tablet":{"background-color":"","background-image":"","background-repeat":"repeat","background-position":"center center","background-size":"auto","background-attachment":"scroll","background-type":"","background-media":"","overlay-type":"","overlay-color":"","overlay-opacity":"","overlay-gradient":""},"mobile":{"background-color":"","background-image":"","background-repeat":"repeat","background-position":"center center","background-size":"auto","background-attachment":"scroll","background-type":"","background-media":"","overlay-type":"","overlay-color":"","overlay-opacity":"","overlay-gradient":""}},"ast-content-background-meta":{"desktop":{"background-color":"var(--ast-global-color-5)","background-image":"","background-repeat":"repeat","background-position":"center center","background-size":"auto","background-attachment":"scroll","background-type":"","background-media":"","overlay-type":"","overlay-color":"","overlay-opacity":"","overlay-gradient":""},"tablet":{"background-color":"var(--ast-global-color-5)","background-image":"","background-repeat":"repeat","background-position":"center center","background-size":"auto","background-attachment":"scroll","background-type":"","background-media":"","overlay-type":"","overlay-color":"","overlay-opacity":"","overlay-gradient":""},"mobile":{"background-color":"var(--ast-global-color-5)","background-image":"","background-repeat":"repeat","background-position":"center center","background-size":"auto","background-attachment":"scroll","background-type":"","background-media":"","overlay-type":"","overlay-color":"","overlay-opacity":"","overlay-gradient":""}},"footnotes":""},"page-categories":[],"class_list":["post-8053","page","type-page","status-publish","hentry"],"_links":{"self":[{"href":"https:\/\/kiosque.acadienouvelle.com\/vie-50-04-2025\/wp-json\/wp\/v2\/pages\/8053","targetHints":{"allow":["GET"]}}],"collection":[{"href":"https:\/\/kiosque.acadienouvelle.com\/vie-50-04-2025\/wp-json\/wp\/v2\/pages"}],"about":[{"href":"https:\/\/kiosque.acadienouvelle.com\/vie-50-04-2025\/wp-json\/wp\/v2\/types\/page"}],"author":[{"embeddable":true,"href":"https:\/\/kiosque.acadienouvelle.com\/vie-50-04-2025\/wp-json\/wp\/v2\/users\/7"}],"replies":[{"embeddable":true,"href":"https:\/\/kiosque.acadienouvelle.com\/vie-50-04-2025\/wp-json\/wp\/v2\/comments?post=8053"}],"version-history":[{"count":37,"href":"https:\/\/kiosque.acadienouvelle.com\/vie-50-04-2025\/wp-json\/wp\/v2\/pages\/8053\/revisions"}],"predecessor-version":[{"id":8091,"href":"https:\/\/kiosque.acadienouvelle.com\/vie-50-04-2025\/wp-json\/wp\/v2\/pages\/8053\/revisions\/8091"}],"wp:attachment":[{"href":"https:\/\/kiosque.acadienouvelle.com\/vie-50-04-2025\/wp-json\/wp\/v2\/media?parent=8053"}],"wp:term":[{"taxonomy":"page-categories","embeddable":true,"href":"https:\/\/kiosque.acadienouvelle.com\/vie-50-04-2025\/wp-json\/wp\/v2\/page-categories?post=8053"}],"curies":[{"name":"wp","href":"https:\/\/api.w.org\/{rel}","templated":true}]}}