{"id":8095,"date":"2025-12-01T17:44:27","date_gmt":"2025-12-01T17:44:27","guid":{"rendered":"https:\/\/kiosque.acadienouvelle.com\/vie-50-04-2025\/?page_id=8095"},"modified":"2025-12-01T17:53:45","modified_gmt":"2025-12-01T17:53:45","slug":"fcanb-un-ministere-consacre-aux-personnes-ainees","status":"publish","type":"page","link":"https:\/\/kiosque.acadienouvelle.com\/vie-50-04-2025\/fcanb-un-ministere-consacre-aux-personnes-ainees\/","title":{"rendered":"FCANB: un minist\u00e8re consacr\u00e9 aux personnes a\u00een\u00e9es demeure la priorit\u00e9"},"content":{"rendered":"\t\t<div data-elementor-type=\"wp-page\" data-elementor-id=\"8095\" class=\"elementor elementor-8095\" data-elementor-post-type=\"page\">\n\t\t\t\t\t\t<section class=\"elementor-section elementor-top-section elementor-element elementor-element-50c1b6e elementor-section-height-min-height header_title banner_img elementor-section-boxed elementor-section-height-default elementor-section-items-middle\" data-id=\"50c1b6e\" data-element_type=\"section\" data-e-type=\"section\" data-settings=\"{&quot;background_background&quot;:&quot;classic&quot;}\">\n\t\t\t\t\t\t\t<div class=\"elementor-background-overlay\"><\/div>\n\t\t\t\t\t\t\t<div class=\"elementor-container elementor-column-gap-default\">\n\t\t\t\t\t<div class=\"elementor-column elementor-col-100 elementor-top-column elementor-element elementor-element-3a2d241\" data-id=\"3a2d241\" data-element_type=\"column\" data-e-type=\"column\">\n\t\t\t<div class=\"elementor-widget-wrap elementor-element-populated\">\n\t\t\t\t\t\t<div class=\"elementor-element elementor-element-9673cd2 elementor-widget elementor-widget-heading\" data-id=\"9673cd2\" data-element_type=\"widget\" data-e-type=\"widget\" data-widget_type=\"heading.default\">\n\t\t\t\t<div class=\"elementor-widget-container\">\n\t\t\t\t\t<h2 class=\"elementor-heading-title elementor-size-default\">FCANB: un minist\u00e8re consacr\u00e9 aux personnes a\u00een\u00e9es demeure la priorit\u00e9<\/h2>\t\t\t\t<\/div>\n\t\t\t\t<\/div>\n\t\t\t\t\t<\/div>\n\t\t<\/div>\n\t\t\t\t\t<\/div>\n\t\t<\/section>\n\t\t\t\t<section class=\"elementor-section elementor-top-section elementor-element elementor-element-d9a853a elementor-section-boxed elementor-section-height-default elementor-section-height-default\" data-id=\"d9a853a\" data-element_type=\"section\" data-e-type=\"section\">\n\t\t\t\t\t\t<div class=\"elementor-container elementor-column-gap-default\">\n\t\t\t\t\t<div class=\"elementor-column elementor-col-100 elementor-top-column elementor-element elementor-element-68d9c5a page_contain\" data-id=\"68d9c5a\" data-element_type=\"column\" data-e-type=\"column\" data-settings=\"{&quot;background_background&quot;:&quot;classic&quot;}\">\n\t\t\t<div class=\"elementor-widget-wrap elementor-element-populated\">\n\t\t\t\t\t\t<div class=\"elementor-element elementor-element-50f1f9b elementor-widget elementor-widget-image\" data-id=\"50f1f9b\" data-element_type=\"widget\" data-e-type=\"widget\" data-widget_type=\"image.default\">\n\t\t\t\t<div class=\"elementor-widget-container\">\n\t\t\t\t\t\t\t\t\t\t\t\t<figure class=\"wp-caption\">\n\t\t\t\t\t\t\t\t\t\t<img fetchpriority=\"high\" decoding=\"async\" width=\"1366\" height=\"768\" src=\"https:\/\/kiosque.acadienouvelle.com\/vie-50-04-2025\/wp-content\/uploads\/sites\/372\/2025\/12\/8-landing.jpg\" class=\"attachment-full size-full wp-image-8100\" alt=\"\" srcset=\"https:\/\/kiosque.acadienouvelle.com\/vie-50-04-2025\/wp-content\/uploads\/sites\/372\/2025\/12\/8-landing.jpg 1366w, https:\/\/kiosque.acadienouvelle.com\/vie-50-04-2025\/wp-content\/uploads\/sites\/372\/2025\/12\/8-landing-300x169.jpg 300w, https:\/\/kiosque.acadienouvelle.com\/vie-50-04-2025\/wp-content\/uploads\/sites\/372\/2025\/12\/8-landing-1024x576.jpg 1024w, https:\/\/kiosque.acadienouvelle.com\/vie-50-04-2025\/wp-content\/uploads\/sites\/372\/2025\/12\/8-landing-768x432.jpg 768w\" sizes=\"(max-width: 1366px) 100vw, 1366px\" \/>\t\t\t\t\t\t\t\t\t\t\t<figcaption class=\"widget-image-caption wp-caption-text\"><\/figcaption>\n\t\t\t\t\t\t\t\t\t\t<\/figure>\n\t\t\t\t\t\t\t\t\t<\/div>\n\t\t\t\t<\/div>\n\t\t<link rel=\"stylesheet\" href=\"https:\/\/use.fontawesome.com\/releases\/v5.5.0\/css\/all.css\" integrity=\"sha384-B4dIYHKNBt8Bc12p+WXckhzcICo0wtJAoU8YZTY5qE0Id1GSseTk6S+L3BlXeVIU\" crossorigin=\"anonymous\">\r\n\t\t<div class=\"elementor-element elementor-element-d0a0a3b mobile_pera elementor-widget elementor-widget-text-editor\" data-id=\"d0a0a3b\" data-element_type=\"widget\" data-e-type=\"widget\" data-widget_type=\"text-editor.default\">\n\t\t\t\t<div class=\"elementor-widget-container\">\n\t\t\t\t\t\t\t\t\t<p><img decoding=\"async\" class=\"size-full wp-image-8104 aligncenter\" src=\"https:\/\/kiosque.acadienouvelle.com\/vie-50-04-2025\/wp-content\/uploads\/sites\/372\/2025\/12\/8-photo-1.jpg\" alt=\"\" width=\"485\" height=\"382\" srcset=\"https:\/\/kiosque.acadienouvelle.com\/vie-50-04-2025\/wp-content\/uploads\/sites\/372\/2025\/12\/8-photo-1.jpg 485w, https:\/\/kiosque.acadienouvelle.com\/vie-50-04-2025\/wp-content\/uploads\/sites\/372\/2025\/12\/8-photo-1-300x236.jpg 300w\" sizes=\"(max-width: 485px) 100vw, 485px\" \/><\/p><p>Alphonse Dionne, le pr\u00e9sident de la FCANB<\/p>\t\t\t\t\t\t\t\t<\/div>\n\t\t\t\t<\/div>\n\t\t\t\t<div class=\"elementor-element elementor-element-972a320 mobile_pera elementor-widget elementor-widget-text-editor\" data-id=\"972a320\" data-element_type=\"widget\" data-e-type=\"widget\" data-widget_type=\"text-editor.default\">\n\t\t\t\t<div class=\"elementor-widget-container\">\n\t\t\t\t\t\t\t\t\t<p>La F\u00e9d\u00e9ration des citoyennes et citoyens a\u00een\u00e9s du Nouveau-Brunswick (FCANB) a joint ses efforts \u00e0 d\u2019autres organismes de la province pour revendiquer la cr\u00e9ation d\u2019un minist\u00e8re consacr\u00e9 aux a\u00een\u00e9es. Le pr\u00e9sident, Alphonse Dionne, affirme que la province semble r\u00e9ceptive \u00e0 l\u2019id\u00e9e, mais que sa r\u00e9alisation ne s\u2019effectuera pas du jour au lendemain.<\/p>\t\t\t\t\t\t\t\t<\/div>\n\t\t\t\t<\/div>\n\t\t\t\t<div class=\"elementor-element elementor-element-cabdfd1 mobile_pera elementor-widget elementor-widget-text-editor\" data-id=\"cabdfd1\" data-element_type=\"widget\" data-e-type=\"widget\" data-widget_type=\"text-editor.default\">\n\t\t\t\t<div class=\"elementor-widget-container\">\n\t\t\t\t\t\t\t\t\t<p>\u00ab Nous avons eu une rencontre \u00e0 Fredericton avec la premi\u00e8re ministre Holt et d\u2019autres ministres. Ils ne sont pas pr\u00eats \u00e0 faire \u00e7a tout de suite, mais je pense qu\u2019ils nous prennent au s\u00e9rieux. Je crois que ce sera possible, mais \u00e7a va prendre du temps \u00bb, avance-t-il.<\/p>\t\t\t\t\t\t\t\t<\/div>\n\t\t\t\t<\/div>\n\t\t\t\t<div class=\"elementor-element elementor-element-74263c8 mobile_pera elementor-widget elementor-widget-text-editor\" data-id=\"74263c8\" data-element_type=\"widget\" data-e-type=\"widget\" data-widget_type=\"text-editor.default\">\n\t\t\t\t<div class=\"elementor-widget-container\">\n\t\t\t\t\t\t\t\t\t<p>Cependant, il ajoute que les besoins grandissent de fa\u00e7on urgente en raison du vieillissement de la population. Un minist\u00e8re des personnes a\u00een\u00e9es permettra de regrouper sous une seule entit\u00e9 tous les services reli\u00e9s et d\u2019avoir les budgets pour atteindre des objectifs pr\u00e9cis.<\/p>\t\t\t\t\t\t\t\t<\/div>\n\t\t\t\t<\/div>\n\t\t\t\t<div class=\"elementor-element elementor-element-0b6ad93 mobile_pera elementor-widget elementor-widget-text-editor\" data-id=\"0b6ad93\" data-element_type=\"widget\" data-e-type=\"widget\" data-widget_type=\"text-editor.default\">\n\t\t\t\t<div class=\"elementor-widget-container\">\n\t\t\t\t\t\t\t\t\t<p><b>Revendications reli\u00e9es aux vaccins\u2026 une petite victoire<\/b><\/p>\t\t\t\t\t\t\t\t<\/div>\n\t\t\t\t<\/div>\n\t\t\t\t<div class=\"elementor-element elementor-element-3abe3bc mobile_pera elementor-widget elementor-widget-text-editor\" data-id=\"3abe3bc\" data-element_type=\"widget\" data-e-type=\"widget\" data-widget_type=\"text-editor.default\">\n\t\t\t\t<div class=\"elementor-widget-container\">\n\t\t\t\t\t\t\t\t\t<p>M. Dionne \u00e9tait heureux de souligner que la FCANB et ses partenaires ont enfin obtenu la distribution gratuite du vaccin contre le virus respiratoire syncytial pour les personnes de 75 ans et plus apr\u00e8s des ann\u00e9es de revendication. \u00ab Nous demandons toujours pour le vaccin contre le zona et je pense que le Nouveau-Brunswick est la seule province canadienne qui ne le paye pas pour les a\u00een\u00e9s \u00bb, d\u00e9plore-t-il.<\/p>\t\t\t\t\t\t\t\t<\/div>\n\t\t\t\t<\/div>\n\t\t\t\t<div class=\"elementor-element elementor-element-c2b460c mobile_pera elementor-widget elementor-widget-text-editor\" data-id=\"c2b460c\" data-element_type=\"widget\" data-e-type=\"widget\" data-widget_type=\"text-editor.default\">\n\t\t\t\t<div class=\"elementor-widget-container\">\n\t\t\t\t\t\t\t\t\t<p>La FCANB consid\u00e8re que ces vaccins repr\u00e9sentent une mesure pr\u00e9ventive efficace qui non seulement contribue \u00e0 la sant\u00e9 de la population, mais aussi \u00e9vite des co\u00fbts \u00e9lev\u00e9s en soins et hospitalisation. De m\u00eame, la f\u00e9d\u00e9ration r\u00e9clame que l\u2019assurance-maladie couvre les examens de la vue pour les personnes de 65 ans et plus, puisque ces examens peuvent faire la d\u00e9tection pr\u00e9coce de probl\u00e8mes de sant\u00e9 oculaire graves. Enfin, le pr\u00e9sident confirme que la FCANB pr\u00e9voit offrir des ateliers sur la maltraitance et la fraude ce printemps.<\/p>\t\t\t\t\t\t\t\t<\/div>\n\t\t\t\t<\/div>\n\t\t\t\t\t<\/div>\n\t\t<\/div>\n\t\t\t\t\t<\/div>\n\t\t<\/section>\n\t\t\t\t<\/div>\n\t\t","protected":false},"excerpt":{"rendered":"<p>FCANB: un minist\u00e8re consacr\u00e9 aux personnes a\u00een\u00e9es demeure la priorit\u00e9 Alphonse Dionne, le pr\u00e9sident de la FCANB La F\u00e9d\u00e9ration des citoyennes et citoyens a\u00een\u00e9s du Nouveau-Brunswick (FCANB) a joint ses efforts \u00e0 d\u2019autres organismes de la province pour revendiquer la cr\u00e9ation d\u2019un minist\u00e8re consacr\u00e9 aux a\u00een\u00e9es. Le pr\u00e9sident, Alphonse Dionne, affirme que la province semble [&hellip;]<\/p>\n","protected":false},"author":7,"featured_media":0,"parent":0,"menu_order":8,"comment_status":"closed","ping_status":"closed","template":"","meta":{"site-sidebar-layout":"no-sidebar","site-content-layout":"page-builder","ast-site-content-layout":"default","site-content-style":"default","site-sidebar-style":"default","ast-global-header-display":"","ast-banner-title-visibility":"","ast-main-header-display":"","ast-hfb-above-header-display":"","ast-hfb-below-header-display":"","ast-hfb-mobile-header-display":"","site-post-title":"disabled","ast-breadcrumbs-content":"","ast-featured-img":"disabled","footer-sml-layout":"","ast-disable-related-posts":"","theme-transparent-header-meta":"default","adv-header-id-meta":"","stick-header-meta":"","header-above-stick-meta":"","header-main-stick-meta":"","header-below-stick-meta":"","astra-migrate-meta-layouts":"default","ast-page-background-enabled":"default","ast-page-background-meta":{"desktop":{"background-color":"var(--ast-global-color-4)","background-image":"","background-repeat":"repeat","background-position":"center center","background-size":"auto","background-attachment":"scroll","background-type":"","background-media":"","overlay-type":"","overlay-color":"","overlay-opacity":"","overlay-gradient":""},"tablet":{"background-color":"","background-image":"","background-repeat":"repeat","background-position":"center center","background-size":"auto","background-attachment":"scroll","background-type":"","background-media":"","overlay-type":"","overlay-color":"","overlay-opacity":"","overlay-gradient":""},"mobile":{"background-color":"","background-image":"","background-repeat":"repeat","background-position":"center center","background-size":"auto","background-attachment":"scroll","background-type":"","background-media":"","overlay-type":"","overlay-color":"","overlay-opacity":"","overlay-gradient":""}},"ast-content-background-meta":{"desktop":{"background-color":"var(--ast-global-color-5)","background-image":"","background-repeat":"repeat","background-position":"center center","background-size":"auto","background-attachment":"scroll","background-type":"","background-media":"","overlay-type":"","overlay-color":"","overlay-opacity":"","overlay-gradient":""},"tablet":{"background-color":"var(--ast-global-color-5)","background-image":"","background-repeat":"repeat","background-position":"center center","background-size":"auto","background-attachment":"scroll","background-type":"","background-media":"","overlay-type":"","overlay-color":"","overlay-opacity":"","overlay-gradient":""},"mobile":{"background-color":"var(--ast-global-color-5)","background-image":"","background-repeat":"repeat","background-position":"center center","background-size":"auto","background-attachment":"scroll","background-type":"","background-media":"","overlay-type":"","overlay-color":"","overlay-opacity":"","overlay-gradient":""}},"footnotes":""},"page-categories":[],"class_list":["post-8095","page","type-page","status-publish","hentry"],"_links":{"self":[{"href":"https:\/\/kiosque.acadienouvelle.com\/vie-50-04-2025\/wp-json\/wp\/v2\/pages\/8095","targetHints":{"allow":["GET"]}}],"collection":[{"href":"https:\/\/kiosque.acadienouvelle.com\/vie-50-04-2025\/wp-json\/wp\/v2\/pages"}],"about":[{"href":"https:\/\/kiosque.acadienouvelle.com\/vie-50-04-2025\/wp-json\/wp\/v2\/types\/page"}],"author":[{"embeddable":true,"href":"https:\/\/kiosque.acadienouvelle.com\/vie-50-04-2025\/wp-json\/wp\/v2\/users\/7"}],"replies":[{"embeddable":true,"href":"https:\/\/kiosque.acadienouvelle.com\/vie-50-04-2025\/wp-json\/wp\/v2\/comments?post=8095"}],"version-history":[{"count":25,"href":"https:\/\/kiosque.acadienouvelle.com\/vie-50-04-2025\/wp-json\/wp\/v2\/pages\/8095\/revisions"}],"predecessor-version":[{"id":8122,"href":"https:\/\/kiosque.acadienouvelle.com\/vie-50-04-2025\/wp-json\/wp\/v2\/pages\/8095\/revisions\/8122"}],"wp:attachment":[{"href":"https:\/\/kiosque.acadienouvelle.com\/vie-50-04-2025\/wp-json\/wp\/v2\/media?parent=8095"}],"wp:term":[{"taxonomy":"page-categories","embeddable":true,"href":"https:\/\/kiosque.acadienouvelle.com\/vie-50-04-2025\/wp-json\/wp\/v2\/page-categories?post=8095"}],"curies":[{"name":"wp","href":"https:\/\/api.w.org\/{rel}","templated":true}]}}