{"id":8128,"date":"2025-12-01T17:56:12","date_gmt":"2025-12-01T17:56:12","guid":{"rendered":"https:\/\/kiosque.acadienouvelle.com\/vie-50-04-2025\/?page_id=8128"},"modified":"2025-12-01T18:35:43","modified_gmt":"2025-12-01T18:35:43","slug":"pourquoi-devenir-membre-de-la-fcanb","status":"publish","type":"page","link":"https:\/\/kiosque.acadienouvelle.com\/vie-50-04-2025\/pourquoi-devenir-membre-de-la-fcanb\/","title":{"rendered":"Pourquoi devenir membre de la FCANB\u2009?"},"content":{"rendered":"\t\t<div data-elementor-type=\"wp-page\" data-elementor-id=\"8128\" class=\"elementor elementor-8128\" data-elementor-post-type=\"page\">\n\t\t\t\t\t\t<section class=\"elementor-section elementor-top-section elementor-element elementor-element-50c1b6e elementor-section-height-min-height header_title banner_img elementor-section-boxed elementor-section-height-default elementor-section-items-middle\" data-id=\"50c1b6e\" data-element_type=\"section\" data-e-type=\"section\" data-settings=\"{&quot;background_background&quot;:&quot;classic&quot;}\">\n\t\t\t\t\t\t\t<div class=\"elementor-background-overlay\"><\/div>\n\t\t\t\t\t\t\t<div class=\"elementor-container elementor-column-gap-default\">\n\t\t\t\t\t<div class=\"elementor-column elementor-col-100 elementor-top-column elementor-element elementor-element-3a2d241\" data-id=\"3a2d241\" data-element_type=\"column\" data-e-type=\"column\">\n\t\t\t<div class=\"elementor-widget-wrap elementor-element-populated\">\n\t\t\t\t\t\t<div class=\"elementor-element elementor-element-9673cd2 elementor-widget elementor-widget-heading\" data-id=\"9673cd2\" data-element_type=\"widget\" data-e-type=\"widget\" data-widget_type=\"heading.default\">\n\t\t\t\t<div class=\"elementor-widget-container\">\n\t\t\t\t\t<h2 class=\"elementor-heading-title elementor-size-default\">Pourquoi devenir membre de la FCANB\u2009?<\/h2>\t\t\t\t<\/div>\n\t\t\t\t<\/div>\n\t\t\t\t\t<\/div>\n\t\t<\/div>\n\t\t\t\t\t<\/div>\n\t\t<\/section>\n\t\t\t\t<section class=\"elementor-section elementor-top-section elementor-element elementor-element-d9a853a elementor-section-boxed elementor-section-height-default elementor-section-height-default\" data-id=\"d9a853a\" data-element_type=\"section\" data-e-type=\"section\">\n\t\t\t\t\t\t<div class=\"elementor-container elementor-column-gap-default\">\n\t\t\t\t\t<div class=\"elementor-column elementor-col-100 elementor-top-column elementor-element elementor-element-68d9c5a page_contain\" data-id=\"68d9c5a\" data-element_type=\"column\" data-e-type=\"column\" data-settings=\"{&quot;background_background&quot;:&quot;classic&quot;}\">\n\t\t\t<div class=\"elementor-widget-wrap elementor-element-populated\">\n\t\t\t\t\t\t<div class=\"elementor-element elementor-element-50f1f9b elementor-widget elementor-widget-image\" data-id=\"50f1f9b\" data-element_type=\"widget\" data-e-type=\"widget\" data-widget_type=\"image.default\">\n\t\t\t\t<div class=\"elementor-widget-container\">\n\t\t\t\t\t\t\t\t\t\t\t\t<figure class=\"wp-caption\">\n\t\t\t\t\t\t\t\t\t\t<img fetchpriority=\"high\" decoding=\"async\" width=\"1366\" height=\"768\" src=\"https:\/\/kiosque.acadienouvelle.com\/vie-50-04-2025\/wp-content\/uploads\/sites\/372\/2025\/12\/9-landing.jpg\" class=\"attachment-full size-full wp-image-8130\" alt=\"\" srcset=\"https:\/\/kiosque.acadienouvelle.com\/vie-50-04-2025\/wp-content\/uploads\/sites\/372\/2025\/12\/9-landing.jpg 1366w, https:\/\/kiosque.acadienouvelle.com\/vie-50-04-2025\/wp-content\/uploads\/sites\/372\/2025\/12\/9-landing-300x169.jpg 300w, https:\/\/kiosque.acadienouvelle.com\/vie-50-04-2025\/wp-content\/uploads\/sites\/372\/2025\/12\/9-landing-1024x576.jpg 1024w, https:\/\/kiosque.acadienouvelle.com\/vie-50-04-2025\/wp-content\/uploads\/sites\/372\/2025\/12\/9-landing-768x432.jpg 768w\" sizes=\"(max-width: 1366px) 100vw, 1366px\" \/>\t\t\t\t\t\t\t\t\t\t\t<figcaption class=\"widget-image-caption wp-caption-text\"><\/figcaption>\n\t\t\t\t\t\t\t\t\t\t<\/figure>\n\t\t\t\t\t\t\t\t\t<\/div>\n\t\t\t\t<\/div>\n\t\t<link rel=\"stylesheet\" href=\"https:\/\/use.fontawesome.com\/releases\/v5.5.0\/css\/all.css\" integrity=\"sha384-B4dIYHKNBt8Bc12p+WXckhzcICo0wtJAoU8YZTY5qE0Id1GSseTk6S+L3BlXeVIU\" crossorigin=\"anonymous\">\r\n\t\t<div class=\"elementor-element elementor-element-d0a0a3b mobile_pera elementor-widget elementor-widget-text-editor\" data-id=\"d0a0a3b\" data-element_type=\"widget\" data-e-type=\"widget\" data-widget_type=\"text-editor.default\">\n\t\t\t\t<div class=\"elementor-widget-container\">\n\t\t\t\t\t\t\t\t\t<p>La FCANB agit depuis plus de 57 ans comme voix collective de toutes les personnes \u00e2g\u00e9es de la province. Fond\u00e9e par et pour les a\u00een\u00e9\u00b7e\u00b7s, elle d\u00e9fend leurs droits, am\u00e9liore leurs conditions de vie et veille \u00e0 ce que leurs besoins soient entendus et respect\u00e9s.<\/p>\t\t\t\t\t\t\t\t<\/div>\n\t\t\t\t<\/div>\n\t\t\t\t<div class=\"elementor-element elementor-element-6a3d19d elementor-widget elementor-widget-advertisement\" data-id=\"6a3d19d\" data-element_type=\"widget\" data-e-type=\"widget\" data-widget_type=\"advertisement.default\">\n\t\t\t\t<div class=\"elementor-widget-container\">\n\t\t\t\t\t<div class=\"ads-align-center\"><div data-m32-ad data-options='{\"sizes\":\"[[300,250]]\",\"dfpId\":\"21658289790,27729547\",\"dfpAdUnitPath\":\"acadienouvelle\/cahiers_quarterpage_300x250\"}'><\/div><\/div>\t\t\t\t<\/div>\n\t\t\t\t<\/div>\n\t\t\t\t<div class=\"elementor-element elementor-element-9e67b52 mobile_pera elementor-widget elementor-widget-text-editor\" data-id=\"9e67b52\" data-element_type=\"widget\" data-e-type=\"widget\" data-widget_type=\"text-editor.default\">\n\t\t\t\t<div class=\"elementor-widget-container\">\n\t\t\t\t\t\t\t\t\t<p><b>Notre mission<\/b><br \/>Am\u00e9liorer la qualit\u00e9 de vie des a\u00een\u00e9\u00b7e\u00b7s du Nouveau-Brunswick en r\u00e9pondant \u00e0 leurs besoins et en d\u00e9fendant leurs droits et int\u00e9r\u00eats.<\/p>\t\t\t\t\t\t\t\t<\/div>\n\t\t\t\t<\/div>\n\t\t\t\t<div class=\"elementor-element elementor-element-aed7cba mobile_pera elementor-widget elementor-widget-text-editor\" data-id=\"aed7cba\" data-element_type=\"widget\" data-e-type=\"widget\" data-widget_type=\"text-editor.default\">\n\t\t\t\t<div class=\"elementor-widget-container\">\n\t\t\t\t\t\t\t\t\t<p><strong>Ce que nous faisons<br \/><\/strong><strong style=\"font-style: inherit;\">\u2022 Plaidoyer politique :<\/strong><span style=\"font-style: inherit;\"><span style=\"font-weight: inherit;\"> rencontres avec les ministres et d\u00e9put\u00e9\u00b7e\u00b7s pour influencer les d\u00e9cisions en sant\u00e9, logement, revenu et transport.<\/span><br \/><\/span><strong style=\"font-style: inherit;\">\u2022 Soutien aux clubs 50+ :<\/strong><span style=\"font-style: inherit;\"><span style=\"font-weight: inherit;\"> ressources, formations et appui aux initiatives locales.<\/span><br \/><\/span><strong style=\"font-style: inherit;\">\u2022 \u00c9ducation et pr\u00e9vention :<\/strong><span style=\"font-style: inherit;\"><span style=\"font-weight: inherit;\"> ateliers sur la fraude, sant\u00e9, d\u00e9prescription, le leadership.<\/span><br \/><\/span><strong style=\"font-style: inherit;\">\u2022 Partenariats :<\/strong><span style=\"font-style: inherit;\"><span style=\"font-weight: inherit;\"> collaboration avec les r\u00e9seaux de sant\u00e9, la Croix-Rouge et d\u2019autres organismes communautaires.<\/span><br \/><\/span><strong style=\"font-style: inherit;\">\u2022 Consultation :<\/strong><span style=\"font-style: inherit; font-weight: inherit;\"> les besoins des a\u00een\u00e9\u00b7e\u00b7s guident nos actions.<\/span><\/p>\t\t\t\t\t\t\t\t<\/div>\n\t\t\t\t<\/div>\n\t\t\t\t<div class=\"elementor-element elementor-element-7fae43e mobile_pera elementor-widget elementor-widget-text-editor\" data-id=\"7fae43e\" data-element_type=\"widget\" data-e-type=\"widget\" data-widget_type=\"text-editor.default\">\n\t\t\t\t<div class=\"elementor-widget-container\">\n\t\t\t\t\t\t\t\t\t<p><strong>Notre repr\u00e9sentation<\/strong><br>La FCANB participe \u00e0 plusieurs comit\u00e9s influents :<br>\u2022 \u00c9valuation des besoins de la collectivit\u00e9 en mati\u00e8re de sant\u00e9 \u2013 avec Vitalit\u00e9 et Horizon.<br>\u2022 Coalition pour la sant\u00e9 du N.-B.<br>\u2022 Partenaires pour les soins de longue dur\u00e9e avec les ministres responsables des A\u00een\u00e9\u00b7e\u00b7s et du D\u00e9veloppement social.<br>\u2022 Partenaires communautaires avec la Croix-Rouge.<br>Ces pr\u00e9sences assurent que les pr\u00e9occupations des a\u00een\u00e9\u00b7e\u00b7s sont entendues dans les politiques publiques.<\/p>\t\t\t\t\t\t\t\t<\/div>\n\t\t\t\t<\/div>\n\t\t\t\t<div class=\"elementor-element elementor-element-74263c8 mobile_pera elementor-widget elementor-widget-text-editor\" data-id=\"74263c8\" data-element_type=\"widget\" data-e-type=\"widget\" data-widget_type=\"text-editor.default\">\n\t\t\t\t<div class=\"elementor-widget-container\">\n\t\t\t\t\t\t\t\t\t<p><strong>Nos valeurs<\/strong><br \/>Respect. \u2022 Dignit\u00e9. \u2022 Inclusion. \u2022 Bilinguisme. \u2022 Transparence. \u2022 Collaboration. \u2022 Non-partisanerie.<\/p>\t\t\t\t\t\t\t\t<\/div>\n\t\t\t\t<\/div>\n\t\t\t\t<div class=\"elementor-element elementor-element-7fed5e8 mobile_pera elementor-widget elementor-widget-text-editor\" data-id=\"7fed5e8\" data-element_type=\"widget\" data-e-type=\"widget\" data-widget_type=\"text-editor.default\">\n\t\t\t\t<div class=\"elementor-widget-container\">\n\t\t\t\t\t\t\t\t\t<p>Pourquoi votre adh\u00e9sion compte Adh\u00e9rer \u00e0 la FCANB, c\u2019est beaucoup plus que payer 10 $ :<br>\u2022 <b>Force du nombre :<\/b> plus nous sommes nombreux, plus notre voix porte.<br>\u2022 <b>Continuit\u00e9 :<\/b> \u00e0 chaque changement de gouvernement, il faut reb\u00e2tir la confiance \u2014 nos membres nous donnent la l\u00e9gitimit\u00e9 pour poursuivre le dialogue.<br>\u2022 <b>Soutien concret aux clubs :<\/b> formations, ressources et programmes.<\/p>\t\t\t\t\t\t\t\t<\/div>\n\t\t\t\t<\/div>\n\t\t\t\t<div class=\"elementor-element elementor-element-132b001 mobile_pera elementor-widget elementor-widget-text-editor\" data-id=\"132b001\" data-element_type=\"widget\" data-e-type=\"widget\" data-widget_type=\"text-editor.default\">\n\t\t\t\t<div class=\"elementor-widget-container\">\n\t\t\t\t\t\t\t\t\t<p><b>R\u00e9alisations concr\u00e8tes<br \/><\/b>\u2022 <b>Remboursement d\u2019imp\u00f4ts fonciers<\/b> pour les a\u00een\u00e9\u00b7e\u00b7s \u00e0 faible revenu.<br \/>\u2022 <b>Programme extra-mural<\/b> et am\u00e9lioration des soins \u00e0 domicile.<br \/>\u2022 <b>Suppl\u00e9ment de revenu garanti et allocation de 616 $<\/b> pour les personnes \u00e2g\u00e9es \u00e0 faible revenu.<br \/>\u2022 <b>Gratuit\u00e9 des ambulances<\/b> pour les b\u00e9n\u00e9ficiaires du SRG.<br \/>\u2022 <b>Passeports valides pendant 10 ans.<\/b><br \/>\u2022 <b>Vaccin antigrippal haute dose gratuit et vaccin VRS<\/b> approuv\u00e9 pour les 75+.<br \/>\u2022<b> Logements \u00e0 prix modique. <\/b><br \/>\u2022 <b>Am\u00e9lioration des foyers de soins<\/b> et soutien aux modifications domiciliaires.<br \/>\u2022 <b>Rabais<\/b> sur certaines assurances, les h\u00f4tels, pharmacies et commerces.<br \/>\u2022 <b>Ateliers \u00e9ducatifs<\/b> financ\u00e9s par le programme Nouveaux Horizons.<br \/>\u2022 <b>Centres de refroidissement et de r\u00e9chauffement<\/b> en cas de m\u00e9t\u00e9o extr\u00eame.<\/p>\t\t\t\t\t\t\t\t<\/div>\n\t\t\t\t<\/div>\n\t\t\t\t<div class=\"elementor-element elementor-element-0533291 mobile_pera elementor-widget elementor-widget-text-editor\" data-id=\"0533291\" data-element_type=\"widget\" data-e-type=\"widget\" data-widget_type=\"text-editor.default\">\n\t\t\t\t<div class=\"elementor-widget-container\">\n\t\t\t\t\t\t\t\t\t<p><b>Foire aux questions \u00ab\u2009Qu\u2019est-ce qu\u2019on y gagne\u2009?\u2009\u00bb<\/b><br \/>Des outils, du soutien et une voix forte pour les a\u00een\u00e9\u00b7e\u00b7s.<br \/>\u00ab<b>\u2009Nous ne sommes qu\u2019un petit club.\u2009\u00bb<\/b><br \/>Il suffit de 5 membres pour cr\u00e9er un club \u2013 la F\u00e9d\u00e9ration en compte pr\u00e8s de 12\u2009000.<br \/>\u00ab<b>\u2009Est-ce que le 10 $ vaut la peine\u2009?\u2009\u00bb<br \/><\/b><span style=\"font-style: inherit;\">Oui\u2009! Ce petit montant g\u00e9n\u00e8re de grands r\u00e9sultats pour tous\/toutes les a\u00een\u00e9\u00b7e\u00b7s du N.-B.<br \/><\/span><\/p>\t\t\t\t\t\t\t\t<\/div>\n\t\t\t\t<\/div>\n\t\t\t\t<div class=\"elementor-element elementor-element-7d48d75 mobile_pera elementor-widget elementor-widget-text-editor\" data-id=\"7d48d75\" data-element_type=\"widget\" data-e-type=\"widget\" data-widget_type=\"text-editor.default\">\n\t\t\t\t<div class=\"elementor-widget-container\">\n\t\t\t\t\t\t\t\t\t<p><b>Adh\u00e9sion 2026<\/b><br \/>10 $ par personne \u2013 un petit montant pour de grands r\u00e9sultats\u2009!<br \/><b>Info : Lise au 1 800 453-4333<\/b><\/p>\t\t\t\t\t\t\t\t<\/div>\n\t\t\t\t<\/div>\n\t\t\t\t<div class=\"elementor-element elementor-element-62b35fe mobile_pera elementor-widget elementor-widget-text-editor\" data-id=\"62b35fe\" data-element_type=\"widget\" data-e-type=\"widget\" data-widget_type=\"text-editor.default\">\n\t\t\t\t<div class=\"elementor-widget-container\">\n\t\t\t\t\t\t\t\t\t<p><b>La FCANB est votre voix. Ensemble, faisons-la r\u00e9sonner davantage\u2009!<\/b><\/p>\t\t\t\t\t\t\t\t<\/div>\n\t\t\t\t<\/div>\n\t\t\t\t<div class=\"elementor-element elementor-element-d09771b mobile_pera elementor-widget elementor-widget-text-editor\" data-id=\"d09771b\" data-element_type=\"widget\" data-e-type=\"widget\" data-widget_type=\"text-editor.default\">\n\t\t\t\t<div class=\"elementor-widget-container\">\n\t\t\t\t\t\t\t\t\tJoyeux No\u00ebl et bonne ann\u00e9e 2026\u2009!\n\t\t\t\t\t\t\t\t<\/div>\n\t\t\t\t<\/div>\n\t\t\t\t<div class=\"elementor-element elementor-element-a8c2491 mobile_pera elementor-widget elementor-widget-text-editor\" data-id=\"a8c2491\" data-element_type=\"widget\" data-e-type=\"widget\" data-widget_type=\"text-editor.default\">\n\t\t\t\t<div class=\"elementor-widget-container\">\n\t\t\t\t\t\t\t\t\t<p>Que cette p\u00e9riode des F\u00eates vous apporte sant\u00e9, s\u00e9r\u00e9nit\u00e9 et de pr\u00e9cieux moments <br \/>partag\u00e9s avec vos proches. Merci de faire partie de notre grande famille\u2009!<\/p>\t\t\t\t\t\t\t\t<\/div>\n\t\t\t\t<\/div>\n\t\t\t\t<div class=\"elementor-element elementor-element-3723119 mobile_pera elementor-widget elementor-widget-text-editor\" data-id=\"3723119\" data-element_type=\"widget\" data-e-type=\"widget\" data-widget_type=\"text-editor.default\">\n\t\t\t\t<div class=\"elementor-widget-container\">\n\t\t\t\t\t\t\t\t\t<p>Contenu commandit\u00e9<\/p>\t\t\t\t\t\t\t\t<\/div>\n\t\t\t\t<\/div>\n\t\t\t\t\t<\/div>\n\t\t<\/div>\n\t\t\t\t\t<\/div>\n\t\t<\/section>\n\t\t\t\t<\/div>\n\t\t","protected":false},"excerpt":{"rendered":"<p>Pourquoi devenir membre de la FCANB\u2009? La FCANB agit depuis plus de 57 ans comme voix collective de toutes les personnes \u00e2g\u00e9es de la province. Fond\u00e9e par et pour les a\u00een\u00e9\u00b7e\u00b7s, elle d\u00e9fend leurs droits, am\u00e9liore leurs conditions de vie et veille \u00e0 ce que leurs besoins soient entendus et respect\u00e9s. Notre missionAm\u00e9liorer la qualit\u00e9 [&hellip;]<\/p>\n","protected":false},"author":7,"featured_media":0,"parent":0,"menu_order":9,"comment_status":"closed","ping_status":"closed","template":"","meta":{"site-sidebar-layout":"no-sidebar","site-content-layout":"page-builder","ast-site-content-layout":"default","site-content-style":"default","site-sidebar-style":"default","ast-global-header-display":"","ast-banner-title-visibility":"","ast-main-header-display":"","ast-hfb-above-header-display":"","ast-hfb-below-header-display":"","ast-hfb-mobile-header-display":"","site-post-title":"disabled","ast-breadcrumbs-content":"","ast-featured-img":"disabled","footer-sml-layout":"","ast-disable-related-posts":"","theme-transparent-header-meta":"default","adv-header-id-meta":"","stick-header-meta":"","header-above-stick-meta":"","header-main-stick-meta":"","header-below-stick-meta":"","astra-migrate-meta-layouts":"default","ast-page-background-enabled":"default","ast-page-background-meta":{"desktop":{"background-color":"var(--ast-global-color-4)","background-image":"","background-repeat":"repeat","background-position":"center center","background-size":"auto","background-attachment":"scroll","background-type":"","background-media":"","overlay-type":"","overlay-color":"","overlay-opacity":"","overlay-gradient":""},"tablet":{"background-color":"","background-image":"","background-repeat":"repeat","background-position":"center center","background-size":"auto","background-attachment":"scroll","background-type":"","background-media":"","overlay-type":"","overlay-color":"","overlay-opacity":"","overlay-gradient":""},"mobile":{"background-color":"","background-image":"","background-repeat":"repeat","background-position":"center center","background-size":"auto","background-attachment":"scroll","background-type":"","background-media":"","overlay-type":"","overlay-color":"","overlay-opacity":"","overlay-gradient":""}},"ast-content-background-meta":{"desktop":{"background-color":"var(--ast-global-color-5)","background-image":"","background-repeat":"repeat","background-position":"center center","background-size":"auto","background-attachment":"scroll","background-type":"","background-media":"","overlay-type":"","overlay-color":"","overlay-opacity":"","overlay-gradient":""},"tablet":{"background-color":"var(--ast-global-color-5)","background-image":"","background-repeat":"repeat","background-position":"center center","background-size":"auto","background-attachment":"scroll","background-type":"","background-media":"","overlay-type":"","overlay-color":"","overlay-opacity":"","overlay-gradient":""},"mobile":{"background-color":"var(--ast-global-color-5)","background-image":"","background-repeat":"repeat","background-position":"center center","background-size":"auto","background-attachment":"scroll","background-type":"","background-media":"","overlay-type":"","overlay-color":"","overlay-opacity":"","overlay-gradient":""}},"footnotes":""},"page-categories":[],"class_list":["post-8128","page","type-page","status-publish","hentry"],"_links":{"self":[{"href":"https:\/\/kiosque.acadienouvelle.com\/vie-50-04-2025\/wp-json\/wp\/v2\/pages\/8128","targetHints":{"allow":["GET"]}}],"collection":[{"href":"https:\/\/kiosque.acadienouvelle.com\/vie-50-04-2025\/wp-json\/wp\/v2\/pages"}],"about":[{"href":"https:\/\/kiosque.acadienouvelle.com\/vie-50-04-2025\/wp-json\/wp\/v2\/types\/page"}],"author":[{"embeddable":true,"href":"https:\/\/kiosque.acadienouvelle.com\/vie-50-04-2025\/wp-json\/wp\/v2\/users\/7"}],"replies":[{"embeddable":true,"href":"https:\/\/kiosque.acadienouvelle.com\/vie-50-04-2025\/wp-json\/wp\/v2\/comments?post=8128"}],"version-history":[{"count":37,"href":"https:\/\/kiosque.acadienouvelle.com\/vie-50-04-2025\/wp-json\/wp\/v2\/pages\/8128\/revisions"}],"predecessor-version":[{"id":8171,"href":"https:\/\/kiosque.acadienouvelle.com\/vie-50-04-2025\/wp-json\/wp\/v2\/pages\/8128\/revisions\/8171"}],"wp:attachment":[{"href":"https:\/\/kiosque.acadienouvelle.com\/vie-50-04-2025\/wp-json\/wp\/v2\/media?parent=8128"}],"wp:term":[{"taxonomy":"page-categories","embeddable":true,"href":"https:\/\/kiosque.acadienouvelle.com\/vie-50-04-2025\/wp-json\/wp\/v2\/page-categories?post=8128"}],"curies":[{"name":"wp","href":"https:\/\/api.w.org\/{rel}","templated":true}]}}