{"id":8246,"date":"2025-12-01T19:48:55","date_gmt":"2025-12-01T19:48:55","guid":{"rendered":"https:\/\/kiosque.acadienouvelle.com\/vie-50-04-2025\/?page_id=8246"},"modified":"2025-12-01T20:21:40","modified_gmt":"2025-12-01T20:21:40","slug":"memramcook-devient-une-17e","status":"publish","type":"page","link":"https:\/\/kiosque.acadienouvelle.com\/vie-50-04-2025\/memramcook-devient-une-17e\/","title":{"rendered":"Memramcook devient une 17e communaut\u00e9 amie des a\u00een\u00e9s!"},"content":{"rendered":"\t\t<div data-elementor-type=\"wp-page\" data-elementor-id=\"8246\" class=\"elementor elementor-8246\" data-elementor-post-type=\"page\">\n\t\t\t\t\t\t<section class=\"elementor-section elementor-top-section elementor-element elementor-element-50c1b6e elementor-section-height-min-height header_title banner_img elementor-section-boxed elementor-section-height-default elementor-section-items-middle\" data-id=\"50c1b6e\" data-element_type=\"section\" data-e-type=\"section\" data-settings=\"{&quot;background_background&quot;:&quot;classic&quot;}\">\n\t\t\t\t\t\t\t<div class=\"elementor-background-overlay\"><\/div>\n\t\t\t\t\t\t\t<div class=\"elementor-container elementor-column-gap-default\">\n\t\t\t\t\t<div class=\"elementor-column elementor-col-100 elementor-top-column elementor-element elementor-element-3a2d241\" data-id=\"3a2d241\" data-element_type=\"column\" data-e-type=\"column\">\n\t\t\t<div class=\"elementor-widget-wrap elementor-element-populated\">\n\t\t\t\t\t\t<div class=\"elementor-element elementor-element-9673cd2 elementor-widget elementor-widget-heading\" data-id=\"9673cd2\" data-element_type=\"widget\" data-e-type=\"widget\" data-widget_type=\"heading.default\">\n\t\t\t\t<div class=\"elementor-widget-container\">\n\t\t\t\t\t<h2 class=\"elementor-heading-title elementor-size-default\">Memramcook devient une 17e communaut\u00e9 amie des a\u00een\u00e9s!<\/h2>\t\t\t\t<\/div>\n\t\t\t\t<\/div>\n\t\t\t\t\t<\/div>\n\t\t<\/div>\n\t\t\t\t\t<\/div>\n\t\t<\/section>\n\t\t\t\t<section class=\"elementor-section elementor-top-section elementor-element elementor-element-d9a853a elementor-section-boxed elementor-section-height-default elementor-section-height-default\" data-id=\"d9a853a\" data-element_type=\"section\" data-e-type=\"section\">\n\t\t\t\t\t\t<div class=\"elementor-container elementor-column-gap-default\">\n\t\t\t\t\t<div class=\"elementor-column elementor-col-100 elementor-top-column elementor-element elementor-element-68d9c5a page_contain\" data-id=\"68d9c5a\" data-element_type=\"column\" data-e-type=\"column\" data-settings=\"{&quot;background_background&quot;:&quot;classic&quot;}\">\n\t\t\t<div class=\"elementor-widget-wrap elementor-element-populated\">\n\t\t\t\t\t\t<div class=\"elementor-element elementor-element-50f1f9b elementor-widget elementor-widget-image\" data-id=\"50f1f9b\" data-element_type=\"widget\" data-e-type=\"widget\" data-widget_type=\"image.default\">\n\t\t\t\t<div class=\"elementor-widget-container\">\n\t\t\t\t\t\t\t\t\t\t\t\t<figure class=\"wp-caption\">\n\t\t\t\t\t\t\t\t\t\t<img fetchpriority=\"high\" decoding=\"async\" width=\"1366\" height=\"768\" src=\"https:\/\/kiosque.acadienouvelle.com\/vie-50-04-2025\/wp-content\/uploads\/sites\/372\/2025\/12\/11-landing.jpg\" class=\"attachment-full size-full wp-image-8253\" alt=\"\" srcset=\"https:\/\/kiosque.acadienouvelle.com\/vie-50-04-2025\/wp-content\/uploads\/sites\/372\/2025\/12\/11-landing.jpg 1366w, https:\/\/kiosque.acadienouvelle.com\/vie-50-04-2025\/wp-content\/uploads\/sites\/372\/2025\/12\/11-landing-300x169.jpg 300w, https:\/\/kiosque.acadienouvelle.com\/vie-50-04-2025\/wp-content\/uploads\/sites\/372\/2025\/12\/11-landing-1024x576.jpg 1024w, https:\/\/kiosque.acadienouvelle.com\/vie-50-04-2025\/wp-content\/uploads\/sites\/372\/2025\/12\/11-landing-768x432.jpg 768w\" sizes=\"(max-width: 1366px) 100vw, 1366px\" \/>\t\t\t\t\t\t\t\t\t\t\t<figcaption class=\"widget-image-caption wp-caption-text\">Plusieurs citoyens et citoyennes ont accompagn\u00e9 la ministre et le maire lors de cette belle annonce. (Gracieuset\u00e9)<\/figcaption>\n\t\t\t\t\t\t\t\t\t\t<\/figure>\n\t\t\t\t\t\t\t\t\t<\/div>\n\t\t\t\t<\/div>\n\t\t<link rel=\"stylesheet\" href=\"https:\/\/use.fontawesome.com\/releases\/v5.5.0\/css\/all.css\" integrity=\"sha384-B4dIYHKNBt8Bc12p+WXckhzcICo0wtJAoU8YZTY5qE0Id1GSseTk6S+L3BlXeVIU\" crossorigin=\"anonymous\">\r\n\t\t<div class=\"elementor-element elementor-element-d0a0a3b mobile_pera elementor-widget elementor-widget-text-editor\" data-id=\"d0a0a3b\" data-element_type=\"widget\" data-e-type=\"widget\" data-widget_type=\"text-editor.default\">\n\t\t\t\t<div class=\"elementor-widget-container\">\n\t\t\t\t\t\t\t\t\t<p>\u00ab Notre gouvernement reconna\u00eet \u00e0 quel point il est important que les personnes \u00e2g\u00e9es aient acc\u00e8s aux bonnes mesures de soutien en temps opportun et qu\u2019ils aient un lien avec leur communaut\u00e9 \u00bb, a d\u00e9clar\u00e9 la ministre responsable des A\u00een\u00e9s, Lyne Chantal Boudreau. \u00ab Je suis ravie de voir une autre collectivit\u00e9 se joindre \u00e0 ce r\u00e9seau important. \u00bb<\/p>\t\t\t\t\t\t\t\t<\/div>\n\t\t\t\t<\/div>\n\t\t\t\t<div class=\"elementor-element elementor-element-0a39623 mobile_pera elementor-widget elementor-widget-text-editor\" data-id=\"0a39623\" data-element_type=\"widget\" data-e-type=\"widget\" data-widget_type=\"text-editor.default\">\n\t\t\t\t<div class=\"elementor-widget-container\">\n\t\t\t\t\t\t\t\t\t<p>Le programme de reconnaissance est administr\u00e9 par le minist\u00e8re du D\u00e9veloppement social, en partenariat avec l\u2019Association francophone des a\u00een\u00e9s du Nouveau-Brunswick et l\u2019organisme Age-Friendly Active Communities of New Brunswick. Le but du programme est d\u2019encourager les collectivit\u00e9s \u00e0 adopter des mesures durables afin d\u2019\u00eatre des endroits accueillants pour les personnes de tous les \u00e2ges et de favoriser le vieillissement en sant\u00e9 et le mieux-\u00eatre.<\/p>\t\t\t\t\t\t\t\t<\/div>\n\t\t\t\t<\/div>\n\t\t\t\t<div class=\"elementor-element elementor-element-d9ea614 mobile_pera elementor-widget elementor-widget-text-editor\" data-id=\"d9ea614\" data-element_type=\"widget\" data-e-type=\"widget\" data-widget_type=\"text-editor.default\">\n\t\t\t\t<div class=\"elementor-widget-container\">\n\t\t\t\t\t\t\t\t\t<p>\u00ab Cette reconnaissance refl\u00e8te notre engagement, \u00e0 titre de municipalit\u00e9, \u00e0 b\u00e2tir une communaut\u00e9 qui valorise pleinement le vieillissement actif et en sant\u00e9, qui se fait dans la dignit\u00e9 et le respect \u00bb, a affirm\u00e9 le maire de Memramcook, Maxime O. Bourgeois. \u00ab Cela permet de renforcer les liens interg\u00e9n\u00e9rationnels et le tissu social de notre collectivit\u00e9, tout en encourageant la participation sociale et civique de nos personnes \u00e2g\u00e9es afin que tout le monde puisse vieillir dans un environnement s\u00e9curitaire et accueillant. \u00bb<\/p>\t\t\t\t\t\t\t\t<\/div>\n\t\t\t\t<\/div>\n\t\t\t\t<div class=\"elementor-element elementor-element-a6cf8e7 mobile_pera elementor-widget elementor-widget-text-editor\" data-id=\"a6cf8e7\" data-element_type=\"widget\" data-e-type=\"widget\" data-widget_type=\"text-editor.default\">\n\t\t\t\t<div class=\"elementor-widget-container\">\n\t\t\t\t\t\t\t\t\t<p><img decoding=\"async\" class=\"alignleft size-full wp-image-8272\" src=\"https:\/\/kiosque.acadienouvelle.com\/vie-50-04-2025\/wp-content\/uploads\/sites\/372\/2025\/12\/11-prevoyez.jpg\" alt=\"\" width=\"1366\" height=\"176\" srcset=\"https:\/\/kiosque.acadienouvelle.com\/vie-50-04-2025\/wp-content\/uploads\/sites\/372\/2025\/12\/11-prevoyez.jpg 1366w, https:\/\/kiosque.acadienouvelle.com\/vie-50-04-2025\/wp-content\/uploads\/sites\/372\/2025\/12\/11-prevoyez-300x39.jpg 300w, https:\/\/kiosque.acadienouvelle.com\/vie-50-04-2025\/wp-content\/uploads\/sites\/372\/2025\/12\/11-prevoyez-1024x132.jpg 1024w, https:\/\/kiosque.acadienouvelle.com\/vie-50-04-2025\/wp-content\/uploads\/sites\/372\/2025\/12\/11-prevoyez-768x99.jpg 768w\" sizes=\"(max-width: 1366px) 100vw, 1366px\" \/><\/p>\t\t\t\t\t\t\t\t<\/div>\n\t\t\t\t<\/div>\n\t\t\t\t<div class=\"elementor-element elementor-element-0b6ad93 mobile_pera elementor-widget elementor-widget-text-editor\" data-id=\"0b6ad93\" data-element_type=\"widget\" data-e-type=\"widget\" data-widget_type=\"text-editor.default\">\n\t\t\t\t<div class=\"elementor-widget-container\">\n\t\t\t\t\t\t\t\t\t<p><b>Planifier ses fun\u00e9railles\u2026<\/b><b style=\"font-style: inherit;\">y avez-vous song\u00e9?<\/b><\/p>\t\t\t\t\t\t\t\t<\/div>\n\t\t\t\t<\/div>\n\t\t\t\t<div class=\"elementor-element elementor-element-74263c8 mobile_pera elementor-widget elementor-widget-text-editor\" data-id=\"74263c8\" data-element_type=\"widget\" data-e-type=\"widget\" data-widget_type=\"text-editor.default\">\n\t\t\t\t<div class=\"elementor-widget-container\">\n\t\t\t\t\t\t\t\t\t<p>Pendant les premiers jours apr\u00e8s la mort, la famille et les amis en deuil ont la responsabilit\u00e9 de pr\u00e9parer les fun\u00e9railles. De quelles sortes de fun\u00e9railles doit-il s\u2019agir? Le d\u00e9c\u00e9d\u00e9 souhaitait-il se faire enterrer ou incin\u00e9rer? Que faut-il acheter au salon fun\u00e9raire? \u00c0 qui faut-il s\u2019adresser pour acheter une pierre tombale? Les gens qui jettent un regard r\u00e9trospectif sur la p\u00e9riode tombant juste apr\u00e8s le d\u00e9c\u00e8s se demandent souvent comment ils ont fait pour prendre toutes les d\u00e9cisions n\u00e9cessaires en vue des fun\u00e9railles. Certaines familles discutent des v\u0153ux du d\u00e9c\u00e9d\u00e9 quant aux fun\u00e9railles bien \u00e0 l\u2019avance, tandis que d\u2019autres ne prennent des d\u00e9cisions \u00e0 cet \u00e9gard qu\u2019apr\u00e8s la mort.<\/p>\t\t\t\t\t\t\t\t<\/div>\n\t\t\t\t<\/div>\n\t\t\t\t<div class=\"elementor-element elementor-element-9fdaf9d mobile_pera elementor-widget elementor-widget-text-editor\" data-id=\"9fdaf9d\" data-element_type=\"widget\" data-e-type=\"widget\" data-widget_type=\"text-editor.default\">\n\t\t\t\t<div class=\"elementor-widget-container\">\n\t\t\t\t\t\t\t\t\t<p><b>Types de fun\u00e9railles<\/b><\/p>\t\t\t\t\t\t\t\t<\/div>\n\t\t\t\t<\/div>\n\t\t\t\t<div class=\"elementor-element elementor-element-e286a5f mobile_pera elementor-widget elementor-widget-text-editor\" data-id=\"e286a5f\" data-element_type=\"widget\" data-e-type=\"widget\" data-widget_type=\"text-editor.default\">\n\t\t\t\t<div class=\"elementor-widget-container\">\n\t\t\t\t\t\t\t\t\t<p>Les fun\u00e9railles sont influenc\u00e9es par les traditions religieuses et culturelles, les pr\u00e9f\u00e9rences de la famille et les frais. Au Canada, les fun\u00e9railles ont lieu d\u2019un jour \u00e0 quatre jours apr\u00e8s la mort. Si les fun\u00e9railles sont retard\u00e9es de plus de quatre jours, c\u2019est souvent pour accommoder les personnes qui ont de grandes distances \u00e0 parcourir pour y assister. Les fun\u00e9railles traditionnelles offertes par les salons fun\u00e9raires comprennent :<\/p>\t\t\t\t\t\t\t\t<\/div>\n\t\t\t\t<\/div>\n\t\t\t\t<div class=\"elementor-element elementor-element-7524b3c mobile_pera elementor-widget elementor-widget-text-editor\" data-id=\"7524b3c\" data-element_type=\"widget\" data-e-type=\"widget\" data-widget_type=\"text-editor.default\">\n\t\t\t\t<div class=\"elementor-widget-container\">\n\t\t\t\t\t\t\t\t\t<ul><li>l\u2019exposition du corps avant le service fun\u00e9raire<\/li><li>le service fun\u00e9raire<\/li><li>l\u2019enterrement (l\u2019enterrement du corps ou l\u2019incin\u00e9ration)<\/li><\/ul>\t\t\t\t\t\t\t\t<\/div>\n\t\t\t\t<\/div>\n\t\t\t\t<div class=\"elementor-element elementor-element-a8e4c28 mobile_pera elementor-widget elementor-widget-text-editor\" data-id=\"a8e4c28\" data-element_type=\"widget\" data-e-type=\"widget\" data-widget_type=\"text-editor.default\">\n\t\t\t\t<div class=\"elementor-widget-container\">\n\t\t\t\t\t\t\t\t\t<p>Ces arrangements sont presque toujours confi\u00e9s aux salons fun\u00e9raires, mais la famille peut aussi s\u2019en occuper si elle le d\u00e9sire. Le service fun\u00e9raire a souvent lieu dans un salon fun\u00e9raire ou un \u00e9difice religieux. Quoi qu\u2019il en soit, c\u2019est la famille qui d\u00e9cidera o\u00f9 il se tiendra. Apr\u00e8s le service, la d\u00e9pouille est le plus souvent transport\u00e9e par corbillard \u00e0 un cimeti\u00e8re public ou \u00e0 un mausol\u00e9e. Dans le cas d\u2019une incin\u00e9ration, certaines familles pr\u00e9f\u00e8rent conserver les cendres dans une urne ou les \u00e9parpiller sur une propri\u00e9t\u00e9 priv\u00e9e au lieu de les enterrer.<\/p>\t\t\t\t\t\t\t\t<\/div>\n\t\t\t\t<\/div>\n\t\t\t\t<div class=\"elementor-element elementor-element-dc330b5 mobile_pera elementor-widget elementor-widget-text-editor\" data-id=\"dc330b5\" data-element_type=\"widget\" data-e-type=\"widget\" data-widget_type=\"text-editor.default\">\n\t\t\t\t<div class=\"elementor-widget-container\">\n\t\t\t\t\t\t\t\t\t<p>Les fun\u00e9railles traditionnelles ne sont pas le seul choix possible. Certaines familles choisissent d\u2019enterrer ou d\u2019incin\u00e9rer le corps peu de temps apr\u00e8s la mort, sans organiser de veill\u00e9es fun\u00e8bres ou de service fun\u00e9raire. Ces familles peuvent d\u00e9cider de tenir une c\u00e9r\u00e9monie comm\u00e9morative plus tard.<\/p>\t\t\t\t\t\t\t\t<\/div>\n\t\t\t\t<\/div>\n\t\t\t\t<div class=\"elementor-element elementor-element-5e2d091 mobile_pera elementor-widget elementor-widget-text-editor\" data-id=\"5e2d091\" data-element_type=\"widget\" data-e-type=\"widget\" data-widget_type=\"text-editor.default\">\n\t\t\t\t<div class=\"elementor-widget-container\">\n\t\t\t\t\t\t\t\t\t<p><b>Pour plus d\u2019information; https:\/\/www.virtualhospice.ca<\/b><\/p>\t\t\t\t\t\t\t\t<\/div>\n\t\t\t\t<\/div>\n\t\t\t\t\t<\/div>\n\t\t<\/div>\n\t\t\t\t\t<\/div>\n\t\t<\/section>\n\t\t\t\t<\/div>\n\t\t","protected":false},"excerpt":{"rendered":"<p>Memramcook devient une 17e communaut\u00e9 amie des a\u00een\u00e9s! Plusieurs citoyens et citoyennes ont accompagn\u00e9 la ministre et le maire lors de cette belle annonce. (Gracieuset\u00e9) \u00ab Notre gouvernement reconna\u00eet \u00e0 quel point il est important que les personnes \u00e2g\u00e9es aient acc\u00e8s aux bonnes mesures de soutien en temps opportun et qu\u2019ils aient un lien avec [&hellip;]<\/p>\n","protected":false},"author":7,"featured_media":0,"parent":0,"menu_order":11,"comment_status":"closed","ping_status":"closed","template":"","meta":{"site-sidebar-layout":"no-sidebar","site-content-layout":"page-builder","ast-site-content-layout":"default","site-content-style":"default","site-sidebar-style":"default","ast-global-header-display":"","ast-banner-title-visibility":"","ast-main-header-display":"","ast-hfb-above-header-display":"","ast-hfb-below-header-display":"","ast-hfb-mobile-header-display":"","site-post-title":"disabled","ast-breadcrumbs-content":"","ast-featured-img":"disabled","footer-sml-layout":"","ast-disable-related-posts":"","theme-transparent-header-meta":"default","adv-header-id-meta":"","stick-header-meta":"","header-above-stick-meta":"","header-main-stick-meta":"","header-below-stick-meta":"","astra-migrate-meta-layouts":"default","ast-page-background-enabled":"default","ast-page-background-meta":{"desktop":{"background-color":"var(--ast-global-color-4)","background-image":"","background-repeat":"repeat","background-position":"center center","background-size":"auto","background-attachment":"scroll","background-type":"","background-media":"","overlay-type":"","overlay-color":"","overlay-opacity":"","overlay-gradient":""},"tablet":{"background-color":"","background-image":"","background-repeat":"repeat","background-position":"center center","background-size":"auto","background-attachment":"scroll","background-type":"","background-media":"","overlay-type":"","overlay-color":"","overlay-opacity":"","overlay-gradient":""},"mobile":{"background-color":"","background-image":"","background-repeat":"repeat","background-position":"center center","background-size":"auto","background-attachment":"scroll","background-type":"","background-media":"","overlay-type":"","overlay-color":"","overlay-opacity":"","overlay-gradient":""}},"ast-content-background-meta":{"desktop":{"background-color":"var(--ast-global-color-5)","background-image":"","background-repeat":"repeat","background-position":"center center","background-size":"auto","background-attachment":"scroll","background-type":"","background-media":"","overlay-type":"","overlay-color":"","overlay-opacity":"","overlay-gradient":""},"tablet":{"background-color":"var(--ast-global-color-5)","background-image":"","background-repeat":"repeat","background-position":"center center","background-size":"auto","background-attachment":"scroll","background-type":"","background-media":"","overlay-type":"","overlay-color":"","overlay-opacity":"","overlay-gradient":""},"mobile":{"background-color":"var(--ast-global-color-5)","background-image":"","background-repeat":"repeat","background-position":"center center","background-size":"auto","background-attachment":"scroll","background-type":"","background-media":"","overlay-type":"","overlay-color":"","overlay-opacity":"","overlay-gradient":""}},"footnotes":""},"page-categories":[],"class_list":["post-8246","page","type-page","status-publish","hentry"],"_links":{"self":[{"href":"https:\/\/kiosque.acadienouvelle.com\/vie-50-04-2025\/wp-json\/wp\/v2\/pages\/8246","targetHints":{"allow":["GET"]}}],"collection":[{"href":"https:\/\/kiosque.acadienouvelle.com\/vie-50-04-2025\/wp-json\/wp\/v2\/pages"}],"about":[{"href":"https:\/\/kiosque.acadienouvelle.com\/vie-50-04-2025\/wp-json\/wp\/v2\/types\/page"}],"author":[{"embeddable":true,"href":"https:\/\/kiosque.acadienouvelle.com\/vie-50-04-2025\/wp-json\/wp\/v2\/users\/7"}],"replies":[{"embeddable":true,"href":"https:\/\/kiosque.acadienouvelle.com\/vie-50-04-2025\/wp-json\/wp\/v2\/comments?post=8246"}],"version-history":[{"count":40,"href":"https:\/\/kiosque.acadienouvelle.com\/vie-50-04-2025\/wp-json\/wp\/v2\/pages\/8246\/revisions"}],"predecessor-version":[{"id":8288,"href":"https:\/\/kiosque.acadienouvelle.com\/vie-50-04-2025\/wp-json\/wp\/v2\/pages\/8246\/revisions\/8288"}],"wp:attachment":[{"href":"https:\/\/kiosque.acadienouvelle.com\/vie-50-04-2025\/wp-json\/wp\/v2\/media?parent=8246"}],"wp:term":[{"taxonomy":"page-categories","embeddable":true,"href":"https:\/\/kiosque.acadienouvelle.com\/vie-50-04-2025\/wp-json\/wp\/v2\/page-categories?post=8246"}],"curies":[{"name":"wp","href":"https:\/\/api.w.org\/{rel}","templated":true}]}}