{"id":7774,"date":"2025-11-03T15:24:19","date_gmt":"2025-11-03T15:24:19","guid":{"rendered":"https:\/\/kiosque.acadienouvelle.com\/vie-carrieres-2025\/?page_id=7774"},"modified":"2025-11-07T18:24:02","modified_gmt":"2025-11-07T18:24:02","slug":"reflechir-a-votre-future-carriere","status":"publish","type":"page","link":"https:\/\/kiosque.acadienouvelle.com\/vie-carrieres-2025\/reflechir-a-votre-future-carriere\/","title":{"rendered":"R\u00e9fl\u00e9chir \u00e0 votre future carri\u00e8re!"},"content":{"rendered":"\t\t<div data-elementor-type=\"wp-page\" data-elementor-id=\"7774\" class=\"elementor elementor-7774\" data-elementor-post-type=\"page\">\n\t\t\t\t\t\t<section class=\"elementor-section elementor-top-section elementor-element elementor-element-50c1b6e elementor-section-height-min-height header_title banner_img elementor-section-boxed elementor-section-height-default elementor-section-items-middle\" data-id=\"50c1b6e\" data-element_type=\"section\" data-e-type=\"section\" data-settings=\"{&quot;background_background&quot;:&quot;classic&quot;}\">\n\t\t\t\t\t\t\t<div class=\"elementor-background-overlay\"><\/div>\n\t\t\t\t\t\t\t<div class=\"elementor-container elementor-column-gap-default\">\n\t\t\t\t\t<div class=\"elementor-column elementor-col-100 elementor-top-column elementor-element elementor-element-3a2d241\" data-id=\"3a2d241\" data-element_type=\"column\" data-e-type=\"column\">\n\t\t\t<div class=\"elementor-widget-wrap elementor-element-populated\">\n\t\t\t\t\t\t<div class=\"elementor-element elementor-element-9673cd2 elementor-widget elementor-widget-heading\" data-id=\"9673cd2\" data-element_type=\"widget\" data-e-type=\"widget\" data-widget_type=\"heading.default\">\n\t\t\t\t<div class=\"elementor-widget-container\">\n\t\t\t\t\t<h2 class=\"elementor-heading-title elementor-size-default\">R\u00e9fl\u00e9chir \u00e0 votre future carri\u00e8re!<\/h2>\t\t\t\t<\/div>\n\t\t\t\t<\/div>\n\t\t\t\t\t<\/div>\n\t\t<\/div>\n\t\t\t\t\t<\/div>\n\t\t<\/section>\n\t\t\t\t<section class=\"elementor-section elementor-top-section elementor-element elementor-element-d9a853a elementor-section-boxed elementor-section-height-default elementor-section-height-default\" data-id=\"d9a853a\" data-element_type=\"section\" data-e-type=\"section\">\n\t\t\t\t\t\t<div class=\"elementor-container elementor-column-gap-default\">\n\t\t\t\t\t<div class=\"elementor-column elementor-col-100 elementor-top-column elementor-element elementor-element-68d9c5a page_contain\" data-id=\"68d9c5a\" data-element_type=\"column\" data-e-type=\"column\" data-settings=\"{&quot;background_background&quot;:&quot;classic&quot;}\">\n\t\t\t<div class=\"elementor-widget-wrap elementor-element-populated\">\n\t\t\t\t\t\t<div class=\"elementor-element elementor-element-50f1f9b elementor-widget elementor-widget-image\" data-id=\"50f1f9b\" data-element_type=\"widget\" data-e-type=\"widget\" data-widget_type=\"image.default\">\n\t\t\t\t<div class=\"elementor-widget-container\">\n\t\t\t\t\t\t\t\t\t\t\t\t<figure class=\"wp-caption\">\n\t\t\t\t\t\t\t\t\t\t<img fetchpriority=\"high\" decoding=\"async\" width=\"1366\" height=\"768\" src=\"https:\/\/kiosque.acadienouvelle.com\/vie-carrieres-2025\/wp-content\/uploads\/sites\/365\/2025\/11\/Back-1.jpg\" class=\"attachment-full size-full wp-image-7779\" alt=\"\" srcset=\"https:\/\/kiosque.acadienouvelle.com\/vie-carrieres-2025\/wp-content\/uploads\/sites\/365\/2025\/11\/Back-1.jpg 1366w, https:\/\/kiosque.acadienouvelle.com\/vie-carrieres-2025\/wp-content\/uploads\/sites\/365\/2025\/11\/Back-1-300x169.jpg 300w, https:\/\/kiosque.acadienouvelle.com\/vie-carrieres-2025\/wp-content\/uploads\/sites\/365\/2025\/11\/Back-1-1024x576.jpg 1024w, https:\/\/kiosque.acadienouvelle.com\/vie-carrieres-2025\/wp-content\/uploads\/sites\/365\/2025\/11\/Back-1-768x432.jpg 768w\" sizes=\"(max-width: 1366px) 100vw, 1366px\" \/>\t\t\t\t\t\t\t\t\t\t\t<figcaption class=\"widget-image-caption wp-caption-text\"><\/figcaption>\n\t\t\t\t\t\t\t\t\t\t<\/figure>\n\t\t\t\t\t\t\t\t\t<\/div>\n\t\t\t\t<\/div>\n\t\t<link rel=\"stylesheet\" href=\"https:\/\/use.fontawesome.com\/releases\/v5.5.0\/css\/all.css\" integrity=\"sha384-B4dIYHKNBt8Bc12p+WXckhzcICo0wtJAoU8YZTY5qE0Id1GSseTk6S+L3BlXeVIU\" crossorigin=\"anonymous\">\r\n\t\t<div class=\"elementor-element elementor-element-d0a0a3b mobile_pera elementor-widget elementor-widget-text-editor\" data-id=\"d0a0a3b\" data-element_type=\"widget\" data-e-type=\"widget\" data-widget_type=\"text-editor.default\">\n\t\t\t\t<div class=\"elementor-widget-container\">\n\t\t\t\t\t\t\t\t\t<p>Les questionnaires et les tests d\u2019orientation peuvent vous aider \u00e0 choisir, \u00e0 changer ou \u00e0 d\u00e9velopper votre carri\u00e8re. Vous pouvez les utiliser pour entamer la r\u00e9flexion sur votre cheminement scolaire et professionnel. Ils vous permettront d\u2019apprendre \u00e0 mieux vous conna\u00eetre et d\u2019en savoir plus sur l\u2019\u00e9ventail d\u2019options qui s\u2019offrent \u00e0 vous. Faites le test d\u2019orientation sur le site suivant : www.guichetemplois.gc.ca\/planification-carriere\/questionnaires#careerQuiz.<\/p>\t\t\t\t\t\t\t\t<\/div>\n\t\t\t\t<\/div>\n\t\t\t\t<div class=\"elementor-element elementor-element-e1387f3 elementor-widget elementor-widget-advertisement\" data-id=\"e1387f3\" data-element_type=\"widget\" data-e-type=\"widget\" data-widget_type=\"advertisement.default\">\n\t\t\t\t<div class=\"elementor-widget-container\">\n\t\t\t\t\t<div class=\"ads-align-center\"><div data-m32-ad data-options='{\"sizes\":\"[[300,100]]\",\"dfpId\":\"21658289790,27729547\",\"dfpAdUnitPath\":\"acadienouvelle\/cahiers_onefifthpage_300x100\"}'><\/div><\/div>\t\t\t\t<\/div>\n\t\t\t\t<\/div>\n\t\t\t\t<div class=\"elementor-element elementor-element-99324be mobile_pera elementor-widget elementor-widget-text-editor\" data-id=\"99324be\" data-element_type=\"widget\" data-e-type=\"widget\" data-widget_type=\"text-editor.default\">\n\t\t\t\t<div class=\"elementor-widget-container\">\n\t\t\t\t\t\t\t\t\t<p><b>Explorer des avenues professionnelles<\/b><\/p>\t\t\t\t\t\t\t\t<\/div>\n\t\t\t\t<\/div>\n\t\t\t\t<div class=\"elementor-element elementor-element-3926cba mobile_pera elementor-widget elementor-widget-text-editor\" data-id=\"3926cba\" data-element_type=\"widget\" data-e-type=\"widget\" data-widget_type=\"text-editor.default\">\n\t\t\t\t<div class=\"elementor-widget-container\">\n\t\t\t\t\t\t\t\t\t<p>R\u00e9pondez aux trois questionnaires d\u2019orientation afin d\u2019obtenir une liste de professions susceptibles de vous correspondre. Ces questionnaires vous feront d\u00e9couvrir des m\u00e9tiers qui refl\u00e8tent vos pr\u00e9f\u00e9rences et mettent vos qualit\u00e9s de l\u2019avant.<\/p>\t\t\t\t\t\t\t\t<\/div>\n\t\t\t\t<\/div>\n\t\t\t\t<div class=\"elementor-element elementor-element-ccd16cc mobile_pera elementor-widget elementor-widget-text-editor\" data-id=\"ccd16cc\" data-element_type=\"widget\" data-e-type=\"widget\" data-widget_type=\"text-editor.default\">\n\t\t\t\t<div class=\"elementor-widget-container\">\n\t\t\t\t\t\t\t\t\t<ol><li>Int\u00e9r\u00eats : R\u00e9fl\u00e9chissez \u00e0 ce qui vous int\u00e9resse et vous motive, et voyez les professions avec lesquelles vous avez le plus d\u2019affinit\u00e9s.<br \/><br \/><\/li><li>Habilet\u00e9s : Misez sur vos forces. Cernez vos aptitudes, et obtenez une liste de professions qui font appel \u00e0 vos comp\u00e9tences cl\u00e9s.<br \/><br \/><\/li><li>Activit\u00e9s professionnelles : Choisissez de quelle fa\u00e7on vous pr\u00e9f\u00e9rez travailler avec des donn\u00e9es, des personnes et des choses, et obtenez une liste de choix de carri\u00e8res correspondant \u00e0 vos r\u00e9ponses.<\/li><\/ol>\t\t\t\t\t\t\t\t<\/div>\n\t\t\t\t<\/div>\n\t\t\t\t<div class=\"elementor-element elementor-element-df65084 mobile_pera elementor-widget elementor-widget-text-editor\" data-id=\"df65084\" data-element_type=\"widget\" data-e-type=\"widget\" data-widget_type=\"text-editor.default\">\n\t\t\t\t<div class=\"elementor-widget-container\">\n\t\t\t\t\t\t\t\t\t<p><b>Explorer votre personnalit\u00e9<\/b><\/p>\t\t\t\t\t\t\t\t<\/div>\n\t\t\t\t<\/div>\n\t\t\t\t<div class=\"elementor-element elementor-element-74263c8 mobile_pera elementor-widget elementor-widget-text-editor\" data-id=\"74263c8\" data-element_type=\"widget\" data-e-type=\"widget\" data-widget_type=\"text-editor.default\">\n\t\t\t\t<div class=\"elementor-widget-container\">\n\t\t\t\t\t\t\t\t\t<p>Passez les trois tests de personnalit\u00e9 pour approfondir votre connaissance de soi. Ces tests vous aideront \u00e0 mettre des mots sur votre mani\u00e8re d\u2019\u00eatre et d\u2019agir, <br \/>et \u00e0 cerner ce qui compte pour vous sur le plan professionnel.<\/p>\t\t\t\t\t\t\t\t<\/div>\n\t\t\t\t<\/div>\n\t\t\t\t<div class=\"elementor-element elementor-element-b11b081 mobile_pera elementor-widget elementor-widget-text-editor\" data-id=\"b11b081\" data-element_type=\"widget\" data-e-type=\"widget\" data-widget_type=\"text-editor.default\">\n\t\t\t\t<div class=\"elementor-widget-container\">\n\t\t\t\t\t\t\t\t\t<ol><li>Intelligences multiples : Utilisez ce questionnaire pour savoir quelles formes d\u2019intelligence pr\u00e9dominent chez vous.<br \/><br \/><\/li><li>Style d\u2019apprentissage : D\u00e9couvrez si vous apprenez mieux en regardant, en \u00e9coutant ou en faisant quelque chose.<br \/><br \/><\/li><li>Valeurs au travail : Faites le point sur les valeurs qui sont importantes pour vous dans votre milieu de travail.<\/li><\/ol>\t\t\t\t\t\t\t\t<\/div>\n\t\t\t\t<\/div>\n\t\t\t\t<div class=\"elementor-element elementor-element-81d497f mobile_pera elementor-widget elementor-widget-text-editor\" data-id=\"81d497f\" data-element_type=\"widget\" data-e-type=\"widget\" data-widget_type=\"text-editor.default\">\n\t\t\t\t<div class=\"elementor-widget-container\">\n\t\t\t\t\t\t\t\t\t<p><b>ATTENTION :<\/b> N\u2019h\u00e9sitez pas \u00e0 consulter un conseiller d\u2019orientation qui se fera un plaisir d\u2019aller plus loin dans vos recherches avec vous!<\/p>\t\t\t\t\t\t\t\t<\/div>\n\t\t\t\t<\/div>\n\t\t\t\t\t<\/div>\n\t\t<\/div>\n\t\t\t\t\t<\/div>\n\t\t<\/section>\n\t\t\t\t<\/div>\n\t\t","protected":false},"excerpt":{"rendered":"<p>R\u00e9fl\u00e9chir \u00e0 votre future carri\u00e8re! Les questionnaires et les tests d\u2019orientation peuvent vous aider \u00e0 choisir, \u00e0 changer ou \u00e0 d\u00e9velopper votre carri\u00e8re. Vous pouvez les utiliser pour entamer la r\u00e9flexion sur votre cheminement scolaire et professionnel. Ils vous permettront d\u2019apprendre \u00e0 mieux vous conna\u00eetre et d\u2019en savoir plus sur l\u2019\u00e9ventail d\u2019options qui s\u2019offrent \u00e0 [&hellip;]<\/p>\n","protected":false},"author":7,"featured_media":0,"parent":0,"menu_order":2,"comment_status":"closed","ping_status":"closed","template":"","meta":{"site-sidebar-layout":"no-sidebar","site-content-layout":"page-builder","ast-site-content-layout":"default","site-content-style":"default","site-sidebar-style":"default","ast-global-header-display":"","ast-banner-title-visibility":"","ast-main-header-display":"","ast-hfb-above-header-display":"","ast-hfb-below-header-display":"","ast-hfb-mobile-header-display":"","site-post-title":"disabled","ast-breadcrumbs-content":"","ast-featured-img":"disabled","footer-sml-layout":"","ast-disable-related-posts":"","theme-transparent-header-meta":"default","adv-header-id-meta":"","stick-header-meta":"","header-above-stick-meta":"","header-main-stick-meta":"","header-below-stick-meta":"","astra-migrate-meta-layouts":"default","ast-page-background-enabled":"default","ast-page-background-meta":{"desktop":{"background-color":"var(--ast-global-color-4)","background-image":"","background-repeat":"repeat","background-position":"center center","background-size":"auto","background-attachment":"scroll","background-type":"","background-media":"","overlay-type":"","overlay-color":"","overlay-opacity":"","overlay-gradient":""},"tablet":{"background-color":"","background-image":"","background-repeat":"repeat","background-position":"center center","background-size":"auto","background-attachment":"scroll","background-type":"","background-media":"","overlay-type":"","overlay-color":"","overlay-opacity":"","overlay-gradient":""},"mobile":{"background-color":"","background-image":"","background-repeat":"repeat","background-position":"center center","background-size":"auto","background-attachment":"scroll","background-type":"","background-media":"","overlay-type":"","overlay-color":"","overlay-opacity":"","overlay-gradient":""}},"ast-content-background-meta":{"desktop":{"background-color":"var(--ast-global-color-5)","background-image":"","background-repeat":"repeat","background-position":"center center","background-size":"auto","background-attachment":"scroll","background-type":"","background-media":"","overlay-type":"","overlay-color":"","overlay-opacity":"","overlay-gradient":""},"tablet":{"background-color":"var(--ast-global-color-5)","background-image":"","background-repeat":"repeat","background-position":"center center","background-size":"auto","background-attachment":"scroll","background-type":"","background-media":"","overlay-type":"","overlay-color":"","overlay-opacity":"","overlay-gradient":""},"mobile":{"background-color":"var(--ast-global-color-5)","background-image":"","background-repeat":"repeat","background-position":"center center","background-size":"auto","background-attachment":"scroll","background-type":"","background-media":"","overlay-type":"","overlay-color":"","overlay-opacity":"","overlay-gradient":""}},"footnotes":""},"page-categories":[],"class_list":["post-7774","page","type-page","status-publish","hentry"],"_links":{"self":[{"href":"https:\/\/kiosque.acadienouvelle.com\/vie-carrieres-2025\/wp-json\/wp\/v2\/pages\/7774","targetHints":{"allow":["GET"]}}],"collection":[{"href":"https:\/\/kiosque.acadienouvelle.com\/vie-carrieres-2025\/wp-json\/wp\/v2\/pages"}],"about":[{"href":"https:\/\/kiosque.acadienouvelle.com\/vie-carrieres-2025\/wp-json\/wp\/v2\/types\/page"}],"author":[{"embeddable":true,"href":"https:\/\/kiosque.acadienouvelle.com\/vie-carrieres-2025\/wp-json\/wp\/v2\/users\/7"}],"replies":[{"embeddable":true,"href":"https:\/\/kiosque.acadienouvelle.com\/vie-carrieres-2025\/wp-json\/wp\/v2\/comments?post=7774"}],"version-history":[{"count":37,"href":"https:\/\/kiosque.acadienouvelle.com\/vie-carrieres-2025\/wp-json\/wp\/v2\/pages\/7774\/revisions"}],"predecessor-version":[{"id":7912,"href":"https:\/\/kiosque.acadienouvelle.com\/vie-carrieres-2025\/wp-json\/wp\/v2\/pages\/7774\/revisions\/7912"}],"wp:attachment":[{"href":"https:\/\/kiosque.acadienouvelle.com\/vie-carrieres-2025\/wp-json\/wp\/v2\/media?parent=7774"}],"wp:term":[{"taxonomy":"page-categories","embeddable":true,"href":"https:\/\/kiosque.acadienouvelle.com\/vie-carrieres-2025\/wp-json\/wp\/v2\/page-categories?post=7774"}],"curies":[{"name":"wp","href":"https:\/\/api.w.org\/{rel}","templated":true}]}}