{"id":7809,"date":"2025-11-03T15:49:31","date_gmt":"2025-11-03T15:49:31","guid":{"rendered":"https:\/\/kiosque.acadienouvelle.com\/vie-carrieres-2025\/?page_id=7809"},"modified":"2025-11-04T13:24:31","modified_gmt":"2025-11-04T13:24:31","slug":"ccnb-avez-vous-songe-a-une-carriere-en-sante","status":"publish","type":"page","link":"https:\/\/kiosque.acadienouvelle.com\/vie-carrieres-2025\/ccnb-avez-vous-songe-a-une-carriere-en-sante\/","title":{"rendered":"CCNB : Avez-vous song\u00e9 \u00e0 une carri\u00e8re en sant\u00e9\u2009?"},"content":{"rendered":"\t\t<div data-elementor-type=\"wp-page\" data-elementor-id=\"7809\" class=\"elementor elementor-7809\" data-elementor-post-type=\"page\">\n\t\t\t\t\t\t<section class=\"elementor-section elementor-top-section elementor-element elementor-element-50c1b6e elementor-section-height-min-height header_title banner_img elementor-section-boxed elementor-section-height-default elementor-section-items-middle\" data-id=\"50c1b6e\" data-element_type=\"section\" data-e-type=\"section\" data-settings=\"{&quot;background_background&quot;:&quot;classic&quot;}\">\n\t\t\t\t\t\t\t<div class=\"elementor-background-overlay\"><\/div>\n\t\t\t\t\t\t\t<div class=\"elementor-container elementor-column-gap-default\">\n\t\t\t\t\t<div class=\"elementor-column elementor-col-100 elementor-top-column elementor-element elementor-element-3a2d241\" data-id=\"3a2d241\" data-element_type=\"column\" data-e-type=\"column\">\n\t\t\t<div class=\"elementor-widget-wrap elementor-element-populated\">\n\t\t\t\t\t\t<div class=\"elementor-element elementor-element-9673cd2 elementor-widget elementor-widget-heading\" data-id=\"9673cd2\" data-element_type=\"widget\" data-e-type=\"widget\" data-widget_type=\"heading.default\">\n\t\t\t\t<div class=\"elementor-widget-container\">\n\t\t\t\t\t<h2 class=\"elementor-heading-title elementor-size-default\">CCNB : Avez-vous song\u00e9 \u00e0 une carri\u00e8re en sant\u00e9\u2009?<\/h2>\t\t\t\t<\/div>\n\t\t\t\t<\/div>\n\t\t\t\t\t<\/div>\n\t\t<\/div>\n\t\t\t\t\t<\/div>\n\t\t<\/section>\n\t\t\t\t<section class=\"elementor-section elementor-top-section elementor-element elementor-element-d9a853a elementor-section-boxed elementor-section-height-default elementor-section-height-default\" data-id=\"d9a853a\" data-element_type=\"section\" data-e-type=\"section\">\n\t\t\t\t\t\t<div class=\"elementor-container elementor-column-gap-default\">\n\t\t\t\t\t<div class=\"elementor-column elementor-col-100 elementor-top-column elementor-element elementor-element-68d9c5a page_contain\" data-id=\"68d9c5a\" data-element_type=\"column\" data-e-type=\"column\" data-settings=\"{&quot;background_background&quot;:&quot;classic&quot;}\">\n\t\t\t<div class=\"elementor-widget-wrap elementor-element-populated\">\n\t\t\t\t\t\t<div class=\"elementor-element elementor-element-50f1f9b elementor-widget elementor-widget-image\" data-id=\"50f1f9b\" data-element_type=\"widget\" data-e-type=\"widget\" data-widget_type=\"image.default\">\n\t\t\t\t<div class=\"elementor-widget-container\">\n\t\t\t\t\t\t\t\t\t\t\t\t<figure class=\"wp-caption\">\n\t\t\t\t\t\t\t\t\t\t<img fetchpriority=\"high\" decoding=\"async\" width=\"1366\" height=\"768\" src=\"https:\/\/kiosque.acadienouvelle.com\/vie-carrieres-2025\/wp-content\/uploads\/sites\/365\/2025\/11\/3-CCNB_landing.jpg\" class=\"attachment-full size-full wp-image-7817\" alt=\"\" srcset=\"https:\/\/kiosque.acadienouvelle.com\/vie-carrieres-2025\/wp-content\/uploads\/sites\/365\/2025\/11\/3-CCNB_landing.jpg 1366w, https:\/\/kiosque.acadienouvelle.com\/vie-carrieres-2025\/wp-content\/uploads\/sites\/365\/2025\/11\/3-CCNB_landing-300x169.jpg 300w, https:\/\/kiosque.acadienouvelle.com\/vie-carrieres-2025\/wp-content\/uploads\/sites\/365\/2025\/11\/3-CCNB_landing-1024x576.jpg 1024w, https:\/\/kiosque.acadienouvelle.com\/vie-carrieres-2025\/wp-content\/uploads\/sites\/365\/2025\/11\/3-CCNB_landing-768x432.jpg 768w\" sizes=\"(max-width: 1366px) 100vw, 1366px\" \/>\t\t\t\t\t\t\t\t\t\t\t<figcaption class=\"widget-image-caption wp-caption-text\">C\u00e9cile Chapus, \u00e0 gauche en compagnie de Lison-Anne Thibodeau, agente de liaison au recrutement CCNB devant l\u2019\u00e9cole secondaire de Neguac lors de la tourn\u00e9e des \u00e9coles. <\/figcaption>\n\t\t\t\t\t\t\t\t\t\t<\/figure>\n\t\t\t\t\t\t\t\t\t<\/div>\n\t\t\t\t<\/div>\n\t\t<link rel=\"stylesheet\" href=\"https:\/\/use.fontawesome.com\/releases\/v5.5.0\/css\/all.css\" integrity=\"sha384-B4dIYHKNBt8Bc12p+WXckhzcICo0wtJAoU8YZTY5qE0Id1GSseTk6S+L3BlXeVIU\" crossorigin=\"anonymous\">\r\n\t\t<div class=\"elementor-element elementor-element-d0a0a3b mobile_pera elementor-widget elementor-widget-text-editor\" data-id=\"d0a0a3b\" data-element_type=\"widget\" data-e-type=\"widget\" data-widget_type=\"text-editor.default\">\n\t\t\t\t<div class=\"elementor-widget-container\">\n\t\t\t\t\t\t\t\t\t<p>Aimez-vous aider les autres et offrir des soins? Une carri\u00e8re en sant\u00e9 pourrait vous int\u00e9resser et le Coll\u00e8ge communautaire du Nouveau-Brunswick (CCNB) propose plusieurs programmes en sant\u00e9 et services sociaux pour r\u00e9pondre \u00e0 la forte demande dans ces secteurs dans la province.<\/p>\t\t\t\t\t\t\t\t<\/div>\n\t\t\t\t<\/div>\n\t\t\t\t<div class=\"elementor-element elementor-element-74263c8 mobile_pera elementor-widget elementor-widget-text-editor\" data-id=\"74263c8\" data-element_type=\"widget\" data-e-type=\"widget\" data-widget_type=\"text-editor.default\">\n\t\t\t\t<div class=\"elementor-widget-container\">\n\t\t\t\t\t\t\t\t\t<p>C\u00e9cile Chapus, agente de liaison au recrutement au CCNB pour le Consortium national de formation en sant\u00e9, parcourt les \u00e9coles secondaires de la province pour faire d\u00e9couvrir et valoriser ces programmes. Parmi ceux-ci, on retrouve les populaires soins infirmiers auxiliaires, la technologie en radiation m\u00e9dicale et les soins param\u00e9dicaux primaires pour devenir ambulanci\u00e8re ou ambulancier. \u00ab Nous avons aussi des programmes qui sont moins connus et, pourtant, ils sont tout aussi indispensables. Mentionnons les programmes de techniques en pharmacie, d\u2019assistance dentaire niveau II et de th\u00e9rapie respiratoire \u00bb, ajoute-t-elle.<\/p>\t\t\t\t\t\t\t\t<\/div>\n\t\t\t\t<\/div>\n\t\t\t\t<div class=\"elementor-element elementor-element-0b6ad93 mobile_pera elementor-widget elementor-widget-text-editor\" data-id=\"0b6ad93\" data-element_type=\"widget\" data-e-type=\"widget\" data-widget_type=\"text-editor.default\">\n\t\t\t\t<div class=\"elementor-widget-container\">\n\t\t\t\t\t\t\t\t\t<p><b>Objectif : combler la p\u00e9nurie de main-d\u2019oeuvre<\/b><\/p>\t\t\t\t\t\t\t\t<\/div>\n\t\t\t\t<\/div>\n\t\t\t\t<div class=\"elementor-element elementor-element-5e8556e mobile_pera elementor-widget elementor-widget-text-editor\" data-id=\"5e8556e\" data-element_type=\"widget\" data-e-type=\"widget\" data-widget_type=\"text-editor.default\">\n\t\t\t\t<div class=\"elementor-widget-container\">\n\t\t\t\t\t\t\t\t\t<p>Tous ces programmes sont en forte demande en raison de la p\u00e9nurie de la main-d\u2019\u0153uvre qualifi\u00e9e dans ces domaines. D\u2019ailleurs, Mme Chapus rappelle que le site emploissantenb.ca a fait \u00e9tat de plus de 23\u2009000 postes vacants dans la province dans les soins de sant\u00e9 et services sociaux. \u00ab Avec le vieillissement de la population, la demande continue d\u2019augmenter en sant\u00e9. \u00bb<\/p>\t\t\t\t\t\t\t\t<\/div>\n\t\t\t\t<\/div>\n\t\t\t\t<div class=\"elementor-element elementor-element-db5b2a1 mobile_pera elementor-widget elementor-widget-text-editor\" data-id=\"db5b2a1\" data-element_type=\"widget\" data-e-type=\"widget\" data-widget_type=\"text-editor.default\">\n\t\t\t\t<div class=\"elementor-widget-container\">\n\t\t\t\t\t\t\t\t\t<p>\u00ab Le programme de pr\u00e9pos\u00e9 aux soins m\u00e8ne \u00e0 un certificat avec lequel on peut travailler dans les foyers de soins. Le programme de pr\u00e9pos\u00e9 aux soins aigus offre sept semaines de formation suppl\u00e9mentaires pour pouvoir travailler dans les h\u00f4pitaux \u00bb, pr\u00e9cise Mme Chapus.<\/p>\t\t\t\t\t\t\t\t<\/div>\n\t\t\t\t<\/div>\n\t\t\t\t<div class=\"elementor-element elementor-element-d4526f2 mobile_pera elementor-widget elementor-widget-text-editor\" data-id=\"d4526f2\" data-element_type=\"widget\" data-e-type=\"widget\" data-widget_type=\"text-editor.default\">\n\t\t\t\t<div class=\"elementor-widget-container\">\n\t\t\t\t\t\t\t\t\t<p>Elle mentionne aussi que les r\u00e9seaux de sant\u00e9 Vitalit\u00e9 et Horizon embauchent dans tous les domaines et que les perspectives d\u2019emploi sont donc tr\u00e8s encourageantes en ce moment. \u00ab Travailler dans le domaine de la sant\u00e9 est plus un engagement humain qu\u2019un emploi. C\u2019est vraiment trouver sa place dans la soci\u00e9t\u00e9 et le syst\u00e8me de sant\u00e9. C\u2019est r\u00e9pondre \u00e0 une vie qui a du sens et qui s\u2019adresse \u00e0 un public qui a des comp\u00e9tences naturelles pour aider les autres et pour prendre soin des autres \u00bb, conclut notre invit\u00e9e.<\/p>\t\t\t\t\t\t\t\t<\/div>\n\t\t\t\t<\/div>\n\t\t\t\t<div class=\"elementor-element elementor-element-56278f2 mobile_pera elementor-widget elementor-widget-text-editor\" data-id=\"56278f2\" data-element_type=\"widget\" data-e-type=\"widget\" data-widget_type=\"text-editor.default\">\n\t\t\t\t<div class=\"elementor-widget-container\">\n\t\t\t\t\t\t\t\t\t<p><img decoding=\"async\" class=\"alignleft size-full wp-image-7896\" src=\"https:\/\/kiosque.acadienouvelle.com\/vie-carrieres-2025\/wp-content\/uploads\/sites\/365\/2025\/11\/3-photo.jpg\" alt=\"\" width=\"1366\" height=\"768\" srcset=\"https:\/\/kiosque.acadienouvelle.com\/vie-carrieres-2025\/wp-content\/uploads\/sites\/365\/2025\/11\/3-photo.jpg 1366w, https:\/\/kiosque.acadienouvelle.com\/vie-carrieres-2025\/wp-content\/uploads\/sites\/365\/2025\/11\/3-photo-300x169.jpg 300w, https:\/\/kiosque.acadienouvelle.com\/vie-carrieres-2025\/wp-content\/uploads\/sites\/365\/2025\/11\/3-photo-1024x576.jpg 1024w, https:\/\/kiosque.acadienouvelle.com\/vie-carrieres-2025\/wp-content\/uploads\/sites\/365\/2025\/11\/3-photo-768x432.jpg 768w\" sizes=\"(max-width: 1366px) 100vw, 1366px\" \/><\/p>\t\t\t\t\t\t\t\t<\/div>\n\t\t\t\t<\/div>\n\t\t\t\t<div class=\"elementor-element elementor-element-166374c mobile_pera elementor-widget elementor-widget-text-editor\" data-id=\"166374c\" data-element_type=\"widget\" data-e-type=\"widget\" data-widget_type=\"text-editor.default\">\n\t\t\t\t<div class=\"elementor-widget-container\">\n\t\t\t\t\t\t\t\t\t<h1>Un<b> site \u00e0 consulter absolument : www.emploisnb.ca <br \/><\/b><\/h1><p>La planification et le d\u00e9veloppement d\u2019une carri\u00e8re sont un processus que vous pouvez vous attendre \u00e0 revoir plusieurs fois \u00e0 mesure que vous acqu\u00e9rez une connaissance de soi et une exp\u00e9rience de carri\u00e8re\/vie. Planifier votre carri\u00e8re peut sembler fastidieux, mais avec les bons outils et ressources, vous pouvez tracer un chemin et planifier votre avenir.<\/p><p><b>Options postsecondaires :<\/b> Informations sur les options apr\u00e8s l\u2019\u00e9cole secondaire et sur l\u2019\u00e9ducation et la formation des adultes.<\/p><p><b>\u00c9tudesNB :<\/b> Acc\u00e9dez \u00e0 des outils de planification pour votre parcours postsecondaire.<\/p><p><b>Services financiers pour \u00e9tudiants :<\/b> Besoin d\u2019aide pour financer des \u00e9tudes postsecondaires? Consultez les programmes d\u2019aide financi\u00e8re aux \u00e9tudiants.<\/p><p><b>Apprentissage et m\u00e9tiers :<\/b> Les apprentis re\u00e7oivent une \u00e9ducation postsecondaire au moyen d\u2019une formation en milieu de travail et d\u2019un apprentissage scolaire.<\/p><p><b>Universit\u00e9s et coll\u00e8ges :<\/b> Une liste compl\u00e8te des universit\u00e9s et coll\u00e8ges du Nouveau-Brunswick.<\/p><p>P<b>ortail de reconnaissance d\u2019unit\u00e9 de cours du Nouveau-Brunswick :<\/b> Identifier les \u00e9ventuelles \u00e9quivalences ou transferts de cr\u00e9dits auxquels on peut pr\u00e9tendre lors de son admission dans un \u00e9tablissement postsecondaire du Nouveau-Brunswick.<\/p><p><b>Comp\u00e9tences recherch\u00e9es :\u00a0<\/b>Les comp\u00e9tences les plus recherch\u00e9es par les employeurs du Nouveau-Brunswick et des ressources pour les aider \u00e0 d\u00e9velopper ces comp\u00e9tences.<\/p><p><b>Programme Comp\u00e9tences essentielles au travail (CET) :<\/b> Formation visant \u00e0 acqu\u00e9rir ou am\u00e9liorer les comp\u00e9tences essentielles pour r\u00e9ussir sur le lieu de travail.<\/p>\t\t\t\t\t\t\t\t<\/div>\n\t\t\t\t<\/div>\n\t\t\t\t\t<\/div>\n\t\t<\/div>\n\t\t\t\t\t<\/div>\n\t\t<\/section>\n\t\t\t\t<\/div>\n\t\t","protected":false},"excerpt":{"rendered":"<p>CCNB : Avez-vous song\u00e9 \u00e0 une carri\u00e8re en sant\u00e9\u2009? C\u00e9cile Chapus, \u00e0 gauche en compagnie de Lison-Anne Thibodeau, agente de liaison au recrutement CCNB devant l\u2019\u00e9cole secondaire de Neguac lors de la tourn\u00e9e des \u00e9coles. Aimez-vous aider les autres et offrir des soins? Une carri\u00e8re en sant\u00e9 pourrait vous int\u00e9resser et le Coll\u00e8ge communautaire du [&hellip;]<\/p>\n","protected":false},"author":7,"featured_media":0,"parent":0,"menu_order":3,"comment_status":"closed","ping_status":"closed","template":"","meta":{"site-sidebar-layout":"no-sidebar","site-content-layout":"page-builder","ast-site-content-layout":"default","site-content-style":"default","site-sidebar-style":"default","ast-global-header-display":"","ast-banner-title-visibility":"","ast-main-header-display":"","ast-hfb-above-header-display":"","ast-hfb-below-header-display":"","ast-hfb-mobile-header-display":"","site-post-title":"disabled","ast-breadcrumbs-content":"","ast-featured-img":"disabled","footer-sml-layout":"","ast-disable-related-posts":"","theme-transparent-header-meta":"default","adv-header-id-meta":"","stick-header-meta":"","header-above-stick-meta":"","header-main-stick-meta":"","header-below-stick-meta":"","astra-migrate-meta-layouts":"default","ast-page-background-enabled":"default","ast-page-background-meta":{"desktop":{"background-color":"var(--ast-global-color-4)","background-image":"","background-repeat":"repeat","background-position":"center center","background-size":"auto","background-attachment":"scroll","background-type":"","background-media":"","overlay-type":"","overlay-color":"","overlay-opacity":"","overlay-gradient":""},"tablet":{"background-color":"","background-image":"","background-repeat":"repeat","background-position":"center center","background-size":"auto","background-attachment":"scroll","background-type":"","background-media":"","overlay-type":"","overlay-color":"","overlay-opacity":"","overlay-gradient":""},"mobile":{"background-color":"","background-image":"","background-repeat":"repeat","background-position":"center center","background-size":"auto","background-attachment":"scroll","background-type":"","background-media":"","overlay-type":"","overlay-color":"","overlay-opacity":"","overlay-gradient":""}},"ast-content-background-meta":{"desktop":{"background-color":"var(--ast-global-color-5)","background-image":"","background-repeat":"repeat","background-position":"center center","background-size":"auto","background-attachment":"scroll","background-type":"","background-media":"","overlay-type":"","overlay-color":"","overlay-opacity":"","overlay-gradient":""},"tablet":{"background-color":"var(--ast-global-color-5)","background-image":"","background-repeat":"repeat","background-position":"center center","background-size":"auto","background-attachment":"scroll","background-type":"","background-media":"","overlay-type":"","overlay-color":"","overlay-opacity":"","overlay-gradient":""},"mobile":{"background-color":"var(--ast-global-color-5)","background-image":"","background-repeat":"repeat","background-position":"center center","background-size":"auto","background-attachment":"scroll","background-type":"","background-media":"","overlay-type":"","overlay-color":"","overlay-opacity":"","overlay-gradient":""}},"footnotes":""},"page-categories":[],"class_list":["post-7809","page","type-page","status-publish","hentry"],"_links":{"self":[{"href":"https:\/\/kiosque.acadienouvelle.com\/vie-carrieres-2025\/wp-json\/wp\/v2\/pages\/7809","targetHints":{"allow":["GET"]}}],"collection":[{"href":"https:\/\/kiosque.acadienouvelle.com\/vie-carrieres-2025\/wp-json\/wp\/v2\/pages"}],"about":[{"href":"https:\/\/kiosque.acadienouvelle.com\/vie-carrieres-2025\/wp-json\/wp\/v2\/types\/page"}],"author":[{"embeddable":true,"href":"https:\/\/kiosque.acadienouvelle.com\/vie-carrieres-2025\/wp-json\/wp\/v2\/users\/7"}],"replies":[{"embeddable":true,"href":"https:\/\/kiosque.acadienouvelle.com\/vie-carrieres-2025\/wp-json\/wp\/v2\/comments?post=7809"}],"version-history":[{"count":34,"href":"https:\/\/kiosque.acadienouvelle.com\/vie-carrieres-2025\/wp-json\/wp\/v2\/pages\/7809\/revisions"}],"predecessor-version":[{"id":7899,"href":"https:\/\/kiosque.acadienouvelle.com\/vie-carrieres-2025\/wp-json\/wp\/v2\/pages\/7809\/revisions\/7899"}],"wp:attachment":[{"href":"https:\/\/kiosque.acadienouvelle.com\/vie-carrieres-2025\/wp-json\/wp\/v2\/media?parent=7809"}],"wp:term":[{"taxonomy":"page-categories","embeddable":true,"href":"https:\/\/kiosque.acadienouvelle.com\/vie-carrieres-2025\/wp-json\/wp\/v2\/page-categories?post=7809"}],"curies":[{"name":"wp","href":"https:\/\/api.w.org\/{rel}","templated":true}]}}