{"id":7847,"date":"2025-11-03T17:22:00","date_gmt":"2025-11-03T17:22:00","guid":{"rendered":"https:\/\/kiosque.acadienouvelle.com\/vie-carrieres-2025\/?page_id=7847"},"modified":"2025-11-04T13:36:09","modified_gmt":"2025-11-04T13:36:09","slug":"universite-de-moncton-sadapter","status":"publish","type":"page","link":"https:\/\/kiosque.acadienouvelle.com\/vie-carrieres-2025\/universite-de-moncton-sadapter\/","title":{"rendered":"Universit\u00e9 de Moncton : s\u2019adapter \u00e0 une nouvelle r\u00e9alit\u00e9"},"content":{"rendered":"\t\t<div data-elementor-type=\"wp-page\" data-elementor-id=\"7847\" class=\"elementor elementor-7847\" data-elementor-post-type=\"page\">\n\t\t\t\t\t\t<section class=\"elementor-section elementor-top-section elementor-element elementor-element-50c1b6e elementor-section-height-min-height header_title banner_img elementor-section-boxed elementor-section-height-default elementor-section-items-middle\" data-id=\"50c1b6e\" data-element_type=\"section\" data-e-type=\"section\" data-settings=\"{&quot;background_background&quot;:&quot;classic&quot;}\">\n\t\t\t\t\t\t\t<div class=\"elementor-background-overlay\"><\/div>\n\t\t\t\t\t\t\t<div class=\"elementor-container elementor-column-gap-default\">\n\t\t\t\t\t<div class=\"elementor-column elementor-col-100 elementor-top-column elementor-element elementor-element-3a2d241\" data-id=\"3a2d241\" data-element_type=\"column\" data-e-type=\"column\">\n\t\t\t<div class=\"elementor-widget-wrap elementor-element-populated\">\n\t\t\t\t\t\t<div class=\"elementor-element elementor-element-9673cd2 elementor-widget elementor-widget-heading\" data-id=\"9673cd2\" data-element_type=\"widget\" data-e-type=\"widget\" data-widget_type=\"heading.default\">\n\t\t\t\t<div class=\"elementor-widget-container\">\n\t\t\t\t\t<h2 class=\"elementor-heading-title elementor-size-default\">Universit\u00e9 de Moncton : s\u2019adapter \u00e0 une nouvelle r\u00e9alit\u00e9 <\/h2>\t\t\t\t<\/div>\n\t\t\t\t<\/div>\n\t\t\t\t\t<\/div>\n\t\t<\/div>\n\t\t\t\t\t<\/div>\n\t\t<\/section>\n\t\t\t\t<section class=\"elementor-section elementor-top-section elementor-element elementor-element-d9a853a elementor-section-boxed elementor-section-height-default elementor-section-height-default\" data-id=\"d9a853a\" data-element_type=\"section\" data-e-type=\"section\">\n\t\t\t\t\t\t<div class=\"elementor-container elementor-column-gap-default\">\n\t\t\t\t\t<div class=\"elementor-column elementor-col-100 elementor-top-column elementor-element elementor-element-68d9c5a page_contain\" data-id=\"68d9c5a\" data-element_type=\"column\" data-e-type=\"column\" data-settings=\"{&quot;background_background&quot;:&quot;classic&quot;}\">\n\t\t\t<div class=\"elementor-widget-wrap elementor-element-populated\">\n\t\t\t\t\t\t<div class=\"elementor-element elementor-element-50f1f9b elementor-widget elementor-widget-image\" data-id=\"50f1f9b\" data-element_type=\"widget\" data-e-type=\"widget\" data-widget_type=\"image.default\">\n\t\t\t\t<div class=\"elementor-widget-container\">\n\t\t\t\t\t\t\t\t\t\t\t\t<figure class=\"wp-caption\">\n\t\t\t\t\t\t\t\t\t\t<img fetchpriority=\"high\" decoding=\"async\" width=\"1366\" height=\"768\" src=\"https:\/\/kiosque.acadienouvelle.com\/vie-carrieres-2025\/wp-content\/uploads\/sites\/365\/2025\/11\/4-UdeM_landing.jpg\" class=\"attachment-full size-full wp-image-7849\" alt=\"\" srcset=\"https:\/\/kiosque.acadienouvelle.com\/vie-carrieres-2025\/wp-content\/uploads\/sites\/365\/2025\/11\/4-UdeM_landing.jpg 1366w, https:\/\/kiosque.acadienouvelle.com\/vie-carrieres-2025\/wp-content\/uploads\/sites\/365\/2025\/11\/4-UdeM_landing-300x169.jpg 300w, https:\/\/kiosque.acadienouvelle.com\/vie-carrieres-2025\/wp-content\/uploads\/sites\/365\/2025\/11\/4-UdeM_landing-1024x576.jpg 1024w, https:\/\/kiosque.acadienouvelle.com\/vie-carrieres-2025\/wp-content\/uploads\/sites\/365\/2025\/11\/4-UdeM_landing-768x432.jpg 768w\" sizes=\"(max-width: 1366px) 100vw, 1366px\" \/>\t\t\t\t\t\t\t\t\t\t\t<figcaption class=\"widget-image-caption wp-caption-text\">Sophie LeBlanc Roy<\/figcaption>\n\t\t\t\t\t\t\t\t\t\t<\/figure>\n\t\t\t\t\t\t\t\t\t<\/div>\n\t\t\t\t<\/div>\n\t\t<link rel=\"stylesheet\" href=\"https:\/\/use.fontawesome.com\/releases\/v5.5.0\/css\/all.css\" integrity=\"sha384-B4dIYHKNBt8Bc12p+WXckhzcICo0wtJAoU8YZTY5qE0Id1GSseTk6S+L3BlXeVIU\" crossorigin=\"anonymous\">\r\n\t\t<div class=\"elementor-element elementor-element-d0a0a3b mobile_pera elementor-widget elementor-widget-text-editor\" data-id=\"d0a0a3b\" data-element_type=\"widget\" data-e-type=\"widget\" data-widget_type=\"text-editor.default\">\n\t\t\t\t<div class=\"elementor-widget-container\">\n\t\t\t\t\t\t\t\t\t<p>Les personnes qui font leur arriv\u00e9e \u00e0 l\u2019Universit\u00e9 de Moncton en 2025 diff\u00e8rent des g\u00e9n\u00e9rations pr\u00e9c\u00e9dentes et le milieu universitaire doit donc s\u2019adapter \u00e0 cette nouvelle r\u00e9alit\u00e9. Sophie LeBlanc Roy, codirectrice de la gestion strat\u00e9gique des effectifs \u00e9tudiants, a r\u00e9cemment offert un atelier sur le sujet et cette psychologue de formation nous en pr\u00e9sente un aper\u00e7u.<\/p>\t\t\t\t\t\t\t\t<\/div>\n\t\t\t\t<\/div>\n\t\t\t\t<div class=\"elementor-element elementor-element-1c9cca8 elementor-widget elementor-widget-advertisement\" data-id=\"1c9cca8\" data-element_type=\"widget\" data-e-type=\"widget\" data-widget_type=\"advertisement.default\">\n\t\t\t\t<div class=\"elementor-widget-container\">\n\t\t\t\t\t<div class=\"ads-align-center\"><div data-m32-ad data-options='{\"sizes\":\"[[300,250]]\",\"dfpId\":\"21658289790,27729547\",\"dfpAdUnitPath\":\"acadienouvelle\/cahiers_quarterpage_300x250\"}'><\/div><\/div>\t\t\t\t<\/div>\n\t\t\t\t<\/div>\n\t\t\t\t<div class=\"elementor-element elementor-element-86a5a46 mobile_pera elementor-widget elementor-widget-text-editor\" data-id=\"86a5a46\" data-element_type=\"widget\" data-e-type=\"widget\" data-widget_type=\"text-editor.default\">\n\t\t\t\t<div class=\"elementor-widget-container\">\n\t\t\t\t\t\t\t\t\t<p>Tout d\u2019abord, les personnes \u00e9tudiantes ne constituent plus un groupe d\u2019individus homog\u00e8nes et montrent une plus grande diversit\u00e9 culturelle, sans oublier plus d\u2019inclusion. L\u2019\u00e9l\u00e9ment de la sant\u00e9 mentale prend \u00e9galement plus d\u2019importance avec une g\u00e9n\u00e9ration plus anxieuse, d\u00e9prim\u00e9e ou stress\u00e9e que les pr\u00e9c\u00e9dentes en raison du monde complexe qui l\u2019entoure.<\/p>\t\t\t\t\t\t\t\t<\/div>\n\t\t\t\t<\/div>\n\t\t\t\t<div class=\"elementor-element elementor-element-158a4ec elementor-widget elementor-widget-advertisement\" data-id=\"158a4ec\" data-element_type=\"widget\" data-e-type=\"widget\" data-widget_type=\"advertisement.default\">\n\t\t\t\t<div class=\"elementor-widget-container\">\n\t\t\t\t\t<div class=\"ads-align-center\"><div data-m32-ad data-options='{\"sizes\":\"[[300,250]]\",\"dfpId\":\"21658289790,27729547\",\"dfpAdUnitPath\":\"acadienouvelle\/cahiers_quarterpage02_300x250\"}'><\/div><\/div>\t\t\t\t<\/div>\n\t\t\t\t<\/div>\n\t\t\t\t<div class=\"elementor-element elementor-element-e7a205c mobile_pera elementor-widget elementor-widget-text-editor\" data-id=\"e7a205c\" data-element_type=\"widget\" data-e-type=\"widget\" data-widget_type=\"text-editor.default\">\n\t\t\t\t<div class=\"elementor-widget-container\">\n\t\t\t\t\t\t\t\t\t<p>Cette g\u00e9n\u00e9ration a de plus eu acc\u00e8s \u00e0 un t\u00e9l\u00e9phone intelligent depuis la naissance avec une foule d\u2019informations au bout des doigts. \u00ab D\u2019un autre c\u00f4t\u00e9, ceci contribue \u00e0 l\u2019isolement et \u00e0 la perte de la chaleur humaine dans les contacts sociaux \u00bb, ajoute-t-elle.<\/p>\t\t\t\t\t\t\t\t<\/div>\n\t\t\t\t<\/div>\n\t\t\t\t<div class=\"elementor-element elementor-element-0b6ad93 mobile_pera elementor-widget elementor-widget-text-editor\" data-id=\"0b6ad93\" data-element_type=\"widget\" data-e-type=\"widget\" data-widget_type=\"text-editor.default\">\n\t\t\t\t<div class=\"elementor-widget-container\">\n\t\t\t\t\t\t\t\t\t<p><b>Pour une meilleure transition<\/b><\/p>\t\t\t\t\t\t\t\t<\/div>\n\t\t\t\t<\/div>\n\t\t\t\t<div class=\"elementor-element elementor-element-650cdee mobile_pera elementor-widget elementor-widget-text-editor\" data-id=\"650cdee\" data-element_type=\"widget\" data-e-type=\"widget\" data-widget_type=\"text-editor.default\">\n\t\t\t\t<div class=\"elementor-widget-container\">\n\t\t\t\t\t\t\t\t\t<p>\u00ab Il faut responsabiliser ces jeunes et les encourager \u00e0 s\u2019exposer \u00e0 la vie \u00bb, avance Mme LeBlanc Roy. Elle les encourage donc \u00e0 apprivoiser leur \u00e9tablissement d\u00e8s maintenant et \u00e0 se familiariser avec des r\u00e8glements, dates limites, codes de conduite, etc. Elle sugg\u00e8re aux parents de guider leurs enfants, mais de ne pas agir pour eux et de les laisser d\u00e9couvrir comment se d\u00e9brouiller.<\/p>\t\t\t\t\t\t\t\t<\/div>\n\t\t\t\t<\/div>\n\t\t\t\t<div class=\"elementor-element elementor-element-74263c8 mobile_pera elementor-widget elementor-widget-text-editor\" data-id=\"74263c8\" data-element_type=\"widget\" data-e-type=\"widget\" data-widget_type=\"text-editor.default\">\n\t\t\t\t<div class=\"elementor-widget-container\">\n\t\t\t\t\t\t\t\t\t<p>\u00ab En termes de vie\/carri\u00e8re, les \u00e9tablissements ont beaucoup \u00e9volu\u00e9 avec les services qui font le lien avec la communaut\u00e9, les employeurs, l\u2019exp\u00e9rientiel, l\u2019apprentissage de leadership. Il y a tellement de programmes et de projets, mais \u00e7a ne va pas tomber dans votre assiette. Il est donc important de consulter pour les conna\u00eetre \u00bb, ajoute-t-elle.<\/p>\t\t\t\t\t\t\t\t<\/div>\n\t\t\t\t<\/div>\n\t\t\t\t<div class=\"elementor-element elementor-element-a8abac3 mobile_pera elementor-widget elementor-widget-text-editor\" data-id=\"a8abac3\" data-element_type=\"widget\" data-e-type=\"widget\" data-widget_type=\"text-editor.default\">\n\t\t\t\t<div class=\"elementor-widget-container\">\n\t\t\t\t\t\t\t\t\t<p>Enfin, cette psychologue recommande aux personnes \u00e9tudiantes de prendre soin d\u2019elles-m\u00eames pour avoir des moments de calme. Une bonne alimentation, de l\u2019activit\u00e9 physique, suffisamment de sommeil, des activit\u00e9s de d\u00e9tente et autres pourront aider \u00e0 mieux g\u00e9rer le stress des \u00e9tudes universitaires.<\/p>\t\t\t\t\t\t\t\t<\/div>\n\t\t\t\t<\/div>\n\t\t\t\t\t<\/div>\n\t\t<\/div>\n\t\t\t\t\t<\/div>\n\t\t<\/section>\n\t\t\t\t<\/div>\n\t\t","protected":false},"excerpt":{"rendered":"<p>Universit\u00e9 de Moncton : s\u2019adapter \u00e0 une nouvelle r\u00e9alit\u00e9 Sophie LeBlanc Roy Les personnes qui font leur arriv\u00e9e \u00e0 l\u2019Universit\u00e9 de Moncton en 2025 diff\u00e8rent des g\u00e9n\u00e9rations pr\u00e9c\u00e9dentes et le milieu universitaire doit donc s\u2019adapter \u00e0 cette nouvelle r\u00e9alit\u00e9. Sophie LeBlanc Roy, codirectrice de la gestion strat\u00e9gique des effectifs \u00e9tudiants, a r\u00e9cemment offert un atelier [&hellip;]<\/p>\n","protected":false},"author":7,"featured_media":0,"parent":0,"menu_order":4,"comment_status":"closed","ping_status":"closed","template":"","meta":{"site-sidebar-layout":"no-sidebar","site-content-layout":"page-builder","ast-site-content-layout":"default","site-content-style":"default","site-sidebar-style":"default","ast-global-header-display":"","ast-banner-title-visibility":"","ast-main-header-display":"","ast-hfb-above-header-display":"","ast-hfb-below-header-display":"","ast-hfb-mobile-header-display":"","site-post-title":"disabled","ast-breadcrumbs-content":"","ast-featured-img":"disabled","footer-sml-layout":"","ast-disable-related-posts":"","theme-transparent-header-meta":"default","adv-header-id-meta":"","stick-header-meta":"","header-above-stick-meta":"","header-main-stick-meta":"","header-below-stick-meta":"","astra-migrate-meta-layouts":"default","ast-page-background-enabled":"default","ast-page-background-meta":{"desktop":{"background-color":"var(--ast-global-color-4)","background-image":"","background-repeat":"repeat","background-position":"center center","background-size":"auto","background-attachment":"scroll","background-type":"","background-media":"","overlay-type":"","overlay-color":"","overlay-opacity":"","overlay-gradient":""},"tablet":{"background-color":"","background-image":"","background-repeat":"repeat","background-position":"center center","background-size":"auto","background-attachment":"scroll","background-type":"","background-media":"","overlay-type":"","overlay-color":"","overlay-opacity":"","overlay-gradient":""},"mobile":{"background-color":"","background-image":"","background-repeat":"repeat","background-position":"center center","background-size":"auto","background-attachment":"scroll","background-type":"","background-media":"","overlay-type":"","overlay-color":"","overlay-opacity":"","overlay-gradient":""}},"ast-content-background-meta":{"desktop":{"background-color":"var(--ast-global-color-5)","background-image":"","background-repeat":"repeat","background-position":"center center","background-size":"auto","background-attachment":"scroll","background-type":"","background-media":"","overlay-type":"","overlay-color":"","overlay-opacity":"","overlay-gradient":""},"tablet":{"background-color":"var(--ast-global-color-5)","background-image":"","background-repeat":"repeat","background-position":"center center","background-size":"auto","background-attachment":"scroll","background-type":"","background-media":"","overlay-type":"","overlay-color":"","overlay-opacity":"","overlay-gradient":""},"mobile":{"background-color":"var(--ast-global-color-5)","background-image":"","background-repeat":"repeat","background-position":"center center","background-size":"auto","background-attachment":"scroll","background-type":"","background-media":"","overlay-type":"","overlay-color":"","overlay-opacity":"","overlay-gradient":""}},"footnotes":""},"page-categories":[],"class_list":["post-7847","page","type-page","status-publish","hentry"],"_links":{"self":[{"href":"https:\/\/kiosque.acadienouvelle.com\/vie-carrieres-2025\/wp-json\/wp\/v2\/pages\/7847","targetHints":{"allow":["GET"]}}],"collection":[{"href":"https:\/\/kiosque.acadienouvelle.com\/vie-carrieres-2025\/wp-json\/wp\/v2\/pages"}],"about":[{"href":"https:\/\/kiosque.acadienouvelle.com\/vie-carrieres-2025\/wp-json\/wp\/v2\/types\/page"}],"author":[{"embeddable":true,"href":"https:\/\/kiosque.acadienouvelle.com\/vie-carrieres-2025\/wp-json\/wp\/v2\/users\/7"}],"replies":[{"embeddable":true,"href":"https:\/\/kiosque.acadienouvelle.com\/vie-carrieres-2025\/wp-json\/wp\/v2\/comments?post=7847"}],"version-history":[{"count":40,"href":"https:\/\/kiosque.acadienouvelle.com\/vie-carrieres-2025\/wp-json\/wp\/v2\/pages\/7847\/revisions"}],"predecessor-version":[{"id":7908,"href":"https:\/\/kiosque.acadienouvelle.com\/vie-carrieres-2025\/wp-json\/wp\/v2\/pages\/7847\/revisions\/7908"}],"wp:attachment":[{"href":"https:\/\/kiosque.acadienouvelle.com\/vie-carrieres-2025\/wp-json\/wp\/v2\/media?parent=7847"}],"wp:term":[{"taxonomy":"page-categories","embeddable":true,"href":"https:\/\/kiosque.acadienouvelle.com\/vie-carrieres-2025\/wp-json\/wp\/v2\/page-categories?post=7847"}],"curies":[{"name":"wp","href":"https:\/\/api.w.org\/{rel}","templated":true}]}}