{"id":7763,"date":"2026-04-10T12:23:46","date_gmt":"2026-04-10T12:23:46","guid":{"rendered":"https:\/\/kiosque.acadienouvelle.com\/vie-education-2026\/amliorer-la-littratie-et-la-numratie-des-lves\/"},"modified":"2026-04-10T14:40:07","modified_gmt":"2026-04-10T14:40:07","slug":"amliorer-la-littratie-et-la-numratie-des-lves","status":"publish","type":"page","link":"https:\/\/kiosque.acadienouvelle.com\/vie-education-2026\/amliorer-la-littratie-et-la-numratie-des-lves\/","title":{"rendered":"Am\u00e9liorer la litt\u00e9ratie et la num\u00e9ratie des \u00e9l\u00e8ves"},"content":{"rendered":"\t\t<div data-elementor-type=\"wp-page\" data-elementor-id=\"7763\" class=\"elementor elementor-7763\" data-elementor-post-type=\"page\">\n\t\t\t\t<link rel=\"stylesheet\" href=\"https:\/\/use.fontawesome.com\/releases\/v5.5.0\/css\/all.css\" integrity=\"sha384-B4dIYHKNBt8Bc12p+WXckhzcICo0wtJAoU8YZTY5qE0Id1GSseTk6S+L3BlXeVIU\" crossorigin=\"anonymous\">\r\n\t\t<section class=\"elementor-section elementor-top-section elementor-element elementor-element-50c1b6e elementor-section-height-min-height header_title banner_img elementor-section-boxed elementor-section-height-default elementor-section-items-middle\" data-id=\"50c1b6e\" data-element_type=\"section\" data-e-type=\"section\" data-settings=\"{&quot;background_background&quot;:&quot;classic&quot;}\">\n\t\t\t\t\t\t\t<div class=\"elementor-background-overlay\"><\/div>\n\t\t\t\t\t\t\t<div class=\"elementor-container elementor-column-gap-default\">\n\t\t\t\t\t<div class=\"elementor-column elementor-col-100 elementor-top-column elementor-element elementor-element-3a2d241\" data-id=\"3a2d241\" data-element_type=\"column\" data-e-type=\"column\">\n\t\t\t<div class=\"elementor-widget-wrap elementor-element-populated\">\n\t\t\t\t\t\t<div class=\"elementor-element elementor-element-9673cd2 elementor-widget elementor-widget-heading\" data-id=\"9673cd2\" data-element_type=\"widget\" data-e-type=\"widget\" data-widget_type=\"heading.default\">\n\t\t\t\t<div class=\"elementor-widget-container\">\n\t\t\t\t\t<h2 class=\"elementor-heading-title elementor-size-default\">Am\u00e9liorer la litt\u00e9ratie et la num\u00e9ratie des \u00e9l\u00e8ves<\/h2>\t\t\t\t<\/div>\n\t\t\t\t<\/div>\n\t\t\t\t\t<\/div>\n\t\t<\/div>\n\t\t\t\t\t<\/div>\n\t\t<\/section>\n\t\t\t\t<section class=\"elementor-section elementor-top-section elementor-element elementor-element-d9a853a elementor-section-boxed elementor-section-height-default elementor-section-height-default\" data-id=\"d9a853a\" data-element_type=\"section\" data-e-type=\"section\">\n\t\t\t\t\t\t<div class=\"elementor-container elementor-column-gap-default\">\n\t\t\t\t\t<div class=\"elementor-column elementor-col-100 elementor-top-column elementor-element elementor-element-68d9c5a page_contain\" data-id=\"68d9c5a\" data-element_type=\"column\" data-e-type=\"column\" data-settings=\"{&quot;background_background&quot;:&quot;classic&quot;}\">\n\t\t\t<div class=\"elementor-widget-wrap elementor-element-populated\">\n\t\t\t\t\t\t<div class=\"elementor-element elementor-element-50f1f9b elementor-widget elementor-widget-image\" data-id=\"50f1f9b\" data-element_type=\"widget\" data-e-type=\"widget\" data-widget_type=\"image.default\">\n\t\t\t\t<div class=\"elementor-widget-container\">\n\t\t\t\t\t\t\t\t\t\t\t\t<figure class=\"wp-caption\">\n\t\t\t\t\t\t\t\t\t\t<img fetchpriority=\"high\" decoding=\"async\" width=\"1366\" height=\"768\" src=\"https:\/\/kiosque.acadienouvelle.com\/vie-education-2026\/wp-content\/uploads\/sites\/393\/2026\/04\/Back-1.jpg\" class=\"attachment-full size-full wp-image-7759\" alt=\"\" srcset=\"https:\/\/kiosque.acadienouvelle.com\/vie-education-2026\/wp-content\/uploads\/sites\/393\/2026\/04\/Back-1.jpg 1366w, https:\/\/kiosque.acadienouvelle.com\/vie-education-2026\/wp-content\/uploads\/sites\/393\/2026\/04\/Back-1-300x169.jpg 300w, https:\/\/kiosque.acadienouvelle.com\/vie-education-2026\/wp-content\/uploads\/sites\/393\/2026\/04\/Back-1-1024x576.jpg 1024w, https:\/\/kiosque.acadienouvelle.com\/vie-education-2026\/wp-content\/uploads\/sites\/393\/2026\/04\/Back-1-768x432.jpg 768w\" sizes=\"(max-width: 1366px) 100vw, 1366px\" \/>\t\t\t\t\t\t\t\t\t\t\t<figcaption class=\"widget-image-caption wp-caption-text\"><\/figcaption>\n\t\t\t\t\t\t\t\t\t\t<\/figure>\n\t\t\t\t\t\t\t\t\t<\/div>\n\t\t\t\t<\/div>\n\t\t\t\t<div class=\"elementor-element elementor-element-d0a0a3b mobile_pera elementor-widget elementor-widget-text-editor\" data-id=\"d0a0a3b\" data-element_type=\"widget\" data-e-type=\"widget\" data-widget_type=\"text-editor.default\">\n\t\t\t\t<div class=\"elementor-widget-container\">\n\t\t\t\t\t\t\t\t\t<p>Le minist\u00e8re de l\u2019\u00c9ducation et du D\u00e9veloppement de la petite enfance continue de mettre l\u2019accent sur les initiatives qui visent \u00e0 am\u00e9liorer la litt\u00e9ratie et la num\u00e9ratie chez les \u00e9l\u00e8ves ainsi qu\u2019\u00e0 r\u00e9duire les taux d\u2019absent\u00e9isme chronique.<\/p>\t\t\t\t\t\t\t\t<\/div>\n\t\t\t\t<\/div>\n\t\t\t\t<div class=\"elementor-element elementor-element-2a3e40c mobile_pera elementor-widget elementor-widget-text-editor\" data-id=\"2a3e40c\" data-element_type=\"widget\" data-e-type=\"widget\" data-widget_type=\"text-editor.default\">\n\t\t\t\t<div class=\"elementor-widget-container\">\n\t\t\t\t\t\t\t\t\t<p>De nouvelles donn\u00e9es montrent que des progr\u00e8s ont \u00e9t\u00e9 r\u00e9alis\u00e9s au cours de la derni\u00e8re ann\u00e9e concernant certaines priorit\u00e9s en \u00e9ducation, mais que des am\u00e9liorations ne se sont pas encore concr\u00e9tis\u00e9es dans d\u2019autres secteurs. L\u2019absent\u00e9isme chronique a diminu\u00e9 dans l\u2019ensemble du syst\u00e8me d\u2019\u00e9ducation. Les objectifs d\u2019am\u00e9lioration de la litt\u00e9ratie dans le secteur anglophone ont \u00e9t\u00e9 d\u00e9pass\u00e9s, alors que ceux li\u00e9s \u00e0 la litt\u00e9ratie dans le secteur francophone et \u00e0 la num\u00e9ratie dans les deux secteurs n\u2019ont pas \u00e9t\u00e9 atteints.<\/p>\t\t\t\t\t\t\t\t<\/div>\n\t\t\t\t<\/div>\n\t\t\t\t<div class=\"elementor-element elementor-element-0b6ad93 mobile_pera elementor-widget elementor-widget-text-editor\" data-id=\"0b6ad93\" data-element_type=\"widget\" data-e-type=\"widget\" data-widget_type=\"text-editor.default\">\n\t\t\t\t<div class=\"elementor-widget-container\">\n\t\t\t\t\t\t\t\t\t<p><b>Le travail se poursuit<\/b><\/p>\t\t\t\t\t\t\t\t<\/div>\n\t\t\t\t<\/div>\n\t\t\t\t<div class=\"elementor-element elementor-element-74263c8 mobile_pera elementor-widget elementor-widget-text-editor\" data-id=\"74263c8\" data-element_type=\"widget\" data-e-type=\"widget\" data-widget_type=\"text-editor.default\">\n\t\t\t\t<div class=\"elementor-widget-container\">\n\t\t\t\t\t\t\t\t\t<p>\u00ab L\u2019\u00e9ducation est le fondement d\u2019un brillant avenir, car nos enfants sont la main-d\u2019\u0153uvre et les leaders de demain \u00bb, a d\u00e9clar\u00e9 la ministre de l\u2019\u00c9ducation et du D\u00e9veloppement de la petite enfance, Claire Johnson. \u00ab Nous sommes d\u00e9termin\u00e9s \u00e0 faire des progr\u00e8s et \u00e0 rendre compte publiquement des r\u00e9sultats afin que les gens du Nouveau-Brunswick puissent constater ce qui fonctionne et ce qui a encore besoin d\u2019attention. \u00bb<\/p>\t\t\t\t\t\t\t\t<\/div>\n\t\t\t\t<\/div>\n\t\t\t\t<div class=\"elementor-element elementor-element-b1ea90f mobile_pera elementor-widget elementor-widget-text-editor\" data-id=\"b1ea90f\" data-element_type=\"widget\" data-e-type=\"widget\" data-widget_type=\"text-editor.default\">\n\t\t\t\t<div class=\"elementor-widget-container\">\n\t\t\t\t\t\t\t\t\t<p>Au cours de la derni\u00e8re ann\u00e9e, le gouvernement a \u00e9largi le programme de d\u00e9jeuners \u00e0 l\u2019\u00e9cole \u00e0 l\u2019ensemble des \u00e9l\u00e8ves, r\u00e9orient\u00e9 50 millions $ vers des ressources en salle de classe, lanc\u00e9 une strat\u00e9gie visant \u00e0 maintenir en poste et \u00e0 recruter des membres du personnel enseignant ainsi que des professionnels param\u00e9dicaux dans le syst\u00e8me \u00e9ducatif et men\u00e9 \u00e0 terme des consultations concernant les nouveaux plans d\u2019\u00e9ducation. Les donn\u00e9es qui montrent les progr\u00e8s r\u00e9alis\u00e9s en lien avec les priorit\u00e9s en \u00e9ducation ainsi que les autres priorit\u00e9s sont disponibles en ligne. (www.gnb.ca\/fr.html)<\/p>\t\t\t\t\t\t\t\t<\/div>\n\t\t\t\t<\/div>\n\t\t\t\t<div class=\"elementor-element elementor-element-9c5df96 mobile_pera elementor-widget elementor-widget-text-editor\" data-id=\"9c5df96\" data-element_type=\"widget\" data-e-type=\"widget\" data-widget_type=\"text-editor.default\">\n\t\t\t\t<div class=\"elementor-widget-container\">\n\t\t\t\t\t\t\t\t\t<p><i>Source : GNB<\/i><\/p>\t\t\t\t\t\t\t\t<\/div>\n\t\t\t\t<\/div>\n\t\t\t\t<div class=\"elementor-element elementor-element-166374c box_pera elementor-widget elementor-widget-text-editor\" data-id=\"166374c\" data-element_type=\"widget\" data-e-type=\"widget\" data-widget_type=\"text-editor.default\">\n\t\t\t\t<div class=\"elementor-widget-container\">\n\t\t\t\t\t\t\t\t\t<h1><b>D\u00e9voilement des 10 GAGNANTS du prix \u00c9tincelles<\/b><b><\/b><b><\/b><\/h1>\n<p><img decoding=\"async\" class=\"aligncenter\" src=\"https:\/\/kiosque.acadienouvelle.com\/vie-education-2026\/wp-content\/uploads\/sites\/393\/2026\/04\/1-photo.jpg\" alt=\"\" width=\"485\" height=\"382\"><\/p>\n<div><br><\/div><div>Ministre Claire Johnson.<br><\/div><p><br><\/p>\n<p><\/p>\n<p>Les gagnants de la quatri\u00e8me \u00e9dition du prix \u00c9tincelles sont maintenant connus. Lanc\u00e9 en 2023, le prix reconna\u00eet les approches originales et les initiatives qui contribuent \u00e0 cr\u00e9er des milieux d\u2019apprentissage o\u00f9 les \u00e9l\u00e8ves peuvent s\u2019\u00e9panouir, d\u00e9velopper le go\u00fbt d\u2019apprendre tout au long de leur vie et s\u2019impliquer de mani\u00e8re \u00e9thique et active dans la soci\u00e9t\u00e9.<\/p>\n<p><span style=\"color: var( --e-global-color-text ); font-style: inherit; font-weight: inherit;\">&nbsp;<\/span><\/p>\n<p>\u00ab Derri\u00e8re chaque \u00e9l\u00e8ve qui progresse se trouvent des \u00e9quipes d\u00e9vou\u00e9es qui croient en son potentiel et qui l\u2019accompagnent avec bienveillance \u00bb, a d\u00e9clar\u00e9 la ministre de l\u2019\u00c9ducation et du D\u00e9veloppement de la petite enfance, Claire Johnson. \u00ab Les gagnants du prix \u00c9tincelles illustrent le meilleur de notre syst\u00e8me \u00e9ducatif et inspirent les g\u00e9n\u00e9rations actuelles et futures. \u00bb Dix prix \u00c9tincelles ont \u00e9t\u00e9 d\u00e9cern\u00e9s parmi les nombreuses nominations re\u00e7ues. Elles recevront un fond d\u2019appui de 1500 $ du gouvernement provincial pour les projets ou initiatives qui am\u00e9liorent l\u2019exp\u00e9rience \u00e9ducative des \u00e9l\u00e8ves.<\/p>\n<p>Pour conna\u00eetre l\u2019identit\u00e9 des gagnants : minist\u00e8re de l\u2019\u00c9ducation et du D\u00e9veloppement de la petite enfance.<\/p>\t\t\t\t\t\t\t\t<\/div>\n\t\t\t\t<\/div>\n\t\t\t\t\t<\/div>\n\t\t<\/div>\n\t\t\t\t\t<\/div>\n\t\t<\/section>\n\t\t\t\t<\/div>\n\t\t","protected":false},"excerpt":{"rendered":"<p>Am\u00e9liorer la litt\u00e9ratie et la num\u00e9ratie des \u00e9l\u00e8ves Le minist\u00e8re de l\u2019\u00c9ducation et du D\u00e9veloppement de la petite enfance continue de mettre l\u2019accent sur les initiatives qui visent \u00e0 am\u00e9liorer la litt\u00e9ratie et la num\u00e9ratie chez les \u00e9l\u00e8ves ainsi qu\u2019\u00e0 r\u00e9duire les taux d\u2019absent\u00e9isme chronique. De nouvelles donn\u00e9es montrent que des progr\u00e8s ont \u00e9t\u00e9 r\u00e9alis\u00e9s [&hellip;]<\/p>\n","protected":false},"author":7,"featured_media":0,"parent":0,"menu_order":2,"comment_status":"closed","ping_status":"closed","template":"","meta":{"site-sidebar-layout":"no-sidebar","site-content-layout":"page-builder","ast-site-content-layout":"default","site-content-style":"default","site-sidebar-style":"default","ast-global-header-display":"","ast-banner-title-visibility":"","ast-main-header-display":"","ast-hfb-above-header-display":"","ast-hfb-below-header-display":"","ast-hfb-mobile-header-display":"","site-post-title":"disabled","ast-breadcrumbs-content":"","ast-featured-img":"disabled","footer-sml-layout":"","ast-disable-related-posts":"","theme-transparent-header-meta":"default","adv-header-id-meta":"","stick-header-meta":"","header-above-stick-meta":"","header-main-stick-meta":"","header-below-stick-meta":"","astra-migrate-meta-layouts":"default","ast-page-background-enabled":"default","ast-page-background-meta":{"desktop":{"background-color":"var(--ast-global-color-4)","background-image":"","background-repeat":"repeat","background-position":"center center","background-size":"auto","background-attachment":"scroll","background-type":"","background-media":"","overlay-type":"","overlay-color":"","overlay-opacity":"","overlay-gradient":""},"tablet":{"background-color":"","background-image":"","background-repeat":"repeat","background-position":"center center","background-size":"auto","background-attachment":"scroll","background-type":"","background-media":"","overlay-type":"","overlay-color":"","overlay-opacity":"","overlay-gradient":""},"mobile":{"background-color":"","background-image":"","background-repeat":"repeat","background-position":"center center","background-size":"auto","background-attachment":"scroll","background-type":"","background-media":"","overlay-type":"","overlay-color":"","overlay-opacity":"","overlay-gradient":""}},"ast-content-background-meta":{"desktop":{"background-color":"var(--ast-global-color-5)","background-image":"","background-repeat":"repeat","background-position":"center center","background-size":"auto","background-attachment":"scroll","background-type":"","background-media":"","overlay-type":"","overlay-color":"","overlay-opacity":"","overlay-gradient":""},"tablet":{"background-color":"var(--ast-global-color-5)","background-image":"","background-repeat":"repeat","background-position":"center center","background-size":"auto","background-attachment":"scroll","background-type":"","background-media":"","overlay-type":"","overlay-color":"","overlay-opacity":"","overlay-gradient":""},"mobile":{"background-color":"var(--ast-global-color-5)","background-image":"","background-repeat":"repeat","background-position":"center center","background-size":"auto","background-attachment":"scroll","background-type":"","background-media":"","overlay-type":"","overlay-color":"","overlay-opacity":"","overlay-gradient":""}},"footnotes":""},"page-categories":[],"class_list":["post-7763","page","type-page","status-publish","hentry"],"_links":{"self":[{"href":"https:\/\/kiosque.acadienouvelle.com\/vie-education-2026\/wp-json\/wp\/v2\/pages\/7763","targetHints":{"allow":["GET"]}}],"collection":[{"href":"https:\/\/kiosque.acadienouvelle.com\/vie-education-2026\/wp-json\/wp\/v2\/pages"}],"about":[{"href":"https:\/\/kiosque.acadienouvelle.com\/vie-education-2026\/wp-json\/wp\/v2\/types\/page"}],"author":[{"embeddable":true,"href":"https:\/\/kiosque.acadienouvelle.com\/vie-education-2026\/wp-json\/wp\/v2\/users\/7"}],"replies":[{"embeddable":true,"href":"https:\/\/kiosque.acadienouvelle.com\/vie-education-2026\/wp-json\/wp\/v2\/comments?post=7763"}],"version-history":[{"count":16,"href":"https:\/\/kiosque.acadienouvelle.com\/vie-education-2026\/wp-json\/wp\/v2\/pages\/7763\/revisions"}],"predecessor-version":[{"id":7830,"href":"https:\/\/kiosque.acadienouvelle.com\/vie-education-2026\/wp-json\/wp\/v2\/pages\/7763\/revisions\/7830"}],"wp:attachment":[{"href":"https:\/\/kiosque.acadienouvelle.com\/vie-education-2026\/wp-json\/wp\/v2\/media?parent=7763"}],"wp:term":[{"taxonomy":"page-categories","embeddable":true,"href":"https:\/\/kiosque.acadienouvelle.com\/vie-education-2026\/wp-json\/wp\/v2\/page-categories?post=7763"}],"curies":[{"name":"wp","href":"https:\/\/api.w.org\/{rel}","templated":true}]}}