{"id":7781,"date":"2026-04-10T12:34:54","date_gmt":"2026-04-10T12:34:54","guid":{"rendered":"https:\/\/kiosque.acadienouvelle.com\/vie-education-2026\/le-gouvernement-investit-dans-la-modernisation-du-ccnb-campus-de-bathurst\/"},"modified":"2026-04-10T12:47:37","modified_gmt":"2026-04-10T12:47:37","slug":"le-gouvernement-investit-dans-la-modernisation-du-ccnb-campus-de-bathurst","status":"publish","type":"page","link":"https:\/\/kiosque.acadienouvelle.com\/vie-education-2026\/le-gouvernement-investit-dans-la-modernisation-du-ccnb-campus-de-bathurst\/","title":{"rendered":"Le gouvernement investit dans la modernisation du CCNB, campus de Bathurst"},"content":{"rendered":"\t\t<div data-elementor-type=\"wp-page\" data-elementor-id=\"7781\" class=\"elementor elementor-7781\" data-elementor-post-type=\"page\">\n\t\t\t\t\t\t<section class=\"elementor-section elementor-top-section elementor-element elementor-element-50c1b6e elementor-section-height-min-height header_title banner_img elementor-section-boxed elementor-section-height-default elementor-section-items-middle\" data-id=\"50c1b6e\" data-element_type=\"section\" data-e-type=\"section\" data-settings=\"{&quot;background_background&quot;:&quot;classic&quot;}\">\n\t\t\t\t\t\t\t<div class=\"elementor-background-overlay\"><\/div>\n\t\t\t\t\t\t\t<div class=\"elementor-container elementor-column-gap-default\">\n\t\t\t\t\t<div class=\"elementor-column elementor-col-100 elementor-top-column elementor-element elementor-element-3a2d241\" data-id=\"3a2d241\" data-element_type=\"column\" data-e-type=\"column\">\n\t\t\t<div class=\"elementor-widget-wrap elementor-element-populated\">\n\t\t\t\t\t\t<div class=\"elementor-element elementor-element-9673cd2 elementor-widget elementor-widget-heading\" data-id=\"9673cd2\" data-element_type=\"widget\" data-e-type=\"widget\" data-widget_type=\"heading.default\">\n\t\t\t\t<div class=\"elementor-widget-container\">\n\t\t\t\t\t<h2 class=\"elementor-heading-title elementor-size-default\">Le gouvernement investit dans la modernisation du CCNB, campus de Bathurst<\/h2>\t\t\t\t<\/div>\n\t\t\t\t<\/div>\n\t\t\t\t\t<\/div>\n\t\t<\/div>\n\t\t\t\t\t<\/div>\n\t\t<\/section>\n\t\t\t\t<section class=\"elementor-section elementor-top-section elementor-element elementor-element-d9a853a elementor-section-boxed elementor-section-height-default elementor-section-height-default\" data-id=\"d9a853a\" data-element_type=\"section\" data-e-type=\"section\">\n\t\t\t\t\t\t<div class=\"elementor-container elementor-column-gap-default\">\n\t\t\t\t\t<div class=\"elementor-column elementor-col-100 elementor-top-column elementor-element elementor-element-68d9c5a page_contain\" data-id=\"68d9c5a\" data-element_type=\"column\" data-e-type=\"column\" data-settings=\"{&quot;background_background&quot;:&quot;classic&quot;}\">\n\t\t\t<div class=\"elementor-widget-wrap elementor-element-populated\">\n\t\t\t\t\t\t<div class=\"elementor-element elementor-element-50f1f9b elementor-widget elementor-widget-image\" data-id=\"50f1f9b\" data-element_type=\"widget\" data-e-type=\"widget\" data-widget_type=\"image.default\">\n\t\t\t\t<div class=\"elementor-widget-container\">\n\t\t\t\t\t\t\t\t\t\t\t\t<figure class=\"wp-caption\">\n\t\t\t\t\t\t\t\t\t\t<img fetchpriority=\"high\" decoding=\"async\" width=\"1366\" height=\"768\" src=\"https:\/\/kiosque.acadienouvelle.com\/vie-education-2026\/wp-content\/uploads\/sites\/393\/2026\/04\/2-le_gouvernement_landing.jpg\" class=\"attachment-full size-full wp-image-7793\" alt=\"\" srcset=\"https:\/\/kiosque.acadienouvelle.com\/vie-education-2026\/wp-content\/uploads\/sites\/393\/2026\/04\/2-le_gouvernement_landing.jpg 1366w, https:\/\/kiosque.acadienouvelle.com\/vie-education-2026\/wp-content\/uploads\/sites\/393\/2026\/04\/2-le_gouvernement_landing-300x169.jpg 300w, https:\/\/kiosque.acadienouvelle.com\/vie-education-2026\/wp-content\/uploads\/sites\/393\/2026\/04\/2-le_gouvernement_landing-1024x576.jpg 1024w, https:\/\/kiosque.acadienouvelle.com\/vie-education-2026\/wp-content\/uploads\/sites\/393\/2026\/04\/2-le_gouvernement_landing-768x432.jpg 768w\" sizes=\"(max-width: 1366px) 100vw, 1366px\" \/>\t\t\t\t\t\t\t\t\t\t\t<figcaption class=\"widget-image-caption wp-caption-text\">Vous reconna\u00eetrez les personnalit\u00e9s politiques qui ont particip\u00e9 au d\u00e9voilement de la maquette.<\/figcaption>\n\t\t\t\t\t\t\t\t\t\t<\/figure>\n\t\t\t\t\t\t\t\t\t<\/div>\n\t\t\t\t<\/div>\n\t\t<link rel=\"stylesheet\" href=\"https:\/\/use.fontawesome.com\/releases\/v5.5.0\/css\/all.css\" integrity=\"sha384-B4dIYHKNBt8Bc12p+WXckhzcICo0wtJAoU8YZTY5qE0Id1GSseTk6S+L3BlXeVIU\" crossorigin=\"anonymous\">\r\n\t\t<div class=\"elementor-element elementor-element-d0a0a3b mobile_pera elementor-widget elementor-widget-text-editor\" data-id=\"d0a0a3b\" data-element_type=\"widget\" data-e-type=\"widget\" data-widget_type=\"text-editor.default\">\n\t\t\t\t<div class=\"elementor-widget-container\">\n\t\t\t\t\t\t\t\t\t<p>Le Coll\u00e8ge communautaire du Nouveau-Brunswick (CCNB) recevra 5,8 millions $ pour soutenir la prochaine phase d\u2019un projet de renouvellement au campus de Bathurst. \u00ab En modernisant le campus de Bathurst du CCNB, nous investissons dans l\u2019avenir du Nouveau-Brunswick, notamment en offrant aux \u00e9tudiants des espaces \u00e0 la fine pointe de la technologie afin qu\u2019ils puissent apprendre, explorer et innover \u00bb, a d\u00e9clar\u00e9 la premi\u00e8re ministre, Susan Holt.<\/p>\t\t\t\t\t\t\t\t<\/div>\n\t\t\t\t<\/div>\n\t\t\t\t<div class=\"elementor-element elementor-element-670ccd5 mobile_pera elementor-widget elementor-widget-text-editor\" data-id=\"670ccd5\" data-element_type=\"widget\" data-e-type=\"widget\" data-widget_type=\"text-editor.default\">\n\t\t\t\t<div class=\"elementor-widget-container\">\n\t\t\t\t\t\t\t\t\t<p>Le financement, qui provient du budget d\u2019immobilisations, permettra de poursuivre les travaux de conception et de couvrir d\u2019autres co\u00fbts li\u00e9s aux pr\u00e9paratifs en vue de la construction. Les travaux de pr\u00e9paration du chantier devraient commencer en 2026. \u00ab Ce projet aura des r\u00e9percussions importantes tant pour la ville de Bathurst que pour notre province et le secteur de l\u2019\u00e9ducation postsecondaire \u00bb, a affirm\u00e9 le ministre de l\u2019\u00c9ducation postsecondaire et de la Formation, Jean-Claude D\u2019Amours.<\/p>\t\t\t\t\t\t\t\t<\/div>\n\t\t\t\t<\/div>\n\t\t\t\t<div class=\"elementor-element elementor-element-e7161ae mobile_pera elementor-widget elementor-widget-text-editor\" data-id=\"e7161ae\" data-element_type=\"widget\" data-e-type=\"widget\" data-widget_type=\"text-editor.default\">\n\t\t\t\t<div class=\"elementor-widget-container\">\n\t\t\t\t\t\t\t\t\t<p>Le CCNB pr\u00e9voit fermer son \u00e9difice situ\u00e9 sur la promenade Youghall pour le remplacer par un nouveau b\u00e2timent situ\u00e9 sur la rue du Coll\u00e8ge, tout en modernisant ses installations existantes. Ce projet permettra \u00e0 la fois de centraliser les op\u00e9rations, d\u2019\u00e9liminer le d\u00e9doublement de services et de pr\u00e9server un \u00e9difice patrimonial. Les 5,8 millions $ annonc\u00e9s s\u2019ajoutent aux 10,85 millions $ engag\u00e9s pour les deux premi\u00e8res phases du projet.<\/p>\t\t\t\t\t\t\t\t<\/div>\n\t\t\t\t<\/div>\n\t\t\t\t<div class=\"elementor-element elementor-element-42bee99 mobile_pera elementor-widget elementor-widget-text-editor\" data-id=\"42bee99\" data-element_type=\"widget\" data-e-type=\"widget\" data-widget_type=\"text-editor.default\">\n\t\t\t\t<div class=\"elementor-widget-container\">\n\t\t\t\t\t\t\t\t\t<p>Le projet pr\u00e9voit la construction d\u2019un nouveau b\u00e2timent de 22 000 m\u00e8tres carr\u00e9s qui accueillera les programmes actuellement offerts au site de la promenade Youghall. Les nouvelles installations comprendront \u00e9galement une caf\u00e9t\u00e9ria et un carrefour d\u2019apprentissage, ainsi qu\u2019un espace destin\u00e9 \u00e0 une garderie francophone ind\u00e9pendante d\u00e9j\u00e0 pr\u00e9sente sur le campus. La plupart des programmes offerts au site de la promenade Youghall sont ax\u00e9s sur les m\u00e9tiers sp\u00e9cialis\u00e9s.<\/p>\t\t\t\t\t\t\t\t<\/div>\n\t\t\t\t<\/div>\n\t\t\t\t<div class=\"elementor-element elementor-element-762a113 mobile_pera elementor-widget elementor-widget-text-editor\" data-id=\"762a113\" data-element_type=\"widget\" data-e-type=\"widget\" data-widget_type=\"text-editor.default\">\n\t\t\t\t<div class=\"elementor-widget-container\">\n\t\t\t\t\t\t\t\t\t<p>\u00ab Le financement accord\u00e9 \u00e0 ce projet de modernisation nous permettra de r\u00e9pondre aux besoins du march\u00e9 du travail et de favoriser l\u2019innovation technologique au Nouveau-Brunswick \u00bb, a indiqu\u00e9 le pr\u00e9sident-directeur g\u00e9n\u00e9ral du CCNB, Pierre Zundel. Le CCNB compte cinq campus et offre pr\u00e8s de 80 programmes regroup\u00e9s dans sept \u00e9coles afin de r\u00e9pondre aux besoins du march\u00e9 du travail de la province.<\/p>\t\t\t\t\t\t\t\t<\/div>\n\t\t\t\t<\/div>\n\t\t\t\t<div class=\"elementor-element elementor-element-166fb7e mobile_pera elementor-widget elementor-widget-text-editor\" data-id=\"166fb7e\" data-element_type=\"widget\" data-e-type=\"widget\" data-widget_type=\"text-editor.default\">\n\t\t\t\t<div class=\"elementor-widget-container\">\n\t\t\t\t\t\t\t\t\t<p><em>Source : minist\u00e8re de l\u2019\u00c9ducation postsecondaire, de la Formation et du Travail du N.-B.<\/em><\/p>\t\t\t\t\t\t\t\t<\/div>\n\t\t\t\t<\/div>\n\t\t\t\t<div class=\"elementor-element elementor-element-166374c mobile_pera elementor-widget elementor-widget-text-editor\" data-id=\"166374c\" data-element_type=\"widget\" data-e-type=\"widget\" data-widget_type=\"text-editor.default\">\n\t\t\t\t<div class=\"elementor-widget-container\">\n\t\t\t\t\t\t\t\t\t<h1><b>La plateforme G\u00c9NIAL peut aider les parents!<\/b><\/h1>\n<div><b>&nbsp;<\/b><b>&nbsp;<\/b><\/div>\n<div><b><img decoding=\"async\" class=\"size-full wp-image-7786 aligncenter\" src=\"https:\/\/kiosque.acadienouvelle.com\/vie-education-2026\/wp-content\/uploads\/sites\/393\/2026\/04\/2-photo.jpg\" alt=\"\" width=\"485\" height=\"382\" srcset=\"https:\/\/kiosque.acadienouvelle.com\/vie-education-2026\/wp-content\/uploads\/sites\/393\/2026\/04\/2-photo.jpg 485w, https:\/\/kiosque.acadienouvelle.com\/vie-education-2026\/wp-content\/uploads\/sites\/393\/2026\/04\/2-photo-300x236.jpg 300w\" sizes=\"(max-width: 485px) 100vw, 485px\" \/><\/b><\/div>\n<div><b>&nbsp;<\/b><\/div>\n<div><b>&nbsp;<\/b>Vous souhaitez accompagner votre enfant dans son utilisation de la technologie, mais vous ne savez pas toujours par o\u00f9 commencer. C\u2019est normal. L\u2019intelligence artificielle (IA) \u00e9volue vite. Comme parent, vous n\u2019avez pas besoin d\u2019\u00eatre un expert technique pour guider vos jeunes. Vous avez surtout besoin de rep\u00e8res fiables pour ouvrir le dialogue.<\/div>\n<p><span style=\"color: var( --e-global-color-text ); font-style: inherit; font-weight: inherit;\">&nbsp;<\/span><\/p><p><span style=\"font-style: inherit; font-weight: inherit;\">De nombreux parents croient que la compr\u00e9hension de l\u2019IA sera importante pour l\u2019avenir de leurs enfants. Pourtant, plusieurs se sentent peu outill\u00e9s. La plateforme G\u00c9NIAL vous propose des guides simples et des questions concr\u00e8tes pour discuter d\u2019IA \u00e0 la maison. Apprenez \u00e0 reconna\u00eetre ses usages et \u00e0 poser des limites saines, sans stress. D\u00e9couvrez nos ressources pour les familles : https:\/\/genial.nbed.ca.<\/span><\/p>\t\t\t\t\t\t\t\t<\/div>\n\t\t\t\t<\/div>\n\t\t\t\t\t<\/div>\n\t\t<\/div>\n\t\t\t\t\t<\/div>\n\t\t<\/section>\n\t\t\t\t<\/div>\n\t\t","protected":false},"excerpt":{"rendered":"<p>Le gouvernement investit dans la modernisation du CCNB, campus de Bathurst Vous reconna\u00eetrez les personnalit\u00e9s politiques qui ont particip\u00e9 au d\u00e9voilement de la maquette. Le Coll\u00e8ge communautaire du Nouveau-Brunswick (CCNB) recevra 5,8 millions $ pour soutenir la prochaine phase d\u2019un projet de renouvellement au campus de Bathurst. \u00ab En modernisant le campus de Bathurst du [&hellip;]<\/p>\n","protected":false},"author":7,"featured_media":0,"parent":0,"menu_order":3,"comment_status":"closed","ping_status":"closed","template":"","meta":{"site-sidebar-layout":"no-sidebar","site-content-layout":"page-builder","ast-site-content-layout":"default","site-content-style":"default","site-sidebar-style":"default","ast-global-header-display":"","ast-banner-title-visibility":"","ast-main-header-display":"","ast-hfb-above-header-display":"","ast-hfb-below-header-display":"","ast-hfb-mobile-header-display":"","site-post-title":"disabled","ast-breadcrumbs-content":"","ast-featured-img":"disabled","footer-sml-layout":"","ast-disable-related-posts":"","theme-transparent-header-meta":"default","adv-header-id-meta":"","stick-header-meta":"","header-above-stick-meta":"","header-main-stick-meta":"","header-below-stick-meta":"","astra-migrate-meta-layouts":"default","ast-page-background-enabled":"default","ast-page-background-meta":{"desktop":{"background-color":"var(--ast-global-color-4)","background-image":"","background-repeat":"repeat","background-position":"center center","background-size":"auto","background-attachment":"scroll","background-type":"","background-media":"","overlay-type":"","overlay-color":"","overlay-opacity":"","overlay-gradient":""},"tablet":{"background-color":"","background-image":"","background-repeat":"repeat","background-position":"center center","background-size":"auto","background-attachment":"scroll","background-type":"","background-media":"","overlay-type":"","overlay-color":"","overlay-opacity":"","overlay-gradient":""},"mobile":{"background-color":"","background-image":"","background-repeat":"repeat","background-position":"center center","background-size":"auto","background-attachment":"scroll","background-type":"","background-media":"","overlay-type":"","overlay-color":"","overlay-opacity":"","overlay-gradient":""}},"ast-content-background-meta":{"desktop":{"background-color":"var(--ast-global-color-5)","background-image":"","background-repeat":"repeat","background-position":"center center","background-size":"auto","background-attachment":"scroll","background-type":"","background-media":"","overlay-type":"","overlay-color":"","overlay-opacity":"","overlay-gradient":""},"tablet":{"background-color":"var(--ast-global-color-5)","background-image":"","background-repeat":"repeat","background-position":"center center","background-size":"auto","background-attachment":"scroll","background-type":"","background-media":"","overlay-type":"","overlay-color":"","overlay-opacity":"","overlay-gradient":""},"mobile":{"background-color":"var(--ast-global-color-5)","background-image":"","background-repeat":"repeat","background-position":"center center","background-size":"auto","background-attachment":"scroll","background-type":"","background-media":"","overlay-type":"","overlay-color":"","overlay-opacity":"","overlay-gradient":""}},"footnotes":""},"page-categories":[],"class_list":["post-7781","page","type-page","status-publish","hentry"],"_links":{"self":[{"href":"https:\/\/kiosque.acadienouvelle.com\/vie-education-2026\/wp-json\/wp\/v2\/pages\/7781","targetHints":{"allow":["GET"]}}],"collection":[{"href":"https:\/\/kiosque.acadienouvelle.com\/vie-education-2026\/wp-json\/wp\/v2\/pages"}],"about":[{"href":"https:\/\/kiosque.acadienouvelle.com\/vie-education-2026\/wp-json\/wp\/v2\/types\/page"}],"author":[{"embeddable":true,"href":"https:\/\/kiosque.acadienouvelle.com\/vie-education-2026\/wp-json\/wp\/v2\/users\/7"}],"replies":[{"embeddable":true,"href":"https:\/\/kiosque.acadienouvelle.com\/vie-education-2026\/wp-json\/wp\/v2\/comments?post=7781"}],"version-history":[{"count":16,"href":"https:\/\/kiosque.acadienouvelle.com\/vie-education-2026\/wp-json\/wp\/v2\/pages\/7781\/revisions"}],"predecessor-version":[{"id":7799,"href":"https:\/\/kiosque.acadienouvelle.com\/vie-education-2026\/wp-json\/wp\/v2\/pages\/7781\/revisions\/7799"}],"wp:attachment":[{"href":"https:\/\/kiosque.acadienouvelle.com\/vie-education-2026\/wp-json\/wp\/v2\/media?parent=7781"}],"wp:term":[{"taxonomy":"page-categories","embeddable":true,"href":"https:\/\/kiosque.acadienouvelle.com\/vie-education-2026\/wp-json\/wp\/v2\/page-categories?post=7781"}],"curies":[{"name":"wp","href":"https:\/\/api.w.org\/{rel}","templated":true}]}}