{"id":7803,"date":"2026-04-10T12:49:50","date_gmt":"2026-04-10T12:49:50","guid":{"rendered":"https:\/\/kiosque.acadienouvelle.com\/vie-education-2026\/dons-importants-pour-luniversit-de-moncton\/"},"modified":"2026-04-10T12:57:11","modified_gmt":"2026-04-10T12:57:11","slug":"dons-importants-pour-luniversit-de-moncton","status":"publish","type":"page","link":"https:\/\/kiosque.acadienouvelle.com\/vie-education-2026\/dons-importants-pour-luniversit-de-moncton\/","title":{"rendered":"Dons importants pour l\u2019Universit\u00e9 de Moncton"},"content":{"rendered":"\t\t<div data-elementor-type=\"wp-page\" data-elementor-id=\"7803\" class=\"elementor elementor-7803\" data-elementor-post-type=\"page\">\n\t\t\t\t\t\t<section class=\"elementor-section elementor-top-section elementor-element elementor-element-50c1b6e elementor-section-height-min-height header_title banner_img elementor-section-boxed elementor-section-height-default elementor-section-items-middle\" data-id=\"50c1b6e\" data-element_type=\"section\" data-e-type=\"section\" data-settings=\"{&quot;background_background&quot;:&quot;classic&quot;}\">\n\t\t\t\t\t\t\t<div class=\"elementor-background-overlay\"><\/div>\n\t\t\t\t\t\t\t<div class=\"elementor-container elementor-column-gap-default\">\n\t\t\t\t\t<div class=\"elementor-column elementor-col-100 elementor-top-column elementor-element elementor-element-3a2d241\" data-id=\"3a2d241\" data-element_type=\"column\" data-e-type=\"column\">\n\t\t\t<div class=\"elementor-widget-wrap elementor-element-populated\">\n\t\t\t\t\t\t<div class=\"elementor-element elementor-element-9673cd2 elementor-widget elementor-widget-heading\" data-id=\"9673cd2\" data-element_type=\"widget\" data-e-type=\"widget\" data-widget_type=\"heading.default\">\n\t\t\t\t<div class=\"elementor-widget-container\">\n\t\t\t\t\t<h2 class=\"elementor-heading-title elementor-size-default\">Dons importants pour l\u2019Universit\u00e9 de Moncton<\/h2>\t\t\t\t<\/div>\n\t\t\t\t<\/div>\n\t\t\t\t\t<\/div>\n\t\t<\/div>\n\t\t\t\t\t<\/div>\n\t\t<\/section>\n\t\t\t\t<section class=\"elementor-section elementor-top-section elementor-element elementor-element-d9a853a elementor-section-boxed elementor-section-height-default elementor-section-height-default\" data-id=\"d9a853a\" data-element_type=\"section\" data-e-type=\"section\">\n\t\t\t\t\t\t<div class=\"elementor-container elementor-column-gap-default\">\n\t\t\t\t\t<div class=\"elementor-column elementor-col-100 elementor-top-column elementor-element elementor-element-68d9c5a page_contain\" data-id=\"68d9c5a\" data-element_type=\"column\" data-e-type=\"column\" data-settings=\"{&quot;background_background&quot;:&quot;classic&quot;}\">\n\t\t\t<div class=\"elementor-widget-wrap elementor-element-populated\">\n\t\t\t\t\t\t<div class=\"elementor-element elementor-element-50f1f9b elementor-widget elementor-widget-image\" data-id=\"50f1f9b\" data-element_type=\"widget\" data-e-type=\"widget\" data-widget_type=\"image.default\">\n\t\t\t\t<div class=\"elementor-widget-container\">\n\t\t\t\t\t\t\t\t\t\t\t\t<figure class=\"wp-caption\">\n\t\t\t\t\t\t\t\t\t\t<img fetchpriority=\"high\" decoding=\"async\" width=\"1366\" height=\"768\" src=\"https:\/\/kiosque.acadienouvelle.com\/vie-education-2026\/wp-content\/uploads\/sites\/393\/2026\/04\/3-dons_importants_landing.jpg\" class=\"attachment-full size-full wp-image-7819\" alt=\"\" srcset=\"https:\/\/kiosque.acadienouvelle.com\/vie-education-2026\/wp-content\/uploads\/sites\/393\/2026\/04\/3-dons_importants_landing.jpg 1366w, https:\/\/kiosque.acadienouvelle.com\/vie-education-2026\/wp-content\/uploads\/sites\/393\/2026\/04\/3-dons_importants_landing-300x169.jpg 300w, https:\/\/kiosque.acadienouvelle.com\/vie-education-2026\/wp-content\/uploads\/sites\/393\/2026\/04\/3-dons_importants_landing-1024x576.jpg 1024w, https:\/\/kiosque.acadienouvelle.com\/vie-education-2026\/wp-content\/uploads\/sites\/393\/2026\/04\/3-dons_importants_landing-768x432.jpg 768w\" sizes=\"(max-width: 1366px) 100vw, 1366px\" \/>\t\t\t\t\t\t\t\t\t\t\t<figcaption class=\"widget-image-caption wp-caption-text\"><\/figcaption>\n\t\t\t\t\t\t\t\t\t\t<\/figure>\n\t\t\t\t\t\t\t\t\t<\/div>\n\t\t\t\t<\/div>\n\t\t<link rel=\"stylesheet\" href=\"https:\/\/use.fontawesome.com\/releases\/v5.5.0\/css\/all.css\" integrity=\"sha384-B4dIYHKNBt8Bc12p+WXckhzcICo0wtJAoU8YZTY5qE0Id1GSseTk6S+L3BlXeVIU\" crossorigin=\"anonymous\">\r\n\t\t<div class=\"elementor-element elementor-element-d0a0a3b mobile_pera elementor-widget elementor-widget-text-editor\" data-id=\"d0a0a3b\" data-element_type=\"widget\" data-e-type=\"widget\" data-widget_type=\"text-editor.default\">\n\t\t\t\t<div class=\"elementor-widget-container\">\n\t\t\t\t\t\t\t\t\t<p>Gr\u00e2ce \u00e0 un don exceptionnel de 250 000 $ de RBC Fondation, l\u2019Universit\u00e9 de Moncton franchit une nouvelle \u00e9tape dans son engagement envers l\u2019innovation et le d\u00e9veloppement durable. Ce soutien majeur permet le lancement officiel du P\u00f4le d\u2019entrepreneuriat \u00e9coresponsable, une initiative qui vise \u00e0 former la prochaine g\u00e9n\u00e9ration d\u2019entrepreneures et d\u2019entrepreneurs francophones tout en accompagnant les PME du Nouveau-Brunswick dans l\u2019adoption de pratiques plus durables et responsables.<\/p>\t\t\t\t\t\t\t\t<\/div>\n\t\t\t\t<\/div>\n\t\t\t\t<div class=\"elementor-element elementor-element-096048d elementor-widget elementor-widget-advertisement\" data-id=\"096048d\" data-element_type=\"widget\" data-e-type=\"widget\" data-widget_type=\"advertisement.default\">\n\t\t\t\t<div class=\"elementor-widget-container\">\n\t\t\t\t\t<div class=\"ads-align-center\"><div data-m32-ad data-options='{\"sizes\":\"[[300,100]]\",\"dfpId\":\"21658289790,27729547\",\"dfpAdUnitPath\":\"acadienouvelle\/cahiers_onefifthpage_300x100\"}'><\/div><\/div>\t\t\t\t<\/div>\n\t\t\t\t<\/div>\n\t\t\t\t<div class=\"elementor-element elementor-element-d6d7bc7 mobile_pera elementor-widget elementor-widget-text-editor\" data-id=\"d6d7bc7\" data-element_type=\"widget\" data-e-type=\"widget\" data-widget_type=\"text-editor.default\">\n\t\t\t\t<div class=\"elementor-widget-container\">\n\t\t\t\t\t\t\t\t\t<p>En reconnaissance de ce don, les espaces collaboratifs du P\u00f4le porteront le nom Espaces collaboratifs RBC Fondation pour les cinq prochaines ann\u00e9es. Cette initiative contribuera \u00e0 b\u00e2tir un \u00e9cosyst\u00e8me entrepreneurial dynamique, au b\u00e9n\u00e9fice des personnes \u00e9tudiantes, des entreprises et des communaut\u00e9s de la province.<\/p>\t\t\t\t\t\t\t\t<\/div>\n\t\t\t\t<\/div>\n\t\t\t\t<div class=\"elementor-element elementor-element-0b6ad93 mobile_pera elementor-widget elementor-widget-text-editor\" data-id=\"0b6ad93\" data-element_type=\"widget\" data-e-type=\"widget\" data-widget_type=\"text-editor.default\">\n\t\t\t\t<div class=\"elementor-widget-container\">\n\t\t\t\t\t\t\t\t\t<p><b>Votre g\u00e9n\u00e9rosit\u00e9 \u00e0 l\u2019oeuvre!<\/b><\/p>\t\t\t\t\t\t\t\t<\/div>\n\t\t\t\t<\/div>\n\t\t\t\t<div class=\"elementor-element elementor-element-74263c8 mobile_pera elementor-widget elementor-widget-text-editor\" data-id=\"74263c8\" data-element_type=\"widget\" data-e-type=\"widget\" data-widget_type=\"text-editor.default\">\n\t\t\t\t<div class=\"elementor-widget-container\">\n\t\t\t\t\t\t\t\t\t<p><img decoding=\"async\" class=\"size-full wp-image-7809 aligncenter\" src=\"https:\/\/kiosque.acadienouvelle.com\/vie-education-2026\/wp-content\/uploads\/sites\/393\/2026\/04\/3-photo.jpg\" alt=\"\" width=\"485\" height=\"382\" srcset=\"https:\/\/kiosque.acadienouvelle.com\/vie-education-2026\/wp-content\/uploads\/sites\/393\/2026\/04\/3-photo.jpg 485w, https:\/\/kiosque.acadienouvelle.com\/vie-education-2026\/wp-content\/uploads\/sites\/393\/2026\/04\/3-photo-300x236.jpg 300w\" sizes=\"(max-width: 485px) 100vw, 485px\" \/><\/p>\t\t\t\t\t\t\t\t<\/div>\n\t\t\t\t<\/div>\n\t\t\t\t<div class=\"elementor-element elementor-element-6db4cfa mobile_pera elementor-widget elementor-widget-text-editor\" data-id=\"6db4cfa\" data-element_type=\"widget\" data-e-type=\"widget\" data-widget_type=\"text-editor.default\">\n\t\t\t\t<div class=\"elementor-widget-container\">\n\t\t\t\t\t\t\t\t\t<p>Jeff L\u00e9ger.<\/p>\t\t\t\t\t\t\t\t<\/div>\n\t\t\t\t<\/div>\n\t\t\t\t<div class=\"elementor-element elementor-element-0dc2330 mobile_pera elementor-widget elementor-widget-text-editor\" data-id=\"0dc2330\" data-element_type=\"widget\" data-e-type=\"widget\" data-widget_type=\"text-editor.default\">\n\t\t\t\t<div class=\"elementor-widget-container\">\n\t\t\t\t\t\t\t\t\t<p>\u00a0Gr\u00e2ce \u00e0 un don majeur de M. Jeff L\u00e9ger, l\u2019\u00c9cole de psychologie \u00e0 l\u2019Universit\u00e9 de Moncton b\u00e9n\u00e9ficie d\u2019un soutien d\u00e9terminant. Dans le cadre de la campagne Donnez pour la rel\u00e8ve en sant\u00e9, qui vise \u00e0 soutenir financi\u00e8rement les personnes \u00e9tudiantes en sant\u00e9 pour former une rel\u00e8ve comp\u00e9tente et r\u00e9pondre aux besoins grandissants de nos communaut\u00e9s, le fier dipl\u00f4m\u00e9 et ancien \u00e9tudiant de l\u2019Universit\u00e9 de Moncton cr\u00e9e le Fonds de bourses Famille L\u00e9ger-MacPherson-rel\u00e8ve en psychologie. Cette initiative permettra d\u2019offrir des bourses annuelles aux \u00e9tudiantes et \u00e9tudiants en psychologie sur les trois campus, contribuant ainsi \u00e0 renforcer les services en sant\u00e9 mentale dans nos communaut\u00e9s. D\u00e9j\u00e0 ambassadeur de l\u2019Ordre des R\u00e9gentes et des R\u00e9gents, M. L\u00e9ger pose un geste inspirant qui invite toute la communaut\u00e9 \u00e0 s\u2019engager pour la sant\u00e9 de demain. Suivez cet exemple et appuyez la rel\u00e8ve en sant\u00e9 : https:\/\/www.umoncton.ca\/ dons\/fr\/faire-un-don.<\/p>\t\t\t\t\t\t\t\t<\/div>\n\t\t\t\t<\/div>\n\t\t\t\t\t<\/div>\n\t\t<\/div>\n\t\t\t\t\t<\/div>\n\t\t<\/section>\n\t\t\t\t<\/div>\n\t\t","protected":false},"excerpt":{"rendered":"<p>Dons importants pour l\u2019Universit\u00e9 de Moncton Gr\u00e2ce \u00e0 un don exceptionnel de 250 000 $ de RBC Fondation, l\u2019Universit\u00e9 de Moncton franchit une nouvelle \u00e9tape dans son engagement envers l\u2019innovation et le d\u00e9veloppement durable. Ce soutien majeur permet le lancement officiel du P\u00f4le d\u2019entrepreneuriat \u00e9coresponsable, une initiative qui vise \u00e0 former la prochaine g\u00e9n\u00e9ration d\u2019entrepreneures [&hellip;]<\/p>\n","protected":false},"author":7,"featured_media":0,"parent":0,"menu_order":4,"comment_status":"closed","ping_status":"closed","template":"","meta":{"site-sidebar-layout":"no-sidebar","site-content-layout":"page-builder","ast-site-content-layout":"default","site-content-style":"default","site-sidebar-style":"default","ast-global-header-display":"","ast-banner-title-visibility":"","ast-main-header-display":"","ast-hfb-above-header-display":"","ast-hfb-below-header-display":"","ast-hfb-mobile-header-display":"","site-post-title":"disabled","ast-breadcrumbs-content":"","ast-featured-img":"disabled","footer-sml-layout":"","ast-disable-related-posts":"","theme-transparent-header-meta":"default","adv-header-id-meta":"","stick-header-meta":"","header-above-stick-meta":"","header-main-stick-meta":"","header-below-stick-meta":"","astra-migrate-meta-layouts":"default","ast-page-background-enabled":"default","ast-page-background-meta":{"desktop":{"background-color":"var(--ast-global-color-4)","background-image":"","background-repeat":"repeat","background-position":"center center","background-size":"auto","background-attachment":"scroll","background-type":"","background-media":"","overlay-type":"","overlay-color":"","overlay-opacity":"","overlay-gradient":""},"tablet":{"background-color":"","background-image":"","background-repeat":"repeat","background-position":"center center","background-size":"auto","background-attachment":"scroll","background-type":"","background-media":"","overlay-type":"","overlay-color":"","overlay-opacity":"","overlay-gradient":""},"mobile":{"background-color":"","background-image":"","background-repeat":"repeat","background-position":"center center","background-size":"auto","background-attachment":"scroll","background-type":"","background-media":"","overlay-type":"","overlay-color":"","overlay-opacity":"","overlay-gradient":""}},"ast-content-background-meta":{"desktop":{"background-color":"var(--ast-global-color-5)","background-image":"","background-repeat":"repeat","background-position":"center center","background-size":"auto","background-attachment":"scroll","background-type":"","background-media":"","overlay-type":"","overlay-color":"","overlay-opacity":"","overlay-gradient":""},"tablet":{"background-color":"var(--ast-global-color-5)","background-image":"","background-repeat":"repeat","background-position":"center center","background-size":"auto","background-attachment":"scroll","background-type":"","background-media":"","overlay-type":"","overlay-color":"","overlay-opacity":"","overlay-gradient":""},"mobile":{"background-color":"var(--ast-global-color-5)","background-image":"","background-repeat":"repeat","background-position":"center center","background-size":"auto","background-attachment":"scroll","background-type":"","background-media":"","overlay-type":"","overlay-color":"","overlay-opacity":"","overlay-gradient":""}},"footnotes":""},"page-categories":[],"class_list":["post-7803","page","type-page","status-publish","hentry"],"_links":{"self":[{"href":"https:\/\/kiosque.acadienouvelle.com\/vie-education-2026\/wp-json\/wp\/v2\/pages\/7803","targetHints":{"allow":["GET"]}}],"collection":[{"href":"https:\/\/kiosque.acadienouvelle.com\/vie-education-2026\/wp-json\/wp\/v2\/pages"}],"about":[{"href":"https:\/\/kiosque.acadienouvelle.com\/vie-education-2026\/wp-json\/wp\/v2\/types\/page"}],"author":[{"embeddable":true,"href":"https:\/\/kiosque.acadienouvelle.com\/vie-education-2026\/wp-json\/wp\/v2\/users\/7"}],"replies":[{"embeddable":true,"href":"https:\/\/kiosque.acadienouvelle.com\/vie-education-2026\/wp-json\/wp\/v2\/comments?post=7803"}],"version-history":[{"count":13,"href":"https:\/\/kiosque.acadienouvelle.com\/vie-education-2026\/wp-json\/wp\/v2\/pages\/7803\/revisions"}],"predecessor-version":[{"id":7822,"href":"https:\/\/kiosque.acadienouvelle.com\/vie-education-2026\/wp-json\/wp\/v2\/pages\/7803\/revisions\/7822"}],"wp:attachment":[{"href":"https:\/\/kiosque.acadienouvelle.com\/vie-education-2026\/wp-json\/wp\/v2\/media?parent=7803"}],"wp:term":[{"taxonomy":"page-categories","embeddable":true,"href":"https:\/\/kiosque.acadienouvelle.com\/vie-education-2026\/wp-json\/wp\/v2\/page-categories?post=7803"}],"curies":[{"name":"wp","href":"https:\/\/api.w.org\/{rel}","templated":true}]}}