{"id":7897,"date":"2025-12-24T18:56:24","date_gmt":"2025-12-24T18:56:24","guid":{"rendered":"https:\/\/kiosque.acadienouvelle.com\/voeux-an-2025\/?page_id=7897"},"modified":"2025-12-24T19:13:01","modified_gmt":"2025-12-24T19:13:01","slug":"mon-plus-beau-souvenir-du-jour-de-lan","status":"publish","type":"page","link":"https:\/\/kiosque.acadienouvelle.com\/voeux-an-2025\/mon-plus-beau-souvenir-du-jour-de-lan\/","title":{"rendered":"Conte &#8211; Mon plus beau souvenir du jour de l\u2019An"},"content":{"rendered":"\t\t<div data-elementor-type=\"wp-page\" data-elementor-id=\"7897\" class=\"elementor elementor-7897\" data-elementor-post-type=\"page\">\n\t\t\t\t\t\t<section class=\"elementor-section elementor-top-section elementor-element elementor-element-50c1b6e elementor-section-height-min-height header_title banner_img elementor-section-boxed elementor-section-height-default elementor-section-items-middle\" data-id=\"50c1b6e\" data-element_type=\"section\" data-e-type=\"section\" data-settings=\"{&quot;background_background&quot;:&quot;classic&quot;}\">\n\t\t\t\t\t\t\t<div class=\"elementor-background-overlay\"><\/div>\n\t\t\t\t\t\t\t<div class=\"elementor-container elementor-column-gap-default\">\n\t\t\t\t\t<div class=\"elementor-column elementor-col-100 elementor-top-column elementor-element elementor-element-3a2d241\" data-id=\"3a2d241\" data-element_type=\"column\" data-e-type=\"column\">\n\t\t\t<div class=\"elementor-widget-wrap elementor-element-populated\">\n\t\t\t\t\t\t<div class=\"elementor-element elementor-element-9673cd2 elementor-widget elementor-widget-heading\" data-id=\"9673cd2\" data-element_type=\"widget\" data-e-type=\"widget\" data-widget_type=\"heading.default\">\n\t\t\t\t<div class=\"elementor-widget-container\">\n\t\t\t\t\t<h2 class=\"elementor-heading-title elementor-size-default\">Conte\n - Mon plus beau souvenir du jour de l\u2019An<\/h2>\t\t\t\t<\/div>\n\t\t\t\t<\/div>\n\t\t\t\t\t<\/div>\n\t\t<\/div>\n\t\t\t\t\t<\/div>\n\t\t<\/section>\n\t\t\t\t<section class=\"elementor-section elementor-top-section elementor-element elementor-element-d9a853a elementor-section-boxed elementor-section-height-default elementor-section-height-default\" data-id=\"d9a853a\" data-element_type=\"section\" data-e-type=\"section\">\n\t\t\t\t\t\t<div class=\"elementor-container elementor-column-gap-default\">\n\t\t\t\t\t<div class=\"elementor-column elementor-col-100 elementor-top-column elementor-element elementor-element-68d9c5a page_contain\" data-id=\"68d9c5a\" data-element_type=\"column\" data-e-type=\"column\" data-settings=\"{&quot;background_background&quot;:&quot;classic&quot;}\">\n\t\t\t<div class=\"elementor-widget-wrap elementor-element-populated\">\n\t\t\t\t\t\t<div class=\"elementor-element elementor-element-50f1f9b elementor-widget elementor-widget-image\" data-id=\"50f1f9b\" data-element_type=\"widget\" data-e-type=\"widget\" data-widget_type=\"image.default\">\n\t\t\t\t<div class=\"elementor-widget-container\">\n\t\t\t\t\t\t\t\t\t\t\t\t<figure class=\"wp-caption\">\n\t\t\t\t\t\t\t\t\t\t<img fetchpriority=\"high\" decoding=\"async\" width=\"1366\" height=\"768\" src=\"https:\/\/kiosque.acadienouvelle.com\/voeux-an-2025\/wp-content\/uploads\/sites\/375\/2025\/12\/2-mon_plus_beau_souvenir_landing.jpg\" class=\"attachment-full size-full wp-image-7899\" alt=\"\" srcset=\"https:\/\/kiosque.acadienouvelle.com\/voeux-an-2025\/wp-content\/uploads\/sites\/375\/2025\/12\/2-mon_plus_beau_souvenir_landing.jpg 1366w, https:\/\/kiosque.acadienouvelle.com\/voeux-an-2025\/wp-content\/uploads\/sites\/375\/2025\/12\/2-mon_plus_beau_souvenir_landing-300x169.jpg 300w, https:\/\/kiosque.acadienouvelle.com\/voeux-an-2025\/wp-content\/uploads\/sites\/375\/2025\/12\/2-mon_plus_beau_souvenir_landing-1024x576.jpg 1024w, https:\/\/kiosque.acadienouvelle.com\/voeux-an-2025\/wp-content\/uploads\/sites\/375\/2025\/12\/2-mon_plus_beau_souvenir_landing-768x432.jpg 768w\" sizes=\"(max-width: 1366px) 100vw, 1366px\" \/>\t\t\t\t\t\t\t\t\t\t\t<figcaption class=\"widget-image-caption wp-caption-text\"><\/figcaption>\n\t\t\t\t\t\t\t\t\t\t<\/figure>\n\t\t\t\t\t\t\t\t\t<\/div>\n\t\t\t\t<\/div>\n\t\t<link rel=\"stylesheet\" href=\"https:\/\/use.fontawesome.com\/releases\/v5.5.0\/css\/all.css\" integrity=\"sha384-B4dIYHKNBt8Bc12p+WXckhzcICo0wtJAoU8YZTY5qE0Id1GSseTk6S+L3BlXeVIU\" crossorigin=\"anonymous\">\r\n\t\t<div class=\"elementor-element elementor-element-d0a0a3b mobile_pera elementor-widget elementor-widget-text-editor\" data-id=\"d0a0a3b\" data-element_type=\"widget\" data-e-type=\"widget\" data-widget_type=\"text-editor.default\">\n\t\t\t\t<div class=\"elementor-widget-container\">\n\t\t\t\t\t\t\t\t\t<p>Parmi tous les jours de f\u00eate qui marquent l\u2019ann\u00e9e, le jour de l\u2019An occupe une place toute particuli\u00e8re dans mon c\u0153ur. Mais il y en a un, en particulier, qui demeure grav\u00e9 dans ma m\u00e9moire comme le plus beau de tous. C\u2019\u00e9tait un hiver o\u00f9 la neige tombait en silence, comme si elle avait d\u00e9cid\u00e9 d\u2019envelopper le monde d\u2019une douceur nouvelle pour accueillir l\u2019ann\u00e9e qui commen\u00e7ait.<\/p>\t\t\t\t\t\t\t\t<\/div>\n\t\t\t\t<\/div>\n\t\t\t\t<div class=\"elementor-element elementor-element-d59e81e mobile_pera elementor-widget elementor-widget-text-editor\" data-id=\"d59e81e\" data-element_type=\"widget\" data-e-type=\"widget\" data-widget_type=\"text-editor.default\">\n\t\t\t\t<div class=\"elementor-widget-container\">\n\t\t\t\t\t\t\t\t\t<p>Ce jour de l\u2019An-l\u00e0, toute la famille s\u2019\u00e9tait r\u00e9unie dans le vieux chalet de mes grands-parents. Le feu cr\u00e9pitait dans le foyer, r\u00e9pandant une chaleur r\u00e9confortante, et l\u2019odeur du chocolat chaud flottait dans l\u2019air. D\u00e8s notre arriv\u00e9e, on sentait que la journ\u00e9e serait unique : tout le monde souriait, comme si le simple fait d\u2019\u00eatre r\u00e9unis suffisait \u00e0 remplir la maison de bonheur.<\/p>\t\t\t\t\t\t\t\t<\/div>\n\t\t\t\t<\/div>\n\t\t\t\t<div class=\"elementor-element elementor-element-dee6287 mobile_pera elementor-widget elementor-widget-text-editor\" data-id=\"dee6287\" data-element_type=\"widget\" data-e-type=\"widget\" data-widget_type=\"text-editor.default\">\n\t\t\t\t<div class=\"elementor-widget-container\">\n\t\t\t\t\t\t\t\t\t<p>Apr\u00e8s le repas, qui avait \u00e9t\u00e9 pr\u00e9par\u00e9 avec soin par ma grand-m\u00e8re, nous avions d\u00e9cid\u00e9 de sortir jouer dehors. La neige fra\u00eeche formait une couche parfaite pour une bataille de boules de neige m\u00e9morable. Les \u00e9clats de rire r\u00e9sonnaient entre les arbres, et m\u00eame les adultes, habituellement plus s\u00e9rieux, se laissaient emporter par la magie du moment. Je me souviens encore du visage de mon grand-p\u00e8re, illumin\u00e9 d\u2019un sourire d\u2019enfant, alors qu\u2019il tentait maladroitement d\u2019\u00e9viter une boule de neige lanc\u00e9e par mon petit-cousin.<\/p>\t\t\t\t\t\t\t\t<\/div>\n\t\t\t\t<\/div>\n\t\t\t\t<div class=\"elementor-element elementor-element-0b6ad93 mobile_pera elementor-widget elementor-widget-text-editor\" data-id=\"0b6ad93\" data-element_type=\"widget\" data-e-type=\"widget\" data-widget_type=\"text-editor.default\">\n\t\t\t\t<div class=\"elementor-widget-container\">\n\t\t\t\t\t\t\t\t\t<p><b>Un moment simple rempli d\u2019amour et d\u2019\u00e9coute<\/b><\/p>\t\t\t\t\t\t\t\t<\/div>\n\t\t\t\t<\/div>\n\t\t\t\t<div class=\"elementor-element elementor-element-74263c8 mobile_pera elementor-widget elementor-widget-text-editor\" data-id=\"74263c8\" data-element_type=\"widget\" data-e-type=\"widget\" data-widget_type=\"text-editor.default\">\n\t\t\t\t<div class=\"elementor-widget-container\">\n\t\t\t\t\t\t\t\t\t<p>Plus tard, lorsque le soleil s\u2019\u00e9tait couch\u00e9 derri\u00e8re les montagnes, nous \u00e9tions tous rentr\u00e9s pour nous installer autour du sapin. Les lumi\u00e8res scintillaient doucement, et chacun partageait une r\u00e9solution ou un souhait pour la nouvelle ann\u00e9e. C\u2019\u00e9tait un moment simple, sinc\u00e8re, rempli d\u2019amour et d\u2019\u00e9coute.<\/p>\t\t\t\t\t\t\t\t<\/div>\n\t\t\t\t<\/div>\n\t\t\t\t<div class=\"elementor-element elementor-element-9768ab7 mobile_pera elementor-widget elementor-widget-text-editor\" data-id=\"9768ab7\" data-element_type=\"widget\" data-e-type=\"widget\" data-widget_type=\"text-editor.default\">\n\t\t\t\t<div class=\"elementor-widget-container\">\n\t\t\t\t\t\t\t\t\t<p>\u00c0 minuit, nous avons lev\u00e9 nos verres en m\u00eame temps et un silence chaleureux a rempli la pi\u00e8ce, comme si chacun savourait la beaut\u00e9 de l\u2019instant. Je me sentais entour\u00e9, prot\u00e9g\u00e9, profond\u00e9ment heureux.<\/p>\t\t\t\t\t\t\t\t<\/div>\n\t\t\t\t<\/div>\n\t\t\t\t<div class=\"elementor-element elementor-element-6415a7c mobile_pera elementor-widget elementor-widget-text-editor\" data-id=\"6415a7c\" data-element_type=\"widget\" data-e-type=\"widget\" data-widget_type=\"text-editor.default\">\n\t\t\t\t<div class=\"elementor-widget-container\">\n\t\t\t\t\t\t\t\t\t<p>Ce jour de l\u2019An restera toujours mon plus beau souvenir, non pas \u00e0 cause d\u2019un \u00e9v\u00e9nement exceptionnel, mais parce que tous ceux que j\u2019aimais \u00e9taient l\u00e0, unis, partageant un moment de pure joie. C\u2019est ce jour-l\u00e0 que j\u2019ai compris que les plus beaux souvenirs sont souvent les plus simples.<\/p>\t\t\t\t\t\t\t\t<\/div>\n\t\t\t\t<\/div>\n\t\t\t\t<div class=\"elementor-element elementor-element-a02b10e mobile_pera elementor-widget elementor-widget-text-editor\" data-id=\"a02b10e\" data-element_type=\"widget\" data-e-type=\"widget\" data-widget_type=\"text-editor.default\">\n\t\t\t\t<div class=\"elementor-widget-container\">\n\t\t\t\t\t\t\t\t\t<p><img decoding=\"async\" class=\"alignleft size-full wp-image-7753\" src=\"https:\/\/kiosque.acadienouvelle.com\/voeux-an-2025\/wp-content\/uploads\/sites\/375\/2025\/12\/2-entete.jpg\" alt=\"\" width=\"1366\" height=\"96\" srcset=\"https:\/\/kiosque.acadienouvelle.com\/voeux-an-2025\/wp-content\/uploads\/sites\/375\/2025\/12\/2-entete.jpg 1366w, https:\/\/kiosque.acadienouvelle.com\/voeux-an-2025\/wp-content\/uploads\/sites\/375\/2025\/12\/2-entete-300x21.jpg 300w, https:\/\/kiosque.acadienouvelle.com\/voeux-an-2025\/wp-content\/uploads\/sites\/375\/2025\/12\/2-entete-1024x72.jpg 1024w, https:\/\/kiosque.acadienouvelle.com\/voeux-an-2025\/wp-content\/uploads\/sites\/375\/2025\/12\/2-entete-768x54.jpg 768w\" sizes=\"(max-width: 1366px) 100vw, 1366px\" \/><\/p>\t\t\t\t\t\t\t\t<\/div>\n\t\t\t\t<\/div>\n\t\t\t\t<div class=\"elementor-element elementor-element-166374c box_pera elementor-widget elementor-widget-text-editor\" data-id=\"166374c\" data-element_type=\"widget\" data-e-type=\"widget\" data-widget_type=\"text-editor.default\">\n\t\t\t\t<div class=\"elementor-widget-container\">\n\t\t\t\t\t\t\t\t\t<h2><span style=\"font-style: inherit; font-weight: inherit;\">Vol-au-vent aux crevettes<\/span><\/h2><h1><b><img decoding=\"async\" class=\"aligncenter wp-image-7910\" src=\"https:\/\/kiosque.acadienouvelle.com\/voeux-an-2025\/wp-content\/uploads\/sites\/375\/2025\/12\/2-photo.jpg\" alt=\"\" width=\"1366\" height=\"1076\" srcset=\"https:\/\/kiosque.acadienouvelle.com\/voeux-an-2025\/wp-content\/uploads\/sites\/375\/2025\/12\/2-photo.jpg 485w, https:\/\/kiosque.acadienouvelle.com\/voeux-an-2025\/wp-content\/uploads\/sites\/375\/2025\/12\/2-photo-300x236.jpg 300w\" sizes=\"(max-width: 1366px) 100vw, 1366px\" \/><\/b><\/h1><p><b>Ingr\u00e9dients<\/b><\/p><p><b>\u00a0<\/b><\/p><p>\u00a0<\/p><ol><li>125 ml (1\/2 tasse) carottes coup\u00e9es en cubes<\/li><li>125 ml (1\/2 tasse) courgettes, coup\u00e9es en cubes<\/li><li>125 ml (1\/2 tasse) brocoli en fleurons<\/li><li>6 vol-au-vent<\/li><li>1 sachet (41 g) de sauce primavera<\/li><li>125 ml (1\/2 tasse) de yogourt nature<\/li><li>250 g de crevettes, cuites et d\u00e9cortiqu\u00e9es<\/li><li>M\u00e9lisse fra\u00eeche hach\u00e9e finement<\/li><\/ol><p>\u00a0<\/p><p>\u00a0<\/p><p><b>M\u00e9thode<\/b><\/p><p>\u00a0<\/p><p>\u00a0<\/p><ol><li>Pr\u00e9chauffer le four \u00e0 180 \u00b0C (350 \u00b0F).<\/li><li>Dans une casserole remplie d\u2019eau bouillante, cuire les carottes pendant 4 minutes. Ajouter les fleurons de brocoli et cuire 2 minutes de plus. Ajouter les courgettes et poursuivre la cuisson pendant 2 minutes. \u00c9goutter et r\u00e9server.<\/li><li>Placer les vol-au-vent au four et cuire pendant 5 minutes ou jusqu\u2019\u00e0 ce qu\u2019ils soient chauds.<\/li><li>Cuire la sauce primavera selon le mode d\u2019emploi du fabricant. Ajouter le yogourt et m\u00e9langer. Incorporer les l\u00e9gumes, les crevettes et m\u00e9langer d\u00e9licatement. R\u00e9partir le m\u00e9lange de crevettes dans les quatre vol-au-vent. Garnir de m\u00e9lisse fra\u00eeche.<\/li><\/ol><p>\u00a0<\/p><p>Source : IGA<\/p>\t\t\t\t\t\t\t\t<\/div>\n\t\t\t\t<\/div>\n\t\t\t\t\t<\/div>\n\t\t<\/div>\n\t\t\t\t\t<\/div>\n\t\t<\/section>\n\t\t\t\t<\/div>\n\t\t","protected":false},"excerpt":{"rendered":"<p>Conte &#8211; Mon plus beau souvenir du jour de l\u2019An Parmi tous les jours de f\u00eate qui marquent l\u2019ann\u00e9e, le jour de l\u2019An occupe une place toute particuli\u00e8re dans mon c\u0153ur. Mais il y en a un, en particulier, qui demeure grav\u00e9 dans ma m\u00e9moire comme le plus beau de tous. C\u2019\u00e9tait un hiver o\u00f9 [&hellip;]<\/p>\n","protected":false},"author":7,"featured_media":0,"parent":0,"menu_order":2,"comment_status":"closed","ping_status":"closed","template":"","meta":{"site-sidebar-layout":"no-sidebar","site-content-layout":"page-builder","ast-site-content-layout":"default","site-content-style":"default","site-sidebar-style":"default","ast-global-header-display":"","ast-banner-title-visibility":"","ast-main-header-display":"","ast-hfb-above-header-display":"","ast-hfb-below-header-display":"","ast-hfb-mobile-header-display":"","site-post-title":"disabled","ast-breadcrumbs-content":"","ast-featured-img":"disabled","footer-sml-layout":"","ast-disable-related-posts":"","theme-transparent-header-meta":"default","adv-header-id-meta":"","stick-header-meta":"","header-above-stick-meta":"","header-main-stick-meta":"","header-below-stick-meta":"","astra-migrate-meta-layouts":"default","ast-page-background-enabled":"default","ast-page-background-meta":{"desktop":{"background-color":"var(--ast-global-color-4)","background-image":"","background-repeat":"repeat","background-position":"center center","background-size":"auto","background-attachment":"scroll","background-type":"","background-media":"","overlay-type":"","overlay-color":"","overlay-opacity":"","overlay-gradient":""},"tablet":{"background-color":"","background-image":"","background-repeat":"repeat","background-position":"center center","background-size":"auto","background-attachment":"scroll","background-type":"","background-media":"","overlay-type":"","overlay-color":"","overlay-opacity":"","overlay-gradient":""},"mobile":{"background-color":"","background-image":"","background-repeat":"repeat","background-position":"center center","background-size":"auto","background-attachment":"scroll","background-type":"","background-media":"","overlay-type":"","overlay-color":"","overlay-opacity":"","overlay-gradient":""}},"ast-content-background-meta":{"desktop":{"background-color":"var(--ast-global-color-5)","background-image":"","background-repeat":"repeat","background-position":"center center","background-size":"auto","background-attachment":"scroll","background-type":"","background-media":"","overlay-type":"","overlay-color":"","overlay-opacity":"","overlay-gradient":""},"tablet":{"background-color":"var(--ast-global-color-5)","background-image":"","background-repeat":"repeat","background-position":"center center","background-size":"auto","background-attachment":"scroll","background-type":"","background-media":"","overlay-type":"","overlay-color":"","overlay-opacity":"","overlay-gradient":""},"mobile":{"background-color":"var(--ast-global-color-5)","background-image":"","background-repeat":"repeat","background-position":"center center","background-size":"auto","background-attachment":"scroll","background-type":"","background-media":"","overlay-type":"","overlay-color":"","overlay-opacity":"","overlay-gradient":""}},"footnotes":""},"page-categories":[],"class_list":["post-7897","page","type-page","status-publish","hentry"],"_links":{"self":[{"href":"https:\/\/kiosque.acadienouvelle.com\/voeux-an-2025\/wp-json\/wp\/v2\/pages\/7897","targetHints":{"allow":["GET"]}}],"collection":[{"href":"https:\/\/kiosque.acadienouvelle.com\/voeux-an-2025\/wp-json\/wp\/v2\/pages"}],"about":[{"href":"https:\/\/kiosque.acadienouvelle.com\/voeux-an-2025\/wp-json\/wp\/v2\/types\/page"}],"author":[{"embeddable":true,"href":"https:\/\/kiosque.acadienouvelle.com\/voeux-an-2025\/wp-json\/wp\/v2\/users\/7"}],"replies":[{"embeddable":true,"href":"https:\/\/kiosque.acadienouvelle.com\/voeux-an-2025\/wp-json\/wp\/v2\/comments?post=7897"}],"version-history":[{"count":17,"href":"https:\/\/kiosque.acadienouvelle.com\/voeux-an-2025\/wp-json\/wp\/v2\/pages\/7897\/revisions"}],"predecessor-version":[{"id":8685,"href":"https:\/\/kiosque.acadienouvelle.com\/voeux-an-2025\/wp-json\/wp\/v2\/pages\/7897\/revisions\/8685"}],"wp:attachment":[{"href":"https:\/\/kiosque.acadienouvelle.com\/voeux-an-2025\/wp-json\/wp\/v2\/media?parent=7897"}],"wp:term":[{"taxonomy":"page-categories","embeddable":true,"href":"https:\/\/kiosque.acadienouvelle.com\/voeux-an-2025\/wp-json\/wp\/v2\/page-categories?post=7897"}],"curies":[{"name":"wp","href":"https:\/\/api.w.org\/{rel}","templated":true}]}}