{"id":7921,"date":"2025-12-24T19:13:48","date_gmt":"2025-12-24T19:13:48","guid":{"rendered":"https:\/\/kiosque.acadienouvelle.com\/voeux-an-2025\/jour-de-lan-quoi-de-mieux-que-les-partys-de-cuisine-acadiens\/"},"modified":"2025-12-30T14:48:25","modified_gmt":"2025-12-30T14:48:25","slug":"jour-de-lan-quoi-de-mieux-que-les-partys-de-cuisine-acadiens","status":"publish","type":"page","link":"https:\/\/kiosque.acadienouvelle.com\/voeux-an-2025\/jour-de-lan-quoi-de-mieux-que-les-partys-de-cuisine-acadiens\/","title":{"rendered":"Jour de l\u2019An\u2026 quoi de mieux que les \u00ab partys de cuisine acadiens \u00bb"},"content":{"rendered":"\t\t<div data-elementor-type=\"wp-page\" data-elementor-id=\"7921\" class=\"elementor elementor-7921\" data-elementor-post-type=\"page\">\n\t\t\t\t\t\t<section class=\"elementor-section elementor-top-section elementor-element elementor-element-50c1b6e elementor-section-height-min-height header_title banner_img elementor-section-boxed elementor-section-height-default elementor-section-items-middle\" data-id=\"50c1b6e\" data-element_type=\"section\" data-e-type=\"section\" data-settings=\"{&quot;background_background&quot;:&quot;classic&quot;}\">\n\t\t\t\t\t\t\t<div class=\"elementor-background-overlay\"><\/div>\n\t\t\t\t\t\t\t<div class=\"elementor-container elementor-column-gap-default\">\n\t\t\t\t\t<div class=\"elementor-column elementor-col-100 elementor-top-column elementor-element elementor-element-3a2d241\" data-id=\"3a2d241\" data-element_type=\"column\" data-e-type=\"column\">\n\t\t\t<div class=\"elementor-widget-wrap elementor-element-populated\">\n\t\t\t\t\t\t<div class=\"elementor-element elementor-element-9673cd2 elementor-widget elementor-widget-heading\" data-id=\"9673cd2\" data-element_type=\"widget\" data-e-type=\"widget\" data-widget_type=\"heading.default\">\n\t\t\t\t<div class=\"elementor-widget-container\">\n\t\t\t\t\t<h2 class=\"elementor-heading-title elementor-size-default\">Jour de l\u2019An\u2026 quoi de mieux que les \u00ab partys de cuisine acadiens \u00bb<\/h2>\t\t\t\t<\/div>\n\t\t\t\t<\/div>\n\t\t\t\t\t<\/div>\n\t\t<\/div>\n\t\t\t\t\t<\/div>\n\t\t<\/section>\n\t\t\t\t<section class=\"elementor-section elementor-top-section elementor-element elementor-element-d9a853a elementor-section-boxed elementor-section-height-default elementor-section-height-default\" data-id=\"d9a853a\" data-element_type=\"section\" data-e-type=\"section\">\n\t\t\t\t\t\t<div class=\"elementor-container elementor-column-gap-default\">\n\t\t\t\t\t<div class=\"elementor-column elementor-col-100 elementor-top-column elementor-element elementor-element-68d9c5a page_contain\" data-id=\"68d9c5a\" data-element_type=\"column\" data-e-type=\"column\" data-settings=\"{&quot;background_background&quot;:&quot;classic&quot;}\">\n\t\t\t<div class=\"elementor-widget-wrap elementor-element-populated\">\n\t\t\t\t\t\t<div class=\"elementor-element elementor-element-50f1f9b elementor-widget elementor-widget-image\" data-id=\"50f1f9b\" data-element_type=\"widget\" data-e-type=\"widget\" data-widget_type=\"image.default\">\n\t\t\t\t<div class=\"elementor-widget-container\">\n\t\t\t\t\t\t\t\t\t\t\t\t<figure class=\"wp-caption\">\n\t\t\t\t\t\t\t\t\t\t<img fetchpriority=\"high\" decoding=\"async\" width=\"1366\" height=\"768\" src=\"https:\/\/kiosque.acadienouvelle.com\/voeux-an-2025\/wp-content\/uploads\/sites\/375\/2025\/12\/3-jour_de_lan_landing.jpg\" class=\"attachment-full size-full wp-image-7923\" alt=\"\" srcset=\"https:\/\/kiosque.acadienouvelle.com\/voeux-an-2025\/wp-content\/uploads\/sites\/375\/2025\/12\/3-jour_de_lan_landing.jpg 1366w, https:\/\/kiosque.acadienouvelle.com\/voeux-an-2025\/wp-content\/uploads\/sites\/375\/2025\/12\/3-jour_de_lan_landing-300x169.jpg 300w, https:\/\/kiosque.acadienouvelle.com\/voeux-an-2025\/wp-content\/uploads\/sites\/375\/2025\/12\/3-jour_de_lan_landing-1024x576.jpg 1024w, https:\/\/kiosque.acadienouvelle.com\/voeux-an-2025\/wp-content\/uploads\/sites\/375\/2025\/12\/3-jour_de_lan_landing-768x432.jpg 768w\" sizes=\"(max-width: 1366px) 100vw, 1366px\" \/>\t\t\t\t\t\t\t\t\t\t\t<figcaption class=\"widget-image-caption wp-caption-text\">Offrez-vous le plaisir d\u2019un vrai party de cuisine acadien. Gracieuset\u00e9 https:\/\/www.visitezne.ca<\/figcaption>\n\t\t\t\t\t\t\t\t\t\t<\/figure>\n\t\t\t\t\t\t\t\t\t<\/div>\n\t\t\t\t<\/div>\n\t\t<link rel=\"stylesheet\" href=\"https:\/\/use.fontawesome.com\/releases\/v5.5.0\/css\/all.css\" integrity=\"sha384-B4dIYHKNBt8Bc12p+WXckhzcICo0wtJAoU8YZTY5qE0Id1GSseTk6S+L3BlXeVIU\" crossorigin=\"anonymous\">\r\n\t\t<div class=\"elementor-element elementor-element-d0a0a3b mobile_pera elementor-widget elementor-widget-text-editor\" data-id=\"d0a0a3b\" data-element_type=\"widget\" data-e-type=\"widget\" data-widget_type=\"text-editor.default\">\n\t\t\t\t<div class=\"elementor-widget-container\">\n\t\t\t\t\t\t\t\t\t<p>Les partys de cuisine du jour de l\u2019An occupent une place bien sp\u00e9ciale dans nos traditions. Ce sont des moments o\u00f9 la maison s\u2019anime, o\u00f9 la musique r\u00e9sonne jusque dans les murs, et o\u00f9 chacun se laisse emporter par la chaleur de la f\u00eate. D\u00e8s que les premiers invit\u00e9s franchissent la porte, on sent d\u00e9j\u00e0 cette ambiance unique, m\u00e9lange de rires, de chansons et de connivence.<\/p>\t\t\t\t\t\t\t\t<\/div>\n\t\t\t\t<\/div>\n\t\t\t\t<div class=\"elementor-element elementor-element-f97e61c elementor-widget elementor-widget-advertisement\" data-id=\"f97e61c\" data-element_type=\"widget\" data-e-type=\"widget\" data-widget_type=\"advertisement.default\">\n\t\t\t\t<div class=\"elementor-widget-container\">\n\t\t\t\t\t<div class=\"ads-align-center\"><div data-m32-ad data-options='{\"sizes\":\"[[300,100]]\",\"dfpId\":\"21658289790,27729547\",\"dfpAdUnitPath\":\"acadienouvelle\/cahiers_onefifthpage_300x100\"}'><\/div><\/div>\t\t\t\t<\/div>\n\t\t\t\t<\/div>\n\t\t\t\t<div class=\"elementor-element elementor-element-21215d8 mobile_pera elementor-widget elementor-widget-text-editor\" data-id=\"21215d8\" data-element_type=\"widget\" data-e-type=\"widget\" data-widget_type=\"text-editor.default\">\n\t\t\t\t<div class=\"elementor-widget-container\">\n\t\t\t\t\t\t\t\t\t<p>La cuisine devient alors le v\u00e9ritable c\u0153ur de la maison. On y d\u00e9pose les plats pr\u00e9par\u00e9s avec soin : tourti\u00e8res fumantes, rago\u00fbts de boulettes, jambon \u00e0 l\u2019\u00e9rable et tous ces mets qui rappellent les f\u00eates d\u2019antan. Les odeurs se m\u00ealent \u00e0 la vapeur qui s\u2019\u00e9l\u00e8ve des chaudrons, cr\u00e9ant une atmosph\u00e8re r\u00e9confortante qui invite \u00e0 s\u2019approcher, \u00e0 go\u00fbter, \u00e0 jaser. On se raconte l\u2019ann\u00e9e qui vient de passer, ses bons coups, ses d\u00e9fis, ses souvenirs marquants. Et surtout, on c\u00e9l\u00e8bre simplement d\u2019\u00eatre ensemble.<\/p>\t\t\t\t\t\t\t\t<\/div>\n\t\t\t\t<\/div>\n\t\t\t\t<div class=\"elementor-element elementor-element-c57d28a mobile_pera elementor-widget elementor-widget-text-editor\" data-id=\"c57d28a\" data-element_type=\"widget\" data-e-type=\"widget\" data-widget_type=\"text-editor.default\">\n\t\t\t\t<div class=\"elementor-widget-container\">\n\t\t\t\t\t\t\t\t\t<p>Puis, comme par magie, quelqu\u2019un attrape une guitare, un accord\u00e9on ou une cuill\u00e8re de bois. Les premi\u00e8res notes d\u2019une chanson traditionnelle s\u2019\u00e9l\u00e8vent et tout le monde se joint au ch\u0153ur. On tape du pied, on danse entre la table et le comptoir, on improvise des harmonies parfois justes\u2026 parfois moins ! Mais ce n\u2019est jamais la perfection qui compte : c\u2019est l\u2019esprit de la f\u00eate, cette joie partag\u00e9e qui ne peut \u00eatre v\u00e9cue que dans le moment pr\u00e9sent.<\/p>\t\t\t\t\t\t\t\t<\/div>\n\t\t\t\t<\/div>\n\t\t\t\t<div class=\"elementor-element elementor-element-0b6ad93 mobile_pera elementor-widget elementor-widget-text-editor\" data-id=\"0b6ad93\" data-element_type=\"widget\" data-e-type=\"widget\" data-widget_type=\"text-editor.default\">\n\t\t\t\t<div class=\"elementor-widget-container\">\n\t\t\t\t\t\t\t\t\t<p><b>On entonne le\u00a0<\/b><b style=\"font-style: inherit;\">d\u00e9compte\u2026<\/b><\/p><div>\u00a0<\/div>\t\t\t\t\t\t\t\t<\/div>\n\t\t\t\t<\/div>\n\t\t\t\t<div class=\"elementor-element elementor-element-74263c8 mobile_pera elementor-widget elementor-widget-text-editor\" data-id=\"74263c8\" data-element_type=\"widget\" data-e-type=\"widget\" data-widget_type=\"text-editor.default\">\n\t\t\t\t<div class=\"elementor-widget-container\">\n\t\t\t\t\t\t\t\t\t<p>Minuit arrive sans qu\u2019on s\u2019en aper\u00e7oive, emport\u00e9s par la musique et les \u00e9clats de rire. On entonne le d\u00e9compte, on se souhaite \u00ab Bonne ann\u00e9e ! \u00bb et on s\u2019embrasse, remplis d\u2019espoir pour les mois \u00e0 venir. Les partys de cuisine, ce ne sont pas seulement des rencontres ; ce sont des traditions qui unissent les g\u00e9n\u00e9rations, qui r\u00e9chauffent le c\u0153ur et qui laissent des souvenirs ind\u00e9l\u00e9biles.<\/p>\t\t\t\t\t\t\t\t<\/div>\n\t\t\t\t<\/div>\n\t\t\t\t<div class=\"elementor-element elementor-element-2f24090 mobile_pera elementor-widget elementor-widget-text-editor\" data-id=\"2f24090\" data-element_type=\"widget\" data-e-type=\"widget\" data-widget_type=\"text-editor.default\">\n\t\t\t\t<div class=\"elementor-widget-container\">\n\t\t\t\t\t\t\t\t\t<p>Dans cette pi\u00e8ce simple o\u00f9 tout commence \u2014 la cuisine \u2014 on retrouve ce qu\u2019il y a de plus pr\u00e9cieux : la famille, les amis, et le plaisir d\u2019\u00eatre ensemble pour accueillir une nouvelle ann\u00e9e. Bonne f\u00eate du jour de l\u2019An.<\/p>\t\t\t\t\t\t\t\t<\/div>\n\t\t\t\t<\/div>\n\t\t\t\t<div class=\"elementor-element elementor-element-166374c box_pera elementor-widget elementor-widget-text-editor\" data-id=\"166374c\" data-element_type=\"widget\" data-e-type=\"widget\" data-widget_type=\"text-editor.default\">\n\t\t\t\t<div class=\"elementor-widget-container\">\n\t\t\t\t\t\t\t\t\t<h1><b>Pouding ch\u00f4meur au sirop d\u2019\u00e9rable<\/b><\/h1><h1><b><img decoding=\"async\" src=\"https:\/\/kiosque.acadienouvelle.com\/voeux-an-2025\/wp-content\/uploads\/sites\/375\/2025\/12\/3-photo.jpg\" alt=\"\" width=\"1366\" height=\"768\" \/><br \/><\/b><\/h1><p>\u00a0<\/p><div><b>\u00a0<\/b><b>\u00a0<\/b><\/div><p><b>Ingr\u00e9dients<\/b><\/p><p>\u00a0<\/p><ul><li>375 ml (1 1\/2 tasse) farine tout usage<\/li><li>10 ml (2 c. \u00e0 th\u00e9) de poudre levante<\/li><li>1 pinc\u00e9e de sel<\/li><li>250 ml (1 tasse) de sucre<\/li><li>125 ml (1\/2 tasse) de beurre, \u00e0 temp\u00e9rature ambiante<\/li><li>1 oeuf<\/li><li>250 ml (1 tasse) de lait<\/li><\/ul><p>\u00a0<\/p><p><b>Sauce :<\/b><\/p><p>\u00a0<\/p><p>250 ml (1 tasse) sirop d\u2019\u00e9rable<\/p><p><br \/><b>Pr\u00e9paration<\/b><\/p><p>\u00a0<\/p><ul><li>Pr\u00e9chauffer le four \u00e0 350 \u00b0F;<\/li><li>Beurrer un moule de 13 po x 9 po. R\u00e9server;<\/li><li>Dans une casserole, verser tous les ingr\u00e9dients \u00ab pour la sauce \u00bb et porter \u00e0 \u00e9bullition;<\/li><li>Laisser mijoter pendant 2 minutes;<\/li><li>Retirer du feu et r\u00e9server;<\/li><li>Dans un bol, combiner la farine, la poudre levante et le sel. R\u00e9server;<\/li><li>Dans un autre bol, m\u00e9langer le sucre et le beurre jusqu\u2019\u00e0 l\u2019obtention d\u2019une texture cr\u00e9meuse;<\/li><li>Ajouter l\u2019\u0153uf et bien remuer;<\/li><li>Incorporer la farine en alternance avec le lait, puis verser dans le moule;<\/li><li>Verser la sauce sans m\u00e9langer, puis enfourner pendant environ 35 minutes, ou jusqu\u2019\u00e0 ce que le dessus soit l\u00e9g\u00e8rement dor\u00e9.<\/li><\/ul>\t\t\t\t\t\t\t\t<\/div>\n\t\t\t\t<\/div>\n\t\t\t\t\t<\/div>\n\t\t<\/div>\n\t\t\t\t\t<\/div>\n\t\t<\/section>\n\t\t\t\t<\/div>\n\t\t","protected":false},"excerpt":{"rendered":"<p>Jour de l\u2019An\u2026 quoi de mieux que les \u00ab partys de cuisine acadiens \u00bb Offrez-vous le plaisir d\u2019un vrai party de cuisine acadien. Gracieuset\u00e9 https:\/\/www.visitezne.ca Les partys de cuisine du jour de l\u2019An occupent une place bien sp\u00e9ciale dans nos traditions. Ce sont des moments o\u00f9 la maison s\u2019anime, o\u00f9 la musique r\u00e9sonne jusque dans [&hellip;]<\/p>\n","protected":false},"author":7,"featured_media":0,"parent":0,"menu_order":3,"comment_status":"closed","ping_status":"closed","template":"","meta":{"site-sidebar-layout":"no-sidebar","site-content-layout":"page-builder","ast-site-content-layout":"default","site-content-style":"default","site-sidebar-style":"default","ast-global-header-display":"","ast-banner-title-visibility":"","ast-main-header-display":"","ast-hfb-above-header-display":"","ast-hfb-below-header-display":"","ast-hfb-mobile-header-display":"","site-post-title":"disabled","ast-breadcrumbs-content":"","ast-featured-img":"disabled","footer-sml-layout":"","ast-disable-related-posts":"","theme-transparent-header-meta":"default","adv-header-id-meta":"","stick-header-meta":"","header-above-stick-meta":"","header-main-stick-meta":"","header-below-stick-meta":"","astra-migrate-meta-layouts":"default","ast-page-background-enabled":"default","ast-page-background-meta":{"desktop":{"background-color":"var(--ast-global-color-4)","background-image":"","background-repeat":"repeat","background-position":"center center","background-size":"auto","background-attachment":"scroll","background-type":"","background-media":"","overlay-type":"","overlay-color":"","overlay-opacity":"","overlay-gradient":""},"tablet":{"background-color":"","background-image":"","background-repeat":"repeat","background-position":"center center","background-size":"auto","background-attachment":"scroll","background-type":"","background-media":"","overlay-type":"","overlay-color":"","overlay-opacity":"","overlay-gradient":""},"mobile":{"background-color":"","background-image":"","background-repeat":"repeat","background-position":"center center","background-size":"auto","background-attachment":"scroll","background-type":"","background-media":"","overlay-type":"","overlay-color":"","overlay-opacity":"","overlay-gradient":""}},"ast-content-background-meta":{"desktop":{"background-color":"var(--ast-global-color-5)","background-image":"","background-repeat":"repeat","background-position":"center center","background-size":"auto","background-attachment":"scroll","background-type":"","background-media":"","overlay-type":"","overlay-color":"","overlay-opacity":"","overlay-gradient":""},"tablet":{"background-color":"var(--ast-global-color-5)","background-image":"","background-repeat":"repeat","background-position":"center center","background-size":"auto","background-attachment":"scroll","background-type":"","background-media":"","overlay-type":"","overlay-color":"","overlay-opacity":"","overlay-gradient":""},"mobile":{"background-color":"var(--ast-global-color-5)","background-image":"","background-repeat":"repeat","background-position":"center center","background-size":"auto","background-attachment":"scroll","background-type":"","background-media":"","overlay-type":"","overlay-color":"","overlay-opacity":"","overlay-gradient":""}},"footnotes":""},"page-categories":[],"class_list":["post-7921","page","type-page","status-publish","hentry"],"_links":{"self":[{"href":"https:\/\/kiosque.acadienouvelle.com\/voeux-an-2025\/wp-json\/wp\/v2\/pages\/7921","targetHints":{"allow":["GET"]}}],"collection":[{"href":"https:\/\/kiosque.acadienouvelle.com\/voeux-an-2025\/wp-json\/wp\/v2\/pages"}],"about":[{"href":"https:\/\/kiosque.acadienouvelle.com\/voeux-an-2025\/wp-json\/wp\/v2\/types\/page"}],"author":[{"embeddable":true,"href":"https:\/\/kiosque.acadienouvelle.com\/voeux-an-2025\/wp-json\/wp\/v2\/users\/7"}],"replies":[{"embeddable":true,"href":"https:\/\/kiosque.acadienouvelle.com\/voeux-an-2025\/wp-json\/wp\/v2\/comments?post=7921"}],"version-history":[{"count":25,"href":"https:\/\/kiosque.acadienouvelle.com\/voeux-an-2025\/wp-json\/wp\/v2\/pages\/7921\/revisions"}],"predecessor-version":[{"id":8647,"href":"https:\/\/kiosque.acadienouvelle.com\/voeux-an-2025\/wp-json\/wp\/v2\/pages\/7921\/revisions\/8647"}],"wp:attachment":[{"href":"https:\/\/kiosque.acadienouvelle.com\/voeux-an-2025\/wp-json\/wp\/v2\/media?parent=7921"}],"wp:term":[{"taxonomy":"page-categories","embeddable":true,"href":"https:\/\/kiosque.acadienouvelle.com\/voeux-an-2025\/wp-json\/wp\/v2\/page-categories?post=7921"}],"curies":[{"name":"wp","href":"https:\/\/api.w.org\/{rel}","templated":true}]}}