{"id":8151,"date":"2025-12-29T14:43:04","date_gmt":"2025-12-29T14:43:04","guid":{"rendered":"https:\/\/kiosque.acadienouvelle.com\/voeux-an-2025\/10-meilleurs-conseils-pour-recevoir\/"},"modified":"2025-12-30T15:50:19","modified_gmt":"2025-12-30T15:50:19","slug":"10-meilleurs-conseils-pour-recevoir","status":"publish","type":"page","link":"https:\/\/kiosque.acadienouvelle.com\/voeux-an-2025\/10-meilleurs-conseils-pour-recevoir\/","title":{"rendered":"10 meilleurs conseils pour recevoir"},"content":{"rendered":"\t\t<div data-elementor-type=\"wp-page\" data-elementor-id=\"8151\" class=\"elementor elementor-8151\" data-elementor-post-type=\"page\">\n\t\t\t\t\t\t<section class=\"elementor-section elementor-top-section elementor-element elementor-element-50c1b6e elementor-section-height-min-height header_title banner_img elementor-section-boxed elementor-section-height-default elementor-section-items-middle\" data-id=\"50c1b6e\" data-element_type=\"section\" data-e-type=\"section\" data-settings=\"{&quot;background_background&quot;:&quot;classic&quot;}\">\n\t\t\t\t\t\t\t<div class=\"elementor-background-overlay\"><\/div>\n\t\t\t\t\t\t\t<div class=\"elementor-container elementor-column-gap-default\">\n\t\t\t\t\t<div class=\"elementor-column elementor-col-100 elementor-top-column elementor-element elementor-element-3a2d241\" data-id=\"3a2d241\" data-element_type=\"column\" data-e-type=\"column\">\n\t\t\t<div class=\"elementor-widget-wrap elementor-element-populated\">\n\t\t\t\t\t\t<div class=\"elementor-element elementor-element-9673cd2 elementor-widget elementor-widget-heading\" data-id=\"9673cd2\" data-element_type=\"widget\" data-e-type=\"widget\" data-widget_type=\"heading.default\">\n\t\t\t\t<div class=\"elementor-widget-container\">\n\t\t\t\t\t<h2 class=\"elementor-heading-title elementor-size-default\">10 meilleurs conseils pour recevoir<\/h2>\t\t\t\t<\/div>\n\t\t\t\t<\/div>\n\t\t\t\t\t<\/div>\n\t\t<\/div>\n\t\t\t\t\t<\/div>\n\t\t<\/section>\n\t\t\t\t<section class=\"elementor-section elementor-top-section elementor-element elementor-element-d9a853a elementor-section-boxed elementor-section-height-default elementor-section-height-default\" data-id=\"d9a853a\" data-element_type=\"section\" data-e-type=\"section\">\n\t\t\t\t\t\t<div class=\"elementor-container elementor-column-gap-default\">\n\t\t\t\t\t<div class=\"elementor-column elementor-col-100 elementor-top-column elementor-element elementor-element-68d9c5a page_contain\" data-id=\"68d9c5a\" data-element_type=\"column\" data-e-type=\"column\" data-settings=\"{&quot;background_background&quot;:&quot;classic&quot;}\">\n\t\t\t<div class=\"elementor-widget-wrap elementor-element-populated\">\n\t\t\t\t\t\t<div class=\"elementor-element elementor-element-50f1f9b elementor-widget elementor-widget-image\" data-id=\"50f1f9b\" data-element_type=\"widget\" data-e-type=\"widget\" data-widget_type=\"image.default\">\n\t\t\t\t<div class=\"elementor-widget-container\">\n\t\t\t\t\t\t\t\t\t\t\t\t<figure class=\"wp-caption\">\n\t\t\t\t\t\t\t\t\t\t<img fetchpriority=\"high\" decoding=\"async\" width=\"1366\" height=\"768\" src=\"https:\/\/kiosque.acadienouvelle.com\/voeux-an-2025\/wp-content\/uploads\/sites\/375\/2025\/12\/12-10_meilleures_landing.jpg\" class=\"attachment-full size-full wp-image-8153\" alt=\"\" srcset=\"https:\/\/kiosque.acadienouvelle.com\/voeux-an-2025\/wp-content\/uploads\/sites\/375\/2025\/12\/12-10_meilleures_landing.jpg 1366w, https:\/\/kiosque.acadienouvelle.com\/voeux-an-2025\/wp-content\/uploads\/sites\/375\/2025\/12\/12-10_meilleures_landing-300x169.jpg 300w, https:\/\/kiosque.acadienouvelle.com\/voeux-an-2025\/wp-content\/uploads\/sites\/375\/2025\/12\/12-10_meilleures_landing-1024x576.jpg 1024w, https:\/\/kiosque.acadienouvelle.com\/voeux-an-2025\/wp-content\/uploads\/sites\/375\/2025\/12\/12-10_meilleures_landing-768x432.jpg 768w\" sizes=\"(max-width: 1366px) 100vw, 1366px\" \/>\t\t\t\t\t\t\t\t\t\t\t<figcaption class=\"widget-image-caption wp-caption-text\"><\/figcaption>\n\t\t\t\t\t\t\t\t\t\t<\/figure>\n\t\t\t\t\t\t\t\t\t<\/div>\n\t\t\t\t<\/div>\n\t\t<link rel=\"stylesheet\" href=\"https:\/\/use.fontawesome.com\/releases\/v5.5.0\/css\/all.css\" integrity=\"sha384-B4dIYHKNBt8Bc12p+WXckhzcICo0wtJAoU8YZTY5qE0Id1GSseTk6S+L3BlXeVIU\" crossorigin=\"anonymous\">\r\n\t\t<div class=\"elementor-element elementor-element-d0a0a3b mobile_pera elementor-widget elementor-widget-text-editor\" data-id=\"d0a0a3b\" data-element_type=\"widget\" data-e-type=\"widget\" data-widget_type=\"text-editor.default\">\n\t\t\t\t<div class=\"elementor-widget-container\">\n\t\t\t\t\t\t\t\t\t<p>C\u2019est la saison des festivit\u00e9s! Nous portons un toast \u00e0 tous les h\u00f4tes qui s\u2019affairent \u00e0 la s\u00e9lection de la musique, qui d\u00e9corent la maison pour les f\u00eates et qui font de la place pour toutes ces chaussures \u00e0 la porte. Nous avons rassembl\u00e9 nos 10 meilleurs conseils pour recevoir pour ceux d\u2019entre vous qui ouvrent leur maison et veulent une soir\u00e9e de divertissement sans stress.<\/p>\t\t\t\t\t\t\t\t<\/div>\n\t\t\t\t<\/div>\n\t\t\t\t<div class=\"elementor-element elementor-element-7fcd88d elementor-widget elementor-widget-advertisement\" data-id=\"7fcd88d\" data-element_type=\"widget\" data-e-type=\"widget\" data-widget_type=\"advertisement.default\">\n\t\t\t\t<div class=\"elementor-widget-container\">\n\t\t\t\t\t<div class=\"ads-align-center\"><div data-m32-ad data-options='{\"sizes\":\"[[300,100]]\",\"dfpId\":\"21658289790,27729547\",\"dfpAdUnitPath\":\"acadienouvelle\/cahiers_onefifthpage_300x100\"}'><\/div><\/div>\t\t\t\t<\/div>\n\t\t\t\t<\/div>\n\t\t\t\t<div class=\"elementor-element elementor-element-74263c8 mobile_pera elementor-widget elementor-widget-text-editor\" data-id=\"74263c8\" data-element_type=\"widget\" data-e-type=\"widget\" data-widget_type=\"text-editor.default\">\n\t\t\t\t<div class=\"elementor-widget-container\">\n\t\t\t\t\t\t\t\t\t<ol><li>Servez vos boissons fra\u00eeches \u00e0 la perfection. Utilisez un bac d\u2019eau glac\u00e9e sal\u00e9e pour refroidir rapidement les bouteilles et les canettes.<\/li><li>Pr\u00e9parez un cocktail signature qui plaira \u00e0 tout le monde.<\/li><li>D\u00e9signez quelqu\u2019un comme barman. Non seulement cela vous aide \u00e0 \u00eatre plus disponible pour vous m\u00ealer aux autres, mais cela vous aide aussi \u00e0 contr\u00f4ler la quantit\u00e9 d\u2019alcool vers\u00e9e dans les boissons.<\/li><li>Servez des plats savoureux \u00e0 vos invit\u00e9s qui correspondent \u00e0 votre th\u00e8me.<\/li><li>Choisissez des plats qui s\u2019am\u00e9liorent avec le temps ou qui peuvent \u00eatre servis \u00e0 temp\u00e9rature ambiante. De cette fa\u00e7on, vous n\u2019avez pas besoin de vous stresser pour mettre les choses sur la table d\u00e8s qu\u2019elles sont finies.<\/li><li>Vous ne voulez pas \u00eatre coinc\u00e9 avec tous les restants? D\u00e9posez-les dans des bo\u00eetes \u00e0 emporter pour que vos invit\u00e9s puissent les ramener chez eux.<\/li><li>Aidez vos invit\u00e9s \u00e0 rentrer chez eux en toute s\u00e9curit\u00e9. Assurez-vous que tout le monde a un plan pour rentrer \u00e0 la maison &#8211; organisez des covoiturages, des taxis ou des espaces pour passer la nuit.<\/li><li>N\u2019oubliez pas le conducteur d\u00e9sign\u00e9! Offrez un mocktail (essayez cette recette!) ou des boissons non alcoolis\u00e9es pour que tout le monde ait quelque chose de savoureux \u00e0 siroter.<\/li><li>G\u00e9rez l\u2019ambiance. Trouvez une s\u00e9lection de chansons qui contient un m\u00e9lange de chansons du temps des f\u00eates et de chansons pour faire la f\u00eate.<\/li><li>Cela va sans de soi, mais ne servez de l\u2019alcool qu\u2019aux personnes qui ont l\u2019\u00e2ge l\u00e9gal de boire.<\/li><\/ol>\t\t\t\t\t\t\t\t<\/div>\n\t\t\t\t<\/div>\n\t\t\t\t<div class=\"elementor-element elementor-element-f1a671b elementor-widget elementor-widget-advertisement\" data-id=\"f1a671b\" data-element_type=\"widget\" data-e-type=\"widget\" data-widget_type=\"advertisement.default\">\n\t\t\t\t<div class=\"elementor-widget-container\">\n\t\t\t\t\t<div class=\"ads-align-center\"><div data-m32-ad data-options='{\"sizes\":\"[[300,100]]\",\"dfpId\":\"21658289790,27729547\",\"dfpAdUnitPath\":\"acadienouvelle\/cahiers_onefifthpage02_300x100\"}'><\/div><\/div>\t\t\t\t<\/div>\n\t\t\t\t<\/div>\n\t\t\t\t<div class=\"elementor-element elementor-element-f1b8e13 mobile_pera elementor-widget elementor-widget-text-editor\" data-id=\"f1b8e13\" data-element_type=\"widget\" data-e-type=\"widget\" data-widget_type=\"text-editor.default\">\n\t\t\t\t<div class=\"elementor-widget-container\">\n\t\t\t\t\t\t\t\t\t<p>Source : Alcool NB<\/p>\t\t\t\t\t\t\t\t<\/div>\n\t\t\t\t<\/div>\n\t\t\t\t<div class=\"elementor-element elementor-element-166374c mobile_pera elementor-widget elementor-widget-text-editor\" data-id=\"166374c\" data-element_type=\"widget\" data-e-type=\"widget\" data-widget_type=\"text-editor.default\">\n\t\t\t\t<div class=\"elementor-widget-container\">\n\t\t\t\t\t\t\t\t\t<h1><b>Op\u00e9ration Nez rouge!<\/b><\/h1>\n<h1><b><img decoding=\"async\" class=\"size-full wp-image-8164 aligncenter\" src=\"https:\/\/kiosque.acadienouvelle.com\/voeux-an-2025\/wp-content\/uploads\/sites\/375\/2025\/12\/12-nez_rouge.jpg\" alt=\"\" width=\"485\" height=\"382\" srcset=\"https:\/\/kiosque.acadienouvelle.com\/voeux-an-2025\/wp-content\/uploads\/sites\/375\/2025\/12\/12-nez_rouge.jpg 485w, https:\/\/kiosque.acadienouvelle.com\/voeux-an-2025\/wp-content\/uploads\/sites\/375\/2025\/12\/12-nez_rouge-300x236.jpg 300w\" sizes=\"(max-width: 485px) 100vw, 485px\" \/><\/b><\/h1>\n<div><b>&nbsp;<\/b><\/div>\n<div><b>&nbsp;<\/b><\/div>\n<p><b>Veille du jour de l\u2019An<\/b><\/p>\n<p><span style=\"color: var( --e-global-color-text ); font-style: inherit; font-weight: inherit;\">&nbsp;<\/span><\/p>\n<p>Depuis la fin novembre, la campagne bat son plein uniquement dans les r\u00e9gions du Nord-Ouest, Chaleur et P\u00e9ninsule acadienne. Ce pr\u00e9cieux service se termine ce soir et s\u2019\u00e9tendra jusqu\u2019\u00e0 3 h du matin.<\/p>\n<p>Voici les num\u00e9ros de t\u00e9l\u00e9phone d\u2019Op\u00e9ration Nez rouge par r\u00e9gion :<\/p>\n<p>Chaleur : 506 547-7510<br><span style=\"font-style: inherit; font-weight: inherit;\">Madawaska : 506 739-5555<br><\/span><span style=\"font-style: inherit; font-weight: inherit;\">P\u00e9ninsule acadienne :&nbsp;<\/span><span style=\"font-style: inherit; font-weight: inherit;\">506 336-2611<\/span><\/p>\t\t\t\t\t\t\t\t<\/div>\n\t\t\t\t<\/div>\n\t\t\t\t\t<\/div>\n\t\t<\/div>\n\t\t\t\t\t<\/div>\n\t\t<\/section>\n\t\t\t\t<\/div>\n\t\t","protected":false},"excerpt":{"rendered":"<p>10 meilleurs conseils pour recevoir C\u2019est la saison des festivit\u00e9s! Nous portons un toast \u00e0 tous les h\u00f4tes qui s\u2019affairent \u00e0 la s\u00e9lection de la musique, qui d\u00e9corent la maison pour les f\u00eates et qui font de la place pour toutes ces chaussures \u00e0 la porte. Nous avons rassembl\u00e9 nos 10 meilleurs conseils pour recevoir [&hellip;]<\/p>\n","protected":false},"author":7,"featured_media":0,"parent":0,"menu_order":12,"comment_status":"closed","ping_status":"closed","template":"","meta":{"site-sidebar-layout":"no-sidebar","site-content-layout":"page-builder","ast-site-content-layout":"default","site-content-style":"default","site-sidebar-style":"default","ast-global-header-display":"","ast-banner-title-visibility":"","ast-main-header-display":"","ast-hfb-above-header-display":"","ast-hfb-below-header-display":"","ast-hfb-mobile-header-display":"","site-post-title":"disabled","ast-breadcrumbs-content":"","ast-featured-img":"disabled","footer-sml-layout":"","ast-disable-related-posts":"","theme-transparent-header-meta":"default","adv-header-id-meta":"","stick-header-meta":"","header-above-stick-meta":"","header-main-stick-meta":"","header-below-stick-meta":"","astra-migrate-meta-layouts":"default","ast-page-background-enabled":"default","ast-page-background-meta":{"desktop":{"background-color":"var(--ast-global-color-4)","background-image":"","background-repeat":"repeat","background-position":"center center","background-size":"auto","background-attachment":"scroll","background-type":"","background-media":"","overlay-type":"","overlay-color":"","overlay-opacity":"","overlay-gradient":""},"tablet":{"background-color":"","background-image":"","background-repeat":"repeat","background-position":"center center","background-size":"auto","background-attachment":"scroll","background-type":"","background-media":"","overlay-type":"","overlay-color":"","overlay-opacity":"","overlay-gradient":""},"mobile":{"background-color":"","background-image":"","background-repeat":"repeat","background-position":"center center","background-size":"auto","background-attachment":"scroll","background-type":"","background-media":"","overlay-type":"","overlay-color":"","overlay-opacity":"","overlay-gradient":""}},"ast-content-background-meta":{"desktop":{"background-color":"var(--ast-global-color-5)","background-image":"","background-repeat":"repeat","background-position":"center center","background-size":"auto","background-attachment":"scroll","background-type":"","background-media":"","overlay-type":"","overlay-color":"","overlay-opacity":"","overlay-gradient":""},"tablet":{"background-color":"var(--ast-global-color-5)","background-image":"","background-repeat":"repeat","background-position":"center center","background-size":"auto","background-attachment":"scroll","background-type":"","background-media":"","overlay-type":"","overlay-color":"","overlay-opacity":"","overlay-gradient":""},"mobile":{"background-color":"var(--ast-global-color-5)","background-image":"","background-repeat":"repeat","background-position":"center center","background-size":"auto","background-attachment":"scroll","background-type":"","background-media":"","overlay-type":"","overlay-color":"","overlay-opacity":"","overlay-gradient":""}},"footnotes":""},"page-categories":[],"class_list":["post-8151","page","type-page","status-publish","hentry"],"_links":{"self":[{"href":"https:\/\/kiosque.acadienouvelle.com\/voeux-an-2025\/wp-json\/wp\/v2\/pages\/8151","targetHints":{"allow":["GET"]}}],"collection":[{"href":"https:\/\/kiosque.acadienouvelle.com\/voeux-an-2025\/wp-json\/wp\/v2\/pages"}],"about":[{"href":"https:\/\/kiosque.acadienouvelle.com\/voeux-an-2025\/wp-json\/wp\/v2\/types\/page"}],"author":[{"embeddable":true,"href":"https:\/\/kiosque.acadienouvelle.com\/voeux-an-2025\/wp-json\/wp\/v2\/users\/7"}],"replies":[{"embeddable":true,"href":"https:\/\/kiosque.acadienouvelle.com\/voeux-an-2025\/wp-json\/wp\/v2\/comments?post=8151"}],"version-history":[{"count":25,"href":"https:\/\/kiosque.acadienouvelle.com\/voeux-an-2025\/wp-json\/wp\/v2\/pages\/8151\/revisions"}],"predecessor-version":[{"id":8691,"href":"https:\/\/kiosque.acadienouvelle.com\/voeux-an-2025\/wp-json\/wp\/v2\/pages\/8151\/revisions\/8691"}],"wp:attachment":[{"href":"https:\/\/kiosque.acadienouvelle.com\/voeux-an-2025\/wp-json\/wp\/v2\/media?parent=8151"}],"wp:term":[{"taxonomy":"page-categories","embeddable":true,"href":"https:\/\/kiosque.acadienouvelle.com\/voeux-an-2025\/wp-json\/wp\/v2\/page-categories?post=8151"}],"curies":[{"name":"wp","href":"https:\/\/api.w.org\/{rel}","templated":true}]}}