{"id":8300,"date":"2025-12-29T17:30:30","date_gmt":"2025-12-29T17:30:30","guid":{"rendered":"https:\/\/kiosque.acadienouvelle.com\/voeux-an-2025\/commencer-lanne-sur-le-bon-pied-prparez-vous-au-cas-o\/"},"modified":"2025-12-29T17:46:40","modified_gmt":"2025-12-29T17:46:40","slug":"commencer-lanne-sur-le-bon-pied-prparez-vous-au-cas-o","status":"publish","type":"page","link":"https:\/\/kiosque.acadienouvelle.com\/voeux-an-2025\/commencer-lanne-sur-le-bon-pied-prparez-vous-au-cas-o\/","title":{"rendered":"Commencer l\u2019ann\u00e9e sur le bon pied &#8211; Pr\u00e9parez-vous au cas o\u00f9\u2026"},"content":{"rendered":"\t\t<div data-elementor-type=\"wp-page\" data-elementor-id=\"8300\" class=\"elementor elementor-8300\" data-elementor-post-type=\"page\">\n\t\t\t\t\t\t<section class=\"elementor-section elementor-top-section elementor-element elementor-element-50c1b6e elementor-section-height-min-height header_title banner_img elementor-section-boxed elementor-section-height-default elementor-section-items-middle\" data-id=\"50c1b6e\" data-element_type=\"section\" data-e-type=\"section\" data-settings=\"{&quot;background_background&quot;:&quot;classic&quot;}\">\n\t\t\t\t\t\t\t<div class=\"elementor-background-overlay\"><\/div>\n\t\t\t\t\t\t\t<div class=\"elementor-container elementor-column-gap-default\">\n\t\t\t\t\t<div class=\"elementor-column elementor-col-100 elementor-top-column elementor-element elementor-element-3a2d241\" data-id=\"3a2d241\" data-element_type=\"column\" data-e-type=\"column\">\n\t\t\t<div class=\"elementor-widget-wrap elementor-element-populated\">\n\t\t\t\t\t\t<div class=\"elementor-element elementor-element-9673cd2 elementor-widget elementor-widget-heading\" data-id=\"9673cd2\" data-element_type=\"widget\" data-e-type=\"widget\" data-widget_type=\"heading.default\">\n\t\t\t\t<div class=\"elementor-widget-container\">\n\t\t\t\t\t<h2 class=\"elementor-heading-title elementor-size-default\">Commencer l\u2019ann\u00e9e sur le bon pied\n - Pr\u00e9parez-vous au cas o\u00f9\u2026<\/h2>\t\t\t\t<\/div>\n\t\t\t\t<\/div>\n\t\t\t\t\t<\/div>\n\t\t<\/div>\n\t\t\t\t\t<\/div>\n\t\t<\/section>\n\t\t\t\t<section class=\"elementor-section elementor-top-section elementor-element elementor-element-d9a853a elementor-section-boxed elementor-section-height-default elementor-section-height-default\" data-id=\"d9a853a\" data-element_type=\"section\" data-e-type=\"section\">\n\t\t\t\t\t\t<div class=\"elementor-container elementor-column-gap-default\">\n\t\t\t\t\t<div class=\"elementor-column elementor-col-100 elementor-top-column elementor-element elementor-element-68d9c5a page_contain\" data-id=\"68d9c5a\" data-element_type=\"column\" data-e-type=\"column\" data-settings=\"{&quot;background_background&quot;:&quot;classic&quot;}\">\n\t\t\t<div class=\"elementor-widget-wrap elementor-element-populated\">\n\t\t\t\t\t\t<div class=\"elementor-element elementor-element-50f1f9b elementor-widget elementor-widget-image\" data-id=\"50f1f9b\" data-element_type=\"widget\" data-e-type=\"widget\" data-widget_type=\"image.default\">\n\t\t\t\t<div class=\"elementor-widget-container\">\n\t\t\t\t\t\t\t\t\t\t\t\t<figure class=\"wp-caption\">\n\t\t\t\t\t\t\t\t\t\t<img fetchpriority=\"high\" decoding=\"async\" width=\"1366\" height=\"768\" src=\"https:\/\/kiosque.acadienouvelle.com\/voeux-an-2025\/wp-content\/uploads\/sites\/375\/2025\/12\/16-preparez-vous_landing.jpg\" class=\"attachment-full size-full wp-image-8302\" alt=\"\" srcset=\"https:\/\/kiosque.acadienouvelle.com\/voeux-an-2025\/wp-content\/uploads\/sites\/375\/2025\/12\/16-preparez-vous_landing.jpg 1366w, https:\/\/kiosque.acadienouvelle.com\/voeux-an-2025\/wp-content\/uploads\/sites\/375\/2025\/12\/16-preparez-vous_landing-300x169.jpg 300w, https:\/\/kiosque.acadienouvelle.com\/voeux-an-2025\/wp-content\/uploads\/sites\/375\/2025\/12\/16-preparez-vous_landing-1024x576.jpg 1024w, https:\/\/kiosque.acadienouvelle.com\/voeux-an-2025\/wp-content\/uploads\/sites\/375\/2025\/12\/16-preparez-vous_landing-768x432.jpg 768w\" sizes=\"(max-width: 1366px) 100vw, 1366px\" \/>\t\t\t\t\t\t\t\t\t\t\t<figcaption class=\"widget-image-caption wp-caption-text\"><\/figcaption>\n\t\t\t\t\t\t\t\t\t\t<\/figure>\n\t\t\t\t\t\t\t\t\t<\/div>\n\t\t\t\t<\/div>\n\t\t<link rel=\"stylesheet\" href=\"https:\/\/use.fontawesome.com\/releases\/v5.5.0\/css\/all.css\" integrity=\"sha384-B4dIYHKNBt8Bc12p+WXckhzcICo0wtJAoU8YZTY5qE0Id1GSseTk6S+L3BlXeVIU\" crossorigin=\"anonymous\">\r\n\t\t<div class=\"elementor-element elementor-element-d0a0a3b mobile_pera elementor-widget elementor-widget-text-editor\" data-id=\"d0a0a3b\" data-element_type=\"widget\" data-e-type=\"widget\" data-widget_type=\"text-editor.default\">\n\t\t\t\t<div class=\"elementor-widget-container\">\n\t\t\t\t\t\t\t\t\t<p>\u00c9videmment, on ne souhaite pas qu\u2019une panne d\u2019\u00e9lectricit\u00e9 vienne porter ombrage \u00e0 nos c\u00e9l\u00e9brations du jour de l\u2019An. Mais compte tenu de la rigueur de nos hivers, il serait sage de se pr\u00e9parer en cons\u00e9quence. Si on peut y \u00e9chapper dans les prochains jours, tant mieux! Mais il n\u2019est pas dit qu\u2019il en sera ainsi jusqu\u2019au mois d\u2019avril.<\/p>\t\t\t\t\t\t\t\t<\/div>\n\t\t\t\t<\/div>\n\t\t\t\t<div class=\"elementor-element elementor-element-7b578d6 elementor-widget elementor-widget-advertisement\" data-id=\"7b578d6\" data-element_type=\"widget\" data-e-type=\"widget\" data-widget_type=\"advertisement.default\">\n\t\t\t\t<div class=\"elementor-widget-container\">\n\t\t\t\t\t<div class=\"ads-align-center\"><div data-m32-ad data-options='{\"sizes\":\"[[300,100]]\",\"dfpId\":\"21658289790,27729547\",\"dfpAdUnitPath\":\"acadienouvelle\/cahiers_onefifthpage_300x100\"}'><\/div><\/div>\t\t\t\t<\/div>\n\t\t\t\t<\/div>\n\t\t\t\t<div class=\"elementor-element elementor-element-0b6ad93 mobile_pera elementor-widget elementor-widget-text-editor\" data-id=\"0b6ad93\" data-element_type=\"widget\" data-e-type=\"widget\" data-widget_type=\"text-editor.default\">\n\t\t\t\t<div class=\"elementor-widget-container\">\n\t\t\t\t\t\t\t\t\t<p><b>Que faire si \u00e7a se produit<\/b><\/p>\t\t\t\t\t\t\t\t<\/div>\n\t\t\t\t<\/div>\n\t\t\t\t<div class=\"elementor-element elementor-element-74263c8 mobile_pera elementor-widget elementor-widget-text-editor\" data-id=\"74263c8\" data-element_type=\"widget\" data-e-type=\"widget\" data-widget_type=\"text-editor.default\">\n\t\t\t\t<div class=\"elementor-widget-container\">\n\t\t\t\t\t\t\t\t\t<ul><li>T\u00e2chez de vous tenir au courant de la situation et d\u2019\u00e9couter les conseils des autorit\u00e9s \u00e0 l\u2019aide de votre radio \u00e0 piles ou \u00e0 manivelle.<\/li><li>V\u00e9rifiez si la panne se limite exclusivement \u00e0 votre maison. Si vos voisins ont du courant, v\u00e9rifiez vos disjoncteurs ou vos fusibles. Conservez les num\u00e9ros d\u2019urgence, comme celui de votre compagnie de distribution d\u2019\u00e9lectricit\u00e9, pr\u00e8s de votre t\u00e9l\u00e9phone.<\/li><li>Si vos voisins n\u2019ont pas de courant non plus, alertez la compagnie d\u2019\u00e9lectricit\u00e9.<\/li><li>\u00c9teignez tous les \u00e9lectrom\u00e9nagers et les appareils \u00e9lectroniques, et baissez le chauffage au minimum afin de pr\u00e9venir les dommages qu\u2019une surtension pourrait occasionner d\u00e8s le retour du courant.<\/li><li>\u00c9teignez toutes les lumi\u00e8res, hormis une lumi\u00e8re \u00e0 l\u2019int\u00e9rieur et une autre \u00e0 l\u2019ext\u00e9rieur de la maison. Celles-ci serviront \u00e0 signaler aux employ\u00e9s de la compagnie d\u2019\u00e9lectricit\u00e9 travaillant dehors et \u00e0 vous-m\u00eame que le courant est revenu.<\/li><li>\u00c9vitez d\u2019ouvrir la porte du r\u00e9frig\u00e9rateur ou du cong\u00e9lateur, \u00e0 moins que cela ne soit absolument n\u00e9cessaire. La nourriture qui se trouve dans un cong\u00e9lateur bien rempli peut demeurer congel\u00e9e de 24 \u00e0 36 heures si la porte est bien ferm\u00e9e.<\/li><\/ul>\t\t\t\t\t\t\t\t<\/div>\n\t\t\t\t<\/div>\n\t\t\t\t<div class=\"elementor-element elementor-element-e6d46b6 elementor-widget elementor-widget-advertisement\" data-id=\"e6d46b6\" data-element_type=\"widget\" data-e-type=\"widget\" data-widget_type=\"advertisement.default\">\n\t\t\t\t<div class=\"elementor-widget-container\">\n\t\t\t\t\t<div class=\"ads-align-center\"><div data-m32-ad data-options='{\"sizes\":\"[[300,100]]\",\"dfpId\":\"21658289790,27729547\",\"dfpAdUnitPath\":\"acadienouvelle\/cahiers_onefifthpage02_300x100\"}'><\/div><\/div>\t\t\t\t<\/div>\n\t\t\t\t<\/div>\n\t\t\t\t<div class=\"elementor-element elementor-element-e6389d3 mobile_pera elementor-widget elementor-widget-text-editor\" data-id=\"e6389d3\" data-element_type=\"widget\" data-e-type=\"widget\" data-widget_type=\"text-editor.default\">\n\t\t\t\t<div class=\"elementor-widget-container\">\n\t\t\t\t\t\t\t\t\t<p>Utilisez toujours des porte-chandelles (de pr\u00e9f\u00e9rence larges et profonds) et ne laissez jamais de bougies allum\u00e9es sans surveillance.<\/p>\t\t\t\t\t\t\t\t<\/div>\n\t\t\t\t<\/div>\n\t\t\t\t<div class=\"elementor-element elementor-element-fc08776 mobile_pera elementor-widget elementor-widget-text-editor\" data-id=\"fc08776\" data-element_type=\"widget\" data-e-type=\"widget\" data-widget_type=\"text-editor.default\">\n\t\t\t\t<div class=\"elementor-widget-container\">\n\t\t\t\t\t\t\t\t\t<p><b>\u00c0 \u00e9viter<\/b><\/p>\t\t\t\t\t\t\t\t<\/div>\n\t\t\t\t<\/div>\n\t\t\t\t<div class=\"elementor-element elementor-element-c0a6cc6 mobile_pera elementor-widget elementor-widget-text-editor\" data-id=\"c0a6cc6\" data-element_type=\"widget\" data-e-type=\"widget\" data-widget_type=\"text-editor.default\">\n\t\t\t\t<div class=\"elementor-widget-container\">\n\t\t\t\t\t\t\t\t\t<ul><li>N\u2019utilisez pas de barbecue, d\u2019appareils de chauffage au propane ou de g\u00e9n\u00e9rateurs portables \u00e0 l\u2019int\u00e9rieur ou dans des espaces clos comme des garages, des galeries ou des abris, puisqu\u2019ils \u00e9mettent du monoxyde de carbone qui peut entra\u00eener la mort.<\/li><li>N\u2019utilisez pas de cuisini\u00e8re \u00e0 gaz comme source de chaleur.<\/li><li>N\u2019ouvrez pas la porte du r\u00e9frig\u00e9rateur ou du cong\u00e9lateur, \u00e0 moins que cela ne soit absolument n\u00e9cessaire. Ne mettez pas d\u2019aliments congel\u00e9s \u00e0 l\u2019ext\u00e9rieur, m\u00eame en hiver.<\/li><li>\u00c9vitez les eaux stagnantes de votre sous-sol ou d\u2019un immeuble inond\u00e9.<\/li><li>Ne laissez jamais des bougies allum\u00e9es sans supervision. Dans la mesure du possible, utilisez une lampe de poche pour vous \u00e9clairer.<\/li><li>Ne touchez pas les c\u00e2bles \u00e9lectriques au sol et ne vous en approchez pas, sous peine de blessure ou de d\u00e9c\u00e8s.<\/li><\/ul>\t\t\t\t\t\t\t\t<\/div>\n\t\t\t\t<\/div>\n\t\t\t\t<div class=\"elementor-element elementor-element-209f170 mobile_pera elementor-widget elementor-widget-text-editor\" data-id=\"209f170\" data-element_type=\"widget\" data-e-type=\"widget\" data-widget_type=\"text-editor.default\">\n\t\t\t\t<div class=\"elementor-widget-container\">\n\t\t\t\t\t\t\t\t\t<p>\u00a0Pour plus de conseils \u00e0 suivre en cas de panne d\u2019\u00e9lectricit\u00e9, consultez le site de S\u00e9curit\u00e9 publique Canada.<\/p>\t\t\t\t\t\t\t\t<\/div>\n\t\t\t\t<\/div>\n\t\t\t\t\t<\/div>\n\t\t<\/div>\n\t\t\t\t\t<\/div>\n\t\t<\/section>\n\t\t\t\t<\/div>\n\t\t","protected":false},"excerpt":{"rendered":"<p>Commencer l\u2019ann\u00e9e sur le bon pied &#8211; Pr\u00e9parez-vous au cas o\u00f9\u2026 \u00c9videmment, on ne souhaite pas qu\u2019une panne d\u2019\u00e9lectricit\u00e9 vienne porter ombrage \u00e0 nos c\u00e9l\u00e9brations du jour de l\u2019An. Mais compte tenu de la rigueur de nos hivers, il serait sage de se pr\u00e9parer en cons\u00e9quence. Si on peut y \u00e9chapper dans les prochains jours, [&hellip;]<\/p>\n","protected":false},"author":7,"featured_media":0,"parent":0,"menu_order":16,"comment_status":"closed","ping_status":"closed","template":"","meta":{"site-sidebar-layout":"no-sidebar","site-content-layout":"page-builder","ast-site-content-layout":"default","site-content-style":"default","site-sidebar-style":"default","ast-global-header-display":"","ast-banner-title-visibility":"","ast-main-header-display":"","ast-hfb-above-header-display":"","ast-hfb-below-header-display":"","ast-hfb-mobile-header-display":"","site-post-title":"disabled","ast-breadcrumbs-content":"","ast-featured-img":"disabled","footer-sml-layout":"","ast-disable-related-posts":"","theme-transparent-header-meta":"default","adv-header-id-meta":"","stick-header-meta":"","header-above-stick-meta":"","header-main-stick-meta":"","header-below-stick-meta":"","astra-migrate-meta-layouts":"default","ast-page-background-enabled":"default","ast-page-background-meta":{"desktop":{"background-color":"var(--ast-global-color-4)","background-image":"","background-repeat":"repeat","background-position":"center center","background-size":"auto","background-attachment":"scroll","background-type":"","background-media":"","overlay-type":"","overlay-color":"","overlay-opacity":"","overlay-gradient":""},"tablet":{"background-color":"","background-image":"","background-repeat":"repeat","background-position":"center center","background-size":"auto","background-attachment":"scroll","background-type":"","background-media":"","overlay-type":"","overlay-color":"","overlay-opacity":"","overlay-gradient":""},"mobile":{"background-color":"","background-image":"","background-repeat":"repeat","background-position":"center center","background-size":"auto","background-attachment":"scroll","background-type":"","background-media":"","overlay-type":"","overlay-color":"","overlay-opacity":"","overlay-gradient":""}},"ast-content-background-meta":{"desktop":{"background-color":"var(--ast-global-color-5)","background-image":"","background-repeat":"repeat","background-position":"center center","background-size":"auto","background-attachment":"scroll","background-type":"","background-media":"","overlay-type":"","overlay-color":"","overlay-opacity":"","overlay-gradient":""},"tablet":{"background-color":"var(--ast-global-color-5)","background-image":"","background-repeat":"repeat","background-position":"center center","background-size":"auto","background-attachment":"scroll","background-type":"","background-media":"","overlay-type":"","overlay-color":"","overlay-opacity":"","overlay-gradient":""},"mobile":{"background-color":"var(--ast-global-color-5)","background-image":"","background-repeat":"repeat","background-position":"center center","background-size":"auto","background-attachment":"scroll","background-type":"","background-media":"","overlay-type":"","overlay-color":"","overlay-opacity":"","overlay-gradient":""}},"footnotes":""},"page-categories":[],"class_list":["post-8300","page","type-page","status-publish","hentry"],"_links":{"self":[{"href":"https:\/\/kiosque.acadienouvelle.com\/voeux-an-2025\/wp-json\/wp\/v2\/pages\/8300","targetHints":{"allow":["GET"]}}],"collection":[{"href":"https:\/\/kiosque.acadienouvelle.com\/voeux-an-2025\/wp-json\/wp\/v2\/pages"}],"about":[{"href":"https:\/\/kiosque.acadienouvelle.com\/voeux-an-2025\/wp-json\/wp\/v2\/types\/page"}],"author":[{"embeddable":true,"href":"https:\/\/kiosque.acadienouvelle.com\/voeux-an-2025\/wp-json\/wp\/v2\/users\/7"}],"replies":[{"embeddable":true,"href":"https:\/\/kiosque.acadienouvelle.com\/voeux-an-2025\/wp-json\/wp\/v2\/comments?post=8300"}],"version-history":[{"count":13,"href":"https:\/\/kiosque.acadienouvelle.com\/voeux-an-2025\/wp-json\/wp\/v2\/pages\/8300\/revisions"}],"predecessor-version":[{"id":8318,"href":"https:\/\/kiosque.acadienouvelle.com\/voeux-an-2025\/wp-json\/wp\/v2\/pages\/8300\/revisions\/8318"}],"wp:attachment":[{"href":"https:\/\/kiosque.acadienouvelle.com\/voeux-an-2025\/wp-json\/wp\/v2\/media?parent=8300"}],"wp:term":[{"taxonomy":"page-categories","embeddable":true,"href":"https:\/\/kiosque.acadienouvelle.com\/voeux-an-2025\/wp-json\/wp\/v2\/page-categories?post=8300"}],"curies":[{"name":"wp","href":"https:\/\/api.w.org\/{rel}","templated":true}]}}