{"id":8319,"date":"2025-12-29T17:49:16","date_gmt":"2025-12-29T17:49:16","guid":{"rendered":"https:\/\/kiosque.acadienouvelle.com\/voeux-an-2025\/comment-se-fte-le-nouvel-an-dans-le-monde\/"},"modified":"2025-12-30T15:56:00","modified_gmt":"2025-12-30T15:56:00","slug":"comment-se-fte-le-nouvel-an-dans-le-monde","status":"publish","type":"page","link":"https:\/\/kiosque.acadienouvelle.com\/voeux-an-2025\/comment-se-fte-le-nouvel-an-dans-le-monde\/","title":{"rendered":"Comment se f\u00eate le Nouvel An dans le monde?"},"content":{"rendered":"\t\t<div data-elementor-type=\"wp-page\" data-elementor-id=\"8319\" class=\"elementor elementor-8319\" data-elementor-post-type=\"page\">\n\t\t\t\t\t\t<section class=\"elementor-section elementor-top-section elementor-element elementor-element-50c1b6e elementor-section-height-min-height header_title banner_img elementor-section-boxed elementor-section-height-default elementor-section-items-middle\" data-id=\"50c1b6e\" data-element_type=\"section\" data-e-type=\"section\" data-settings=\"{&quot;background_background&quot;:&quot;classic&quot;}\">\n\t\t\t\t\t\t\t<div class=\"elementor-background-overlay\"><\/div>\n\t\t\t\t\t\t\t<div class=\"elementor-container elementor-column-gap-default\">\n\t\t\t\t\t<div class=\"elementor-column elementor-col-100 elementor-top-column elementor-element elementor-element-3a2d241\" data-id=\"3a2d241\" data-element_type=\"column\" data-e-type=\"column\">\n\t\t\t<div class=\"elementor-widget-wrap elementor-element-populated\">\n\t\t\t\t\t\t<div class=\"elementor-element elementor-element-9673cd2 elementor-widget elementor-widget-heading\" data-id=\"9673cd2\" data-element_type=\"widget\" data-e-type=\"widget\" data-widget_type=\"heading.default\">\n\t\t\t\t<div class=\"elementor-widget-container\">\n\t\t\t\t\t<h2 class=\"elementor-heading-title elementor-size-default\">Comment se f\u00eate le Nouvel An dans le monde?<\/h2>\t\t\t\t<\/div>\n\t\t\t\t<\/div>\n\t\t\t\t\t<\/div>\n\t\t<\/div>\n\t\t\t\t\t<\/div>\n\t\t<\/section>\n\t\t\t\t<section class=\"elementor-section elementor-top-section elementor-element elementor-element-d9a853a elementor-section-boxed elementor-section-height-default elementor-section-height-default\" data-id=\"d9a853a\" data-element_type=\"section\" data-e-type=\"section\">\n\t\t\t\t\t\t<div class=\"elementor-container elementor-column-gap-default\">\n\t\t\t\t\t<div class=\"elementor-column elementor-col-100 elementor-top-column elementor-element elementor-element-68d9c5a page_contain\" data-id=\"68d9c5a\" data-element_type=\"column\" data-e-type=\"column\" data-settings=\"{&quot;background_background&quot;:&quot;classic&quot;}\">\n\t\t\t<div class=\"elementor-widget-wrap elementor-element-populated\">\n\t\t\t\t\t\t<div class=\"elementor-element elementor-element-50f1f9b elementor-widget elementor-widget-image\" data-id=\"50f1f9b\" data-element_type=\"widget\" data-e-type=\"widget\" data-widget_type=\"image.default\">\n\t\t\t\t<div class=\"elementor-widget-container\">\n\t\t\t\t\t\t\t\t\t\t\t\t<figure class=\"wp-caption\">\n\t\t\t\t\t\t\t\t\t\t<img fetchpriority=\"high\" decoding=\"async\" width=\"1366\" height=\"768\" src=\"https:\/\/kiosque.acadienouvelle.com\/voeux-an-2025\/wp-content\/uploads\/sites\/375\/2025\/12\/17-comment_feter_landing.jpg\" class=\"attachment-full size-full wp-image-8321\" alt=\"\" srcset=\"https:\/\/kiosque.acadienouvelle.com\/voeux-an-2025\/wp-content\/uploads\/sites\/375\/2025\/12\/17-comment_feter_landing.jpg 1366w, https:\/\/kiosque.acadienouvelle.com\/voeux-an-2025\/wp-content\/uploads\/sites\/375\/2025\/12\/17-comment_feter_landing-300x169.jpg 300w, https:\/\/kiosque.acadienouvelle.com\/voeux-an-2025\/wp-content\/uploads\/sites\/375\/2025\/12\/17-comment_feter_landing-1024x576.jpg 1024w, https:\/\/kiosque.acadienouvelle.com\/voeux-an-2025\/wp-content\/uploads\/sites\/375\/2025\/12\/17-comment_feter_landing-768x432.jpg 768w\" sizes=\"(max-width: 1366px) 100vw, 1366px\" \/>\t\t\t\t\t\t\t\t\t\t\t<figcaption class=\"widget-image-caption wp-caption-text\"><\/figcaption>\n\t\t\t\t\t\t\t\t\t\t<\/figure>\n\t\t\t\t\t\t\t\t\t<\/div>\n\t\t\t\t<\/div>\n\t\t<link rel=\"stylesheet\" href=\"https:\/\/use.fontawesome.com\/releases\/v5.5.0\/css\/all.css\" integrity=\"sha384-B4dIYHKNBt8Bc12p+WXckhzcICo0wtJAoU8YZTY5qE0Id1GSseTk6S+L3BlXeVIU\" crossorigin=\"anonymous\">\r\n\t\t<div class=\"elementor-element elementor-element-d0a0a3b mobile_pera elementor-widget elementor-widget-text-editor\" data-id=\"d0a0a3b\" data-element_type=\"widget\" data-e-type=\"widget\" data-widget_type=\"text-editor.default\">\n\t\t\t\t<div class=\"elementor-widget-container\">\n\t\t\t\t\t\t\t\t\t<p>L\u2019arriv\u00e9e du Nouvel An est un \u00e9v\u00e9nement universel c\u00e9l\u00e9br\u00e9 dans quasiment tous les pays du globe. Chaque destination a cependant ses traditions bien ancr\u00e9es et sa fa\u00e7on de c\u00e9l\u00e9brer cet instant particulier. Aux coutumes du r\u00e9veillon se superposent des rituels insolites qui transforment souvent cette occasion en r\u00e9jouissances et en moments de plaisir et de d\u00e9couverte.<\/p>\t\t\t\t\t\t\t\t<\/div>\n\t\t\t\t<\/div>\n\t\t\t\t<div class=\"elementor-element elementor-element-a0997f5 elementor-widget elementor-widget-advertisement\" data-id=\"a0997f5\" data-element_type=\"widget\" data-e-type=\"widget\" data-widget_type=\"advertisement.default\">\n\t\t\t\t<div class=\"elementor-widget-container\">\n\t\t\t\t\t<div class=\"ads-align-center\"><div data-m32-ad data-options='{\"sizes\":\"[[300,100]]\",\"dfpId\":\"21658289790,27729547\",\"dfpAdUnitPath\":\"acadienouvelle\/cahiers_onefifthpage_300x100\"}'><\/div><\/div>\t\t\t\t<\/div>\n\t\t\t\t<\/div>\n\t\t\t\t<div class=\"elementor-element elementor-element-0b6ad93 mobile_pera elementor-widget elementor-widget-text-editor\" data-id=\"0b6ad93\" data-element_type=\"widget\" data-e-type=\"widget\" data-widget_type=\"text-editor.default\">\n\t\t\t\t<div class=\"elementor-widget-container\">\n\t\t\t\t\t\t\t\t\t<p><b>Quel est le premier et dernier pays \u00e0 f\u00eater le Nouvel An ?<\/b><\/p>\t\t\t\t\t\t\t\t<\/div>\n\t\t\t\t<\/div>\n\t\t\t\t<div class=\"elementor-element elementor-element-74263c8 mobile_pera elementor-widget elementor-widget-text-editor\" data-id=\"74263c8\" data-element_type=\"widget\" data-e-type=\"widget\" data-widget_type=\"text-editor.default\">\n\t\t\t\t<div class=\"elementor-widget-container\">\n\t\t\t\t\t\t\t\t\t<p>Tous les pays n\u2019entrent pas en m\u00eame temps dans la nouvelle ann\u00e9e, quand il est 12 h en France, il est 19 h \u00e0 Hong Kong et 22 h \u00e0 Sydney. Le monde \u00e9tant d\u00e9coup\u00e9 en 24 fuseaux horaires, chaque heure il est minuit quelque part. Si l\u2019on prend comme ligne de r\u00e9f\u00e9rence le Temps Universel Coordonn\u00e9 (UTC), ce sont les N\u00e9o-Z\u00e9landais qui f\u00eatent le jour de l\u2019An en premier. S\u2019il y a des premiers, il y a toujours des derniers\u2026 Les habitants qui f\u00eateront le Nouvel An en dernier sont ceux d\u2019Hawa\u00ef et de la Polyn\u00e9sie fran\u00e7aise.<\/p>\t\t\t\t\t\t\t\t<\/div>\n\t\t\t\t<\/div>\n\t\t\t\t<div class=\"elementor-element elementor-element-5b27f10 elementor-widget elementor-widget-advertisement\" data-id=\"5b27f10\" data-element_type=\"widget\" data-e-type=\"widget\" data-widget_type=\"advertisement.default\">\n\t\t\t\t<div class=\"elementor-widget-container\">\n\t\t\t\t\t<div class=\"ads-align-center\"><div data-m32-ad data-options='{\"sizes\":\"[[300,100]]\",\"dfpId\":\"21658289790,27729547\",\"dfpAdUnitPath\":\"acadienouvelle\/cahiers_onefifthpage02_300x100\"}'><\/div><\/div>\t\t\t\t<\/div>\n\t\t\t\t<\/div>\n\t\t\t\t<div class=\"elementor-element elementor-element-ed49a6c mobile_pera elementor-widget elementor-widget-text-editor\" data-id=\"ed49a6c\" data-element_type=\"widget\" data-e-type=\"widget\" data-widget_type=\"text-editor.default\">\n\t\t\t\t<div class=\"elementor-widget-container\">\n\t\t\t\t\t\t\t\t\t<p><b>Traditions<\/b><\/p>\t\t\t\t\t\t\t\t<\/div>\n\t\t\t\t<\/div>\n\t\t\t\t<div class=\"elementor-element elementor-element-5beffdf mobile_pera elementor-widget elementor-widget-text-editor\" data-id=\"5beffdf\" data-element_type=\"widget\" data-e-type=\"widget\" data-widget_type=\"text-editor.default\">\n\t\t\t\t<div class=\"elementor-widget-container\">\n\t\t\t\t\t\t\t\t\t<p>De nombreuses cultures c\u00e9l\u00e8brent l\u2019\u00e9v\u00e9nement du 1er janvier partout dans le monde. Souvent consid\u00e9r\u00e9 comme un jour f\u00e9ri\u00e9, pour un grand nombre de pays c\u2019est le d\u00e9but d\u2019une nouvelle ann\u00e9e. Pour d\u2019autres, comme la Chine par exemple, le Nouvel An chinois se f\u00eate entre le 20 janvier et le 18 f\u00e9vrier.<\/p>\t\t\t\t\t\t\t\t<\/div>\n\t\t\t\t<\/div>\n\t\t\t\t<div class=\"elementor-element elementor-element-6a008d5 mobile_pera elementor-widget elementor-widget-text-editor\" data-id=\"6a008d5\" data-element_type=\"widget\" data-e-type=\"widget\" data-widget_type=\"text-editor.default\">\n\t\t\t\t<div class=\"elementor-widget-container\">\n\t\t\t\t\t\t\t\t\t<p><b>Canada<\/b><\/p>\t\t\t\t\t\t\t\t<\/div>\n\t\t\t\t<\/div>\n\t\t\t\t<div class=\"elementor-element elementor-element-e9c82ed mobile_pera elementor-widget elementor-widget-text-editor\" data-id=\"e9c82ed\" data-element_type=\"widget\" data-e-type=\"widget\" data-widget_type=\"text-editor.default\">\n\t\t\t\t<div class=\"elementor-widget-container\">\n\t\t\t\t\t\t\t\t\t<p><img decoding=\"async\" class=\"alignleft size-full wp-image-8326\" src=\"https:\/\/kiosque.acadienouvelle.com\/voeux-an-2025\/wp-content\/uploads\/sites\/375\/2025\/12\/17-photo.jpg\" alt=\"\" width=\"485\" height=\"382\" srcset=\"https:\/\/kiosque.acadienouvelle.com\/voeux-an-2025\/wp-content\/uploads\/sites\/375\/2025\/12\/17-photo.jpg 485w, https:\/\/kiosque.acadienouvelle.com\/voeux-an-2025\/wp-content\/uploads\/sites\/375\/2025\/12\/17-photo-300x236.jpg 300w\" sizes=\"(max-width: 485px) 100vw, 485px\" \/><\/p>\t\t\t\t\t\t\t\t<\/div>\n\t\t\t\t<\/div>\n\t\t\t\t<div class=\"elementor-element elementor-element-9f597b5 mobile_pera elementor-widget elementor-widget-text-editor\" data-id=\"9f597b5\" data-element_type=\"widget\" data-e-type=\"widget\" data-widget_type=\"text-editor.default\">\n\t\t\t\t<div class=\"elementor-widget-container\">\n\t\t\t\t\t\t\t\t\t<p>Au Canada, le Nouvel An se f\u00eate autour d\u2019un repas en famille ou entre amis dans un bar, puis dehors afin de faire la f\u00eate et de profiter des illuminations, des feux d\u2019artifice, des concerts, des spectacles, etc.. En effet, petites et grandes villes du pays rivalisent de festivit\u00e9s, animations musicales, man\u00e8ges, jeux de glissades\u2026 Il y en a pour tout le monde. La soir\u00e9e festive du 31 d\u00e9cembre est un v\u00e9ritable \u00e9v\u00e9nement pour tout le pays. Malgr\u00e9 tout, certains Canadiens pr\u00e9f\u00e8rent partir et ont pour habitude de se souhaiter la nouvelle ann\u00e9e dans un pays o\u00f9 il fait plus chaud (Mexique, R\u00e9publique dominicaine\u2026).<\/p>\t\t\t\t\t\t\t\t<\/div>\n\t\t\t\t<\/div>\n\t\t\t\t<div class=\"elementor-element elementor-element-7d81ec0 mobile_pera elementor-widget elementor-widget-text-editor\" data-id=\"7d81ec0\" data-element_type=\"widget\" data-e-type=\"widget\" data-widget_type=\"text-editor.default\">\n\t\t\t\t<div class=\"elementor-widget-container\">\n\t\t\t\t\t\t\t\t\t<p><b>Sydney<\/b> : Si vous passez la fin d\u2019ann\u00e9e en Australie, sachez que les c\u00e9l\u00e9brations attirent annuellement \u00e0 Sydney plus de 1,2 million de personnes, dont environ 300 000 touristes.<\/p>\t\t\t\t\t\t\t\t<\/div>\n\t\t\t\t<\/div>\n\t\t\t\t<div class=\"elementor-element elementor-element-acd929e mobile_pera elementor-widget elementor-widget-text-editor\" data-id=\"acd929e\" data-element_type=\"widget\" data-e-type=\"widget\" data-widget_type=\"text-editor.default\">\n\t\t\t\t<div class=\"elementor-widget-container\">\n\t\t\t\t\t\t\t\t\t<p><b>Japon<\/b> : Au pays du soleil levant, le Nouvel An (Osh\u014dgatsu) est une f\u00eate importante \u00e0 c\u00e9l\u00e9brer en famille. Le soir du 31 d\u00e9cembre, traditionnellement la famille savoure une d\u00e9licieuse soupe chaude avec des nouilles longues et fines qui symbolisent la long\u00e9vit\u00e9. Avant minuit, elle assiste aux 108 coups de gong qui annoncent l\u2019arriv\u00e9e de la nouvelle ann\u00e9e dans un temple bouddhiste. La tradition est de se coucher ensuite afin de contempler ensemble le premier lever du soleil de la nouvelle ann\u00e9e, appel\u00e9 \u00ab hatsuhinode \u00bb.<\/p>\t\t\t\t\t\t\t\t<\/div>\n\t\t\t\t<\/div>\n\t\t\t\t\t<\/div>\n\t\t<\/div>\n\t\t\t\t\t<\/div>\n\t\t<\/section>\n\t\t\t\t<\/div>\n\t\t","protected":false},"excerpt":{"rendered":"<p>Comment se f\u00eate le Nouvel An dans le monde? L\u2019arriv\u00e9e du Nouvel An est un \u00e9v\u00e9nement universel c\u00e9l\u00e9br\u00e9 dans quasiment tous les pays du globe. Chaque destination a cependant ses traditions bien ancr\u00e9es et sa fa\u00e7on de c\u00e9l\u00e9brer cet instant particulier. Aux coutumes du r\u00e9veillon se superposent des rituels insolites qui transforment souvent cette occasion [&hellip;]<\/p>\n","protected":false},"author":7,"featured_media":0,"parent":0,"menu_order":17,"comment_status":"closed","ping_status":"closed","template":"","meta":{"site-sidebar-layout":"no-sidebar","site-content-layout":"page-builder","ast-site-content-layout":"default","site-content-style":"default","site-sidebar-style":"default","ast-global-header-display":"","ast-banner-title-visibility":"","ast-main-header-display":"","ast-hfb-above-header-display":"","ast-hfb-below-header-display":"","ast-hfb-mobile-header-display":"","site-post-title":"disabled","ast-breadcrumbs-content":"","ast-featured-img":"disabled","footer-sml-layout":"","ast-disable-related-posts":"","theme-transparent-header-meta":"default","adv-header-id-meta":"","stick-header-meta":"","header-above-stick-meta":"","header-main-stick-meta":"","header-below-stick-meta":"","astra-migrate-meta-layouts":"default","ast-page-background-enabled":"default","ast-page-background-meta":{"desktop":{"background-color":"var(--ast-global-color-4)","background-image":"","background-repeat":"repeat","background-position":"center center","background-size":"auto","background-attachment":"scroll","background-type":"","background-media":"","overlay-type":"","overlay-color":"","overlay-opacity":"","overlay-gradient":""},"tablet":{"background-color":"","background-image":"","background-repeat":"repeat","background-position":"center center","background-size":"auto","background-attachment":"scroll","background-type":"","background-media":"","overlay-type":"","overlay-color":"","overlay-opacity":"","overlay-gradient":""},"mobile":{"background-color":"","background-image":"","background-repeat":"repeat","background-position":"center center","background-size":"auto","background-attachment":"scroll","background-type":"","background-media":"","overlay-type":"","overlay-color":"","overlay-opacity":"","overlay-gradient":""}},"ast-content-background-meta":{"desktop":{"background-color":"var(--ast-global-color-5)","background-image":"","background-repeat":"repeat","background-position":"center center","background-size":"auto","background-attachment":"scroll","background-type":"","background-media":"","overlay-type":"","overlay-color":"","overlay-opacity":"","overlay-gradient":""},"tablet":{"background-color":"var(--ast-global-color-5)","background-image":"","background-repeat":"repeat","background-position":"center center","background-size":"auto","background-attachment":"scroll","background-type":"","background-media":"","overlay-type":"","overlay-color":"","overlay-opacity":"","overlay-gradient":""},"mobile":{"background-color":"var(--ast-global-color-5)","background-image":"","background-repeat":"repeat","background-position":"center center","background-size":"auto","background-attachment":"scroll","background-type":"","background-media":"","overlay-type":"","overlay-color":"","overlay-opacity":"","overlay-gradient":""}},"footnotes":""},"page-categories":[],"class_list":["post-8319","page","type-page","status-publish","hentry"],"_links":{"self":[{"href":"https:\/\/kiosque.acadienouvelle.com\/voeux-an-2025\/wp-json\/wp\/v2\/pages\/8319","targetHints":{"allow":["GET"]}}],"collection":[{"href":"https:\/\/kiosque.acadienouvelle.com\/voeux-an-2025\/wp-json\/wp\/v2\/pages"}],"about":[{"href":"https:\/\/kiosque.acadienouvelle.com\/voeux-an-2025\/wp-json\/wp\/v2\/types\/page"}],"author":[{"embeddable":true,"href":"https:\/\/kiosque.acadienouvelle.com\/voeux-an-2025\/wp-json\/wp\/v2\/users\/7"}],"replies":[{"embeddable":true,"href":"https:\/\/kiosque.acadienouvelle.com\/voeux-an-2025\/wp-json\/wp\/v2\/comments?post=8319"}],"version-history":[{"count":19,"href":"https:\/\/kiosque.acadienouvelle.com\/voeux-an-2025\/wp-json\/wp\/v2\/pages\/8319\/revisions"}],"predecessor-version":[{"id":8694,"href":"https:\/\/kiosque.acadienouvelle.com\/voeux-an-2025\/wp-json\/wp\/v2\/pages\/8319\/revisions\/8694"}],"wp:attachment":[{"href":"https:\/\/kiosque.acadienouvelle.com\/voeux-an-2025\/wp-json\/wp\/v2\/media?parent=8319"}],"wp:term":[{"taxonomy":"page-categories","embeddable":true,"href":"https:\/\/kiosque.acadienouvelle.com\/voeux-an-2025\/wp-json\/wp\/v2\/page-categories?post=8319"}],"curies":[{"name":"wp","href":"https:\/\/api.w.org\/{rel}","templated":true}]}}