{"id":8377,"date":"2025-12-29T18:46:09","date_gmt":"2025-12-29T18:46:09","guid":{"rendered":"https:\/\/kiosque.acadienouvelle.com\/voeux-an-2025\/servir-des-hors-doeuvre-cest-incontournable\/"},"modified":"2025-12-29T19:20:51","modified_gmt":"2025-12-29T19:20:51","slug":"servir-des-hors-doeuvre-cest-incontournable","status":"publish","type":"page","link":"https:\/\/kiosque.acadienouvelle.com\/voeux-an-2025\/servir-des-hors-doeuvre-cest-incontournable\/","title":{"rendered":"Servir des hors-d\u2019oeuvre\u2026 c\u2019est incontournable!"},"content":{"rendered":"\t\t<div data-elementor-type=\"wp-page\" data-elementor-id=\"8377\" class=\"elementor elementor-8377\" data-elementor-post-type=\"page\">\n\t\t\t\t\t\t<section class=\"elementor-section elementor-top-section elementor-element elementor-element-35f9822 elementor-section-height-min-height header_title banner_img elementor-section-boxed elementor-section-height-default elementor-section-items-middle\" data-id=\"35f9822\" data-element_type=\"section\" data-e-type=\"section\" data-settings=\"{&quot;background_background&quot;:&quot;classic&quot;}\">\n\t\t\t\t\t\t\t<div class=\"elementor-background-overlay\"><\/div>\n\t\t\t\t\t\t\t<div class=\"elementor-container elementor-column-gap-default\">\n\t\t\t\t\t<div class=\"elementor-column elementor-col-100 elementor-top-column elementor-element elementor-element-3a4911b\" data-id=\"3a4911b\" data-element_type=\"column\" data-e-type=\"column\">\n\t\t\t<div class=\"elementor-widget-wrap elementor-element-populated\">\n\t\t\t\t\t\t<div class=\"elementor-element elementor-element-b1b5877 elementor-widget elementor-widget-heading\" data-id=\"b1b5877\" data-element_type=\"widget\" data-e-type=\"widget\" data-widget_type=\"heading.default\">\n\t\t\t\t<div class=\"elementor-widget-container\">\n\t\t\t\t\t<h2 class=\"elementor-heading-title elementor-size-default\">Servir des hors-d\u2019oeuvre\u2026 c\u2019est incontournable!<\/h2>\t\t\t\t<\/div>\n\t\t\t\t<\/div>\n\t\t\t\t\t<\/div>\n\t\t<\/div>\n\t\t\t\t\t<\/div>\n\t\t<\/section>\n\t\t\t\t<section class=\"elementor-section elementor-top-section elementor-element elementor-element-e60c0c5 page_contain elementor-section-boxed elementor-section-height-default elementor-section-height-default\" data-id=\"e60c0c5\" data-element_type=\"section\" data-e-type=\"section\" id=\"recipe_one\">\n\t\t\t\t\t\t<div class=\"elementor-container elementor-column-gap-default\">\n\t\t\t\t\t<div class=\"elementor-column elementor-col-100 elementor-top-column elementor-element elementor-element-4da45ae page_contain\" data-id=\"4da45ae\" data-element_type=\"column\" data-e-type=\"column\" data-settings=\"{&quot;background_background&quot;:&quot;classic&quot;}\">\n\t\t\t<div class=\"elementor-widget-wrap elementor-element-populated\">\n\t\t\t\t\t\t<div class=\"elementor-element elementor-element-b679503 elementor-widget elementor-widget-image\" data-id=\"b679503\" data-element_type=\"widget\" data-e-type=\"widget\" data-widget_type=\"image.default\">\n\t\t\t\t<div class=\"elementor-widget-container\">\n\t\t\t\t\t\t\t\t\t\t\t\t\t\t\t<img fetchpriority=\"high\" decoding=\"async\" width=\"1366\" height=\"768\" src=\"https:\/\/kiosque.acadienouvelle.com\/voeux-an-2025\/wp-content\/uploads\/sites\/375\/2025\/12\/20-canape_aux_oeufs_landing.jpg\" class=\"attachment-full size-full wp-image-8394\" alt=\"\" srcset=\"https:\/\/kiosque.acadienouvelle.com\/voeux-an-2025\/wp-content\/uploads\/sites\/375\/2025\/12\/20-canape_aux_oeufs_landing.jpg 1366w, https:\/\/kiosque.acadienouvelle.com\/voeux-an-2025\/wp-content\/uploads\/sites\/375\/2025\/12\/20-canape_aux_oeufs_landing-300x169.jpg 300w, https:\/\/kiosque.acadienouvelle.com\/voeux-an-2025\/wp-content\/uploads\/sites\/375\/2025\/12\/20-canape_aux_oeufs_landing-1024x576.jpg 1024w, https:\/\/kiosque.acadienouvelle.com\/voeux-an-2025\/wp-content\/uploads\/sites\/375\/2025\/12\/20-canape_aux_oeufs_landing-768x432.jpg 768w\" sizes=\"(max-width: 1366px) 100vw, 1366px\" \/>\t\t\t\t\t\t\t\t\t\t\t\t\t\t\t<\/div>\n\t\t\t\t<\/div>\n\t\t\t\t<div class=\"elementor-element elementor-element-584fcbf elementor-widget elementor-widget-heading\" data-id=\"584fcbf\" data-element_type=\"widget\" data-e-type=\"widget\" data-widget_type=\"heading.default\">\n\t\t\t\t<div class=\"elementor-widget-container\">\n\t\t\t\t\t<h5 class=\"elementor-heading-title elementor-size-default\">Canap\u00e9s aux \u0153ufs et au bacon\n<\/h5>\t\t\t\t<\/div>\n\t\t\t\t<\/div>\n\t\t\t\t<div class=\"elementor-element elementor-element-86b194c elementor-widget elementor-widget-heading\" data-id=\"86b194c\" data-element_type=\"widget\" data-e-type=\"widget\" data-widget_type=\"heading.default\">\n\t\t\t\t<div class=\"elementor-widget-container\">\n\t\t\t\t\t<h6 class=\"elementor-heading-title elementor-size-default\">Ingr\u00e9dients<\/h6>\t\t\t\t<\/div>\n\t\t\t\t<\/div>\n\t\t<link rel=\"stylesheet\" href=\"https:\/\/use.fontawesome.com\/releases\/v5.5.0\/css\/all.css\" integrity=\"sha384-B4dIYHKNBt8Bc12p+WXckhzcICo0wtJAoU8YZTY5qE0Id1GSseTk6S+L3BlXeVIU\" crossorigin=\"anonymous\">\r\n\t\t<div class=\"elementor-element elementor-element-cdac085 elementor-widget elementor-widget-advertisement\" data-id=\"cdac085\" data-element_type=\"widget\" data-e-type=\"widget\" data-widget_type=\"advertisement.default\">\n\t\t\t\t<div class=\"elementor-widget-container\">\n\t\t\t\t\t<div class=\"ads-align-center\"><div data-m32-ad data-options='{\"sizes\":\"[[300,100]]\",\"dfpId\":\"21658289790,27729547\",\"dfpAdUnitPath\":\"acadienouvelle\/cahiers_onefifthpage_300x100\"}'><\/div><\/div>\t\t\t\t<\/div>\n\t\t\t\t<\/div>\n\t\t\t\t<div class=\"elementor-element elementor-element-c4a7e01 food_point  elementor-widget elementor-widget-text-editor\" data-id=\"c4a7e01\" data-element_type=\"widget\" data-e-type=\"widget\" data-widget_type=\"text-editor.default\">\n\t\t\t\t<div class=\"elementor-widget-container\">\n\t\t\t\t\t\t\t\t\t<ul><li>3 \u0153ufs cuits durs, \u00e9cal\u00e9s<\/li><li>3 r\u00f4ties de pain de bl\u00e9 entier ou de pain blanc<\/li><li>\u00bc tasse (60 ml) de mayonnaise faible en gras<\/li><li>\u00bd c. \u00e0 th\u00e9 (2,5 ml) de moutarde de Dijon<\/li><li>1 c. \u00e0 th\u00e9 (5 ml) de fines herbes hach\u00e9es (aneth, ciboulette ou estragon) et une quantit\u00e9 suppl\u00e9mentaire pour garnir<\/li><li>Un soup\u00e7on de sauce forte<\/li><li>Une pinc\u00e9e de poivre fra\u00eechement moulu<\/li><li>2 tranches de bacon cuit coup\u00e9 en morceaux de la taille d\u2019une bouch\u00e9e<\/li><\/ul>\t\t\t\t\t\t\t\t<\/div>\n\t\t\t\t<\/div>\n\t\t\t\t<div class=\"elementor-element elementor-element-1d5da95 elementor-widget elementor-widget-advertisement\" data-id=\"1d5da95\" data-element_type=\"widget\" data-e-type=\"widget\" data-widget_type=\"advertisement.default\">\n\t\t\t\t<div class=\"elementor-widget-container\">\n\t\t\t\t\t<div class=\"ads-align-center\"><div data-m32-ad data-options='{\"sizes\":\"[[300,100]]\",\"dfpId\":\"21658289790,27729547\",\"dfpAdUnitPath\":\"acadienouvelle\/cahiers_onefifthpage02_300x100\"}'><\/div><\/div>\t\t\t\t<\/div>\n\t\t\t\t<\/div>\n\t\t\t\t<div class=\"elementor-element elementor-element-0226c53 elementor-widget elementor-widget-heading\" data-id=\"0226c53\" data-element_type=\"widget\" data-e-type=\"widget\" data-widget_type=\"heading.default\">\n\t\t\t\t<div class=\"elementor-widget-container\">\n\t\t\t\t\t<h6 class=\"elementor-heading-title elementor-size-default\">Pr\u00e9paration<\/h6>\t\t\t\t<\/div>\n\t\t\t\t<\/div>\n\t\t\t\t<div class=\"elementor-element elementor-element-c790694 food_point  elementor-widget elementor-widget-text-editor\" data-id=\"c790694\" data-element_type=\"widget\" data-e-type=\"widget\" data-widget_type=\"text-editor.default\">\n\t\t\t\t<div class=\"elementor-widget-container\">\n\t\t\t\t\t\t\t\t\t<p>\u00c0 l\u2019aide d\u2019un tranche-\u0153ufs ou d\u2019un couteau bien aiguis\u00e9, trancher les \u0153ufs cuits durs transversalement de fa\u00e7on \u00e0 obtenir des tranches d\u2019un quart de pouce (1 cm). \u00c0 l\u2019aide d\u2019un emporte-pi\u00e8ce de 2 pouces (5 cm) de diam\u00e8tre, couper des ronds dans les r\u00f4ties de fa\u00e7on \u00e0 obtenir 12 ronds.<\/p>\t\t\t\t\t\t\t\t<\/div>\n\t\t\t\t<\/div>\n\t\t\t\t<div class=\"elementor-element elementor-element-31cbf36 food_point  elementor-widget elementor-widget-text-editor\" data-id=\"31cbf36\" data-element_type=\"widget\" data-e-type=\"widget\" data-widget_type=\"text-editor.default\">\n\t\t\t\t<div class=\"elementor-widget-container\">\n\t\t\t\t\t\t\t\t\t<p>Dans un petit bol, m\u00e9langer la mayonnaise, la moutarde, les fines herbes, la sauce piquante et le poivre. Pour assembler les canap\u00e9s : garnir chaque rond de pain d\u2019une tranche d\u2019\u0153uf, d\u2019un quart de cuill\u00e8re \u00e0 th\u00e9 de mayonnaise et d\u2019un morceau de bacon, puis parsemer de fines herbes fra\u00eeches.<\/p>\t\t\t\t\t\t\t\t<\/div>\n\t\t\t\t<\/div>\n\t\t\t\t<div class=\"elementor-element elementor-element-27fd2c0 food_point  elementor-widget elementor-widget-text-editor\" data-id=\"27fd2c0\" data-element_type=\"widget\" data-e-type=\"widget\" data-widget_type=\"text-editor.default\">\n\t\t\t\t<div class=\"elementor-widget-container\">\n\t\t\t\t\t\t\t\t\t<p>Source : https:\/\/lesoeufs.ca<\/p>\t\t\t\t\t\t\t\t<\/div>\n\t\t\t\t<\/div>\n\t\t\t\t\t<\/div>\n\t\t<\/div>\n\t\t\t\t\t<\/div>\n\t\t<\/section>\n\t\t\t\t<section class=\"elementor-section elementor-top-section elementor-element elementor-element-6e4575f page_contain elementor-section-boxed elementor-section-height-default elementor-section-height-default\" data-id=\"6e4575f\" data-element_type=\"section\" data-e-type=\"section\">\n\t\t\t\t\t\t<div class=\"elementor-container elementor-column-gap-default\">\n\t\t\t\t\t<div class=\"elementor-column elementor-col-100 elementor-top-column elementor-element elementor-element-abe85ab page_contain\" data-id=\"abe85ab\" data-element_type=\"column\" data-e-type=\"column\" data-settings=\"{&quot;background_background&quot;:&quot;classic&quot;}\">\n\t\t\t<div class=\"elementor-widget-wrap elementor-element-populated\">\n\t\t\t\t\t\t<div class=\"elementor-element elementor-element-46f65b0 elementor-widget elementor-widget-image\" data-id=\"46f65b0\" data-element_type=\"widget\" data-e-type=\"widget\" data-widget_type=\"image.default\">\n\t\t\t\t<div class=\"elementor-widget-container\">\n\t\t\t\t\t\t\t\t\t\t\t\t\t\t\t<img decoding=\"async\" width=\"1366\" height=\"768\" src=\"https:\/\/kiosque.acadienouvelle.com\/voeux-an-2025\/wp-content\/uploads\/sites\/375\/2025\/12\/20-boulettes_landing.jpg\" class=\"attachment-full size-full wp-image-8386\" alt=\"\" srcset=\"https:\/\/kiosque.acadienouvelle.com\/voeux-an-2025\/wp-content\/uploads\/sites\/375\/2025\/12\/20-boulettes_landing.jpg 1366w, https:\/\/kiosque.acadienouvelle.com\/voeux-an-2025\/wp-content\/uploads\/sites\/375\/2025\/12\/20-boulettes_landing-300x169.jpg 300w, https:\/\/kiosque.acadienouvelle.com\/voeux-an-2025\/wp-content\/uploads\/sites\/375\/2025\/12\/20-boulettes_landing-1024x576.jpg 1024w, https:\/\/kiosque.acadienouvelle.com\/voeux-an-2025\/wp-content\/uploads\/sites\/375\/2025\/12\/20-boulettes_landing-768x432.jpg 768w\" sizes=\"(max-width: 1366px) 100vw, 1366px\" \/>\t\t\t\t\t\t\t\t\t\t\t\t\t\t\t<\/div>\n\t\t\t\t<\/div>\n\t\t\t\t<div class=\"elementor-element elementor-element-c4af2c5 elementor-widget elementor-widget-heading\" data-id=\"c4af2c5\" data-element_type=\"widget\" data-e-type=\"widget\" data-widget_type=\"heading.default\">\n\t\t\t\t<div class=\"elementor-widget-container\">\n\t\t\t\t\t<h5 class=\"elementor-heading-title elementor-size-default\">Boulettes de boeuf, sauce \u00e0 la ciboulette\n<\/h5>\t\t\t\t<\/div>\n\t\t\t\t<\/div>\n\t\t\t\t<div class=\"elementor-element elementor-element-8d77cc1 elementor-widget elementor-widget-heading\" data-id=\"8d77cc1\" data-element_type=\"widget\" data-e-type=\"widget\" data-widget_type=\"heading.default\">\n\t\t\t\t<div class=\"elementor-widget-container\">\n\t\t\t\t\t<h6 class=\"elementor-heading-title elementor-size-default\">Ingr\u00e9dients<\/h6>\t\t\t\t<\/div>\n\t\t\t\t<\/div>\n\t\t\t\t<div class=\"elementor-element elementor-element-44556fa food_point  elementor-widget elementor-widget-text-editor\" data-id=\"44556fa\" data-element_type=\"widget\" data-e-type=\"widget\" data-widget_type=\"text-editor.default\">\n\t\t\t\t<div class=\"elementor-widget-container\">\n\t\t\t\t\t\t\t\t\t<ul><li>680 g (1 1\/2 lb) de boeuf hach\u00e9 mi-maigre<\/li><li>1 oeuf, battu<\/li><li>125 ml (1\/2 tasse) de noix de Grenoble hach\u00e9es, finement<\/li><li>2 gousses d\u2019ail, hach\u00e9es finement<\/li><li>1 oignon, hach\u00e9 finement<\/li><li>15 ml (1 c. \u00e0 soupe) de persil s\u00e9ch\u00e9<\/li><li>3 ml (1\/2 c. \u00e0 th\u00e9) de curcuma<\/li><li>3 ml (1\/2 c. \u00e0 th\u00e9) de cannelle<\/li><li>Au go\u00fbt, sel et poivre<\/li><li>30 ml (2 c. \u00e0 soupe) d\u2019huile v\u00e9g\u00e9tale<\/li><li>250 ml (1 tasse) de cr\u00e8me sure<\/li><li>30 ml (2 c. \u00e0 soupe) de ciboulette fra\u00eeche, hach\u00e9e<\/li><\/ul>\t\t\t\t\t\t\t\t<\/div>\n\t\t\t\t<\/div>\n\t\t\t\t<div class=\"elementor-element elementor-element-e36b2a2 elementor-widget elementor-widget-heading\" data-id=\"e36b2a2\" data-element_type=\"widget\" data-e-type=\"widget\" data-widget_type=\"heading.default\">\n\t\t\t\t<div class=\"elementor-widget-container\">\n\t\t\t\t\t<h6 class=\"elementor-heading-title elementor-size-default\">Pr\u00e9paration<\/h6>\t\t\t\t<\/div>\n\t\t\t\t<\/div>\n\t\t\t\t<div class=\"elementor-element elementor-element-77197c4 food_point  elementor-widget elementor-widget-text-editor\" data-id=\"77197c4\" data-element_type=\"widget\" data-e-type=\"widget\" data-widget_type=\"text-editor.default\">\n\t\t\t\t<div class=\"elementor-widget-container\">\n\t\t\t\t\t\t\t\t\t<p>Dans un bol, m\u00e9langer le boeuf, l\u2019oeuf, les noix, l\u2019ail, l\u2019oignon, le persil, le curcuma et la cannelle. Saler et poivrer au go\u00fbt. Fa\u00e7onner environ 20 boulettes de 2,5 cm (1 po) de diam\u00e8tre. Dans un po\u00ealon, \u00e0 couvert, chauffer l\u2019huile et dorer \u00e0 feu \u00e9lev\u00e9 les boulettes environ 7-10 minutes. \u00c9goutter sur un papier absorbant; r\u00e9server. Dans un bol, m\u00e9langer la cr\u00e8me sure, la ciboulette, le sel et le poivre. Servir les boulettes avec la cr\u00e8me sure accompagner de nouilles aux oeufs et d\u2019asperges.<\/p>\t\t\t\t\t\t\t\t<\/div>\n\t\t\t\t<\/div>\n\t\t\t\t<div class=\"elementor-element elementor-element-0adae33 food_point  elementor-widget elementor-widget-text-editor\" data-id=\"0adae33\" data-element_type=\"widget\" data-e-type=\"widget\" data-widget_type=\"text-editor.default\">\n\t\t\t\t<div class=\"elementor-widget-container\">\n\t\t\t\t\t\t\t\t\t<p>Source : Metro<\/p>\t\t\t\t\t\t\t\t<\/div>\n\t\t\t\t<\/div>\n\t\t\t\t\t<\/div>\n\t\t<\/div>\n\t\t\t\t\t<\/div>\n\t\t<\/section>\n\t\t\t\t<section class=\"elementor-section elementor-top-section elementor-element elementor-element-814ecc9 page_contain elementor-section-boxed elementor-section-height-default elementor-section-height-default\" data-id=\"814ecc9\" data-element_type=\"section\" data-e-type=\"section\">\n\t\t\t\t\t\t<div class=\"elementor-container elementor-column-gap-default\">\n\t\t\t\t\t<div class=\"elementor-column elementor-col-100 elementor-top-column elementor-element elementor-element-1b5709e page_contain\" data-id=\"1b5709e\" data-element_type=\"column\" data-e-type=\"column\" data-settings=\"{&quot;background_background&quot;:&quot;classic&quot;}\">\n\t\t\t<div class=\"elementor-widget-wrap elementor-element-populated\">\n\t\t\t\t\t\t<div class=\"elementor-element elementor-element-4e9901a elementor-widget elementor-widget-image\" data-id=\"4e9901a\" data-element_type=\"widget\" data-e-type=\"widget\" data-widget_type=\"image.default\">\n\t\t\t\t<div class=\"elementor-widget-container\">\n\t\t\t\t\t\t\t\t\t\t\t\t\t\t\t<img decoding=\"async\" width=\"1366\" height=\"768\" src=\"https:\/\/kiosque.acadienouvelle.com\/voeux-an-2025\/wp-content\/uploads\/sites\/375\/2025\/12\/20-Tartines_landing.jpg\" class=\"attachment-full size-full wp-image-8404\" alt=\"\" srcset=\"https:\/\/kiosque.acadienouvelle.com\/voeux-an-2025\/wp-content\/uploads\/sites\/375\/2025\/12\/20-Tartines_landing.jpg 1366w, https:\/\/kiosque.acadienouvelle.com\/voeux-an-2025\/wp-content\/uploads\/sites\/375\/2025\/12\/20-Tartines_landing-300x169.jpg 300w, https:\/\/kiosque.acadienouvelle.com\/voeux-an-2025\/wp-content\/uploads\/sites\/375\/2025\/12\/20-Tartines_landing-1024x576.jpg 1024w, https:\/\/kiosque.acadienouvelle.com\/voeux-an-2025\/wp-content\/uploads\/sites\/375\/2025\/12\/20-Tartines_landing-768x432.jpg 768w\" sizes=\"(max-width: 1366px) 100vw, 1366px\" \/>\t\t\t\t\t\t\t\t\t\t\t\t\t\t\t<\/div>\n\t\t\t\t<\/div>\n\t\t\t\t<div class=\"elementor-element elementor-element-704a924 elementor-widget elementor-widget-heading\" data-id=\"704a924\" data-element_type=\"widget\" data-e-type=\"widget\" data-widget_type=\"heading.default\">\n\t\t\t\t<div class=\"elementor-widget-container\">\n\t\t\t\t\t<h5 class=\"elementor-heading-title elementor-size-default\">Tartines au bacon, aux poireaux et au fromage\n<\/h5>\t\t\t\t<\/div>\n\t\t\t\t<\/div>\n\t\t\t\t<div class=\"elementor-element elementor-element-3c52820 elementor-widget elementor-widget-heading\" data-id=\"3c52820\" data-element_type=\"widget\" data-e-type=\"widget\" data-widget_type=\"heading.default\">\n\t\t\t\t<div class=\"elementor-widget-container\">\n\t\t\t\t\t<h6 class=\"elementor-heading-title elementor-size-default\">Ingr\u00e9dients<\/h6>\t\t\t\t<\/div>\n\t\t\t\t<\/div>\n\t\t\t\t<div class=\"elementor-element elementor-element-895ffad food_point  elementor-widget elementor-widget-text-editor\" data-id=\"895ffad\" data-element_type=\"widget\" data-e-type=\"widget\" data-widget_type=\"text-editor.default\">\n\t\t\t\t<div class=\"elementor-widget-container\">\n\t\t\t\t\t\t\t\t\t<ol><li>250 g de bacon tranch\u00e9 F. M\u00e9nard, coup\u00e9 en d\u00e9s (1 paquet)<\/li><li>500 ml (2 tasses) de blancs de poireaux, \u00e9minc\u00e9s<\/li><li>120 g (1\/4 lb) de fromage \u00e0 la cr\u00e8me, ramolli (environ 125 ml 1\/2 tasse)<\/li><li>100 g (3 1\/2 oz) de fromage cheddar fort, r\u00e2p\u00e9 (environ 1 tasse)<\/li><li>75 ml (1\/3 de tasse) de persil frais, hach\u00e9<\/li><li>Au go\u00fbt, poivre fra\u00eechement moulu<\/li><li>8 tranches de pain campagnard Au Pain Dor\u00e9 Origine<\/li><\/ol>\t\t\t\t\t\t\t\t<\/div>\n\t\t\t\t<\/div>\n\t\t\t\t<div class=\"elementor-element elementor-element-de466ed elementor-widget elementor-widget-heading\" data-id=\"de466ed\" data-element_type=\"widget\" data-e-type=\"widget\" data-widget_type=\"heading.default\">\n\t\t\t\t<div class=\"elementor-widget-container\">\n\t\t\t\t\t<h6 class=\"elementor-heading-title elementor-size-default\">Pr\u00e9paration<\/h6>\t\t\t\t<\/div>\n\t\t\t\t<\/div>\n\t\t\t\t<div class=\"elementor-element elementor-element-ce631a5 food_point  elementor-widget elementor-widget-text-editor\" data-id=\"ce631a5\" data-element_type=\"widget\" data-e-type=\"widget\" data-widget_type=\"text-editor.default\">\n\t\t\t\t<div class=\"elementor-widget-container\">\n\t\t\t\t\t\t\t\t\t<p>Placer la grille au centre du four, puis pr\u00e9chauffer le gril du four (broil). Faire revenir le bacon dans une po\u00eale antiadh\u00e9sive \u00e0 feu moyen-vif de 3 \u00e0 5 minutes. Ajouter les poireaux \u00e9minc\u00e9s et poursuivre la cuisson pendant 1 minute. Retirer du feu et laisser refroidir 5 minutes. Ajouter les fromages, le persil et le poivre. Bien m\u00e9langer. D\u00e9poser les tranches de pain sur une plaque de cuisson chemis\u00e9e d\u2019un papier parchemin. R\u00e9partir uniform\u00e9ment le m\u00e9lange au bacon sur les tranches de pain. Faire griller de 5 \u00e0 7 minutes ou jusqu\u2019\u00e0 ce que le tout soit bien dor\u00e9. Servir en ap\u00e9ro, en accompagnement au brunch, comme d\u00e9jeuner ou avec un bon potage.<\/p>\t\t\t\t\t\t\t\t<\/div>\n\t\t\t\t<\/div>\n\t\t\t\t<div class=\"elementor-element elementor-element-0ac69aa food_point  elementor-widget elementor-widget-text-editor\" data-id=\"0ac69aa\" data-element_type=\"widget\" data-e-type=\"widget\" data-widget_type=\"text-editor.default\">\n\t\t\t\t<div class=\"elementor-widget-container\">\n\t\t\t\t\t\t\t\t\t<p>Source : IGA<\/p>\t\t\t\t\t\t\t\t<\/div>\n\t\t\t\t<\/div>\n\t\t\t\t\t<\/div>\n\t\t<\/div>\n\t\t\t\t\t<\/div>\n\t\t<\/section>\n\t\t\t\t<\/div>\n\t\t","protected":false},"excerpt":{"rendered":"<p>Servir des hors-d\u2019oeuvre\u2026 c\u2019est incontournable! Canap\u00e9s aux \u0153ufs et au bacon Ingr\u00e9dients 3 \u0153ufs cuits durs, \u00e9cal\u00e9s 3 r\u00f4ties de pain de bl\u00e9 entier ou de pain blanc \u00bc tasse (60 ml) de mayonnaise faible en gras \u00bd c. \u00e0 th\u00e9 (2,5 ml) de moutarde de Dijon 1 c. \u00e0 th\u00e9 (5 ml) de fines [&hellip;]<\/p>\n","protected":false},"author":7,"featured_media":0,"parent":0,"menu_order":20,"comment_status":"closed","ping_status":"closed","template":"","meta":{"site-sidebar-layout":"no-sidebar","site-content-layout":"page-builder","ast-site-content-layout":"default","site-content-style":"default","site-sidebar-style":"default","ast-global-header-display":"","ast-banner-title-visibility":"","ast-main-header-display":"","ast-hfb-above-header-display":"","ast-hfb-below-header-display":"","ast-hfb-mobile-header-display":"","site-post-title":"disabled","ast-breadcrumbs-content":"","ast-featured-img":"disabled","footer-sml-layout":"","ast-disable-related-posts":"","theme-transparent-header-meta":"default","adv-header-id-meta":"","stick-header-meta":"","header-above-stick-meta":"","header-main-stick-meta":"","header-below-stick-meta":"","astra-migrate-meta-layouts":"default","ast-page-background-enabled":"default","ast-page-background-meta":{"desktop":{"background-color":"var(--ast-global-color-4)","background-image":"","background-repeat":"repeat","background-position":"center center","background-size":"auto","background-attachment":"scroll","background-type":"","background-media":"","overlay-type":"","overlay-color":"","overlay-opacity":"","overlay-gradient":""},"tablet":{"background-color":"","background-image":"","background-repeat":"repeat","background-position":"center center","background-size":"auto","background-attachment":"scroll","background-type":"","background-media":"","overlay-type":"","overlay-color":"","overlay-opacity":"","overlay-gradient":""},"mobile":{"background-color":"","background-image":"","background-repeat":"repeat","background-position":"center center","background-size":"auto","background-attachment":"scroll","background-type":"","background-media":"","overlay-type":"","overlay-color":"","overlay-opacity":"","overlay-gradient":""}},"ast-content-background-meta":{"desktop":{"background-color":"var(--ast-global-color-5)","background-image":"","background-repeat":"repeat","background-position":"center center","background-size":"auto","background-attachment":"scroll","background-type":"","background-media":"","overlay-type":"","overlay-color":"","overlay-opacity":"","overlay-gradient":""},"tablet":{"background-color":"var(--ast-global-color-5)","background-image":"","background-repeat":"repeat","background-position":"center center","background-size":"auto","background-attachment":"scroll","background-type":"","background-media":"","overlay-type":"","overlay-color":"","overlay-opacity":"","overlay-gradient":""},"mobile":{"background-color":"var(--ast-global-color-5)","background-image":"","background-repeat":"repeat","background-position":"center center","background-size":"auto","background-attachment":"scroll","background-type":"","background-media":"","overlay-type":"","overlay-color":"","overlay-opacity":"","overlay-gradient":""}},"footnotes":""},"page-categories":[],"class_list":["post-8377","page","type-page","status-publish","hentry"],"_links":{"self":[{"href":"https:\/\/kiosque.acadienouvelle.com\/voeux-an-2025\/wp-json\/wp\/v2\/pages\/8377","targetHints":{"allow":["GET"]}}],"collection":[{"href":"https:\/\/kiosque.acadienouvelle.com\/voeux-an-2025\/wp-json\/wp\/v2\/pages"}],"about":[{"href":"https:\/\/kiosque.acadienouvelle.com\/voeux-an-2025\/wp-json\/wp\/v2\/types\/page"}],"author":[{"embeddable":true,"href":"https:\/\/kiosque.acadienouvelle.com\/voeux-an-2025\/wp-json\/wp\/v2\/users\/7"}],"replies":[{"embeddable":true,"href":"https:\/\/kiosque.acadienouvelle.com\/voeux-an-2025\/wp-json\/wp\/v2\/comments?post=8377"}],"version-history":[{"count":34,"href":"https:\/\/kiosque.acadienouvelle.com\/voeux-an-2025\/wp-json\/wp\/v2\/pages\/8377\/revisions"}],"predecessor-version":[{"id":8425,"href":"https:\/\/kiosque.acadienouvelle.com\/voeux-an-2025\/wp-json\/wp\/v2\/pages\/8377\/revisions\/8425"}],"wp:attachment":[{"href":"https:\/\/kiosque.acadienouvelle.com\/voeux-an-2025\/wp-json\/wp\/v2\/media?parent=8377"}],"wp:term":[{"taxonomy":"page-categories","embeddable":true,"href":"https:\/\/kiosque.acadienouvelle.com\/voeux-an-2025\/wp-json\/wp\/v2\/page-categories?post=8377"}],"curies":[{"name":"wp","href":"https:\/\/api.w.org\/{rel}","templated":true}]}}