{"id":8469,"date":"2025-12-29T19:57:05","date_gmt":"2025-12-29T19:57:05","guid":{"rendered":"https:\/\/kiosque.acadienouvelle.com\/voeux-an-2025\/chaudre-dhutres-de-saison\/"},"modified":"2025-12-29T21:33:11","modified_gmt":"2025-12-29T21:33:11","slug":"chaudre-dhutres-de-saison","status":"publish","type":"page","link":"https:\/\/kiosque.acadienouvelle.com\/voeux-an-2025\/chaudre-dhutres-de-saison\/","title":{"rendered":"Chaudr\u00e9e d\u2019hu\u00eetres de saison"},"content":{"rendered":"\t\t<div data-elementor-type=\"wp-page\" data-elementor-id=\"8469\" class=\"elementor elementor-8469\" data-elementor-post-type=\"page\">\n\t\t\t\t\t\t<section class=\"elementor-section elementor-top-section elementor-element elementor-element-35f9822 elementor-section-height-min-height header_title banner_img elementor-section-boxed elementor-section-height-default elementor-section-items-middle\" data-id=\"35f9822\" data-element_type=\"section\" data-e-type=\"section\" data-settings=\"{&quot;background_background&quot;:&quot;classic&quot;}\">\n\t\t\t\t\t\t\t<div class=\"elementor-background-overlay\"><\/div>\n\t\t\t\t\t\t\t<div class=\"elementor-container elementor-column-gap-default\">\n\t\t\t\t\t<div class=\"elementor-column elementor-col-100 elementor-top-column elementor-element elementor-element-3a4911b\" data-id=\"3a4911b\" data-element_type=\"column\" data-e-type=\"column\">\n\t\t\t<div class=\"elementor-widget-wrap elementor-element-populated\">\n\t\t\t\t\t\t<div class=\"elementor-element elementor-element-b1b5877 elementor-widget elementor-widget-heading\" data-id=\"b1b5877\" data-element_type=\"widget\" data-e-type=\"widget\" data-widget_type=\"heading.default\">\n\t\t\t\t<div class=\"elementor-widget-container\">\n\t\t\t\t\t<h2 class=\"elementor-heading-title elementor-size-default\">Chaudr\u00e9e d\u2019hu\u00eetres de saison<\/h2>\t\t\t\t<\/div>\n\t\t\t\t<\/div>\n\t\t\t\t\t<\/div>\n\t\t<\/div>\n\t\t\t\t\t<\/div>\n\t\t<\/section>\n\t\t\t\t<section class=\"elementor-section elementor-top-section elementor-element elementor-element-e60c0c5 page_contain elementor-section-boxed elementor-section-height-default elementor-section-height-default\" data-id=\"e60c0c5\" data-element_type=\"section\" data-e-type=\"section\" id=\"recipe_one\">\n\t\t\t\t\t\t<div class=\"elementor-container elementor-column-gap-default\">\n\t\t\t\t\t<div class=\"elementor-column elementor-col-100 elementor-top-column elementor-element elementor-element-4da45ae page_contain\" data-id=\"4da45ae\" data-element_type=\"column\" data-e-type=\"column\" data-settings=\"{&quot;background_background&quot;:&quot;classic&quot;}\">\n\t\t\t<div class=\"elementor-widget-wrap elementor-element-populated\">\n\t\t\t\t\t\t<div class=\"elementor-element elementor-element-b679503 elementor-widget elementor-widget-image\" data-id=\"b679503\" data-element_type=\"widget\" data-e-type=\"widget\" data-widget_type=\"image.default\">\n\t\t\t\t<div class=\"elementor-widget-container\">\n\t\t\t\t\t\t\t\t\t\t\t\t\t\t\t<img fetchpriority=\"high\" decoding=\"async\" width=\"1366\" height=\"768\" src=\"https:\/\/kiosque.acadienouvelle.com\/voeux-an-2025\/wp-content\/uploads\/sites\/375\/2025\/12\/23-6_huitre_landing.jpg\" class=\"attachment-full size-full wp-image-8470\" alt=\"\" srcset=\"https:\/\/kiosque.acadienouvelle.com\/voeux-an-2025\/wp-content\/uploads\/sites\/375\/2025\/12\/23-6_huitre_landing.jpg 1366w, https:\/\/kiosque.acadienouvelle.com\/voeux-an-2025\/wp-content\/uploads\/sites\/375\/2025\/12\/23-6_huitre_landing-300x169.jpg 300w, https:\/\/kiosque.acadienouvelle.com\/voeux-an-2025\/wp-content\/uploads\/sites\/375\/2025\/12\/23-6_huitre_landing-1024x576.jpg 1024w, https:\/\/kiosque.acadienouvelle.com\/voeux-an-2025\/wp-content\/uploads\/sites\/375\/2025\/12\/23-6_huitre_landing-768x432.jpg 768w\" sizes=\"(max-width: 1366px) 100vw, 1366px\" \/>\t\t\t\t\t\t\t\t\t\t\t\t\t\t\t<\/div>\n\t\t\t\t<\/div>\n\t\t\t\t<div class=\"elementor-element elementor-element-584fcbf elementor-widget elementor-widget-heading\" data-id=\"584fcbf\" data-element_type=\"widget\" data-e-type=\"widget\" data-widget_type=\"heading.default\">\n\t\t\t\t<div class=\"elementor-widget-container\">\n\t\t\t\t\t<h5 class=\"elementor-heading-title elementor-size-default\">6 hu\u00eetres de Malp\u00c8que extraites de leur coquille. R\u00e9servez leur eau.\n<\/h5>\t\t\t\t<\/div>\n\t\t\t\t<\/div>\n\t\t<link rel=\"stylesheet\" href=\"https:\/\/use.fontawesome.com\/releases\/v5.5.0\/css\/all.css\" integrity=\"sha384-B4dIYHKNBt8Bc12p+WXckhzcICo0wtJAoU8YZTY5qE0Id1GSseTk6S+L3BlXeVIU\" crossorigin=\"anonymous\">\r\n\t\t<div class=\"elementor-element elementor-element-c4a7e01 food_point  elementor-widget elementor-widget-text-editor\" data-id=\"c4a7e01\" data-element_type=\"widget\" data-e-type=\"widget\" data-widget_type=\"text-editor.default\">\n\t\t\t\t<div class=\"elementor-widget-container\">\n\t\t\t\t\t\t\t\t\t<ul><li>1 pomme de terre (Russet) coup\u00e9es en petits cubes<\/li><li>1 tige de c\u00e9leri, coup\u00e9e en petits d\u00e9s<\/li><li>1 petit oignon, coup\u00e9 en petits d\u00e9s<\/li><li>25 ml (2 cuiller\u00e9es \u00e0 soupe) de beurre<\/li><li>6 graines de fenouil<\/li><li>250 ml (1 tasse) de bouillon de poulet<\/li><li>90 ml (3 onces) de cr\u00e8me (35 %) sel et poivre \u00e0 volont\u00e9<\/li><\/ul>\t\t\t\t\t\t\t\t<\/div>\n\t\t\t\t<\/div>\n\t\t\t\t<div class=\"elementor-element elementor-element-8d629ad elementor-widget elementor-widget-advertisement\" data-id=\"8d629ad\" data-element_type=\"widget\" data-e-type=\"widget\" data-widget_type=\"advertisement.default\">\n\t\t\t\t<div class=\"elementor-widget-container\">\n\t\t\t\t\t<div class=\"ads-align-center\"><div data-m32-ad data-options='{\"sizes\":\"[[300,100]]\",\"dfpId\":\"21658289790,27729547\",\"dfpAdUnitPath\":\"acadienouvelle\/cahiers_onefifthpage_300x100\"}'><\/div><\/div>\t\t\t\t<\/div>\n\t\t\t\t<\/div>\n\t\t\t\t<div class=\"elementor-element elementor-element-c790694 food_point  elementor-widget elementor-widget-text-editor\" data-id=\"c790694\" data-element_type=\"widget\" data-e-type=\"widget\" data-widget_type=\"text-editor.default\">\n\t\t\t\t<div class=\"elementor-widget-container\">\n\t\t\t\t\t\t\t\t\t<p>Dans un po\u00ealon de taille moyenne, faites suer le c\u00e9leri, les oignons et les graines de fenouil jusqu\u2019\u00e0 ce que les oignons soient translucides. Ajoutez le bouillon de poulet (on peut utiliser aussi du bouillon de poisson) et les pommes de terre. Laissez cuire jusqu\u2019\u00e0 ce que les pommes de terre soient tendres. Ajoutez la cr\u00e8me et laissez cuire lentement pendant 2 \u00e0 3 minutes. Incorporez soigneusement les hu\u00eetres retir\u00e9es de leur coquille, ainsi que leur eau que vous aurez r\u00e9serv\u00e9e. Assaisonnez et servez. Pour 1 personne.<\/p>\t\t\t\t\t\t\t\t<\/div>\n\t\t\t\t<\/div>\n\t\t\t\t<div class=\"elementor-element elementor-element-405a276 elementor-widget elementor-widget-advertisement\" data-id=\"405a276\" data-element_type=\"widget\" data-e-type=\"widget\" data-widget_type=\"advertisement.default\">\n\t\t\t\t<div class=\"elementor-widget-container\">\n\t\t\t\t\t<div class=\"ads-align-center\"><div data-m32-ad data-options='{\"sizes\":\"[[300,100]]\",\"dfpId\":\"21658289790,27729547\",\"dfpAdUnitPath\":\"acadienouvelle\/cahiers_onefifthpage02_300x100\"}'><\/div><\/div>\t\t\t\t<\/div>\n\t\t\t\t<\/div>\n\t\t\t\t\t<\/div>\n\t\t<\/div>\n\t\t\t\t\t<\/div>\n\t\t<\/section>\n\t\t\t\t<section class=\"elementor-section elementor-top-section elementor-element elementor-element-d50d28e page_contain elementor-section-boxed elementor-section-height-default elementor-section-height-default\" data-id=\"d50d28e\" data-element_type=\"section\" data-e-type=\"section\">\n\t\t\t\t\t\t<div class=\"elementor-container elementor-column-gap-default\">\n\t\t\t\t\t<div class=\"elementor-column elementor-col-100 elementor-top-column elementor-element elementor-element-e55d91e page_contain\" data-id=\"e55d91e\" data-element_type=\"column\" data-e-type=\"column\" data-settings=\"{&quot;background_background&quot;:&quot;classic&quot;}\">\n\t\t\t<div class=\"elementor-widget-wrap elementor-element-populated\">\n\t\t\t\t\t\t<div class=\"elementor-element elementor-element-d3f5cbc elementor-widget elementor-widget-image\" data-id=\"d3f5cbc\" data-element_type=\"widget\" data-e-type=\"widget\" data-widget_type=\"image.default\">\n\t\t\t\t<div class=\"elementor-widget-container\">\n\t\t\t\t\t\t\t\t\t\t\t\t\t\t\t<img decoding=\"async\" width=\"1366\" height=\"768\" src=\"https:\/\/kiosque.acadienouvelle.com\/voeux-an-2025\/wp-content\/uploads\/sites\/375\/2025\/12\/23-chaudree_du_pecheur_landing.jpg\" class=\"attachment-full size-full wp-image-8477\" alt=\"\" srcset=\"https:\/\/kiosque.acadienouvelle.com\/voeux-an-2025\/wp-content\/uploads\/sites\/375\/2025\/12\/23-chaudree_du_pecheur_landing.jpg 1366w, https:\/\/kiosque.acadienouvelle.com\/voeux-an-2025\/wp-content\/uploads\/sites\/375\/2025\/12\/23-chaudree_du_pecheur_landing-300x169.jpg 300w, https:\/\/kiosque.acadienouvelle.com\/voeux-an-2025\/wp-content\/uploads\/sites\/375\/2025\/12\/23-chaudree_du_pecheur_landing-1024x576.jpg 1024w, https:\/\/kiosque.acadienouvelle.com\/voeux-an-2025\/wp-content\/uploads\/sites\/375\/2025\/12\/23-chaudree_du_pecheur_landing-768x432.jpg 768w\" sizes=\"(max-width: 1366px) 100vw, 1366px\" \/>\t\t\t\t\t\t\t\t\t\t\t\t\t\t\t<\/div>\n\t\t\t\t<\/div>\n\t\t\t\t<div class=\"elementor-element elementor-element-19e7725 elementor-widget elementor-widget-heading\" data-id=\"19e7725\" data-element_type=\"widget\" data-e-type=\"widget\" data-widget_type=\"heading.default\">\n\t\t\t\t<div class=\"elementor-widget-container\">\n\t\t\t\t\t<h5 class=\"elementor-heading-title elementor-size-default\">Chaudr\u00e9e du p\u00eacheur\n<\/h5>\t\t\t\t<\/div>\n\t\t\t\t<\/div>\n\t\t\t\t<div class=\"elementor-element elementor-element-a6a087f food_point  elementor-widget elementor-widget-text-editor\" data-id=\"a6a087f\" data-element_type=\"widget\" data-e-type=\"widget\" data-widget_type=\"text-editor.default\">\n\t\t\t\t<div class=\"elementor-widget-container\">\n\t\t\t\t\t\t\t\t\t<p>Crevettes, p\u00e9toncles, palourdes et pommes de terre sont \u00e0 l\u2019honneur dans ce bouillon cr\u00e9meux absolument divin.<\/p>\t\t\t\t\t\t\t\t<\/div>\n\t\t\t\t<\/div>\n\t\t\t\t<div class=\"elementor-element elementor-element-c02e448 elementor-widget elementor-widget-heading\" data-id=\"c02e448\" data-element_type=\"widget\" data-e-type=\"widget\" data-widget_type=\"heading.default\">\n\t\t\t\t<div class=\"elementor-widget-container\">\n\t\t\t\t\t<h6 class=\"elementor-heading-title elementor-size-default\">Ingr\u00e9dients<\/h6>\t\t\t\t<\/div>\n\t\t\t\t<\/div>\n\t\t\t\t<div class=\"elementor-element elementor-element-f60b37e food_point  elementor-widget elementor-widget-text-editor\" data-id=\"f60b37e\" data-element_type=\"widget\" data-e-type=\"widget\" data-widget_type=\"text-editor.default\">\n\t\t\t\t<div class=\"elementor-widget-container\">\n\t\t\t\t\t\t\t\t\t<ul><li>6 pommes de terre \u00e0 chair jaune, coup\u00e9es en d\u00e9s<\/li><li>1\/4 de tasse (60\u202fml) de beurre canadien non sal\u00e9<\/li><li>1 gros oignon jaune, hach\u00e9 finement<\/li><li>1 c. \u00e0 th\u00e9 (5\u202fml) d\u2019ail \u00e9minc\u00e9<\/li><li>1\/3 de tasse (80\u202fml) de farine tout usage<\/li><li>2 tasses (500\u202fml) de cr\u00e8me \u00e0 fouetter (35\u202f%) canadienne<\/li><li>2 tasses (500\u202fml) d\u2019eau ou de bouillon de fruits de mer<\/li><li>2 conserves (142\u202fg chacune) de petites palourdes enti\u00e8res avec leur jus<\/li><li>1 lb (500\u202fg) de p\u00e9toncles crus (20 \u00e0 30\u202funit\u00e9s par livre)<\/li><li>1 lb (500\u202fg) de crevettes crues, d\u00e9cortiqu\u00e9es et d\u00e9vein\u00e9es (31 \u00e0 35\u202funit\u00e9s par livre)<\/li><li>1 c. \u00e0 th\u00e9 (5\u202fml) de sel<\/li><li>1\/2 c. \u00e0 th\u00e9 (2\u202fml) de poivre noir<\/li><li>2 c. \u00e0 soupe (30\u202fml) de ciboulette, finement hach\u00e9e<\/li><\/ul>\t\t\t\t\t\t\t\t<\/div>\n\t\t\t\t<\/div>\n\t\t\t\t<div class=\"elementor-element elementor-element-b61ffda elementor-widget elementor-widget-heading\" data-id=\"b61ffda\" data-element_type=\"widget\" data-e-type=\"widget\" data-widget_type=\"heading.default\">\n\t\t\t\t<div class=\"elementor-widget-container\">\n\t\t\t\t\t<h6 class=\"elementor-heading-title elementor-size-default\">Pr\u00e9paration<\/h6>\t\t\t\t<\/div>\n\t\t\t\t<\/div>\n\t\t\t\t<div class=\"elementor-element elementor-element-3bfcea5 food_point  elementor-widget elementor-widget-text-editor\" data-id=\"3bfcea5\" data-element_type=\"widget\" data-e-type=\"widget\" data-widget_type=\"text-editor.default\">\n\t\t\t\t<div class=\"elementor-widget-container\">\n\t\t\t\t\t\t\t\t\t<ul><li>Dans une grande casserole d\u2019eau bouillante sal\u00e9e, cuire les pommes de terre, en remuant occasionnellement, pendant 5 \u00e0 7\u202fminutes ou jusqu\u2019\u00e0 ce qu\u2019elles soient tendres \u00e0 la fourchette. \u00c9goutter.<\/li><li>Dans une grande casserole ou une cocotte \u00e0 feu moyen, faire fondre le beurre. Ajouter l\u2019oignon et l\u2019ail, puis cuire, en remuant occasionnellement, pendant 2 \u00e0 3\u202fminutes, ou jusqu\u2019\u00e0 ce que l\u2019oignon soit tendre. Saupoudrer la farine et cuire en remuant fr\u00e9quemment pendant 1 \u00e0 2\u202fminutes.<\/li><li>Incorporer lentement la cr\u00e8me et 2\u202ftasses (500\u202fml) d\u2019eau, puis les palourdes avec leur jus. Porter \u00e0 \u00e9bullition. R\u00e9duire le feu et laisser mijoter en remuant occasionnellement pendant 5 \u00e0 8\u202fminutes, ou jusqu\u2019\u00e0 ce que le m\u00e9lange \u00e9paississe l\u00e9g\u00e8rement.<\/li><li>Incorporer les pommes de terre, les p\u00e9toncles, les crevettes, le sel et le poivre. Ramener \u00e0 \u00e9bullition, puis r\u00e9duire le feu et laisser mijoter en remuant occasionnellement pendant 5 \u00e0 7\u202fminutes, ou jusqu\u2019\u00e0 ce que les fruits de mer soient bien cuits.<\/li><li>R\u00e9partir dans des bols et garnir de ciboulette.<\/li><\/ul>\t\t\t\t\t\t\t\t<\/div>\n\t\t\t\t<\/div>\n\t\t\t\t\t<\/div>\n\t\t<\/div>\n\t\t\t\t\t<\/div>\n\t\t<\/section>\n\t\t\t\t<section class=\"elementor-section elementor-top-section elementor-element elementor-element-4c07744 page_contain elementor-section-boxed elementor-section-height-default elementor-section-height-default\" data-id=\"4c07744\" data-element_type=\"section\" data-e-type=\"section\">\n\t\t\t\t\t\t<div class=\"elementor-container elementor-column-gap-default\">\n\t\t\t\t\t<div class=\"elementor-column elementor-col-100 elementor-top-column elementor-element elementor-element-fdd7435 page_contain\" data-id=\"fdd7435\" data-element_type=\"column\" data-e-type=\"column\" data-settings=\"{&quot;background_background&quot;:&quot;classic&quot;}\">\n\t\t\t<div class=\"elementor-widget-wrap elementor-element-populated\">\n\t\t\t\t\t\t<div class=\"elementor-element elementor-element-5d04dbd elementor-widget elementor-widget-image\" data-id=\"5d04dbd\" data-element_type=\"widget\" data-e-type=\"widget\" data-widget_type=\"image.default\">\n\t\t\t\t<div class=\"elementor-widget-container\">\n\t\t\t\t\t\t\t\t\t\t\t\t\t\t\t<img decoding=\"async\" width=\"1366\" height=\"768\" src=\"https:\/\/kiosque.acadienouvelle.com\/voeux-an-2025\/wp-content\/uploads\/sites\/375\/2025\/12\/23-trempette_landing.jpg\" class=\"attachment-full size-full wp-image-8489\" alt=\"\" srcset=\"https:\/\/kiosque.acadienouvelle.com\/voeux-an-2025\/wp-content\/uploads\/sites\/375\/2025\/12\/23-trempette_landing.jpg 1366w, https:\/\/kiosque.acadienouvelle.com\/voeux-an-2025\/wp-content\/uploads\/sites\/375\/2025\/12\/23-trempette_landing-300x169.jpg 300w, https:\/\/kiosque.acadienouvelle.com\/voeux-an-2025\/wp-content\/uploads\/sites\/375\/2025\/12\/23-trempette_landing-1024x576.jpg 1024w, https:\/\/kiosque.acadienouvelle.com\/voeux-an-2025\/wp-content\/uploads\/sites\/375\/2025\/12\/23-trempette_landing-768x432.jpg 768w\" sizes=\"(max-width: 1366px) 100vw, 1366px\" \/>\t\t\t\t\t\t\t\t\t\t\t\t\t\t\t<\/div>\n\t\t\t\t<\/div>\n\t\t\t\t<div class=\"elementor-element elementor-element-95f7e06 elementor-widget elementor-widget-heading\" data-id=\"95f7e06\" data-element_type=\"widget\" data-e-type=\"widget\" data-widget_type=\"heading.default\">\n\t\t\t\t<div class=\"elementor-widget-container\">\n\t\t\t\t\t<h5 class=\"elementor-heading-title elementor-size-default\">Trempette du Capitaine\n<\/h5>\t\t\t\t<\/div>\n\t\t\t\t<\/div>\n\t\t\t\t<div class=\"elementor-element elementor-element-10bff82 food_point  elementor-widget elementor-widget-text-editor\" data-id=\"10bff82\" data-element_type=\"widget\" data-e-type=\"widget\" data-widget_type=\"text-editor.default\">\n\t\t\t\t<div class=\"elementor-widget-container\">\n\t\t\t\t\t\t\t\t\t<ul><li>Cette trempette piquante peut \u00eatre servie avec des craquelins, des l\u00e9gumes frais ou des croustilles.<\/li><li>\u00be tasse (175 ml) de chair de homard, coup\u00e9e en petits d\u00e9s<\/li><li>1 paquet de 4 oz (125 g) de fromage \u00e0 la cr\u00e8me<\/li><li>2 c. \u00e0 table (25 ml) de jus de citron<\/li><li>\u00bc de tasse (50 ml) de mayonnaise<\/li><li>\u00bc de c. \u00e0 th\u00e9 (1 ml) de sel d\u2019ail<\/li><li>2 c. \u00e0 table (25 ml) d\u2019oignon, coup\u00e9 en d\u00e9s<\/li><li>1 c. \u00e0 th\u00e9 (5 ml) de ciboulette s\u00e9ch\u00e9e<\/li><li>M\u00e9langer le fromage \u00e0 la cr\u00e8me et le jus de citron jusqu\u2019\u00e0 obtention d\u2019une consistance cr\u00e9meuse. Ajouter la mayonnaise, le sel d\u2019ail, l\u2019oignon, la ciboulette et le homard. Bien m\u00e9langer.<\/li><\/ul>\t\t\t\t\t\t\t\t<\/div>\n\t\t\t\t<\/div>\n\t\t\t\t<div class=\"elementor-element elementor-element-6381d56 food_point  elementor-widget elementor-widget-text-editor\" data-id=\"6381d56\" data-element_type=\"widget\" data-e-type=\"widget\" data-widget_type=\"text-editor.default\">\n\t\t\t\t<div class=\"elementor-widget-container\">\n\t\t\t\t\t\t\t\t\t<p>Refroidir pendant au moins 6 heures, puis servir avec des craquelins ou des l\u00e9gumes frais. Donne 2 tasses.<\/p>\t\t\t\t\t\t\t\t<\/div>\n\t\t\t\t<\/div>\n\t\t\t\t\t<\/div>\n\t\t<\/div>\n\t\t\t\t\t<\/div>\n\t\t<\/section>\n\t\t\t\t<\/div>\n\t\t","protected":false},"excerpt":{"rendered":"<p>Chaudr\u00e9e d\u2019hu\u00eetres de saison 6 hu\u00eetres de Malp\u00c8que extraites de leur coquille. R\u00e9servez leur eau. 1 pomme de terre (Russet) coup\u00e9es en petits cubes 1 tige de c\u00e9leri, coup\u00e9e en petits d\u00e9s 1 petit oignon, coup\u00e9 en petits d\u00e9s 25 ml (2 cuiller\u00e9es \u00e0 soupe) de beurre 6 graines de fenouil 250 ml (1 tasse) [&hellip;]<\/p>\n","protected":false},"author":7,"featured_media":0,"parent":0,"menu_order":23,"comment_status":"closed","ping_status":"closed","template":"","meta":{"site-sidebar-layout":"no-sidebar","site-content-layout":"page-builder","ast-site-content-layout":"default","site-content-style":"default","site-sidebar-style":"default","ast-global-header-display":"","ast-banner-title-visibility":"","ast-main-header-display":"","ast-hfb-above-header-display":"","ast-hfb-below-header-display":"","ast-hfb-mobile-header-display":"","site-post-title":"disabled","ast-breadcrumbs-content":"","ast-featured-img":"disabled","footer-sml-layout":"","ast-disable-related-posts":"","theme-transparent-header-meta":"default","adv-header-id-meta":"","stick-header-meta":"","header-above-stick-meta":"","header-main-stick-meta":"","header-below-stick-meta":"","astra-migrate-meta-layouts":"default","ast-page-background-enabled":"default","ast-page-background-meta":{"desktop":{"background-color":"var(--ast-global-color-4)","background-image":"","background-repeat":"repeat","background-position":"center center","background-size":"auto","background-attachment":"scroll","background-type":"","background-media":"","overlay-type":"","overlay-color":"","overlay-opacity":"","overlay-gradient":""},"tablet":{"background-color":"","background-image":"","background-repeat":"repeat","background-position":"center center","background-size":"auto","background-attachment":"scroll","background-type":"","background-media":"","overlay-type":"","overlay-color":"","overlay-opacity":"","overlay-gradient":""},"mobile":{"background-color":"","background-image":"","background-repeat":"repeat","background-position":"center center","background-size":"auto","background-attachment":"scroll","background-type":"","background-media":"","overlay-type":"","overlay-color":"","overlay-opacity":"","overlay-gradient":""}},"ast-content-background-meta":{"desktop":{"background-color":"var(--ast-global-color-5)","background-image":"","background-repeat":"repeat","background-position":"center center","background-size":"auto","background-attachment":"scroll","background-type":"","background-media":"","overlay-type":"","overlay-color":"","overlay-opacity":"","overlay-gradient":""},"tablet":{"background-color":"var(--ast-global-color-5)","background-image":"","background-repeat":"repeat","background-position":"center center","background-size":"auto","background-attachment":"scroll","background-type":"","background-media":"","overlay-type":"","overlay-color":"","overlay-opacity":"","overlay-gradient":""},"mobile":{"background-color":"var(--ast-global-color-5)","background-image":"","background-repeat":"repeat","background-position":"center center","background-size":"auto","background-attachment":"scroll","background-type":"","background-media":"","overlay-type":"","overlay-color":"","overlay-opacity":"","overlay-gradient":""}},"footnotes":""},"page-categories":[],"class_list":["post-8469","page","type-page","status-publish","hentry"],"_links":{"self":[{"href":"https:\/\/kiosque.acadienouvelle.com\/voeux-an-2025\/wp-json\/wp\/v2\/pages\/8469","targetHints":{"allow":["GET"]}}],"collection":[{"href":"https:\/\/kiosque.acadienouvelle.com\/voeux-an-2025\/wp-json\/wp\/v2\/pages"}],"about":[{"href":"https:\/\/kiosque.acadienouvelle.com\/voeux-an-2025\/wp-json\/wp\/v2\/types\/page"}],"author":[{"embeddable":true,"href":"https:\/\/kiosque.acadienouvelle.com\/voeux-an-2025\/wp-json\/wp\/v2\/users\/7"}],"replies":[{"embeddable":true,"href":"https:\/\/kiosque.acadienouvelle.com\/voeux-an-2025\/wp-json\/wp\/v2\/comments?post=8469"}],"version-history":[{"count":27,"href":"https:\/\/kiosque.acadienouvelle.com\/voeux-an-2025\/wp-json\/wp\/v2\/pages\/8469\/revisions"}],"predecessor-version":[{"id":8505,"href":"https:\/\/kiosque.acadienouvelle.com\/voeux-an-2025\/wp-json\/wp\/v2\/pages\/8469\/revisions\/8505"}],"wp:attachment":[{"href":"https:\/\/kiosque.acadienouvelle.com\/voeux-an-2025\/wp-json\/wp\/v2\/media?parent=8469"}],"wp:term":[{"taxonomy":"page-categories","embeddable":true,"href":"https:\/\/kiosque.acadienouvelle.com\/voeux-an-2025\/wp-json\/wp\/v2\/page-categories?post=8469"}],"curies":[{"name":"wp","href":"https:\/\/api.w.org\/{rel}","templated":true}]}}