{"id":7917,"date":"2025-12-17T20:30:36","date_gmt":"2025-12-17T20:30:36","guid":{"rendered":"https:\/\/kiosque.acadienouvelle.com\/voeux-noel-2025\/?page_id=7917"},"modified":"2025-12-19T20:36:37","modified_gmt":"2025-12-19T20:36:37","slug":"jeux-amusants","status":"publish","type":"page","link":"https:\/\/kiosque.acadienouvelle.com\/voeux-noel-2025\/jeux-amusants\/","title":{"rendered":"Exemples de jeux amusants pour votre r\u00e9veillon!"},"content":{"rendered":"\t\t<div data-elementor-type=\"wp-page\" data-elementor-id=\"7917\" class=\"elementor elementor-7917\" data-elementor-post-type=\"page\">\n\t\t\t\t\t\t<section class=\"elementor-section elementor-top-section elementor-element elementor-element-50c1b6e elementor-section-height-min-height header_title banner_img elementor-section-boxed elementor-section-height-default elementor-section-items-middle\" data-id=\"50c1b6e\" data-element_type=\"section\" data-e-type=\"section\" data-settings=\"{&quot;background_background&quot;:&quot;classic&quot;}\">\n\t\t\t\t\t\t\t<div class=\"elementor-background-overlay\"><\/div>\n\t\t\t\t\t\t\t<div class=\"elementor-container elementor-column-gap-default\">\n\t\t\t\t\t<div class=\"elementor-column elementor-col-100 elementor-top-column elementor-element elementor-element-3a2d241\" data-id=\"3a2d241\" data-element_type=\"column\" data-e-type=\"column\">\n\t\t\t<div class=\"elementor-widget-wrap elementor-element-populated\">\n\t\t\t\t\t\t<div class=\"elementor-element elementor-element-9673cd2 elementor-widget elementor-widget-heading\" data-id=\"9673cd2\" data-element_type=\"widget\" data-e-type=\"widget\" data-widget_type=\"heading.default\">\n\t\t\t\t<div class=\"elementor-widget-container\">\n\t\t\t\t\t<h2 class=\"elementor-heading-title elementor-size-default\">Exemples de jeux amusants pour votre r\u00e9veillon!<\/h2>\t\t\t\t<\/div>\n\t\t\t\t<\/div>\n\t\t\t\t\t<\/div>\n\t\t<\/div>\n\t\t\t\t\t<\/div>\n\t\t<\/section>\n\t\t\t\t<section class=\"elementor-section elementor-top-section elementor-element elementor-element-d9a853a elementor-section-boxed elementor-section-height-default elementor-section-height-default\" data-id=\"d9a853a\" data-element_type=\"section\" data-e-type=\"section\">\n\t\t\t\t\t\t<div class=\"elementor-container elementor-column-gap-default\">\n\t\t\t\t\t<div class=\"elementor-column elementor-col-100 elementor-top-column elementor-element elementor-element-68d9c5a page_contain\" data-id=\"68d9c5a\" data-element_type=\"column\" data-e-type=\"column\" data-settings=\"{&quot;background_background&quot;:&quot;classic&quot;}\">\n\t\t\t<div class=\"elementor-widget-wrap elementor-element-populated\">\n\t\t\t\t\t\t<div class=\"elementor-element elementor-element-50f1f9b elementor-widget elementor-widget-image\" data-id=\"50f1f9b\" data-element_type=\"widget\" data-e-type=\"widget\" data-widget_type=\"image.default\">\n\t\t\t\t<div class=\"elementor-widget-container\">\n\t\t\t\t\t\t\t\t\t\t\t\t\t\t\t<img fetchpriority=\"high\" decoding=\"async\" width=\"1366\" height=\"768\" src=\"https:\/\/kiosque.acadienouvelle.com\/voeux-noel-2025\/wp-content\/uploads\/sites\/373\/2025\/12\/02_jeu-de-noel-adulte_land.jpg\" class=\"attachment-full size-full wp-image-7725\" alt=\"\" srcset=\"https:\/\/kiosque.acadienouvelle.com\/voeux-noel-2025\/wp-content\/uploads\/sites\/373\/2025\/12\/02_jeu-de-noel-adulte_land.jpg 1366w, https:\/\/kiosque.acadienouvelle.com\/voeux-noel-2025\/wp-content\/uploads\/sites\/373\/2025\/12\/02_jeu-de-noel-adulte_land-300x169.jpg 300w, https:\/\/kiosque.acadienouvelle.com\/voeux-noel-2025\/wp-content\/uploads\/sites\/373\/2025\/12\/02_jeu-de-noel-adulte_land-1024x576.jpg 1024w, https:\/\/kiosque.acadienouvelle.com\/voeux-noel-2025\/wp-content\/uploads\/sites\/373\/2025\/12\/02_jeu-de-noel-adulte_land-768x432.jpg 768w\" sizes=\"(max-width: 1366px) 100vw, 1366px\" \/>\t\t\t\t\t\t\t\t\t\t\t\t\t\t\t<\/div>\n\t\t\t\t<\/div>\n\t\t<link rel=\"stylesheet\" href=\"https:\/\/use.fontawesome.com\/releases\/v5.5.0\/css\/all.css\" integrity=\"sha384-B4dIYHKNBt8Bc12p+WXckhzcICo0wtJAoU8YZTY5qE0Id1GSseTk6S+L3BlXeVIU\" crossorigin=\"anonymous\">\r\n\t\t<div class=\"elementor-element elementor-element-ddc11a8 mobile_pera elementor-widget elementor-widget-text-editor\" data-id=\"ddc11a8\" data-element_type=\"widget\" data-e-type=\"widget\" data-widget_type=\"text-editor.default\">\n\t\t\t\t<div class=\"elementor-widget-container\">\n\t\t\t\t\t\t\t\t\t<p><b>Le jeu du collier\u00a0<\/b><b style=\"font-style: inherit;\">de trombones<\/b><\/p>\t\t\t\t\t\t\t\t<\/div>\n\t\t\t\t<\/div>\n\t\t\t\t<div class=\"elementor-element elementor-element-d0a0a3b mobile_pera elementor-widget elementor-widget-text-editor\" data-id=\"d0a0a3b\" data-element_type=\"widget\" data-e-type=\"widget\" data-widget_type=\"text-editor.default\">\n\t\t\t\t<div class=\"elementor-widget-container\">\n\t\t\t\t\t\t\t\t\t<p><b>Mat\u00e9riel <\/b>: Trombones.<br \/>Par \u00e9quipe, chaque joueur, les yeux ferm\u00e9s, doit former un collier en accrochant des trombones. L\u2019\u00e9quipe avec le collier le plus long gagne le jeu.<br \/><b> Astuce <\/b>: Limitez le temps pour plus de suspense.<\/p>\t\t\t\t\t\t\t\t<\/div>\n\t\t\t\t<\/div>\n\t\t\t\t<div class=\"elementor-element elementor-element-8a4688d elementor-widget elementor-widget-advertisement\" data-id=\"8a4688d\" data-element_type=\"widget\" data-e-type=\"widget\" data-widget_type=\"advertisement.default\">\n\t\t\t\t<div class=\"elementor-widget-container\">\n\t\t\t\t\t<div class=\"ads-align-center\"><div data-m32-ad data-options='{\"sizes\":\"[[300,100]]\",\"dfpId\":\"21658289790,27729547\",\"dfpAdUnitPath\":\"acadienouvelle\/cahiers_onefifthpage_300x100\"}'><\/div><\/div>\t\t\t\t<\/div>\n\t\t\t\t<\/div>\n\t\t\t\t<div class=\"elementor-element elementor-element-0b6ad93 mobile_pera elementor-widget elementor-widget-text-editor\" data-id=\"0b6ad93\" data-element_type=\"widget\" data-e-type=\"widget\" data-widget_type=\"text-editor.default\">\n\t\t\t\t<div class=\"elementor-widget-container\">\n\t\t\t\t\t\t\t\t\t<p><b>D\u00e9baller un cadeau\u00a0<\/b><b style=\"font-style: inherit;\">avec des mitaines<\/b><\/p>\t\t\t\t\t\t\t\t<\/div>\n\t\t\t\t<\/div>\n\t\t\t\t<div class=\"elementor-element elementor-element-74263c8 mobile_pera elementor-widget elementor-widget-text-editor\" data-id=\"74263c8\" data-element_type=\"widget\" data-e-type=\"widget\" data-widget_type=\"text-editor.default\">\n\t\t\t\t<div class=\"elementor-widget-container\">\n\t\t\t\t\t\t\t\t\t<p><b>Mat\u00e9riel <\/b>: Un cadeau bien (trop) emball\u00e9, des mitaines, un d\u00e9.<br \/>Les joueurs, \u00e9quip\u00e9s de mitaines, doivent d\u00e9baller un cadeau en lan\u00e7ant un d\u00e9 pour d\u00e9terminer l\u2019ordre. Celui qui r\u00e9ussit \u00e0 l\u2019ouvrir compl\u00e8tement garde le cadeau.<br \/><b>Bonus <\/b>: Ajoutez plusieurs couches de papier pour compliquer le jeu. Ce jeu de No\u00ebl est un classique dans ma famille, autant les adultes que les enfants adorent jouer \u00e0 ce jeu.<\/p>\t\t\t\t\t\t\t\t<\/div>\n\t\t\t\t<\/div>\n\t\t\t\t<div class=\"elementor-element elementor-element-00a5cc2 mobile_pera elementor-widget elementor-widget-text-editor\" data-id=\"00a5cc2\" data-element_type=\"widget\" data-e-type=\"widget\" data-widget_type=\"text-editor.default\">\n\t\t\t\t<div class=\"elementor-widget-container\">\n\t\t\t\t\t\t\t\t\t<p><b>Les nouveaux amis<\/b><\/p>\t\t\t\t\t\t\t\t<\/div>\n\t\t\t\t<\/div>\n\t\t\t\t<div class=\"elementor-element elementor-element-9cca753 mobile_pera elementor-widget elementor-widget-text-editor\" data-id=\"9cca753\" data-element_type=\"widget\" data-e-type=\"widget\" data-widget_type=\"text-editor.default\">\n\t\t\t\t<div class=\"elementor-widget-container\">\n\t\t\t\t\t\t\t\t\t<p><b>Mat\u00e9riel <\/b>: Petits papiers avec des num\u00e9ros (en double).<br \/>Les joueurs tirent un num\u00e9ro, puis cherchent leur partenaire avec le m\u00eame num\u00e9ro. Tout au long de la soir\u00e9e, les adultes apprennent \u00e0 se conna\u00eetre et pr\u00e9sentent leur \u00ab\u00a0nouvel ami\u00a0\u00bb en fin de soir\u00e9e. Pas mal comme id\u00e9e de jeu de No\u00ebl pour un party de bureau par exemple.<\/p>\t\t\t\t\t\t\t\t<\/div>\n\t\t\t\t<\/div>\n\t\t\t\t<div class=\"elementor-element elementor-element-d6927f0 mobile_pera elementor-widget elementor-widget-text-editor\" data-id=\"d6927f0\" data-element_type=\"widget\" data-e-type=\"widget\" data-widget_type=\"text-editor.default\">\n\t\t\t\t<div class=\"elementor-widget-container\">\n\t\t\t\t\t\t\t\t\t<p><b>Soir\u00e9e th\u00e9matique No\u00ebl<\/b><\/p>\t\t\t\t\t\t\t\t<\/div>\n\t\t\t\t<\/div>\n\t\t\t\t<div class=\"elementor-element elementor-element-a00bff4 mobile_pera elementor-widget elementor-widget-text-editor\" data-id=\"a00bff4\" data-element_type=\"widget\" data-e-type=\"widget\" data-widget_type=\"text-editor.default\">\n\t\t\t\t<div class=\"elementor-widget-container\">\n\t\t\t\t\t\t\t\t\t<p><b>Transformez votre soir\u00e9e en un \u00e9v\u00e9nement m\u00e9morable avec un th\u00e8me&nbsp;<\/b>: No\u00ebl en pyjama, soir\u00e9e meurtre et myst\u00e8re ou encore un No\u00ebl r\u00e9tro. Les d\u00e9guisements, activit\u00e9s et d\u00e9corations cr\u00e9ent une ambiance magique. Avec ces id\u00e9es de jeux pour No\u00ebl, votre r\u00e9veillon promet d\u2019\u00eatre un moment m\u00e9morable, rempli de rires et de joie. <\/p>\t\t\t\t\t\t\t\t<\/div>\n\t\t\t\t<\/div>\n\t\t\t\t<div class=\"elementor-element elementor-element-706fb53 mobile_pera elementor-widget elementor-widget-text-editor\" data-id=\"706fb53\" data-element_type=\"widget\" data-e-type=\"widget\" data-widget_type=\"text-editor.default\">\n\t\t\t\t<div class=\"elementor-widget-container\">\n\t\t\t\t\t\t\t\t\t<p><b>Le jeu du toast<\/b><\/p>\t\t\t\t\t\t\t\t<\/div>\n\t\t\t\t<\/div>\n\t\t\t\t<div class=\"elementor-element elementor-element-14a5953 mobile_pera elementor-widget elementor-widget-text-editor\" data-id=\"14a5953\" data-element_type=\"widget\" data-e-type=\"widget\" data-widget_type=\"text-editor.default\">\n\t\t\t\t<div class=\"elementor-widget-container\">\n\t\t\t\t\t\t\t\t\t<p><b>Mat\u00e9riel <\/b>: Papier et stylo.<br \/>Chaque invit\u00e9 tire un nom et, durant la soir\u00e9e, doit improviser<br \/>un toast humoristique ou touchant \u00e0 cette personne. Un jeu qui garantit de beaux souvenirs et des rires lors de votre r\u00e9veillon de No\u00ebl.<\/p>\t\t\t\t\t\t\t\t<\/div>\n\t\t\t\t<\/div>\n\t\t\t\t<div class=\"elementor-element elementor-element-e7f280f mobile_pera elementor-widget elementor-widget-text-editor\" data-id=\"e7f280f\" data-element_type=\"widget\" data-e-type=\"widget\" data-widget_type=\"text-editor.default\">\n\t\t\t\t<div class=\"elementor-widget-container\">\n\t\t\t\t\t\t\t\t\t<p><b>Concours de\u00a0<\/b><b style=\"font-style: inherit;\">chandails moches<\/b><\/p>\t\t\t\t\t\t\t\t<\/div>\n\t\t\t\t<\/div>\n\t\t\t\t<div class=\"elementor-element elementor-element-447b776 mobile_pera elementor-widget elementor-widget-text-editor\" data-id=\"447b776\" data-element_type=\"widget\" data-e-type=\"widget\" data-widget_type=\"text-editor.default\">\n\t\t\t\t<div class=\"elementor-widget-container\">\n\t\t\t\t\t\t\t\t\tOrganisez un concours o\u00f9 chaque adulte doit porter le chandail de No\u00ebl le plus qu\u00e9taine ou rigolo possible. Les votes d\u00e9termineront le gagnant du chandail le plus dr\u00f4le de la soir\u00e9e.\n\t\t\t\t\t\t\t\t<\/div>\n\t\t\t\t<\/div>\n\t\t\t\t<div class=\"elementor-element elementor-element-4c9f7cc mobile_pera elementor-widget elementor-widget-text-editor\" data-id=\"4c9f7cc\" data-element_type=\"widget\" data-e-type=\"widget\" data-widget_type=\"text-editor.default\">\n\t\t\t\t<div class=\"elementor-widget-container\">\n\t\t\t\t\t\t\t\t\t<p><i> Finalement, faites aller votre imagination, il y a s\u00fbrement plein d\u2019autres jeux qui vous feront passer un tr\u00e8s joyeux No\u00ebl. <\/i><\/p>\t\t\t\t\t\t\t\t<\/div>\n\t\t\t\t<\/div>\n\t\t\t\t\t<\/div>\n\t\t<\/div>\n\t\t\t\t\t<\/div>\n\t\t<\/section>\n\t\t\t\t<\/div>\n\t\t","protected":false},"excerpt":{"rendered":"<p>Exemples de jeux amusants pour votre r\u00e9veillon! Le jeu du collier\u00a0de trombones Mat\u00e9riel : Trombones.Par \u00e9quipe, chaque joueur, les yeux ferm\u00e9s, doit former un collier en accrochant des trombones. L\u2019\u00e9quipe avec le collier le plus long gagne le jeu. Astuce : Limitez le temps pour plus de suspense. D\u00e9baller un cadeau\u00a0avec des mitaines Mat\u00e9riel : [&hellip;]<\/p>\n","protected":false},"author":1,"featured_media":0,"parent":0,"menu_order":2,"comment_status":"closed","ping_status":"closed","template":"","meta":{"site-sidebar-layout":"no-sidebar","site-content-layout":"page-builder","ast-site-content-layout":"default","site-content-style":"default","site-sidebar-style":"default","ast-global-header-display":"","ast-banner-title-visibility":"","ast-main-header-display":"","ast-hfb-above-header-display":"","ast-hfb-below-header-display":"","ast-hfb-mobile-header-display":"","site-post-title":"disabled","ast-breadcrumbs-content":"","ast-featured-img":"disabled","footer-sml-layout":"","ast-disable-related-posts":"","theme-transparent-header-meta":"default","adv-header-id-meta":"","stick-header-meta":"","header-above-stick-meta":"","header-main-stick-meta":"","header-below-stick-meta":"","astra-migrate-meta-layouts":"default","ast-page-background-enabled":"default","ast-page-background-meta":{"desktop":{"background-color":"var(--ast-global-color-4)","background-image":"","background-repeat":"repeat","background-position":"center center","background-size":"auto","background-attachment":"scroll","background-type":"","background-media":"","overlay-type":"","overlay-color":"","overlay-opacity":"","overlay-gradient":""},"tablet":{"background-color":"","background-image":"","background-repeat":"repeat","background-position":"center center","background-size":"auto","background-attachment":"scroll","background-type":"","background-media":"","overlay-type":"","overlay-color":"","overlay-opacity":"","overlay-gradient":""},"mobile":{"background-color":"","background-image":"","background-repeat":"repeat","background-position":"center center","background-size":"auto","background-attachment":"scroll","background-type":"","background-media":"","overlay-type":"","overlay-color":"","overlay-opacity":"","overlay-gradient":""}},"ast-content-background-meta":{"desktop":{"background-color":"var(--ast-global-color-5)","background-image":"","background-repeat":"repeat","background-position":"center center","background-size":"auto","background-attachment":"scroll","background-type":"","background-media":"","overlay-type":"","overlay-color":"","overlay-opacity":"","overlay-gradient":""},"tablet":{"background-color":"var(--ast-global-color-5)","background-image":"","background-repeat":"repeat","background-position":"center center","background-size":"auto","background-attachment":"scroll","background-type":"","background-media":"","overlay-type":"","overlay-color":"","overlay-opacity":"","overlay-gradient":""},"mobile":{"background-color":"var(--ast-global-color-5)","background-image":"","background-repeat":"repeat","background-position":"center center","background-size":"auto","background-attachment":"scroll","background-type":"","background-media":"","overlay-type":"","overlay-color":"","overlay-opacity":"","overlay-gradient":""}},"footnotes":""},"page-categories":[],"class_list":["post-7917","page","type-page","status-publish","hentry"],"_links":{"self":[{"href":"https:\/\/kiosque.acadienouvelle.com\/voeux-noel-2025\/wp-json\/wp\/v2\/pages\/7917","targetHints":{"allow":["GET"]}}],"collection":[{"href":"https:\/\/kiosque.acadienouvelle.com\/voeux-noel-2025\/wp-json\/wp\/v2\/pages"}],"about":[{"href":"https:\/\/kiosque.acadienouvelle.com\/voeux-noel-2025\/wp-json\/wp\/v2\/types\/page"}],"author":[{"embeddable":true,"href":"https:\/\/kiosque.acadienouvelle.com\/voeux-noel-2025\/wp-json\/wp\/v2\/users\/1"}],"replies":[{"embeddable":true,"href":"https:\/\/kiosque.acadienouvelle.com\/voeux-noel-2025\/wp-json\/wp\/v2\/comments?post=7917"}],"version-history":[{"count":19,"href":"https:\/\/kiosque.acadienouvelle.com\/voeux-noel-2025\/wp-json\/wp\/v2\/pages\/7917\/revisions"}],"predecessor-version":[{"id":8386,"href":"https:\/\/kiosque.acadienouvelle.com\/voeux-noel-2025\/wp-json\/wp\/v2\/pages\/7917\/revisions\/8386"}],"wp:attachment":[{"href":"https:\/\/kiosque.acadienouvelle.com\/voeux-noel-2025\/wp-json\/wp\/v2\/media?parent=7917"}],"wp:term":[{"taxonomy":"page-categories","embeddable":true,"href":"https:\/\/kiosque.acadienouvelle.com\/voeux-noel-2025\/wp-json\/wp\/v2\/page-categories?post=7917"}],"curies":[{"name":"wp","href":"https:\/\/api.w.org\/{rel}","templated":true}]}}