{"id":8019,"date":"2025-12-18T02:26:02","date_gmt":"2025-12-18T02:26:02","guid":{"rendered":"https:\/\/kiosque.acadienouvelle.com\/voeux-noel-2025\/?page_id=8019"},"modified":"2025-12-19T18:25:42","modified_gmt":"2025-12-19T18:25:42","slug":"briser-isolement","status":"publish","type":"page","link":"https:\/\/kiosque.acadienouvelle.com\/voeux-noel-2025\/briser-isolement\/","title":{"rendered":"Comment briser l\u2019isolement des personnes a\u00een\u00e9es"},"content":{"rendered":"\t\t<div data-elementor-type=\"wp-page\" data-elementor-id=\"8019\" class=\"elementor elementor-8019\" data-elementor-post-type=\"page\">\n\t\t\t\t\t\t<section class=\"elementor-section elementor-top-section elementor-element elementor-element-50c1b6e elementor-section-height-min-height header_title banner_img elementor-section-boxed elementor-section-height-default elementor-section-items-middle\" data-id=\"50c1b6e\" data-element_type=\"section\" data-e-type=\"section\" data-settings=\"{&quot;background_background&quot;:&quot;classic&quot;}\">\n\t\t\t\t\t\t\t<div class=\"elementor-background-overlay\"><\/div>\n\t\t\t\t\t\t\t<div class=\"elementor-container elementor-column-gap-default\">\n\t\t\t\t\t<div class=\"elementor-column elementor-col-100 elementor-top-column elementor-element elementor-element-3a2d241\" data-id=\"3a2d241\" data-element_type=\"column\" data-e-type=\"column\">\n\t\t\t<div class=\"elementor-widget-wrap elementor-element-populated\">\n\t\t\t\t\t\t<div class=\"elementor-element elementor-element-9673cd2 elementor-widget elementor-widget-heading\" data-id=\"9673cd2\" data-element_type=\"widget\" data-e-type=\"widget\" data-widget_type=\"heading.default\">\n\t\t\t\t<div class=\"elementor-widget-container\">\n\t\t\t\t\t<h2 class=\"elementor-heading-title elementor-size-default\">Comment briser l\u2019isolement des personnes a\u00een\u00e9es<\/h2>\t\t\t\t<\/div>\n\t\t\t\t<\/div>\n\t\t\t\t\t<\/div>\n\t\t<\/div>\n\t\t\t\t\t<\/div>\n\t\t<\/section>\n\t\t\t\t<section class=\"elementor-section elementor-top-section elementor-element elementor-element-d9a853a elementor-section-boxed elementor-section-height-default elementor-section-height-default\" data-id=\"d9a853a\" data-element_type=\"section\" data-e-type=\"section\">\n\t\t\t\t\t\t<div class=\"elementor-container elementor-column-gap-default\">\n\t\t\t\t\t<div class=\"elementor-column elementor-col-100 elementor-top-column elementor-element elementor-element-68d9c5a page_contain\" data-id=\"68d9c5a\" data-element_type=\"column\" data-e-type=\"column\" data-settings=\"{&quot;background_background&quot;:&quot;classic&quot;}\">\n\t\t\t<div class=\"elementor-widget-wrap elementor-element-populated\">\n\t\t\t\t\t\t<div class=\"elementor-element elementor-element-50f1f9b elementor-widget elementor-widget-image\" data-id=\"50f1f9b\" data-element_type=\"widget\" data-e-type=\"widget\" data-widget_type=\"image.default\">\n\t\t\t\t<div class=\"elementor-widget-container\">\n\t\t\t\t\t\t\t\t\t\t\t\t\t\t\t<img fetchpriority=\"high\" decoding=\"async\" width=\"1366\" height=\"768\" src=\"https:\/\/kiosque.acadienouvelle.com\/voeux-noel-2025\/wp-content\/uploads\/sites\/373\/2025\/12\/09_iStock-1066098638_land.jpg\" class=\"attachment-full size-full wp-image-7738\" alt=\"\" srcset=\"https:\/\/kiosque.acadienouvelle.com\/voeux-noel-2025\/wp-content\/uploads\/sites\/373\/2025\/12\/09_iStock-1066098638_land.jpg 1366w, https:\/\/kiosque.acadienouvelle.com\/voeux-noel-2025\/wp-content\/uploads\/sites\/373\/2025\/12\/09_iStock-1066098638_land-300x169.jpg 300w, https:\/\/kiosque.acadienouvelle.com\/voeux-noel-2025\/wp-content\/uploads\/sites\/373\/2025\/12\/09_iStock-1066098638_land-1024x576.jpg 1024w, https:\/\/kiosque.acadienouvelle.com\/voeux-noel-2025\/wp-content\/uploads\/sites\/373\/2025\/12\/09_iStock-1066098638_land-768x432.jpg 768w\" sizes=\"(max-width: 1366px) 100vw, 1366px\" \/>\t\t\t\t\t\t\t\t\t\t\t\t\t\t\t<\/div>\n\t\t\t\t<\/div>\n\t\t<link rel=\"stylesheet\" href=\"https:\/\/use.fontawesome.com\/releases\/v5.5.0\/css\/all.css\" integrity=\"sha384-B4dIYHKNBt8Bc12p+WXckhzcICo0wtJAoU8YZTY5qE0Id1GSseTk6S+L3BlXeVIU\" crossorigin=\"anonymous\">\r\n\t\t<div class=\"elementor-element elementor-element-d0a0a3b mobile_pera elementor-widget elementor-widget-text-editor\" data-id=\"d0a0a3b\" data-element_type=\"widget\" data-e-type=\"widget\" data-widget_type=\"text-editor.default\">\n\t\t\t\t<div class=\"elementor-widget-container\">\n\t\t\t\t\t\t\t\t\tAu Nouveau-Brunswick, nous comptons sur un important r\u00e9seau de foyers de soins et de foyers de soins sp\u00e9ciaux. Nous vous invitons \u00e0 aller dire un bonjour et prendre un peu de votre temps pour \u00ab piquer une bonne jasette \u00bb avec les r\u00e9sidents tout en ayant bien s\u00fbr l\u2019autorisation de la direction des \u00e9tablissements. \u00c7a peut se faire la journ\u00e9e de No\u00ebl ou tout au long de la p\u00e9riode des F\u00eates. \n\t\t\t\t\t\t\t\t<\/div>\n\t\t\t\t<\/div>\n\t\t\t\t<div class=\"elementor-element elementor-element-f79f4d8 elementor-widget elementor-widget-advertisement\" data-id=\"f79f4d8\" data-element_type=\"widget\" data-e-type=\"widget\" data-widget_type=\"advertisement.default\">\n\t\t\t\t<div class=\"elementor-widget-container\">\n\t\t\t\t\t<div class=\"ads-align-center\"><div data-m32-ad data-options='{\"sizes\":\"[[320,480]]\",\"dfpId\":\"21658289790,27729547\",\"dfpAdUnitPath\":\"acadienouvelle\/cahiers_halfpage_320x480\"}'><\/div><\/div>\t\t\t\t<\/div>\n\t\t\t\t<\/div>\n\t\t\t\t<div class=\"elementor-element elementor-element-9765f65 mobile_pera elementor-widget elementor-widget-text-editor\" data-id=\"9765f65\" data-element_type=\"widget\" data-e-type=\"widget\" data-widget_type=\"text-editor.default\">\n\t\t\t\t<div class=\"elementor-widget-container\">\n\t\t\t\t\t\t\t\t\tSachez que les f\u00eates de fin d\u2019ann\u00e9e sont un moment magique, mais pour de nombreuses personnes a\u00een\u00e9es, cela peut aussi \u00eatre une p\u00e9riode difficile marqu\u00e9e par la solitude. C\u2019est particuli\u00e8rement vrai pour ceux et celles qui n\u2019ont pas de famille \u00e0 proximit\u00e9. Soyez aussi attentif aux gens qui vivent seuls dans votre entourage. Souvent, ces personnes aiment avoir un peu de compagnie m\u00eame si c\u2019est de courte dur\u00e9e.\n\t\t\t\t\t\t\t\t<\/div>\n\t\t\t\t<\/div>\n\t\t\t\t<div class=\"elementor-element elementor-element-0b6ad93 mobile_pera elementor-widget elementor-widget-text-editor\" data-id=\"0b6ad93\" data-element_type=\"widget\" data-e-type=\"widget\" data-widget_type=\"text-editor.default\">\n\t\t\t\t<div class=\"elementor-widget-container\">\n\t\t\t\t\t\t\t\t\t<p><b>Un certain nombre\u00a0<\/b><b style=\"font-style: inherit;\">de suggestions\u00a0<\/b><\/p>\t\t\t\t\t\t\t\t<\/div>\n\t\t\t\t<\/div>\n\t\t\t\t<div class=\"elementor-element elementor-element-9deb8f8 mobile_pera elementor-widget elementor-widget-text-editor\" data-id=\"9deb8f8\" data-element_type=\"widget\" data-e-type=\"widget\" data-widget_type=\"text-editor.default\">\n\t\t\t\t<div class=\"elementor-widget-container\">\n\t\t\t\t\t\t\t\t\tLe temps des f\u00eates en r\u00e9sidence peut \u00eatre rempli de joie et de chaleur, m\u00eame loin de la maison familiale. Organiser un banquet de No\u00ebl des a\u00een\u00e9s ou une soir\u00e9e \u00e0 th\u00e8me est une excellente mani\u00e8re de rassembler les r\u00e9sidents et de les faire participer \u00e0 l\u2019esprit festif. Les r\u00e9sidences proposent souvent des activit\u00e9s de No\u00ebl pour les a\u00een\u00e9s, comme des chants de No\u00ebl, des ateliers de d\u00e9coration ou des concours de cr\u00e9ation de cartes de No\u00ebl. Ces \u00e9v\u00e9nements renforcent le sentiment de communaut\u00e9 et permettent \u00e0 chaque r\u00e9sident de partager ses souvenirs et traditions.\n\t\t\t\t\t\t\t\t<\/div>\n\t\t\t\t<\/div>\n\t\t\t\t<div class=\"elementor-element elementor-element-793780d mobile_pera elementor-widget elementor-widget-text-editor\" data-id=\"793780d\" data-element_type=\"widget\" data-e-type=\"widget\" data-widget_type=\"text-editor.default\">\n\t\t\t\t<div class=\"elementor-widget-container\">\n\t\t\t\t\t\t\t\t\t<p><b>Faire des gestes simples pour se sentir entour\u00e9<\/b><\/p>\t\t\t\t\t\t\t\t<\/div>\n\t\t\t\t<\/div>\n\t\t\t\t<div class=\"elementor-element elementor-element-74263c8 mobile_pera elementor-widget elementor-widget-text-editor\" data-id=\"74263c8\" data-element_type=\"widget\" data-e-type=\"widget\" data-widget_type=\"text-editor.default\">\n\t\t\t\t<div class=\"elementor-widget-container\">\n\t\t\t\t\t\t\t\t\tPour ceux qui se retrouvent seuls pendant les f\u00eates, briser l\u2019isolement devient essentiel. Organiser des visites r\u00e9guli\u00e8res ou m\u00eame envoyer une carte de No\u00ebl pour nos a\u00een\u00e9s peut signifier beaucoup. De petites attentions comme une discussion par t\u00e9l\u00e9phone ou une visite impromptue peuvent apporter du r\u00e9confort. L\u2019important est de montrer que l\u2019on pense \u00e0 eux et qu\u2019ils ne sont pas oubli\u00e9s.\n\t\t\t\t\t\t\t\t<\/div>\n\t\t\t\t<\/div>\n\t\t\t\t<div class=\"elementor-element elementor-element-266e76a mobile_pera elementor-widget elementor-widget-text-editor\" data-id=\"266e76a\" data-element_type=\"widget\" data-e-type=\"widget\" data-widget_type=\"text-editor.default\">\n\t\t\t\t<div class=\"elementor-widget-container\">\n\t\t\t\t\t\t\t\t\t<p><b>Encourager les activit\u00e9s interg\u00e9n\u00e9rationnelles<\/b><\/p>\t\t\t\t\t\t\t\t<\/div>\n\t\t\t\t<\/div>\n\t\t\t\t<div class=\"elementor-element elementor-element-17d185c mobile_pera elementor-widget elementor-widget-text-editor\" data-id=\"17d185c\" data-element_type=\"widget\" data-e-type=\"widget\" data-widget_type=\"text-editor.default\">\n\t\t\t\t<div class=\"elementor-widget-container\">\n\t\t\t\t\t\t\t\t\tLes activit\u00e9s de No\u00ebl interg\u00e9n\u00e9rationnelles peuvent \u00eatre particuli\u00e8rement b\u00e9n\u00e9fiques pour les a\u00een\u00e9s. Inviter les enfants, petits-enfants ou m\u00eame des voisins \u00e0 partager un moment de convivialit\u00e9 avec les r\u00e9sidents est un moyen efficace de maintenir des liens affectifs et de raviver des traditions familiales. Cela peut aller de la cr\u00e9ation d\u2019ornements de No\u00ebl ensemble \u00e0 l\u2019organisation d\u2019un spectacle de chants de No\u00ebl. Ces moments renforcent le lien familial et combattent la lutte contre la solitude.\t\t\t\t\t\t\t\t<\/div>\n\t\t\t\t<\/div>\n\t\t\t\t\t<\/div>\n\t\t<\/div>\n\t\t\t\t\t<\/div>\n\t\t<\/section>\n\t\t\t\t<\/div>\n\t\t","protected":false},"excerpt":{"rendered":"<p>Comment briser l\u2019isolement des personnes a\u00een\u00e9es Au Nouveau-Brunswick, nous comptons sur un important r\u00e9seau de foyers de soins et de foyers de soins sp\u00e9ciaux. Nous vous invitons \u00e0 aller dire un bonjour et prendre un peu de votre temps pour \u00ab piquer une bonne jasette \u00bb avec les r\u00e9sidents tout en ayant bien s\u00fbr l\u2019autorisation [&hellip;]<\/p>\n","protected":false},"author":1,"featured_media":0,"parent":0,"menu_order":9,"comment_status":"closed","ping_status":"closed","template":"","meta":{"site-sidebar-layout":"no-sidebar","site-content-layout":"page-builder","ast-site-content-layout":"default","site-content-style":"default","site-sidebar-style":"default","ast-global-header-display":"","ast-banner-title-visibility":"","ast-main-header-display":"","ast-hfb-above-header-display":"","ast-hfb-below-header-display":"","ast-hfb-mobile-header-display":"","site-post-title":"disabled","ast-breadcrumbs-content":"","ast-featured-img":"disabled","footer-sml-layout":"","ast-disable-related-posts":"","theme-transparent-header-meta":"default","adv-header-id-meta":"","stick-header-meta":"","header-above-stick-meta":"","header-main-stick-meta":"","header-below-stick-meta":"","astra-migrate-meta-layouts":"default","ast-page-background-enabled":"default","ast-page-background-meta":{"desktop":{"background-color":"var(--ast-global-color-4)","background-image":"","background-repeat":"repeat","background-position":"center center","background-size":"auto","background-attachment":"scroll","background-type":"","background-media":"","overlay-type":"","overlay-color":"","overlay-opacity":"","overlay-gradient":""},"tablet":{"background-color":"","background-image":"","background-repeat":"repeat","background-position":"center center","background-size":"auto","background-attachment":"scroll","background-type":"","background-media":"","overlay-type":"","overlay-color":"","overlay-opacity":"","overlay-gradient":""},"mobile":{"background-color":"","background-image":"","background-repeat":"repeat","background-position":"center center","background-size":"auto","background-attachment":"scroll","background-type":"","background-media":"","overlay-type":"","overlay-color":"","overlay-opacity":"","overlay-gradient":""}},"ast-content-background-meta":{"desktop":{"background-color":"var(--ast-global-color-5)","background-image":"","background-repeat":"repeat","background-position":"center center","background-size":"auto","background-attachment":"scroll","background-type":"","background-media":"","overlay-type":"","overlay-color":"","overlay-opacity":"","overlay-gradient":""},"tablet":{"background-color":"var(--ast-global-color-5)","background-image":"","background-repeat":"repeat","background-position":"center center","background-size":"auto","background-attachment":"scroll","background-type":"","background-media":"","overlay-type":"","overlay-color":"","overlay-opacity":"","overlay-gradient":""},"mobile":{"background-color":"var(--ast-global-color-5)","background-image":"","background-repeat":"repeat","background-position":"center center","background-size":"auto","background-attachment":"scroll","background-type":"","background-media":"","overlay-type":"","overlay-color":"","overlay-opacity":"","overlay-gradient":""}},"footnotes":""},"page-categories":[],"class_list":["post-8019","page","type-page","status-publish","hentry"],"_links":{"self":[{"href":"https:\/\/kiosque.acadienouvelle.com\/voeux-noel-2025\/wp-json\/wp\/v2\/pages\/8019","targetHints":{"allow":["GET"]}}],"collection":[{"href":"https:\/\/kiosque.acadienouvelle.com\/voeux-noel-2025\/wp-json\/wp\/v2\/pages"}],"about":[{"href":"https:\/\/kiosque.acadienouvelle.com\/voeux-noel-2025\/wp-json\/wp\/v2\/types\/page"}],"author":[{"embeddable":true,"href":"https:\/\/kiosque.acadienouvelle.com\/voeux-noel-2025\/wp-json\/wp\/v2\/users\/1"}],"replies":[{"embeddable":true,"href":"https:\/\/kiosque.acadienouvelle.com\/voeux-noel-2025\/wp-json\/wp\/v2\/comments?post=8019"}],"version-history":[{"count":7,"href":"https:\/\/kiosque.acadienouvelle.com\/voeux-noel-2025\/wp-json\/wp\/v2\/pages\/8019\/revisions"}],"predecessor-version":[{"id":8313,"href":"https:\/\/kiosque.acadienouvelle.com\/voeux-noel-2025\/wp-json\/wp\/v2\/pages\/8019\/revisions\/8313"}],"wp:attachment":[{"href":"https:\/\/kiosque.acadienouvelle.com\/voeux-noel-2025\/wp-json\/wp\/v2\/media?parent=8019"}],"wp:term":[{"taxonomy":"page-categories","embeddable":true,"href":"https:\/\/kiosque.acadienouvelle.com\/voeux-noel-2025\/wp-json\/wp\/v2\/page-categories?post=8019"}],"curies":[{"name":"wp","href":"https:\/\/api.w.org\/{rel}","templated":true}]}}