{"id":8082,"date":"2025-12-18T19:32:52","date_gmt":"2025-12-18T19:32:52","guid":{"rendered":"https:\/\/kiosque.acadienouvelle.com\/voeux-noel-2025\/?page_id=8082"},"modified":"2025-12-19T20:52:14","modified_gmt":"2025-12-19T20:52:14","slug":"bieres-artisanales","status":"publish","type":"page","link":"https:\/\/kiosque.acadienouvelle.com\/voeux-noel-2025\/bieres-artisanales\/","title":{"rendered":"D\u00e9gustons nos bi\u00e8res artisanales"},"content":{"rendered":"\t\t<div data-elementor-type=\"wp-page\" data-elementor-id=\"8082\" class=\"elementor elementor-8082\" data-elementor-post-type=\"page\">\n\t\t\t\t\t\t<section class=\"elementor-section elementor-top-section elementor-element elementor-element-50c1b6e elementor-section-height-min-height header_title banner_img elementor-section-boxed elementor-section-height-default elementor-section-items-middle\" data-id=\"50c1b6e\" data-element_type=\"section\" data-e-type=\"section\" data-settings=\"{&quot;background_background&quot;:&quot;classic&quot;}\">\n\t\t\t\t\t\t\t<div class=\"elementor-background-overlay\"><\/div>\n\t\t\t\t\t\t\t<div class=\"elementor-container elementor-column-gap-default\">\n\t\t\t\t\t<div class=\"elementor-column elementor-col-100 elementor-top-column elementor-element elementor-element-3a2d241\" data-id=\"3a2d241\" data-element_type=\"column\" data-e-type=\"column\">\n\t\t\t<div class=\"elementor-widget-wrap elementor-element-populated\">\n\t\t\t\t\t\t<div class=\"elementor-element elementor-element-9673cd2 elementor-widget elementor-widget-heading\" data-id=\"9673cd2\" data-element_type=\"widget\" data-e-type=\"widget\" data-widget_type=\"heading.default\">\n\t\t\t\t<div class=\"elementor-widget-container\">\n\t\t\t\t\t<h2 class=\"elementor-heading-title elementor-size-default\">D\u00e9gustons nos bi\u00e8res artisanales<\/h2>\t\t\t\t<\/div>\n\t\t\t\t<\/div>\n\t\t\t\t<div class=\"elementor-element elementor-element-a0d5e81 elementor-widget elementor-widget-heading\" data-id=\"a0d5e81\" data-element_type=\"widget\" data-e-type=\"widget\" data-widget_type=\"heading.default\">\n\t\t\t\t<div class=\"elementor-widget-container\">\n\t\t\t\t\t<h2 class=\"elementor-heading-title elementor-size-default\">Profitons de la p\u00e9riode des f\u00eates pour d\u00e9couvrir l\u2019\u00e9ventail de nos microbrasseries<\/h2>\t\t\t\t<\/div>\n\t\t\t\t<\/div>\n\t\t\t\t\t<\/div>\n\t\t<\/div>\n\t\t\t\t\t<\/div>\n\t\t<\/section>\n\t\t\t\t<section class=\"elementor-section elementor-top-section elementor-element elementor-element-d9a853a elementor-section-boxed elementor-section-height-default elementor-section-height-default\" data-id=\"d9a853a\" data-element_type=\"section\" data-e-type=\"section\">\n\t\t\t\t\t\t<div class=\"elementor-container elementor-column-gap-default\">\n\t\t\t\t\t<div class=\"elementor-column elementor-col-100 elementor-top-column elementor-element elementor-element-68d9c5a page_contain\" data-id=\"68d9c5a\" data-element_type=\"column\" data-e-type=\"column\" data-settings=\"{&quot;background_background&quot;:&quot;classic&quot;}\">\n\t\t\t<div class=\"elementor-widget-wrap elementor-element-populated\">\n\t\t\t\t\t\t<div class=\"elementor-element elementor-element-50f1f9b elementor-widget elementor-widget-image\" data-id=\"50f1f9b\" data-element_type=\"widget\" data-e-type=\"widget\" data-widget_type=\"image.default\">\n\t\t\t\t<div class=\"elementor-widget-container\">\n\t\t\t\t\t\t\t\t\t\t\t\t\t\t\t<img fetchpriority=\"high\" decoding=\"async\" width=\"1366\" height=\"768\" src=\"https:\/\/kiosque.acadienouvelle.com\/voeux-noel-2025\/wp-content\/uploads\/sites\/373\/2025\/12\/15_photo-biere.jpg\" class=\"attachment-full size-full wp-image-7752\" alt=\"\" srcset=\"https:\/\/kiosque.acadienouvelle.com\/voeux-noel-2025\/wp-content\/uploads\/sites\/373\/2025\/12\/15_photo-biere.jpg 1366w, https:\/\/kiosque.acadienouvelle.com\/voeux-noel-2025\/wp-content\/uploads\/sites\/373\/2025\/12\/15_photo-biere-300x169.jpg 300w, https:\/\/kiosque.acadienouvelle.com\/voeux-noel-2025\/wp-content\/uploads\/sites\/373\/2025\/12\/15_photo-biere-1024x576.jpg 1024w, https:\/\/kiosque.acadienouvelle.com\/voeux-noel-2025\/wp-content\/uploads\/sites\/373\/2025\/12\/15_photo-biere-768x432.jpg 768w\" sizes=\"(max-width: 1366px) 100vw, 1366px\" \/>\t\t\t\t\t\t\t\t\t\t\t\t\t\t\t<\/div>\n\t\t\t\t<\/div>\n\t\t\t\t<div class=\"elementor-element elementor-element-4088e02 elementor-widget elementor-widget-image\" data-id=\"4088e02\" data-element_type=\"widget\" data-e-type=\"widget\" data-widget_type=\"image.default\">\n\t\t\t\t<div class=\"elementor-widget-container\">\n\t\t\t\t\t\t\t\t\t\t\t\t\t\t\t<img decoding=\"async\" width=\"1366\" height=\"768\" src=\"https:\/\/kiosque.acadienouvelle.com\/voeux-noel-2025\/wp-content\/uploads\/sites\/373\/2025\/12\/15_belle-photo-biere.jpg\" class=\"attachment-full size-full wp-image-7750\" alt=\"\" srcset=\"https:\/\/kiosque.acadienouvelle.com\/voeux-noel-2025\/wp-content\/uploads\/sites\/373\/2025\/12\/15_belle-photo-biere.jpg 1366w, https:\/\/kiosque.acadienouvelle.com\/voeux-noel-2025\/wp-content\/uploads\/sites\/373\/2025\/12\/15_belle-photo-biere-300x169.jpg 300w, https:\/\/kiosque.acadienouvelle.com\/voeux-noel-2025\/wp-content\/uploads\/sites\/373\/2025\/12\/15_belle-photo-biere-1024x576.jpg 1024w, https:\/\/kiosque.acadienouvelle.com\/voeux-noel-2025\/wp-content\/uploads\/sites\/373\/2025\/12\/15_belle-photo-biere-768x432.jpg 768w\" sizes=\"(max-width: 1366px) 100vw, 1366px\" \/>\t\t\t\t\t\t\t\t\t\t\t\t\t\t\t<\/div>\n\t\t\t\t<\/div>\n\t\t<link rel=\"stylesheet\" href=\"https:\/\/use.fontawesome.com\/releases\/v5.5.0\/css\/all.css\" integrity=\"sha384-B4dIYHKNBt8Bc12p+WXckhzcICo0wtJAoU8YZTY5qE0Id1GSseTk6S+L3BlXeVIU\" crossorigin=\"anonymous\">\r\n\t\t<div class=\"elementor-element elementor-element-798a986 elementor-widget elementor-widget-advertisement\" data-id=\"798a986\" data-element_type=\"widget\" data-e-type=\"widget\" data-widget_type=\"advertisement.default\">\n\t\t\t\t<div class=\"elementor-widget-container\">\n\t\t\t\t\t<div class=\"ads-align-center\"><div data-m32-ad data-options='{\"sizes\":\"[[300,250]]\",\"dfpId\":\"21658289790,27729547\",\"dfpAdUnitPath\":\"acadienouvelle\/cahiers_quarterpage_300x250\"}'><\/div><\/div>\t\t\t\t<\/div>\n\t\t\t\t<\/div>\n\t\t\t\t<div class=\"elementor-element elementor-element-d0a0a3b mobile_pera elementor-widget elementor-widget-text-editor\" data-id=\"d0a0a3b\" data-element_type=\"widget\" data-e-type=\"widget\" data-widget_type=\"text-editor.default\">\n\t\t\t\t<div class=\"elementor-widget-container\">\n\t\t\t\t\t\t\t\t\tSachez que partout dans la province, les microbrasseries rassemblent les gens du coin, attirent les visiteurs et se font remarquer \u00e0 l\u2019\u00e9chelle nationale. Ales, lagers, pilsners \u2013 nos ma\u00eetres brasseurs con\u00e7oivent des boissons aux saveurs int\u00e9ressantes et aux profils recherch\u00e9s. La plupart d\u2019entre eux utilisent tr\u00e8s peu d\u2019ingr\u00e9dients et souvent, ils incorporent des produits locaux dans leur cr\u00e9ation, dont les bleuets sauvages et le sirop d\u2019\u00e9rable.\n\t\t\t\t\t\t\t\t<\/div>\n\t\t\t\t<\/div>\n\t\t\t\t<div class=\"elementor-element elementor-element-6b1fe4c elementor-widget elementor-widget-advertisement\" data-id=\"6b1fe4c\" data-element_type=\"widget\" data-e-type=\"widget\" data-widget_type=\"advertisement.default\">\n\t\t\t\t<div class=\"elementor-widget-container\">\n\t\t\t\t\t<div class=\"ads-align-center\"><div data-m32-ad data-options='{\"sizes\":\"[[300,250]]\",\"dfpId\":\"21658289790,27729547\",\"dfpAdUnitPath\":\"acadienouvelle\/cahiers_quarterpage02_300x250\"}'><\/div><\/div>\t\t\t\t<\/div>\n\t\t\t\t<\/div>\n\t\t\t\t<div class=\"elementor-element elementor-element-5593cde mobile_pera elementor-widget elementor-widget-text-editor\" data-id=\"5593cde\" data-element_type=\"widget\" data-e-type=\"widget\" data-widget_type=\"text-editor.default\">\n\t\t\t\t<div class=\"elementor-widget-container\">\n\t\t\t\t\t\t\t\t\tLes artisans brasseurs s\u2019inspirent beaucoup de l\u2019histoire de la province. Par exemple, \u00e0 Alma, la microbrasserie Holy Whale est situ\u00e9e \u00e0 l\u2019int\u00e9rieur d\u2019une \u00e9glise historique. \u00c0 Moncton, Tire Shack Brewing occupe un ancien garage. \u00c0 Bathurst, Four Rivers Brewing est nomm\u00e9e ainsi en raison des quatre rivi\u00e8res (Nepisiguit, Tetagouche, Little et Middle) qui coulent dans le havre de Bathurst. Vous remarquerez aussi sur les \u00e9tiquettes que les microbrasseries d\u2019ici s\u2019inspirent souvent du folklore, de l\u2019histoire et des personnages marquants de la r\u00e9gion.\n\t\t\t\t\t\t\t\t<\/div>\n\t\t\t\t<\/div>\n\t\t\t\t<div class=\"elementor-element elementor-element-b07befd mobile_pera elementor-widget elementor-widget-text-editor\" data-id=\"b07befd\" data-element_type=\"widget\" data-e-type=\"widget\" data-widget_type=\"text-editor.default\">\n\t\t\t\t<div class=\"elementor-widget-container\">\n\t\t\t\t\t\t\t\t\tChaque r\u00e9gion de la province compte au moins une microbrasserie \u2013 pas besoin de chercher bien loin pour \u00e9tancher sa soif et \nsavourer les bi\u00e8res locales du Nouveau-Brunswick.\n\t\t\t\t\t\t\t\t<\/div>\n\t\t\t\t<\/div>\n\t\t\t\t<div class=\"elementor-element elementor-element-24a8de9 mobile_pera elementor-widget elementor-widget-text-editor\" data-id=\"24a8de9\" data-element_type=\"widget\" data-e-type=\"widget\" data-widget_type=\"text-editor.default\">\n\t\t\t\t<div class=\"elementor-widget-container\">\n\t\t\t\t\t\t\t\t\t<p><b>Pour conna\u00eetre les particularit\u00e9s de nos microbrasseries au Nouveau-Brunswick, visitez le <\/b>https:\/\/tourismenouveaubrunswick.ca.<\/p>\t\t\t\t\t\t\t\t<\/div>\n\t\t\t\t<\/div>\n\t\t\t\t\t<\/div>\n\t\t<\/div>\n\t\t\t\t\t<\/div>\n\t\t<\/section>\n\t\t\t\t<\/div>\n\t\t","protected":false},"excerpt":{"rendered":"<p>D\u00e9gustons nos bi\u00e8res artisanales Profitons de la p\u00e9riode des f\u00eates pour d\u00e9couvrir l\u2019\u00e9ventail de nos microbrasseries Sachez que partout dans la province, les microbrasseries rassemblent les gens du coin, attirent les visiteurs et se font remarquer \u00e0 l\u2019\u00e9chelle nationale. Ales, lagers, pilsners \u2013 nos ma\u00eetres brasseurs con\u00e7oivent des boissons aux saveurs int\u00e9ressantes et aux profils [&hellip;]<\/p>\n","protected":false},"author":1,"featured_media":0,"parent":0,"menu_order":15,"comment_status":"closed","ping_status":"closed","template":"","meta":{"site-sidebar-layout":"no-sidebar","site-content-layout":"page-builder","ast-site-content-layout":"default","site-content-style":"default","site-sidebar-style":"default","ast-global-header-display":"","ast-banner-title-visibility":"","ast-main-header-display":"","ast-hfb-above-header-display":"","ast-hfb-below-header-display":"","ast-hfb-mobile-header-display":"","site-post-title":"disabled","ast-breadcrumbs-content":"","ast-featured-img":"disabled","footer-sml-layout":"","ast-disable-related-posts":"","theme-transparent-header-meta":"default","adv-header-id-meta":"","stick-header-meta":"","header-above-stick-meta":"","header-main-stick-meta":"","header-below-stick-meta":"","astra-migrate-meta-layouts":"default","ast-page-background-enabled":"default","ast-page-background-meta":{"desktop":{"background-color":"var(--ast-global-color-4)","background-image":"","background-repeat":"repeat","background-position":"center center","background-size":"auto","background-attachment":"scroll","background-type":"","background-media":"","overlay-type":"","overlay-color":"","overlay-opacity":"","overlay-gradient":""},"tablet":{"background-color":"","background-image":"","background-repeat":"repeat","background-position":"center center","background-size":"auto","background-attachment":"scroll","background-type":"","background-media":"","overlay-type":"","overlay-color":"","overlay-opacity":"","overlay-gradient":""},"mobile":{"background-color":"","background-image":"","background-repeat":"repeat","background-position":"center center","background-size":"auto","background-attachment":"scroll","background-type":"","background-media":"","overlay-type":"","overlay-color":"","overlay-opacity":"","overlay-gradient":""}},"ast-content-background-meta":{"desktop":{"background-color":"var(--ast-global-color-5)","background-image":"","background-repeat":"repeat","background-position":"center center","background-size":"auto","background-attachment":"scroll","background-type":"","background-media":"","overlay-type":"","overlay-color":"","overlay-opacity":"","overlay-gradient":""},"tablet":{"background-color":"var(--ast-global-color-5)","background-image":"","background-repeat":"repeat","background-position":"center center","background-size":"auto","background-attachment":"scroll","background-type":"","background-media":"","overlay-type":"","overlay-color":"","overlay-opacity":"","overlay-gradient":""},"mobile":{"background-color":"var(--ast-global-color-5)","background-image":"","background-repeat":"repeat","background-position":"center center","background-size":"auto","background-attachment":"scroll","background-type":"","background-media":"","overlay-type":"","overlay-color":"","overlay-opacity":"","overlay-gradient":""}},"footnotes":""},"page-categories":[],"class_list":["post-8082","page","type-page","status-publish","hentry"],"_links":{"self":[{"href":"https:\/\/kiosque.acadienouvelle.com\/voeux-noel-2025\/wp-json\/wp\/v2\/pages\/8082","targetHints":{"allow":["GET"]}}],"collection":[{"href":"https:\/\/kiosque.acadienouvelle.com\/voeux-noel-2025\/wp-json\/wp\/v2\/pages"}],"about":[{"href":"https:\/\/kiosque.acadienouvelle.com\/voeux-noel-2025\/wp-json\/wp\/v2\/types\/page"}],"author":[{"embeddable":true,"href":"https:\/\/kiosque.acadienouvelle.com\/voeux-noel-2025\/wp-json\/wp\/v2\/users\/1"}],"replies":[{"embeddable":true,"href":"https:\/\/kiosque.acadienouvelle.com\/voeux-noel-2025\/wp-json\/wp\/v2\/comments?post=8082"}],"version-history":[{"count":19,"href":"https:\/\/kiosque.acadienouvelle.com\/voeux-noel-2025\/wp-json\/wp\/v2\/pages\/8082\/revisions"}],"predecessor-version":[{"id":8426,"href":"https:\/\/kiosque.acadienouvelle.com\/voeux-noel-2025\/wp-json\/wp\/v2\/pages\/8082\/revisions\/8426"}],"wp:attachment":[{"href":"https:\/\/kiosque.acadienouvelle.com\/voeux-noel-2025\/wp-json\/wp\/v2\/media?parent=8082"}],"wp:term":[{"taxonomy":"page-categories","embeddable":true,"href":"https:\/\/kiosque.acadienouvelle.com\/voeux-noel-2025\/wp-json\/wp\/v2\/page-categories?post=8082"}],"curies":[{"name":"wp","href":"https:\/\/api.w.org\/{rel}","templated":true}]}}