{"id":8103,"date":"2025-12-18T19:45:49","date_gmt":"2025-12-18T19:45:49","guid":{"rendered":"https:\/\/kiosque.acadienouvelle.com\/voeux-noel-2025\/?page_id=8103"},"modified":"2025-12-19T20:55:56","modified_gmt":"2025-12-19T20:55:56","slug":"banques-alimentaires","status":"publish","type":"page","link":"https:\/\/kiosque.acadienouvelle.com\/voeux-noel-2025\/banques-alimentaires\/","title":{"rendered":"Plus que jamais\u2026 les banques alimentaires ont besoin de nous!"},"content":{"rendered":"\t\t<div data-elementor-type=\"wp-page\" data-elementor-id=\"8103\" class=\"elementor elementor-8103\" data-elementor-post-type=\"page\">\n\t\t\t\t\t\t<section class=\"elementor-section elementor-top-section elementor-element elementor-element-50c1b6e elementor-section-height-min-height header_title banner_img elementor-section-boxed elementor-section-height-default elementor-section-items-middle\" data-id=\"50c1b6e\" data-element_type=\"section\" data-e-type=\"section\" data-settings=\"{&quot;background_background&quot;:&quot;classic&quot;}\">\n\t\t\t\t\t\t\t<div class=\"elementor-background-overlay\"><\/div>\n\t\t\t\t\t\t\t<div class=\"elementor-container elementor-column-gap-default\">\n\t\t\t\t\t<div class=\"elementor-column elementor-col-100 elementor-top-column elementor-element elementor-element-3a2d241\" data-id=\"3a2d241\" data-element_type=\"column\" data-e-type=\"column\">\n\t\t\t<div class=\"elementor-widget-wrap elementor-element-populated\">\n\t\t\t\t\t\t<div class=\"elementor-element elementor-element-9673cd2 elementor-widget elementor-widget-heading\" data-id=\"9673cd2\" data-element_type=\"widget\" data-e-type=\"widget\" data-widget_type=\"heading.default\">\n\t\t\t\t<div class=\"elementor-widget-container\">\n\t\t\t\t\t<h2 class=\"elementor-heading-title elementor-size-default\">Plus que jamais\u2026 les banques alimentaires ont besoin de nous!<\/h2>\t\t\t\t<\/div>\n\t\t\t\t<\/div>\n\t\t\t\t\t<\/div>\n\t\t<\/div>\n\t\t\t\t\t<\/div>\n\t\t<\/section>\n\t\t\t\t<section class=\"elementor-section elementor-top-section elementor-element elementor-element-d9a853a elementor-section-boxed elementor-section-height-default elementor-section-height-default\" data-id=\"d9a853a\" data-element_type=\"section\" data-e-type=\"section\">\n\t\t\t\t\t\t<div class=\"elementor-container elementor-column-gap-default\">\n\t\t\t\t\t<div class=\"elementor-column elementor-col-100 elementor-top-column elementor-element elementor-element-68d9c5a page_contain\" data-id=\"68d9c5a\" data-element_type=\"column\" data-e-type=\"column\" data-settings=\"{&quot;background_background&quot;:&quot;classic&quot;}\">\n\t\t\t<div class=\"elementor-widget-wrap elementor-element-populated\">\n\t\t\t\t\t\t<div class=\"elementor-element elementor-element-50f1f9b elementor-widget elementor-widget-image\" data-id=\"50f1f9b\" data-element_type=\"widget\" data-e-type=\"widget\" data-widget_type=\"image.default\">\n\t\t\t\t<div class=\"elementor-widget-container\">\n\t\t\t\t\t\t\t\t\t\t\t\t\t\t\t<img fetchpriority=\"high\" decoding=\"async\" width=\"1366\" height=\"768\" src=\"https:\/\/kiosque.acadienouvelle.com\/voeux-noel-2025\/wp-content\/uploads\/sites\/373\/2025\/12\/17_photo_land.jpg\" class=\"attachment-full size-full wp-image-7755\" alt=\"\" srcset=\"https:\/\/kiosque.acadienouvelle.com\/voeux-noel-2025\/wp-content\/uploads\/sites\/373\/2025\/12\/17_photo_land.jpg 1366w, https:\/\/kiosque.acadienouvelle.com\/voeux-noel-2025\/wp-content\/uploads\/sites\/373\/2025\/12\/17_photo_land-300x169.jpg 300w, https:\/\/kiosque.acadienouvelle.com\/voeux-noel-2025\/wp-content\/uploads\/sites\/373\/2025\/12\/17_photo_land-1024x576.jpg 1024w, https:\/\/kiosque.acadienouvelle.com\/voeux-noel-2025\/wp-content\/uploads\/sites\/373\/2025\/12\/17_photo_land-768x432.jpg 768w\" sizes=\"(max-width: 1366px) 100vw, 1366px\" \/>\t\t\t\t\t\t\t\t\t\t\t\t\t\t\t<\/div>\n\t\t\t\t<\/div>\n\t\t<link rel=\"stylesheet\" href=\"https:\/\/use.fontawesome.com\/releases\/v5.5.0\/css\/all.css\" integrity=\"sha384-B4dIYHKNBt8Bc12p+WXckhzcICo0wtJAoU8YZTY5qE0Id1GSseTk6S+L3BlXeVIU\" crossorigin=\"anonymous\">\r\n\t\t<div class=\"elementor-element elementor-element-916a0ca elementor-widget elementor-widget-advertisement\" data-id=\"916a0ca\" data-element_type=\"widget\" data-e-type=\"widget\" data-widget_type=\"advertisement.default\">\n\t\t\t\t<div class=\"elementor-widget-container\">\n\t\t\t\t\t<div class=\"ads-align-center\"><div data-m32-ad data-options='{\"sizes\":\"[[300,100]]\",\"dfpId\":\"21658289790,27729547\",\"dfpAdUnitPath\":\"acadienouvelle\/cahiers_onefifthpage_300x100\"}'><\/div><\/div>\t\t\t\t<\/div>\n\t\t\t\t<\/div>\n\t\t\t\t<div class=\"elementor-element elementor-element-d0a0a3b mobile_pera elementor-widget elementor-widget-text-editor\" data-id=\"d0a0a3b\" data-element_type=\"widget\" data-e-type=\"widget\" data-widget_type=\"text-editor.default\">\n\t\t\t\t<div class=\"elementor-widget-container\">\n\t\t\t\t\t\t\t\t\t<p><b>Au Nouveau-Brunswick, une proportion importante de villes et villages ont leur banque alimentaire et vestimentaire. Nous vous invitons \u00e0 faire preuve de g\u00e9n\u00e9rosit\u00e9. Un simple petit don peut faire une grande diff\u00e9rence. Il n\u2019y a pas de meilleure fa\u00e7on de terminer l\u2019ann\u00e9e 2025 qu\u2019en redonnant \u00e0 sa communaut\u00e9. <\/b><\/p>\t\t\t\t\t\t\t\t<\/div>\n\t\t\t\t<\/div>\n\t\t\t\t<div class=\"elementor-element elementor-element-968b609 elementor-widget elementor-widget-advertisement\" data-id=\"968b609\" data-element_type=\"widget\" data-e-type=\"widget\" data-widget_type=\"advertisement.default\">\n\t\t\t\t<div class=\"elementor-widget-container\">\n\t\t\t\t\t<div class=\"ads-align-center\"><div data-m32-ad data-options='{\"sizes\":\"[[300,100]]\",\"dfpId\":\"21658289790,27729547\",\"dfpAdUnitPath\":\"acadienouvelle\/cahiers_onefifthpage02_300x100\"}'><\/div><\/div>\t\t\t\t<\/div>\n\t\t\t\t<\/div>\n\t\t\t\t<div class=\"elementor-element elementor-element-0b6ad93 mobile_pera elementor-widget elementor-widget-text-editor\" data-id=\"0b6ad93\" data-element_type=\"widget\" data-e-type=\"widget\" data-widget_type=\"text-editor.default\">\n\t\t\t\t<div class=\"elementor-widget-container\">\n\t\t\t\t\t\t\t\t\t<p><b>Des id\u00e9es de nourriture pour vos bo\u00eetes\u00a0<\/b><\/p>\t\t\t\t\t\t\t\t<\/div>\n\t\t\t\t<\/div>\n\t\t\t\t<div class=\"elementor-element elementor-element-74263c8 mobile_pera elementor-widget elementor-widget-text-editor\" data-id=\"74263c8\" data-element_type=\"widget\" data-e-type=\"widget\" data-widget_type=\"text-editor.default\">\n\t\t\t\t<div class=\"elementor-widget-container\">\n\t\t\t\t\t\t\t\t\t<ul><li><!--StartFragment--><span data-olk-copy-source=\"MessageBody\"><b>Pensez \u00e0 des repas chauds et nourrissants\u00a0: <\/b>Alors qu\u2019approchent les grands froids de l\u2019hiver, un repas chaud peut vraiment faire une diff\u00e9rence. Lorsque vous choisissez des produits pour la banque alimentaire, pensez \u00e0 vos repas r\u00e9confortants pr\u00e9f\u00e9r\u00e9s et ajoutez quelques articles suppl\u00e9mentaires \u00e0 votre panier d\u2019\u00e9picerie, comme des p\u00e2tes s\u00e8ches et de la sauce, du riz, des rago\u00fbts, du chili et des soupes.\u00a0<\/span><!--EndFragment-->\u00a0<\/li><li><span style=\"font-style: inherit;\"><b>Misez sur les prot\u00e9ines<\/b><\/span><span style=\"font-style: inherit; font-weight: inherit;\"> : Il est essentiel de consommer suffisamment de prot\u00e9ines pour \u00eatre en bonne sant\u00e9. Bien que nos principales sources de prot\u00e9ines proviennent de produits frais tels que les viandes et les produits laitiers, n\u2019oublions pas que la viande et le poisson en conserve, le beurre d\u2019arachide, les haricots secs et en bo\u00eete sont \u00e9galement de bonnes sources de prot\u00e9ines.\u00a0<\/span><\/li><li><span style=\"font-style: inherit;\"><b>N\u2019oubliez pas les fruits et les l\u00e9gumes<\/b><\/span><span style=\"font-style: inherit; font-weight: inherit;\"> : Les fruits et l\u00e9gumes en conserve peuvent \u00eatre tout aussi nutritifs et d\u00e9licieux que les produits frais, puisqu\u2019ils sont emball\u00e9s \u00e0 leur pleine maturit\u00e9 pour emprisonner les nutriments. Il suffit de s\u2019assurer de rechercher des versions de ces produits faibles ou sans sodium et sans sucre.\u00a0<\/span><\/li><li><span style=\"font-style: inherit;\"><!--StartFragment--><span data-olk-copy-source=\"MessageBody\"><b>Il y a aussi les contributions financi\u00e8res<\/b><span style=\"font-weight: inherit;\">\u00a0:<\/span><\/span><span style=\"font-weight: inherit;\">\u00a0Si nos denr\u00e9es alimentaires non p\u00e9rissables sont toujours utilis\u00e9es \u00e0 bon escient, les contributions financi\u00e8res sont \u00e9galement tr\u00e8s importantes pour les banques alimentaires. Les dons en argent leur permettent d\u2019acheter des produits frais\u00a0<\/span><\/span>tels que des fruits et l\u00e9gumes, du pain et du lait pour les personnes dans le besoin, en plus de combler les manques de denr\u00e9es non p\u00e9rissables.\u00a0<\/li><\/ul>\t\t\t\t\t\t\t\t<\/div>\n\t\t\t\t<\/div>\n\t\t\t\t<div class=\"elementor-element elementor-element-0639b1f mobile_pera elementor-widget elementor-widget-text-editor\" data-id=\"0639b1f\" data-element_type=\"widget\" data-e-type=\"widget\" data-widget_type=\"text-editor.default\">\n\t\t\t\t<div class=\"elementor-widget-container\">\n\t\t\t\t\t\t\t\t\t<p><em>Source : \u00c9dition Nouvelles<\/em><\/p>\t\t\t\t\t\t\t\t<\/div>\n\t\t\t\t<\/div>\n\t\t\t\t\t<\/div>\n\t\t<\/div>\n\t\t\t\t\t<\/div>\n\t\t<\/section>\n\t\t\t\t<\/div>\n\t\t","protected":false},"excerpt":{"rendered":"<p>Plus que jamais\u2026 les banques alimentaires ont besoin de nous! Au Nouveau-Brunswick, une proportion importante de villes et villages ont leur banque alimentaire et vestimentaire. Nous vous invitons \u00e0 faire preuve de g\u00e9n\u00e9rosit\u00e9. Un simple petit don peut faire une grande diff\u00e9rence. Il n\u2019y a pas de meilleure fa\u00e7on de terminer l\u2019ann\u00e9e 2025 qu\u2019en redonnant [&hellip;]<\/p>\n","protected":false},"author":1,"featured_media":0,"parent":0,"menu_order":17,"comment_status":"closed","ping_status":"closed","template":"","meta":{"site-sidebar-layout":"no-sidebar","site-content-layout":"page-builder","ast-site-content-layout":"default","site-content-style":"default","site-sidebar-style":"default","ast-global-header-display":"","ast-banner-title-visibility":"","ast-main-header-display":"","ast-hfb-above-header-display":"","ast-hfb-below-header-display":"","ast-hfb-mobile-header-display":"","site-post-title":"disabled","ast-breadcrumbs-content":"","ast-featured-img":"disabled","footer-sml-layout":"","ast-disable-related-posts":"","theme-transparent-header-meta":"default","adv-header-id-meta":"","stick-header-meta":"","header-above-stick-meta":"","header-main-stick-meta":"","header-below-stick-meta":"","astra-migrate-meta-layouts":"default","ast-page-background-enabled":"default","ast-page-background-meta":{"desktop":{"background-color":"var(--ast-global-color-4)","background-image":"","background-repeat":"repeat","background-position":"center center","background-size":"auto","background-attachment":"scroll","background-type":"","background-media":"","overlay-type":"","overlay-color":"","overlay-opacity":"","overlay-gradient":""},"tablet":{"background-color":"","background-image":"","background-repeat":"repeat","background-position":"center center","background-size":"auto","background-attachment":"scroll","background-type":"","background-media":"","overlay-type":"","overlay-color":"","overlay-opacity":"","overlay-gradient":""},"mobile":{"background-color":"","background-image":"","background-repeat":"repeat","background-position":"center center","background-size":"auto","background-attachment":"scroll","background-type":"","background-media":"","overlay-type":"","overlay-color":"","overlay-opacity":"","overlay-gradient":""}},"ast-content-background-meta":{"desktop":{"background-color":"var(--ast-global-color-5)","background-image":"","background-repeat":"repeat","background-position":"center center","background-size":"auto","background-attachment":"scroll","background-type":"","background-media":"","overlay-type":"","overlay-color":"","overlay-opacity":"","overlay-gradient":""},"tablet":{"background-color":"var(--ast-global-color-5)","background-image":"","background-repeat":"repeat","background-position":"center center","background-size":"auto","background-attachment":"scroll","background-type":"","background-media":"","overlay-type":"","overlay-color":"","overlay-opacity":"","overlay-gradient":""},"mobile":{"background-color":"var(--ast-global-color-5)","background-image":"","background-repeat":"repeat","background-position":"center center","background-size":"auto","background-attachment":"scroll","background-type":"","background-media":"","overlay-type":"","overlay-color":"","overlay-opacity":"","overlay-gradient":""}},"footnotes":""},"page-categories":[],"class_list":["post-8103","page","type-page","status-publish","hentry"],"_links":{"self":[{"href":"https:\/\/kiosque.acadienouvelle.com\/voeux-noel-2025\/wp-json\/wp\/v2\/pages\/8103","targetHints":{"allow":["GET"]}}],"collection":[{"href":"https:\/\/kiosque.acadienouvelle.com\/voeux-noel-2025\/wp-json\/wp\/v2\/pages"}],"about":[{"href":"https:\/\/kiosque.acadienouvelle.com\/voeux-noel-2025\/wp-json\/wp\/v2\/types\/page"}],"author":[{"embeddable":true,"href":"https:\/\/kiosque.acadienouvelle.com\/voeux-noel-2025\/wp-json\/wp\/v2\/users\/1"}],"replies":[{"embeddable":true,"href":"https:\/\/kiosque.acadienouvelle.com\/voeux-noel-2025\/wp-json\/wp\/v2\/comments?post=8103"}],"version-history":[{"count":16,"href":"https:\/\/kiosque.acadienouvelle.com\/voeux-noel-2025\/wp-json\/wp\/v2\/pages\/8103\/revisions"}],"predecessor-version":[{"id":8438,"href":"https:\/\/kiosque.acadienouvelle.com\/voeux-noel-2025\/wp-json\/wp\/v2\/pages\/8103\/revisions\/8438"}],"wp:attachment":[{"href":"https:\/\/kiosque.acadienouvelle.com\/voeux-noel-2025\/wp-json\/wp\/v2\/media?parent=8103"}],"wp:term":[{"taxonomy":"page-categories","embeddable":true,"href":"https:\/\/kiosque.acadienouvelle.com\/voeux-noel-2025\/wp-json\/wp\/v2\/page-categories?post=8103"}],"curies":[{"name":"wp","href":"https:\/\/api.w.org\/{rel}","templated":true}]}}