{"id":8144,"date":"2025-12-18T20:37:01","date_gmt":"2025-12-18T20:37:01","guid":{"rendered":"https:\/\/kiosque.acadienouvelle.com\/voeux-noel-2025\/?page_id=8144"},"modified":"2025-12-19T18:38:04","modified_gmt":"2025-12-19T18:38:04","slug":"fruit-mer-supreme","status":"publish","type":"page","link":"https:\/\/kiosque.acadienouvelle.com\/voeux-noel-2025\/fruit-mer-supreme\/","title":{"rendered":"P\u00e2t\u00e9 aux fruits de mer supr\u00eame"},"content":{"rendered":"\t\t<div data-elementor-type=\"wp-page\" data-elementor-id=\"8144\" class=\"elementor elementor-8144\" data-elementor-post-type=\"page\">\n\t\t\t\t\t\t<section class=\"elementor-section elementor-top-section elementor-element elementor-element-50c1b6e elementor-section-height-min-height header_title banner_img elementor-section-boxed elementor-section-height-default elementor-section-items-middle\" data-id=\"50c1b6e\" data-element_type=\"section\" data-e-type=\"section\" data-settings=\"{&quot;background_background&quot;:&quot;classic&quot;}\">\n\t\t\t\t\t\t\t<div class=\"elementor-background-overlay\"><\/div>\n\t\t\t\t\t\t\t<div class=\"elementor-container elementor-column-gap-default\">\n\t\t\t\t\t<div class=\"elementor-column elementor-col-100 elementor-top-column elementor-element elementor-element-3a2d241\" data-id=\"3a2d241\" data-element_type=\"column\" data-e-type=\"column\">\n\t\t\t<div class=\"elementor-widget-wrap elementor-element-populated\">\n\t\t\t\t\t\t<div class=\"elementor-element elementor-element-9673cd2 elementor-widget elementor-widget-heading\" data-id=\"9673cd2\" data-element_type=\"widget\" data-e-type=\"widget\" data-widget_type=\"heading.default\">\n\t\t\t\t<div class=\"elementor-widget-container\">\n\t\t\t\t\t<h2 class=\"elementor-heading-title elementor-size-default\">P\u00e2t\u00e9 aux fruits de mer supr\u00eame<\/h2>\t\t\t\t<\/div>\n\t\t\t\t<\/div>\n\t\t\t\t\t<\/div>\n\t\t<\/div>\n\t\t\t\t\t<\/div>\n\t\t<\/section>\n\t\t\t\t<section class=\"elementor-section elementor-top-section elementor-element elementor-element-d9a853a elementor-section-boxed elementor-section-height-default elementor-section-height-default\" data-id=\"d9a853a\" data-element_type=\"section\" data-e-type=\"section\">\n\t\t\t\t\t\t<div class=\"elementor-container elementor-column-gap-default\">\n\t\t\t\t\t<div class=\"elementor-column elementor-col-100 elementor-top-column elementor-element elementor-element-68d9c5a page_contain\" data-id=\"68d9c5a\" data-element_type=\"column\" data-e-type=\"column\" data-settings=\"{&quot;background_background&quot;:&quot;classic&quot;}\">\n\t\t\t<div class=\"elementor-widget-wrap elementor-element-populated\">\n\t\t\t\t\t\t<div class=\"elementor-element elementor-element-6d85c0f elementor-widget elementor-widget-image\" data-id=\"6d85c0f\" data-element_type=\"widget\" data-e-type=\"widget\" data-widget_type=\"image.default\">\n\t\t\t\t<div class=\"elementor-widget-container\">\n\t\t\t\t\t\t\t\t\t\t\t\t\t\t\t<img fetchpriority=\"high\" decoding=\"async\" width=\"1024\" height=\"120\" src=\"https:\/\/kiosque.acadienouvelle.com\/voeux-noel-2025\/wp-content\/uploads\/sites\/373\/2025\/12\/00_bandeau_gater2-1024x120.jpg\" class=\"attachment-large size-large wp-image-8075\" alt=\"\" srcset=\"https:\/\/kiosque.acadienouvelle.com\/voeux-noel-2025\/wp-content\/uploads\/sites\/373\/2025\/12\/00_bandeau_gater2-1024x120.jpg 1024w, https:\/\/kiosque.acadienouvelle.com\/voeux-noel-2025\/wp-content\/uploads\/sites\/373\/2025\/12\/00_bandeau_gater2-300x35.jpg 300w, https:\/\/kiosque.acadienouvelle.com\/voeux-noel-2025\/wp-content\/uploads\/sites\/373\/2025\/12\/00_bandeau_gater2-768x90.jpg 768w, https:\/\/kiosque.acadienouvelle.com\/voeux-noel-2025\/wp-content\/uploads\/sites\/373\/2025\/12\/00_bandeau_gater2.jpg 1223w\" sizes=\"(max-width: 1024px) 100vw, 1024px\" \/>\t\t\t\t\t\t\t\t\t\t\t\t\t\t\t<\/div>\n\t\t\t\t<\/div>\n\t\t\t\t<div class=\"elementor-element elementor-element-50f1f9b elementor-widget elementor-widget-image\" data-id=\"50f1f9b\" data-element_type=\"widget\" data-e-type=\"widget\" data-widget_type=\"image.default\">\n\t\t\t\t<div class=\"elementor-widget-container\">\n\t\t\t\t\t\t\t\t\t\t\t\t\t\t\t<img decoding=\"async\" width=\"1366\" height=\"768\" src=\"https:\/\/kiosque.acadienouvelle.com\/voeux-noel-2025\/wp-content\/uploads\/sites\/373\/2025\/12\/22_pate-fruits-de-mer_land.jpg\" class=\"attachment-full size-full wp-image-7765\" alt=\"\" srcset=\"https:\/\/kiosque.acadienouvelle.com\/voeux-noel-2025\/wp-content\/uploads\/sites\/373\/2025\/12\/22_pate-fruits-de-mer_land.jpg 1366w, https:\/\/kiosque.acadienouvelle.com\/voeux-noel-2025\/wp-content\/uploads\/sites\/373\/2025\/12\/22_pate-fruits-de-mer_land-300x169.jpg 300w, https:\/\/kiosque.acadienouvelle.com\/voeux-noel-2025\/wp-content\/uploads\/sites\/373\/2025\/12\/22_pate-fruits-de-mer_land-1024x576.jpg 1024w, https:\/\/kiosque.acadienouvelle.com\/voeux-noel-2025\/wp-content\/uploads\/sites\/373\/2025\/12\/22_pate-fruits-de-mer_land-768x432.jpg 768w\" sizes=\"(max-width: 1366px) 100vw, 1366px\" \/>\t\t\t\t\t\t\t\t\t\t\t\t\t\t\t<\/div>\n\t\t\t\t<\/div>\n\t\t<link rel=\"stylesheet\" href=\"https:\/\/use.fontawesome.com\/releases\/v5.5.0\/css\/all.css\" integrity=\"sha384-B4dIYHKNBt8Bc12p+WXckhzcICo0wtJAoU8YZTY5qE0Id1GSseTk6S+L3BlXeVIU\" crossorigin=\"anonymous\">\r\n\t\t<div class=\"elementor-element elementor-element-92c7c6f elementor-widget elementor-widget-advertisement\" data-id=\"92c7c6f\" data-element_type=\"widget\" data-e-type=\"widget\" data-widget_type=\"advertisement.default\">\n\t\t\t\t<div class=\"elementor-widget-container\">\n\t\t\t\t\t<div class=\"ads-align-center\"><div data-m32-ad data-options='{\"sizes\":\"[[300,100]]\",\"dfpId\":\"21658289790,27729547\",\"dfpAdUnitPath\":\"acadienouvelle\/cahiers_onefifthpage_300x100\"}'><\/div><\/div>\t\t\t\t<\/div>\n\t\t\t\t<\/div>\n\t\t\t\t<div class=\"elementor-element elementor-element-a2d2358 elementor-widget elementor-widget-heading\" data-id=\"a2d2358\" data-element_type=\"widget\" data-e-type=\"widget\" data-widget_type=\"heading.default\">\n\t\t\t\t<div class=\"elementor-widget-container\">\n\t\t\t\t\t<h2 class=\"elementor-heading-title elementor-size-default\">P\u00e2t\u00e9 aux fruits de mer supr\u00eame<\/h2>\t\t\t\t<\/div>\n\t\t\t\t<\/div>\n\t\t\t\t<div class=\"elementor-element elementor-element-0b6ad93 mobile_pera elementor-widget elementor-widget-text-editor\" data-id=\"0b6ad93\" data-element_type=\"widget\" data-e-type=\"widget\" data-widget_type=\"text-editor.default\">\n\t\t\t\t<div class=\"elementor-widget-container\">\n\t\t\t\t\t\t\t\t\t<p><b>Ingr\u00e9dients<\/b><\/p>\t\t\t\t\t\t\t\t<\/div>\n\t\t\t\t<\/div>\n\t\t\t\t<div class=\"elementor-element elementor-element-74263c8 mobile_pera elementor-widget elementor-widget-text-editor\" data-id=\"74263c8\" data-element_type=\"widget\" data-e-type=\"widget\" data-widget_type=\"text-editor.default\">\n\t\t\t\t<div class=\"elementor-widget-container\">\n\t\t\t\t\t\t\t\t\t<ul><li>1 lb de pommes de terre Russet (environ 3 grosses pommes de terre)<\/li><li>1\/3 tasse de beurre non sal\u00e9, en tout<\/li><li>3 tasses de poireaux tranch\u00e9s (parties blanches et vert p\u00e2le seulement)<\/li><li>1 tasse de carottes en d\u00e9s<\/li><li>1 tasse de c\u00e9leri en d\u00e9s<\/li><li>5 gousses d\u2019ail, \u00e9minc\u00e9es<\/li><li>1\/3 tasse de farine tout usage<\/li><li>2 tasses de bouillon de l\u00e9gumes \u00e0 teneur r\u00e9duite en sodium<\/li><li>1\u00bd tasse de lait, en tout<\/li><li>2 lb de m\u00e9lange de poissons et fruits de mer<\/li><li>1\/3 tasse d\u2019aneth frais hach\u00e9<\/li><li>2 c. \u00e0 soupe de moutarde de Dijon<\/li><li>1 c. \u00e0 th\u00e9 chacun de sel et de poivre, en tout<\/li><li>2 c. \u00e0 soupe de ciboulette fra\u00eeche hach\u00e9e finement<\/li><\/ul>\t\t\t\t\t\t\t\t<\/div>\n\t\t\t\t<\/div>\n\t\t\t\t<div class=\"elementor-element elementor-element-c035486 elementor-widget elementor-widget-advertisement\" data-id=\"c035486\" data-element_type=\"widget\" data-e-type=\"widget\" data-widget_type=\"advertisement.default\">\n\t\t\t\t<div class=\"elementor-widget-container\">\n\t\t\t\t\t<div class=\"ads-align-center\"><div data-m32-ad data-options='{\"sizes\":\"[[300,100]]\",\"dfpId\":\"21658289790,27729547\",\"dfpAdUnitPath\":\"acadienouvelle\/cahiers_onefifthpage02_300x100\"}'><\/div><\/div>\t\t\t\t<\/div>\n\t\t\t\t<\/div>\n\t\t\t\t<div class=\"elementor-element elementor-element-8c12a56 mobile_pera elementor-widget elementor-widget-text-editor\" data-id=\"8c12a56\" data-element_type=\"widget\" data-e-type=\"widget\" data-widget_type=\"text-editor.default\">\n\t\t\t\t<div class=\"elementor-widget-container\">\n\t\t\t\t\t\t\t\t\t<p><b>Directions<\/b><\/p>\t\t\t\t\t\t\t\t<\/div>\n\t\t\t\t<\/div>\n\t\t\t\t<div class=\"elementor-element elementor-element-d0a0a3b mobile_pera elementor-widget elementor-widget-text-editor\" data-id=\"d0a0a3b\" data-element_type=\"widget\" data-e-type=\"widget\" data-widget_type=\"text-editor.default\">\n\t\t\t\t<div class=\"elementor-widget-container\">\n\t\t\t\t\t\t\t\t\t<ul><li>Pr\u00e9chauffer le four \u00e0 220 \u00b0C (425 \u00b0F).<\/li><li>Piquer les pommes de terre sur toute leur surface \u00e0 l\u2019aide d\u2019une fourchette.<\/li><li>Les cuire au four \u00e0 micro-ondes \u00e0 intensit\u00e9 \u00e9lev\u00e9e jusqu\u2019\u00e0 ce qu\u2019elles soient tendres, de 15 \u00e0 18 minutes environ.<\/li><li>Pendant ce temps, faire fondre 45\u00a0ml (3 c. \u00e0 soupe) de beurre dans un grand faitout sur feu moyen.<\/li><li>Cuire les poireaux, les carottes, le c\u00e9leri et l\u2019ail, en remuant de temps \u00e0 autre, de 5 \u00e0 7 minutes, jusqu\u2019\u00e0 ce qu\u2019ils se soient attendris.<\/li><li>Ajouter la farine et cuire 1 minute.<\/li><li>Verser le bouillon, 125 ml (1\/2 de tasse) d\u2019eau et 175 ml (3\/4 de tasse) de lait en remuant au fouet jusqu\u2019\u00e0 ce que la sauce soit lisse.<\/li><li>Poursuivre la cuisson jusqu\u2019\u00e0 ce qu\u2019elle ait \u00e9paissi, de 2 \u00e0 4 minutes. Retirer du feu.<\/li><li>Ajouter le m\u00e9lange de poissons et fruits de mer, l\u2019aneth, la moutarde et 4 ml (3\/4 de c. \u00e0 th\u00e9) chacun de sel et de poivre. R\u00e9server.<\/li><li>Lorsque les pommes de terre ont suffisamment refroidi pour \u00eatre manipul\u00e9es, les peler et les r\u00e9duire en pur\u00e9e lisse avec le reste du beurre, du lait, du sel et du poivre.<\/li><li>D\u00e9poser le m\u00e9lange de fruits de mer dans un plat de cuisson graiss\u00e9 de 33 x 23 cm (13 x 9 po), d\u2019une capacit\u00e9 de 3 L (la pr\u00e9paration sera l\u00e9g\u00e8rement liquide).<\/li><li>Couvrir de pur\u00e9e de pommes de terre, en l\u2019\u00e9tendant jusqu\u2019\u00e0 la paroi.<\/li><li>\u00c0 l\u2019aide d\u2019une fourchette, cr\u00e9er des motifs lign\u00e9s sur la surface.<\/li><li>D\u00e9poser le plat sur une plaque de cuisson avec rebords et cuire jusqu\u2019\u00e0 ce que la garniture soit bouillonnante sur le pourtour et que le dessus soit l\u00e9g\u00e8rement dor\u00e9, de 25 \u00e0 30 minutes.<\/li><li>Terminer la cuisson sous le gril 2 ou 3 minutes, jusqu\u2019\u00e0 ce que le dessus soit bien dor\u00e9.<\/li><li>Garnir de ciboulette avant de servir.<\/li><li>Si vous pr\u00e9parez le p\u00e2t\u00e9 \u00e0 l\u2019avance, couvrez-le et congelez-le sans le cuire.<\/li><li>Laissez-le d\u00e9congeler au r\u00e9frig\u00e9rateur la veille avant de le cuire au four.<\/li><\/ul>\t\t\t\t\t\t\t\t<\/div>\n\t\t\t\t<\/div>\n\t\t\t\t\t<\/div>\n\t\t<\/div>\n\t\t\t\t\t<\/div>\n\t\t<\/section>\n\t\t\t\t<\/div>\n\t\t","protected":false},"excerpt":{"rendered":"<p>P\u00e2t\u00e9 aux fruits de mer supr\u00eame P\u00e2t\u00e9 aux fruits de mer supr\u00eame Ingr\u00e9dients 1 lb de pommes de terre Russet (environ 3 grosses pommes de terre) 1\/3 tasse de beurre non sal\u00e9, en tout 3 tasses de poireaux tranch\u00e9s (parties blanches et vert p\u00e2le seulement) 1 tasse de carottes en d\u00e9s 1 tasse de c\u00e9leri [&hellip;]<\/p>\n","protected":false},"author":1,"featured_media":0,"parent":0,"menu_order":22,"comment_status":"closed","ping_status":"closed","template":"","meta":{"site-sidebar-layout":"no-sidebar","site-content-layout":"page-builder","ast-site-content-layout":"default","site-content-style":"default","site-sidebar-style":"default","ast-global-header-display":"","ast-banner-title-visibility":"","ast-main-header-display":"","ast-hfb-above-header-display":"","ast-hfb-below-header-display":"","ast-hfb-mobile-header-display":"","site-post-title":"disabled","ast-breadcrumbs-content":"","ast-featured-img":"disabled","footer-sml-layout":"","ast-disable-related-posts":"","theme-transparent-header-meta":"default","adv-header-id-meta":"","stick-header-meta":"","header-above-stick-meta":"","header-main-stick-meta":"","header-below-stick-meta":"","astra-migrate-meta-layouts":"default","ast-page-background-enabled":"default","ast-page-background-meta":{"desktop":{"background-color":"var(--ast-global-color-4)","background-image":"","background-repeat":"repeat","background-position":"center center","background-size":"auto","background-attachment":"scroll","background-type":"","background-media":"","overlay-type":"","overlay-color":"","overlay-opacity":"","overlay-gradient":""},"tablet":{"background-color":"","background-image":"","background-repeat":"repeat","background-position":"center center","background-size":"auto","background-attachment":"scroll","background-type":"","background-media":"","overlay-type":"","overlay-color":"","overlay-opacity":"","overlay-gradient":""},"mobile":{"background-color":"","background-image":"","background-repeat":"repeat","background-position":"center center","background-size":"auto","background-attachment":"scroll","background-type":"","background-media":"","overlay-type":"","overlay-color":"","overlay-opacity":"","overlay-gradient":""}},"ast-content-background-meta":{"desktop":{"background-color":"var(--ast-global-color-5)","background-image":"","background-repeat":"repeat","background-position":"center center","background-size":"auto","background-attachment":"scroll","background-type":"","background-media":"","overlay-type":"","overlay-color":"","overlay-opacity":"","overlay-gradient":""},"tablet":{"background-color":"var(--ast-global-color-5)","background-image":"","background-repeat":"repeat","background-position":"center center","background-size":"auto","background-attachment":"scroll","background-type":"","background-media":"","overlay-type":"","overlay-color":"","overlay-opacity":"","overlay-gradient":""},"mobile":{"background-color":"var(--ast-global-color-5)","background-image":"","background-repeat":"repeat","background-position":"center center","background-size":"auto","background-attachment":"scroll","background-type":"","background-media":"","overlay-type":"","overlay-color":"","overlay-opacity":"","overlay-gradient":""}},"footnotes":""},"page-categories":[],"class_list":["post-8144","page","type-page","status-publish","hentry"],"_links":{"self":[{"href":"https:\/\/kiosque.acadienouvelle.com\/voeux-noel-2025\/wp-json\/wp\/v2\/pages\/8144","targetHints":{"allow":["GET"]}}],"collection":[{"href":"https:\/\/kiosque.acadienouvelle.com\/voeux-noel-2025\/wp-json\/wp\/v2\/pages"}],"about":[{"href":"https:\/\/kiosque.acadienouvelle.com\/voeux-noel-2025\/wp-json\/wp\/v2\/types\/page"}],"author":[{"embeddable":true,"href":"https:\/\/kiosque.acadienouvelle.com\/voeux-noel-2025\/wp-json\/wp\/v2\/users\/1"}],"replies":[{"embeddable":true,"href":"https:\/\/kiosque.acadienouvelle.com\/voeux-noel-2025\/wp-json\/wp\/v2\/comments?post=8144"}],"version-history":[{"count":16,"href":"https:\/\/kiosque.acadienouvelle.com\/voeux-noel-2025\/wp-json\/wp\/v2\/pages\/8144\/revisions"}],"predecessor-version":[{"id":8352,"href":"https:\/\/kiosque.acadienouvelle.com\/voeux-noel-2025\/wp-json\/wp\/v2\/pages\/8144\/revisions\/8352"}],"wp:attachment":[{"href":"https:\/\/kiosque.acadienouvelle.com\/voeux-noel-2025\/wp-json\/wp\/v2\/media?parent=8144"}],"wp:term":[{"taxonomy":"page-categories","embeddable":true,"href":"https:\/\/kiosque.acadienouvelle.com\/voeux-noel-2025\/wp-json\/wp\/v2\/page-categories?post=8144"}],"curies":[{"name":"wp","href":"https:\/\/api.w.org\/{rel}","templated":true}]}}