{"id":8172,"date":"2025-12-18T20:50:18","date_gmt":"2025-12-18T20:50:18","guid":{"rendered":"https:\/\/kiosque.acadienouvelle.com\/voeux-noel-2025\/?page_id=8172"},"modified":"2025-12-19T18:40:10","modified_gmt":"2025-12-19T18:40:10","slug":"eviter-enfant-malade","status":"publish","type":"page","link":"https:\/\/kiosque.acadienouvelle.com\/voeux-noel-2025\/eviter-enfant-malade\/","title":{"rendered":"Pour \u00e9viter que votre enfant soit malade en voiture"},"content":{"rendered":"\t\t<div data-elementor-type=\"wp-page\" data-elementor-id=\"8172\" class=\"elementor elementor-8172\" data-elementor-post-type=\"page\">\n\t\t\t\t\t\t<section class=\"elementor-section elementor-top-section elementor-element elementor-element-50c1b6e elementor-section-height-min-height header_title banner_img elementor-section-boxed elementor-section-height-default elementor-section-items-middle\" data-id=\"50c1b6e\" data-element_type=\"section\" data-e-type=\"section\" data-settings=\"{&quot;background_background&quot;:&quot;classic&quot;}\">\n\t\t\t\t\t\t\t<div class=\"elementor-background-overlay\"><\/div>\n\t\t\t\t\t\t\t<div class=\"elementor-container elementor-column-gap-default\">\n\t\t\t\t\t<div class=\"elementor-column elementor-col-100 elementor-top-column elementor-element elementor-element-3a2d241\" data-id=\"3a2d241\" data-element_type=\"column\" data-e-type=\"column\">\n\t\t\t<div class=\"elementor-widget-wrap elementor-element-populated\">\n\t\t\t\t\t\t<div class=\"elementor-element elementor-element-9673cd2 elementor-widget elementor-widget-heading\" data-id=\"9673cd2\" data-element_type=\"widget\" data-e-type=\"widget\" data-widget_type=\"heading.default\">\n\t\t\t\t<div class=\"elementor-widget-container\">\n\t\t\t\t\t<h2 class=\"elementor-heading-title elementor-size-default\">Pour \u00e9viter que votre enfant soit malade en voiture<\/h2>\t\t\t\t<\/div>\n\t\t\t\t<\/div>\n\t\t\t\t\t<\/div>\n\t\t<\/div>\n\t\t\t\t\t<\/div>\n\t\t<\/section>\n\t\t\t\t<section class=\"elementor-section elementor-top-section elementor-element elementor-element-d9a853a elementor-section-boxed elementor-section-height-default elementor-section-height-default\" data-id=\"d9a853a\" data-element_type=\"section\" data-e-type=\"section\">\n\t\t\t\t\t\t<div class=\"elementor-container elementor-column-gap-default\">\n\t\t\t\t\t<div class=\"elementor-column elementor-col-100 elementor-top-column elementor-element elementor-element-68d9c5a page_contain\" data-id=\"68d9c5a\" data-element_type=\"column\" data-e-type=\"column\" data-settings=\"{&quot;background_background&quot;:&quot;classic&quot;}\">\n\t\t\t<div class=\"elementor-widget-wrap elementor-element-populated\">\n\t\t\t\t\t\t<div class=\"elementor-element elementor-element-50f1f9b elementor-widget elementor-widget-image\" data-id=\"50f1f9b\" data-element_type=\"widget\" data-e-type=\"widget\" data-widget_type=\"image.default\">\n\t\t\t\t<div class=\"elementor-widget-container\">\n\t\t\t\t\t\t\t\t\t\t\t\t\t\t\t<img decoding=\"async\" src=\"https:\/\/kiosque.acadienouvelle.com\/voeux-noel-2025\/wp-content\/uploads\/sites\/373\/elementor\/thumbs\/24_iStock-1132536402_land-rg7kcjprv2h707ypo3xmf9bs5jecqs1as7f2fzxj9g.jpg\" title=\"Happy Mother Helping her Son\" alt=\"Happy Mother helping her son to fasten, seatbelts in the car\" loading=\"lazy\" \/>\t\t\t\t\t\t\t\t\t\t\t\t\t\t\t<\/div>\n\t\t\t\t<\/div>\n\t\t<link rel=\"stylesheet\" href=\"https:\/\/use.fontawesome.com\/releases\/v5.5.0\/css\/all.css\" integrity=\"sha384-B4dIYHKNBt8Bc12p+WXckhzcICo0wtJAoU8YZTY5qE0Id1GSseTk6S+L3BlXeVIU\" crossorigin=\"anonymous\">\r\n\t\t<div class=\"elementor-element elementor-element-9e754c9 elementor-widget elementor-widget-advertisement\" data-id=\"9e754c9\" data-element_type=\"widget\" data-e-type=\"widget\" data-widget_type=\"advertisement.default\">\n\t\t\t\t<div class=\"elementor-widget-container\">\n\t\t\t\t\t<div class=\"ads-align-center\"><div data-m32-ad data-options='{\"sizes\":\"[[300,100]]\",\"dfpId\":\"21658289790,27729547\",\"dfpAdUnitPath\":\"acadienouvelle\/cahiers_onefifthpage_300x100\"}'><\/div><\/div>\t\t\t\t<\/div>\n\t\t\t\t<\/div>\n\t\t\t\t<div class=\"elementor-element elementor-element-d0a0a3b mobile_pera elementor-widget elementor-widget-text-editor\" data-id=\"d0a0a3b\" data-element_type=\"widget\" data-e-type=\"widget\" data-widget_type=\"text-editor.default\">\n\t\t\t\t<div class=\"elementor-widget-container\">\n\t\t\t\t\t\t\t\t\tVous devez faire quatre heures d\u2019auto pour visiter grand-maman \u00e0 No\u00ebl? Votre enfant a le mal des transports? Voici quelques trucs pour am\u00e9liorer son confort :\t\t\t\t\t\t\t\t<\/div>\n\t\t\t\t<\/div>\n\t\t\t\t<div class=\"elementor-element elementor-element-261064d mobile_pera elementor-widget elementor-widget-text-editor\" data-id=\"261064d\" data-element_type=\"widget\" data-e-type=\"widget\" data-widget_type=\"text-editor.default\">\n\t\t\t\t<div class=\"elementor-widget-container\">\n\t\t\t\t\t\t\t\t\t<ul><li>Ne le laissez pas partir l\u2019estomac vide. Avoir faim augmenterait le mal des transports. Faites-lui manger un repas l\u00e9ger (ou une collation) 30 \u00e0 60 minutes avant de partir. \u00c9vitez les aliments gras, difficiles \u00e0 dig\u00e9rer.<\/li><li>S\u2019il est assez grand, assoyez l\u2019enfant \u00e0 l\u2019avant. Sinon, assurez-vous qu\u2019il est capable de voir \u00e0 l\u2019ext\u00e9rieur de la voiture. Utilisez un si\u00e8ge rehausseur au besoin.<\/li><li>Dites \u00e0 votre enfant de regarder \u00e0 l\u2019ext\u00e9rieur par la fen\u00eatre. \u00c9vitez la lecture, les jeux et les vid\u00e9os qui concentrent son regard dans la voiture.<\/li><li>Essayez de lui changer les id\u00e9es : chansons, histoires, blagues, tout est bon pour lui faire oublier qu\u2019il est en mouvement.<\/li><li>Faites des pauses r\u00e9guli\u00e8rement pour permettre \u00e0 votre enfant de sortir quelques minutes de la voiture pour prendre l\u2019air.<\/li><li>Si votre enfant se sent mal, trouvez un endroit s\u00e9curitaire pour vous arr\u00eater, faites-le sortir de la voiture et couchez-le sur le dos pendant quelques minutes (s\u2019il n\u2019y a pas d\u2019endroit propre pour le coucher, ouvrez les portes de la voiture pour bien l\u2019a\u00e9rer et couchez-le sur la banquette). Si vous avez apport\u00e9 une serviette, mouillez-la avec un peu d\u2019eau (ou de neige!) et appliquez-la sur son front.<\/li><li>Soyez pr\u00eat \u00e0 agir si les mesures pr\u00e9c\u00e9dentes sont insuffisantes : ayez toujours dans la voiture ce qu\u2019il faut pour nettoyer les d\u00e9g\u00e2ts et permettre \u00e0 votre enfant de se rincer la bouche (p.ex. bouteille d\u2019eau, serviette, sacs de plastique, essuie-tout ou lingettes).<\/li><\/ul>\t\t\t\t\t\t\t\t<\/div>\n\t\t\t\t<\/div>\n\t\t\t\t<div class=\"elementor-element elementor-element-f9a4555 elementor-widget elementor-widget-advertisement\" data-id=\"f9a4555\" data-element_type=\"widget\" data-e-type=\"widget\" data-widget_type=\"advertisement.default\">\n\t\t\t\t<div class=\"elementor-widget-container\">\n\t\t\t\t\t<div class=\"ads-align-center\"><div data-m32-ad data-options='{\"sizes\":\"[[300,100]]\",\"dfpId\":\"21658289790,27729547\",\"dfpAdUnitPath\":\"acadienouvelle\/cahiers_onefifthpage02_300x100\"}'><\/div><\/div>\t\t\t\t<\/div>\n\t\t\t\t<\/div>\n\t\t\t\t<div class=\"elementor-element elementor-element-74263c8 mobile_pera elementor-widget elementor-widget-text-editor\" data-id=\"74263c8\" data-element_type=\"widget\" data-e-type=\"widget\" data-widget_type=\"text-editor.default\">\n\t\t\t\t<div class=\"elementor-widget-container\">\n\t\t\t\t\t\t\t\t\tSi votre enfant est r\u00e9guli\u00e8rement malade en voiture, il existe des m\u00e9dicaments pour att\u00e9nuer le mal des transports. Ils ne sont pas sans inconv\u00e9nient et ne conviennent pas \u00e0 tous les enfants par contre, alors demandez toujours conseil \u00e0 votre m\u00e9decin ou votre pharmacien avant d\u2019en donner \u00e0 votre enfant.\t\t\t\t\t\t\t\t<\/div>\n\t\t\t\t<\/div>\n\t\t\t\t\t<\/div>\n\t\t<\/div>\n\t\t\t\t\t<\/div>\n\t\t<\/section>\n\t\t\t\t<\/div>\n\t\t","protected":false},"excerpt":{"rendered":"<p>Pour \u00e9viter que votre enfant soit malade en voiture Vous devez faire quatre heures d\u2019auto pour visiter grand-maman \u00e0 No\u00ebl? Votre enfant a le mal des transports? Voici quelques trucs pour am\u00e9liorer son confort : Ne le laissez pas partir l\u2019estomac vide. Avoir faim augmenterait le mal des transports. Faites-lui manger un repas l\u00e9ger (ou [&hellip;]<\/p>\n","protected":false},"author":1,"featured_media":0,"parent":0,"menu_order":24,"comment_status":"closed","ping_status":"closed","template":"","meta":{"site-sidebar-layout":"no-sidebar","site-content-layout":"page-builder","ast-site-content-layout":"default","site-content-style":"default","site-sidebar-style":"default","ast-global-header-display":"","ast-banner-title-visibility":"","ast-main-header-display":"","ast-hfb-above-header-display":"","ast-hfb-below-header-display":"","ast-hfb-mobile-header-display":"","site-post-title":"disabled","ast-breadcrumbs-content":"","ast-featured-img":"disabled","footer-sml-layout":"","ast-disable-related-posts":"","theme-transparent-header-meta":"default","adv-header-id-meta":"","stick-header-meta":"","header-above-stick-meta":"","header-main-stick-meta":"","header-below-stick-meta":"","astra-migrate-meta-layouts":"default","ast-page-background-enabled":"default","ast-page-background-meta":{"desktop":{"background-color":"var(--ast-global-color-4)","background-image":"","background-repeat":"repeat","background-position":"center center","background-size":"auto","background-attachment":"scroll","background-type":"","background-media":"","overlay-type":"","overlay-color":"","overlay-opacity":"","overlay-gradient":""},"tablet":{"background-color":"","background-image":"","background-repeat":"repeat","background-position":"center center","background-size":"auto","background-attachment":"scroll","background-type":"","background-media":"","overlay-type":"","overlay-color":"","overlay-opacity":"","overlay-gradient":""},"mobile":{"background-color":"","background-image":"","background-repeat":"repeat","background-position":"center center","background-size":"auto","background-attachment":"scroll","background-type":"","background-media":"","overlay-type":"","overlay-color":"","overlay-opacity":"","overlay-gradient":""}},"ast-content-background-meta":{"desktop":{"background-color":"var(--ast-global-color-5)","background-image":"","background-repeat":"repeat","background-position":"center center","background-size":"auto","background-attachment":"scroll","background-type":"","background-media":"","overlay-type":"","overlay-color":"","overlay-opacity":"","overlay-gradient":""},"tablet":{"background-color":"var(--ast-global-color-5)","background-image":"","background-repeat":"repeat","background-position":"center center","background-size":"auto","background-attachment":"scroll","background-type":"","background-media":"","overlay-type":"","overlay-color":"","overlay-opacity":"","overlay-gradient":""},"mobile":{"background-color":"var(--ast-global-color-5)","background-image":"","background-repeat":"repeat","background-position":"center center","background-size":"auto","background-attachment":"scroll","background-type":"","background-media":"","overlay-type":"","overlay-color":"","overlay-opacity":"","overlay-gradient":""}},"footnotes":""},"page-categories":[],"class_list":["post-8172","page","type-page","status-publish","hentry"],"_links":{"self":[{"href":"https:\/\/kiosque.acadienouvelle.com\/voeux-noel-2025\/wp-json\/wp\/v2\/pages\/8172","targetHints":{"allow":["GET"]}}],"collection":[{"href":"https:\/\/kiosque.acadienouvelle.com\/voeux-noel-2025\/wp-json\/wp\/v2\/pages"}],"about":[{"href":"https:\/\/kiosque.acadienouvelle.com\/voeux-noel-2025\/wp-json\/wp\/v2\/types\/page"}],"author":[{"embeddable":true,"href":"https:\/\/kiosque.acadienouvelle.com\/voeux-noel-2025\/wp-json\/wp\/v2\/users\/1"}],"replies":[{"embeddable":true,"href":"https:\/\/kiosque.acadienouvelle.com\/voeux-noel-2025\/wp-json\/wp\/v2\/comments?post=8172"}],"version-history":[{"count":7,"href":"https:\/\/kiosque.acadienouvelle.com\/voeux-noel-2025\/wp-json\/wp\/v2\/pages\/8172\/revisions"}],"predecessor-version":[{"id":8358,"href":"https:\/\/kiosque.acadienouvelle.com\/voeux-noel-2025\/wp-json\/wp\/v2\/pages\/8172\/revisions\/8358"}],"wp:attachment":[{"href":"https:\/\/kiosque.acadienouvelle.com\/voeux-noel-2025\/wp-json\/wp\/v2\/media?parent=8172"}],"wp:term":[{"taxonomy":"page-categories","embeddable":true,"href":"https:\/\/kiosque.acadienouvelle.com\/voeux-noel-2025\/wp-json\/wp\/v2\/page-categories?post=8172"}],"curies":[{"name":"wp","href":"https:\/\/api.w.org\/{rel}","templated":true}]}}